{"id":29937,"date":"2025-06-03T13:55:18","date_gmt":"2025-06-03T11:55:18","guid":{"rendered":"https:\/\/erboristeria-artemisia.ch\/ueber-uns\/"},"modified":"2025-10-25T06:22:53","modified_gmt":"2025-10-25T04:22:53","slug":"ueber-uns","status":"publish","type":"page","link":"https:\/\/erboristeria-artemisia.ch\/de\/ueber-uns\/","title":{"rendered":"\u00dcber uns"},"content":{"rendered":"<p>[et_pb_section fb_built=&#8220;1&#8243; admin_label=&#8220;Header&#8220; _builder_version=&#8220;4.27.4&#8243; _module_preset=&#8220;default&#8220; use_background_color_gradient=&#8220;on&#8220; background_color_gradient_stops=&#8220;rgba(255,255,255,0) 0%|gcid-0b3648c3-2401-4522-b561-c93abc2c011d 100%&#8220; background_color_gradient_overlays_image=&#8220;on&#8220; background_image=&#8220;https:\/\/erboristeria-artemisia.ch\/wp-content\/uploads\/2025\/06\/negozio2-scaled.jpg&#8220; background_enable_pattern_style=&#8220;on&#8220; background_pattern_style=&#8220;honeycomb&#8220; background_pattern_color=&#8220;rgba(255,255,255,0.2)&#8220; background_pattern_size=&#8220;custom&#8220; background_pattern_width=&#8220;20px&#8220; height=&#8220;50%&#8220; custom_padding=&#8220;0vw||0vw||false|false&#8220; box_shadow_style=&#8220;preset1&#8243; collapsed=&#8220;on&#8220; global_colors_info=&#8220;{%22gcid-0b3648c3-2401-4522-b561-c93abc2c011d%22:%91%22background_color_gradient_stops%22%93}&#8220;][et_pb_row _builder_version=&#8220;4.21.0&#8243; _module_preset=&#8220;default&#8220; max_width=&#8220;600px&#8220; global_colors_info=&#8220;{}&#8220;][et_pb_column type=&#8220;4_4&#8243; _builder_version=&#8220;4.20.0&#8243; _module_preset=&#8220;default&#8220; global_colors_info=&#8220;{}&#8220;][et_pb_text _builder_version=&#8220;4.27.4&#8243; _module_preset=&#8220;_initial&#8220; header_font=&#8220;Alegreya Sans|700|||||||&#8220; header_text_color=&#8220;#FFFFFF&#8220; header_font_size=&#8220;80px&#8220; header_line_height=&#8220;1.2em&#8220; text_orientation=&#8220;center&#8220; custom_margin=&#8220;||10px||false|false&#8220; header_font_size_tablet=&#8220;40px&#8220; header_font_size_phone=&#8220;26px&#8220; header_font_size_last_edited=&#8220;on|desktop&#8220; global_colors_info=&#8220;{}&#8220;]<\/p>\n<h1>\u00dcber uns<\/h1>\n<p>[\/et_pb_text][et_pb_text _builder_version=&#8220;4.27.4&#8243; _module_preset=&#8220;_initial&#8220; text_font=&#8220;Lato||||||||&#8220; text_text_color=&#8220;#FFFFFF&#8220; text_font_size=&#8220;16px&#8220; text_line_height=&#8220;1.8em&#8220; text_orientation=&#8220;center&#8220; text_font_size_tablet=&#8220;15px&#8220; text_font_size_phone=&#8220;14px&#8220; text_font_size_last_edited=&#8220;on|desktop&#8220; global_colors_info=&#8220;{}&#8220;]<\/p>\n<p>Artemisia. Wo jedes Ding eine Seele hat<\/p>\n<p>[\/et_pb_text][\/et_pb_column][\/et_pb_row][\/et_pb_section][et_pb_section fb_built=&#8220;1&#8243; admin_label=&#8220;Call to Action&#8220; _builder_version=&#8220;4.27.4&#8243; _module_preset=&#8220;default&#8220; background_color=&#8220;gcid-4b73e4d9-a130-475b-a212-4e71bec4d095&#8243; collapsed=&#8220;on&#8220; global_colors_info=&#8220;{%22gcid-4b73e4d9-a130-475b-a212-4e71bec4d095%22:%91%22background_color%22%93}&#8220;][et_pb_row column_structure=&#8220;3_5,2_5&#8243; _builder_version=&#8220;4.27.4&#8243; _module_preset=&#8220;default&#8220; custom_margin=&#8220;-1vw|auto||auto|false|false&#8220; custom_margin_tablet=&#8220;-32vw||||false|false&#8220; custom_margin_phone=&#8220;-32vw||||false|false&#8220; custom_margin_last_edited=&#8220;on|tablet&#8220; global_colors_info=&#8220;{}&#8220;][et_pb_column type=&#8220;3_5&#8243; _builder_version=&#8220;4.27.4&#8243; _module_preset=&#8220;default&#8220; background_color=&#8220;#FFFFFF&#8220; custom_padding=&#8220;20px|40px|20px|40px|true|true&#8220; custom_padding_tablet=&#8220;30px|30px|30px|30px|true|true&#8220; custom_padding_phone=&#8220;20px|20px|20px|20px|true|true&#8220; custom_padding_last_edited=&#8220;on|tablet&#8220; border_radii=&#8220;on|17px|17px|17px|17px&#8220; box_shadow_style=&#8220;preset1&#8243; global_colors_info=&#8220;{}&#8220;][et_pb_text _builder_version=&#8220;4.27.4&#8243; _module_preset=&#8220;_initial&#8220; text_font=&#8220;Lato||||||||&#8220; text_text_color=&#8220;#5a0c1c&#8220; text_font_size=&#8220;16px&#8220; text_line_height=&#8220;1.8em&#8220; custom_margin=&#8220;-6px|||||&#8220; custom_padding=&#8220;12px|||||&#8220; hover_enabled=&#8220;0&#8243; text_font_size_tablet=&#8220;15px&#8220; text_font_size_phone=&#8220;14px&#8220; text_font_size_last_edited=&#8220;on|desktop&#8220; global_colors_info=&#8220;{}&#8220; sticky_enabled=&#8220;0&#8243;]<\/p>\n<p data-start=\"98\" data-end=\"279\"><strong data-start=\"98\" data-end=\"206\">Artemisia ist mehr als ein Gesch\u00e4ft: Es ist ein Ort, wo die Zeit langsamer wird und jedes Detail eine Geschichte erz\u00e4hlt.<\/strong><br data-start=\"206\" data-end=\"209\" \/>Es entstand, um authentisches Wohlbefinden, Selbstf\u00fcrsorge und nat\u00fcrliche Sch\u00f6nheit zu bieten.<\/p>\n<p data-start=\"281\" data-end=\"464\">Tee ist f\u00fcr uns eine Geste der Ruhe. Wir w\u00e4hlen handwerkliche Mischungen mit evokanten Namen aus: <em data-start=\"369\" data-end=\"391\">Drache des Gl\u00fccks<\/em>, <em data-start=\"393\" data-end=\"412\">Elfentee<\/em>, <em data-start=\"414\" data-end=\"429\">Violetter Akkord<\/em>. Jeder Aufguss ist eine kleine Reise.<\/p>\n<p data-start=\"466\" data-end=\"603\">Unsere orientalischen Teekannen und Keramiktassen zelebrieren die Langsamkeit und den Geschmack.<br data-start=\"546\" data-end=\"549\" \/>Sie sind nicht nur Gegenst\u00e4nde, sondern t\u00e4gliche Rituale, die n\u00e4hren.<\/p>\n<p data-start=\"605\" data-end=\"784\">Wir bieten auch pflanzliche Kosmetik von <em data-start=\"647\" data-end=\"660\">L&#8217;Erbolario<\/em>, zarte D\u00fcfte, Salzlampen und Bl\u00fctentees an.<br data-start=\"719\" data-end=\"722\" \/>Jede Wahl spiegelt einen aufmerksameren, menschlicheren Lebensstil wider.<\/p>\n<p>[\/et_pb_text][\/et_pb_column][et_pb_column type=&#8220;2_5&#8243; _builder_version=&#8220;4.21.0&#8243; _module_preset=&#8220;default&#8220; global_colors_info=&#8220;{}&#8220;][et_pb_image src=&#8220;https:\/\/erboristeria-artemisia.ch\/wp-content\/uploads\/2025\/06\/IMG_4649-scaled.jpg&#8220; title_text=&#8220;IMG_4649&#8243; _builder_version=&#8220;4.27.4&#8243; _module_preset=&#8220;default&#8220; width=&#8220;150%&#8220; hover_enabled=&#8220;0&#8243; border_radii=&#8220;on|14px|14px|14px|14px&#8220; box_shadow_style=&#8220;preset1&#8243; global_colors_info=&#8220;{}&#8220; theme_builder_area=&#8220;post_content&#8220; sticky_enabled=&#8220;0&#8243; custom_padding=&#8220;25px|||||&#8220;][\/et_pb_image][\/et_pb_column][\/et_pb_row][\/et_pb_section]<\/p>\n","protected":false},"excerpt":{"rendered":"<p>\u00dcber unsArtemisia. Wo jedes Ding eine Seele hatArtemisia ist mehr als ein Gesch\u00e4ft: Es ist ein Ort, wo die Zeit langsamer wird und jedes Detail eine Geschichte erz\u00e4hlt.Es entstand, um authentisches Wohlbefinden, Selbstf\u00fcrsorge und nat\u00fcrliche Sch\u00f6nheit zu bieten. Tee ist f\u00fcr uns eine Geste der Ruhe. Wir w\u00e4hlen handwerkliche Mischungen mit evokanten Namen aus: Drache [&hellip;]<\/p>\n","protected":false},"author":3,"featured_media":0,"parent":0,"menu_order":0,"comment_status":"closed","ping_status":"closed","template":"","meta":{"_et_pb_use_builder":"on","_et_pb_old_content":"","_et_gb_content_width":"","footnotes":""},"class_list":["post-29937","page","type-page","status-publish","hentry"],"yoast_head":"<!-- This site is optimized with the Yoast SEO plugin v27.4 - https:\/\/yoast.com\/product\/yoast-seo-wordpress\/ -->\n<title>\u00dcber uns - Erboristeria Artemisia<\/title>\n<meta name=\"robots\" content=\"noindex, nofollow\" \/>\n<meta property=\"og:locale\" content=\"de_DE\" \/>\n<meta property=\"og:type\" content=\"article\" \/>\n<meta property=\"og:title\" content=\"\u00dcber uns - Erboristeria Artemisia\" \/>\n<meta property=\"og:description\" content=\"\u00dcber unsArtemisia. Wo jedes Ding eine Seele hatArtemisia ist mehr als ein Gesch\u00e4ft: Es ist ein Ort, wo die Zeit langsamer wird und jedes Detail eine Geschichte erz\u00e4hlt.Es entstand, um authentisches Wohlbefinden, Selbstf\u00fcrsorge und nat\u00fcrliche Sch\u00f6nheit zu bieten. Tee ist f\u00fcr uns eine Geste der Ruhe. Wir w\u00e4hlen handwerkliche Mischungen mit evokanten Namen aus: Drache [&hellip;]\" \/>\n<meta property=\"og:url\" content=\"https:\/\/erboristeria-artemisia.ch\/de\/ueber-uns\/\" \/>\n<meta property=\"og:site_name\" content=\"Erboristeria Artemisia\" \/>\n<meta property=\"article:modified_time\" content=\"2025-10-25T04:22:53+00:00\" \/>\n<meta name=\"twitter:card\" content=\"summary_large_image\" \/>\n<meta name=\"twitter:label1\" content=\"Gesch\u00e4tzte Lesezeit\" \/>\n\t<meta name=\"twitter:data1\" content=\"3\u00a0Minuten\" \/>\n<script type=\"application\/ld+json\" class=\"yoast-schema-graph\">{\"@context\":\"https:\\\/\\\/schema.org\",\"@graph\":[{\"@type\":\"WebPage\",\"@id\":\"https:\\\/\\\/erboristeria-artemisia.ch\\\/de\\\/ueber-uns\\\/\",\"url\":\"https:\\\/\\\/erboristeria-artemisia.ch\\\/de\\\/ueber-uns\\\/\",\"name\":\"\u00dcber uns - Erboristeria Artemisia\",\"isPartOf\":{\"@id\":\"https:\\\/\\\/erboristeria-artemisia.ch\\\/de\\\/#website\"},\"datePublished\":\"2025-06-03T11:55:18+00:00\",\"dateModified\":\"2025-10-25T04:22:53+00:00\",\"breadcrumb\":{\"@id\":\"https:\\\/\\\/erboristeria-artemisia.ch\\\/de\\\/ueber-uns\\\/#breadcrumb\"},\"inLanguage\":\"de\",\"potentialAction\":[{\"@type\":\"ReadAction\",\"target\":[\"https:\\\/\\\/erboristeria-artemisia.ch\\\/de\\\/ueber-uns\\\/\"]}]},{\"@type\":\"BreadcrumbList\",\"@id\":\"https:\\\/\\\/erboristeria-artemisia.ch\\\/de\\\/ueber-uns\\\/#breadcrumb\",\"itemListElement\":[{\"@type\":\"ListItem\",\"position\":1,\"name\":\"Home\",\"item\":\"https:\\\/\\\/erboristeria-artemisia.ch\\\/de\\\/startseite\\\/\"},{\"@type\":\"ListItem\",\"position\":2,\"name\":\"\u00dcber uns\"}]},{\"@type\":\"WebSite\",\"@id\":\"https:\\\/\\\/erboristeria-artemisia.ch\\\/de\\\/#website\",\"url\":\"https:\\\/\\\/erboristeria-artemisia.ch\\\/de\\\/\",\"name\":\"Erboristeria Artemisia\",\"description\":\"Ogni sorso \u00e8 un momento per te\",\"potentialAction\":[{\"@type\":\"SearchAction\",\"target\":{\"@type\":\"EntryPoint\",\"urlTemplate\":\"https:\\\/\\\/erboristeria-artemisia.ch\\\/de\\\/?s={search_term_string}\"},\"query-input\":{\"@type\":\"PropertyValueSpecification\",\"valueRequired\":true,\"valueName\":\"search_term_string\"}}],\"inLanguage\":\"de\"}]}<\/script>\n<!-- \/ Yoast SEO plugin. -->","yoast_head_json":{"title":"\u00dcber uns - Erboristeria Artemisia","robots":{"index":"noindex","follow":"nofollow"},"og_locale":"de_DE","og_type":"article","og_title":"\u00dcber uns - Erboristeria Artemisia","og_description":"\u00dcber unsArtemisia. Wo jedes Ding eine Seele hatArtemisia ist mehr als ein Gesch\u00e4ft: Es ist ein Ort, wo die Zeit langsamer wird und jedes Detail eine Geschichte erz\u00e4hlt.Es entstand, um authentisches Wohlbefinden, Selbstf\u00fcrsorge und nat\u00fcrliche Sch\u00f6nheit zu bieten. Tee ist f\u00fcr uns eine Geste der Ruhe. Wir w\u00e4hlen handwerkliche Mischungen mit evokanten Namen aus: Drache [&hellip;]","og_url":"https:\/\/erboristeria-artemisia.ch\/de\/ueber-uns\/","og_site_name":"Erboristeria Artemisia","article_modified_time":"2025-10-25T04:22:53+00:00","twitter_card":"summary_large_image","twitter_misc":{"Gesch\u00e4tzte Lesezeit":"3\u00a0Minuten"},"schema":{"@context":"https:\/\/schema.org","@graph":[{"@type":"WebPage","@id":"https:\/\/erboristeria-artemisia.ch\/de\/ueber-uns\/","url":"https:\/\/erboristeria-artemisia.ch\/de\/ueber-uns\/","name":"\u00dcber uns - Erboristeria Artemisia","isPartOf":{"@id":"https:\/\/erboristeria-artemisia.ch\/de\/#website"},"datePublished":"2025-06-03T11:55:18+00:00","dateModified":"2025-10-25T04:22:53+00:00","breadcrumb":{"@id":"https:\/\/erboristeria-artemisia.ch\/de\/ueber-uns\/#breadcrumb"},"inLanguage":"de","potentialAction":[{"@type":"ReadAction","target":["https:\/\/erboristeria-artemisia.ch\/de\/ueber-uns\/"]}]},{"@type":"BreadcrumbList","@id":"https:\/\/erboristeria-artemisia.ch\/de\/ueber-uns\/#breadcrumb","itemListElement":[{"@type":"ListItem","position":1,"name":"Home","item":"https:\/\/erboristeria-artemisia.ch\/de\/startseite\/"},{"@type":"ListItem","position":2,"name":"\u00dcber uns"}]},{"@type":"WebSite","@id":"https:\/\/erboristeria-artemisia.ch\/de\/#website","url":"https:\/\/erboristeria-artemisia.ch\/de\/","name":"Erboristeria Artemisia","description":"Ogni sorso \u00e8 un momento per te","potentialAction":[{"@type":"SearchAction","target":{"@type":"EntryPoint","urlTemplate":"https:\/\/erboristeria-artemisia.ch\/de\/?s={search_term_string}"},"query-input":{"@type":"PropertyValueSpecification","valueRequired":true,"valueName":"search_term_string"}}],"inLanguage":"de"}]}},"_links":{"self":[{"href":"https:\/\/erboristeria-artemisia.ch\/de\/wp-json\/wp\/v2\/pages\/29937","targetHints":{"allow":["GET"]}}],"collection":[{"href":"https:\/\/erboristeria-artemisia.ch\/de\/wp-json\/wp\/v2\/pages"}],"about":[{"href":"https:\/\/erboristeria-artemisia.ch\/de\/wp-json\/wp\/v2\/types\/page"}],"author":[{"embeddable":true,"href":"https:\/\/erboristeria-artemisia.ch\/de\/wp-json\/wp\/v2\/users\/3"}],"replies":[{"embeddable":true,"href":"https:\/\/erboristeria-artemisia.ch\/de\/wp-json\/wp\/v2\/comments?post=29937"}],"version-history":[{"count":2,"href":"https:\/\/erboristeria-artemisia.ch\/de\/wp-json\/wp\/v2\/pages\/29937\/revisions"}],"predecessor-version":[{"id":29986,"href":"https:\/\/erboristeria-artemisia.ch\/de\/wp-json\/wp\/v2\/pages\/29937\/revisions\/29986"}],"wp:attachment":[{"href":"https:\/\/erboristeria-artemisia.ch\/de\/wp-json\/wp\/v2\/media?parent=29937"}],"curies":[{"name":"wp","href":"https:\/\/api.w.org\/{rel}","templated":true}]}}