{"id":29997,"date":"2025-06-30T17:59:38","date_gmt":"2025-06-30T15:59:38","guid":{"rendered":"https:\/\/erboristeria-artemisia.ch\/product\/blauer-baer\/"},"modified":"2025-09-25T16:24:33","modified_gmt":"2025-09-25T14:24:33","slug":"blauer-baer","status":"publish","type":"product","link":"https:\/\/erboristeria-artemisia.ch\/de\/produkt\/blauer-baer\/","title":{"rendered":"Blaub\u00e4r 100g"},"content":{"rendered":"<h3 data-start=\"72\" data-end=\"129\"><strong data-start=\"76\" data-end=\"129\">Blaub\u00e4r-Kr\u00e4utertee &#8211; Fruchtig-aromatische Mischung (100g)<\/strong><\/h3>\n<p data-start=\"131\" data-end=\"377\">Entdecken Sie die Frische und Vitalit\u00e4t des <strong data-start=\"172\" data-end=\"191\">Orso Blu Kr\u00e4utertees<\/strong>, einer einzigartigen, umh\u00fcllenden Mischung, die die nat\u00fcrlichen Aromen von Apfel, Carcad\u00e8, Holunderbeeren, Rhabarber und Roter Bete vereint, angereichert mit einem zarten nat\u00fcrlichen Aroma.<\/p>\n<p data-start=\"379\" data-end=\"887\">\ud83c\udf4e <strong data-start=\"382\" data-end=\"409\">Ausgew\u00e4hlte Zutaten<\/strong>: Apfel, Carcad\u00e8, Holunderbeeren, Rhabarber, Rote Bete und nat\u00fcrliches Aroma, f\u00fcr einen ausgewogenen und nuancierten Aufguss.<br data-start=\"534\" data-end=\"537\">\ud83c\udf3f <strong data-start=\"540\" data-end=\"549\">Geschmack<\/strong>: fruchtig, leicht s\u00e4uerlich und aromatisch, ideal f\u00fcr eine erfrischende Pause zu jeder Tageszeit.<br data-start=\"659\" data-end=\"662\"><strong data-start=\"665\" data-end=\"688\">\ud83d\udca7 Einfache Zubereitung<\/strong>: ein einfacher Aufguss gen\u00fcgt, um ein Getr\u00e4nk mit intensivem und angenehmem Geschmack zu genie\u00dfen.<br data-start=\"774\" data-end=\"777\">\ud83c\udf81 <strong data-start=\"780\" data-end=\"802\">100g-Packung<\/strong>: perfekt f\u00fcr alle, die immer einen nat\u00fcrlichen und schmackhaften Aufguss zur Hand haben m\u00f6chten.<\/p>\n<p data-start=\"889\" data-end=\"1018\">G\u00f6nnen Sie sich einen Moment des Wohlbefindens und der S\u00fc\u00dfe mit Blue Bear Kr\u00e4utertee, einem Treffen der Aromen, das die Sinne weckt und den K\u00f6rper n\u00e4hrt.<\/p>\n<p><!--EndFragment --><\/p>\n","protected":false},"excerpt":{"rendered":"<p>Blaub\u00e4r-Kr\u00e4utertee &#8211; Fruchtig-aromatische Mischung (100g) Entdecken Sie die Frische und Vitalit\u00e4t des Orso Blu Kr\u00e4utertees, einer einzigartigen, umh\u00fcllenden Mischung, die die nat\u00fcrlichen Aromen von Apfel, Carcad\u00e8, Holunderbeeren, Rhabarber und Roter Bete vereint, angereichert mit einem zarten nat\u00fcrlichen Aroma. \ud83c\udf4e Ausgew\u00e4hlte Zutaten: Apfel, Carcad\u00e8, Holunderbeeren, Rhabarber, Rote Bete und nat\u00fcrliches Aroma, f\u00fcr einen ausgewogenen und nuancierten [&hellip;]<\/p>\n","protected":false},"featured_media":30688,"template":"","meta":{"_et_pb_use_builder":"","_et_pb_old_content":"","_et_gb_content_width":""},"product_brand":[],"product_cat":[89],"product_tag":[],"class_list":{"0":"post-29997","1":"product","2":"type-product","3":"status-publish","4":"has-post-thumbnail","6":"product_cat-krautertees","8":"first","9":"instock","10":"shipping-taxable","11":"purchasable","12":"product-type-simple"},"yoast_head":"<!-- This site is optimized with the Yoast SEO plugin v27.4 - https:\/\/yoast.com\/product\/yoast-seo-wordpress\/ -->\n<title>Blaub\u00e4r 100g - Erboristeria Artemisia<\/title>\n<meta name=\"robots\" content=\"index, follow, max-snippet:-1, max-image-preview:large, max-video-preview:-1\" \/>\n<link rel=\"canonical\" href=\"https:\/\/erboristeria-artemisia.ch\/de\/produkt\/blauer-baer\/\" \/>\n<meta property=\"og:locale\" content=\"de_DE\" \/>\n<meta property=\"og:type\" content=\"article\" \/>\n<meta property=\"og:title\" content=\"Blaub\u00e4r 100g - Erboristeria Artemisia\" \/>\n<meta property=\"og:description\" content=\"Blaub\u00e4r-Kr\u00e4utertee &#8211; Fruchtig-aromatische Mischung (100g) Entdecken Sie die Frische und Vitalit\u00e4t des Orso Blu Kr\u00e4utertees, einer einzigartigen, umh\u00fcllenden Mischung, die die nat\u00fcrlichen Aromen von Apfel, Carcad\u00e8, Holunderbeeren, Rhabarber und Roter Bete vereint, angereichert mit einem zarten nat\u00fcrlichen Aroma. \ud83c\udf4e Ausgew\u00e4hlte Zutaten: Apfel, Carcad\u00e8, Holunderbeeren, Rhabarber, Rote Bete und nat\u00fcrliches Aroma, f\u00fcr einen ausgewogenen und nuancierten [&hellip;]\" \/>\n<meta property=\"og:url\" content=\"https:\/\/erboristeria-artemisia.ch\/de\/produkt\/blauer-baer\/\" \/>\n<meta property=\"og:site_name\" content=\"Erboristeria Artemisia\" \/>\n<meta property=\"article:modified_time\" content=\"2025-09-25T14:24:33+00:00\" \/>\n<meta property=\"og:image\" content=\"https:\/\/erboristeria-artemisia.ch\/wp-content\/uploads\/2025\/06\/c_1574002743_f1_tisana-mela-ibisco-rosa-canina-e-bacche-di-sambuco.jpg\" \/>\n\t<meta property=\"og:image:width\" content=\"800\" \/>\n\t<meta property=\"og:image:height\" content=\"600\" \/>\n\t<meta property=\"og:image:type\" content=\"image\/jpeg\" \/>\n<meta name=\"twitter:card\" content=\"summary_large_image\" \/>\n<meta name=\"twitter:label1\" content=\"Gesch\u00e4tzte Lesezeit\" \/>\n\t<meta name=\"twitter:data1\" content=\"1\u00a0Minute\" \/>\n<script type=\"application\/ld+json\" class=\"yoast-schema-graph\">{\"@context\":\"https:\\\/\\\/schema.org\",\"@graph\":[{\"@type\":\"WebPage\",\"@id\":\"https:\\\/\\\/erboristeria-artemisia.ch\\\/de\\\/produkt\\\/blauer-baer\\\/\",\"url\":\"https:\\\/\\\/erboristeria-artemisia.ch\\\/de\\\/produkt\\\/blauer-baer\\\/\",\"name\":\"Blaub\u00e4r 100g - Erboristeria Artemisia\",\"isPartOf\":{\"@id\":\"https:\\\/\\\/erboristeria-artemisia.ch\\\/de\\\/#website\"},\"primaryImageOfPage\":{\"@id\":\"https:\\\/\\\/erboristeria-artemisia.ch\\\/de\\\/produkt\\\/blauer-baer\\\/#primaryimage\"},\"image\":{\"@id\":\"https:\\\/\\\/erboristeria-artemisia.ch\\\/de\\\/produkt\\\/blauer-baer\\\/#primaryimage\"},\"thumbnailUrl\":\"https:\\\/\\\/erboristeria-artemisia.ch\\\/wp-content\\\/uploads\\\/2025\\\/06\\\/c_1574002743_f1_tisana-mela-ibisco-rosa-canina-e-bacche-di-sambuco.jpg\",\"datePublished\":\"2025-06-30T15:59:38+00:00\",\"dateModified\":\"2025-09-25T14:24:33+00:00\",\"breadcrumb\":{\"@id\":\"https:\\\/\\\/erboristeria-artemisia.ch\\\/de\\\/produkt\\\/blauer-baer\\\/#breadcrumb\"},\"inLanguage\":\"de\",\"potentialAction\":[{\"@type\":\"ReadAction\",\"target\":[\"https:\\\/\\\/erboristeria-artemisia.ch\\\/de\\\/produkt\\\/blauer-baer\\\/\"]}]},{\"@type\":\"ImageObject\",\"inLanguage\":\"de\",\"@id\":\"https:\\\/\\\/erboristeria-artemisia.ch\\\/de\\\/produkt\\\/blauer-baer\\\/#primaryimage\",\"url\":\"https:\\\/\\\/erboristeria-artemisia.ch\\\/wp-content\\\/uploads\\\/2025\\\/06\\\/c_1574002743_f1_tisana-mela-ibisco-rosa-canina-e-bacche-di-sambuco.jpg\",\"contentUrl\":\"https:\\\/\\\/erboristeria-artemisia.ch\\\/wp-content\\\/uploads\\\/2025\\\/06\\\/c_1574002743_f1_tisana-mela-ibisco-rosa-canina-e-bacche-di-sambuco.jpg\",\"width\":800,\"height\":600},{\"@type\":\"BreadcrumbList\",\"@id\":\"https:\\\/\\\/erboristeria-artemisia.ch\\\/de\\\/produkt\\\/blauer-baer\\\/#breadcrumb\",\"itemListElement\":[{\"@type\":\"ListItem\",\"position\":1,\"name\":\"Home\",\"item\":\"https:\\\/\\\/erboristeria-artemisia.ch\\\/de\\\/startseite\\\/\"},{\"@type\":\"ListItem\",\"position\":2,\"name\":\"Shop4\",\"item\":\"https:\\\/\\\/erboristeria-artemisia.ch\\\/shop4\\\/\"},{\"@type\":\"ListItem\",\"position\":3,\"name\":\"Blaub\u00e4r 100g\"}]},{\"@type\":\"WebSite\",\"@id\":\"https:\\\/\\\/erboristeria-artemisia.ch\\\/de\\\/#website\",\"url\":\"https:\\\/\\\/erboristeria-artemisia.ch\\\/de\\\/\",\"name\":\"Erboristeria Artemisia\",\"description\":\"Ogni sorso \u00e8 un momento per te\",\"potentialAction\":[{\"@type\":\"SearchAction\",\"target\":{\"@type\":\"EntryPoint\",\"urlTemplate\":\"https:\\\/\\\/erboristeria-artemisia.ch\\\/de\\\/?s={search_term_string}\"},\"query-input\":{\"@type\":\"PropertyValueSpecification\",\"valueRequired\":true,\"valueName\":\"search_term_string\"}}],\"inLanguage\":\"de\"}]}<\/script>\n<!-- \/ Yoast SEO plugin. -->","yoast_head_json":{"title":"Blaub\u00e4r 100g - Erboristeria Artemisia","robots":{"index":"index","follow":"follow","max-snippet":"max-snippet:-1","max-image-preview":"max-image-preview:large","max-video-preview":"max-video-preview:-1"},"canonical":"https:\/\/erboristeria-artemisia.ch\/de\/produkt\/blauer-baer\/","og_locale":"de_DE","og_type":"article","og_title":"Blaub\u00e4r 100g - Erboristeria Artemisia","og_description":"Blaub\u00e4r-Kr\u00e4utertee &#8211; Fruchtig-aromatische Mischung (100g) Entdecken Sie die Frische und Vitalit\u00e4t des Orso Blu Kr\u00e4utertees, einer einzigartigen, umh\u00fcllenden Mischung, die die nat\u00fcrlichen Aromen von Apfel, Carcad\u00e8, Holunderbeeren, Rhabarber und Roter Bete vereint, angereichert mit einem zarten nat\u00fcrlichen Aroma. \ud83c\udf4e Ausgew\u00e4hlte Zutaten: Apfel, Carcad\u00e8, Holunderbeeren, Rhabarber, Rote Bete und nat\u00fcrliches Aroma, f\u00fcr einen ausgewogenen und nuancierten [&hellip;]","og_url":"https:\/\/erboristeria-artemisia.ch\/de\/produkt\/blauer-baer\/","og_site_name":"Erboristeria Artemisia","article_modified_time":"2025-09-25T14:24:33+00:00","og_image":[{"width":800,"height":600,"url":"https:\/\/erboristeria-artemisia.ch\/wp-content\/uploads\/2025\/06\/c_1574002743_f1_tisana-mela-ibisco-rosa-canina-e-bacche-di-sambuco.jpg","type":"image\/jpeg"}],"twitter_card":"summary_large_image","twitter_misc":{"Gesch\u00e4tzte Lesezeit":"1\u00a0Minute"},"schema":{"@context":"https:\/\/schema.org","@graph":[{"@type":"WebPage","@id":"https:\/\/erboristeria-artemisia.ch\/de\/produkt\/blauer-baer\/","url":"https:\/\/erboristeria-artemisia.ch\/de\/produkt\/blauer-baer\/","name":"Blaub\u00e4r 100g - Erboristeria Artemisia","isPartOf":{"@id":"https:\/\/erboristeria-artemisia.ch\/de\/#website"},"primaryImageOfPage":{"@id":"https:\/\/erboristeria-artemisia.ch\/de\/produkt\/blauer-baer\/#primaryimage"},"image":{"@id":"https:\/\/erboristeria-artemisia.ch\/de\/produkt\/blauer-baer\/#primaryimage"},"thumbnailUrl":"https:\/\/erboristeria-artemisia.ch\/wp-content\/uploads\/2025\/06\/c_1574002743_f1_tisana-mela-ibisco-rosa-canina-e-bacche-di-sambuco.jpg","datePublished":"2025-06-30T15:59:38+00:00","dateModified":"2025-09-25T14:24:33+00:00","breadcrumb":{"@id":"https:\/\/erboristeria-artemisia.ch\/de\/produkt\/blauer-baer\/#breadcrumb"},"inLanguage":"de","potentialAction":[{"@type":"ReadAction","target":["https:\/\/erboristeria-artemisia.ch\/de\/produkt\/blauer-baer\/"]}]},{"@type":"ImageObject","inLanguage":"de","@id":"https:\/\/erboristeria-artemisia.ch\/de\/produkt\/blauer-baer\/#primaryimage","url":"https:\/\/erboristeria-artemisia.ch\/wp-content\/uploads\/2025\/06\/c_1574002743_f1_tisana-mela-ibisco-rosa-canina-e-bacche-di-sambuco.jpg","contentUrl":"https:\/\/erboristeria-artemisia.ch\/wp-content\/uploads\/2025\/06\/c_1574002743_f1_tisana-mela-ibisco-rosa-canina-e-bacche-di-sambuco.jpg","width":800,"height":600},{"@type":"BreadcrumbList","@id":"https:\/\/erboristeria-artemisia.ch\/de\/produkt\/blauer-baer\/#breadcrumb","itemListElement":[{"@type":"ListItem","position":1,"name":"Home","item":"https:\/\/erboristeria-artemisia.ch\/de\/startseite\/"},{"@type":"ListItem","position":2,"name":"Shop4","item":"https:\/\/erboristeria-artemisia.ch\/shop4\/"},{"@type":"ListItem","position":3,"name":"Blaub\u00e4r 100g"}]},{"@type":"WebSite","@id":"https:\/\/erboristeria-artemisia.ch\/de\/#website","url":"https:\/\/erboristeria-artemisia.ch\/de\/","name":"Erboristeria Artemisia","description":"Ogni sorso \u00e8 un momento per te","potentialAction":[{"@type":"SearchAction","target":{"@type":"EntryPoint","urlTemplate":"https:\/\/erboristeria-artemisia.ch\/de\/?s={search_term_string}"},"query-input":{"@type":"PropertyValueSpecification","valueRequired":true,"valueName":"search_term_string"}}],"inLanguage":"de"}]}},"_links":{"self":[{"href":"https:\/\/erboristeria-artemisia.ch\/de\/wp-json\/wp\/v2\/product\/29997","targetHints":{"allow":["GET"]}}],"collection":[{"href":"https:\/\/erboristeria-artemisia.ch\/de\/wp-json\/wp\/v2\/product"}],"about":[{"href":"https:\/\/erboristeria-artemisia.ch\/de\/wp-json\/wp\/v2\/types\/product"}],"wp:featuredmedia":[{"embeddable":true,"href":"https:\/\/erboristeria-artemisia.ch\/de\/wp-json\/wp\/v2\/media\/30688"}],"wp:attachment":[{"href":"https:\/\/erboristeria-artemisia.ch\/de\/wp-json\/wp\/v2\/media?parent=29997"}],"wp:term":[{"taxonomy":"product_brand","embeddable":true,"href":"https:\/\/erboristeria-artemisia.ch\/de\/wp-json\/wp\/v2\/product_brand?post=29997"},{"taxonomy":"product_cat","embeddable":true,"href":"https:\/\/erboristeria-artemisia.ch\/de\/wp-json\/wp\/v2\/product_cat?post=29997"},{"taxonomy":"product_tag","embeddable":true,"href":"https:\/\/erboristeria-artemisia.ch\/de\/wp-json\/wp\/v2\/product_tag?post=29997"}],"curies":[{"name":"wp","href":"https:\/\/api.w.org\/{rel}","templated":true}]}}