{"id":30724,"date":"2025-09-24T20:05:45","date_gmt":"2025-09-24T18:05:45","guid":{"rendered":"https:\/\/erboristeria-artemisia.ch\/product\/orientalische-rosen-80g\/"},"modified":"2025-09-25T13:02:13","modified_gmt":"2025-09-25T11:02:13","slug":"orientalische-rosen-80g","status":"publish","type":"product","link":"https:\/\/erboristeria-artemisia.ch\/de\/produkt\/orientalische-rosen-80g\/","title":{"rendered":"Orientalische Rosen 80g"},"content":{"rendered":"<h3 data-start=\"104\" data-end=\"136\">\ud83c\udf39 <strong data-start=\"111\" data-end=\"136\">Orientalische Rosen &#8211; 80 g<\/strong><\/h3>\n<p data-start=\"137\" data-end=\"610\">Eine sensorische Reise, die die Zartheit orientalischer Blumen mit der Raffinesse feinster chinesischer Gr\u00fcntees verbindet.<br data-start=\"252\" data-end=\"255\">Die Basis aus <strong data-start=\"266\" data-end=\"276\">Sencha<\/strong>, <strong data-start=\"278\" data-end=\"291\">Gunpowder<\/strong> und <strong data-start=\"294\" data-end=\"303\">Wu Lu<\/strong> verbindet sich mit der Eleganz von <strong data-start=\"332\" data-end=\"346\">Pai Mu Tan<\/strong> und den blumigen Noten von <strong data-start=\"369\" data-end=\"382\" data-is-only-node=\"\">Jasmin<\/strong>, <strong data-start=\"384\" data-end=\"404\">Rosenknospen<\/strong>, <strong data-start=\"406\" data-end=\"419\">Ringelblume<\/strong> und <strong data-start=\"422\" data-end=\"436\">Kornblume<\/strong>.<br data-start=\"437\" data-end=\"440\">Das<strong data-start=\"442\" data-end=\"457\">Cystus-Kraut<\/strong> sorgt f\u00fcr eine krautige Nuance und einen Hauch von nat\u00fcrlichem Wohlbefinden, w\u00e4hrend das zarte Aroma ein Bouquet vervollst\u00e4ndigt, das zu jeder Tageszeit genossen werden kann.<\/p>\n<p data-start=\"612\" data-end=\"737\"><strong data-start=\"612\" data-end=\"626\">Ideal f\u00fcr<\/strong>: eine entspannende Pause, ein Ritual der Sch\u00f6nheit und Harmonie oder als wertvolles Geschenk f\u00fcr Liebhaber von Bl\u00fctentees.<\/p>\n","protected":false},"excerpt":{"rendered":"<p>\ud83c\udf39 Orientalische Rosen &#8211; 80 g Eine sensorische Reise, die die Zartheit orientalischer Blumen mit der Raffinesse feinster chinesischer Gr\u00fcntees verbindet.Die Basis aus Sencha, Gunpowder und Wu Lu verbindet sich mit der Eleganz von Pai Mu Tan und den blumigen Noten von Jasmin, Rosenknospen, Ringelblume und Kornblume.DasCystus-Kraut sorgt f\u00fcr eine krautige Nuance und einen Hauch [&hellip;]<\/p>\n","protected":false},"featured_media":30717,"template":"","meta":{"_et_pb_use_builder":"","_et_pb_old_content":"","_et_gb_content_width":""},"product_brand":[],"product_cat":[84],"product_tag":[],"class_list":{"0":"post-30724","1":"product","2":"type-product","3":"status-publish","4":"has-post-thumbnail","6":"product_cat-aromatisierte-tees","8":"first","9":"instock","10":"shipping-taxable","11":"purchasable","12":"product-type-simple"},"yoast_head":"<!-- This site is optimized with the Yoast SEO plugin v27.4 - https:\/\/yoast.com\/product\/yoast-seo-wordpress\/ -->\n<title>Orientalische Rosen 80g - Erboristeria Artemisia<\/title>\n<meta name=\"robots\" content=\"index, follow, max-snippet:-1, max-image-preview:large, max-video-preview:-1\" \/>\n<link rel=\"canonical\" href=\"https:\/\/erboristeria-artemisia.ch\/de\/produkt\/orientalische-rosen-80g\/\" \/>\n<meta property=\"og:locale\" content=\"de_DE\" \/>\n<meta property=\"og:type\" content=\"article\" \/>\n<meta property=\"og:title\" content=\"Orientalische Rosen 80g - Erboristeria Artemisia\" \/>\n<meta property=\"og:description\" content=\"\ud83c\udf39 Orientalische Rosen &#8211; 80 g Eine sensorische Reise, die die Zartheit orientalischer Blumen mit der Raffinesse feinster chinesischer Gr\u00fcntees verbindet.Die Basis aus Sencha, Gunpowder und Wu Lu verbindet sich mit der Eleganz von Pai Mu Tan und den blumigen Noten von Jasmin, Rosenknospen, Ringelblume und Kornblume.DasCystus-Kraut sorgt f\u00fcr eine krautige Nuance und einen Hauch [&hellip;]\" \/>\n<meta property=\"og:url\" content=\"https:\/\/erboristeria-artemisia.ch\/de\/produkt\/orientalische-rosen-80g\/\" \/>\n<meta property=\"og:site_name\" content=\"Erboristeria Artemisia\" \/>\n<meta property=\"article:modified_time\" content=\"2025-09-25T11:02:13+00:00\" \/>\n<meta property=\"og:image\" content=\"https:\/\/erboristeria-artemisia.ch\/wp-content\/uploads\/2025\/09\/ad3c72ee-f7ef-4d19-9858-072c559f3913.png\" \/>\n\t<meta property=\"og:image:width\" content=\"1024\" \/>\n\t<meta property=\"og:image:height\" content=\"1024\" \/>\n\t<meta property=\"og:image:type\" content=\"image\/png\" \/>\n<meta name=\"twitter:card\" content=\"summary_large_image\" \/>\n<meta name=\"twitter:label1\" content=\"Gesch\u00e4tzte Lesezeit\" \/>\n\t<meta name=\"twitter:data1\" content=\"1\u00a0Minute\" \/>\n<script type=\"application\/ld+json\" class=\"yoast-schema-graph\">{\"@context\":\"https:\\\/\\\/schema.org\",\"@graph\":[{\"@type\":\"WebPage\",\"@id\":\"https:\\\/\\\/erboristeria-artemisia.ch\\\/de\\\/produkt\\\/orientalische-rosen-80g\\\/\",\"url\":\"https:\\\/\\\/erboristeria-artemisia.ch\\\/de\\\/produkt\\\/orientalische-rosen-80g\\\/\",\"name\":\"Orientalische Rosen 80g - Erboristeria Artemisia\",\"isPartOf\":{\"@id\":\"https:\\\/\\\/erboristeria-artemisia.ch\\\/de\\\/#website\"},\"primaryImageOfPage\":{\"@id\":\"https:\\\/\\\/erboristeria-artemisia.ch\\\/de\\\/produkt\\\/orientalische-rosen-80g\\\/#primaryimage\"},\"image\":{\"@id\":\"https:\\\/\\\/erboristeria-artemisia.ch\\\/de\\\/produkt\\\/orientalische-rosen-80g\\\/#primaryimage\"},\"thumbnailUrl\":\"https:\\\/\\\/erboristeria-artemisia.ch\\\/wp-content\\\/uploads\\\/2025\\\/09\\\/ad3c72ee-f7ef-4d19-9858-072c559f3913.png\",\"datePublished\":\"2025-09-24T18:05:45+00:00\",\"dateModified\":\"2025-09-25T11:02:13+00:00\",\"breadcrumb\":{\"@id\":\"https:\\\/\\\/erboristeria-artemisia.ch\\\/de\\\/produkt\\\/orientalische-rosen-80g\\\/#breadcrumb\"},\"inLanguage\":\"de\",\"potentialAction\":[{\"@type\":\"ReadAction\",\"target\":[\"https:\\\/\\\/erboristeria-artemisia.ch\\\/de\\\/produkt\\\/orientalische-rosen-80g\\\/\"]}]},{\"@type\":\"ImageObject\",\"inLanguage\":\"de\",\"@id\":\"https:\\\/\\\/erboristeria-artemisia.ch\\\/de\\\/produkt\\\/orientalische-rosen-80g\\\/#primaryimage\",\"url\":\"https:\\\/\\\/erboristeria-artemisia.ch\\\/wp-content\\\/uploads\\\/2025\\\/09\\\/ad3c72ee-f7ef-4d19-9858-072c559f3913.png\",\"contentUrl\":\"https:\\\/\\\/erboristeria-artemisia.ch\\\/wp-content\\\/uploads\\\/2025\\\/09\\\/ad3c72ee-f7ef-4d19-9858-072c559f3913.png\",\"width\":1024,\"height\":1024},{\"@type\":\"BreadcrumbList\",\"@id\":\"https:\\\/\\\/erboristeria-artemisia.ch\\\/de\\\/produkt\\\/orientalische-rosen-80g\\\/#breadcrumb\",\"itemListElement\":[{\"@type\":\"ListItem\",\"position\":1,\"name\":\"Home\",\"item\":\"https:\\\/\\\/erboristeria-artemisia.ch\\\/de\\\/startseite\\\/\"},{\"@type\":\"ListItem\",\"position\":2,\"name\":\"Shop4\",\"item\":\"https:\\\/\\\/erboristeria-artemisia.ch\\\/shop4\\\/\"},{\"@type\":\"ListItem\",\"position\":3,\"name\":\"Orientalische Rosen 80g\"}]},{\"@type\":\"WebSite\",\"@id\":\"https:\\\/\\\/erboristeria-artemisia.ch\\\/de\\\/#website\",\"url\":\"https:\\\/\\\/erboristeria-artemisia.ch\\\/de\\\/\",\"name\":\"Erboristeria Artemisia\",\"description\":\"Ogni sorso \u00e8 un momento per te\",\"potentialAction\":[{\"@type\":\"SearchAction\",\"target\":{\"@type\":\"EntryPoint\",\"urlTemplate\":\"https:\\\/\\\/erboristeria-artemisia.ch\\\/de\\\/?s={search_term_string}\"},\"query-input\":{\"@type\":\"PropertyValueSpecification\",\"valueRequired\":true,\"valueName\":\"search_term_string\"}}],\"inLanguage\":\"de\"}]}<\/script>\n<!-- \/ Yoast SEO plugin. -->","yoast_head_json":{"title":"Orientalische Rosen 80g - Erboristeria Artemisia","robots":{"index":"index","follow":"follow","max-snippet":"max-snippet:-1","max-image-preview":"max-image-preview:large","max-video-preview":"max-video-preview:-1"},"canonical":"https:\/\/erboristeria-artemisia.ch\/de\/produkt\/orientalische-rosen-80g\/","og_locale":"de_DE","og_type":"article","og_title":"Orientalische Rosen 80g - Erboristeria Artemisia","og_description":"\ud83c\udf39 Orientalische Rosen &#8211; 80 g Eine sensorische Reise, die die Zartheit orientalischer Blumen mit der Raffinesse feinster chinesischer Gr\u00fcntees verbindet.Die Basis aus Sencha, Gunpowder und Wu Lu verbindet sich mit der Eleganz von Pai Mu Tan und den blumigen Noten von Jasmin, Rosenknospen, Ringelblume und Kornblume.DasCystus-Kraut sorgt f\u00fcr eine krautige Nuance und einen Hauch [&hellip;]","og_url":"https:\/\/erboristeria-artemisia.ch\/de\/produkt\/orientalische-rosen-80g\/","og_site_name":"Erboristeria Artemisia","article_modified_time":"2025-09-25T11:02:13+00:00","og_image":[{"width":1024,"height":1024,"url":"https:\/\/erboristeria-artemisia.ch\/wp-content\/uploads\/2025\/09\/ad3c72ee-f7ef-4d19-9858-072c559f3913.png","type":"image\/png"}],"twitter_card":"summary_large_image","twitter_misc":{"Gesch\u00e4tzte Lesezeit":"1\u00a0Minute"},"schema":{"@context":"https:\/\/schema.org","@graph":[{"@type":"WebPage","@id":"https:\/\/erboristeria-artemisia.ch\/de\/produkt\/orientalische-rosen-80g\/","url":"https:\/\/erboristeria-artemisia.ch\/de\/produkt\/orientalische-rosen-80g\/","name":"Orientalische Rosen 80g - Erboristeria Artemisia","isPartOf":{"@id":"https:\/\/erboristeria-artemisia.ch\/de\/#website"},"primaryImageOfPage":{"@id":"https:\/\/erboristeria-artemisia.ch\/de\/produkt\/orientalische-rosen-80g\/#primaryimage"},"image":{"@id":"https:\/\/erboristeria-artemisia.ch\/de\/produkt\/orientalische-rosen-80g\/#primaryimage"},"thumbnailUrl":"https:\/\/erboristeria-artemisia.ch\/wp-content\/uploads\/2025\/09\/ad3c72ee-f7ef-4d19-9858-072c559f3913.png","datePublished":"2025-09-24T18:05:45+00:00","dateModified":"2025-09-25T11:02:13+00:00","breadcrumb":{"@id":"https:\/\/erboristeria-artemisia.ch\/de\/produkt\/orientalische-rosen-80g\/#breadcrumb"},"inLanguage":"de","potentialAction":[{"@type":"ReadAction","target":["https:\/\/erboristeria-artemisia.ch\/de\/produkt\/orientalische-rosen-80g\/"]}]},{"@type":"ImageObject","inLanguage":"de","@id":"https:\/\/erboristeria-artemisia.ch\/de\/produkt\/orientalische-rosen-80g\/#primaryimage","url":"https:\/\/erboristeria-artemisia.ch\/wp-content\/uploads\/2025\/09\/ad3c72ee-f7ef-4d19-9858-072c559f3913.png","contentUrl":"https:\/\/erboristeria-artemisia.ch\/wp-content\/uploads\/2025\/09\/ad3c72ee-f7ef-4d19-9858-072c559f3913.png","width":1024,"height":1024},{"@type":"BreadcrumbList","@id":"https:\/\/erboristeria-artemisia.ch\/de\/produkt\/orientalische-rosen-80g\/#breadcrumb","itemListElement":[{"@type":"ListItem","position":1,"name":"Home","item":"https:\/\/erboristeria-artemisia.ch\/de\/startseite\/"},{"@type":"ListItem","position":2,"name":"Shop4","item":"https:\/\/erboristeria-artemisia.ch\/shop4\/"},{"@type":"ListItem","position":3,"name":"Orientalische Rosen 80g"}]},{"@type":"WebSite","@id":"https:\/\/erboristeria-artemisia.ch\/de\/#website","url":"https:\/\/erboristeria-artemisia.ch\/de\/","name":"Erboristeria Artemisia","description":"Ogni sorso \u00e8 un momento per te","potentialAction":[{"@type":"SearchAction","target":{"@type":"EntryPoint","urlTemplate":"https:\/\/erboristeria-artemisia.ch\/de\/?s={search_term_string}"},"query-input":{"@type":"PropertyValueSpecification","valueRequired":true,"valueName":"search_term_string"}}],"inLanguage":"de"}]}},"_links":{"self":[{"href":"https:\/\/erboristeria-artemisia.ch\/de\/wp-json\/wp\/v2\/product\/30724","targetHints":{"allow":["GET"]}}],"collection":[{"href":"https:\/\/erboristeria-artemisia.ch\/de\/wp-json\/wp\/v2\/product"}],"about":[{"href":"https:\/\/erboristeria-artemisia.ch\/de\/wp-json\/wp\/v2\/types\/product"}],"wp:featuredmedia":[{"embeddable":true,"href":"https:\/\/erboristeria-artemisia.ch\/de\/wp-json\/wp\/v2\/media\/30717"}],"wp:attachment":[{"href":"https:\/\/erboristeria-artemisia.ch\/de\/wp-json\/wp\/v2\/media?parent=30724"}],"wp:term":[{"taxonomy":"product_brand","embeddable":true,"href":"https:\/\/erboristeria-artemisia.ch\/de\/wp-json\/wp\/v2\/product_brand?post=30724"},{"taxonomy":"product_cat","embeddable":true,"href":"https:\/\/erboristeria-artemisia.ch\/de\/wp-json\/wp\/v2\/product_cat?post=30724"},{"taxonomy":"product_tag","embeddable":true,"href":"https:\/\/erboristeria-artemisia.ch\/de\/wp-json\/wp\/v2\/product_tag?post=30724"}],"curies":[{"name":"wp","href":"https:\/\/api.w.org\/{rel}","templated":true}]}}