{"id":30727,"date":"2025-09-23T23:49:27","date_gmt":"2025-09-23T21:49:27","guid":{"rendered":"https:\/\/erboristeria-artemisia.ch\/product\/rote-orange-und-maracuja-100g\/"},"modified":"2025-09-25T15:55:53","modified_gmt":"2025-09-25T13:55:53","slug":"rote-orange-und-maracuja-100g","status":"publish","type":"product","link":"https:\/\/erboristeria-artemisia.ch\/de\/produkt\/rote-orange-und-maracuja-100g\/","title":{"rendered":"Rote Orange und Maracuja 100g"},"content":{"rendered":"<h3 data-start=\"89\" data-end=\"158\"><strong data-start=\"93\" data-end=\"158\">Roter Orangen- und Maracuja-Kr\u00e4utertee &#8211; Exotisch und vitaminreich (100g)<\/strong><\/h3>\n<p data-start=\"160\" data-end=\"379\">Eine Explosion von fruchtigen und tropischen Aromen in einem lebendigen und verj\u00fcngenden Kr\u00e4utertee. <strong data-start=\"240\" data-end=\"268\">Red Orange and Maracuja<\/strong> ist die perfekte Mischung f\u00fcr alle, die intensive, zitrusartige Aromen mit einer exotischen und nat\u00fcrlich vitaminreichen Note lieben.<\/p>\n<p data-start=\"381\" data-end=\"946\">\ud83c\udf4a <strong data-start=\"384\" data-end=\"408\">Nat\u00fcrliche Zutaten<\/strong>: Apfel, Blutorange, Carcad\u00e8, Passionsfrucht (Maracuja), Rote Bete, Mango, Saflorbl\u00fcte, angereichert mit Vitamin C und einem Hauch Zitronens\u00e4ure f\u00fcr mehr Frische.<br data-start=\"593\" data-end=\"596\">\ud83c\udf34 <strong data-start=\"599\" data-end=\"608\">Geschmack<\/strong>: zitrusartig, tropisch und leicht s\u00e4uerlich, mit einem s\u00fc\u00dfen, fruchtigen Abgang.<br data-start=\"684\" data-end=\"687\">\ud83d\udcaa <strong data-start=\"690\" data-end=\"708\">Mit Vitamin C<\/strong>: ideal zur Unterst\u00fctzung der k\u00f6rpereigenen Abwehrkr\u00e4fte.<br data-start=\"765\" data-end=\"768\">\ud83d\udca7 <strong data-start=\"771\" data-end=\"784\">Vielseitig einsetzbar<\/strong>: hervorragend hei\u00df in den kalten Monaten oder kalt als durstl\u00f6schender Sommertee.<br data-start=\"854\" data-end=\"857\">\ud83c\udf81 <strong data-start=\"860\" data-end=\"882\">100g-Packung<\/strong>: f\u00fcr alle, die eine schmackhafte und gesunde Alternative zu Tee suchen.<\/p>\n<p data-start=\"948\" data-end=\"1086\"><strong data-start=\"948\" data-end=\"990\">Ein lebendiger, farbenfroher und wohltuender Kr\u00e4utertee<\/strong>, perfekt f\u00fcr alle, die sich gerne mit nat\u00fcrlichen Zutaten verw\u00f6hnen, die intensiv schmecken und voller Energie sind.<\/p>\n","protected":false},"excerpt":{"rendered":"<p>Roter Orangen- und Maracuja-Kr\u00e4utertee &#8211; Exotisch und vitaminreich (100g) Eine Explosion von fruchtigen und tropischen Aromen in einem lebendigen und verj\u00fcngenden Kr\u00e4utertee. Red Orange and Maracuja ist die perfekte Mischung f\u00fcr alle, die intensive, zitrusartige Aromen mit einer exotischen und nat\u00fcrlich vitaminreichen Note lieben. \ud83c\udf4a Nat\u00fcrliche Zutaten: Apfel, Blutorange, Carcad\u00e8, Passionsfrucht (Maracuja), Rote Bete, Mango, [&hellip;]<\/p>\n","protected":false},"featured_media":30686,"template":"","meta":{"_et_pb_use_builder":"","_et_pb_old_content":"","_et_gb_content_width":""},"product_brand":[],"product_cat":[85],"product_tag":[],"class_list":{"0":"post-30727","1":"product","2":"type-product","3":"status-publish","4":"has-post-thumbnail","6":"product_cat-obst","8":"first","9":"instock","10":"shipping-taxable","11":"purchasable","12":"product-type-simple"},"yoast_head":"<!-- This site is optimized with the Yoast SEO plugin v27.4 - https:\/\/yoast.com\/product\/yoast-seo-wordpress\/ -->\n<title>Rote Orange und Maracuja 100g - Erboristeria Artemisia<\/title>\n<meta name=\"robots\" content=\"index, follow, max-snippet:-1, max-image-preview:large, max-video-preview:-1\" \/>\n<link rel=\"canonical\" href=\"https:\/\/erboristeria-artemisia.ch\/de\/produkt\/rote-orange-und-maracuja-100g\/\" \/>\n<meta property=\"og:locale\" content=\"de_DE\" \/>\n<meta property=\"og:type\" content=\"article\" \/>\n<meta property=\"og:title\" content=\"Rote Orange und Maracuja 100g - Erboristeria Artemisia\" \/>\n<meta property=\"og:description\" content=\"Roter Orangen- und Maracuja-Kr\u00e4utertee &#8211; Exotisch und vitaminreich (100g) Eine Explosion von fruchtigen und tropischen Aromen in einem lebendigen und verj\u00fcngenden Kr\u00e4utertee. Red Orange and Maracuja ist die perfekte Mischung f\u00fcr alle, die intensive, zitrusartige Aromen mit einer exotischen und nat\u00fcrlich vitaminreichen Note lieben. \ud83c\udf4a Nat\u00fcrliche Zutaten: Apfel, Blutorange, Carcad\u00e8, Passionsfrucht (Maracuja), Rote Bete, Mango, [&hellip;]\" \/>\n<meta property=\"og:url\" content=\"https:\/\/erboristeria-artemisia.ch\/de\/produkt\/rote-orange-und-maracuja-100g\/\" \/>\n<meta property=\"og:site_name\" content=\"Erboristeria Artemisia\" \/>\n<meta property=\"article:modified_time\" content=\"2025-09-25T13:55:53+00:00\" \/>\n<meta property=\"og:image\" content=\"https:\/\/erboristeria-artemisia.ch\/wp-content\/uploads\/2025\/09\/csm_Blutorange_Maracuja_dd07be9ff4.png.webp\" \/>\n\t<meta property=\"og:image:width\" content=\"1280\" \/>\n\t<meta property=\"og:image:height\" content=\"1280\" \/>\n\t<meta property=\"og:image:type\" content=\"image\/webp\" \/>\n<meta name=\"twitter:card\" content=\"summary_large_image\" \/>\n<meta name=\"twitter:label1\" content=\"Gesch\u00e4tzte Lesezeit\" \/>\n\t<meta name=\"twitter:data1\" content=\"1\u00a0Minute\" \/>\n<script type=\"application\/ld+json\" class=\"yoast-schema-graph\">{\"@context\":\"https:\\\/\\\/schema.org\",\"@graph\":[{\"@type\":\"WebPage\",\"@id\":\"https:\\\/\\\/erboristeria-artemisia.ch\\\/de\\\/produkt\\\/rote-orange-und-maracuja-100g\\\/\",\"url\":\"https:\\\/\\\/erboristeria-artemisia.ch\\\/de\\\/produkt\\\/rote-orange-und-maracuja-100g\\\/\",\"name\":\"Rote Orange und Maracuja 100g - Erboristeria Artemisia\",\"isPartOf\":{\"@id\":\"https:\\\/\\\/erboristeria-artemisia.ch\\\/de\\\/#website\"},\"primaryImageOfPage\":{\"@id\":\"https:\\\/\\\/erboristeria-artemisia.ch\\\/de\\\/produkt\\\/rote-orange-und-maracuja-100g\\\/#primaryimage\"},\"image\":{\"@id\":\"https:\\\/\\\/erboristeria-artemisia.ch\\\/de\\\/produkt\\\/rote-orange-und-maracuja-100g\\\/#primaryimage\"},\"thumbnailUrl\":\"https:\\\/\\\/erboristeria-artemisia.ch\\\/wp-content\\\/uploads\\\/2025\\\/09\\\/csm_Blutorange_Maracuja_dd07be9ff4.png.webp\",\"datePublished\":\"2025-09-23T21:49:27+00:00\",\"dateModified\":\"2025-09-25T13:55:53+00:00\",\"breadcrumb\":{\"@id\":\"https:\\\/\\\/erboristeria-artemisia.ch\\\/de\\\/produkt\\\/rote-orange-und-maracuja-100g\\\/#breadcrumb\"},\"inLanguage\":\"de\",\"potentialAction\":[{\"@type\":\"ReadAction\",\"target\":[\"https:\\\/\\\/erboristeria-artemisia.ch\\\/de\\\/produkt\\\/rote-orange-und-maracuja-100g\\\/\"]}]},{\"@type\":\"ImageObject\",\"inLanguage\":\"de\",\"@id\":\"https:\\\/\\\/erboristeria-artemisia.ch\\\/de\\\/produkt\\\/rote-orange-und-maracuja-100g\\\/#primaryimage\",\"url\":\"https:\\\/\\\/erboristeria-artemisia.ch\\\/wp-content\\\/uploads\\\/2025\\\/09\\\/csm_Blutorange_Maracuja_dd07be9ff4.png.webp\",\"contentUrl\":\"https:\\\/\\\/erboristeria-artemisia.ch\\\/wp-content\\\/uploads\\\/2025\\\/09\\\/csm_Blutorange_Maracuja_dd07be9ff4.png.webp\",\"width\":1280,\"height\":1280},{\"@type\":\"BreadcrumbList\",\"@id\":\"https:\\\/\\\/erboristeria-artemisia.ch\\\/de\\\/produkt\\\/rote-orange-und-maracuja-100g\\\/#breadcrumb\",\"itemListElement\":[{\"@type\":\"ListItem\",\"position\":1,\"name\":\"Home\",\"item\":\"https:\\\/\\\/erboristeria-artemisia.ch\\\/de\\\/startseite\\\/\"},{\"@type\":\"ListItem\",\"position\":2,\"name\":\"Shop4\",\"item\":\"https:\\\/\\\/erboristeria-artemisia.ch\\\/shop4\\\/\"},{\"@type\":\"ListItem\",\"position\":3,\"name\":\"Rote Orange und Maracuja 100g\"}]},{\"@type\":\"WebSite\",\"@id\":\"https:\\\/\\\/erboristeria-artemisia.ch\\\/de\\\/#website\",\"url\":\"https:\\\/\\\/erboristeria-artemisia.ch\\\/de\\\/\",\"name\":\"Erboristeria Artemisia\",\"description\":\"Ogni sorso \u00e8 un momento per te\",\"potentialAction\":[{\"@type\":\"SearchAction\",\"target\":{\"@type\":\"EntryPoint\",\"urlTemplate\":\"https:\\\/\\\/erboristeria-artemisia.ch\\\/de\\\/?s={search_term_string}\"},\"query-input\":{\"@type\":\"PropertyValueSpecification\",\"valueRequired\":true,\"valueName\":\"search_term_string\"}}],\"inLanguage\":\"de\"}]}<\/script>\n<!-- \/ Yoast SEO plugin. -->","yoast_head_json":{"title":"Rote Orange und Maracuja 100g - Erboristeria Artemisia","robots":{"index":"index","follow":"follow","max-snippet":"max-snippet:-1","max-image-preview":"max-image-preview:large","max-video-preview":"max-video-preview:-1"},"canonical":"https:\/\/erboristeria-artemisia.ch\/de\/produkt\/rote-orange-und-maracuja-100g\/","og_locale":"de_DE","og_type":"article","og_title":"Rote Orange und Maracuja 100g - Erboristeria Artemisia","og_description":"Roter Orangen- und Maracuja-Kr\u00e4utertee &#8211; Exotisch und vitaminreich (100g) Eine Explosion von fruchtigen und tropischen Aromen in einem lebendigen und verj\u00fcngenden Kr\u00e4utertee. Red Orange and Maracuja ist die perfekte Mischung f\u00fcr alle, die intensive, zitrusartige Aromen mit einer exotischen und nat\u00fcrlich vitaminreichen Note lieben. \ud83c\udf4a Nat\u00fcrliche Zutaten: Apfel, Blutorange, Carcad\u00e8, Passionsfrucht (Maracuja), Rote Bete, Mango, [&hellip;]","og_url":"https:\/\/erboristeria-artemisia.ch\/de\/produkt\/rote-orange-und-maracuja-100g\/","og_site_name":"Erboristeria Artemisia","article_modified_time":"2025-09-25T13:55:53+00:00","og_image":[{"width":1280,"height":1280,"url":"https:\/\/erboristeria-artemisia.ch\/wp-content\/uploads\/2025\/09\/csm_Blutorange_Maracuja_dd07be9ff4.png.webp","type":"image\/webp"}],"twitter_card":"summary_large_image","twitter_misc":{"Gesch\u00e4tzte Lesezeit":"1\u00a0Minute"},"schema":{"@context":"https:\/\/schema.org","@graph":[{"@type":"WebPage","@id":"https:\/\/erboristeria-artemisia.ch\/de\/produkt\/rote-orange-und-maracuja-100g\/","url":"https:\/\/erboristeria-artemisia.ch\/de\/produkt\/rote-orange-und-maracuja-100g\/","name":"Rote Orange und Maracuja 100g - Erboristeria Artemisia","isPartOf":{"@id":"https:\/\/erboristeria-artemisia.ch\/de\/#website"},"primaryImageOfPage":{"@id":"https:\/\/erboristeria-artemisia.ch\/de\/produkt\/rote-orange-und-maracuja-100g\/#primaryimage"},"image":{"@id":"https:\/\/erboristeria-artemisia.ch\/de\/produkt\/rote-orange-und-maracuja-100g\/#primaryimage"},"thumbnailUrl":"https:\/\/erboristeria-artemisia.ch\/wp-content\/uploads\/2025\/09\/csm_Blutorange_Maracuja_dd07be9ff4.png.webp","datePublished":"2025-09-23T21:49:27+00:00","dateModified":"2025-09-25T13:55:53+00:00","breadcrumb":{"@id":"https:\/\/erboristeria-artemisia.ch\/de\/produkt\/rote-orange-und-maracuja-100g\/#breadcrumb"},"inLanguage":"de","potentialAction":[{"@type":"ReadAction","target":["https:\/\/erboristeria-artemisia.ch\/de\/produkt\/rote-orange-und-maracuja-100g\/"]}]},{"@type":"ImageObject","inLanguage":"de","@id":"https:\/\/erboristeria-artemisia.ch\/de\/produkt\/rote-orange-und-maracuja-100g\/#primaryimage","url":"https:\/\/erboristeria-artemisia.ch\/wp-content\/uploads\/2025\/09\/csm_Blutorange_Maracuja_dd07be9ff4.png.webp","contentUrl":"https:\/\/erboristeria-artemisia.ch\/wp-content\/uploads\/2025\/09\/csm_Blutorange_Maracuja_dd07be9ff4.png.webp","width":1280,"height":1280},{"@type":"BreadcrumbList","@id":"https:\/\/erboristeria-artemisia.ch\/de\/produkt\/rote-orange-und-maracuja-100g\/#breadcrumb","itemListElement":[{"@type":"ListItem","position":1,"name":"Home","item":"https:\/\/erboristeria-artemisia.ch\/de\/startseite\/"},{"@type":"ListItem","position":2,"name":"Shop4","item":"https:\/\/erboristeria-artemisia.ch\/shop4\/"},{"@type":"ListItem","position":3,"name":"Rote Orange und Maracuja 100g"}]},{"@type":"WebSite","@id":"https:\/\/erboristeria-artemisia.ch\/de\/#website","url":"https:\/\/erboristeria-artemisia.ch\/de\/","name":"Erboristeria Artemisia","description":"Ogni sorso \u00e8 un momento per te","potentialAction":[{"@type":"SearchAction","target":{"@type":"EntryPoint","urlTemplate":"https:\/\/erboristeria-artemisia.ch\/de\/?s={search_term_string}"},"query-input":{"@type":"PropertyValueSpecification","valueRequired":true,"valueName":"search_term_string"}}],"inLanguage":"de"}]}},"_links":{"self":[{"href":"https:\/\/erboristeria-artemisia.ch\/de\/wp-json\/wp\/v2\/product\/30727","targetHints":{"allow":["GET"]}}],"collection":[{"href":"https:\/\/erboristeria-artemisia.ch\/de\/wp-json\/wp\/v2\/product"}],"about":[{"href":"https:\/\/erboristeria-artemisia.ch\/de\/wp-json\/wp\/v2\/types\/product"}],"wp:featuredmedia":[{"embeddable":true,"href":"https:\/\/erboristeria-artemisia.ch\/de\/wp-json\/wp\/v2\/media\/30686"}],"wp:attachment":[{"href":"https:\/\/erboristeria-artemisia.ch\/de\/wp-json\/wp\/v2\/media?parent=30727"}],"wp:term":[{"taxonomy":"product_brand","embeddable":true,"href":"https:\/\/erboristeria-artemisia.ch\/de\/wp-json\/wp\/v2\/product_brand?post=30727"},{"taxonomy":"product_cat","embeddable":true,"href":"https:\/\/erboristeria-artemisia.ch\/de\/wp-json\/wp\/v2\/product_cat?post=30727"},{"taxonomy":"product_tag","embeddable":true,"href":"https:\/\/erboristeria-artemisia.ch\/de\/wp-json\/wp\/v2\/product_tag?post=30727"}],"curies":[{"name":"wp","href":"https:\/\/api.w.org\/{rel}","templated":true}]}}