{"id":30728,"date":"2025-09-23T23:58:10","date_gmt":"2025-09-23T21:58:10","guid":{"rendered":"https:\/\/erboristeria-artemisia.ch\/product\/kalifornischer-kuss-100g\/"},"modified":"2025-09-25T15:55:54","modified_gmt":"2025-09-25T13:55:54","slug":"kalifornischer-kuss-100g","status":"publish","type":"product","link":"https:\/\/erboristeria-artemisia.ch\/de\/produkt\/kalifornischer-kuss-100g\/","title":{"rendered":"Kalifornischer Kuss 100g"},"content":{"rendered":"<h3 data-start=\"83\" data-end=\"150\"><strong data-start=\"87\" data-end=\"150\">Californian Kiss Kr\u00e4utertee &#8211; S\u00fc\u00df, fruchtig und sonnig (100g)<\/strong><\/h3>\n<p data-start=\"152\" data-end=\"413\">Eine sensorische Reise durch die D\u00fcfte und Geschm\u00e4cker Kaliforniens. <strong data-start=\"217\" data-end=\"239\">Californian Kiss<\/strong> ist ein reichhaltiger, s\u00fc\u00dfer und lebendiger Kr\u00e4utertee, der aus einer harmonischen Mischung von Fr\u00fcchten und Blumen besteht, die einen umh\u00fcllenden und nat\u00fcrlichen Geschmack bieten, perfekt f\u00fcr jede Tageszeit.<\/p>\n<p data-start=\"415\" data-end=\"891\">\ud83c\udf4d <strong data-start=\"418\" data-end=\"433\">Zutaten<\/strong>: Apfel, kandierte Ananas, Sultaninen, Karotte, Hibiskus, Mango, Orange, Rote Bete, Erdbeere, F\u00e4rberdistel, Rhabarber, Himbeere, Aprikose.<br data-start=\"568\" data-end=\"571\">\ud83c\udf53 <strong data-start=\"574\" data-end=\"583\">Geschmack<\/strong>: intensiv fruchtig, s\u00fc\u00df und leicht s\u00e4uerlich, mit tropischen Noten und einem zart blumigen Abgang.<br data-start=\"691\" data-end=\"694\">\u2600\ufe0f <strong data-start=\"697\" data-end=\"724\">Perfekt hei\u00df oder kalt<\/strong>: ideal als abendlicher Kr\u00e4utertee oder als erfrischender Aufguss im Sommer.<br data-start=\"796\" data-end=\"799\">\ud83c\udf81 <strong data-start=\"802\" data-end=\"824\">100g-Packung<\/strong>: f\u00fcr alle, die sich gerne mit Geschmack und Farbe versorgen, jeden Tag.<\/p>\n<p data-start=\"893\" data-end=\"1042\"><strong data-start=\"893\" data-end=\"938\">Ein fr\u00f6hlicher Kr\u00e4utertee voller Pers\u00f6nlichkeit<\/strong>, inspiriert von der Sonne Kaliforniens, der mit jedem Schluck einen Moment des nat\u00fcrlichen Genusses bietet.<\/p>\n","protected":false},"excerpt":{"rendered":"<p>Californian Kiss Kr\u00e4utertee &#8211; S\u00fc\u00df, fruchtig und sonnig (100g) Eine sensorische Reise durch die D\u00fcfte und Geschm\u00e4cker Kaliforniens. Californian Kiss ist ein reichhaltiger, s\u00fc\u00dfer und lebendiger Kr\u00e4utertee, der aus einer harmonischen Mischung von Fr\u00fcchten und Blumen besteht, die einen umh\u00fcllenden und nat\u00fcrlichen Geschmack bieten, perfekt f\u00fcr jede Tageszeit. \ud83c\udf4d Zutaten: Apfel, kandierte Ananas, Sultaninen, Karotte, [&hellip;]<\/p>\n","protected":false},"featured_media":30691,"template":"","meta":{"_et_pb_use_builder":"","_et_pb_old_content":"","_et_gb_content_width":""},"product_brand":[],"product_cat":[85],"product_tag":[],"class_list":{"0":"post-30728","1":"product","2":"type-product","3":"status-publish","4":"has-post-thumbnail","6":"product_cat-obst","8":"first","9":"instock","10":"shipping-taxable","11":"purchasable","12":"product-type-simple"},"yoast_head":"<!-- This site is optimized with the Yoast SEO plugin v27.4 - https:\/\/yoast.com\/product\/yoast-seo-wordpress\/ -->\n<title>Kalifornischer Kuss 100g - Erboristeria Artemisia<\/title>\n<meta name=\"robots\" content=\"index, follow, max-snippet:-1, max-image-preview:large, max-video-preview:-1\" \/>\n<link rel=\"canonical\" href=\"https:\/\/erboristeria-artemisia.ch\/de\/produkt\/kalifornischer-kuss-100g\/\" \/>\n<meta property=\"og:locale\" content=\"de_DE\" \/>\n<meta property=\"og:type\" content=\"article\" \/>\n<meta property=\"og:title\" content=\"Kalifornischer Kuss 100g - Erboristeria Artemisia\" \/>\n<meta property=\"og:description\" content=\"Californian Kiss Kr\u00e4utertee &#8211; S\u00fc\u00df, fruchtig und sonnig (100g) Eine sensorische Reise durch die D\u00fcfte und Geschm\u00e4cker Kaliforniens. Californian Kiss ist ein reichhaltiger, s\u00fc\u00dfer und lebendiger Kr\u00e4utertee, der aus einer harmonischen Mischung von Fr\u00fcchten und Blumen besteht, die einen umh\u00fcllenden und nat\u00fcrlichen Geschmack bieten, perfekt f\u00fcr jede Tageszeit. \ud83c\udf4d Zutaten: Apfel, kandierte Ananas, Sultaninen, Karotte, [&hellip;]\" \/>\n<meta property=\"og:url\" content=\"https:\/\/erboristeria-artemisia.ch\/de\/produkt\/kalifornischer-kuss-100g\/\" \/>\n<meta property=\"og:site_name\" content=\"Erboristeria Artemisia\" \/>\n<meta property=\"article:modified_time\" content=\"2025-09-25T13:55:54+00:00\" \/>\n<meta property=\"og:image\" content=\"https:\/\/erboristeria-artemisia.ch\/wp-content\/uploads\/2025\/09\/823.jpg\" \/>\n\t<meta property=\"og:image:width\" content=\"800\" \/>\n\t<meta property=\"og:image:height\" content=\"800\" \/>\n\t<meta property=\"og:image:type\" content=\"image\/jpeg\" \/>\n<meta name=\"twitter:card\" content=\"summary_large_image\" \/>\n<meta name=\"twitter:label1\" content=\"Gesch\u00e4tzte Lesezeit\" \/>\n\t<meta name=\"twitter:data1\" content=\"1\u00a0Minute\" \/>\n<script type=\"application\/ld+json\" class=\"yoast-schema-graph\">{\"@context\":\"https:\\\/\\\/schema.org\",\"@graph\":[{\"@type\":\"WebPage\",\"@id\":\"https:\\\/\\\/erboristeria-artemisia.ch\\\/de\\\/produkt\\\/kalifornischer-kuss-100g\\\/\",\"url\":\"https:\\\/\\\/erboristeria-artemisia.ch\\\/de\\\/produkt\\\/kalifornischer-kuss-100g\\\/\",\"name\":\"Kalifornischer Kuss 100g - Erboristeria Artemisia\",\"isPartOf\":{\"@id\":\"https:\\\/\\\/erboristeria-artemisia.ch\\\/de\\\/#website\"},\"primaryImageOfPage\":{\"@id\":\"https:\\\/\\\/erboristeria-artemisia.ch\\\/de\\\/produkt\\\/kalifornischer-kuss-100g\\\/#primaryimage\"},\"image\":{\"@id\":\"https:\\\/\\\/erboristeria-artemisia.ch\\\/de\\\/produkt\\\/kalifornischer-kuss-100g\\\/#primaryimage\"},\"thumbnailUrl\":\"https:\\\/\\\/erboristeria-artemisia.ch\\\/wp-content\\\/uploads\\\/2025\\\/09\\\/823.jpg\",\"datePublished\":\"2025-09-23T21:58:10+00:00\",\"dateModified\":\"2025-09-25T13:55:54+00:00\",\"breadcrumb\":{\"@id\":\"https:\\\/\\\/erboristeria-artemisia.ch\\\/de\\\/produkt\\\/kalifornischer-kuss-100g\\\/#breadcrumb\"},\"inLanguage\":\"de\",\"potentialAction\":[{\"@type\":\"ReadAction\",\"target\":[\"https:\\\/\\\/erboristeria-artemisia.ch\\\/de\\\/produkt\\\/kalifornischer-kuss-100g\\\/\"]}]},{\"@type\":\"ImageObject\",\"inLanguage\":\"de\",\"@id\":\"https:\\\/\\\/erboristeria-artemisia.ch\\\/de\\\/produkt\\\/kalifornischer-kuss-100g\\\/#primaryimage\",\"url\":\"https:\\\/\\\/erboristeria-artemisia.ch\\\/wp-content\\\/uploads\\\/2025\\\/09\\\/823.jpg\",\"contentUrl\":\"https:\\\/\\\/erboristeria-artemisia.ch\\\/wp-content\\\/uploads\\\/2025\\\/09\\\/823.jpg\",\"width\":800,\"height\":800},{\"@type\":\"BreadcrumbList\",\"@id\":\"https:\\\/\\\/erboristeria-artemisia.ch\\\/de\\\/produkt\\\/kalifornischer-kuss-100g\\\/#breadcrumb\",\"itemListElement\":[{\"@type\":\"ListItem\",\"position\":1,\"name\":\"Home\",\"item\":\"https:\\\/\\\/erboristeria-artemisia.ch\\\/de\\\/startseite\\\/\"},{\"@type\":\"ListItem\",\"position\":2,\"name\":\"Shop4\",\"item\":\"https:\\\/\\\/erboristeria-artemisia.ch\\\/shop4\\\/\"},{\"@type\":\"ListItem\",\"position\":3,\"name\":\"Kalifornischer Kuss 100g\"}]},{\"@type\":\"WebSite\",\"@id\":\"https:\\\/\\\/erboristeria-artemisia.ch\\\/de\\\/#website\",\"url\":\"https:\\\/\\\/erboristeria-artemisia.ch\\\/de\\\/\",\"name\":\"Erboristeria Artemisia\",\"description\":\"Ogni sorso \u00e8 un momento per te\",\"potentialAction\":[{\"@type\":\"SearchAction\",\"target\":{\"@type\":\"EntryPoint\",\"urlTemplate\":\"https:\\\/\\\/erboristeria-artemisia.ch\\\/de\\\/?s={search_term_string}\"},\"query-input\":{\"@type\":\"PropertyValueSpecification\",\"valueRequired\":true,\"valueName\":\"search_term_string\"}}],\"inLanguage\":\"de\"}]}<\/script>\n<!-- \/ Yoast SEO plugin. -->","yoast_head_json":{"title":"Kalifornischer Kuss 100g - Erboristeria Artemisia","robots":{"index":"index","follow":"follow","max-snippet":"max-snippet:-1","max-image-preview":"max-image-preview:large","max-video-preview":"max-video-preview:-1"},"canonical":"https:\/\/erboristeria-artemisia.ch\/de\/produkt\/kalifornischer-kuss-100g\/","og_locale":"de_DE","og_type":"article","og_title":"Kalifornischer Kuss 100g - Erboristeria Artemisia","og_description":"Californian Kiss Kr\u00e4utertee &#8211; S\u00fc\u00df, fruchtig und sonnig (100g) Eine sensorische Reise durch die D\u00fcfte und Geschm\u00e4cker Kaliforniens. Californian Kiss ist ein reichhaltiger, s\u00fc\u00dfer und lebendiger Kr\u00e4utertee, der aus einer harmonischen Mischung von Fr\u00fcchten und Blumen besteht, die einen umh\u00fcllenden und nat\u00fcrlichen Geschmack bieten, perfekt f\u00fcr jede Tageszeit. \ud83c\udf4d Zutaten: Apfel, kandierte Ananas, Sultaninen, Karotte, [&hellip;]","og_url":"https:\/\/erboristeria-artemisia.ch\/de\/produkt\/kalifornischer-kuss-100g\/","og_site_name":"Erboristeria Artemisia","article_modified_time":"2025-09-25T13:55:54+00:00","og_image":[{"width":800,"height":800,"url":"https:\/\/erboristeria-artemisia.ch\/wp-content\/uploads\/2025\/09\/823.jpg","type":"image\/jpeg"}],"twitter_card":"summary_large_image","twitter_misc":{"Gesch\u00e4tzte Lesezeit":"1\u00a0Minute"},"schema":{"@context":"https:\/\/schema.org","@graph":[{"@type":"WebPage","@id":"https:\/\/erboristeria-artemisia.ch\/de\/produkt\/kalifornischer-kuss-100g\/","url":"https:\/\/erboristeria-artemisia.ch\/de\/produkt\/kalifornischer-kuss-100g\/","name":"Kalifornischer Kuss 100g - Erboristeria Artemisia","isPartOf":{"@id":"https:\/\/erboristeria-artemisia.ch\/de\/#website"},"primaryImageOfPage":{"@id":"https:\/\/erboristeria-artemisia.ch\/de\/produkt\/kalifornischer-kuss-100g\/#primaryimage"},"image":{"@id":"https:\/\/erboristeria-artemisia.ch\/de\/produkt\/kalifornischer-kuss-100g\/#primaryimage"},"thumbnailUrl":"https:\/\/erboristeria-artemisia.ch\/wp-content\/uploads\/2025\/09\/823.jpg","datePublished":"2025-09-23T21:58:10+00:00","dateModified":"2025-09-25T13:55:54+00:00","breadcrumb":{"@id":"https:\/\/erboristeria-artemisia.ch\/de\/produkt\/kalifornischer-kuss-100g\/#breadcrumb"},"inLanguage":"de","potentialAction":[{"@type":"ReadAction","target":["https:\/\/erboristeria-artemisia.ch\/de\/produkt\/kalifornischer-kuss-100g\/"]}]},{"@type":"ImageObject","inLanguage":"de","@id":"https:\/\/erboristeria-artemisia.ch\/de\/produkt\/kalifornischer-kuss-100g\/#primaryimage","url":"https:\/\/erboristeria-artemisia.ch\/wp-content\/uploads\/2025\/09\/823.jpg","contentUrl":"https:\/\/erboristeria-artemisia.ch\/wp-content\/uploads\/2025\/09\/823.jpg","width":800,"height":800},{"@type":"BreadcrumbList","@id":"https:\/\/erboristeria-artemisia.ch\/de\/produkt\/kalifornischer-kuss-100g\/#breadcrumb","itemListElement":[{"@type":"ListItem","position":1,"name":"Home","item":"https:\/\/erboristeria-artemisia.ch\/de\/startseite\/"},{"@type":"ListItem","position":2,"name":"Shop4","item":"https:\/\/erboristeria-artemisia.ch\/shop4\/"},{"@type":"ListItem","position":3,"name":"Kalifornischer Kuss 100g"}]},{"@type":"WebSite","@id":"https:\/\/erboristeria-artemisia.ch\/de\/#website","url":"https:\/\/erboristeria-artemisia.ch\/de\/","name":"Erboristeria Artemisia","description":"Ogni sorso \u00e8 un momento per te","potentialAction":[{"@type":"SearchAction","target":{"@type":"EntryPoint","urlTemplate":"https:\/\/erboristeria-artemisia.ch\/de\/?s={search_term_string}"},"query-input":{"@type":"PropertyValueSpecification","valueRequired":true,"valueName":"search_term_string"}}],"inLanguage":"de"}]}},"_links":{"self":[{"href":"https:\/\/erboristeria-artemisia.ch\/de\/wp-json\/wp\/v2\/product\/30728","targetHints":{"allow":["GET"]}}],"collection":[{"href":"https:\/\/erboristeria-artemisia.ch\/de\/wp-json\/wp\/v2\/product"}],"about":[{"href":"https:\/\/erboristeria-artemisia.ch\/de\/wp-json\/wp\/v2\/types\/product"}],"wp:featuredmedia":[{"embeddable":true,"href":"https:\/\/erboristeria-artemisia.ch\/de\/wp-json\/wp\/v2\/media\/30691"}],"wp:attachment":[{"href":"https:\/\/erboristeria-artemisia.ch\/de\/wp-json\/wp\/v2\/media?parent=30728"}],"wp:term":[{"taxonomy":"product_brand","embeddable":true,"href":"https:\/\/erboristeria-artemisia.ch\/de\/wp-json\/wp\/v2\/product_brand?post=30728"},{"taxonomy":"product_cat","embeddable":true,"href":"https:\/\/erboristeria-artemisia.ch\/de\/wp-json\/wp\/v2\/product_cat?post=30728"},{"taxonomy":"product_tag","embeddable":true,"href":"https:\/\/erboristeria-artemisia.ch\/de\/wp-json\/wp\/v2\/product_tag?post=30728"}],"curies":[{"name":"wp","href":"https:\/\/api.w.org\/{rel}","templated":true}]}}