{"id":30729,"date":"2025-09-24T00:04:35","date_gmt":"2025-09-23T22:04:35","guid":{"rendered":"https:\/\/erboristeria-artemisia.ch\/product\/cannabis-zitrone-natuerlich-100g\/"},"modified":"2025-09-25T15:55:54","modified_gmt":"2025-09-25T13:55:54","slug":"cannabis-zitrone-natuerlich-100g","status":"publish","type":"product","link":"https:\/\/erboristeria-artemisia.ch\/de\/produkt\/cannabis-zitrone-natuerlich-100g\/","title":{"rendered":"Cannabis Zitrone-Nat\u00fcrlich 100g"},"content":{"rendered":"<h3 data-start=\"92\" data-end=\"165\"><strong data-start=\"96\" data-end=\"165\">Cannabis-Zitronen-Kr\u00e4utertee &#8211; Nat\u00fcrlich, belebend und zitrusartig (100g)<\/strong><\/h3>\n<p data-start=\"167\" data-end=\"427\">Stellen Sie Ihr nat\u00fcrliches Gleichgewicht mit <strong data-start=\"201\" data-end=\"220\">Cannabis Lemon<\/strong> wieder her, einem Kr\u00e4utertee mit einem frischen, w\u00fcrzigen und zitrusartigen Profil. Eine funktionelle Mischung, die die Kraft des <strong data-start=\"325\" data-end=\"335\">Hanfs<\/strong> mit <strong data-start=\"340\" data-end=\"369\">Zitrone, Ingwer und Kurkuma<\/strong> f\u00fcr einen belebenden Aufguss mit unverwechselbarem Geschmack kombiniert. <\/p>\n<p data-start=\"429\" data-end=\"977\">\ud83c\udf4b <strong data-start=\"432\" data-end=\"456\">Nat\u00fcrliche Zutaten<\/strong>: Apfel, Karotte, Kurkuma, Ingwer, Zitronengras, Moringa, Cannabis, Zitrone und Ringelblumenbl\u00fcten.<br data-start=\"549\" data-end=\"552\">\ud83c\udf3f <strong data-start=\"555\" data-end=\"564\">Geschmack<\/strong>: frisch, zitrusartig und leicht w\u00fcrzig, mit einer krautigen Note und einem sanften Abgang.<br data-start=\"648\" data-end=\"651\">\u26a1 <strong data-start=\"653\" data-end=\"664\">Wirkung<\/strong>: nat\u00fcrliches Tonikum, ideal zur sanften Reinigung, zum Ausgleich und zur Energiegewinnung.<br data-start=\"750\" data-end=\"753\"><strong data-start=\"756\" data-end=\"781\">\ud83d\udca7 Hervorragend hei\u00df oder kalt<\/strong>: perfekt, um Ihre Entgiftungsroutine oder Momente des bewussten Innehaltens zu begleiten.<br data-start=\"863\" data-end=\"866\">\ud83c\udf81 <strong data-start=\"869\" data-end=\"888\">100g-Format<\/strong>: eine Mischung, die reich an Vorteilen und Geschmack ist, entwickelt f\u00fcr alle, die sich f\u00fcr einen nat\u00fcrlichen Lebensstil entscheiden.<\/p>\n<p data-start=\"979\" data-end=\"1111\"><strong data-start=\"979\" data-end=\"1015\">Ein moderner, verj\u00fcngender Kr\u00e4utertee<\/strong>, der das Beste aus funktionellen Kr\u00e4utern mit dem Genuss eines erfrischenden Zitrusaromas verbindet.<\/p>\n","protected":false},"excerpt":{"rendered":"<p>Cannabis-Zitronen-Kr\u00e4utertee &#8211; Nat\u00fcrlich, belebend und zitrusartig (100g) Stellen Sie Ihr nat\u00fcrliches Gleichgewicht mit Cannabis Lemon wieder her, einem Kr\u00e4utertee mit einem frischen, w\u00fcrzigen und zitrusartigen Profil. Eine funktionelle Mischung, die die Kraft des Hanfs mit Zitrone, Ingwer und Kurkuma f\u00fcr einen belebenden Aufguss mit unverwechselbarem Geschmack kombiniert. \ud83c\udf4b Nat\u00fcrliche Zutaten: Apfel, Karotte, Kurkuma, Ingwer, Zitronengras, [&hellip;]<\/p>\n","protected":false},"featured_media":30697,"template":"","meta":{"_et_pb_use_builder":"","_et_pb_old_content":"","_et_gb_content_width":""},"product_brand":[],"product_cat":[85],"product_tag":[],"class_list":{"0":"post-30729","1":"product","2":"type-product","3":"status-publish","4":"has-post-thumbnail","6":"product_cat-obst","8":"first","9":"instock","10":"shipping-taxable","11":"purchasable","12":"product-type-simple"},"yoast_head":"<!-- This site is optimized with the Yoast SEO plugin v27.4 - https:\/\/yoast.com\/product\/yoast-seo-wordpress\/ -->\n<title>Cannabis Zitrone-Nat\u00fcrlich 100g - Erboristeria Artemisia<\/title>\n<meta name=\"robots\" content=\"index, follow, max-snippet:-1, max-image-preview:large, max-video-preview:-1\" \/>\n<link rel=\"canonical\" href=\"https:\/\/erboristeria-artemisia.ch\/de\/produkt\/cannabis-zitrone-natuerlich-100g\/\" \/>\n<meta property=\"og:locale\" content=\"de_DE\" \/>\n<meta property=\"og:type\" content=\"article\" \/>\n<meta property=\"og:title\" content=\"Cannabis Zitrone-Nat\u00fcrlich 100g - Erboristeria Artemisia\" \/>\n<meta property=\"og:description\" content=\"Cannabis-Zitronen-Kr\u00e4utertee &#8211; Nat\u00fcrlich, belebend und zitrusartig (100g) Stellen Sie Ihr nat\u00fcrliches Gleichgewicht mit Cannabis Lemon wieder her, einem Kr\u00e4utertee mit einem frischen, w\u00fcrzigen und zitrusartigen Profil. Eine funktionelle Mischung, die die Kraft des Hanfs mit Zitrone, Ingwer und Kurkuma f\u00fcr einen belebenden Aufguss mit unverwechselbarem Geschmack kombiniert. \ud83c\udf4b Nat\u00fcrliche Zutaten: Apfel, Karotte, Kurkuma, Ingwer, Zitronengras, [&hellip;]\" \/>\n<meta property=\"og:url\" content=\"https:\/\/erboristeria-artemisia.ch\/de\/produkt\/cannabis-zitrone-natuerlich-100g\/\" \/>\n<meta property=\"og:site_name\" content=\"Erboristeria Artemisia\" \/>\n<meta property=\"article:modified_time\" content=\"2025-09-25T13:55:54+00:00\" \/>\n<meta property=\"og:image\" content=\"https:\/\/erboristeria-artemisia.ch\/wp-content\/uploads\/2025\/09\/green-mary.jpg\" \/>\n\t<meta property=\"og:image:width\" content=\"302\" \/>\n\t<meta property=\"og:image:height\" content=\"380\" \/>\n\t<meta property=\"og:image:type\" content=\"image\/jpeg\" \/>\n<meta name=\"twitter:card\" content=\"summary_large_image\" \/>\n<meta name=\"twitter:label1\" content=\"Gesch\u00e4tzte Lesezeit\" \/>\n\t<meta name=\"twitter:data1\" content=\"1\u00a0Minute\" \/>\n<script type=\"application\/ld+json\" class=\"yoast-schema-graph\">{\"@context\":\"https:\\\/\\\/schema.org\",\"@graph\":[{\"@type\":\"WebPage\",\"@id\":\"https:\\\/\\\/erboristeria-artemisia.ch\\\/de\\\/produkt\\\/cannabis-zitrone-natuerlich-100g\\\/\",\"url\":\"https:\\\/\\\/erboristeria-artemisia.ch\\\/de\\\/produkt\\\/cannabis-zitrone-natuerlich-100g\\\/\",\"name\":\"Cannabis Zitrone-Nat\u00fcrlich 100g - Erboristeria Artemisia\",\"isPartOf\":{\"@id\":\"https:\\\/\\\/erboristeria-artemisia.ch\\\/de\\\/#website\"},\"primaryImageOfPage\":{\"@id\":\"https:\\\/\\\/erboristeria-artemisia.ch\\\/de\\\/produkt\\\/cannabis-zitrone-natuerlich-100g\\\/#primaryimage\"},\"image\":{\"@id\":\"https:\\\/\\\/erboristeria-artemisia.ch\\\/de\\\/produkt\\\/cannabis-zitrone-natuerlich-100g\\\/#primaryimage\"},\"thumbnailUrl\":\"https:\\\/\\\/erboristeria-artemisia.ch\\\/wp-content\\\/uploads\\\/2025\\\/09\\\/green-mary.jpg\",\"datePublished\":\"2025-09-23T22:04:35+00:00\",\"dateModified\":\"2025-09-25T13:55:54+00:00\",\"breadcrumb\":{\"@id\":\"https:\\\/\\\/erboristeria-artemisia.ch\\\/de\\\/produkt\\\/cannabis-zitrone-natuerlich-100g\\\/#breadcrumb\"},\"inLanguage\":\"de\",\"potentialAction\":[{\"@type\":\"ReadAction\",\"target\":[\"https:\\\/\\\/erboristeria-artemisia.ch\\\/de\\\/produkt\\\/cannabis-zitrone-natuerlich-100g\\\/\"]}]},{\"@type\":\"ImageObject\",\"inLanguage\":\"de\",\"@id\":\"https:\\\/\\\/erboristeria-artemisia.ch\\\/de\\\/produkt\\\/cannabis-zitrone-natuerlich-100g\\\/#primaryimage\",\"url\":\"https:\\\/\\\/erboristeria-artemisia.ch\\\/wp-content\\\/uploads\\\/2025\\\/09\\\/green-mary.jpg\",\"contentUrl\":\"https:\\\/\\\/erboristeria-artemisia.ch\\\/wp-content\\\/uploads\\\/2025\\\/09\\\/green-mary.jpg\",\"width\":302,\"height\":380},{\"@type\":\"BreadcrumbList\",\"@id\":\"https:\\\/\\\/erboristeria-artemisia.ch\\\/de\\\/produkt\\\/cannabis-zitrone-natuerlich-100g\\\/#breadcrumb\",\"itemListElement\":[{\"@type\":\"ListItem\",\"position\":1,\"name\":\"Home\",\"item\":\"https:\\\/\\\/erboristeria-artemisia.ch\\\/de\\\/startseite\\\/\"},{\"@type\":\"ListItem\",\"position\":2,\"name\":\"Shop4\",\"item\":\"https:\\\/\\\/erboristeria-artemisia.ch\\\/shop4\\\/\"},{\"@type\":\"ListItem\",\"position\":3,\"name\":\"Cannabis Zitrone-Nat\u00fcrlich 100g\"}]},{\"@type\":\"WebSite\",\"@id\":\"https:\\\/\\\/erboristeria-artemisia.ch\\\/de\\\/#website\",\"url\":\"https:\\\/\\\/erboristeria-artemisia.ch\\\/de\\\/\",\"name\":\"Erboristeria Artemisia\",\"description\":\"Ogni sorso \u00e8 un momento per te\",\"potentialAction\":[{\"@type\":\"SearchAction\",\"target\":{\"@type\":\"EntryPoint\",\"urlTemplate\":\"https:\\\/\\\/erboristeria-artemisia.ch\\\/de\\\/?s={search_term_string}\"},\"query-input\":{\"@type\":\"PropertyValueSpecification\",\"valueRequired\":true,\"valueName\":\"search_term_string\"}}],\"inLanguage\":\"de\"}]}<\/script>\n<!-- \/ Yoast SEO plugin. -->","yoast_head_json":{"title":"Cannabis Zitrone-Nat\u00fcrlich 100g - Erboristeria Artemisia","robots":{"index":"index","follow":"follow","max-snippet":"max-snippet:-1","max-image-preview":"max-image-preview:large","max-video-preview":"max-video-preview:-1"},"canonical":"https:\/\/erboristeria-artemisia.ch\/de\/produkt\/cannabis-zitrone-natuerlich-100g\/","og_locale":"de_DE","og_type":"article","og_title":"Cannabis Zitrone-Nat\u00fcrlich 100g - Erboristeria Artemisia","og_description":"Cannabis-Zitronen-Kr\u00e4utertee &#8211; Nat\u00fcrlich, belebend und zitrusartig (100g) Stellen Sie Ihr nat\u00fcrliches Gleichgewicht mit Cannabis Lemon wieder her, einem Kr\u00e4utertee mit einem frischen, w\u00fcrzigen und zitrusartigen Profil. Eine funktionelle Mischung, die die Kraft des Hanfs mit Zitrone, Ingwer und Kurkuma f\u00fcr einen belebenden Aufguss mit unverwechselbarem Geschmack kombiniert. \ud83c\udf4b Nat\u00fcrliche Zutaten: Apfel, Karotte, Kurkuma, Ingwer, Zitronengras, [&hellip;]","og_url":"https:\/\/erboristeria-artemisia.ch\/de\/produkt\/cannabis-zitrone-natuerlich-100g\/","og_site_name":"Erboristeria Artemisia","article_modified_time":"2025-09-25T13:55:54+00:00","og_image":[{"width":302,"height":380,"url":"https:\/\/erboristeria-artemisia.ch\/wp-content\/uploads\/2025\/09\/green-mary.jpg","type":"image\/jpeg"}],"twitter_card":"summary_large_image","twitter_misc":{"Gesch\u00e4tzte Lesezeit":"1\u00a0Minute"},"schema":{"@context":"https:\/\/schema.org","@graph":[{"@type":"WebPage","@id":"https:\/\/erboristeria-artemisia.ch\/de\/produkt\/cannabis-zitrone-natuerlich-100g\/","url":"https:\/\/erboristeria-artemisia.ch\/de\/produkt\/cannabis-zitrone-natuerlich-100g\/","name":"Cannabis Zitrone-Nat\u00fcrlich 100g - Erboristeria Artemisia","isPartOf":{"@id":"https:\/\/erboristeria-artemisia.ch\/de\/#website"},"primaryImageOfPage":{"@id":"https:\/\/erboristeria-artemisia.ch\/de\/produkt\/cannabis-zitrone-natuerlich-100g\/#primaryimage"},"image":{"@id":"https:\/\/erboristeria-artemisia.ch\/de\/produkt\/cannabis-zitrone-natuerlich-100g\/#primaryimage"},"thumbnailUrl":"https:\/\/erboristeria-artemisia.ch\/wp-content\/uploads\/2025\/09\/green-mary.jpg","datePublished":"2025-09-23T22:04:35+00:00","dateModified":"2025-09-25T13:55:54+00:00","breadcrumb":{"@id":"https:\/\/erboristeria-artemisia.ch\/de\/produkt\/cannabis-zitrone-natuerlich-100g\/#breadcrumb"},"inLanguage":"de","potentialAction":[{"@type":"ReadAction","target":["https:\/\/erboristeria-artemisia.ch\/de\/produkt\/cannabis-zitrone-natuerlich-100g\/"]}]},{"@type":"ImageObject","inLanguage":"de","@id":"https:\/\/erboristeria-artemisia.ch\/de\/produkt\/cannabis-zitrone-natuerlich-100g\/#primaryimage","url":"https:\/\/erboristeria-artemisia.ch\/wp-content\/uploads\/2025\/09\/green-mary.jpg","contentUrl":"https:\/\/erboristeria-artemisia.ch\/wp-content\/uploads\/2025\/09\/green-mary.jpg","width":302,"height":380},{"@type":"BreadcrumbList","@id":"https:\/\/erboristeria-artemisia.ch\/de\/produkt\/cannabis-zitrone-natuerlich-100g\/#breadcrumb","itemListElement":[{"@type":"ListItem","position":1,"name":"Home","item":"https:\/\/erboristeria-artemisia.ch\/de\/startseite\/"},{"@type":"ListItem","position":2,"name":"Shop4","item":"https:\/\/erboristeria-artemisia.ch\/shop4\/"},{"@type":"ListItem","position":3,"name":"Cannabis Zitrone-Nat\u00fcrlich 100g"}]},{"@type":"WebSite","@id":"https:\/\/erboristeria-artemisia.ch\/de\/#website","url":"https:\/\/erboristeria-artemisia.ch\/de\/","name":"Erboristeria Artemisia","description":"Ogni sorso \u00e8 un momento per te","potentialAction":[{"@type":"SearchAction","target":{"@type":"EntryPoint","urlTemplate":"https:\/\/erboristeria-artemisia.ch\/de\/?s={search_term_string}"},"query-input":{"@type":"PropertyValueSpecification","valueRequired":true,"valueName":"search_term_string"}}],"inLanguage":"de"}]}},"_links":{"self":[{"href":"https:\/\/erboristeria-artemisia.ch\/de\/wp-json\/wp\/v2\/product\/30729","targetHints":{"allow":["GET"]}}],"collection":[{"href":"https:\/\/erboristeria-artemisia.ch\/de\/wp-json\/wp\/v2\/product"}],"about":[{"href":"https:\/\/erboristeria-artemisia.ch\/de\/wp-json\/wp\/v2\/types\/product"}],"wp:featuredmedia":[{"embeddable":true,"href":"https:\/\/erboristeria-artemisia.ch\/de\/wp-json\/wp\/v2\/media\/30697"}],"wp:attachment":[{"href":"https:\/\/erboristeria-artemisia.ch\/de\/wp-json\/wp\/v2\/media?parent=30729"}],"wp:term":[{"taxonomy":"product_brand","embeddable":true,"href":"https:\/\/erboristeria-artemisia.ch\/de\/wp-json\/wp\/v2\/product_brand?post=30729"},{"taxonomy":"product_cat","embeddable":true,"href":"https:\/\/erboristeria-artemisia.ch\/de\/wp-json\/wp\/v2\/product_cat?post=30729"},{"taxonomy":"product_tag","embeddable":true,"href":"https:\/\/erboristeria-artemisia.ch\/de\/wp-json\/wp\/v2\/product_tag?post=30729"}],"curies":[{"name":"wp","href":"https:\/\/api.w.org\/{rel}","templated":true}]}}