{"id":30730,"date":"2025-09-23T23:20:44","date_gmt":"2025-09-23T21:20:44","guid":{"rendered":"https:\/\/erboristeria-artemisia.ch\/product\/vanille\/"},"modified":"2025-09-25T15:57:17","modified_gmt":"2025-09-25T13:57:17","slug":"vanille","status":"publish","type":"product","link":"https:\/\/erboristeria-artemisia.ch\/de\/produkt\/vanille\/","title":{"rendered":"Vanille"},"content":{"rendered":"<h3 data-start=\"69\" data-end=\"121\"><strong data-start=\"73\" data-end=\"121\">Vanille-Weihrauch &#8211; 100% nat\u00fcrliche Zutaten<\/strong><\/h3>\n<p data-start=\"123\" data-end=\"395\">H\u00fcllen Sie sich in die warme und umh\u00fcllende S\u00fc\u00dfe von <strong data-start=\"173\" data-end=\"185\">Vanille<\/strong>, ein weiches und beruhigendes Aroma, das eine entspannende und gem\u00fctliche Atmosph\u00e4re schafft. Dieser nat\u00fcrliche Weihrauch ist perfekt f\u00fcr Momente der Entspannung, der Meditation oder um den R\u00e4umen in Ihrem Zuhause einen Hauch von S\u00fc\u00dfe zu verleihen.<\/p>\n<p data-start=\"397\" data-end=\"678\">\ud83c\udf3f <strong data-start=\"400\" data-end=\"416\">Zusammensetzung<\/strong>: Hergestellt aus 100% nat\u00fcrlichen Zutaten &#8211; reine Vanilleextrakte und Harze ohne synthetische Duftstoffe, Farbstoffe oder Chemikalien.<br data-start=\"551\" data-end=\"554\">\ud83d\udd25 <strong data-start=\"557\" data-end=\"566\">Aroma<\/strong>: S\u00fc\u00df, warm und cremig, mit weichen, anhaltenden Noten.<br data-start=\"623\" data-end=\"626\">\ud83d\udeab <strong data-start=\"629\" data-end=\"638\">Ohne<\/strong> k\u00fcnstliche Zusatzstoffe oder sch\u00e4dliche Substanzen.<\/p>\n<p data-start=\"680\" data-end=\"808\">\ud83d\udce6 <strong data-start=\"683\" data-end=\"696\">Inhalt<\/strong>: 10 St\u00e4bchen<br data-start=\"711\" data-end=\"714\">\ud83d\udccf <strong data-start=\"717\" data-end=\"730\">L\u00e4nge<\/strong>: je 20 cm<br data-start=\"746\" data-end=\"749\">\ud83d\udd25 <strong data-start=\"752\" data-end=\"776\">Brenndauer<\/strong>: ca. 30 Minuten pro St\u00e4bchen<\/p>\n<p data-start=\"810\" data-end=\"952\"><strong data-start=\"810\" data-end=\"952\">Ein nat\u00fcrliches und umh\u00fcllendes R\u00e4ucherwerk, ideal, um eine gem\u00fctliche und entspannende Atmosph\u00e4re zu schaffen, perfekt f\u00fcr zu Hause oder Momente der Meditation.<\/strong><\/p>\n","protected":false},"excerpt":{"rendered":"<p>Vanille-Weihrauch &#8211; 100% nat\u00fcrliche Zutaten H\u00fcllen Sie sich in die warme und umh\u00fcllende S\u00fc\u00dfe von Vanille, ein weiches und beruhigendes Aroma, das eine entspannende und gem\u00fctliche Atmosph\u00e4re schafft. Dieser nat\u00fcrliche Weihrauch ist perfekt f\u00fcr Momente der Entspannung, der Meditation oder um den R\u00e4umen in Ihrem Zuhause einen Hauch von S\u00fc\u00dfe zu verleihen. \ud83c\udf3f Zusammensetzung: Hergestellt [&hellip;]<\/p>\n","protected":false},"featured_media":30670,"template":"","meta":{"_et_pb_use_builder":"","_et_pb_old_content":"","_et_gb_content_width":""},"product_brand":[],"product_cat":[86],"product_tag":[],"class_list":{"0":"post-30730","1":"product","2":"type-product","3":"status-publish","4":"has-post-thumbnail","6":"product_cat-essstabchen","8":"first","9":"instock","10":"shipping-taxable","11":"purchasable","12":"product-type-simple"},"yoast_head":"<!-- This site is optimized with the Yoast SEO plugin v27.4 - https:\/\/yoast.com\/product\/yoast-seo-wordpress\/ -->\n<title>Vanille - Erboristeria Artemisia<\/title>\n<meta name=\"robots\" content=\"index, follow, max-snippet:-1, max-image-preview:large, max-video-preview:-1\" \/>\n<link rel=\"canonical\" href=\"https:\/\/erboristeria-artemisia.ch\/de\/produkt\/vanille\/\" \/>\n<meta property=\"og:locale\" content=\"de_DE\" \/>\n<meta property=\"og:type\" content=\"article\" \/>\n<meta property=\"og:title\" content=\"Vanille - Erboristeria Artemisia\" \/>\n<meta property=\"og:description\" content=\"Vanille-Weihrauch &#8211; 100% nat\u00fcrliche Zutaten H\u00fcllen Sie sich in die warme und umh\u00fcllende S\u00fc\u00dfe von Vanille, ein weiches und beruhigendes Aroma, das eine entspannende und gem\u00fctliche Atmosph\u00e4re schafft. Dieser nat\u00fcrliche Weihrauch ist perfekt f\u00fcr Momente der Entspannung, der Meditation oder um den R\u00e4umen in Ihrem Zuhause einen Hauch von S\u00fc\u00dfe zu verleihen. \ud83c\udf3f Zusammensetzung: Hergestellt [&hellip;]\" \/>\n<meta property=\"og:url\" content=\"https:\/\/erboristeria-artemisia.ch\/de\/produkt\/vanille\/\" \/>\n<meta property=\"og:site_name\" content=\"Erboristeria Artemisia\" \/>\n<meta property=\"article:modified_time\" content=\"2025-09-25T13:57:17+00:00\" \/>\n<meta property=\"og:image\" content=\"https:\/\/erboristeria-artemisia.ch\/wp-content\/uploads\/2025\/09\/Vanilla.jpg\" \/>\n\t<meta property=\"og:image:width\" content=\"2000\" \/>\n\t<meta property=\"og:image:height\" content=\"2000\" \/>\n\t<meta property=\"og:image:type\" content=\"image\/jpeg\" \/>\n<meta name=\"twitter:card\" content=\"summary_large_image\" \/>\n<meta name=\"twitter:label1\" content=\"Gesch\u00e4tzte Lesezeit\" \/>\n\t<meta name=\"twitter:data1\" content=\"1\u00a0Minute\" \/>\n<script type=\"application\/ld+json\" class=\"yoast-schema-graph\">{\"@context\":\"https:\\\/\\\/schema.org\",\"@graph\":[{\"@type\":\"WebPage\",\"@id\":\"https:\\\/\\\/erboristeria-artemisia.ch\\\/de\\\/produkt\\\/vanille\\\/\",\"url\":\"https:\\\/\\\/erboristeria-artemisia.ch\\\/de\\\/produkt\\\/vanille\\\/\",\"name\":\"Vanille - Erboristeria Artemisia\",\"isPartOf\":{\"@id\":\"https:\\\/\\\/erboristeria-artemisia.ch\\\/de\\\/#website\"},\"primaryImageOfPage\":{\"@id\":\"https:\\\/\\\/erboristeria-artemisia.ch\\\/de\\\/produkt\\\/vanille\\\/#primaryimage\"},\"image\":{\"@id\":\"https:\\\/\\\/erboristeria-artemisia.ch\\\/de\\\/produkt\\\/vanille\\\/#primaryimage\"},\"thumbnailUrl\":\"https:\\\/\\\/erboristeria-artemisia.ch\\\/wp-content\\\/uploads\\\/2025\\\/09\\\/Vanilla.jpg\",\"datePublished\":\"2025-09-23T21:20:44+00:00\",\"dateModified\":\"2025-09-25T13:57:17+00:00\",\"breadcrumb\":{\"@id\":\"https:\\\/\\\/erboristeria-artemisia.ch\\\/de\\\/produkt\\\/vanille\\\/#breadcrumb\"},\"inLanguage\":\"de\",\"potentialAction\":[{\"@type\":\"ReadAction\",\"target\":[\"https:\\\/\\\/erboristeria-artemisia.ch\\\/de\\\/produkt\\\/vanille\\\/\"]}]},{\"@type\":\"ImageObject\",\"inLanguage\":\"de\",\"@id\":\"https:\\\/\\\/erboristeria-artemisia.ch\\\/de\\\/produkt\\\/vanille\\\/#primaryimage\",\"url\":\"https:\\\/\\\/erboristeria-artemisia.ch\\\/wp-content\\\/uploads\\\/2025\\\/09\\\/Vanilla.jpg\",\"contentUrl\":\"https:\\\/\\\/erboristeria-artemisia.ch\\\/wp-content\\\/uploads\\\/2025\\\/09\\\/Vanilla.jpg\",\"width\":2000,\"height\":2000},{\"@type\":\"BreadcrumbList\",\"@id\":\"https:\\\/\\\/erboristeria-artemisia.ch\\\/de\\\/produkt\\\/vanille\\\/#breadcrumb\",\"itemListElement\":[{\"@type\":\"ListItem\",\"position\":1,\"name\":\"Home\",\"item\":\"https:\\\/\\\/erboristeria-artemisia.ch\\\/de\\\/startseite\\\/\"},{\"@type\":\"ListItem\",\"position\":2,\"name\":\"Shop4\",\"item\":\"https:\\\/\\\/erboristeria-artemisia.ch\\\/shop4\\\/\"},{\"@type\":\"ListItem\",\"position\":3,\"name\":\"Vanille\"}]},{\"@type\":\"WebSite\",\"@id\":\"https:\\\/\\\/erboristeria-artemisia.ch\\\/de\\\/#website\",\"url\":\"https:\\\/\\\/erboristeria-artemisia.ch\\\/de\\\/\",\"name\":\"Erboristeria Artemisia\",\"description\":\"Ogni sorso \u00e8 un momento per te\",\"potentialAction\":[{\"@type\":\"SearchAction\",\"target\":{\"@type\":\"EntryPoint\",\"urlTemplate\":\"https:\\\/\\\/erboristeria-artemisia.ch\\\/de\\\/?s={search_term_string}\"},\"query-input\":{\"@type\":\"PropertyValueSpecification\",\"valueRequired\":true,\"valueName\":\"search_term_string\"}}],\"inLanguage\":\"de\"}]}<\/script>\n<!-- \/ Yoast SEO plugin. -->","yoast_head_json":{"title":"Vanille - Erboristeria Artemisia","robots":{"index":"index","follow":"follow","max-snippet":"max-snippet:-1","max-image-preview":"max-image-preview:large","max-video-preview":"max-video-preview:-1"},"canonical":"https:\/\/erboristeria-artemisia.ch\/de\/produkt\/vanille\/","og_locale":"de_DE","og_type":"article","og_title":"Vanille - Erboristeria Artemisia","og_description":"Vanille-Weihrauch &#8211; 100% nat\u00fcrliche Zutaten H\u00fcllen Sie sich in die warme und umh\u00fcllende S\u00fc\u00dfe von Vanille, ein weiches und beruhigendes Aroma, das eine entspannende und gem\u00fctliche Atmosph\u00e4re schafft. Dieser nat\u00fcrliche Weihrauch ist perfekt f\u00fcr Momente der Entspannung, der Meditation oder um den R\u00e4umen in Ihrem Zuhause einen Hauch von S\u00fc\u00dfe zu verleihen. \ud83c\udf3f Zusammensetzung: Hergestellt [&hellip;]","og_url":"https:\/\/erboristeria-artemisia.ch\/de\/produkt\/vanille\/","og_site_name":"Erboristeria Artemisia","article_modified_time":"2025-09-25T13:57:17+00:00","og_image":[{"width":2000,"height":2000,"url":"https:\/\/erboristeria-artemisia.ch\/wp-content\/uploads\/2025\/09\/Vanilla.jpg","type":"image\/jpeg"}],"twitter_card":"summary_large_image","twitter_misc":{"Gesch\u00e4tzte Lesezeit":"1\u00a0Minute"},"schema":{"@context":"https:\/\/schema.org","@graph":[{"@type":"WebPage","@id":"https:\/\/erboristeria-artemisia.ch\/de\/produkt\/vanille\/","url":"https:\/\/erboristeria-artemisia.ch\/de\/produkt\/vanille\/","name":"Vanille - Erboristeria Artemisia","isPartOf":{"@id":"https:\/\/erboristeria-artemisia.ch\/de\/#website"},"primaryImageOfPage":{"@id":"https:\/\/erboristeria-artemisia.ch\/de\/produkt\/vanille\/#primaryimage"},"image":{"@id":"https:\/\/erboristeria-artemisia.ch\/de\/produkt\/vanille\/#primaryimage"},"thumbnailUrl":"https:\/\/erboristeria-artemisia.ch\/wp-content\/uploads\/2025\/09\/Vanilla.jpg","datePublished":"2025-09-23T21:20:44+00:00","dateModified":"2025-09-25T13:57:17+00:00","breadcrumb":{"@id":"https:\/\/erboristeria-artemisia.ch\/de\/produkt\/vanille\/#breadcrumb"},"inLanguage":"de","potentialAction":[{"@type":"ReadAction","target":["https:\/\/erboristeria-artemisia.ch\/de\/produkt\/vanille\/"]}]},{"@type":"ImageObject","inLanguage":"de","@id":"https:\/\/erboristeria-artemisia.ch\/de\/produkt\/vanille\/#primaryimage","url":"https:\/\/erboristeria-artemisia.ch\/wp-content\/uploads\/2025\/09\/Vanilla.jpg","contentUrl":"https:\/\/erboristeria-artemisia.ch\/wp-content\/uploads\/2025\/09\/Vanilla.jpg","width":2000,"height":2000},{"@type":"BreadcrumbList","@id":"https:\/\/erboristeria-artemisia.ch\/de\/produkt\/vanille\/#breadcrumb","itemListElement":[{"@type":"ListItem","position":1,"name":"Home","item":"https:\/\/erboristeria-artemisia.ch\/de\/startseite\/"},{"@type":"ListItem","position":2,"name":"Shop4","item":"https:\/\/erboristeria-artemisia.ch\/shop4\/"},{"@type":"ListItem","position":3,"name":"Vanille"}]},{"@type":"WebSite","@id":"https:\/\/erboristeria-artemisia.ch\/de\/#website","url":"https:\/\/erboristeria-artemisia.ch\/de\/","name":"Erboristeria Artemisia","description":"Ogni sorso \u00e8 un momento per te","potentialAction":[{"@type":"SearchAction","target":{"@type":"EntryPoint","urlTemplate":"https:\/\/erboristeria-artemisia.ch\/de\/?s={search_term_string}"},"query-input":{"@type":"PropertyValueSpecification","valueRequired":true,"valueName":"search_term_string"}}],"inLanguage":"de"}]}},"_links":{"self":[{"href":"https:\/\/erboristeria-artemisia.ch\/de\/wp-json\/wp\/v2\/product\/30730","targetHints":{"allow":["GET"]}}],"collection":[{"href":"https:\/\/erboristeria-artemisia.ch\/de\/wp-json\/wp\/v2\/product"}],"about":[{"href":"https:\/\/erboristeria-artemisia.ch\/de\/wp-json\/wp\/v2\/types\/product"}],"wp:featuredmedia":[{"embeddable":true,"href":"https:\/\/erboristeria-artemisia.ch\/de\/wp-json\/wp\/v2\/media\/30670"}],"wp:attachment":[{"href":"https:\/\/erboristeria-artemisia.ch\/de\/wp-json\/wp\/v2\/media?parent=30730"}],"wp:term":[{"taxonomy":"product_brand","embeddable":true,"href":"https:\/\/erboristeria-artemisia.ch\/de\/wp-json\/wp\/v2\/product_brand?post=30730"},{"taxonomy":"product_cat","embeddable":true,"href":"https:\/\/erboristeria-artemisia.ch\/de\/wp-json\/wp\/v2\/product_cat?post=30730"},{"taxonomy":"product_tag","embeddable":true,"href":"https:\/\/erboristeria-artemisia.ch\/de\/wp-json\/wp\/v2\/product_tag?post=30730"}],"curies":[{"name":"wp","href":"https:\/\/api.w.org\/{rel}","templated":true}]}}