{"id":30731,"date":"2025-09-23T23:14:03","date_gmt":"2025-09-23T21:14:03","guid":{"rendered":"https:\/\/erboristeria-artemisia.ch\/product\/sandelholz-gruene-linie\/"},"modified":"2025-09-25T15:57:50","modified_gmt":"2025-09-25T13:57:50","slug":"sandelholz-gruene-linie","status":"publish","type":"product","link":"https:\/\/erboristeria-artemisia.ch\/de\/produkt\/sandelholz-gruene-linie\/","title":{"rendered":"Sandelholz Gr\u00fcne Linie"},"content":{"rendered":"<h3 data-start=\"79\" data-end=\"129\"><strong data-start=\"83\" data-end=\"129\">Sandelholz Green Line &#8211; 100% Nat\u00fcrlich<\/strong><\/h3>\n<p data-start=\"131\" data-end=\"463\">Entdecken Sie die Reinheit und Eleganz von <strong data-start=\"166\" data-end=\"199\">Sandelholz<\/strong> im Kegelformat, Teil der Green Line, die nat\u00fcrlichen und nachhaltigen Produkten gewidmet ist. Diese T\u00fcten werden aus 100% nat\u00fcrlichen Zutaten hergestellt, ohne synthetische Duftstoffe, Farbstoffe oder Chemikalien, f\u00fcr ein authentisches und umweltfreundliches Erlebnis.<\/p>\n<p data-start=\"465\" data-end=\"894\">\ud83c\udf3f <strong data-start=\"468\" data-end=\"484\">Zusammensetzung<\/strong>: Ausgew\u00e4hlte nat\u00fcrliche Inhaltsstoffe, formuliert, um ein gleichm\u00e4\u00dfiges Abbrennen und ein zartes, anhaltendes Aroma zu gew\u00e4hrleisten.<br data-start=\"603\" data-end=\"606\">\ud83d\udd25 <strong data-start=\"609\" data-end=\"618\">Aroma<\/strong>: Warm, s\u00fc\u00df und holzig, typisch f\u00fcr Sandelholz, ideal f\u00fcr Meditation, Entspannung und reinigende R\u00e4ume.<br data-start=\"738\" data-end=\"741\">\ud83d\udce6 <strong data-start=\"744\" data-end=\"757\">Inhalt<\/strong>: Packung mit 8 Kegeln<br data-start=\"780\" data-end=\"783\">\u2696\ufe0f <strong data-start=\"786\" data-end=\"801\">Gesamtgewicht<\/strong>: ca. 20 g (einschlie\u00dflich Kegelhalter)<br data-start=\"834\" data-end=\"837\">\ud83d\udd6f\ufe0f <strong data-start=\"841\" data-end=\"865\">Brenndauer<\/strong>: ca. 20-25 Minuten pro Kegel<\/p>\n<p data-start=\"896\" data-end=\"1018\"><strong data-start=\"896\" data-end=\"1018\">Perfekt f\u00fcr alle, die ein nat\u00fcrliches, praktisches R\u00e4ucherwerk mit einem raffinierten Duft und einer umweltfreundlichen Verpackung suchen.<\/strong><\/p>\n","protected":false},"excerpt":{"rendered":"<p>Sandelholz Green Line &#8211; 100% Nat\u00fcrlich Entdecken Sie die Reinheit und Eleganz von Sandelholz im Kegelformat, Teil der Green Line, die nat\u00fcrlichen und nachhaltigen Produkten gewidmet ist. Diese T\u00fcten werden aus 100% nat\u00fcrlichen Zutaten hergestellt, ohne synthetische Duftstoffe, Farbstoffe oder Chemikalien, f\u00fcr ein authentisches und umweltfreundliches Erlebnis. \ud83c\udf3f Zusammensetzung: Ausgew\u00e4hlte nat\u00fcrliche Inhaltsstoffe, formuliert, um ein [&hellip;]<\/p>\n","protected":false},"featured_media":30662,"template":"","meta":{"_et_pb_use_builder":"","_et_pb_old_content":"","_et_gb_content_width":""},"product_brand":[],"product_cat":[87],"product_tag":[],"class_list":{"0":"post-30731","1":"product","2":"type-product","3":"status-publish","4":"has-post-thumbnail","6":"product_cat-kegel","8":"first","9":"instock","10":"shipping-taxable","11":"purchasable","12":"product-type-simple"},"yoast_head":"<!-- This site is optimized with the Yoast SEO plugin v27.4 - https:\/\/yoast.com\/product\/yoast-seo-wordpress\/ -->\n<title>Sandelholz Gr\u00fcne Linie - Erboristeria Artemisia<\/title>\n<meta name=\"robots\" content=\"index, follow, max-snippet:-1, max-image-preview:large, max-video-preview:-1\" \/>\n<link rel=\"canonical\" href=\"https:\/\/erboristeria-artemisia.ch\/de\/produkt\/sandelholz-gruene-linie\/\" \/>\n<meta property=\"og:locale\" content=\"de_DE\" \/>\n<meta property=\"og:type\" content=\"article\" \/>\n<meta property=\"og:title\" content=\"Sandelholz Gr\u00fcne Linie - Erboristeria Artemisia\" \/>\n<meta property=\"og:description\" content=\"Sandelholz Green Line &#8211; 100% Nat\u00fcrlich Entdecken Sie die Reinheit und Eleganz von Sandelholz im Kegelformat, Teil der Green Line, die nat\u00fcrlichen und nachhaltigen Produkten gewidmet ist. Diese T\u00fcten werden aus 100% nat\u00fcrlichen Zutaten hergestellt, ohne synthetische Duftstoffe, Farbstoffe oder Chemikalien, f\u00fcr ein authentisches und umweltfreundliches Erlebnis. \ud83c\udf3f Zusammensetzung: Ausgew\u00e4hlte nat\u00fcrliche Inhaltsstoffe, formuliert, um ein [&hellip;]\" \/>\n<meta property=\"og:url\" content=\"https:\/\/erboristeria-artemisia.ch\/de\/produkt\/sandelholz-gruene-linie\/\" \/>\n<meta property=\"og:site_name\" content=\"Erboristeria Artemisia\" \/>\n<meta property=\"article:modified_time\" content=\"2025-09-25T13:57:50+00:00\" \/>\n<meta property=\"og:image\" content=\"https:\/\/erboristeria-artemisia.ch\/wp-content\/uploads\/2025\/09\/Sandelholz.jpg\" \/>\n\t<meta property=\"og:image:width\" content=\"2000\" \/>\n\t<meta property=\"og:image:height\" content=\"2000\" \/>\n\t<meta property=\"og:image:type\" content=\"image\/jpeg\" \/>\n<meta name=\"twitter:card\" content=\"summary_large_image\" \/>\n<meta name=\"twitter:label1\" content=\"Gesch\u00e4tzte Lesezeit\" \/>\n\t<meta name=\"twitter:data1\" content=\"1\u00a0Minute\" \/>\n<script type=\"application\/ld+json\" class=\"yoast-schema-graph\">{\"@context\":\"https:\\\/\\\/schema.org\",\"@graph\":[{\"@type\":\"WebPage\",\"@id\":\"https:\\\/\\\/erboristeria-artemisia.ch\\\/de\\\/produkt\\\/sandelholz-gruene-linie\\\/\",\"url\":\"https:\\\/\\\/erboristeria-artemisia.ch\\\/de\\\/produkt\\\/sandelholz-gruene-linie\\\/\",\"name\":\"Sandelholz Gr\u00fcne Linie - Erboristeria Artemisia\",\"isPartOf\":{\"@id\":\"https:\\\/\\\/erboristeria-artemisia.ch\\\/de\\\/#website\"},\"primaryImageOfPage\":{\"@id\":\"https:\\\/\\\/erboristeria-artemisia.ch\\\/de\\\/produkt\\\/sandelholz-gruene-linie\\\/#primaryimage\"},\"image\":{\"@id\":\"https:\\\/\\\/erboristeria-artemisia.ch\\\/de\\\/produkt\\\/sandelholz-gruene-linie\\\/#primaryimage\"},\"thumbnailUrl\":\"https:\\\/\\\/erboristeria-artemisia.ch\\\/wp-content\\\/uploads\\\/2025\\\/09\\\/Sandelholz.jpg\",\"datePublished\":\"2025-09-23T21:14:03+00:00\",\"dateModified\":\"2025-09-25T13:57:50+00:00\",\"breadcrumb\":{\"@id\":\"https:\\\/\\\/erboristeria-artemisia.ch\\\/de\\\/produkt\\\/sandelholz-gruene-linie\\\/#breadcrumb\"},\"inLanguage\":\"de\",\"potentialAction\":[{\"@type\":\"ReadAction\",\"target\":[\"https:\\\/\\\/erboristeria-artemisia.ch\\\/de\\\/produkt\\\/sandelholz-gruene-linie\\\/\"]}]},{\"@type\":\"ImageObject\",\"inLanguage\":\"de\",\"@id\":\"https:\\\/\\\/erboristeria-artemisia.ch\\\/de\\\/produkt\\\/sandelholz-gruene-linie\\\/#primaryimage\",\"url\":\"https:\\\/\\\/erboristeria-artemisia.ch\\\/wp-content\\\/uploads\\\/2025\\\/09\\\/Sandelholz.jpg\",\"contentUrl\":\"https:\\\/\\\/erboristeria-artemisia.ch\\\/wp-content\\\/uploads\\\/2025\\\/09\\\/Sandelholz.jpg\",\"width\":2000,\"height\":2000},{\"@type\":\"BreadcrumbList\",\"@id\":\"https:\\\/\\\/erboristeria-artemisia.ch\\\/de\\\/produkt\\\/sandelholz-gruene-linie\\\/#breadcrumb\",\"itemListElement\":[{\"@type\":\"ListItem\",\"position\":1,\"name\":\"Home\",\"item\":\"https:\\\/\\\/erboristeria-artemisia.ch\\\/de\\\/startseite\\\/\"},{\"@type\":\"ListItem\",\"position\":2,\"name\":\"Shop4\",\"item\":\"https:\\\/\\\/erboristeria-artemisia.ch\\\/shop4\\\/\"},{\"@type\":\"ListItem\",\"position\":3,\"name\":\"Sandelholz Gr\u00fcne Linie\"}]},{\"@type\":\"WebSite\",\"@id\":\"https:\\\/\\\/erboristeria-artemisia.ch\\\/de\\\/#website\",\"url\":\"https:\\\/\\\/erboristeria-artemisia.ch\\\/de\\\/\",\"name\":\"Erboristeria Artemisia\",\"description\":\"Ogni sorso \u00e8 un momento per te\",\"potentialAction\":[{\"@type\":\"SearchAction\",\"target\":{\"@type\":\"EntryPoint\",\"urlTemplate\":\"https:\\\/\\\/erboristeria-artemisia.ch\\\/de\\\/?s={search_term_string}\"},\"query-input\":{\"@type\":\"PropertyValueSpecification\",\"valueRequired\":true,\"valueName\":\"search_term_string\"}}],\"inLanguage\":\"de\"}]}<\/script>\n<!-- \/ Yoast SEO plugin. -->","yoast_head_json":{"title":"Sandelholz Gr\u00fcne Linie - Erboristeria Artemisia","robots":{"index":"index","follow":"follow","max-snippet":"max-snippet:-1","max-image-preview":"max-image-preview:large","max-video-preview":"max-video-preview:-1"},"canonical":"https:\/\/erboristeria-artemisia.ch\/de\/produkt\/sandelholz-gruene-linie\/","og_locale":"de_DE","og_type":"article","og_title":"Sandelholz Gr\u00fcne Linie - Erboristeria Artemisia","og_description":"Sandelholz Green Line &#8211; 100% Nat\u00fcrlich Entdecken Sie die Reinheit und Eleganz von Sandelholz im Kegelformat, Teil der Green Line, die nat\u00fcrlichen und nachhaltigen Produkten gewidmet ist. Diese T\u00fcten werden aus 100% nat\u00fcrlichen Zutaten hergestellt, ohne synthetische Duftstoffe, Farbstoffe oder Chemikalien, f\u00fcr ein authentisches und umweltfreundliches Erlebnis. \ud83c\udf3f Zusammensetzung: Ausgew\u00e4hlte nat\u00fcrliche Inhaltsstoffe, formuliert, um ein [&hellip;]","og_url":"https:\/\/erboristeria-artemisia.ch\/de\/produkt\/sandelholz-gruene-linie\/","og_site_name":"Erboristeria Artemisia","article_modified_time":"2025-09-25T13:57:50+00:00","og_image":[{"width":2000,"height":2000,"url":"https:\/\/erboristeria-artemisia.ch\/wp-content\/uploads\/2025\/09\/Sandelholz.jpg","type":"image\/jpeg"}],"twitter_card":"summary_large_image","twitter_misc":{"Gesch\u00e4tzte Lesezeit":"1\u00a0Minute"},"schema":{"@context":"https:\/\/schema.org","@graph":[{"@type":"WebPage","@id":"https:\/\/erboristeria-artemisia.ch\/de\/produkt\/sandelholz-gruene-linie\/","url":"https:\/\/erboristeria-artemisia.ch\/de\/produkt\/sandelholz-gruene-linie\/","name":"Sandelholz Gr\u00fcne Linie - Erboristeria Artemisia","isPartOf":{"@id":"https:\/\/erboristeria-artemisia.ch\/de\/#website"},"primaryImageOfPage":{"@id":"https:\/\/erboristeria-artemisia.ch\/de\/produkt\/sandelholz-gruene-linie\/#primaryimage"},"image":{"@id":"https:\/\/erboristeria-artemisia.ch\/de\/produkt\/sandelholz-gruene-linie\/#primaryimage"},"thumbnailUrl":"https:\/\/erboristeria-artemisia.ch\/wp-content\/uploads\/2025\/09\/Sandelholz.jpg","datePublished":"2025-09-23T21:14:03+00:00","dateModified":"2025-09-25T13:57:50+00:00","breadcrumb":{"@id":"https:\/\/erboristeria-artemisia.ch\/de\/produkt\/sandelholz-gruene-linie\/#breadcrumb"},"inLanguage":"de","potentialAction":[{"@type":"ReadAction","target":["https:\/\/erboristeria-artemisia.ch\/de\/produkt\/sandelholz-gruene-linie\/"]}]},{"@type":"ImageObject","inLanguage":"de","@id":"https:\/\/erboristeria-artemisia.ch\/de\/produkt\/sandelholz-gruene-linie\/#primaryimage","url":"https:\/\/erboristeria-artemisia.ch\/wp-content\/uploads\/2025\/09\/Sandelholz.jpg","contentUrl":"https:\/\/erboristeria-artemisia.ch\/wp-content\/uploads\/2025\/09\/Sandelholz.jpg","width":2000,"height":2000},{"@type":"BreadcrumbList","@id":"https:\/\/erboristeria-artemisia.ch\/de\/produkt\/sandelholz-gruene-linie\/#breadcrumb","itemListElement":[{"@type":"ListItem","position":1,"name":"Home","item":"https:\/\/erboristeria-artemisia.ch\/de\/startseite\/"},{"@type":"ListItem","position":2,"name":"Shop4","item":"https:\/\/erboristeria-artemisia.ch\/shop4\/"},{"@type":"ListItem","position":3,"name":"Sandelholz Gr\u00fcne Linie"}]},{"@type":"WebSite","@id":"https:\/\/erboristeria-artemisia.ch\/de\/#website","url":"https:\/\/erboristeria-artemisia.ch\/de\/","name":"Erboristeria Artemisia","description":"Ogni sorso \u00e8 un momento per te","potentialAction":[{"@type":"SearchAction","target":{"@type":"EntryPoint","urlTemplate":"https:\/\/erboristeria-artemisia.ch\/de\/?s={search_term_string}"},"query-input":{"@type":"PropertyValueSpecification","valueRequired":true,"valueName":"search_term_string"}}],"inLanguage":"de"}]}},"_links":{"self":[{"href":"https:\/\/erboristeria-artemisia.ch\/de\/wp-json\/wp\/v2\/product\/30731","targetHints":{"allow":["GET"]}}],"collection":[{"href":"https:\/\/erboristeria-artemisia.ch\/de\/wp-json\/wp\/v2\/product"}],"about":[{"href":"https:\/\/erboristeria-artemisia.ch\/de\/wp-json\/wp\/v2\/types\/product"}],"wp:featuredmedia":[{"embeddable":true,"href":"https:\/\/erboristeria-artemisia.ch\/de\/wp-json\/wp\/v2\/media\/30662"}],"wp:attachment":[{"href":"https:\/\/erboristeria-artemisia.ch\/de\/wp-json\/wp\/v2\/media?parent=30731"}],"wp:term":[{"taxonomy":"product_brand","embeddable":true,"href":"https:\/\/erboristeria-artemisia.ch\/de\/wp-json\/wp\/v2\/product_brand?post=30731"},{"taxonomy":"product_cat","embeddable":true,"href":"https:\/\/erboristeria-artemisia.ch\/de\/wp-json\/wp\/v2\/product_cat?post=30731"},{"taxonomy":"product_tag","embeddable":true,"href":"https:\/\/erboristeria-artemisia.ch\/de\/wp-json\/wp\/v2\/product_tag?post=30731"}],"curies":[{"name":"wp","href":"https:\/\/api.w.org\/{rel}","templated":true}]}}