{"id":30732,"date":"2025-09-23T23:28:28","date_gmt":"2025-09-23T21:28:28","guid":{"rendered":"https:\/\/erboristeria-artemisia.ch\/product\/ylang-ylang\/"},"modified":"2025-09-25T15:57:50","modified_gmt":"2025-09-25T13:57:50","slug":"ylang-ylang","status":"publish","type":"product","link":"https:\/\/erboristeria-artemisia.ch\/de\/produkt\/ylang-ylang\/","title":{"rendered":"Ylang Ylang"},"content":{"rendered":"<h3 data-start=\"72\" data-end=\"127\"><strong data-start=\"76\" data-end=\"127\">Ylang Ylang Weihrauch &#8211; 100% nat\u00fcrliche Inhaltsstoffe<\/strong><\/h3>\n<p data-start=\"129\" data-end=\"425\"><strong data-start=\"162\" data-end=\"177\">Ylang Ylang<\/strong> ist bekannt f\u00fcr seinen blumigen, reichhaltigen und umh\u00fcllenden Duft, der Entspannung, Harmonie und einen Hauch von Sinnlichkeit in die Umgebung bringt. Dieses nat\u00fcrliche R\u00e4ucherwerk ist ideal f\u00fcr Momente der Meditation, der Entspannung oder um eine romantische und ruhige Atmosph\u00e4re zu schaffen. <\/p>\n<p data-start=\"427\" data-end=\"730\">\ud83c\udf3f <strong data-start=\"430\" data-end=\"446\">Zusammensetzung<\/strong>: Hergestellt aus 100% nat\u00fcrlichen Inhaltsstoffen &#8211; reinen \u00e4therischen Ylang-Ylang-\u00d6len und Harzen ohne synthetische Duftstoffe, Farbstoffe oder Chemikalien.<br data-start=\"590\" data-end=\"593\">\ud83d\udd25 <strong data-start=\"596\" data-end=\"605\">Aroma<\/strong>: Blumig, s\u00fc\u00df und leicht fruchtig, mit warmen, umh\u00fcllenden Noten.<br data-start=\"675\" data-end=\"678\">\ud83d\udeab <strong data-start=\"681\" data-end=\"690\">Ohne<\/strong> k\u00fcnstliche Zus\u00e4tze oder sch\u00e4dliche Substanzen.<\/p>\n<p data-start=\"732\" data-end=\"860\">\ud83d\udce6 <strong data-start=\"735\" data-end=\"748\">Inhalt<\/strong>: 10 St\u00e4bchen<br data-start=\"763\" data-end=\"766\">\ud83d\udccf <strong data-start=\"769\" data-end=\"782\">L\u00e4nge<\/strong>: je 20 cm<br data-start=\"798\" data-end=\"801\">\ud83d\udd25 <strong data-start=\"804\" data-end=\"828\">Brenndauer<\/strong>: ca. 30 Minuten pro St\u00e4bchen<\/p>\n<p data-start=\"862\" data-end=\"995\"><strong data-start=\"862\" data-end=\"995\">Ein nat\u00fcrlicher und raffinierter Weihrauch, perfekt f\u00fcr alle, die einen s\u00fc\u00dfen und harmonischen Duft suchen, ideal f\u00fcr Ihr Zuhause und Momente der Entspannung.<\/strong><\/p>\n","protected":false},"excerpt":{"rendered":"<p>Ylang Ylang Weihrauch &#8211; 100% nat\u00fcrliche Inhaltsstoffe Ylang Ylang ist bekannt f\u00fcr seinen blumigen, reichhaltigen und umh\u00fcllenden Duft, der Entspannung, Harmonie und einen Hauch von Sinnlichkeit in die Umgebung bringt. Dieses nat\u00fcrliche R\u00e4ucherwerk ist ideal f\u00fcr Momente der Meditation, der Entspannung oder um eine romantische und ruhige Atmosph\u00e4re zu schaffen. \ud83c\udf3f Zusammensetzung: Hergestellt aus 100% [&hellip;]<\/p>\n","protected":false},"featured_media":30681,"template":"","meta":{"_et_pb_use_builder":"","_et_pb_old_content":"","_et_gb_content_width":""},"product_brand":[],"product_cat":[86],"product_tag":[],"class_list":{"0":"post-30732","1":"product","2":"type-product","3":"status-publish","4":"has-post-thumbnail","6":"product_cat-essstabchen","8":"first","9":"instock","10":"shipping-taxable","11":"purchasable","12":"product-type-simple"},"yoast_head":"<!-- This site is optimized with the Yoast SEO plugin v27.4 - https:\/\/yoast.com\/product\/yoast-seo-wordpress\/ -->\n<title>Ylang Ylang - Erboristeria Artemisia<\/title>\n<meta name=\"robots\" content=\"index, follow, max-snippet:-1, max-image-preview:large, max-video-preview:-1\" \/>\n<link rel=\"canonical\" href=\"https:\/\/erboristeria-artemisia.ch\/de\/produkt\/ylang-ylang\/\" \/>\n<meta property=\"og:locale\" content=\"de_DE\" \/>\n<meta property=\"og:type\" content=\"article\" \/>\n<meta property=\"og:title\" content=\"Ylang Ylang - Erboristeria Artemisia\" \/>\n<meta property=\"og:description\" content=\"Ylang Ylang Weihrauch &#8211; 100% nat\u00fcrliche Inhaltsstoffe Ylang Ylang ist bekannt f\u00fcr seinen blumigen, reichhaltigen und umh\u00fcllenden Duft, der Entspannung, Harmonie und einen Hauch von Sinnlichkeit in die Umgebung bringt. Dieses nat\u00fcrliche R\u00e4ucherwerk ist ideal f\u00fcr Momente der Meditation, der Entspannung oder um eine romantische und ruhige Atmosph\u00e4re zu schaffen. \ud83c\udf3f Zusammensetzung: Hergestellt aus 100% [&hellip;]\" \/>\n<meta property=\"og:url\" content=\"https:\/\/erboristeria-artemisia.ch\/de\/produkt\/ylang-ylang\/\" \/>\n<meta property=\"og:site_name\" content=\"Erboristeria Artemisia\" \/>\n<meta property=\"article:modified_time\" content=\"2025-09-25T13:57:50+00:00\" \/>\n<meta property=\"og:image\" content=\"https:\/\/erboristeria-artemisia.ch\/wp-content\/uploads\/2025\/09\/Ylang-.jpg\" \/>\n\t<meta property=\"og:image:width\" content=\"2000\" \/>\n\t<meta property=\"og:image:height\" content=\"2000\" \/>\n\t<meta property=\"og:image:type\" content=\"image\/jpeg\" \/>\n<meta name=\"twitter:card\" content=\"summary_large_image\" \/>\n<meta name=\"twitter:label1\" content=\"Gesch\u00e4tzte Lesezeit\" \/>\n\t<meta name=\"twitter:data1\" content=\"1\u00a0Minute\" \/>\n<script type=\"application\/ld+json\" class=\"yoast-schema-graph\">{\"@context\":\"https:\\\/\\\/schema.org\",\"@graph\":[{\"@type\":\"WebPage\",\"@id\":\"https:\\\/\\\/erboristeria-artemisia.ch\\\/de\\\/produkt\\\/ylang-ylang\\\/\",\"url\":\"https:\\\/\\\/erboristeria-artemisia.ch\\\/de\\\/produkt\\\/ylang-ylang\\\/\",\"name\":\"Ylang Ylang - Erboristeria Artemisia\",\"isPartOf\":{\"@id\":\"https:\\\/\\\/erboristeria-artemisia.ch\\\/de\\\/#website\"},\"primaryImageOfPage\":{\"@id\":\"https:\\\/\\\/erboristeria-artemisia.ch\\\/de\\\/produkt\\\/ylang-ylang\\\/#primaryimage\"},\"image\":{\"@id\":\"https:\\\/\\\/erboristeria-artemisia.ch\\\/de\\\/produkt\\\/ylang-ylang\\\/#primaryimage\"},\"thumbnailUrl\":\"https:\\\/\\\/erboristeria-artemisia.ch\\\/wp-content\\\/uploads\\\/2025\\\/09\\\/Ylang-.jpg\",\"datePublished\":\"2025-09-23T21:28:28+00:00\",\"dateModified\":\"2025-09-25T13:57:50+00:00\",\"breadcrumb\":{\"@id\":\"https:\\\/\\\/erboristeria-artemisia.ch\\\/de\\\/produkt\\\/ylang-ylang\\\/#breadcrumb\"},\"inLanguage\":\"de\",\"potentialAction\":[{\"@type\":\"ReadAction\",\"target\":[\"https:\\\/\\\/erboristeria-artemisia.ch\\\/de\\\/produkt\\\/ylang-ylang\\\/\"]}]},{\"@type\":\"ImageObject\",\"inLanguage\":\"de\",\"@id\":\"https:\\\/\\\/erboristeria-artemisia.ch\\\/de\\\/produkt\\\/ylang-ylang\\\/#primaryimage\",\"url\":\"https:\\\/\\\/erboristeria-artemisia.ch\\\/wp-content\\\/uploads\\\/2025\\\/09\\\/Ylang-.jpg\",\"contentUrl\":\"https:\\\/\\\/erboristeria-artemisia.ch\\\/wp-content\\\/uploads\\\/2025\\\/09\\\/Ylang-.jpg\",\"width\":2000,\"height\":2000},{\"@type\":\"BreadcrumbList\",\"@id\":\"https:\\\/\\\/erboristeria-artemisia.ch\\\/de\\\/produkt\\\/ylang-ylang\\\/#breadcrumb\",\"itemListElement\":[{\"@type\":\"ListItem\",\"position\":1,\"name\":\"Home\",\"item\":\"https:\\\/\\\/erboristeria-artemisia.ch\\\/de\\\/startseite\\\/\"},{\"@type\":\"ListItem\",\"position\":2,\"name\":\"Shop4\",\"item\":\"https:\\\/\\\/erboristeria-artemisia.ch\\\/shop4\\\/\"},{\"@type\":\"ListItem\",\"position\":3,\"name\":\"Ylang Ylang\"}]},{\"@type\":\"WebSite\",\"@id\":\"https:\\\/\\\/erboristeria-artemisia.ch\\\/de\\\/#website\",\"url\":\"https:\\\/\\\/erboristeria-artemisia.ch\\\/de\\\/\",\"name\":\"Erboristeria Artemisia\",\"description\":\"Ogni sorso \u00e8 un momento per te\",\"potentialAction\":[{\"@type\":\"SearchAction\",\"target\":{\"@type\":\"EntryPoint\",\"urlTemplate\":\"https:\\\/\\\/erboristeria-artemisia.ch\\\/de\\\/?s={search_term_string}\"},\"query-input\":{\"@type\":\"PropertyValueSpecification\",\"valueRequired\":true,\"valueName\":\"search_term_string\"}}],\"inLanguage\":\"de\"}]}<\/script>\n<!-- \/ Yoast SEO plugin. -->","yoast_head_json":{"title":"Ylang Ylang - Erboristeria Artemisia","robots":{"index":"index","follow":"follow","max-snippet":"max-snippet:-1","max-image-preview":"max-image-preview:large","max-video-preview":"max-video-preview:-1"},"canonical":"https:\/\/erboristeria-artemisia.ch\/de\/produkt\/ylang-ylang\/","og_locale":"de_DE","og_type":"article","og_title":"Ylang Ylang - Erboristeria Artemisia","og_description":"Ylang Ylang Weihrauch &#8211; 100% nat\u00fcrliche Inhaltsstoffe Ylang Ylang ist bekannt f\u00fcr seinen blumigen, reichhaltigen und umh\u00fcllenden Duft, der Entspannung, Harmonie und einen Hauch von Sinnlichkeit in die Umgebung bringt. Dieses nat\u00fcrliche R\u00e4ucherwerk ist ideal f\u00fcr Momente der Meditation, der Entspannung oder um eine romantische und ruhige Atmosph\u00e4re zu schaffen. \ud83c\udf3f Zusammensetzung: Hergestellt aus 100% [&hellip;]","og_url":"https:\/\/erboristeria-artemisia.ch\/de\/produkt\/ylang-ylang\/","og_site_name":"Erboristeria Artemisia","article_modified_time":"2025-09-25T13:57:50+00:00","og_image":[{"width":2000,"height":2000,"url":"https:\/\/erboristeria-artemisia.ch\/wp-content\/uploads\/2025\/09\/Ylang-.jpg","type":"image\/jpeg"}],"twitter_card":"summary_large_image","twitter_misc":{"Gesch\u00e4tzte Lesezeit":"1\u00a0Minute"},"schema":{"@context":"https:\/\/schema.org","@graph":[{"@type":"WebPage","@id":"https:\/\/erboristeria-artemisia.ch\/de\/produkt\/ylang-ylang\/","url":"https:\/\/erboristeria-artemisia.ch\/de\/produkt\/ylang-ylang\/","name":"Ylang Ylang - Erboristeria Artemisia","isPartOf":{"@id":"https:\/\/erboristeria-artemisia.ch\/de\/#website"},"primaryImageOfPage":{"@id":"https:\/\/erboristeria-artemisia.ch\/de\/produkt\/ylang-ylang\/#primaryimage"},"image":{"@id":"https:\/\/erboristeria-artemisia.ch\/de\/produkt\/ylang-ylang\/#primaryimage"},"thumbnailUrl":"https:\/\/erboristeria-artemisia.ch\/wp-content\/uploads\/2025\/09\/Ylang-.jpg","datePublished":"2025-09-23T21:28:28+00:00","dateModified":"2025-09-25T13:57:50+00:00","breadcrumb":{"@id":"https:\/\/erboristeria-artemisia.ch\/de\/produkt\/ylang-ylang\/#breadcrumb"},"inLanguage":"de","potentialAction":[{"@type":"ReadAction","target":["https:\/\/erboristeria-artemisia.ch\/de\/produkt\/ylang-ylang\/"]}]},{"@type":"ImageObject","inLanguage":"de","@id":"https:\/\/erboristeria-artemisia.ch\/de\/produkt\/ylang-ylang\/#primaryimage","url":"https:\/\/erboristeria-artemisia.ch\/wp-content\/uploads\/2025\/09\/Ylang-.jpg","contentUrl":"https:\/\/erboristeria-artemisia.ch\/wp-content\/uploads\/2025\/09\/Ylang-.jpg","width":2000,"height":2000},{"@type":"BreadcrumbList","@id":"https:\/\/erboristeria-artemisia.ch\/de\/produkt\/ylang-ylang\/#breadcrumb","itemListElement":[{"@type":"ListItem","position":1,"name":"Home","item":"https:\/\/erboristeria-artemisia.ch\/de\/startseite\/"},{"@type":"ListItem","position":2,"name":"Shop4","item":"https:\/\/erboristeria-artemisia.ch\/shop4\/"},{"@type":"ListItem","position":3,"name":"Ylang Ylang"}]},{"@type":"WebSite","@id":"https:\/\/erboristeria-artemisia.ch\/de\/#website","url":"https:\/\/erboristeria-artemisia.ch\/de\/","name":"Erboristeria Artemisia","description":"Ogni sorso \u00e8 un momento per te","potentialAction":[{"@type":"SearchAction","target":{"@type":"EntryPoint","urlTemplate":"https:\/\/erboristeria-artemisia.ch\/de\/?s={search_term_string}"},"query-input":{"@type":"PropertyValueSpecification","valueRequired":true,"valueName":"search_term_string"}}],"inLanguage":"de"}]}},"_links":{"self":[{"href":"https:\/\/erboristeria-artemisia.ch\/de\/wp-json\/wp\/v2\/product\/30732","targetHints":{"allow":["GET"]}}],"collection":[{"href":"https:\/\/erboristeria-artemisia.ch\/de\/wp-json\/wp\/v2\/product"}],"about":[{"href":"https:\/\/erboristeria-artemisia.ch\/de\/wp-json\/wp\/v2\/types\/product"}],"wp:featuredmedia":[{"embeddable":true,"href":"https:\/\/erboristeria-artemisia.ch\/de\/wp-json\/wp\/v2\/media\/30681"}],"wp:attachment":[{"href":"https:\/\/erboristeria-artemisia.ch\/de\/wp-json\/wp\/v2\/media?parent=30732"}],"wp:term":[{"taxonomy":"product_brand","embeddable":true,"href":"https:\/\/erboristeria-artemisia.ch\/de\/wp-json\/wp\/v2\/product_brand?post=30732"},{"taxonomy":"product_cat","embeddable":true,"href":"https:\/\/erboristeria-artemisia.ch\/de\/wp-json\/wp\/v2\/product_cat?post=30732"},{"taxonomy":"product_tag","embeddable":true,"href":"https:\/\/erboristeria-artemisia.ch\/de\/wp-json\/wp\/v2\/product_tag?post=30732"}],"curies":[{"name":"wp","href":"https:\/\/api.w.org\/{rel}","templated":true}]}}