{"id":30734,"date":"2025-09-24T00:07:25","date_gmt":"2025-09-23T22:07:25","guid":{"rendered":"https:\/\/erboristeria-artemisia.ch\/product\/gegrillte-ananas-100g\/"},"modified":"2025-09-25T15:58:03","modified_gmt":"2025-09-25T13:58:03","slug":"gegrillte-ananas-100g","status":"publish","type":"product","link":"https:\/\/erboristeria-artemisia.ch\/de\/produkt\/gegrillte-ananas-100g\/","title":{"rendered":"Gegrillte Ananas 100g"},"content":{"rendered":"<h3 data-start=\"82\" data-end=\"154\"><strong data-start=\"86\" data-end=\"154\">Gegrillte Ananas Kr\u00e4utertee &#8211; S\u00fc\u00df, tropisch und \u00fcberraschend (100g)<\/strong><\/h3>\n<p data-start=\"156\" data-end=\"477\">Lassen Sie sich mit dem Aufguss <strong data-start=\"213\" data-end=\"233\">Gegrillte Ananas<\/strong> auf eine exotische Reise entf\u00fchren, eine Mischung mit einem tropischen, weichen und umh\u00fcllenden Geschmack. Die Kombination aus der S\u00fc\u00dfe des <strong data-start=\"321\" data-end=\"329\">Apfels<\/strong>, der Cremigkeit der <strong data-start=\"348\" data-end=\"357\">Kokosnuss<\/strong> und der Intensit\u00e4t der<strong data-start=\"377\" data-end=\"397\">gegrillten Ananas<\/strong> ergibt einen originellen und k\u00f6stlichen Aufguss, perfekt f\u00fcr jeden Moment des Tages. <\/p>\n<p data-start=\"479\" data-end=\"784\">\ud83c\udf4d <strong data-start=\"482\" data-end=\"497\">Zutaten<\/strong>: Apfel, Kokoschips, Ananas, nat\u00fcrliches Aroma<br data-start=\"543\" data-end=\"546\">\ud83e\udd65 <strong data-start=\"549\" data-end=\"558\">Geschmack<\/strong>: tropisch, rund und leicht ger\u00f6stet, mit s\u00fc\u00dfen und fruchtigen Noten<br data-start=\"627\" data-end=\"630\">\ud83d\udca7 <strong data-start=\"633\" data-end=\"664\">Hervorragend sowohl hei\u00df als auch kalt<\/strong>: ideal als Sommertee oder zum abendlichen Kuscheln<br data-start=\"708\" data-end=\"711\">\ud83c\udf81 <strong data-start=\"714\" data-end=\"736\">100g-Packung<\/strong>: perfekt f\u00fcr alle, die nach neuen und nat\u00fcrlichen Aromen suchen<\/p>\n<p data-start=\"786\" data-end=\"920\"><strong data-start=\"786\" data-end=\"825\">Ein kreativer und unwiderstehlicher Kr\u00e4utertee<\/strong>, der von den D\u00fcften tropischer Inseln inspiriert ist und f\u00fcr diejenigen entwickelt wurde, die s\u00fc\u00dfe, aber ausgewogene Aromen lieben.<\/p>\n","protected":false},"excerpt":{"rendered":"<p>Gegrillte Ananas Kr\u00e4utertee &#8211; S\u00fc\u00df, tropisch und \u00fcberraschend (100g) Lassen Sie sich mit dem Aufguss Gegrillte Ananas auf eine exotische Reise entf\u00fchren, eine Mischung mit einem tropischen, weichen und umh\u00fcllenden Geschmack. Die Kombination aus der S\u00fc\u00dfe des Apfels, der Cremigkeit der Kokosnuss und der Intensit\u00e4t dergegrillten Ananas ergibt einen originellen und k\u00f6stlichen Aufguss, perfekt f\u00fcr [&hellip;]<\/p>\n","protected":false},"featured_media":30700,"template":"","meta":{"_et_pb_use_builder":"off","_et_pb_old_content":"","_et_gb_content_width":""},"product_brand":[],"product_cat":[85],"product_tag":[],"class_list":{"0":"post-30734","1":"product","2":"type-product","3":"status-publish","4":"has-post-thumbnail","6":"product_cat-obst","8":"first","9":"instock","10":"shipping-taxable","11":"purchasable","12":"product-type-variable"},"yoast_head":"<!-- This site is optimized with the Yoast SEO plugin v27.4 - https:\/\/yoast.com\/product\/yoast-seo-wordpress\/ -->\n<title>Gegrillte Ananas 100g - Erboristeria Artemisia<\/title>\n<meta name=\"robots\" content=\"index, follow, max-snippet:-1, max-image-preview:large, max-video-preview:-1\" \/>\n<link rel=\"canonical\" href=\"https:\/\/erboristeria-artemisia.ch\/de\/produkt\/gegrillte-ananas-100g\/\" \/>\n<meta property=\"og:locale\" content=\"de_DE\" \/>\n<meta property=\"og:type\" content=\"article\" \/>\n<meta property=\"og:title\" content=\"Gegrillte Ananas 100g - Erboristeria Artemisia\" \/>\n<meta property=\"og:description\" content=\"Gegrillte Ananas Kr\u00e4utertee &#8211; S\u00fc\u00df, tropisch und \u00fcberraschend (100g) Lassen Sie sich mit dem Aufguss Gegrillte Ananas auf eine exotische Reise entf\u00fchren, eine Mischung mit einem tropischen, weichen und umh\u00fcllenden Geschmack. Die Kombination aus der S\u00fc\u00dfe des Apfels, der Cremigkeit der Kokosnuss und der Intensit\u00e4t dergegrillten Ananas ergibt einen originellen und k\u00f6stlichen Aufguss, perfekt f\u00fcr [&hellip;]\" \/>\n<meta property=\"og:url\" content=\"https:\/\/erboristeria-artemisia.ch\/de\/produkt\/gegrillte-ananas-100g\/\" \/>\n<meta property=\"og:site_name\" content=\"Erboristeria Artemisia\" \/>\n<meta property=\"article:modified_time\" content=\"2025-09-25T13:58:03+00:00\" \/>\n<meta property=\"og:image\" content=\"https:\/\/erboristeria-artemisia.ch\/wp-content\/uploads\/2025\/09\/infuso-ananas-noce-di-cocco.jpg\" \/>\n\t<meta property=\"og:image:width\" content=\"800\" \/>\n\t<meta property=\"og:image:height\" content=\"800\" \/>\n\t<meta property=\"og:image:type\" content=\"image\/jpeg\" \/>\n<meta name=\"twitter:card\" content=\"summary_large_image\" \/>\n<meta name=\"twitter:label1\" content=\"Gesch\u00e4tzte Lesezeit\" \/>\n\t<meta name=\"twitter:data1\" content=\"1\u00a0Minute\" \/>\n<script type=\"application\/ld+json\" class=\"yoast-schema-graph\">{\"@context\":\"https:\\\/\\\/schema.org\",\"@graph\":[{\"@type\":\"WebPage\",\"@id\":\"https:\\\/\\\/erboristeria-artemisia.ch\\\/de\\\/produkt\\\/gegrillte-ananas-100g\\\/\",\"url\":\"https:\\\/\\\/erboristeria-artemisia.ch\\\/de\\\/produkt\\\/gegrillte-ananas-100g\\\/\",\"name\":\"Gegrillte Ananas 100g - Erboristeria Artemisia\",\"isPartOf\":{\"@id\":\"https:\\\/\\\/erboristeria-artemisia.ch\\\/de\\\/#website\"},\"primaryImageOfPage\":{\"@id\":\"https:\\\/\\\/erboristeria-artemisia.ch\\\/de\\\/produkt\\\/gegrillte-ananas-100g\\\/#primaryimage\"},\"image\":{\"@id\":\"https:\\\/\\\/erboristeria-artemisia.ch\\\/de\\\/produkt\\\/gegrillte-ananas-100g\\\/#primaryimage\"},\"thumbnailUrl\":\"https:\\\/\\\/erboristeria-artemisia.ch\\\/wp-content\\\/uploads\\\/2025\\\/09\\\/infuso-ananas-noce-di-cocco.jpg\",\"datePublished\":\"2025-09-23T22:07:25+00:00\",\"dateModified\":\"2025-09-25T13:58:03+00:00\",\"breadcrumb\":{\"@id\":\"https:\\\/\\\/erboristeria-artemisia.ch\\\/de\\\/produkt\\\/gegrillte-ananas-100g\\\/#breadcrumb\"},\"inLanguage\":\"de\",\"potentialAction\":[{\"@type\":\"ReadAction\",\"target\":[\"https:\\\/\\\/erboristeria-artemisia.ch\\\/de\\\/produkt\\\/gegrillte-ananas-100g\\\/\"]}]},{\"@type\":\"ImageObject\",\"inLanguage\":\"de\",\"@id\":\"https:\\\/\\\/erboristeria-artemisia.ch\\\/de\\\/produkt\\\/gegrillte-ananas-100g\\\/#primaryimage\",\"url\":\"https:\\\/\\\/erboristeria-artemisia.ch\\\/wp-content\\\/uploads\\\/2025\\\/09\\\/infuso-ananas-noce-di-cocco.jpg\",\"contentUrl\":\"https:\\\/\\\/erboristeria-artemisia.ch\\\/wp-content\\\/uploads\\\/2025\\\/09\\\/infuso-ananas-noce-di-cocco.jpg\",\"width\":800,\"height\":800},{\"@type\":\"BreadcrumbList\",\"@id\":\"https:\\\/\\\/erboristeria-artemisia.ch\\\/de\\\/produkt\\\/gegrillte-ananas-100g\\\/#breadcrumb\",\"itemListElement\":[{\"@type\":\"ListItem\",\"position\":1,\"name\":\"Home\",\"item\":\"https:\\\/\\\/erboristeria-artemisia.ch\\\/de\\\/startseite\\\/\"},{\"@type\":\"ListItem\",\"position\":2,\"name\":\"Shop4\",\"item\":\"https:\\\/\\\/erboristeria-artemisia.ch\\\/shop4\\\/\"},{\"@type\":\"ListItem\",\"position\":3,\"name\":\"Gegrillte Ananas 100g\"}]},{\"@type\":\"WebSite\",\"@id\":\"https:\\\/\\\/erboristeria-artemisia.ch\\\/de\\\/#website\",\"url\":\"https:\\\/\\\/erboristeria-artemisia.ch\\\/de\\\/\",\"name\":\"Erboristeria Artemisia\",\"description\":\"Ogni sorso \u00e8 un momento per te\",\"potentialAction\":[{\"@type\":\"SearchAction\",\"target\":{\"@type\":\"EntryPoint\",\"urlTemplate\":\"https:\\\/\\\/erboristeria-artemisia.ch\\\/de\\\/?s={search_term_string}\"},\"query-input\":{\"@type\":\"PropertyValueSpecification\",\"valueRequired\":true,\"valueName\":\"search_term_string\"}}],\"inLanguage\":\"de\"}]}<\/script>\n<!-- \/ Yoast SEO plugin. -->","yoast_head_json":{"title":"Gegrillte Ananas 100g - Erboristeria Artemisia","robots":{"index":"index","follow":"follow","max-snippet":"max-snippet:-1","max-image-preview":"max-image-preview:large","max-video-preview":"max-video-preview:-1"},"canonical":"https:\/\/erboristeria-artemisia.ch\/de\/produkt\/gegrillte-ananas-100g\/","og_locale":"de_DE","og_type":"article","og_title":"Gegrillte Ananas 100g - Erboristeria Artemisia","og_description":"Gegrillte Ananas Kr\u00e4utertee &#8211; S\u00fc\u00df, tropisch und \u00fcberraschend (100g) Lassen Sie sich mit dem Aufguss Gegrillte Ananas auf eine exotische Reise entf\u00fchren, eine Mischung mit einem tropischen, weichen und umh\u00fcllenden Geschmack. Die Kombination aus der S\u00fc\u00dfe des Apfels, der Cremigkeit der Kokosnuss und der Intensit\u00e4t dergegrillten Ananas ergibt einen originellen und k\u00f6stlichen Aufguss, perfekt f\u00fcr [&hellip;]","og_url":"https:\/\/erboristeria-artemisia.ch\/de\/produkt\/gegrillte-ananas-100g\/","og_site_name":"Erboristeria Artemisia","article_modified_time":"2025-09-25T13:58:03+00:00","og_image":[{"width":800,"height":800,"url":"https:\/\/erboristeria-artemisia.ch\/wp-content\/uploads\/2025\/09\/infuso-ananas-noce-di-cocco.jpg","type":"image\/jpeg"}],"twitter_card":"summary_large_image","twitter_misc":{"Gesch\u00e4tzte Lesezeit":"1\u00a0Minute"},"schema":{"@context":"https:\/\/schema.org","@graph":[{"@type":"WebPage","@id":"https:\/\/erboristeria-artemisia.ch\/de\/produkt\/gegrillte-ananas-100g\/","url":"https:\/\/erboristeria-artemisia.ch\/de\/produkt\/gegrillte-ananas-100g\/","name":"Gegrillte Ananas 100g - Erboristeria Artemisia","isPartOf":{"@id":"https:\/\/erboristeria-artemisia.ch\/de\/#website"},"primaryImageOfPage":{"@id":"https:\/\/erboristeria-artemisia.ch\/de\/produkt\/gegrillte-ananas-100g\/#primaryimage"},"image":{"@id":"https:\/\/erboristeria-artemisia.ch\/de\/produkt\/gegrillte-ananas-100g\/#primaryimage"},"thumbnailUrl":"https:\/\/erboristeria-artemisia.ch\/wp-content\/uploads\/2025\/09\/infuso-ananas-noce-di-cocco.jpg","datePublished":"2025-09-23T22:07:25+00:00","dateModified":"2025-09-25T13:58:03+00:00","breadcrumb":{"@id":"https:\/\/erboristeria-artemisia.ch\/de\/produkt\/gegrillte-ananas-100g\/#breadcrumb"},"inLanguage":"de","potentialAction":[{"@type":"ReadAction","target":["https:\/\/erboristeria-artemisia.ch\/de\/produkt\/gegrillte-ananas-100g\/"]}]},{"@type":"ImageObject","inLanguage":"de","@id":"https:\/\/erboristeria-artemisia.ch\/de\/produkt\/gegrillte-ananas-100g\/#primaryimage","url":"https:\/\/erboristeria-artemisia.ch\/wp-content\/uploads\/2025\/09\/infuso-ananas-noce-di-cocco.jpg","contentUrl":"https:\/\/erboristeria-artemisia.ch\/wp-content\/uploads\/2025\/09\/infuso-ananas-noce-di-cocco.jpg","width":800,"height":800},{"@type":"BreadcrumbList","@id":"https:\/\/erboristeria-artemisia.ch\/de\/produkt\/gegrillte-ananas-100g\/#breadcrumb","itemListElement":[{"@type":"ListItem","position":1,"name":"Home","item":"https:\/\/erboristeria-artemisia.ch\/de\/startseite\/"},{"@type":"ListItem","position":2,"name":"Shop4","item":"https:\/\/erboristeria-artemisia.ch\/shop4\/"},{"@type":"ListItem","position":3,"name":"Gegrillte Ananas 100g"}]},{"@type":"WebSite","@id":"https:\/\/erboristeria-artemisia.ch\/de\/#website","url":"https:\/\/erboristeria-artemisia.ch\/de\/","name":"Erboristeria Artemisia","description":"Ogni sorso \u00e8 un momento per te","potentialAction":[{"@type":"SearchAction","target":{"@type":"EntryPoint","urlTemplate":"https:\/\/erboristeria-artemisia.ch\/de\/?s={search_term_string}"},"query-input":{"@type":"PropertyValueSpecification","valueRequired":true,"valueName":"search_term_string"}}],"inLanguage":"de"}]}},"_links":{"self":[{"href":"https:\/\/erboristeria-artemisia.ch\/de\/wp-json\/wp\/v2\/product\/30734","targetHints":{"allow":["GET"]}}],"collection":[{"href":"https:\/\/erboristeria-artemisia.ch\/de\/wp-json\/wp\/v2\/product"}],"about":[{"href":"https:\/\/erboristeria-artemisia.ch\/de\/wp-json\/wp\/v2\/types\/product"}],"wp:featuredmedia":[{"embeddable":true,"href":"https:\/\/erboristeria-artemisia.ch\/de\/wp-json\/wp\/v2\/media\/30700"}],"wp:attachment":[{"href":"https:\/\/erboristeria-artemisia.ch\/de\/wp-json\/wp\/v2\/media?parent=30734"}],"wp:term":[{"taxonomy":"product_brand","embeddable":true,"href":"https:\/\/erboristeria-artemisia.ch\/de\/wp-json\/wp\/v2\/product_brand?post=30734"},{"taxonomy":"product_cat","embeddable":true,"href":"https:\/\/erboristeria-artemisia.ch\/de\/wp-json\/wp\/v2\/product_cat?post=30734"},{"taxonomy":"product_tag","embeddable":true,"href":"https:\/\/erboristeria-artemisia.ch\/de\/wp-json\/wp\/v2\/product_tag?post=30734"}],"curies":[{"name":"wp","href":"https:\/\/api.w.org\/{rel}","templated":true}]}}