{"id":30735,"date":"2025-09-23T22:51:35","date_gmt":"2025-09-23T20:51:35","guid":{"rendered":"https:\/\/erboristeria-artemisia.ch\/product\/nag-champa-40g\/"},"modified":"2025-09-25T15:58:44","modified_gmt":"2025-09-25T13:58:44","slug":"nag-champa-40g","status":"publish","type":"product","link":"https:\/\/erboristeria-artemisia.ch\/de\/produkt\/nag-champa-40g\/","title":{"rendered":"Nag Champa 40g"},"content":{"rendered":"<h3 data-start=\"124\" data-end=\"178\"><strong data-start=\"128\" data-end=\"178\">Nag Champa Weihrauch &#8211; 100% nat\u00fcrliche Inhaltsstoffe<\/strong><\/h3>\n<p data-start=\"180\" data-end=\"501\">Der ikonische Duft von <strong data-start=\"203\" data-end=\"217\">Nag Champa<\/strong>, der auf der ganzen Welt f\u00fcr seinen warmen, s\u00fc\u00dfen und leicht w\u00fcrzigen Duft geliebt wird, stammt von einer traditionellen Mischung aus <strong data-start=\"338\" data-end=\"367\">Sandarco, Champa-Bl\u00fcten<\/strong> und anderen Kr\u00e4utern. Ideal f\u00fcr Meditation, Yoga, Reinigung oder einfach um eine entspannende und spirituelle Atmosph\u00e4re zu schaffen. <\/p>\n<p data-start=\"503\" data-end=\"803\">\ud83c\udf3f <strong data-start=\"506\" data-end=\"522\">Zusammensetzung<\/strong>: Hergestellt aus 100% nat\u00fcrlichen Inhaltsstoffen, darunter Harze, H\u00f6lzer und Blumen &#8211; ohne synthetische Duftstoffe, Farbstoffe oder Chemikalien.<br data-start=\"653\" data-end=\"656\">\ud83d\udd25 <strong data-start=\"659\" data-end=\"668\">Duft<\/strong>: S\u00fc\u00df, blumig und leicht holzig &#8211; unverwechselbar, einh\u00fcllend und lang anhaltend.<br data-start=\"748\" data-end=\"751\">\ud83d\udeab <strong data-start=\"754\" data-end=\"763\">Ohne<\/strong> k\u00fcnstliche Zus\u00e4tze oder sch\u00e4dliche Substanzen.<\/p>\n<p data-start=\"805\" data-end=\"995\">\ud83d\udce6 <strong data-start=\"808\" data-end=\"821\">Inhalt<\/strong>: ca. 40 g (ca. 15 Sticks &#8211; variiert je nach Gr\u00f6\u00dfe)<br data-start=\"886\" data-end=\"889\">\ud83d\udccf <strong data-start=\"892\" data-end=\"905\">L\u00e4nge<\/strong>: ca. 20 cm pro Stick<br data-start=\"933\" data-end=\"936\">\ud83d\udd25 <strong data-start=\"939\" data-end=\"963\">Brenndauer<\/strong>: ca. 30 Minuten pro Stick<\/p>\n<p data-start=\"997\" data-end=\"1139\"><strong data-start=\"997\" data-end=\"1139\">Ein nat\u00fcrliches R\u00e4ucherwerk, perfekt f\u00fcr alle, die authentische orientalische D\u00fcfte lieben und Frieden, Inspiration und Harmonie in ihr Heim bringen m\u00f6chten.<\/strong><\/p>\n","protected":false},"excerpt":{"rendered":"<p>Nag Champa Weihrauch &#8211; 100% nat\u00fcrliche Inhaltsstoffe Der ikonische Duft von Nag Champa, der auf der ganzen Welt f\u00fcr seinen warmen, s\u00fc\u00dfen und leicht w\u00fcrzigen Duft geliebt wird, stammt von einer traditionellen Mischung aus Sandarco, Champa-Bl\u00fcten und anderen Kr\u00e4utern. Ideal f\u00fcr Meditation, Yoga, Reinigung oder einfach um eine entspannende und spirituelle Atmosph\u00e4re zu schaffen. \ud83c\udf3f [&hellip;]<\/p>\n","protected":false},"featured_media":30638,"template":"","meta":{"_et_pb_use_builder":"","_et_pb_old_content":"","_et_gb_content_width":""},"product_brand":[],"product_cat":[88],"product_tag":[],"class_list":{"0":"post-30735","1":"product","2":"type-product","3":"status-publish","4":"has-post-thumbnail","6":"product_cat-inder","8":"first","9":"instock","10":"shipping-taxable","11":"purchasable","12":"product-type-simple"},"yoast_head":"<!-- This site is optimized with the Yoast SEO plugin v27.4 - https:\/\/yoast.com\/product\/yoast-seo-wordpress\/ -->\n<title>Nag Champa 40g - Erboristeria Artemisia<\/title>\n<meta name=\"robots\" content=\"index, follow, max-snippet:-1, max-image-preview:large, max-video-preview:-1\" \/>\n<link rel=\"canonical\" href=\"https:\/\/erboristeria-artemisia.ch\/de\/produkt\/nag-champa-40g\/\" \/>\n<meta property=\"og:locale\" content=\"de_DE\" \/>\n<meta property=\"og:type\" content=\"article\" \/>\n<meta property=\"og:title\" content=\"Nag Champa 40g - Erboristeria Artemisia\" \/>\n<meta property=\"og:description\" content=\"Nag Champa Weihrauch &#8211; 100% nat\u00fcrliche Inhaltsstoffe Der ikonische Duft von Nag Champa, der auf der ganzen Welt f\u00fcr seinen warmen, s\u00fc\u00dfen und leicht w\u00fcrzigen Duft geliebt wird, stammt von einer traditionellen Mischung aus Sandarco, Champa-Bl\u00fcten und anderen Kr\u00e4utern. Ideal f\u00fcr Meditation, Yoga, Reinigung oder einfach um eine entspannende und spirituelle Atmosph\u00e4re zu schaffen. \ud83c\udf3f [&hellip;]\" \/>\n<meta property=\"og:url\" content=\"https:\/\/erboristeria-artemisia.ch\/de\/produkt\/nag-champa-40g\/\" \/>\n<meta property=\"og:site_name\" content=\"Erboristeria Artemisia\" \/>\n<meta property=\"article:modified_time\" content=\"2025-09-25T13:58:44+00:00\" \/>\n<meta property=\"og:image\" content=\"https:\/\/erboristeria-artemisia.ch\/wp-content\/uploads\/2025\/09\/Nag-champa-40g.jpg\" \/>\n\t<meta property=\"og:image:width\" content=\"2000\" \/>\n\t<meta property=\"og:image:height\" content=\"2000\" \/>\n\t<meta property=\"og:image:type\" content=\"image\/jpeg\" \/>\n<meta name=\"twitter:card\" content=\"summary_large_image\" \/>\n<meta name=\"twitter:label1\" content=\"Gesch\u00e4tzte Lesezeit\" \/>\n\t<meta name=\"twitter:data1\" content=\"1\u00a0Minute\" \/>\n<script type=\"application\/ld+json\" class=\"yoast-schema-graph\">{\"@context\":\"https:\\\/\\\/schema.org\",\"@graph\":[{\"@type\":\"WebPage\",\"@id\":\"https:\\\/\\\/erboristeria-artemisia.ch\\\/de\\\/produkt\\\/nag-champa-40g\\\/\",\"url\":\"https:\\\/\\\/erboristeria-artemisia.ch\\\/de\\\/produkt\\\/nag-champa-40g\\\/\",\"name\":\"Nag Champa 40g - Erboristeria Artemisia\",\"isPartOf\":{\"@id\":\"https:\\\/\\\/erboristeria-artemisia.ch\\\/de\\\/#website\"},\"primaryImageOfPage\":{\"@id\":\"https:\\\/\\\/erboristeria-artemisia.ch\\\/de\\\/produkt\\\/nag-champa-40g\\\/#primaryimage\"},\"image\":{\"@id\":\"https:\\\/\\\/erboristeria-artemisia.ch\\\/de\\\/produkt\\\/nag-champa-40g\\\/#primaryimage\"},\"thumbnailUrl\":\"https:\\\/\\\/erboristeria-artemisia.ch\\\/wp-content\\\/uploads\\\/2025\\\/09\\\/Nag-champa-40g.jpg\",\"datePublished\":\"2025-09-23T20:51:35+00:00\",\"dateModified\":\"2025-09-25T13:58:44+00:00\",\"breadcrumb\":{\"@id\":\"https:\\\/\\\/erboristeria-artemisia.ch\\\/de\\\/produkt\\\/nag-champa-40g\\\/#breadcrumb\"},\"inLanguage\":\"de\",\"potentialAction\":[{\"@type\":\"ReadAction\",\"target\":[\"https:\\\/\\\/erboristeria-artemisia.ch\\\/de\\\/produkt\\\/nag-champa-40g\\\/\"]}]},{\"@type\":\"ImageObject\",\"inLanguage\":\"de\",\"@id\":\"https:\\\/\\\/erboristeria-artemisia.ch\\\/de\\\/produkt\\\/nag-champa-40g\\\/#primaryimage\",\"url\":\"https:\\\/\\\/erboristeria-artemisia.ch\\\/wp-content\\\/uploads\\\/2025\\\/09\\\/Nag-champa-40g.jpg\",\"contentUrl\":\"https:\\\/\\\/erboristeria-artemisia.ch\\\/wp-content\\\/uploads\\\/2025\\\/09\\\/Nag-champa-40g.jpg\",\"width\":2000,\"height\":2000},{\"@type\":\"BreadcrumbList\",\"@id\":\"https:\\\/\\\/erboristeria-artemisia.ch\\\/de\\\/produkt\\\/nag-champa-40g\\\/#breadcrumb\",\"itemListElement\":[{\"@type\":\"ListItem\",\"position\":1,\"name\":\"Home\",\"item\":\"https:\\\/\\\/erboristeria-artemisia.ch\\\/de\\\/startseite\\\/\"},{\"@type\":\"ListItem\",\"position\":2,\"name\":\"Shop4\",\"item\":\"https:\\\/\\\/erboristeria-artemisia.ch\\\/shop4\\\/\"},{\"@type\":\"ListItem\",\"position\":3,\"name\":\"Nag Champa 40g\"}]},{\"@type\":\"WebSite\",\"@id\":\"https:\\\/\\\/erboristeria-artemisia.ch\\\/de\\\/#website\",\"url\":\"https:\\\/\\\/erboristeria-artemisia.ch\\\/de\\\/\",\"name\":\"Erboristeria Artemisia\",\"description\":\"Ogni sorso \u00e8 un momento per te\",\"potentialAction\":[{\"@type\":\"SearchAction\",\"target\":{\"@type\":\"EntryPoint\",\"urlTemplate\":\"https:\\\/\\\/erboristeria-artemisia.ch\\\/de\\\/?s={search_term_string}\"},\"query-input\":{\"@type\":\"PropertyValueSpecification\",\"valueRequired\":true,\"valueName\":\"search_term_string\"}}],\"inLanguage\":\"de\"}]}<\/script>\n<!-- \/ Yoast SEO plugin. -->","yoast_head_json":{"title":"Nag Champa 40g - Erboristeria Artemisia","robots":{"index":"index","follow":"follow","max-snippet":"max-snippet:-1","max-image-preview":"max-image-preview:large","max-video-preview":"max-video-preview:-1"},"canonical":"https:\/\/erboristeria-artemisia.ch\/de\/produkt\/nag-champa-40g\/","og_locale":"de_DE","og_type":"article","og_title":"Nag Champa 40g - Erboristeria Artemisia","og_description":"Nag Champa Weihrauch &#8211; 100% nat\u00fcrliche Inhaltsstoffe Der ikonische Duft von Nag Champa, der auf der ganzen Welt f\u00fcr seinen warmen, s\u00fc\u00dfen und leicht w\u00fcrzigen Duft geliebt wird, stammt von einer traditionellen Mischung aus Sandarco, Champa-Bl\u00fcten und anderen Kr\u00e4utern. Ideal f\u00fcr Meditation, Yoga, Reinigung oder einfach um eine entspannende und spirituelle Atmosph\u00e4re zu schaffen. \ud83c\udf3f [&hellip;]","og_url":"https:\/\/erboristeria-artemisia.ch\/de\/produkt\/nag-champa-40g\/","og_site_name":"Erboristeria Artemisia","article_modified_time":"2025-09-25T13:58:44+00:00","og_image":[{"width":2000,"height":2000,"url":"https:\/\/erboristeria-artemisia.ch\/wp-content\/uploads\/2025\/09\/Nag-champa-40g.jpg","type":"image\/jpeg"}],"twitter_card":"summary_large_image","twitter_misc":{"Gesch\u00e4tzte Lesezeit":"1\u00a0Minute"},"schema":{"@context":"https:\/\/schema.org","@graph":[{"@type":"WebPage","@id":"https:\/\/erboristeria-artemisia.ch\/de\/produkt\/nag-champa-40g\/","url":"https:\/\/erboristeria-artemisia.ch\/de\/produkt\/nag-champa-40g\/","name":"Nag Champa 40g - Erboristeria Artemisia","isPartOf":{"@id":"https:\/\/erboristeria-artemisia.ch\/de\/#website"},"primaryImageOfPage":{"@id":"https:\/\/erboristeria-artemisia.ch\/de\/produkt\/nag-champa-40g\/#primaryimage"},"image":{"@id":"https:\/\/erboristeria-artemisia.ch\/de\/produkt\/nag-champa-40g\/#primaryimage"},"thumbnailUrl":"https:\/\/erboristeria-artemisia.ch\/wp-content\/uploads\/2025\/09\/Nag-champa-40g.jpg","datePublished":"2025-09-23T20:51:35+00:00","dateModified":"2025-09-25T13:58:44+00:00","breadcrumb":{"@id":"https:\/\/erboristeria-artemisia.ch\/de\/produkt\/nag-champa-40g\/#breadcrumb"},"inLanguage":"de","potentialAction":[{"@type":"ReadAction","target":["https:\/\/erboristeria-artemisia.ch\/de\/produkt\/nag-champa-40g\/"]}]},{"@type":"ImageObject","inLanguage":"de","@id":"https:\/\/erboristeria-artemisia.ch\/de\/produkt\/nag-champa-40g\/#primaryimage","url":"https:\/\/erboristeria-artemisia.ch\/wp-content\/uploads\/2025\/09\/Nag-champa-40g.jpg","contentUrl":"https:\/\/erboristeria-artemisia.ch\/wp-content\/uploads\/2025\/09\/Nag-champa-40g.jpg","width":2000,"height":2000},{"@type":"BreadcrumbList","@id":"https:\/\/erboristeria-artemisia.ch\/de\/produkt\/nag-champa-40g\/#breadcrumb","itemListElement":[{"@type":"ListItem","position":1,"name":"Home","item":"https:\/\/erboristeria-artemisia.ch\/de\/startseite\/"},{"@type":"ListItem","position":2,"name":"Shop4","item":"https:\/\/erboristeria-artemisia.ch\/shop4\/"},{"@type":"ListItem","position":3,"name":"Nag Champa 40g"}]},{"@type":"WebSite","@id":"https:\/\/erboristeria-artemisia.ch\/de\/#website","url":"https:\/\/erboristeria-artemisia.ch\/de\/","name":"Erboristeria Artemisia","description":"Ogni sorso \u00e8 un momento per te","potentialAction":[{"@type":"SearchAction","target":{"@type":"EntryPoint","urlTemplate":"https:\/\/erboristeria-artemisia.ch\/de\/?s={search_term_string}"},"query-input":{"@type":"PropertyValueSpecification","valueRequired":true,"valueName":"search_term_string"}}],"inLanguage":"de"}]}},"_links":{"self":[{"href":"https:\/\/erboristeria-artemisia.ch\/de\/wp-json\/wp\/v2\/product\/30735","targetHints":{"allow":["GET"]}}],"collection":[{"href":"https:\/\/erboristeria-artemisia.ch\/de\/wp-json\/wp\/v2\/product"}],"about":[{"href":"https:\/\/erboristeria-artemisia.ch\/de\/wp-json\/wp\/v2\/types\/product"}],"wp:featuredmedia":[{"embeddable":true,"href":"https:\/\/erboristeria-artemisia.ch\/de\/wp-json\/wp\/v2\/media\/30638"}],"wp:attachment":[{"href":"https:\/\/erboristeria-artemisia.ch\/de\/wp-json\/wp\/v2\/media?parent=30735"}],"wp:term":[{"taxonomy":"product_brand","embeddable":true,"href":"https:\/\/erboristeria-artemisia.ch\/de\/wp-json\/wp\/v2\/product_brand?post=30735"},{"taxonomy":"product_cat","embeddable":true,"href":"https:\/\/erboristeria-artemisia.ch\/de\/wp-json\/wp\/v2\/product_cat?post=30735"},{"taxonomy":"product_tag","embeddable":true,"href":"https:\/\/erboristeria-artemisia.ch\/de\/wp-json\/wp\/v2\/product_tag?post=30735"}],"curies":[{"name":"wp","href":"https:\/\/api.w.org\/{rel}","templated":true}]}}