{"id":30736,"date":"2025-09-23T23:09:36","date_gmt":"2025-09-23T21:09:36","guid":{"rendered":"https:\/\/erboristeria-artemisia.ch\/product\/sandelholz-100-natuerlich\/"},"modified":"2025-09-25T15:58:44","modified_gmt":"2025-09-25T13:58:44","slug":"sandelholz-100-natuerlich","status":"publish","type":"product","link":"https:\/\/erboristeria-artemisia.ch\/de\/produkt\/sandelholz-100-natuerlich\/","title":{"rendered":"Sandelholz 100% Nat\u00fcrlich"},"content":{"rendered":"<h3 data-start=\"71\" data-end=\"125\"><strong data-start=\"75\" data-end=\"125\">Sandelholz Weihrauch &#8211; 100% nat\u00fcrliche Inhaltsstoffe<\/strong><\/h3>\n<p data-start=\"127\" data-end=\"431\">Lassen Sie sich von dem warmen, holzigen und balsamischen Duft von <strong data-start=\"193\" data-end=\"207\">Sandelholz<\/strong> umh\u00fcllen, das seit Jahrhunderten f\u00fcr seine entspannenden und reinigenden Eigenschaften bekannt ist. Dieses nat\u00fcrliche R\u00e4ucherwerk ist ideal, um eine Atmosph\u00e4re der Ruhe und Meditation zu schaffen, die die Konzentration und das geistige Wohlbefinden f\u00f6rdert. <\/p>\n<p data-start=\"433\" data-end=\"678\">\ud83c\udf3f <strong data-start=\"436\" data-end=\"452\">Zusammensetzung<\/strong>: Hergestellt aus 100% nat\u00fcrlichen Inhaltsstoffen, ohne synthetische Parf\u00fcmstoffe, Farbstoffe oder Chemikalien.<br data-start=\"551\" data-end=\"554\">\ud83d\udd25 <strong data-start=\"557\" data-end=\"566\">Duft<\/strong>: S\u00fc\u00df, warm und holzig, mit weichen, anhaltenden Noten.<br data-start=\"623\" data-end=\"626\">\ud83d\udeab <strong data-start=\"629\" data-end=\"638\">Ohne<\/strong> k\u00fcnstliche Zusatzstoffe oder sch\u00e4dliche Substanzen.<\/p>\n<p data-start=\"680\" data-end=\"808\">\ud83d\udce6 <strong data-start=\"683\" data-end=\"696\">Inhalt<\/strong>: 10 St\u00e4bchen<br data-start=\"711\" data-end=\"714\">\ud83d\udccf <strong data-start=\"717\" data-end=\"730\">L\u00e4nge<\/strong>: je 20 cm<br data-start=\"746\" data-end=\"749\">\ud83d\udd25 <strong data-start=\"752\" data-end=\"776\">Brenndauer<\/strong>: ca. 30 Minuten pro St\u00e4bchen<\/p>\n<p data-start=\"810\" data-end=\"914\"><strong data-start=\"810\" data-end=\"914\">Ein nat\u00fcrliches und kostbares R\u00e4ucherwerk, perfekt f\u00fcr Momente der Entspannung, Meditation und inneren Ausgeglichenheit.<\/strong><\/p>\n","protected":false},"excerpt":{"rendered":"<p>Sandelholz Weihrauch &#8211; 100% nat\u00fcrliche Inhaltsstoffe Lassen Sie sich von dem warmen, holzigen und balsamischen Duft von Sandelholz umh\u00fcllen, das seit Jahrhunderten f\u00fcr seine entspannenden und reinigenden Eigenschaften bekannt ist. Dieses nat\u00fcrliche R\u00e4ucherwerk ist ideal, um eine Atmosph\u00e4re der Ruhe und Meditation zu schaffen, die die Konzentration und das geistige Wohlbefinden f\u00f6rdert. \ud83c\udf3f Zusammensetzung: Hergestellt [&hellip;]<\/p>\n","protected":false},"featured_media":30659,"template":"","meta":{"_et_pb_use_builder":"","_et_pb_old_content":"","_et_gb_content_width":""},"product_brand":[],"product_cat":[86],"product_tag":[],"class_list":{"0":"post-30736","1":"product","2":"type-product","3":"status-publish","4":"has-post-thumbnail","6":"product_cat-essstabchen","8":"first","9":"instock","10":"shipping-taxable","11":"purchasable","12":"product-type-simple"},"yoast_head":"<!-- This site is optimized with the Yoast SEO plugin v27.4 - https:\/\/yoast.com\/product\/yoast-seo-wordpress\/ -->\n<title>Sandelholz 100% Nat\u00fcrlich - Erboristeria Artemisia<\/title>\n<meta name=\"robots\" content=\"index, follow, max-snippet:-1, max-image-preview:large, max-video-preview:-1\" \/>\n<link rel=\"canonical\" href=\"https:\/\/erboristeria-artemisia.ch\/de\/produkt\/sandelholz-100-natuerlich\/\" \/>\n<meta property=\"og:locale\" content=\"de_DE\" \/>\n<meta property=\"og:type\" content=\"article\" \/>\n<meta property=\"og:title\" content=\"Sandelholz 100% Nat\u00fcrlich - Erboristeria Artemisia\" \/>\n<meta property=\"og:description\" content=\"Sandelholz Weihrauch &#8211; 100% nat\u00fcrliche Inhaltsstoffe Lassen Sie sich von dem warmen, holzigen und balsamischen Duft von Sandelholz umh\u00fcllen, das seit Jahrhunderten f\u00fcr seine entspannenden und reinigenden Eigenschaften bekannt ist. Dieses nat\u00fcrliche R\u00e4ucherwerk ist ideal, um eine Atmosph\u00e4re der Ruhe und Meditation zu schaffen, die die Konzentration und das geistige Wohlbefinden f\u00f6rdert. \ud83c\udf3f Zusammensetzung: Hergestellt [&hellip;]\" \/>\n<meta property=\"og:url\" content=\"https:\/\/erboristeria-artemisia.ch\/de\/produkt\/sandelholz-100-natuerlich\/\" \/>\n<meta property=\"og:site_name\" content=\"Erboristeria Artemisia\" \/>\n<meta property=\"article:modified_time\" content=\"2025-09-25T13:58:44+00:00\" \/>\n<meta property=\"og:image\" content=\"https:\/\/erboristeria-artemisia.ch\/wp-content\/uploads\/2025\/09\/Sandalwood.jpg\" \/>\n\t<meta property=\"og:image:width\" content=\"2000\" \/>\n\t<meta property=\"og:image:height\" content=\"2000\" \/>\n\t<meta property=\"og:image:type\" content=\"image\/jpeg\" \/>\n<meta name=\"twitter:card\" content=\"summary_large_image\" \/>\n<meta name=\"twitter:label1\" content=\"Gesch\u00e4tzte Lesezeit\" \/>\n\t<meta name=\"twitter:data1\" content=\"1\u00a0Minute\" \/>\n<script type=\"application\/ld+json\" class=\"yoast-schema-graph\">{\"@context\":\"https:\\\/\\\/schema.org\",\"@graph\":[{\"@type\":\"WebPage\",\"@id\":\"https:\\\/\\\/erboristeria-artemisia.ch\\\/de\\\/produkt\\\/sandelholz-100-natuerlich\\\/\",\"url\":\"https:\\\/\\\/erboristeria-artemisia.ch\\\/de\\\/produkt\\\/sandelholz-100-natuerlich\\\/\",\"name\":\"Sandelholz 100% Nat\u00fcrlich - Erboristeria Artemisia\",\"isPartOf\":{\"@id\":\"https:\\\/\\\/erboristeria-artemisia.ch\\\/de\\\/#website\"},\"primaryImageOfPage\":{\"@id\":\"https:\\\/\\\/erboristeria-artemisia.ch\\\/de\\\/produkt\\\/sandelholz-100-natuerlich\\\/#primaryimage\"},\"image\":{\"@id\":\"https:\\\/\\\/erboristeria-artemisia.ch\\\/de\\\/produkt\\\/sandelholz-100-natuerlich\\\/#primaryimage\"},\"thumbnailUrl\":\"https:\\\/\\\/erboristeria-artemisia.ch\\\/wp-content\\\/uploads\\\/2025\\\/09\\\/Sandalwood.jpg\",\"datePublished\":\"2025-09-23T21:09:36+00:00\",\"dateModified\":\"2025-09-25T13:58:44+00:00\",\"breadcrumb\":{\"@id\":\"https:\\\/\\\/erboristeria-artemisia.ch\\\/de\\\/produkt\\\/sandelholz-100-natuerlich\\\/#breadcrumb\"},\"inLanguage\":\"de\",\"potentialAction\":[{\"@type\":\"ReadAction\",\"target\":[\"https:\\\/\\\/erboristeria-artemisia.ch\\\/de\\\/produkt\\\/sandelholz-100-natuerlich\\\/\"]}]},{\"@type\":\"ImageObject\",\"inLanguage\":\"de\",\"@id\":\"https:\\\/\\\/erboristeria-artemisia.ch\\\/de\\\/produkt\\\/sandelholz-100-natuerlich\\\/#primaryimage\",\"url\":\"https:\\\/\\\/erboristeria-artemisia.ch\\\/wp-content\\\/uploads\\\/2025\\\/09\\\/Sandalwood.jpg\",\"contentUrl\":\"https:\\\/\\\/erboristeria-artemisia.ch\\\/wp-content\\\/uploads\\\/2025\\\/09\\\/Sandalwood.jpg\",\"width\":2000,\"height\":2000},{\"@type\":\"BreadcrumbList\",\"@id\":\"https:\\\/\\\/erboristeria-artemisia.ch\\\/de\\\/produkt\\\/sandelholz-100-natuerlich\\\/#breadcrumb\",\"itemListElement\":[{\"@type\":\"ListItem\",\"position\":1,\"name\":\"Home\",\"item\":\"https:\\\/\\\/erboristeria-artemisia.ch\\\/de\\\/startseite\\\/\"},{\"@type\":\"ListItem\",\"position\":2,\"name\":\"Shop4\",\"item\":\"https:\\\/\\\/erboristeria-artemisia.ch\\\/shop4\\\/\"},{\"@type\":\"ListItem\",\"position\":3,\"name\":\"Sandelholz 100% Nat\u00fcrlich\"}]},{\"@type\":\"WebSite\",\"@id\":\"https:\\\/\\\/erboristeria-artemisia.ch\\\/de\\\/#website\",\"url\":\"https:\\\/\\\/erboristeria-artemisia.ch\\\/de\\\/\",\"name\":\"Erboristeria Artemisia\",\"description\":\"Ogni sorso \u00e8 un momento per te\",\"potentialAction\":[{\"@type\":\"SearchAction\",\"target\":{\"@type\":\"EntryPoint\",\"urlTemplate\":\"https:\\\/\\\/erboristeria-artemisia.ch\\\/de\\\/?s={search_term_string}\"},\"query-input\":{\"@type\":\"PropertyValueSpecification\",\"valueRequired\":true,\"valueName\":\"search_term_string\"}}],\"inLanguage\":\"de\"}]}<\/script>\n<!-- \/ Yoast SEO plugin. -->","yoast_head_json":{"title":"Sandelholz 100% Nat\u00fcrlich - Erboristeria Artemisia","robots":{"index":"index","follow":"follow","max-snippet":"max-snippet:-1","max-image-preview":"max-image-preview:large","max-video-preview":"max-video-preview:-1"},"canonical":"https:\/\/erboristeria-artemisia.ch\/de\/produkt\/sandelholz-100-natuerlich\/","og_locale":"de_DE","og_type":"article","og_title":"Sandelholz 100% Nat\u00fcrlich - Erboristeria Artemisia","og_description":"Sandelholz Weihrauch &#8211; 100% nat\u00fcrliche Inhaltsstoffe Lassen Sie sich von dem warmen, holzigen und balsamischen Duft von Sandelholz umh\u00fcllen, das seit Jahrhunderten f\u00fcr seine entspannenden und reinigenden Eigenschaften bekannt ist. Dieses nat\u00fcrliche R\u00e4ucherwerk ist ideal, um eine Atmosph\u00e4re der Ruhe und Meditation zu schaffen, die die Konzentration und das geistige Wohlbefinden f\u00f6rdert. \ud83c\udf3f Zusammensetzung: Hergestellt [&hellip;]","og_url":"https:\/\/erboristeria-artemisia.ch\/de\/produkt\/sandelholz-100-natuerlich\/","og_site_name":"Erboristeria Artemisia","article_modified_time":"2025-09-25T13:58:44+00:00","og_image":[{"width":2000,"height":2000,"url":"https:\/\/erboristeria-artemisia.ch\/wp-content\/uploads\/2025\/09\/Sandalwood.jpg","type":"image\/jpeg"}],"twitter_card":"summary_large_image","twitter_misc":{"Gesch\u00e4tzte Lesezeit":"1\u00a0Minute"},"schema":{"@context":"https:\/\/schema.org","@graph":[{"@type":"WebPage","@id":"https:\/\/erboristeria-artemisia.ch\/de\/produkt\/sandelholz-100-natuerlich\/","url":"https:\/\/erboristeria-artemisia.ch\/de\/produkt\/sandelholz-100-natuerlich\/","name":"Sandelholz 100% Nat\u00fcrlich - Erboristeria Artemisia","isPartOf":{"@id":"https:\/\/erboristeria-artemisia.ch\/de\/#website"},"primaryImageOfPage":{"@id":"https:\/\/erboristeria-artemisia.ch\/de\/produkt\/sandelholz-100-natuerlich\/#primaryimage"},"image":{"@id":"https:\/\/erboristeria-artemisia.ch\/de\/produkt\/sandelholz-100-natuerlich\/#primaryimage"},"thumbnailUrl":"https:\/\/erboristeria-artemisia.ch\/wp-content\/uploads\/2025\/09\/Sandalwood.jpg","datePublished":"2025-09-23T21:09:36+00:00","dateModified":"2025-09-25T13:58:44+00:00","breadcrumb":{"@id":"https:\/\/erboristeria-artemisia.ch\/de\/produkt\/sandelholz-100-natuerlich\/#breadcrumb"},"inLanguage":"de","potentialAction":[{"@type":"ReadAction","target":["https:\/\/erboristeria-artemisia.ch\/de\/produkt\/sandelholz-100-natuerlich\/"]}]},{"@type":"ImageObject","inLanguage":"de","@id":"https:\/\/erboristeria-artemisia.ch\/de\/produkt\/sandelholz-100-natuerlich\/#primaryimage","url":"https:\/\/erboristeria-artemisia.ch\/wp-content\/uploads\/2025\/09\/Sandalwood.jpg","contentUrl":"https:\/\/erboristeria-artemisia.ch\/wp-content\/uploads\/2025\/09\/Sandalwood.jpg","width":2000,"height":2000},{"@type":"BreadcrumbList","@id":"https:\/\/erboristeria-artemisia.ch\/de\/produkt\/sandelholz-100-natuerlich\/#breadcrumb","itemListElement":[{"@type":"ListItem","position":1,"name":"Home","item":"https:\/\/erboristeria-artemisia.ch\/de\/startseite\/"},{"@type":"ListItem","position":2,"name":"Shop4","item":"https:\/\/erboristeria-artemisia.ch\/shop4\/"},{"@type":"ListItem","position":3,"name":"Sandelholz 100% Nat\u00fcrlich"}]},{"@type":"WebSite","@id":"https:\/\/erboristeria-artemisia.ch\/de\/#website","url":"https:\/\/erboristeria-artemisia.ch\/de\/","name":"Erboristeria Artemisia","description":"Ogni sorso \u00e8 un momento per te","potentialAction":[{"@type":"SearchAction","target":{"@type":"EntryPoint","urlTemplate":"https:\/\/erboristeria-artemisia.ch\/de\/?s={search_term_string}"},"query-input":{"@type":"PropertyValueSpecification","valueRequired":true,"valueName":"search_term_string"}}],"inLanguage":"de"}]}},"_links":{"self":[{"href":"https:\/\/erboristeria-artemisia.ch\/de\/wp-json\/wp\/v2\/product\/30736","targetHints":{"allow":["GET"]}}],"collection":[{"href":"https:\/\/erboristeria-artemisia.ch\/de\/wp-json\/wp\/v2\/product"}],"about":[{"href":"https:\/\/erboristeria-artemisia.ch\/de\/wp-json\/wp\/v2\/types\/product"}],"wp:featuredmedia":[{"embeddable":true,"href":"https:\/\/erboristeria-artemisia.ch\/de\/wp-json\/wp\/v2\/media\/30659"}],"wp:attachment":[{"href":"https:\/\/erboristeria-artemisia.ch\/de\/wp-json\/wp\/v2\/media?parent=30736"}],"wp:term":[{"taxonomy":"product_brand","embeddable":true,"href":"https:\/\/erboristeria-artemisia.ch\/de\/wp-json\/wp\/v2\/product_brand?post=30736"},{"taxonomy":"product_cat","embeddable":true,"href":"https:\/\/erboristeria-artemisia.ch\/de\/wp-json\/wp\/v2\/product_cat?post=30736"},{"taxonomy":"product_tag","embeddable":true,"href":"https:\/\/erboristeria-artemisia.ch\/de\/wp-json\/wp\/v2\/product_tag?post=30736"}],"curies":[{"name":"wp","href":"https:\/\/api.w.org\/{rel}","templated":true}]}}