{"id":30737,"date":"2025-09-23T22:55:19","date_gmt":"2025-09-23T20:55:19","guid":{"rendered":"https:\/\/erboristeria-artemisia.ch\/product\/opium\/"},"modified":"2025-09-25T15:58:44","modified_gmt":"2025-09-25T13:58:44","slug":"opium","status":"publish","type":"product","link":"https:\/\/erboristeria-artemisia.ch\/de\/produkt\/opium\/","title":{"rendered":"Opium"},"content":{"rendered":"<h3 data-start=\"206\" data-end=\"255\"><strong data-start=\"210\" data-end=\"255\">Opium Weihrauch &#8211; 100% nat\u00fcrliche Zutaten<\/strong><\/h3>\n<p data-start=\"257\" data-end=\"589\">Ein intensiver und verf\u00fchrerischer Duft, der jeden Raum in einen umh\u00fcllenden und geheimnisvollen Raum verwandeln kann.<strong data-start=\"366\" data-end=\"383\">Opium Weihrauch<\/strong> kombiniert w\u00fcrzige, orientalische und leicht bernsteinfarbene Noten zu einem tiefen sensorischen Erlebnis, ideal f\u00fcr abendliche Entspannung, Meditation oder einfach, um eine warme und faszinierende Atmosph\u00e4re zu schaffen. <\/p>\n<p data-start=\"591\" data-end=\"887\">\ud83c\udf3f <strong data-start=\"594\" data-end=\"610\">Zusammensetzung<\/strong>: Hergestellt aus 100% nat\u00fcrlichen Inhaltsstoffen &#8211; Mischungen aus Harzen, Kr\u00e4utern und aromatischen \u00d6len, <strong data-start=\"696\" data-end=\"754\">ohne synthetische Duftstoffe, Farbstoffe oder Chemikalien<\/strong>.<br data-start=\"755\" data-end=\"758\">\ud83d\udd25 <strong data-start=\"761\" data-end=\"770\">Aroma<\/strong>: W\u00fcrzig, s\u00fc\u00df und harzig, mit einer warmen, sinnlichen Basis.<br data-start=\"830\" data-end=\"833\">\ud83d\udeab <strong data-start=\"836\" data-end=\"845\">Ohne<\/strong> k\u00fcnstliche Zusatzstoffe oder sch\u00e4dliche Komponenten.<\/p>\n<p data-start=\"889\" data-end=\"1017\">\ud83d\udce6 <strong data-start=\"892\" data-end=\"905\">Inhalt<\/strong>: 10 St\u00e4bchen<br data-start=\"920\" data-end=\"923\">\ud83d\udccf <strong data-start=\"926\" data-end=\"939\">L\u00e4nge<\/strong>: je 20 cm<br data-start=\"955\" data-end=\"958\">\ud83d\udd25 <strong data-start=\"961\" data-end=\"985\">Brenndauer<\/strong>: ca. 30 Minuten pro St\u00e4bchen<\/p>\n<p data-start=\"1019\" data-end=\"1125\"><strong data-start=\"1019\" data-end=\"1125\">Ein nat\u00fcrlicher und raffinierter Weihrauch, perfekt f\u00fcr alle, die tiefe, umh\u00fcllende, orientalische D\u00fcfte lieben.<\/strong><\/p>\n","protected":false},"excerpt":{"rendered":"<p>Opium Weihrauch &#8211; 100% nat\u00fcrliche Zutaten Ein intensiver und verf\u00fchrerischer Duft, der jeden Raum in einen umh\u00fcllenden und geheimnisvollen Raum verwandeln kann.Opium Weihrauch kombiniert w\u00fcrzige, orientalische und leicht bernsteinfarbene Noten zu einem tiefen sensorischen Erlebnis, ideal f\u00fcr abendliche Entspannung, Meditation oder einfach, um eine warme und faszinierende Atmosph\u00e4re zu schaffen. \ud83c\udf3f Zusammensetzung: Hergestellt aus 100% [&hellip;]<\/p>\n","protected":false},"featured_media":30644,"template":"","meta":{"_et_pb_use_builder":"","_et_pb_old_content":"","_et_gb_content_width":""},"product_brand":[],"product_cat":[86],"product_tag":[],"class_list":{"0":"post-30737","1":"product","2":"type-product","3":"status-publish","4":"has-post-thumbnail","6":"product_cat-essstabchen","8":"first","9":"instock","10":"shipping-taxable","11":"purchasable","12":"product-type-simple"},"yoast_head":"<!-- This site is optimized with the Yoast SEO plugin v27.4 - https:\/\/yoast.com\/product\/yoast-seo-wordpress\/ -->\n<title>Opium - Erboristeria Artemisia<\/title>\n<meta name=\"robots\" content=\"index, follow, max-snippet:-1, max-image-preview:large, max-video-preview:-1\" \/>\n<link rel=\"canonical\" href=\"https:\/\/erboristeria-artemisia.ch\/de\/produkt\/opium\/\" \/>\n<meta property=\"og:locale\" content=\"de_DE\" \/>\n<meta property=\"og:type\" content=\"article\" \/>\n<meta property=\"og:title\" content=\"Opium - Erboristeria Artemisia\" \/>\n<meta property=\"og:description\" content=\"Opium Weihrauch &#8211; 100% nat\u00fcrliche Zutaten Ein intensiver und verf\u00fchrerischer Duft, der jeden Raum in einen umh\u00fcllenden und geheimnisvollen Raum verwandeln kann.Opium Weihrauch kombiniert w\u00fcrzige, orientalische und leicht bernsteinfarbene Noten zu einem tiefen sensorischen Erlebnis, ideal f\u00fcr abendliche Entspannung, Meditation oder einfach, um eine warme und faszinierende Atmosph\u00e4re zu schaffen. \ud83c\udf3f Zusammensetzung: Hergestellt aus 100% [&hellip;]\" \/>\n<meta property=\"og:url\" content=\"https:\/\/erboristeria-artemisia.ch\/de\/produkt\/opium\/\" \/>\n<meta property=\"og:site_name\" content=\"Erboristeria Artemisia\" \/>\n<meta property=\"article:modified_time\" content=\"2025-09-25T13:58:44+00:00\" \/>\n<meta property=\"og:image\" content=\"https:\/\/erboristeria-artemisia.ch\/wp-content\/uploads\/2025\/09\/Opium-Flower.jpg\" \/>\n\t<meta property=\"og:image:width\" content=\"2000\" \/>\n\t<meta property=\"og:image:height\" content=\"2000\" \/>\n\t<meta property=\"og:image:type\" content=\"image\/jpeg\" \/>\n<meta name=\"twitter:card\" content=\"summary_large_image\" \/>\n<meta name=\"twitter:label1\" content=\"Gesch\u00e4tzte Lesezeit\" \/>\n\t<meta name=\"twitter:data1\" content=\"1\u00a0Minute\" \/>\n<script type=\"application\/ld+json\" class=\"yoast-schema-graph\">{\"@context\":\"https:\\\/\\\/schema.org\",\"@graph\":[{\"@type\":\"WebPage\",\"@id\":\"https:\\\/\\\/erboristeria-artemisia.ch\\\/de\\\/produkt\\\/opium\\\/\",\"url\":\"https:\\\/\\\/erboristeria-artemisia.ch\\\/de\\\/produkt\\\/opium\\\/\",\"name\":\"Opium - Erboristeria Artemisia\",\"isPartOf\":{\"@id\":\"https:\\\/\\\/erboristeria-artemisia.ch\\\/de\\\/#website\"},\"primaryImageOfPage\":{\"@id\":\"https:\\\/\\\/erboristeria-artemisia.ch\\\/de\\\/produkt\\\/opium\\\/#primaryimage\"},\"image\":{\"@id\":\"https:\\\/\\\/erboristeria-artemisia.ch\\\/de\\\/produkt\\\/opium\\\/#primaryimage\"},\"thumbnailUrl\":\"https:\\\/\\\/erboristeria-artemisia.ch\\\/wp-content\\\/uploads\\\/2025\\\/09\\\/Opium-Flower.jpg\",\"datePublished\":\"2025-09-23T20:55:19+00:00\",\"dateModified\":\"2025-09-25T13:58:44+00:00\",\"breadcrumb\":{\"@id\":\"https:\\\/\\\/erboristeria-artemisia.ch\\\/de\\\/produkt\\\/opium\\\/#breadcrumb\"},\"inLanguage\":\"de\",\"potentialAction\":[{\"@type\":\"ReadAction\",\"target\":[\"https:\\\/\\\/erboristeria-artemisia.ch\\\/de\\\/produkt\\\/opium\\\/\"]}]},{\"@type\":\"ImageObject\",\"inLanguage\":\"de\",\"@id\":\"https:\\\/\\\/erboristeria-artemisia.ch\\\/de\\\/produkt\\\/opium\\\/#primaryimage\",\"url\":\"https:\\\/\\\/erboristeria-artemisia.ch\\\/wp-content\\\/uploads\\\/2025\\\/09\\\/Opium-Flower.jpg\",\"contentUrl\":\"https:\\\/\\\/erboristeria-artemisia.ch\\\/wp-content\\\/uploads\\\/2025\\\/09\\\/Opium-Flower.jpg\",\"width\":2000,\"height\":2000},{\"@type\":\"BreadcrumbList\",\"@id\":\"https:\\\/\\\/erboristeria-artemisia.ch\\\/de\\\/produkt\\\/opium\\\/#breadcrumb\",\"itemListElement\":[{\"@type\":\"ListItem\",\"position\":1,\"name\":\"Home\",\"item\":\"https:\\\/\\\/erboristeria-artemisia.ch\\\/de\\\/startseite\\\/\"},{\"@type\":\"ListItem\",\"position\":2,\"name\":\"Shop4\",\"item\":\"https:\\\/\\\/erboristeria-artemisia.ch\\\/shop4\\\/\"},{\"@type\":\"ListItem\",\"position\":3,\"name\":\"Opium\"}]},{\"@type\":\"WebSite\",\"@id\":\"https:\\\/\\\/erboristeria-artemisia.ch\\\/de\\\/#website\",\"url\":\"https:\\\/\\\/erboristeria-artemisia.ch\\\/de\\\/\",\"name\":\"Erboristeria Artemisia\",\"description\":\"Ogni sorso \u00e8 un momento per te\",\"potentialAction\":[{\"@type\":\"SearchAction\",\"target\":{\"@type\":\"EntryPoint\",\"urlTemplate\":\"https:\\\/\\\/erboristeria-artemisia.ch\\\/de\\\/?s={search_term_string}\"},\"query-input\":{\"@type\":\"PropertyValueSpecification\",\"valueRequired\":true,\"valueName\":\"search_term_string\"}}],\"inLanguage\":\"de\"}]}<\/script>\n<!-- \/ Yoast SEO plugin. -->","yoast_head_json":{"title":"Opium - Erboristeria Artemisia","robots":{"index":"index","follow":"follow","max-snippet":"max-snippet:-1","max-image-preview":"max-image-preview:large","max-video-preview":"max-video-preview:-1"},"canonical":"https:\/\/erboristeria-artemisia.ch\/de\/produkt\/opium\/","og_locale":"de_DE","og_type":"article","og_title":"Opium - Erboristeria Artemisia","og_description":"Opium Weihrauch &#8211; 100% nat\u00fcrliche Zutaten Ein intensiver und verf\u00fchrerischer Duft, der jeden Raum in einen umh\u00fcllenden und geheimnisvollen Raum verwandeln kann.Opium Weihrauch kombiniert w\u00fcrzige, orientalische und leicht bernsteinfarbene Noten zu einem tiefen sensorischen Erlebnis, ideal f\u00fcr abendliche Entspannung, Meditation oder einfach, um eine warme und faszinierende Atmosph\u00e4re zu schaffen. \ud83c\udf3f Zusammensetzung: Hergestellt aus 100% [&hellip;]","og_url":"https:\/\/erboristeria-artemisia.ch\/de\/produkt\/opium\/","og_site_name":"Erboristeria Artemisia","article_modified_time":"2025-09-25T13:58:44+00:00","og_image":[{"width":2000,"height":2000,"url":"https:\/\/erboristeria-artemisia.ch\/wp-content\/uploads\/2025\/09\/Opium-Flower.jpg","type":"image\/jpeg"}],"twitter_card":"summary_large_image","twitter_misc":{"Gesch\u00e4tzte Lesezeit":"1\u00a0Minute"},"schema":{"@context":"https:\/\/schema.org","@graph":[{"@type":"WebPage","@id":"https:\/\/erboristeria-artemisia.ch\/de\/produkt\/opium\/","url":"https:\/\/erboristeria-artemisia.ch\/de\/produkt\/opium\/","name":"Opium - Erboristeria Artemisia","isPartOf":{"@id":"https:\/\/erboristeria-artemisia.ch\/de\/#website"},"primaryImageOfPage":{"@id":"https:\/\/erboristeria-artemisia.ch\/de\/produkt\/opium\/#primaryimage"},"image":{"@id":"https:\/\/erboristeria-artemisia.ch\/de\/produkt\/opium\/#primaryimage"},"thumbnailUrl":"https:\/\/erboristeria-artemisia.ch\/wp-content\/uploads\/2025\/09\/Opium-Flower.jpg","datePublished":"2025-09-23T20:55:19+00:00","dateModified":"2025-09-25T13:58:44+00:00","breadcrumb":{"@id":"https:\/\/erboristeria-artemisia.ch\/de\/produkt\/opium\/#breadcrumb"},"inLanguage":"de","potentialAction":[{"@type":"ReadAction","target":["https:\/\/erboristeria-artemisia.ch\/de\/produkt\/opium\/"]}]},{"@type":"ImageObject","inLanguage":"de","@id":"https:\/\/erboristeria-artemisia.ch\/de\/produkt\/opium\/#primaryimage","url":"https:\/\/erboristeria-artemisia.ch\/wp-content\/uploads\/2025\/09\/Opium-Flower.jpg","contentUrl":"https:\/\/erboristeria-artemisia.ch\/wp-content\/uploads\/2025\/09\/Opium-Flower.jpg","width":2000,"height":2000},{"@type":"BreadcrumbList","@id":"https:\/\/erboristeria-artemisia.ch\/de\/produkt\/opium\/#breadcrumb","itemListElement":[{"@type":"ListItem","position":1,"name":"Home","item":"https:\/\/erboristeria-artemisia.ch\/de\/startseite\/"},{"@type":"ListItem","position":2,"name":"Shop4","item":"https:\/\/erboristeria-artemisia.ch\/shop4\/"},{"@type":"ListItem","position":3,"name":"Opium"}]},{"@type":"WebSite","@id":"https:\/\/erboristeria-artemisia.ch\/de\/#website","url":"https:\/\/erboristeria-artemisia.ch\/de\/","name":"Erboristeria Artemisia","description":"Ogni sorso \u00e8 un momento per te","potentialAction":[{"@type":"SearchAction","target":{"@type":"EntryPoint","urlTemplate":"https:\/\/erboristeria-artemisia.ch\/de\/?s={search_term_string}"},"query-input":{"@type":"PropertyValueSpecification","valueRequired":true,"valueName":"search_term_string"}}],"inLanguage":"de"}]}},"_links":{"self":[{"href":"https:\/\/erboristeria-artemisia.ch\/de\/wp-json\/wp\/v2\/product\/30737","targetHints":{"allow":["GET"]}}],"collection":[{"href":"https:\/\/erboristeria-artemisia.ch\/de\/wp-json\/wp\/v2\/product"}],"about":[{"href":"https:\/\/erboristeria-artemisia.ch\/de\/wp-json\/wp\/v2\/types\/product"}],"wp:featuredmedia":[{"embeddable":true,"href":"https:\/\/erboristeria-artemisia.ch\/de\/wp-json\/wp\/v2\/media\/30644"}],"wp:attachment":[{"href":"https:\/\/erboristeria-artemisia.ch\/de\/wp-json\/wp\/v2\/media?parent=30737"}],"wp:term":[{"taxonomy":"product_brand","embeddable":true,"href":"https:\/\/erboristeria-artemisia.ch\/de\/wp-json\/wp\/v2\/product_brand?post=30737"},{"taxonomy":"product_cat","embeddable":true,"href":"https:\/\/erboristeria-artemisia.ch\/de\/wp-json\/wp\/v2\/product_cat?post=30737"},{"taxonomy":"product_tag","embeddable":true,"href":"https:\/\/erboristeria-artemisia.ch\/de\/wp-json\/wp\/v2\/product_tag?post=30737"}],"curies":[{"name":"wp","href":"https:\/\/api.w.org\/{rel}","templated":true}]}}