{"id":30738,"date":"2025-09-23T23:19:18","date_gmt":"2025-09-23T21:19:18","guid":{"rendered":"https:\/\/erboristeria-artemisia.ch\/product\/zirbelkiefer\/"},"modified":"2025-09-25T15:58:44","modified_gmt":"2025-09-25T13:58:44","slug":"zirbelkiefer","status":"publish","type":"product","link":"https:\/\/erboristeria-artemisia.ch\/de\/produkt\/zirbelkiefer\/","title":{"rendered":"Zirbelkiefer"},"content":{"rendered":"<h3 data-start=\"72\" data-end=\"127\"><strong data-start=\"76\" data-end=\"127\">Zirbelkiefer-Weihrauch &#8211; 100% nat\u00fcrliche Zutaten<\/strong><\/h3>\n<p data-start=\"129\" data-end=\"397\">Entdecken Sie die frische, balsamische Essenz der <strong data-start=\"171\" data-end=\"186\">Zirbelkiefer<\/strong> wieder, die f\u00fcr ihren sauberen, belebenden Duft bekannt ist, der an alpine W\u00e4lder erinnert. Dieses nat\u00fcrliche R\u00e4ucherwerk eignet sich perfekt zur Reinigung von R\u00e4umen, verleiht positive Energie und schafft eine frische und belebende Atmosph\u00e4re. <\/p>\n<p data-start=\"399\" data-end=\"680\">\ud83c\udf3f <strong data-start=\"402\" data-end=\"418\">Zusammensetzung<\/strong>: Hergestellt aus 100% nat\u00fcrlichen Inhaltsstoffen &#8211; reinen Harzen und \u00e4therischen \u00d6len ohne synthetische Parf\u00fcmstoffe, Farbstoffe oder Chemikalien.<br data-start=\"547\" data-end=\"550\">\ud83d\udd25 <strong data-start=\"553\" data-end=\"562\">Aroma<\/strong>: Frisch, gr\u00fcn und balsamisch, mit typischen holzigen Noten von Kiefer.<br data-start=\"625\" data-end=\"628\">\ud83d\udeab <strong data-start=\"631\" data-end=\"640\">Ohne<\/strong> k\u00fcnstliche Zus\u00e4tze oder sch\u00e4dliche Substanzen.<\/p>\n<p data-start=\"682\" data-end=\"810\">\ud83d\udce6 <strong data-start=\"685\" data-end=\"698\">Inhalt<\/strong>: 10 St\u00e4bchen<br data-start=\"713\" data-end=\"716\">\ud83d\udccf <strong data-start=\"719\" data-end=\"732\">L\u00e4nge<\/strong>: je 20 cm<br data-start=\"748\" data-end=\"751\">\ud83d\udd25 <strong data-start=\"754\" data-end=\"778\">Brenndauer<\/strong>: ca. 30 Minuten pro St\u00e4bchen<\/p>\n<p data-start=\"812\" data-end=\"961\"><strong data-start=\"812\" data-end=\"961\">Ein nat\u00fcrlicher Weihrauch, ideal f\u00fcr alle, die Frische und Vitalit\u00e4t suchen, perfekt f\u00fcr Momente der Meditation und Entspannung in einer von der Natur inspirierten Atmosph\u00e4re.<\/strong><\/p>\n","protected":false},"excerpt":{"rendered":"<p>Zirbelkiefer-Weihrauch &#8211; 100% nat\u00fcrliche Zutaten Entdecken Sie die frische, balsamische Essenz der Zirbelkiefer wieder, die f\u00fcr ihren sauberen, belebenden Duft bekannt ist, der an alpine W\u00e4lder erinnert. Dieses nat\u00fcrliche R\u00e4ucherwerk eignet sich perfekt zur Reinigung von R\u00e4umen, verleiht positive Energie und schafft eine frische und belebende Atmosph\u00e4re. \ud83c\udf3f Zusammensetzung: Hergestellt aus 100% nat\u00fcrlichen Inhaltsstoffen &#8211; [&hellip;]<\/p>\n","protected":false},"featured_media":30667,"template":"","meta":{"_et_pb_use_builder":"","_et_pb_old_content":"","_et_gb_content_width":""},"product_brand":[],"product_cat":[86],"product_tag":[],"class_list":{"0":"post-30738","1":"product","2":"type-product","3":"status-publish","4":"has-post-thumbnail","6":"product_cat-essstabchen","8":"first","9":"instock","10":"shipping-taxable","11":"purchasable","12":"product-type-simple"},"yoast_head":"<!-- This site is optimized with the Yoast SEO plugin v27.4 - https:\/\/yoast.com\/product\/yoast-seo-wordpress\/ -->\n<title>Zirbelkiefer - Erboristeria Artemisia<\/title>\n<meta name=\"robots\" content=\"index, follow, max-snippet:-1, max-image-preview:large, max-video-preview:-1\" \/>\n<link rel=\"canonical\" href=\"https:\/\/erboristeria-artemisia.ch\/de\/produkt\/zirbelkiefer\/\" \/>\n<meta property=\"og:locale\" content=\"de_DE\" \/>\n<meta property=\"og:type\" content=\"article\" \/>\n<meta property=\"og:title\" content=\"Zirbelkiefer - Erboristeria Artemisia\" \/>\n<meta property=\"og:description\" content=\"Zirbelkiefer-Weihrauch &#8211; 100% nat\u00fcrliche Zutaten Entdecken Sie die frische, balsamische Essenz der Zirbelkiefer wieder, die f\u00fcr ihren sauberen, belebenden Duft bekannt ist, der an alpine W\u00e4lder erinnert. Dieses nat\u00fcrliche R\u00e4ucherwerk eignet sich perfekt zur Reinigung von R\u00e4umen, verleiht positive Energie und schafft eine frische und belebende Atmosph\u00e4re. \ud83c\udf3f Zusammensetzung: Hergestellt aus 100% nat\u00fcrlichen Inhaltsstoffen &#8211; [&hellip;]\" \/>\n<meta property=\"og:url\" content=\"https:\/\/erboristeria-artemisia.ch\/de\/produkt\/zirbelkiefer\/\" \/>\n<meta property=\"og:site_name\" content=\"Erboristeria Artemisia\" \/>\n<meta property=\"article:modified_time\" content=\"2025-09-25T13:58:44+00:00\" \/>\n<meta property=\"og:image\" content=\"https:\/\/erboristeria-artemisia.ch\/wp-content\/uploads\/2025\/09\/Swiss-Stone-Pine.jpg\" \/>\n\t<meta property=\"og:image:width\" content=\"2000\" \/>\n\t<meta property=\"og:image:height\" content=\"2000\" \/>\n\t<meta property=\"og:image:type\" content=\"image\/jpeg\" \/>\n<meta name=\"twitter:card\" content=\"summary_large_image\" \/>\n<meta name=\"twitter:label1\" content=\"Gesch\u00e4tzte Lesezeit\" \/>\n\t<meta name=\"twitter:data1\" content=\"1\u00a0Minute\" \/>\n<script type=\"application\/ld+json\" class=\"yoast-schema-graph\">{\"@context\":\"https:\\\/\\\/schema.org\",\"@graph\":[{\"@type\":\"WebPage\",\"@id\":\"https:\\\/\\\/erboristeria-artemisia.ch\\\/de\\\/produkt\\\/zirbelkiefer\\\/\",\"url\":\"https:\\\/\\\/erboristeria-artemisia.ch\\\/de\\\/produkt\\\/zirbelkiefer\\\/\",\"name\":\"Zirbelkiefer - Erboristeria Artemisia\",\"isPartOf\":{\"@id\":\"https:\\\/\\\/erboristeria-artemisia.ch\\\/de\\\/#website\"},\"primaryImageOfPage\":{\"@id\":\"https:\\\/\\\/erboristeria-artemisia.ch\\\/de\\\/produkt\\\/zirbelkiefer\\\/#primaryimage\"},\"image\":{\"@id\":\"https:\\\/\\\/erboristeria-artemisia.ch\\\/de\\\/produkt\\\/zirbelkiefer\\\/#primaryimage\"},\"thumbnailUrl\":\"https:\\\/\\\/erboristeria-artemisia.ch\\\/wp-content\\\/uploads\\\/2025\\\/09\\\/Swiss-Stone-Pine.jpg\",\"datePublished\":\"2025-09-23T21:19:18+00:00\",\"dateModified\":\"2025-09-25T13:58:44+00:00\",\"breadcrumb\":{\"@id\":\"https:\\\/\\\/erboristeria-artemisia.ch\\\/de\\\/produkt\\\/zirbelkiefer\\\/#breadcrumb\"},\"inLanguage\":\"de\",\"potentialAction\":[{\"@type\":\"ReadAction\",\"target\":[\"https:\\\/\\\/erboristeria-artemisia.ch\\\/de\\\/produkt\\\/zirbelkiefer\\\/\"]}]},{\"@type\":\"ImageObject\",\"inLanguage\":\"de\",\"@id\":\"https:\\\/\\\/erboristeria-artemisia.ch\\\/de\\\/produkt\\\/zirbelkiefer\\\/#primaryimage\",\"url\":\"https:\\\/\\\/erboristeria-artemisia.ch\\\/wp-content\\\/uploads\\\/2025\\\/09\\\/Swiss-Stone-Pine.jpg\",\"contentUrl\":\"https:\\\/\\\/erboristeria-artemisia.ch\\\/wp-content\\\/uploads\\\/2025\\\/09\\\/Swiss-Stone-Pine.jpg\",\"width\":2000,\"height\":2000},{\"@type\":\"BreadcrumbList\",\"@id\":\"https:\\\/\\\/erboristeria-artemisia.ch\\\/de\\\/produkt\\\/zirbelkiefer\\\/#breadcrumb\",\"itemListElement\":[{\"@type\":\"ListItem\",\"position\":1,\"name\":\"Home\",\"item\":\"https:\\\/\\\/erboristeria-artemisia.ch\\\/de\\\/startseite\\\/\"},{\"@type\":\"ListItem\",\"position\":2,\"name\":\"Shop4\",\"item\":\"https:\\\/\\\/erboristeria-artemisia.ch\\\/shop4\\\/\"},{\"@type\":\"ListItem\",\"position\":3,\"name\":\"Zirbelkiefer\"}]},{\"@type\":\"WebSite\",\"@id\":\"https:\\\/\\\/erboristeria-artemisia.ch\\\/de\\\/#website\",\"url\":\"https:\\\/\\\/erboristeria-artemisia.ch\\\/de\\\/\",\"name\":\"Erboristeria Artemisia\",\"description\":\"Ogni sorso \u00e8 un momento per te\",\"potentialAction\":[{\"@type\":\"SearchAction\",\"target\":{\"@type\":\"EntryPoint\",\"urlTemplate\":\"https:\\\/\\\/erboristeria-artemisia.ch\\\/de\\\/?s={search_term_string}\"},\"query-input\":{\"@type\":\"PropertyValueSpecification\",\"valueRequired\":true,\"valueName\":\"search_term_string\"}}],\"inLanguage\":\"de\"}]}<\/script>\n<!-- \/ Yoast SEO plugin. -->","yoast_head_json":{"title":"Zirbelkiefer - Erboristeria Artemisia","robots":{"index":"index","follow":"follow","max-snippet":"max-snippet:-1","max-image-preview":"max-image-preview:large","max-video-preview":"max-video-preview:-1"},"canonical":"https:\/\/erboristeria-artemisia.ch\/de\/produkt\/zirbelkiefer\/","og_locale":"de_DE","og_type":"article","og_title":"Zirbelkiefer - Erboristeria Artemisia","og_description":"Zirbelkiefer-Weihrauch &#8211; 100% nat\u00fcrliche Zutaten Entdecken Sie die frische, balsamische Essenz der Zirbelkiefer wieder, die f\u00fcr ihren sauberen, belebenden Duft bekannt ist, der an alpine W\u00e4lder erinnert. Dieses nat\u00fcrliche R\u00e4ucherwerk eignet sich perfekt zur Reinigung von R\u00e4umen, verleiht positive Energie und schafft eine frische und belebende Atmosph\u00e4re. \ud83c\udf3f Zusammensetzung: Hergestellt aus 100% nat\u00fcrlichen Inhaltsstoffen &#8211; [&hellip;]","og_url":"https:\/\/erboristeria-artemisia.ch\/de\/produkt\/zirbelkiefer\/","og_site_name":"Erboristeria Artemisia","article_modified_time":"2025-09-25T13:58:44+00:00","og_image":[{"width":2000,"height":2000,"url":"https:\/\/erboristeria-artemisia.ch\/wp-content\/uploads\/2025\/09\/Swiss-Stone-Pine.jpg","type":"image\/jpeg"}],"twitter_card":"summary_large_image","twitter_misc":{"Gesch\u00e4tzte Lesezeit":"1\u00a0Minute"},"schema":{"@context":"https:\/\/schema.org","@graph":[{"@type":"WebPage","@id":"https:\/\/erboristeria-artemisia.ch\/de\/produkt\/zirbelkiefer\/","url":"https:\/\/erboristeria-artemisia.ch\/de\/produkt\/zirbelkiefer\/","name":"Zirbelkiefer - Erboristeria Artemisia","isPartOf":{"@id":"https:\/\/erboristeria-artemisia.ch\/de\/#website"},"primaryImageOfPage":{"@id":"https:\/\/erboristeria-artemisia.ch\/de\/produkt\/zirbelkiefer\/#primaryimage"},"image":{"@id":"https:\/\/erboristeria-artemisia.ch\/de\/produkt\/zirbelkiefer\/#primaryimage"},"thumbnailUrl":"https:\/\/erboristeria-artemisia.ch\/wp-content\/uploads\/2025\/09\/Swiss-Stone-Pine.jpg","datePublished":"2025-09-23T21:19:18+00:00","dateModified":"2025-09-25T13:58:44+00:00","breadcrumb":{"@id":"https:\/\/erboristeria-artemisia.ch\/de\/produkt\/zirbelkiefer\/#breadcrumb"},"inLanguage":"de","potentialAction":[{"@type":"ReadAction","target":["https:\/\/erboristeria-artemisia.ch\/de\/produkt\/zirbelkiefer\/"]}]},{"@type":"ImageObject","inLanguage":"de","@id":"https:\/\/erboristeria-artemisia.ch\/de\/produkt\/zirbelkiefer\/#primaryimage","url":"https:\/\/erboristeria-artemisia.ch\/wp-content\/uploads\/2025\/09\/Swiss-Stone-Pine.jpg","contentUrl":"https:\/\/erboristeria-artemisia.ch\/wp-content\/uploads\/2025\/09\/Swiss-Stone-Pine.jpg","width":2000,"height":2000},{"@type":"BreadcrumbList","@id":"https:\/\/erboristeria-artemisia.ch\/de\/produkt\/zirbelkiefer\/#breadcrumb","itemListElement":[{"@type":"ListItem","position":1,"name":"Home","item":"https:\/\/erboristeria-artemisia.ch\/de\/startseite\/"},{"@type":"ListItem","position":2,"name":"Shop4","item":"https:\/\/erboristeria-artemisia.ch\/shop4\/"},{"@type":"ListItem","position":3,"name":"Zirbelkiefer"}]},{"@type":"WebSite","@id":"https:\/\/erboristeria-artemisia.ch\/de\/#website","url":"https:\/\/erboristeria-artemisia.ch\/de\/","name":"Erboristeria Artemisia","description":"Ogni sorso \u00e8 un momento per te","potentialAction":[{"@type":"SearchAction","target":{"@type":"EntryPoint","urlTemplate":"https:\/\/erboristeria-artemisia.ch\/de\/?s={search_term_string}"},"query-input":{"@type":"PropertyValueSpecification","valueRequired":true,"valueName":"search_term_string"}}],"inLanguage":"de"}]}},"_links":{"self":[{"href":"https:\/\/erboristeria-artemisia.ch\/de\/wp-json\/wp\/v2\/product\/30738","targetHints":{"allow":["GET"]}}],"collection":[{"href":"https:\/\/erboristeria-artemisia.ch\/de\/wp-json\/wp\/v2\/product"}],"about":[{"href":"https:\/\/erboristeria-artemisia.ch\/de\/wp-json\/wp\/v2\/types\/product"}],"wp:featuredmedia":[{"embeddable":true,"href":"https:\/\/erboristeria-artemisia.ch\/de\/wp-json\/wp\/v2\/media\/30667"}],"wp:attachment":[{"href":"https:\/\/erboristeria-artemisia.ch\/de\/wp-json\/wp\/v2\/media?parent=30738"}],"wp:term":[{"taxonomy":"product_brand","embeddable":true,"href":"https:\/\/erboristeria-artemisia.ch\/de\/wp-json\/wp\/v2\/product_brand?post=30738"},{"taxonomy":"product_cat","embeddable":true,"href":"https:\/\/erboristeria-artemisia.ch\/de\/wp-json\/wp\/v2\/product_cat?post=30738"},{"taxonomy":"product_tag","embeddable":true,"href":"https:\/\/erboristeria-artemisia.ch\/de\/wp-json\/wp\/v2\/product_tag?post=30738"}],"curies":[{"name":"wp","href":"https:\/\/api.w.org\/{rel}","templated":true}]}}