{"id":30739,"date":"2025-09-23T22:57:43","date_gmt":"2025-09-23T20:57:43","guid":{"rendered":"https:\/\/erboristeria-artemisia.ch\/product\/100-natuerliches-patchouli\/"},"modified":"2025-09-25T15:58:45","modified_gmt":"2025-09-25T13:58:45","slug":"100-natuerliches-patchouli","status":"publish","type":"product","link":"https:\/\/erboristeria-artemisia.ch\/de\/produkt\/100-natuerliches-patchouli\/","title":{"rendered":"100% nat\u00fcrliches Patchouli"},"content":{"rendered":"<h3 data-start=\"122\" data-end=\"175\"><strong data-start=\"126\" data-end=\"175\">Patchouli Weihrauch &#8211; 100% nat\u00fcrliche Inhaltsstoffe<\/strong><\/h3>\n<p data-start=\"177\" data-end=\"506\">Der tiefe, erdige Duft von <strong data-start=\"211\" data-end=\"224\">Patchouli<\/strong> weckt die Sinne und f\u00f6rdert Erdung, innere Ruhe und kreative Energie. Dieses R\u00e4ucherwerk wird seit Jahrhunderten in der orientalischen Tradition verwendet und ist in der Boho-Kultur und im spirituellen Bereich sehr beliebt. Es eignet sich perfekt f\u00fcr Momente der Meditation, der Entspannung oder um eine warme, einh\u00fcllende Atmosph\u00e4re zu schaffen.<\/p>\n<p data-start=\"508\" data-end=\"788\">\ud83c\udf3f <strong data-start=\"511\" data-end=\"527\">Zusammensetzung<\/strong>: Hergestellt aus 100% nat\u00fcrlichen Inhaltsstoffen &#8211; Mischungen aus Kr\u00e4utern, Harzen und reinen \u00e4therischen \u00d6len.<br data-start=\"618\" data-end=\"621\">\ud83d\udd25 <strong data-start=\"624\" data-end=\"633\">Duft<\/strong>: Intensiv, holzig, w\u00fcrzig und moschusartig, mit einer sinnlichen, anhaltenden Note.<br data-start=\"711\" data-end=\"714\">\ud83d\udeab <strong data-start=\"717\" data-end=\"726\">Frei von<\/strong> synthetischen Duftstoffen, k\u00fcnstlichen Farbstoffen oder Chemikalien.<\/p>\n<p data-start=\"790\" data-end=\"918\">\ud83d\udce6 <strong data-start=\"793\" data-end=\"806\">Inhalt<\/strong>: 10 St\u00e4bchen<br data-start=\"821\" data-end=\"824\">\ud83d\udccf <strong data-start=\"827\" data-end=\"840\">L\u00e4nge<\/strong>: je 20 cm<br data-start=\"856\" data-end=\"859\">\ud83d\udd25 <strong data-start=\"862\" data-end=\"886\">Brenndauer<\/strong>: ca. 30 Minuten pro St\u00e4bchen<\/p>\n<p data-start=\"920\" data-end=\"1053\"><strong data-start=\"920\" data-end=\"1053\">Ein nat\u00fcrliches und tiefgr\u00fcndiges R\u00e4ucherwerk, perfekt f\u00fcr alle, die Authentizit\u00e4t, Verwurzelung und einen Duft mit einer intensiven und zeitlosen Seele suchen.<\/strong><\/p>\n","protected":false},"excerpt":{"rendered":"<p>Patchouli Weihrauch &#8211; 100% nat\u00fcrliche Inhaltsstoffe Der tiefe, erdige Duft von Patchouli weckt die Sinne und f\u00f6rdert Erdung, innere Ruhe und kreative Energie. Dieses R\u00e4ucherwerk wird seit Jahrhunderten in der orientalischen Tradition verwendet und ist in der Boho-Kultur und im spirituellen Bereich sehr beliebt. Es eignet sich perfekt f\u00fcr Momente der Meditation, der Entspannung oder [&hellip;]<\/p>\n","protected":false},"featured_media":30647,"template":"","meta":{"_et_pb_use_builder":"","_et_pb_old_content":"","_et_gb_content_width":""},"product_brand":[],"product_cat":[86],"product_tag":[],"class_list":{"0":"post-30739","1":"product","2":"type-product","3":"status-publish","4":"has-post-thumbnail","6":"product_cat-essstabchen","8":"first","9":"instock","10":"shipping-taxable","11":"purchasable","12":"product-type-simple"},"yoast_head":"<!-- This site is optimized with the Yoast SEO plugin v27.4 - https:\/\/yoast.com\/product\/yoast-seo-wordpress\/ -->\n<title>100% nat\u00fcrliches Patchouli - Erboristeria Artemisia<\/title>\n<meta name=\"robots\" content=\"index, follow, max-snippet:-1, max-image-preview:large, max-video-preview:-1\" \/>\n<link rel=\"canonical\" href=\"https:\/\/erboristeria-artemisia.ch\/de\/produkt\/100-natuerliches-patchouli\/\" \/>\n<meta property=\"og:locale\" content=\"de_DE\" \/>\n<meta property=\"og:type\" content=\"article\" \/>\n<meta property=\"og:title\" content=\"100% nat\u00fcrliches Patchouli - Erboristeria Artemisia\" \/>\n<meta property=\"og:description\" content=\"Patchouli Weihrauch &#8211; 100% nat\u00fcrliche Inhaltsstoffe Der tiefe, erdige Duft von Patchouli weckt die Sinne und f\u00f6rdert Erdung, innere Ruhe und kreative Energie. Dieses R\u00e4ucherwerk wird seit Jahrhunderten in der orientalischen Tradition verwendet und ist in der Boho-Kultur und im spirituellen Bereich sehr beliebt. Es eignet sich perfekt f\u00fcr Momente der Meditation, der Entspannung oder [&hellip;]\" \/>\n<meta property=\"og:url\" content=\"https:\/\/erboristeria-artemisia.ch\/de\/produkt\/100-natuerliches-patchouli\/\" \/>\n<meta property=\"og:site_name\" content=\"Erboristeria Artemisia\" \/>\n<meta property=\"article:modified_time\" content=\"2025-09-25T13:58:45+00:00\" \/>\n<meta property=\"og:image\" content=\"https:\/\/erboristeria-artemisia.ch\/wp-content\/uploads\/2025\/09\/Patchouli.jpg\" \/>\n\t<meta property=\"og:image:width\" content=\"2000\" \/>\n\t<meta property=\"og:image:height\" content=\"2000\" \/>\n\t<meta property=\"og:image:type\" content=\"image\/jpeg\" \/>\n<meta name=\"twitter:card\" content=\"summary_large_image\" \/>\n<meta name=\"twitter:label1\" content=\"Gesch\u00e4tzte Lesezeit\" \/>\n\t<meta name=\"twitter:data1\" content=\"1\u00a0Minute\" \/>\n<script type=\"application\/ld+json\" class=\"yoast-schema-graph\">{\"@context\":\"https:\\\/\\\/schema.org\",\"@graph\":[{\"@type\":\"WebPage\",\"@id\":\"https:\\\/\\\/erboristeria-artemisia.ch\\\/de\\\/produkt\\\/100-natuerliches-patchouli\\\/\",\"url\":\"https:\\\/\\\/erboristeria-artemisia.ch\\\/de\\\/produkt\\\/100-natuerliches-patchouli\\\/\",\"name\":\"100% nat\u00fcrliches Patchouli - Erboristeria Artemisia\",\"isPartOf\":{\"@id\":\"https:\\\/\\\/erboristeria-artemisia.ch\\\/de\\\/#website\"},\"primaryImageOfPage\":{\"@id\":\"https:\\\/\\\/erboristeria-artemisia.ch\\\/de\\\/produkt\\\/100-natuerliches-patchouli\\\/#primaryimage\"},\"image\":{\"@id\":\"https:\\\/\\\/erboristeria-artemisia.ch\\\/de\\\/produkt\\\/100-natuerliches-patchouli\\\/#primaryimage\"},\"thumbnailUrl\":\"https:\\\/\\\/erboristeria-artemisia.ch\\\/wp-content\\\/uploads\\\/2025\\\/09\\\/Patchouli.jpg\",\"datePublished\":\"2025-09-23T20:57:43+00:00\",\"dateModified\":\"2025-09-25T13:58:45+00:00\",\"breadcrumb\":{\"@id\":\"https:\\\/\\\/erboristeria-artemisia.ch\\\/de\\\/produkt\\\/100-natuerliches-patchouli\\\/#breadcrumb\"},\"inLanguage\":\"de\",\"potentialAction\":[{\"@type\":\"ReadAction\",\"target\":[\"https:\\\/\\\/erboristeria-artemisia.ch\\\/de\\\/produkt\\\/100-natuerliches-patchouli\\\/\"]}]},{\"@type\":\"ImageObject\",\"inLanguage\":\"de\",\"@id\":\"https:\\\/\\\/erboristeria-artemisia.ch\\\/de\\\/produkt\\\/100-natuerliches-patchouli\\\/#primaryimage\",\"url\":\"https:\\\/\\\/erboristeria-artemisia.ch\\\/wp-content\\\/uploads\\\/2025\\\/09\\\/Patchouli.jpg\",\"contentUrl\":\"https:\\\/\\\/erboristeria-artemisia.ch\\\/wp-content\\\/uploads\\\/2025\\\/09\\\/Patchouli.jpg\",\"width\":2000,\"height\":2000},{\"@type\":\"BreadcrumbList\",\"@id\":\"https:\\\/\\\/erboristeria-artemisia.ch\\\/de\\\/produkt\\\/100-natuerliches-patchouli\\\/#breadcrumb\",\"itemListElement\":[{\"@type\":\"ListItem\",\"position\":1,\"name\":\"Home\",\"item\":\"https:\\\/\\\/erboristeria-artemisia.ch\\\/de\\\/startseite\\\/\"},{\"@type\":\"ListItem\",\"position\":2,\"name\":\"Shop4\",\"item\":\"https:\\\/\\\/erboristeria-artemisia.ch\\\/shop4\\\/\"},{\"@type\":\"ListItem\",\"position\":3,\"name\":\"100% nat\u00fcrliches Patchouli\"}]},{\"@type\":\"WebSite\",\"@id\":\"https:\\\/\\\/erboristeria-artemisia.ch\\\/de\\\/#website\",\"url\":\"https:\\\/\\\/erboristeria-artemisia.ch\\\/de\\\/\",\"name\":\"Erboristeria Artemisia\",\"description\":\"Ogni sorso \u00e8 un momento per te\",\"potentialAction\":[{\"@type\":\"SearchAction\",\"target\":{\"@type\":\"EntryPoint\",\"urlTemplate\":\"https:\\\/\\\/erboristeria-artemisia.ch\\\/de\\\/?s={search_term_string}\"},\"query-input\":{\"@type\":\"PropertyValueSpecification\",\"valueRequired\":true,\"valueName\":\"search_term_string\"}}],\"inLanguage\":\"de\"}]}<\/script>\n<!-- \/ Yoast SEO plugin. -->","yoast_head_json":{"title":"100% nat\u00fcrliches Patchouli - Erboristeria Artemisia","robots":{"index":"index","follow":"follow","max-snippet":"max-snippet:-1","max-image-preview":"max-image-preview:large","max-video-preview":"max-video-preview:-1"},"canonical":"https:\/\/erboristeria-artemisia.ch\/de\/produkt\/100-natuerliches-patchouli\/","og_locale":"de_DE","og_type":"article","og_title":"100% nat\u00fcrliches Patchouli - Erboristeria Artemisia","og_description":"Patchouli Weihrauch &#8211; 100% nat\u00fcrliche Inhaltsstoffe Der tiefe, erdige Duft von Patchouli weckt die Sinne und f\u00f6rdert Erdung, innere Ruhe und kreative Energie. Dieses R\u00e4ucherwerk wird seit Jahrhunderten in der orientalischen Tradition verwendet und ist in der Boho-Kultur und im spirituellen Bereich sehr beliebt. Es eignet sich perfekt f\u00fcr Momente der Meditation, der Entspannung oder [&hellip;]","og_url":"https:\/\/erboristeria-artemisia.ch\/de\/produkt\/100-natuerliches-patchouli\/","og_site_name":"Erboristeria Artemisia","article_modified_time":"2025-09-25T13:58:45+00:00","og_image":[{"width":2000,"height":2000,"url":"https:\/\/erboristeria-artemisia.ch\/wp-content\/uploads\/2025\/09\/Patchouli.jpg","type":"image\/jpeg"}],"twitter_card":"summary_large_image","twitter_misc":{"Gesch\u00e4tzte Lesezeit":"1\u00a0Minute"},"schema":{"@context":"https:\/\/schema.org","@graph":[{"@type":"WebPage","@id":"https:\/\/erboristeria-artemisia.ch\/de\/produkt\/100-natuerliches-patchouli\/","url":"https:\/\/erboristeria-artemisia.ch\/de\/produkt\/100-natuerliches-patchouli\/","name":"100% nat\u00fcrliches Patchouli - Erboristeria Artemisia","isPartOf":{"@id":"https:\/\/erboristeria-artemisia.ch\/de\/#website"},"primaryImageOfPage":{"@id":"https:\/\/erboristeria-artemisia.ch\/de\/produkt\/100-natuerliches-patchouli\/#primaryimage"},"image":{"@id":"https:\/\/erboristeria-artemisia.ch\/de\/produkt\/100-natuerliches-patchouli\/#primaryimage"},"thumbnailUrl":"https:\/\/erboristeria-artemisia.ch\/wp-content\/uploads\/2025\/09\/Patchouli.jpg","datePublished":"2025-09-23T20:57:43+00:00","dateModified":"2025-09-25T13:58:45+00:00","breadcrumb":{"@id":"https:\/\/erboristeria-artemisia.ch\/de\/produkt\/100-natuerliches-patchouli\/#breadcrumb"},"inLanguage":"de","potentialAction":[{"@type":"ReadAction","target":["https:\/\/erboristeria-artemisia.ch\/de\/produkt\/100-natuerliches-patchouli\/"]}]},{"@type":"ImageObject","inLanguage":"de","@id":"https:\/\/erboristeria-artemisia.ch\/de\/produkt\/100-natuerliches-patchouli\/#primaryimage","url":"https:\/\/erboristeria-artemisia.ch\/wp-content\/uploads\/2025\/09\/Patchouli.jpg","contentUrl":"https:\/\/erboristeria-artemisia.ch\/wp-content\/uploads\/2025\/09\/Patchouli.jpg","width":2000,"height":2000},{"@type":"BreadcrumbList","@id":"https:\/\/erboristeria-artemisia.ch\/de\/produkt\/100-natuerliches-patchouli\/#breadcrumb","itemListElement":[{"@type":"ListItem","position":1,"name":"Home","item":"https:\/\/erboristeria-artemisia.ch\/de\/startseite\/"},{"@type":"ListItem","position":2,"name":"Shop4","item":"https:\/\/erboristeria-artemisia.ch\/shop4\/"},{"@type":"ListItem","position":3,"name":"100% nat\u00fcrliches Patchouli"}]},{"@type":"WebSite","@id":"https:\/\/erboristeria-artemisia.ch\/de\/#website","url":"https:\/\/erboristeria-artemisia.ch\/de\/","name":"Erboristeria Artemisia","description":"Ogni sorso \u00e8 un momento per te","potentialAction":[{"@type":"SearchAction","target":{"@type":"EntryPoint","urlTemplate":"https:\/\/erboristeria-artemisia.ch\/de\/?s={search_term_string}"},"query-input":{"@type":"PropertyValueSpecification","valueRequired":true,"valueName":"search_term_string"}}],"inLanguage":"de"}]}},"_links":{"self":[{"href":"https:\/\/erboristeria-artemisia.ch\/de\/wp-json\/wp\/v2\/product\/30739","targetHints":{"allow":["GET"]}}],"collection":[{"href":"https:\/\/erboristeria-artemisia.ch\/de\/wp-json\/wp\/v2\/product"}],"about":[{"href":"https:\/\/erboristeria-artemisia.ch\/de\/wp-json\/wp\/v2\/types\/product"}],"wp:featuredmedia":[{"embeddable":true,"href":"https:\/\/erboristeria-artemisia.ch\/de\/wp-json\/wp\/v2\/media\/30647"}],"wp:attachment":[{"href":"https:\/\/erboristeria-artemisia.ch\/de\/wp-json\/wp\/v2\/media?parent=30739"}],"wp:term":[{"taxonomy":"product_brand","embeddable":true,"href":"https:\/\/erboristeria-artemisia.ch\/de\/wp-json\/wp\/v2\/product_brand?post=30739"},{"taxonomy":"product_cat","embeddable":true,"href":"https:\/\/erboristeria-artemisia.ch\/de\/wp-json\/wp\/v2\/product_cat?post=30739"},{"taxonomy":"product_tag","embeddable":true,"href":"https:\/\/erboristeria-artemisia.ch\/de\/wp-json\/wp\/v2\/product_tag?post=30739"}],"curies":[{"name":"wp","href":"https:\/\/api.w.org\/{rel}","templated":true}]}}