{"id":30740,"date":"2025-09-23T23:22:58","date_gmt":"2025-09-23T21:22:58","guid":{"rendered":"https:\/\/erboristeria-artemisia.ch\/product\/100-natuerlicher-vetiver\/"},"modified":"2025-09-25T15:58:45","modified_gmt":"2025-09-25T13:58:45","slug":"100-natuerlicher-vetiver","status":"publish","type":"product","link":"https:\/\/erboristeria-artemisia.ch\/de\/produkt\/100-natuerlicher-vetiver\/","title":{"rendered":"100% nat\u00fcrlicher Vetiver"},"content":{"rendered":"<h3 data-start=\"68\" data-end=\"119\"><strong data-start=\"72\" data-end=\"119\">Vetiver Weihrauch &#8211; 100% nat\u00fcrliche Inhaltsstoffe<\/strong><\/h3>\n<p data-start=\"121\" data-end=\"360\">Tauchen Sie ein in den erdigen, holzigen Duft von <strong data-start=\"169\" data-end=\"180\">Vetiver<\/strong>, der f\u00fcr seine beruhigenden und verwurzelnden Eigenschaften bekannt ist. Dieses nat\u00fcrliche R\u00e4ucherwerk ist perfekt f\u00fcr tiefe Entspannung, Meditation und ein Gef\u00fchl der inneren Ausgeglichenheit. <\/p>\n<p data-start=\"362\" data-end=\"655\">\ud83c\udf3f <strong data-start=\"365\" data-end=\"381\">Zusammensetzung<\/strong>: Hergestellt aus 100% nat\u00fcrlichen Inhaltsstoffen &#8211; Vetiverwurzeln und reinen Harzen, ohne synthetische Duftstoffe, Farbstoffe oder Chemikalien.<br data-start=\"514\" data-end=\"517\">\ud83d\udd25 <strong data-start=\"520\" data-end=\"529\">Aroma<\/strong>: Erdig, holzig und leicht w\u00fcrzig, mit frischen, beruhigenden Noten.<br data-start=\"600\" data-end=\"603\">\ud83d\udeab <strong data-start=\"606\" data-end=\"615\">Ohne<\/strong> k\u00fcnstliche Zusatzstoffe oder sch\u00e4dliche Substanzen.<\/p>\n<p data-start=\"657\" data-end=\"785\">\ud83d\udce6 <strong data-start=\"660\" data-end=\"673\">Inhalt<\/strong>: 10 St\u00e4bchen<br data-start=\"688\" data-end=\"691\">\ud83d\udccf <strong data-start=\"694\" data-end=\"707\">L\u00e4nge<\/strong>: je 20 cm<br data-start=\"723\" data-end=\"726\">\ud83d\udd25 <strong data-start=\"729\" data-end=\"753\">Brenndauer<\/strong>: ca. 30 Minuten pro St\u00e4bchen<\/p>\n<p data-start=\"787\" data-end=\"922\"><strong data-start=\"787\" data-end=\"922\">Ein nat\u00fcrlicher Weihrauch, ideal f\u00fcr alle, die einen authentischen und entspannenden Duft suchen, perfekt f\u00fcr Meditation und geistiges Wohlbefinden.<\/strong><\/p>\n","protected":false},"excerpt":{"rendered":"<p>Vetiver Weihrauch &#8211; 100% nat\u00fcrliche Inhaltsstoffe Tauchen Sie ein in den erdigen, holzigen Duft von Vetiver, der f\u00fcr seine beruhigenden und verwurzelnden Eigenschaften bekannt ist. Dieses nat\u00fcrliche R\u00e4ucherwerk ist perfekt f\u00fcr tiefe Entspannung, Meditation und ein Gef\u00fchl der inneren Ausgeglichenheit. \ud83c\udf3f Zusammensetzung: Hergestellt aus 100% nat\u00fcrlichen Inhaltsstoffen &#8211; Vetiverwurzeln und reinen Harzen, ohne synthetische Duftstoffe, [&hellip;]<\/p>\n","protected":false},"featured_media":30675,"template":"","meta":{"_et_pb_use_builder":"","_et_pb_old_content":"","_et_gb_content_width":""},"product_brand":[],"product_cat":[86],"product_tag":[],"class_list":{"0":"post-30740","1":"product","2":"type-product","3":"status-publish","4":"has-post-thumbnail","6":"product_cat-essstabchen","8":"first","9":"instock","10":"shipping-taxable","11":"purchasable","12":"product-type-simple"},"yoast_head":"<!-- This site is optimized with the Yoast SEO plugin v27.4 - https:\/\/yoast.com\/product\/yoast-seo-wordpress\/ -->\n<title>100% nat\u00fcrlicher Vetiver - Erboristeria Artemisia<\/title>\n<meta name=\"robots\" content=\"index, follow, max-snippet:-1, max-image-preview:large, max-video-preview:-1\" \/>\n<link rel=\"canonical\" href=\"https:\/\/erboristeria-artemisia.ch\/de\/produkt\/100-natuerlicher-vetiver\/\" \/>\n<meta property=\"og:locale\" content=\"de_DE\" \/>\n<meta property=\"og:type\" content=\"article\" \/>\n<meta property=\"og:title\" content=\"100% nat\u00fcrlicher Vetiver - Erboristeria Artemisia\" \/>\n<meta property=\"og:description\" content=\"Vetiver Weihrauch &#8211; 100% nat\u00fcrliche Inhaltsstoffe Tauchen Sie ein in den erdigen, holzigen Duft von Vetiver, der f\u00fcr seine beruhigenden und verwurzelnden Eigenschaften bekannt ist. Dieses nat\u00fcrliche R\u00e4ucherwerk ist perfekt f\u00fcr tiefe Entspannung, Meditation und ein Gef\u00fchl der inneren Ausgeglichenheit. \ud83c\udf3f Zusammensetzung: Hergestellt aus 100% nat\u00fcrlichen Inhaltsstoffen &#8211; Vetiverwurzeln und reinen Harzen, ohne synthetische Duftstoffe, [&hellip;]\" \/>\n<meta property=\"og:url\" content=\"https:\/\/erboristeria-artemisia.ch\/de\/produkt\/100-natuerlicher-vetiver\/\" \/>\n<meta property=\"og:site_name\" content=\"Erboristeria Artemisia\" \/>\n<meta property=\"article:modified_time\" content=\"2025-09-25T13:58:45+00:00\" \/>\n<meta property=\"og:image\" content=\"https:\/\/erboristeria-artemisia.ch\/wp-content\/uploads\/2025\/09\/Vetiver.jpg\" \/>\n\t<meta property=\"og:image:width\" content=\"2000\" \/>\n\t<meta property=\"og:image:height\" content=\"2000\" \/>\n\t<meta property=\"og:image:type\" content=\"image\/jpeg\" \/>\n<meta name=\"twitter:card\" content=\"summary_large_image\" \/>\n<meta name=\"twitter:label1\" content=\"Gesch\u00e4tzte Lesezeit\" \/>\n\t<meta name=\"twitter:data1\" content=\"1\u00a0Minute\" \/>\n<script type=\"application\/ld+json\" class=\"yoast-schema-graph\">{\"@context\":\"https:\\\/\\\/schema.org\",\"@graph\":[{\"@type\":\"WebPage\",\"@id\":\"https:\\\/\\\/erboristeria-artemisia.ch\\\/de\\\/produkt\\\/100-natuerlicher-vetiver\\\/\",\"url\":\"https:\\\/\\\/erboristeria-artemisia.ch\\\/de\\\/produkt\\\/100-natuerlicher-vetiver\\\/\",\"name\":\"100% nat\u00fcrlicher Vetiver - Erboristeria Artemisia\",\"isPartOf\":{\"@id\":\"https:\\\/\\\/erboristeria-artemisia.ch\\\/de\\\/#website\"},\"primaryImageOfPage\":{\"@id\":\"https:\\\/\\\/erboristeria-artemisia.ch\\\/de\\\/produkt\\\/100-natuerlicher-vetiver\\\/#primaryimage\"},\"image\":{\"@id\":\"https:\\\/\\\/erboristeria-artemisia.ch\\\/de\\\/produkt\\\/100-natuerlicher-vetiver\\\/#primaryimage\"},\"thumbnailUrl\":\"https:\\\/\\\/erboristeria-artemisia.ch\\\/wp-content\\\/uploads\\\/2025\\\/09\\\/Vetiver.jpg\",\"datePublished\":\"2025-09-23T21:22:58+00:00\",\"dateModified\":\"2025-09-25T13:58:45+00:00\",\"breadcrumb\":{\"@id\":\"https:\\\/\\\/erboristeria-artemisia.ch\\\/de\\\/produkt\\\/100-natuerlicher-vetiver\\\/#breadcrumb\"},\"inLanguage\":\"de\",\"potentialAction\":[{\"@type\":\"ReadAction\",\"target\":[\"https:\\\/\\\/erboristeria-artemisia.ch\\\/de\\\/produkt\\\/100-natuerlicher-vetiver\\\/\"]}]},{\"@type\":\"ImageObject\",\"inLanguage\":\"de\",\"@id\":\"https:\\\/\\\/erboristeria-artemisia.ch\\\/de\\\/produkt\\\/100-natuerlicher-vetiver\\\/#primaryimage\",\"url\":\"https:\\\/\\\/erboristeria-artemisia.ch\\\/wp-content\\\/uploads\\\/2025\\\/09\\\/Vetiver.jpg\",\"contentUrl\":\"https:\\\/\\\/erboristeria-artemisia.ch\\\/wp-content\\\/uploads\\\/2025\\\/09\\\/Vetiver.jpg\",\"width\":2000,\"height\":2000},{\"@type\":\"BreadcrumbList\",\"@id\":\"https:\\\/\\\/erboristeria-artemisia.ch\\\/de\\\/produkt\\\/100-natuerlicher-vetiver\\\/#breadcrumb\",\"itemListElement\":[{\"@type\":\"ListItem\",\"position\":1,\"name\":\"Home\",\"item\":\"https:\\\/\\\/erboristeria-artemisia.ch\\\/de\\\/startseite\\\/\"},{\"@type\":\"ListItem\",\"position\":2,\"name\":\"Shop4\",\"item\":\"https:\\\/\\\/erboristeria-artemisia.ch\\\/shop4\\\/\"},{\"@type\":\"ListItem\",\"position\":3,\"name\":\"100% nat\u00fcrlicher Vetiver\"}]},{\"@type\":\"WebSite\",\"@id\":\"https:\\\/\\\/erboristeria-artemisia.ch\\\/de\\\/#website\",\"url\":\"https:\\\/\\\/erboristeria-artemisia.ch\\\/de\\\/\",\"name\":\"Erboristeria Artemisia\",\"description\":\"Ogni sorso \u00e8 un momento per te\",\"potentialAction\":[{\"@type\":\"SearchAction\",\"target\":{\"@type\":\"EntryPoint\",\"urlTemplate\":\"https:\\\/\\\/erboristeria-artemisia.ch\\\/de\\\/?s={search_term_string}\"},\"query-input\":{\"@type\":\"PropertyValueSpecification\",\"valueRequired\":true,\"valueName\":\"search_term_string\"}}],\"inLanguage\":\"de\"}]}<\/script>\n<!-- \/ Yoast SEO plugin. -->","yoast_head_json":{"title":"100% nat\u00fcrlicher Vetiver - Erboristeria Artemisia","robots":{"index":"index","follow":"follow","max-snippet":"max-snippet:-1","max-image-preview":"max-image-preview:large","max-video-preview":"max-video-preview:-1"},"canonical":"https:\/\/erboristeria-artemisia.ch\/de\/produkt\/100-natuerlicher-vetiver\/","og_locale":"de_DE","og_type":"article","og_title":"100% nat\u00fcrlicher Vetiver - Erboristeria Artemisia","og_description":"Vetiver Weihrauch &#8211; 100% nat\u00fcrliche Inhaltsstoffe Tauchen Sie ein in den erdigen, holzigen Duft von Vetiver, der f\u00fcr seine beruhigenden und verwurzelnden Eigenschaften bekannt ist. Dieses nat\u00fcrliche R\u00e4ucherwerk ist perfekt f\u00fcr tiefe Entspannung, Meditation und ein Gef\u00fchl der inneren Ausgeglichenheit. \ud83c\udf3f Zusammensetzung: Hergestellt aus 100% nat\u00fcrlichen Inhaltsstoffen &#8211; Vetiverwurzeln und reinen Harzen, ohne synthetische Duftstoffe, [&hellip;]","og_url":"https:\/\/erboristeria-artemisia.ch\/de\/produkt\/100-natuerlicher-vetiver\/","og_site_name":"Erboristeria Artemisia","article_modified_time":"2025-09-25T13:58:45+00:00","og_image":[{"width":2000,"height":2000,"url":"https:\/\/erboristeria-artemisia.ch\/wp-content\/uploads\/2025\/09\/Vetiver.jpg","type":"image\/jpeg"}],"twitter_card":"summary_large_image","twitter_misc":{"Gesch\u00e4tzte Lesezeit":"1\u00a0Minute"},"schema":{"@context":"https:\/\/schema.org","@graph":[{"@type":"WebPage","@id":"https:\/\/erboristeria-artemisia.ch\/de\/produkt\/100-natuerlicher-vetiver\/","url":"https:\/\/erboristeria-artemisia.ch\/de\/produkt\/100-natuerlicher-vetiver\/","name":"100% nat\u00fcrlicher Vetiver - Erboristeria Artemisia","isPartOf":{"@id":"https:\/\/erboristeria-artemisia.ch\/de\/#website"},"primaryImageOfPage":{"@id":"https:\/\/erboristeria-artemisia.ch\/de\/produkt\/100-natuerlicher-vetiver\/#primaryimage"},"image":{"@id":"https:\/\/erboristeria-artemisia.ch\/de\/produkt\/100-natuerlicher-vetiver\/#primaryimage"},"thumbnailUrl":"https:\/\/erboristeria-artemisia.ch\/wp-content\/uploads\/2025\/09\/Vetiver.jpg","datePublished":"2025-09-23T21:22:58+00:00","dateModified":"2025-09-25T13:58:45+00:00","breadcrumb":{"@id":"https:\/\/erboristeria-artemisia.ch\/de\/produkt\/100-natuerlicher-vetiver\/#breadcrumb"},"inLanguage":"de","potentialAction":[{"@type":"ReadAction","target":["https:\/\/erboristeria-artemisia.ch\/de\/produkt\/100-natuerlicher-vetiver\/"]}]},{"@type":"ImageObject","inLanguage":"de","@id":"https:\/\/erboristeria-artemisia.ch\/de\/produkt\/100-natuerlicher-vetiver\/#primaryimage","url":"https:\/\/erboristeria-artemisia.ch\/wp-content\/uploads\/2025\/09\/Vetiver.jpg","contentUrl":"https:\/\/erboristeria-artemisia.ch\/wp-content\/uploads\/2025\/09\/Vetiver.jpg","width":2000,"height":2000},{"@type":"BreadcrumbList","@id":"https:\/\/erboristeria-artemisia.ch\/de\/produkt\/100-natuerlicher-vetiver\/#breadcrumb","itemListElement":[{"@type":"ListItem","position":1,"name":"Home","item":"https:\/\/erboristeria-artemisia.ch\/de\/startseite\/"},{"@type":"ListItem","position":2,"name":"Shop4","item":"https:\/\/erboristeria-artemisia.ch\/shop4\/"},{"@type":"ListItem","position":3,"name":"100% nat\u00fcrlicher Vetiver"}]},{"@type":"WebSite","@id":"https:\/\/erboristeria-artemisia.ch\/de\/#website","url":"https:\/\/erboristeria-artemisia.ch\/de\/","name":"Erboristeria Artemisia","description":"Ogni sorso \u00e8 un momento per te","potentialAction":[{"@type":"SearchAction","target":{"@type":"EntryPoint","urlTemplate":"https:\/\/erboristeria-artemisia.ch\/de\/?s={search_term_string}"},"query-input":{"@type":"PropertyValueSpecification","valueRequired":true,"valueName":"search_term_string"}}],"inLanguage":"de"}]}},"_links":{"self":[{"href":"https:\/\/erboristeria-artemisia.ch\/de\/wp-json\/wp\/v2\/product\/30740","targetHints":{"allow":["GET"]}}],"collection":[{"href":"https:\/\/erboristeria-artemisia.ch\/de\/wp-json\/wp\/v2\/product"}],"about":[{"href":"https:\/\/erboristeria-artemisia.ch\/de\/wp-json\/wp\/v2\/types\/product"}],"wp:featuredmedia":[{"embeddable":true,"href":"https:\/\/erboristeria-artemisia.ch\/de\/wp-json\/wp\/v2\/media\/30675"}],"wp:attachment":[{"href":"https:\/\/erboristeria-artemisia.ch\/de\/wp-json\/wp\/v2\/media?parent=30740"}],"wp:term":[{"taxonomy":"product_brand","embeddable":true,"href":"https:\/\/erboristeria-artemisia.ch\/de\/wp-json\/wp\/v2\/product_brand?post=30740"},{"taxonomy":"product_cat","embeddable":true,"href":"https:\/\/erboristeria-artemisia.ch\/de\/wp-json\/wp\/v2\/product_cat?post=30740"},{"taxonomy":"product_tag","embeddable":true,"href":"https:\/\/erboristeria-artemisia.ch\/de\/wp-json\/wp\/v2\/product_tag?post=30740"}],"curies":[{"name":"wp","href":"https:\/\/api.w.org\/{rel}","templated":true}]}}