{"id":30741,"date":"2025-09-24T19:10:02","date_gmt":"2025-09-24T17:10:02","guid":{"rendered":"https:\/\/erboristeria-artemisia.ch\/product\/niemals-endender-liebhaber-100g\/"},"modified":"2025-09-25T15:58:46","modified_gmt":"2025-09-25T13:58:46","slug":"niemals-endender-liebhaber-100g","status":"publish","type":"product","link":"https:\/\/erboristeria-artemisia.ch\/de\/produkt\/niemals-endender-liebhaber-100g\/","title":{"rendered":"Niemals endender Liebhaber 100g"},"content":{"rendered":"<p data-start=\"82\" data-end=\"150\"><strong data-start=\"82\" data-end=\"113\">\ud83c\udf38 Unendliche Liebe &#8211; 100g<\/strong><br data-start=\"113\" data-end=\"116\"><em data-start=\"116\" data-end=\"150\">Eine Z\u00e4rtlichkeit, die niemals endet.<\/em><\/p>\n<p data-start=\"152\" data-end=\"539\">Genie\u00dfen Sie die romantische S\u00fc\u00dfe von <em data-start=\"199\" data-end=\"218\">Never Ending Love<\/em>, einem bezaubernden Kr\u00e4utertee, der die Zartheit des wei\u00dfen Tees Mao Feng mit der S\u00fc\u00dfe von Apfel, Sultaninen und Pfirsich verbindet. Noten von Ananas und Karotte sorgen f\u00fcr Frische und Rundheit, w\u00e4hrend Rote Bete eine w\u00e4rmende, umh\u00fcllende Farbe verleiht. Rosenbl\u00fctenbl\u00e4tter runden das Erlebnis mit einer blumigen und sinnlichen Note ab.  <\/p>\n<p data-start=\"541\" data-end=\"653\">Eine raffinierte und umh\u00fcllende Mischung f\u00fcr alle, die einen Moment purer S\u00fc\u00dfe und Sch\u00f6nheit in jedem Schluck suchen.<\/p>\n<p data-start=\"655\" data-end=\"883\"><strong data-start=\"655\" data-end=\"671\">Zutaten:<\/strong> Apfel, Mao Feng Wei\u00dfer Tee, Sultaninen, Karotten, Ananas, Rote Bete, nat\u00fcrliches Aroma, Rose, Pfirsich.<br data-start=\"764\" data-end=\"767\"><strong data-start=\"767\" data-end=\"782\">Ideal f\u00fcr:<\/strong> Romantische Momente, abendliche Entspannung, t\u00e4gliche Verw\u00f6hnung.<br data-start=\"835\" data-end=\"838\"><strong data-start=\"838\" data-end=\"864\">Empfohlener Aufguss:<\/strong> 80\u00b0C &#8211; 2\/3 Minuten.<\/p>\n","protected":false},"excerpt":{"rendered":"<p>\ud83c\udf38 Unendliche Liebe &#8211; 100gEine Z\u00e4rtlichkeit, die niemals endet. Genie\u00dfen Sie die romantische S\u00fc\u00dfe von Never Ending Love, einem bezaubernden Kr\u00e4utertee, der die Zartheit des wei\u00dfen Tees Mao Feng mit der S\u00fc\u00dfe von Apfel, Sultaninen und Pfirsich verbindet. Noten von Ananas und Karotte sorgen f\u00fcr Frische und Rundheit, w\u00e4hrend Rote Bete eine w\u00e4rmende, umh\u00fcllende Farbe [&hellip;]<\/p>\n","protected":false},"featured_media":30705,"template":"","meta":{"_et_pb_use_builder":"","_et_pb_old_content":"","_et_gb_content_width":""},"product_brand":[],"product_cat":[84],"product_tag":[],"class_list":{"0":"post-30741","1":"product","2":"type-product","3":"status-publish","4":"has-post-thumbnail","6":"product_cat-aromatisierte-tees","8":"first","9":"instock","10":"shipping-taxable","11":"purchasable","12":"product-type-simple"},"yoast_head":"<!-- This site is optimized with the Yoast SEO plugin v27.4 - https:\/\/yoast.com\/product\/yoast-seo-wordpress\/ -->\n<title>Niemals endender Liebhaber 100g - Erboristeria Artemisia<\/title>\n<meta name=\"robots\" content=\"index, follow, max-snippet:-1, max-image-preview:large, max-video-preview:-1\" \/>\n<link rel=\"canonical\" href=\"https:\/\/erboristeria-artemisia.ch\/de\/produkt\/niemals-endender-liebhaber-100g\/\" \/>\n<meta property=\"og:locale\" content=\"de_DE\" \/>\n<meta property=\"og:type\" content=\"article\" \/>\n<meta property=\"og:title\" content=\"Niemals endender Liebhaber 100g - Erboristeria Artemisia\" \/>\n<meta property=\"og:description\" content=\"\ud83c\udf38 Unendliche Liebe &#8211; 100gEine Z\u00e4rtlichkeit, die niemals endet. Genie\u00dfen Sie die romantische S\u00fc\u00dfe von Never Ending Love, einem bezaubernden Kr\u00e4utertee, der die Zartheit des wei\u00dfen Tees Mao Feng mit der S\u00fc\u00dfe von Apfel, Sultaninen und Pfirsich verbindet. Noten von Ananas und Karotte sorgen f\u00fcr Frische und Rundheit, w\u00e4hrend Rote Bete eine w\u00e4rmende, umh\u00fcllende Farbe [&hellip;]\" \/>\n<meta property=\"og:url\" content=\"https:\/\/erboristeria-artemisia.ch\/de\/produkt\/niemals-endender-liebhaber-100g\/\" \/>\n<meta property=\"og:site_name\" content=\"Erboristeria Artemisia\" \/>\n<meta property=\"article:modified_time\" content=\"2025-09-25T13:58:46+00:00\" \/>\n<meta property=\"og:image\" content=\"https:\/\/erboristeria-artemisia.ch\/wp-content\/uploads\/2025\/09\/vendita-online-Tisana-fredda-sweet-flamingo-fragola-pesca-e-ananas.jpeg.webp\" \/>\n\t<meta property=\"og:image:width\" content=\"800\" \/>\n\t<meta property=\"og:image:height\" content=\"800\" \/>\n\t<meta property=\"og:image:type\" content=\"image\/webp\" \/>\n<meta name=\"twitter:card\" content=\"summary_large_image\" \/>\n<meta name=\"twitter:label1\" content=\"Gesch\u00e4tzte Lesezeit\" \/>\n\t<meta name=\"twitter:data1\" content=\"1\u00a0Minute\" \/>\n<script type=\"application\/ld+json\" class=\"yoast-schema-graph\">{\"@context\":\"https:\\\/\\\/schema.org\",\"@graph\":[{\"@type\":\"WebPage\",\"@id\":\"https:\\\/\\\/erboristeria-artemisia.ch\\\/de\\\/produkt\\\/niemals-endender-liebhaber-100g\\\/\",\"url\":\"https:\\\/\\\/erboristeria-artemisia.ch\\\/de\\\/produkt\\\/niemals-endender-liebhaber-100g\\\/\",\"name\":\"Niemals endender Liebhaber 100g - Erboristeria Artemisia\",\"isPartOf\":{\"@id\":\"https:\\\/\\\/erboristeria-artemisia.ch\\\/de\\\/#website\"},\"primaryImageOfPage\":{\"@id\":\"https:\\\/\\\/erboristeria-artemisia.ch\\\/de\\\/produkt\\\/niemals-endender-liebhaber-100g\\\/#primaryimage\"},\"image\":{\"@id\":\"https:\\\/\\\/erboristeria-artemisia.ch\\\/de\\\/produkt\\\/niemals-endender-liebhaber-100g\\\/#primaryimage\"},\"thumbnailUrl\":\"https:\\\/\\\/erboristeria-artemisia.ch\\\/wp-content\\\/uploads\\\/2025\\\/09\\\/vendita-online-Tisana-fredda-sweet-flamingo-fragola-pesca-e-ananas.jpeg.webp\",\"datePublished\":\"2025-09-24T17:10:02+00:00\",\"dateModified\":\"2025-09-25T13:58:46+00:00\",\"breadcrumb\":{\"@id\":\"https:\\\/\\\/erboristeria-artemisia.ch\\\/de\\\/produkt\\\/niemals-endender-liebhaber-100g\\\/#breadcrumb\"},\"inLanguage\":\"de\",\"potentialAction\":[{\"@type\":\"ReadAction\",\"target\":[\"https:\\\/\\\/erboristeria-artemisia.ch\\\/de\\\/produkt\\\/niemals-endender-liebhaber-100g\\\/\"]}]},{\"@type\":\"ImageObject\",\"inLanguage\":\"de\",\"@id\":\"https:\\\/\\\/erboristeria-artemisia.ch\\\/de\\\/produkt\\\/niemals-endender-liebhaber-100g\\\/#primaryimage\",\"url\":\"https:\\\/\\\/erboristeria-artemisia.ch\\\/wp-content\\\/uploads\\\/2025\\\/09\\\/vendita-online-Tisana-fredda-sweet-flamingo-fragola-pesca-e-ananas.jpeg.webp\",\"contentUrl\":\"https:\\\/\\\/erboristeria-artemisia.ch\\\/wp-content\\\/uploads\\\/2025\\\/09\\\/vendita-online-Tisana-fredda-sweet-flamingo-fragola-pesca-e-ananas.jpeg.webp\",\"width\":800,\"height\":800},{\"@type\":\"BreadcrumbList\",\"@id\":\"https:\\\/\\\/erboristeria-artemisia.ch\\\/de\\\/produkt\\\/niemals-endender-liebhaber-100g\\\/#breadcrumb\",\"itemListElement\":[{\"@type\":\"ListItem\",\"position\":1,\"name\":\"Home\",\"item\":\"https:\\\/\\\/erboristeria-artemisia.ch\\\/de\\\/startseite\\\/\"},{\"@type\":\"ListItem\",\"position\":2,\"name\":\"Shop4\",\"item\":\"https:\\\/\\\/erboristeria-artemisia.ch\\\/shop4\\\/\"},{\"@type\":\"ListItem\",\"position\":3,\"name\":\"Niemals endender Liebhaber 100g\"}]},{\"@type\":\"WebSite\",\"@id\":\"https:\\\/\\\/erboristeria-artemisia.ch\\\/de\\\/#website\",\"url\":\"https:\\\/\\\/erboristeria-artemisia.ch\\\/de\\\/\",\"name\":\"Erboristeria Artemisia\",\"description\":\"Ogni sorso \u00e8 un momento per te\",\"potentialAction\":[{\"@type\":\"SearchAction\",\"target\":{\"@type\":\"EntryPoint\",\"urlTemplate\":\"https:\\\/\\\/erboristeria-artemisia.ch\\\/de\\\/?s={search_term_string}\"},\"query-input\":{\"@type\":\"PropertyValueSpecification\",\"valueRequired\":true,\"valueName\":\"search_term_string\"}}],\"inLanguage\":\"de\"}]}<\/script>\n<!-- \/ Yoast SEO plugin. -->","yoast_head_json":{"title":"Niemals endender Liebhaber 100g - Erboristeria Artemisia","robots":{"index":"index","follow":"follow","max-snippet":"max-snippet:-1","max-image-preview":"max-image-preview:large","max-video-preview":"max-video-preview:-1"},"canonical":"https:\/\/erboristeria-artemisia.ch\/de\/produkt\/niemals-endender-liebhaber-100g\/","og_locale":"de_DE","og_type":"article","og_title":"Niemals endender Liebhaber 100g - Erboristeria Artemisia","og_description":"\ud83c\udf38 Unendliche Liebe &#8211; 100gEine Z\u00e4rtlichkeit, die niemals endet. Genie\u00dfen Sie die romantische S\u00fc\u00dfe von Never Ending Love, einem bezaubernden Kr\u00e4utertee, der die Zartheit des wei\u00dfen Tees Mao Feng mit der S\u00fc\u00dfe von Apfel, Sultaninen und Pfirsich verbindet. Noten von Ananas und Karotte sorgen f\u00fcr Frische und Rundheit, w\u00e4hrend Rote Bete eine w\u00e4rmende, umh\u00fcllende Farbe [&hellip;]","og_url":"https:\/\/erboristeria-artemisia.ch\/de\/produkt\/niemals-endender-liebhaber-100g\/","og_site_name":"Erboristeria Artemisia","article_modified_time":"2025-09-25T13:58:46+00:00","og_image":[{"width":800,"height":800,"url":"https:\/\/erboristeria-artemisia.ch\/wp-content\/uploads\/2025\/09\/vendita-online-Tisana-fredda-sweet-flamingo-fragola-pesca-e-ananas.jpeg.webp","type":"image\/webp"}],"twitter_card":"summary_large_image","twitter_misc":{"Gesch\u00e4tzte Lesezeit":"1\u00a0Minute"},"schema":{"@context":"https:\/\/schema.org","@graph":[{"@type":"WebPage","@id":"https:\/\/erboristeria-artemisia.ch\/de\/produkt\/niemals-endender-liebhaber-100g\/","url":"https:\/\/erboristeria-artemisia.ch\/de\/produkt\/niemals-endender-liebhaber-100g\/","name":"Niemals endender Liebhaber 100g - Erboristeria Artemisia","isPartOf":{"@id":"https:\/\/erboristeria-artemisia.ch\/de\/#website"},"primaryImageOfPage":{"@id":"https:\/\/erboristeria-artemisia.ch\/de\/produkt\/niemals-endender-liebhaber-100g\/#primaryimage"},"image":{"@id":"https:\/\/erboristeria-artemisia.ch\/de\/produkt\/niemals-endender-liebhaber-100g\/#primaryimage"},"thumbnailUrl":"https:\/\/erboristeria-artemisia.ch\/wp-content\/uploads\/2025\/09\/vendita-online-Tisana-fredda-sweet-flamingo-fragola-pesca-e-ananas.jpeg.webp","datePublished":"2025-09-24T17:10:02+00:00","dateModified":"2025-09-25T13:58:46+00:00","breadcrumb":{"@id":"https:\/\/erboristeria-artemisia.ch\/de\/produkt\/niemals-endender-liebhaber-100g\/#breadcrumb"},"inLanguage":"de","potentialAction":[{"@type":"ReadAction","target":["https:\/\/erboristeria-artemisia.ch\/de\/produkt\/niemals-endender-liebhaber-100g\/"]}]},{"@type":"ImageObject","inLanguage":"de","@id":"https:\/\/erboristeria-artemisia.ch\/de\/produkt\/niemals-endender-liebhaber-100g\/#primaryimage","url":"https:\/\/erboristeria-artemisia.ch\/wp-content\/uploads\/2025\/09\/vendita-online-Tisana-fredda-sweet-flamingo-fragola-pesca-e-ananas.jpeg.webp","contentUrl":"https:\/\/erboristeria-artemisia.ch\/wp-content\/uploads\/2025\/09\/vendita-online-Tisana-fredda-sweet-flamingo-fragola-pesca-e-ananas.jpeg.webp","width":800,"height":800},{"@type":"BreadcrumbList","@id":"https:\/\/erboristeria-artemisia.ch\/de\/produkt\/niemals-endender-liebhaber-100g\/#breadcrumb","itemListElement":[{"@type":"ListItem","position":1,"name":"Home","item":"https:\/\/erboristeria-artemisia.ch\/de\/startseite\/"},{"@type":"ListItem","position":2,"name":"Shop4","item":"https:\/\/erboristeria-artemisia.ch\/shop4\/"},{"@type":"ListItem","position":3,"name":"Niemals endender Liebhaber 100g"}]},{"@type":"WebSite","@id":"https:\/\/erboristeria-artemisia.ch\/de\/#website","url":"https:\/\/erboristeria-artemisia.ch\/de\/","name":"Erboristeria Artemisia","description":"Ogni sorso \u00e8 un momento per te","potentialAction":[{"@type":"SearchAction","target":{"@type":"EntryPoint","urlTemplate":"https:\/\/erboristeria-artemisia.ch\/de\/?s={search_term_string}"},"query-input":{"@type":"PropertyValueSpecification","valueRequired":true,"valueName":"search_term_string"}}],"inLanguage":"de"}]}},"_links":{"self":[{"href":"https:\/\/erboristeria-artemisia.ch\/de\/wp-json\/wp\/v2\/product\/30741","targetHints":{"allow":["GET"]}}],"collection":[{"href":"https:\/\/erboristeria-artemisia.ch\/de\/wp-json\/wp\/v2\/product"}],"about":[{"href":"https:\/\/erboristeria-artemisia.ch\/de\/wp-json\/wp\/v2\/types\/product"}],"wp:featuredmedia":[{"embeddable":true,"href":"https:\/\/erboristeria-artemisia.ch\/de\/wp-json\/wp\/v2\/media\/30705"}],"wp:attachment":[{"href":"https:\/\/erboristeria-artemisia.ch\/de\/wp-json\/wp\/v2\/media?parent=30741"}],"wp:term":[{"taxonomy":"product_brand","embeddable":true,"href":"https:\/\/erboristeria-artemisia.ch\/de\/wp-json\/wp\/v2\/product_brand?post=30741"},{"taxonomy":"product_cat","embeddable":true,"href":"https:\/\/erboristeria-artemisia.ch\/de\/wp-json\/wp\/v2\/product_cat?post=30741"},{"taxonomy":"product_tag","embeddable":true,"href":"https:\/\/erboristeria-artemisia.ch\/de\/wp-json\/wp\/v2\/product_tag?post=30741"}],"curies":[{"name":"wp","href":"https:\/\/api.w.org\/{rel}","templated":true}]}}