{"id":30742,"date":"2025-09-23T22:59:22","date_gmt":"2025-09-23T20:59:22","guid":{"rendered":"https:\/\/erboristeria-artemisia.ch\/product\/rosa\/"},"modified":"2025-09-25T15:58:46","modified_gmt":"2025-09-25T13:58:46","slug":"rosa","status":"publish","type":"product","link":"https:\/\/erboristeria-artemisia.ch\/de\/produkt\/rosa\/","title":{"rendered":"Rosa"},"content":{"rendered":"<h3 data-start=\"85\" data-end=\"138\"><strong data-start=\"89\" data-end=\"138\">Rose Weihrauch &#8211; 100% nat\u00fcrliche Zutaten<\/strong><\/h3>\n<p data-start=\"140\" data-end=\"398\">Das ewige Aroma der <strong data-start=\"161\" data-end=\"169\">Rose<\/strong>, Symbol der Liebe, Harmonie und Sch\u00f6nheit, in einem nat\u00fcrlichen R\u00e4ucherwerk, das R\u00e4ume sanft parf\u00fcmiert und positive Stimmungen f\u00f6rdert. Ideal f\u00fcr Momente der Entspannung, Meditation oder um eine romantische und gem\u00fctliche Atmosph\u00e4re zu schaffen. <\/p>\n<p data-start=\"400\" data-end=\"674\">\ud83c\udf3f <strong data-start=\"403\" data-end=\"419\">Zusammensetzung<\/strong>: Hergestellt aus 100% nat\u00fcrlichen Zutaten &#8211; getrockneten Rosenbl\u00e4ttern, Harzen und nat\u00fcrlichen \u00e4therischen \u00d6len.<br data-start=\"523\" data-end=\"526\">\ud83d\udd25 <strong data-start=\"529\" data-end=\"538\">Duft<\/strong>: Blumig, s\u00fc\u00df und raffiniert, mit frischen, sinnlichen Noten.<br data-start=\"597\" data-end=\"600\">\ud83d\udeab <strong data-start=\"603\" data-end=\"612\">Ohne<\/strong> synthetische Duftstoffe, k\u00fcnstliche Farbstoffe oder Chemikalien.<\/p>\n<p data-start=\"676\" data-end=\"804\">\ud83d\udce6 <strong data-start=\"679\" data-end=\"692\">Inhalt<\/strong>: 10 St\u00e4bchen<br data-start=\"707\" data-end=\"710\">\ud83d\udccf <strong data-start=\"713\" data-end=\"726\">L\u00e4nge<\/strong>: je 20 cm<br data-start=\"742\" data-end=\"745\">\ud83d\udd25 <strong data-start=\"748\" data-end=\"772\">Brenndauer<\/strong>: ca. 30 Minuten pro St\u00e4bchen<\/p>\n<p data-start=\"806\" data-end=\"944\"><strong data-start=\"806\" data-end=\"944\">Ein nat\u00fcrlicher und raffinierter Weihrauch, perfekt f\u00fcr alle, die romantische und blumige D\u00fcfte lieben, ideal f\u00fcr das Gleichgewicht von Herz und Sinnen.<\/strong><\/p>\n","protected":false},"excerpt":{"rendered":"<p>Rose Weihrauch &#8211; 100% nat\u00fcrliche Zutaten Das ewige Aroma der Rose, Symbol der Liebe, Harmonie und Sch\u00f6nheit, in einem nat\u00fcrlichen R\u00e4ucherwerk, das R\u00e4ume sanft parf\u00fcmiert und positive Stimmungen f\u00f6rdert. Ideal f\u00fcr Momente der Entspannung, Meditation oder um eine romantische und gem\u00fctliche Atmosph\u00e4re zu schaffen. \ud83c\udf3f Zusammensetzung: Hergestellt aus 100% nat\u00fcrlichen Zutaten &#8211; getrockneten Rosenbl\u00e4ttern, Harzen [&hellip;]<\/p>\n","protected":false},"featured_media":30650,"template":"","meta":{"_et_pb_use_builder":"","_et_pb_old_content":"","_et_gb_content_width":""},"product_brand":[],"product_cat":[86],"product_tag":[],"class_list":{"0":"post-30742","1":"product","2":"type-product","3":"status-publish","4":"has-post-thumbnail","6":"product_cat-essstabchen","8":"first","9":"instock","10":"shipping-taxable","11":"purchasable","12":"product-type-simple"},"yoast_head":"<!-- This site is optimized with the Yoast SEO plugin v27.4 - https:\/\/yoast.com\/product\/yoast-seo-wordpress\/ -->\n<title>Rosa - Erboristeria Artemisia<\/title>\n<meta name=\"robots\" content=\"index, follow, max-snippet:-1, max-image-preview:large, max-video-preview:-1\" \/>\n<link rel=\"canonical\" href=\"https:\/\/erboristeria-artemisia.ch\/de\/produkt\/rosa\/\" \/>\n<meta property=\"og:locale\" content=\"de_DE\" \/>\n<meta property=\"og:type\" content=\"article\" \/>\n<meta property=\"og:title\" content=\"Rosa - Erboristeria Artemisia\" \/>\n<meta property=\"og:description\" content=\"Rose Weihrauch &#8211; 100% nat\u00fcrliche Zutaten Das ewige Aroma der Rose, Symbol der Liebe, Harmonie und Sch\u00f6nheit, in einem nat\u00fcrlichen R\u00e4ucherwerk, das R\u00e4ume sanft parf\u00fcmiert und positive Stimmungen f\u00f6rdert. Ideal f\u00fcr Momente der Entspannung, Meditation oder um eine romantische und gem\u00fctliche Atmosph\u00e4re zu schaffen. \ud83c\udf3f Zusammensetzung: Hergestellt aus 100% nat\u00fcrlichen Zutaten &#8211; getrockneten Rosenbl\u00e4ttern, Harzen [&hellip;]\" \/>\n<meta property=\"og:url\" content=\"https:\/\/erboristeria-artemisia.ch\/de\/produkt\/rosa\/\" \/>\n<meta property=\"og:site_name\" content=\"Erboristeria Artemisia\" \/>\n<meta property=\"article:modified_time\" content=\"2025-09-25T13:58:46+00:00\" \/>\n<meta property=\"og:image\" content=\"https:\/\/erboristeria-artemisia.ch\/wp-content\/uploads\/2025\/09\/Rose.jpg\" \/>\n\t<meta property=\"og:image:width\" content=\"2000\" \/>\n\t<meta property=\"og:image:height\" content=\"2000\" \/>\n\t<meta property=\"og:image:type\" content=\"image\/jpeg\" \/>\n<meta name=\"twitter:card\" content=\"summary_large_image\" \/>\n<meta name=\"twitter:label1\" content=\"Gesch\u00e4tzte Lesezeit\" \/>\n\t<meta name=\"twitter:data1\" content=\"1\u00a0Minute\" \/>\n<script type=\"application\/ld+json\" class=\"yoast-schema-graph\">{\"@context\":\"https:\\\/\\\/schema.org\",\"@graph\":[{\"@type\":\"WebPage\",\"@id\":\"https:\\\/\\\/erboristeria-artemisia.ch\\\/de\\\/produkt\\\/rosa\\\/\",\"url\":\"https:\\\/\\\/erboristeria-artemisia.ch\\\/de\\\/produkt\\\/rosa\\\/\",\"name\":\"Rosa - Erboristeria Artemisia\",\"isPartOf\":{\"@id\":\"https:\\\/\\\/erboristeria-artemisia.ch\\\/de\\\/#website\"},\"primaryImageOfPage\":{\"@id\":\"https:\\\/\\\/erboristeria-artemisia.ch\\\/de\\\/produkt\\\/rosa\\\/#primaryimage\"},\"image\":{\"@id\":\"https:\\\/\\\/erboristeria-artemisia.ch\\\/de\\\/produkt\\\/rosa\\\/#primaryimage\"},\"thumbnailUrl\":\"https:\\\/\\\/erboristeria-artemisia.ch\\\/wp-content\\\/uploads\\\/2025\\\/09\\\/Rose.jpg\",\"datePublished\":\"2025-09-23T20:59:22+00:00\",\"dateModified\":\"2025-09-25T13:58:46+00:00\",\"breadcrumb\":{\"@id\":\"https:\\\/\\\/erboristeria-artemisia.ch\\\/de\\\/produkt\\\/rosa\\\/#breadcrumb\"},\"inLanguage\":\"de\",\"potentialAction\":[{\"@type\":\"ReadAction\",\"target\":[\"https:\\\/\\\/erboristeria-artemisia.ch\\\/de\\\/produkt\\\/rosa\\\/\"]}]},{\"@type\":\"ImageObject\",\"inLanguage\":\"de\",\"@id\":\"https:\\\/\\\/erboristeria-artemisia.ch\\\/de\\\/produkt\\\/rosa\\\/#primaryimage\",\"url\":\"https:\\\/\\\/erboristeria-artemisia.ch\\\/wp-content\\\/uploads\\\/2025\\\/09\\\/Rose.jpg\",\"contentUrl\":\"https:\\\/\\\/erboristeria-artemisia.ch\\\/wp-content\\\/uploads\\\/2025\\\/09\\\/Rose.jpg\",\"width\":2000,\"height\":2000},{\"@type\":\"BreadcrumbList\",\"@id\":\"https:\\\/\\\/erboristeria-artemisia.ch\\\/de\\\/produkt\\\/rosa\\\/#breadcrumb\",\"itemListElement\":[{\"@type\":\"ListItem\",\"position\":1,\"name\":\"Home\",\"item\":\"https:\\\/\\\/erboristeria-artemisia.ch\\\/de\\\/startseite\\\/\"},{\"@type\":\"ListItem\",\"position\":2,\"name\":\"Shop4\",\"item\":\"https:\\\/\\\/erboristeria-artemisia.ch\\\/shop4\\\/\"},{\"@type\":\"ListItem\",\"position\":3,\"name\":\"Rosa\"}]},{\"@type\":\"WebSite\",\"@id\":\"https:\\\/\\\/erboristeria-artemisia.ch\\\/de\\\/#website\",\"url\":\"https:\\\/\\\/erboristeria-artemisia.ch\\\/de\\\/\",\"name\":\"Erboristeria Artemisia\",\"description\":\"Ogni sorso \u00e8 un momento per te\",\"potentialAction\":[{\"@type\":\"SearchAction\",\"target\":{\"@type\":\"EntryPoint\",\"urlTemplate\":\"https:\\\/\\\/erboristeria-artemisia.ch\\\/de\\\/?s={search_term_string}\"},\"query-input\":{\"@type\":\"PropertyValueSpecification\",\"valueRequired\":true,\"valueName\":\"search_term_string\"}}],\"inLanguage\":\"de\"}]}<\/script>\n<!-- \/ Yoast SEO plugin. -->","yoast_head_json":{"title":"Rosa - Erboristeria Artemisia","robots":{"index":"index","follow":"follow","max-snippet":"max-snippet:-1","max-image-preview":"max-image-preview:large","max-video-preview":"max-video-preview:-1"},"canonical":"https:\/\/erboristeria-artemisia.ch\/de\/produkt\/rosa\/","og_locale":"de_DE","og_type":"article","og_title":"Rosa - Erboristeria Artemisia","og_description":"Rose Weihrauch &#8211; 100% nat\u00fcrliche Zutaten Das ewige Aroma der Rose, Symbol der Liebe, Harmonie und Sch\u00f6nheit, in einem nat\u00fcrlichen R\u00e4ucherwerk, das R\u00e4ume sanft parf\u00fcmiert und positive Stimmungen f\u00f6rdert. Ideal f\u00fcr Momente der Entspannung, Meditation oder um eine romantische und gem\u00fctliche Atmosph\u00e4re zu schaffen. \ud83c\udf3f Zusammensetzung: Hergestellt aus 100% nat\u00fcrlichen Zutaten &#8211; getrockneten Rosenbl\u00e4ttern, Harzen [&hellip;]","og_url":"https:\/\/erboristeria-artemisia.ch\/de\/produkt\/rosa\/","og_site_name":"Erboristeria Artemisia","article_modified_time":"2025-09-25T13:58:46+00:00","og_image":[{"width":2000,"height":2000,"url":"https:\/\/erboristeria-artemisia.ch\/wp-content\/uploads\/2025\/09\/Rose.jpg","type":"image\/jpeg"}],"twitter_card":"summary_large_image","twitter_misc":{"Gesch\u00e4tzte Lesezeit":"1\u00a0Minute"},"schema":{"@context":"https:\/\/schema.org","@graph":[{"@type":"WebPage","@id":"https:\/\/erboristeria-artemisia.ch\/de\/produkt\/rosa\/","url":"https:\/\/erboristeria-artemisia.ch\/de\/produkt\/rosa\/","name":"Rosa - Erboristeria Artemisia","isPartOf":{"@id":"https:\/\/erboristeria-artemisia.ch\/de\/#website"},"primaryImageOfPage":{"@id":"https:\/\/erboristeria-artemisia.ch\/de\/produkt\/rosa\/#primaryimage"},"image":{"@id":"https:\/\/erboristeria-artemisia.ch\/de\/produkt\/rosa\/#primaryimage"},"thumbnailUrl":"https:\/\/erboristeria-artemisia.ch\/wp-content\/uploads\/2025\/09\/Rose.jpg","datePublished":"2025-09-23T20:59:22+00:00","dateModified":"2025-09-25T13:58:46+00:00","breadcrumb":{"@id":"https:\/\/erboristeria-artemisia.ch\/de\/produkt\/rosa\/#breadcrumb"},"inLanguage":"de","potentialAction":[{"@type":"ReadAction","target":["https:\/\/erboristeria-artemisia.ch\/de\/produkt\/rosa\/"]}]},{"@type":"ImageObject","inLanguage":"de","@id":"https:\/\/erboristeria-artemisia.ch\/de\/produkt\/rosa\/#primaryimage","url":"https:\/\/erboristeria-artemisia.ch\/wp-content\/uploads\/2025\/09\/Rose.jpg","contentUrl":"https:\/\/erboristeria-artemisia.ch\/wp-content\/uploads\/2025\/09\/Rose.jpg","width":2000,"height":2000},{"@type":"BreadcrumbList","@id":"https:\/\/erboristeria-artemisia.ch\/de\/produkt\/rosa\/#breadcrumb","itemListElement":[{"@type":"ListItem","position":1,"name":"Home","item":"https:\/\/erboristeria-artemisia.ch\/de\/startseite\/"},{"@type":"ListItem","position":2,"name":"Shop4","item":"https:\/\/erboristeria-artemisia.ch\/shop4\/"},{"@type":"ListItem","position":3,"name":"Rosa"}]},{"@type":"WebSite","@id":"https:\/\/erboristeria-artemisia.ch\/de\/#website","url":"https:\/\/erboristeria-artemisia.ch\/de\/","name":"Erboristeria Artemisia","description":"Ogni sorso \u00e8 un momento per te","potentialAction":[{"@type":"SearchAction","target":{"@type":"EntryPoint","urlTemplate":"https:\/\/erboristeria-artemisia.ch\/de\/?s={search_term_string}"},"query-input":{"@type":"PropertyValueSpecification","valueRequired":true,"valueName":"search_term_string"}}],"inLanguage":"de"}]}},"_links":{"self":[{"href":"https:\/\/erboristeria-artemisia.ch\/de\/wp-json\/wp\/v2\/product\/30742","targetHints":{"allow":["GET"]}}],"collection":[{"href":"https:\/\/erboristeria-artemisia.ch\/de\/wp-json\/wp\/v2\/product"}],"about":[{"href":"https:\/\/erboristeria-artemisia.ch\/de\/wp-json\/wp\/v2\/types\/product"}],"wp:featuredmedia":[{"embeddable":true,"href":"https:\/\/erboristeria-artemisia.ch\/de\/wp-json\/wp\/v2\/media\/30650"}],"wp:attachment":[{"href":"https:\/\/erboristeria-artemisia.ch\/de\/wp-json\/wp\/v2\/media?parent=30742"}],"wp:term":[{"taxonomy":"product_brand","embeddable":true,"href":"https:\/\/erboristeria-artemisia.ch\/de\/wp-json\/wp\/v2\/product_brand?post=30742"},{"taxonomy":"product_cat","embeddable":true,"href":"https:\/\/erboristeria-artemisia.ch\/de\/wp-json\/wp\/v2\/product_cat?post=30742"},{"taxonomy":"product_tag","embeddable":true,"href":"https:\/\/erboristeria-artemisia.ch\/de\/wp-json\/wp\/v2\/product_tag?post=30742"}],"curies":[{"name":"wp","href":"https:\/\/api.w.org\/{rel}","templated":true}]}}