{"id":30743,"date":"2025-09-24T20:12:19","date_gmt":"2025-09-24T18:12:19","guid":{"rendered":"https:\/\/erboristeria-artemisia.ch\/product\/gluecksdrache-natural-80g\/"},"modified":"2025-09-25T15:58:46","modified_gmt":"2025-09-25T13:58:46","slug":"gluecksdrache-natural-80g","status":"publish","type":"product","link":"https:\/\/erboristeria-artemisia.ch\/de\/produkt\/gluecksdrache-natural-80g\/","title":{"rendered":"Gl\u00fccksdrache-Natural 80g"},"content":{"rendered":"<h3 data-start=\"71\" data-end=\"120\">\ud83d\udc09 <strong data-start=\"78\" data-end=\"118\">Gl\u00fccksdrache &#8211; Nat\u00fcrlich 80 g<\/strong><\/h3>\n<p data-start=\"121\" data-end=\"528\">Ein Zusammentreffen feiner gr\u00fcner Tees, das die Sinne weckt und Gelassenheit vermittelt.<br data-start=\"195\" data-end=\"198\">Die Basis aus <strong data-start=\"209\" data-end=\"219\">Sencha<\/strong>, <strong data-start=\"221\" data-end=\"229\">Wulu<\/strong> und <strong data-start=\"232\" data-end=\"244\">Ming Mee<\/strong> ist mit dem sanften Duft von <strong data-start=\"286\" data-end=\"299\">Jasmin<\/strong> angereichert, w\u00e4hrend <strong data-start=\"310\" data-end=\"330\" data-is-only-node=\"\">Holunder-<\/strong> und <strong data-start=\"336\" data-end=\"348\">Sonnenblumenbl\u00fcten<\/strong> der Mischung einen goldenen Schimmer verleihen.<br data-start=\"391\" data-end=\"394\">Ein Hauch von <strong data-start=\"406\" data-end=\"417\">Himbeere<\/strong> und <strong data-start=\"420\" data-end=\"438\">nat\u00fcrlichen Aromen<\/strong> vervollst\u00e4ndigt ein ausgewogenes Bouquet: frisch, zart fruchtig und nat\u00fcrlich harmonisch.<\/p>\n<p data-start=\"530\" data-end=\"639\"><strong data-start=\"530\" data-end=\"544\">Ideal f\u00fcr<\/strong>: alle, die einen verj\u00fcngenden Aufguss suchen, der perfekt zu Momenten der Entspannung oder Meditation passt.<\/p>\n","protected":false},"excerpt":{"rendered":"<p>\ud83d\udc09 Gl\u00fccksdrache &#8211; Nat\u00fcrlich 80 g Ein Zusammentreffen feiner gr\u00fcner Tees, das die Sinne weckt und Gelassenheit vermittelt.Die Basis aus Sencha, Wulu und Ming Mee ist mit dem sanften Duft von Jasmin angereichert, w\u00e4hrend Holunder- und Sonnenblumenbl\u00fcten der Mischung einen goldenen Schimmer verleihen.Ein Hauch von Himbeere und nat\u00fcrlichen Aromen vervollst\u00e4ndigt ein ausgewogenes Bouquet: frisch, zart [&hellip;]<\/p>\n","protected":false},"featured_media":30720,"template":"","meta":{"_et_pb_use_builder":"","_et_pb_old_content":"","_et_gb_content_width":""},"product_brand":[],"product_cat":[84],"product_tag":[],"class_list":{"0":"post-30743","1":"product","2":"type-product","3":"status-publish","4":"has-post-thumbnail","6":"product_cat-aromatisierte-tees","8":"first","9":"instock","10":"shipping-taxable","11":"purchasable","12":"product-type-simple"},"yoast_head":"<!-- This site is optimized with the Yoast SEO plugin v27.4 - https:\/\/yoast.com\/product\/yoast-seo-wordpress\/ -->\n<title>Gl\u00fccksdrache-Natural 80g - Erboristeria Artemisia<\/title>\n<meta name=\"robots\" content=\"index, follow, max-snippet:-1, max-image-preview:large, max-video-preview:-1\" \/>\n<link rel=\"canonical\" href=\"https:\/\/erboristeria-artemisia.ch\/de\/produkt\/gluecksdrache-natural-80g\/\" \/>\n<meta property=\"og:locale\" content=\"de_DE\" \/>\n<meta property=\"og:type\" content=\"article\" \/>\n<meta property=\"og:title\" content=\"Gl\u00fccksdrache-Natural 80g - Erboristeria Artemisia\" \/>\n<meta property=\"og:description\" content=\"\ud83d\udc09 Gl\u00fccksdrache &#8211; Nat\u00fcrlich 80 g Ein Zusammentreffen feiner gr\u00fcner Tees, das die Sinne weckt und Gelassenheit vermittelt.Die Basis aus Sencha, Wulu und Ming Mee ist mit dem sanften Duft von Jasmin angereichert, w\u00e4hrend Holunder- und Sonnenblumenbl\u00fcten der Mischung einen goldenen Schimmer verleihen.Ein Hauch von Himbeere und nat\u00fcrlichen Aromen vervollst\u00e4ndigt ein ausgewogenes Bouquet: frisch, zart [&hellip;]\" \/>\n<meta property=\"og:url\" content=\"https:\/\/erboristeria-artemisia.ch\/de\/produkt\/gluecksdrache-natural-80g\/\" \/>\n<meta property=\"og:site_name\" content=\"Erboristeria Artemisia\" \/>\n<meta property=\"article:modified_time\" content=\"2025-09-25T13:58:46+00:00\" \/>\n<meta property=\"og:image\" content=\"https:\/\/erboristeria-artemisia.ch\/wp-content\/uploads\/2025\/09\/26c47a15-1394-465b-85f0-bcb2dfe0b50a.png\" \/>\n\t<meta property=\"og:image:width\" content=\"1024\" \/>\n\t<meta property=\"og:image:height\" content=\"1024\" \/>\n\t<meta property=\"og:image:type\" content=\"image\/png\" \/>\n<meta name=\"twitter:card\" content=\"summary_large_image\" \/>\n<script type=\"application\/ld+json\" class=\"yoast-schema-graph\">{\"@context\":\"https:\\\/\\\/schema.org\",\"@graph\":[{\"@type\":\"WebPage\",\"@id\":\"https:\\\/\\\/erboristeria-artemisia.ch\\\/de\\\/produkt\\\/gluecksdrache-natural-80g\\\/\",\"url\":\"https:\\\/\\\/erboristeria-artemisia.ch\\\/de\\\/produkt\\\/gluecksdrache-natural-80g\\\/\",\"name\":\"Gl\u00fccksdrache-Natural 80g - Erboristeria Artemisia\",\"isPartOf\":{\"@id\":\"https:\\\/\\\/erboristeria-artemisia.ch\\\/de\\\/#website\"},\"primaryImageOfPage\":{\"@id\":\"https:\\\/\\\/erboristeria-artemisia.ch\\\/de\\\/produkt\\\/gluecksdrache-natural-80g\\\/#primaryimage\"},\"image\":{\"@id\":\"https:\\\/\\\/erboristeria-artemisia.ch\\\/de\\\/produkt\\\/gluecksdrache-natural-80g\\\/#primaryimage\"},\"thumbnailUrl\":\"https:\\\/\\\/erboristeria-artemisia.ch\\\/wp-content\\\/uploads\\\/2025\\\/09\\\/26c47a15-1394-465b-85f0-bcb2dfe0b50a.png\",\"datePublished\":\"2025-09-24T18:12:19+00:00\",\"dateModified\":\"2025-09-25T13:58:46+00:00\",\"breadcrumb\":{\"@id\":\"https:\\\/\\\/erboristeria-artemisia.ch\\\/de\\\/produkt\\\/gluecksdrache-natural-80g\\\/#breadcrumb\"},\"inLanguage\":\"de\",\"potentialAction\":[{\"@type\":\"ReadAction\",\"target\":[\"https:\\\/\\\/erboristeria-artemisia.ch\\\/de\\\/produkt\\\/gluecksdrache-natural-80g\\\/\"]}]},{\"@type\":\"ImageObject\",\"inLanguage\":\"de\",\"@id\":\"https:\\\/\\\/erboristeria-artemisia.ch\\\/de\\\/produkt\\\/gluecksdrache-natural-80g\\\/#primaryimage\",\"url\":\"https:\\\/\\\/erboristeria-artemisia.ch\\\/wp-content\\\/uploads\\\/2025\\\/09\\\/26c47a15-1394-465b-85f0-bcb2dfe0b50a.png\",\"contentUrl\":\"https:\\\/\\\/erboristeria-artemisia.ch\\\/wp-content\\\/uploads\\\/2025\\\/09\\\/26c47a15-1394-465b-85f0-bcb2dfe0b50a.png\",\"width\":1024,\"height\":1024},{\"@type\":\"BreadcrumbList\",\"@id\":\"https:\\\/\\\/erboristeria-artemisia.ch\\\/de\\\/produkt\\\/gluecksdrache-natural-80g\\\/#breadcrumb\",\"itemListElement\":[{\"@type\":\"ListItem\",\"position\":1,\"name\":\"Home\",\"item\":\"https:\\\/\\\/erboristeria-artemisia.ch\\\/de\\\/startseite\\\/\"},{\"@type\":\"ListItem\",\"position\":2,\"name\":\"Shop4\",\"item\":\"https:\\\/\\\/erboristeria-artemisia.ch\\\/shop4\\\/\"},{\"@type\":\"ListItem\",\"position\":3,\"name\":\"Gl\u00fccksdrache-Natural 80g\"}]},{\"@type\":\"WebSite\",\"@id\":\"https:\\\/\\\/erboristeria-artemisia.ch\\\/de\\\/#website\",\"url\":\"https:\\\/\\\/erboristeria-artemisia.ch\\\/de\\\/\",\"name\":\"Erboristeria Artemisia\",\"description\":\"Ogni sorso \u00e8 un momento per te\",\"potentialAction\":[{\"@type\":\"SearchAction\",\"target\":{\"@type\":\"EntryPoint\",\"urlTemplate\":\"https:\\\/\\\/erboristeria-artemisia.ch\\\/de\\\/?s={search_term_string}\"},\"query-input\":{\"@type\":\"PropertyValueSpecification\",\"valueRequired\":true,\"valueName\":\"search_term_string\"}}],\"inLanguage\":\"de\"}]}<\/script>\n<!-- \/ Yoast SEO plugin. -->","yoast_head_json":{"title":"Gl\u00fccksdrache-Natural 80g - Erboristeria Artemisia","robots":{"index":"index","follow":"follow","max-snippet":"max-snippet:-1","max-image-preview":"max-image-preview:large","max-video-preview":"max-video-preview:-1"},"canonical":"https:\/\/erboristeria-artemisia.ch\/de\/produkt\/gluecksdrache-natural-80g\/","og_locale":"de_DE","og_type":"article","og_title":"Gl\u00fccksdrache-Natural 80g - Erboristeria Artemisia","og_description":"\ud83d\udc09 Gl\u00fccksdrache &#8211; Nat\u00fcrlich 80 g Ein Zusammentreffen feiner gr\u00fcner Tees, das die Sinne weckt und Gelassenheit vermittelt.Die Basis aus Sencha, Wulu und Ming Mee ist mit dem sanften Duft von Jasmin angereichert, w\u00e4hrend Holunder- und Sonnenblumenbl\u00fcten der Mischung einen goldenen Schimmer verleihen.Ein Hauch von Himbeere und nat\u00fcrlichen Aromen vervollst\u00e4ndigt ein ausgewogenes Bouquet: frisch, zart [&hellip;]","og_url":"https:\/\/erboristeria-artemisia.ch\/de\/produkt\/gluecksdrache-natural-80g\/","og_site_name":"Erboristeria Artemisia","article_modified_time":"2025-09-25T13:58:46+00:00","og_image":[{"width":1024,"height":1024,"url":"https:\/\/erboristeria-artemisia.ch\/wp-content\/uploads\/2025\/09\/26c47a15-1394-465b-85f0-bcb2dfe0b50a.png","type":"image\/png"}],"twitter_card":"summary_large_image","schema":{"@context":"https:\/\/schema.org","@graph":[{"@type":"WebPage","@id":"https:\/\/erboristeria-artemisia.ch\/de\/produkt\/gluecksdrache-natural-80g\/","url":"https:\/\/erboristeria-artemisia.ch\/de\/produkt\/gluecksdrache-natural-80g\/","name":"Gl\u00fccksdrache-Natural 80g - Erboristeria Artemisia","isPartOf":{"@id":"https:\/\/erboristeria-artemisia.ch\/de\/#website"},"primaryImageOfPage":{"@id":"https:\/\/erboristeria-artemisia.ch\/de\/produkt\/gluecksdrache-natural-80g\/#primaryimage"},"image":{"@id":"https:\/\/erboristeria-artemisia.ch\/de\/produkt\/gluecksdrache-natural-80g\/#primaryimage"},"thumbnailUrl":"https:\/\/erboristeria-artemisia.ch\/wp-content\/uploads\/2025\/09\/26c47a15-1394-465b-85f0-bcb2dfe0b50a.png","datePublished":"2025-09-24T18:12:19+00:00","dateModified":"2025-09-25T13:58:46+00:00","breadcrumb":{"@id":"https:\/\/erboristeria-artemisia.ch\/de\/produkt\/gluecksdrache-natural-80g\/#breadcrumb"},"inLanguage":"de","potentialAction":[{"@type":"ReadAction","target":["https:\/\/erboristeria-artemisia.ch\/de\/produkt\/gluecksdrache-natural-80g\/"]}]},{"@type":"ImageObject","inLanguage":"de","@id":"https:\/\/erboristeria-artemisia.ch\/de\/produkt\/gluecksdrache-natural-80g\/#primaryimage","url":"https:\/\/erboristeria-artemisia.ch\/wp-content\/uploads\/2025\/09\/26c47a15-1394-465b-85f0-bcb2dfe0b50a.png","contentUrl":"https:\/\/erboristeria-artemisia.ch\/wp-content\/uploads\/2025\/09\/26c47a15-1394-465b-85f0-bcb2dfe0b50a.png","width":1024,"height":1024},{"@type":"BreadcrumbList","@id":"https:\/\/erboristeria-artemisia.ch\/de\/produkt\/gluecksdrache-natural-80g\/#breadcrumb","itemListElement":[{"@type":"ListItem","position":1,"name":"Home","item":"https:\/\/erboristeria-artemisia.ch\/de\/startseite\/"},{"@type":"ListItem","position":2,"name":"Shop4","item":"https:\/\/erboristeria-artemisia.ch\/shop4\/"},{"@type":"ListItem","position":3,"name":"Gl\u00fccksdrache-Natural 80g"}]},{"@type":"WebSite","@id":"https:\/\/erboristeria-artemisia.ch\/de\/#website","url":"https:\/\/erboristeria-artemisia.ch\/de\/","name":"Erboristeria Artemisia","description":"Ogni sorso \u00e8 un momento per te","potentialAction":[{"@type":"SearchAction","target":{"@type":"EntryPoint","urlTemplate":"https:\/\/erboristeria-artemisia.ch\/de\/?s={search_term_string}"},"query-input":{"@type":"PropertyValueSpecification","valueRequired":true,"valueName":"search_term_string"}}],"inLanguage":"de"}]}},"_links":{"self":[{"href":"https:\/\/erboristeria-artemisia.ch\/de\/wp-json\/wp\/v2\/product\/30743","targetHints":{"allow":["GET"]}}],"collection":[{"href":"https:\/\/erboristeria-artemisia.ch\/de\/wp-json\/wp\/v2\/product"}],"about":[{"href":"https:\/\/erboristeria-artemisia.ch\/de\/wp-json\/wp\/v2\/types\/product"}],"wp:featuredmedia":[{"embeddable":true,"href":"https:\/\/erboristeria-artemisia.ch\/de\/wp-json\/wp\/v2\/media\/30720"}],"wp:attachment":[{"href":"https:\/\/erboristeria-artemisia.ch\/de\/wp-json\/wp\/v2\/media?parent=30743"}],"wp:term":[{"taxonomy":"product_brand","embeddable":true,"href":"https:\/\/erboristeria-artemisia.ch\/de\/wp-json\/wp\/v2\/product_brand?post=30743"},{"taxonomy":"product_cat","embeddable":true,"href":"https:\/\/erboristeria-artemisia.ch\/de\/wp-json\/wp\/v2\/product_cat?post=30743"},{"taxonomy":"product_tag","embeddable":true,"href":"https:\/\/erboristeria-artemisia.ch\/de\/wp-json\/wp\/v2\/product_tag?post=30743"}],"curies":[{"name":"wp","href":"https:\/\/api.w.org\/{rel}","templated":true}]}}