{"id":30744,"date":"2025-09-23T23:07:25","date_gmt":"2025-09-23T21:07:25","guid":{"rendered":"https:\/\/erboristeria-artemisia.ch\/product\/weisser-salbei-3er-pack\/"},"modified":"2025-09-25T15:58:46","modified_gmt":"2025-09-25T13:58:46","slug":"weisser-salbei-3er-pack","status":"publish","type":"product","link":"https:\/\/erboristeria-artemisia.ch\/de\/produkt\/weisser-salbei-3er-pack\/","title":{"rendered":"Wei\u00dfer Salbei 3er-Pack"},"content":{"rendered":"<h3 data-start=\"117\" data-end=\"178\"><strong data-start=\"121\" data-end=\"178\">Wei\u00dfer Salbei &#8211; Packung mit 3 B\u00fcndeln &#8211; 100% nat\u00fcrlich<\/strong><\/h3>\n<p data-start=\"180\" data-end=\"488\"><strong data-start=\"183\" data-end=\"213\">Wei\u00dfer Salbei<\/strong> ist in der Tradition <strong data-start=\"254\" data-end=\"274\">der amerikanischen Ureinwohner<\/strong> eine heilige Pflanze, die seit Jahrhunderten in energetischen Reinigungs- und Schutzritualen verwendet wird. Sein aromatischer Rauch ist daf\u00fcr bekannt, dass er <strong data-start=\"379\" data-end=\"439\">R\u00e4ume, Gegenst\u00e4nde und Menschen von negativen Energien reinigt<\/strong> und so Ausgeglichenheit, Frieden und geistige Klarheit f\u00f6rdert. <\/p>\n<p data-start=\"490\" data-end=\"925\">\ud83c\udf3f <strong data-start=\"493\" data-end=\"509\">Zusammensetzung<\/strong>: Nur getrocknete, handgebundene Wei\u00dfe Salbeibl\u00e4tter &#8211; keine chemischen Behandlungen oder k\u00fcnstlichen Duftstoffe.<br data-start=\"615\" data-end=\"618\">\ud83d\udccf <strong data-start=\"621\" data-end=\"632\">Format<\/strong>: Packung mit 3 Str\u00e4u\u00dfen &#8211; ideal f\u00fcr den pers\u00f6nlichen Gebrauch, Zeremonien oder zum Teilen.<br data-start=\"711\" data-end=\"714\">\ud83d\udcd0 <strong data-start=\"717\" data-end=\"731\">Gr\u00f6\u00dfe<\/strong>: ca. 10 cm pro Strau\u00df<br data-start=\"761\" data-end=\"764\">\ud83d\udd25 <strong data-start=\"767\" data-end=\"779\" data-is-only-node=\"\">Verwendung:<\/strong> Z\u00fcnden Sie das Ende des B\u00fcndels an, lassen Sie es ein paar Sekunden lang brennen, l\u00f6schen Sie dann die Flamme und lassen Sie den Rauch sich langsam im Raum ausbreiten.<\/p>\n<p data-start=\"927\" data-end=\"1015\">\ud83d\udeab <strong data-start=\"930\" data-end=\"961\">100% nat\u00fcrlich und nachhaltig<\/strong> &#8211; Geerntet mit Respekt f\u00fcr die Pflanze und das Land<\/p>\n<p data-start=\"1017\" data-end=\"1203\"><strong data-start=\"1017\" data-end=\"1203\">Ein tiefgreifendes, in der Weisheit der Vorfahren verwurzeltes Reinigungsmittel, das heute in der Meditation, beim Yoga, bei Energieritualen oder einfach nur zur Wiederherstellung der Harmonie in Ihrem Zuhause eingesetzt wird.<\/strong><\/p>\n<hr data-start=\"1205\" data-end=\"1208\">\n","protected":false},"excerpt":{"rendered":"<p>Wei\u00dfer Salbei &#8211; Packung mit 3 B\u00fcndeln &#8211; 100% nat\u00fcrlich Wei\u00dfer Salbei ist in der Tradition der amerikanischen Ureinwohner eine heilige Pflanze, die seit Jahrhunderten in energetischen Reinigungs- und Schutzritualen verwendet wird. Sein aromatischer Rauch ist daf\u00fcr bekannt, dass er R\u00e4ume, Gegenst\u00e4nde und Menschen von negativen Energien reinigt und so Ausgeglichenheit, Frieden und geistige Klarheit [&hellip;]<\/p>\n","protected":false},"featured_media":30656,"template":"","meta":{"_et_pb_use_builder":"","_et_pb_old_content":"","_et_gb_content_width":""},"product_brand":[],"product_cat":[88],"product_tag":[],"class_list":{"0":"post-30744","1":"product","2":"type-product","3":"status-publish","4":"has-post-thumbnail","6":"product_cat-inder","8":"first","9":"instock","10":"shipping-taxable","11":"purchasable","12":"product-type-simple"},"yoast_head":"<!-- This site is optimized with the Yoast SEO plugin v27.4 - https:\/\/yoast.com\/product\/yoast-seo-wordpress\/ -->\n<title>Wei\u00dfer Salbei 3er-Pack - Erboristeria Artemisia<\/title>\n<meta name=\"robots\" content=\"index, follow, max-snippet:-1, max-image-preview:large, max-video-preview:-1\" \/>\n<link rel=\"canonical\" href=\"https:\/\/erboristeria-artemisia.ch\/de\/produkt\/weisser-salbei-3er-pack\/\" \/>\n<meta property=\"og:locale\" content=\"de_DE\" \/>\n<meta property=\"og:type\" content=\"article\" \/>\n<meta property=\"og:title\" content=\"Wei\u00dfer Salbei 3er-Pack - Erboristeria Artemisia\" \/>\n<meta property=\"og:description\" content=\"Wei\u00dfer Salbei &#8211; Packung mit 3 B\u00fcndeln &#8211; 100% nat\u00fcrlich Wei\u00dfer Salbei ist in der Tradition der amerikanischen Ureinwohner eine heilige Pflanze, die seit Jahrhunderten in energetischen Reinigungs- und Schutzritualen verwendet wird. Sein aromatischer Rauch ist daf\u00fcr bekannt, dass er R\u00e4ume, Gegenst\u00e4nde und Menschen von negativen Energien reinigt und so Ausgeglichenheit, Frieden und geistige Klarheit [&hellip;]\" \/>\n<meta property=\"og:url\" content=\"https:\/\/erboristeria-artemisia.ch\/de\/produkt\/weisser-salbei-3er-pack\/\" \/>\n<meta property=\"og:site_name\" content=\"Erboristeria Artemisia\" \/>\n<meta property=\"article:modified_time\" content=\"2025-09-25T13:58:46+00:00\" \/>\n<meta property=\"og:image\" content=\"https:\/\/erboristeria-artemisia.ch\/wp-content\/uploads\/2025\/09\/Salvia-bianca-intera.jpg\" \/>\n\t<meta property=\"og:image:width\" content=\"2000\" \/>\n\t<meta property=\"og:image:height\" content=\"2000\" \/>\n\t<meta property=\"og:image:type\" content=\"image\/jpeg\" \/>\n<meta name=\"twitter:card\" content=\"summary_large_image\" \/>\n<meta name=\"twitter:label1\" content=\"Gesch\u00e4tzte Lesezeit\" \/>\n\t<meta name=\"twitter:data1\" content=\"1\u00a0Minute\" \/>\n<script type=\"application\/ld+json\" class=\"yoast-schema-graph\">{\"@context\":\"https:\\\/\\\/schema.org\",\"@graph\":[{\"@type\":\"WebPage\",\"@id\":\"https:\\\/\\\/erboristeria-artemisia.ch\\\/de\\\/produkt\\\/weisser-salbei-3er-pack\\\/\",\"url\":\"https:\\\/\\\/erboristeria-artemisia.ch\\\/de\\\/produkt\\\/weisser-salbei-3er-pack\\\/\",\"name\":\"Wei\u00dfer Salbei 3er-Pack - Erboristeria Artemisia\",\"isPartOf\":{\"@id\":\"https:\\\/\\\/erboristeria-artemisia.ch\\\/de\\\/#website\"},\"primaryImageOfPage\":{\"@id\":\"https:\\\/\\\/erboristeria-artemisia.ch\\\/de\\\/produkt\\\/weisser-salbei-3er-pack\\\/#primaryimage\"},\"image\":{\"@id\":\"https:\\\/\\\/erboristeria-artemisia.ch\\\/de\\\/produkt\\\/weisser-salbei-3er-pack\\\/#primaryimage\"},\"thumbnailUrl\":\"https:\\\/\\\/erboristeria-artemisia.ch\\\/wp-content\\\/uploads\\\/2025\\\/09\\\/Salvia-bianca-intera.jpg\",\"datePublished\":\"2025-09-23T21:07:25+00:00\",\"dateModified\":\"2025-09-25T13:58:46+00:00\",\"breadcrumb\":{\"@id\":\"https:\\\/\\\/erboristeria-artemisia.ch\\\/de\\\/produkt\\\/weisser-salbei-3er-pack\\\/#breadcrumb\"},\"inLanguage\":\"de\",\"potentialAction\":[{\"@type\":\"ReadAction\",\"target\":[\"https:\\\/\\\/erboristeria-artemisia.ch\\\/de\\\/produkt\\\/weisser-salbei-3er-pack\\\/\"]}]},{\"@type\":\"ImageObject\",\"inLanguage\":\"de\",\"@id\":\"https:\\\/\\\/erboristeria-artemisia.ch\\\/de\\\/produkt\\\/weisser-salbei-3er-pack\\\/#primaryimage\",\"url\":\"https:\\\/\\\/erboristeria-artemisia.ch\\\/wp-content\\\/uploads\\\/2025\\\/09\\\/Salvia-bianca-intera.jpg\",\"contentUrl\":\"https:\\\/\\\/erboristeria-artemisia.ch\\\/wp-content\\\/uploads\\\/2025\\\/09\\\/Salvia-bianca-intera.jpg\",\"width\":2000,\"height\":2000},{\"@type\":\"BreadcrumbList\",\"@id\":\"https:\\\/\\\/erboristeria-artemisia.ch\\\/de\\\/produkt\\\/weisser-salbei-3er-pack\\\/#breadcrumb\",\"itemListElement\":[{\"@type\":\"ListItem\",\"position\":1,\"name\":\"Home\",\"item\":\"https:\\\/\\\/erboristeria-artemisia.ch\\\/de\\\/startseite\\\/\"},{\"@type\":\"ListItem\",\"position\":2,\"name\":\"Shop4\",\"item\":\"https:\\\/\\\/erboristeria-artemisia.ch\\\/shop4\\\/\"},{\"@type\":\"ListItem\",\"position\":3,\"name\":\"Wei\u00dfer Salbei 3er-Pack\"}]},{\"@type\":\"WebSite\",\"@id\":\"https:\\\/\\\/erboristeria-artemisia.ch\\\/de\\\/#website\",\"url\":\"https:\\\/\\\/erboristeria-artemisia.ch\\\/de\\\/\",\"name\":\"Erboristeria Artemisia\",\"description\":\"Ogni sorso \u00e8 un momento per te\",\"potentialAction\":[{\"@type\":\"SearchAction\",\"target\":{\"@type\":\"EntryPoint\",\"urlTemplate\":\"https:\\\/\\\/erboristeria-artemisia.ch\\\/de\\\/?s={search_term_string}\"},\"query-input\":{\"@type\":\"PropertyValueSpecification\",\"valueRequired\":true,\"valueName\":\"search_term_string\"}}],\"inLanguage\":\"de\"}]}<\/script>\n<!-- \/ Yoast SEO plugin. -->","yoast_head_json":{"title":"Wei\u00dfer Salbei 3er-Pack - Erboristeria Artemisia","robots":{"index":"index","follow":"follow","max-snippet":"max-snippet:-1","max-image-preview":"max-image-preview:large","max-video-preview":"max-video-preview:-1"},"canonical":"https:\/\/erboristeria-artemisia.ch\/de\/produkt\/weisser-salbei-3er-pack\/","og_locale":"de_DE","og_type":"article","og_title":"Wei\u00dfer Salbei 3er-Pack - Erboristeria Artemisia","og_description":"Wei\u00dfer Salbei &#8211; Packung mit 3 B\u00fcndeln &#8211; 100% nat\u00fcrlich Wei\u00dfer Salbei ist in der Tradition der amerikanischen Ureinwohner eine heilige Pflanze, die seit Jahrhunderten in energetischen Reinigungs- und Schutzritualen verwendet wird. Sein aromatischer Rauch ist daf\u00fcr bekannt, dass er R\u00e4ume, Gegenst\u00e4nde und Menschen von negativen Energien reinigt und so Ausgeglichenheit, Frieden und geistige Klarheit [&hellip;]","og_url":"https:\/\/erboristeria-artemisia.ch\/de\/produkt\/weisser-salbei-3er-pack\/","og_site_name":"Erboristeria Artemisia","article_modified_time":"2025-09-25T13:58:46+00:00","og_image":[{"width":2000,"height":2000,"url":"https:\/\/erboristeria-artemisia.ch\/wp-content\/uploads\/2025\/09\/Salvia-bianca-intera.jpg","type":"image\/jpeg"}],"twitter_card":"summary_large_image","twitter_misc":{"Gesch\u00e4tzte Lesezeit":"1\u00a0Minute"},"schema":{"@context":"https:\/\/schema.org","@graph":[{"@type":"WebPage","@id":"https:\/\/erboristeria-artemisia.ch\/de\/produkt\/weisser-salbei-3er-pack\/","url":"https:\/\/erboristeria-artemisia.ch\/de\/produkt\/weisser-salbei-3er-pack\/","name":"Wei\u00dfer Salbei 3er-Pack - Erboristeria Artemisia","isPartOf":{"@id":"https:\/\/erboristeria-artemisia.ch\/de\/#website"},"primaryImageOfPage":{"@id":"https:\/\/erboristeria-artemisia.ch\/de\/produkt\/weisser-salbei-3er-pack\/#primaryimage"},"image":{"@id":"https:\/\/erboristeria-artemisia.ch\/de\/produkt\/weisser-salbei-3er-pack\/#primaryimage"},"thumbnailUrl":"https:\/\/erboristeria-artemisia.ch\/wp-content\/uploads\/2025\/09\/Salvia-bianca-intera.jpg","datePublished":"2025-09-23T21:07:25+00:00","dateModified":"2025-09-25T13:58:46+00:00","breadcrumb":{"@id":"https:\/\/erboristeria-artemisia.ch\/de\/produkt\/weisser-salbei-3er-pack\/#breadcrumb"},"inLanguage":"de","potentialAction":[{"@type":"ReadAction","target":["https:\/\/erboristeria-artemisia.ch\/de\/produkt\/weisser-salbei-3er-pack\/"]}]},{"@type":"ImageObject","inLanguage":"de","@id":"https:\/\/erboristeria-artemisia.ch\/de\/produkt\/weisser-salbei-3er-pack\/#primaryimage","url":"https:\/\/erboristeria-artemisia.ch\/wp-content\/uploads\/2025\/09\/Salvia-bianca-intera.jpg","contentUrl":"https:\/\/erboristeria-artemisia.ch\/wp-content\/uploads\/2025\/09\/Salvia-bianca-intera.jpg","width":2000,"height":2000},{"@type":"BreadcrumbList","@id":"https:\/\/erboristeria-artemisia.ch\/de\/produkt\/weisser-salbei-3er-pack\/#breadcrumb","itemListElement":[{"@type":"ListItem","position":1,"name":"Home","item":"https:\/\/erboristeria-artemisia.ch\/de\/startseite\/"},{"@type":"ListItem","position":2,"name":"Shop4","item":"https:\/\/erboristeria-artemisia.ch\/shop4\/"},{"@type":"ListItem","position":3,"name":"Wei\u00dfer Salbei 3er-Pack"}]},{"@type":"WebSite","@id":"https:\/\/erboristeria-artemisia.ch\/de\/#website","url":"https:\/\/erboristeria-artemisia.ch\/de\/","name":"Erboristeria Artemisia","description":"Ogni sorso \u00e8 un momento per te","potentialAction":[{"@type":"SearchAction","target":{"@type":"EntryPoint","urlTemplate":"https:\/\/erboristeria-artemisia.ch\/de\/?s={search_term_string}"},"query-input":{"@type":"PropertyValueSpecification","valueRequired":true,"valueName":"search_term_string"}}],"inLanguage":"de"}]}},"_links":{"self":[{"href":"https:\/\/erboristeria-artemisia.ch\/de\/wp-json\/wp\/v2\/product\/30744","targetHints":{"allow":["GET"]}}],"collection":[{"href":"https:\/\/erboristeria-artemisia.ch\/de\/wp-json\/wp\/v2\/product"}],"about":[{"href":"https:\/\/erboristeria-artemisia.ch\/de\/wp-json\/wp\/v2\/types\/product"}],"wp:featuredmedia":[{"embeddable":true,"href":"https:\/\/erboristeria-artemisia.ch\/de\/wp-json\/wp\/v2\/media\/30656"}],"wp:attachment":[{"href":"https:\/\/erboristeria-artemisia.ch\/de\/wp-json\/wp\/v2\/media?parent=30744"}],"wp:term":[{"taxonomy":"product_brand","embeddable":true,"href":"https:\/\/erboristeria-artemisia.ch\/de\/wp-json\/wp\/v2\/product_brand?post=30744"},{"taxonomy":"product_cat","embeddable":true,"href":"https:\/\/erboristeria-artemisia.ch\/de\/wp-json\/wp\/v2\/product_cat?post=30744"},{"taxonomy":"product_tag","embeddable":true,"href":"https:\/\/erboristeria-artemisia.ch\/de\/wp-json\/wp\/v2\/product_tag?post=30744"}],"curies":[{"name":"wp","href":"https:\/\/api.w.org\/{rel}","templated":true}]}}