{"id":30749,"date":"2025-09-23T22:53:11","date_gmt":"2025-09-23T20:53:11","guid":{"rendered":"https:\/\/erboristeria-artemisia.ch\/product\/nag-champa-15g\/"},"modified":"2025-09-25T16:04:14","modified_gmt":"2025-09-25T14:04:14","slug":"nag-champa-15g","status":"publish","type":"product","link":"https:\/\/erboristeria-artemisia.ch\/de\/produkt\/nag-champa-15g\/","title":{"rendered":"Nag Champa 15g"},"content":{"rendered":"<h3 data-start=\"163\" data-end=\"217\"><strong data-start=\"167\" data-end=\"217\">Nag Champa Weihrauch &#8211; 100% nat\u00fcrliche Inhaltsstoffe<\/strong><\/h3>\n<p data-start=\"219\" data-end=\"561\">Der beliebteste Duft der orientalischen Welt, jetzt in seiner <strong data-start=\"284\" data-end=\"304\">100% nat\u00fcrlichen<\/strong> Version. <strong data-start=\"309\" data-end=\"323\">Nag Champa<\/strong> ist eine traditionelle Mischung aus <strong data-start=\"354\" data-end=\"401\">Sandarco, Champa-Bl\u00fcten und nat\u00fcrlichen Gew\u00fcrzen<\/strong>, die f\u00fcr ihr s\u00fc\u00dfes, blumiges und leicht holziges Aroma bekannt ist. Sie eignet sich perfekt f\u00fcr Meditation, Yoga oder einfach, um eine ruhige und spirituelle Atmosph\u00e4re zu schaffen. <\/p>\n<p data-start=\"563\" data-end=\"799\">\ud83c\udf3f <strong data-start=\"566\" data-end=\"582\">Zusammensetzung<\/strong>: Nur nat\u00fcrliche Inhaltsstoffe &#8211; keine synthetischen Parfums, Farbstoffe oder Chemikalien.<br data-start=\"667\" data-end=\"670\">\ud83d\udd25 <strong data-start=\"673\" data-end=\"682\">Duft<\/strong>: Warm, einh\u00fcllend und entspannend, mit s\u00fc\u00dfen, blumigen Noten.<br data-start=\"742\" data-end=\"745\">\ud83d\udeab <strong data-start=\"748\" data-end=\"757\">Ohne<\/strong> k\u00fcnstliche Zus\u00e4tze oder sch\u00e4dliche Komponenten.<\/p>\n<p data-start=\"801\" data-end=\"953\">\ud83d\udce6 <strong data-start=\"804\" data-end=\"817\">Inhalt<\/strong>: 15 g (ca. 12-15 Sticks, variabel)<br data-start=\"859\" data-end=\"862\">\ud83d\udccf <strong data-start=\"865\" data-end=\"878\">L\u00e4nge<\/strong>: ca. 20 cm<br data-start=\"891\" data-end=\"894\">\ud83d\udd25 <strong data-start=\"897\" data-end=\"921\">Brenndauer<\/strong>: ca. 30 Minuten pro Stick<\/p>\n<p data-start=\"955\" data-end=\"1082\"><strong data-start=\"955\" data-end=\"1082\">Ein klassisches, nat\u00fcrliches und spirituelles R\u00e4ucherwerk, das Momente des Friedens, der Inspiration und der inneren Ausgeglichenheit begleitet.<\/strong><\/p>\n","protected":false},"excerpt":{"rendered":"<p>Nag Champa Weihrauch &#8211; 100% nat\u00fcrliche Inhaltsstoffe Der beliebteste Duft der orientalischen Welt, jetzt in seiner 100% nat\u00fcrlichen Version. Nag Champa ist eine traditionelle Mischung aus Sandarco, Champa-Bl\u00fcten und nat\u00fcrlichen Gew\u00fcrzen, die f\u00fcr ihr s\u00fc\u00dfes, blumiges und leicht holziges Aroma bekannt ist. Sie eignet sich perfekt f\u00fcr Meditation, Yoga oder einfach, um eine ruhige und [&hellip;]<\/p>\n","protected":false},"featured_media":30641,"template":"","meta":{"_et_pb_use_builder":"","_et_pb_old_content":"","_et_gb_content_width":""},"product_brand":[],"product_cat":[88],"product_tag":[],"class_list":{"0":"post-30749","1":"product","2":"type-product","3":"status-publish","4":"has-post-thumbnail","6":"product_cat-inder","8":"first","9":"instock","10":"shipping-taxable","11":"purchasable","12":"product-type-simple"},"yoast_head":"<!-- This site is optimized with the Yoast SEO plugin v27.4 - https:\/\/yoast.com\/product\/yoast-seo-wordpress\/ -->\n<title>Nag Champa 15g - Erboristeria Artemisia<\/title>\n<meta name=\"robots\" content=\"index, follow, max-snippet:-1, max-image-preview:large, max-video-preview:-1\" \/>\n<link rel=\"canonical\" href=\"https:\/\/erboristeria-artemisia.ch\/de\/produkt\/nag-champa-15g\/\" \/>\n<meta property=\"og:locale\" content=\"de_DE\" \/>\n<meta property=\"og:type\" content=\"article\" \/>\n<meta property=\"og:title\" content=\"Nag Champa 15g - Erboristeria Artemisia\" \/>\n<meta property=\"og:description\" content=\"Nag Champa Weihrauch &#8211; 100% nat\u00fcrliche Inhaltsstoffe Der beliebteste Duft der orientalischen Welt, jetzt in seiner 100% nat\u00fcrlichen Version. Nag Champa ist eine traditionelle Mischung aus Sandarco, Champa-Bl\u00fcten und nat\u00fcrlichen Gew\u00fcrzen, die f\u00fcr ihr s\u00fc\u00dfes, blumiges und leicht holziges Aroma bekannt ist. Sie eignet sich perfekt f\u00fcr Meditation, Yoga oder einfach, um eine ruhige und [&hellip;]\" \/>\n<meta property=\"og:url\" content=\"https:\/\/erboristeria-artemisia.ch\/de\/produkt\/nag-champa-15g\/\" \/>\n<meta property=\"og:site_name\" content=\"Erboristeria Artemisia\" \/>\n<meta property=\"article:modified_time\" content=\"2025-09-25T14:04:14+00:00\" \/>\n<meta property=\"og:image\" content=\"https:\/\/erboristeria-artemisia.ch\/wp-content\/uploads\/2025\/09\/Nag-Champa.jpg\" \/>\n\t<meta property=\"og:image:width\" content=\"2000\" \/>\n\t<meta property=\"og:image:height\" content=\"2000\" \/>\n\t<meta property=\"og:image:type\" content=\"image\/jpeg\" \/>\n<meta name=\"twitter:card\" content=\"summary_large_image\" \/>\n<meta name=\"twitter:label1\" content=\"Gesch\u00e4tzte Lesezeit\" \/>\n\t<meta name=\"twitter:data1\" content=\"1\u00a0Minute\" \/>\n<script type=\"application\/ld+json\" class=\"yoast-schema-graph\">{\"@context\":\"https:\\\/\\\/schema.org\",\"@graph\":[{\"@type\":\"WebPage\",\"@id\":\"https:\\\/\\\/erboristeria-artemisia.ch\\\/de\\\/produkt\\\/nag-champa-15g\\\/\",\"url\":\"https:\\\/\\\/erboristeria-artemisia.ch\\\/de\\\/produkt\\\/nag-champa-15g\\\/\",\"name\":\"Nag Champa 15g - Erboristeria Artemisia\",\"isPartOf\":{\"@id\":\"https:\\\/\\\/erboristeria-artemisia.ch\\\/de\\\/#website\"},\"primaryImageOfPage\":{\"@id\":\"https:\\\/\\\/erboristeria-artemisia.ch\\\/de\\\/produkt\\\/nag-champa-15g\\\/#primaryimage\"},\"image\":{\"@id\":\"https:\\\/\\\/erboristeria-artemisia.ch\\\/de\\\/produkt\\\/nag-champa-15g\\\/#primaryimage\"},\"thumbnailUrl\":\"https:\\\/\\\/erboristeria-artemisia.ch\\\/wp-content\\\/uploads\\\/2025\\\/09\\\/Nag-Champa.jpg\",\"datePublished\":\"2025-09-23T20:53:11+00:00\",\"dateModified\":\"2025-09-25T14:04:14+00:00\",\"breadcrumb\":{\"@id\":\"https:\\\/\\\/erboristeria-artemisia.ch\\\/de\\\/produkt\\\/nag-champa-15g\\\/#breadcrumb\"},\"inLanguage\":\"de\",\"potentialAction\":[{\"@type\":\"ReadAction\",\"target\":[\"https:\\\/\\\/erboristeria-artemisia.ch\\\/de\\\/produkt\\\/nag-champa-15g\\\/\"]}]},{\"@type\":\"ImageObject\",\"inLanguage\":\"de\",\"@id\":\"https:\\\/\\\/erboristeria-artemisia.ch\\\/de\\\/produkt\\\/nag-champa-15g\\\/#primaryimage\",\"url\":\"https:\\\/\\\/erboristeria-artemisia.ch\\\/wp-content\\\/uploads\\\/2025\\\/09\\\/Nag-Champa.jpg\",\"contentUrl\":\"https:\\\/\\\/erboristeria-artemisia.ch\\\/wp-content\\\/uploads\\\/2025\\\/09\\\/Nag-Champa.jpg\",\"width\":2000,\"height\":2000},{\"@type\":\"BreadcrumbList\",\"@id\":\"https:\\\/\\\/erboristeria-artemisia.ch\\\/de\\\/produkt\\\/nag-champa-15g\\\/#breadcrumb\",\"itemListElement\":[{\"@type\":\"ListItem\",\"position\":1,\"name\":\"Home\",\"item\":\"https:\\\/\\\/erboristeria-artemisia.ch\\\/de\\\/startseite\\\/\"},{\"@type\":\"ListItem\",\"position\":2,\"name\":\"Shop4\",\"item\":\"https:\\\/\\\/erboristeria-artemisia.ch\\\/shop4\\\/\"},{\"@type\":\"ListItem\",\"position\":3,\"name\":\"Nag Champa 15g\"}]},{\"@type\":\"WebSite\",\"@id\":\"https:\\\/\\\/erboristeria-artemisia.ch\\\/de\\\/#website\",\"url\":\"https:\\\/\\\/erboristeria-artemisia.ch\\\/de\\\/\",\"name\":\"Erboristeria Artemisia\",\"description\":\"Ogni sorso \u00e8 un momento per te\",\"potentialAction\":[{\"@type\":\"SearchAction\",\"target\":{\"@type\":\"EntryPoint\",\"urlTemplate\":\"https:\\\/\\\/erboristeria-artemisia.ch\\\/de\\\/?s={search_term_string}\"},\"query-input\":{\"@type\":\"PropertyValueSpecification\",\"valueRequired\":true,\"valueName\":\"search_term_string\"}}],\"inLanguage\":\"de\"}]}<\/script>\n<!-- \/ Yoast SEO plugin. -->","yoast_head_json":{"title":"Nag Champa 15g - Erboristeria Artemisia","robots":{"index":"index","follow":"follow","max-snippet":"max-snippet:-1","max-image-preview":"max-image-preview:large","max-video-preview":"max-video-preview:-1"},"canonical":"https:\/\/erboristeria-artemisia.ch\/de\/produkt\/nag-champa-15g\/","og_locale":"de_DE","og_type":"article","og_title":"Nag Champa 15g - Erboristeria Artemisia","og_description":"Nag Champa Weihrauch &#8211; 100% nat\u00fcrliche Inhaltsstoffe Der beliebteste Duft der orientalischen Welt, jetzt in seiner 100% nat\u00fcrlichen Version. Nag Champa ist eine traditionelle Mischung aus Sandarco, Champa-Bl\u00fcten und nat\u00fcrlichen Gew\u00fcrzen, die f\u00fcr ihr s\u00fc\u00dfes, blumiges und leicht holziges Aroma bekannt ist. Sie eignet sich perfekt f\u00fcr Meditation, Yoga oder einfach, um eine ruhige und [&hellip;]","og_url":"https:\/\/erboristeria-artemisia.ch\/de\/produkt\/nag-champa-15g\/","og_site_name":"Erboristeria Artemisia","article_modified_time":"2025-09-25T14:04:14+00:00","og_image":[{"width":2000,"height":2000,"url":"https:\/\/erboristeria-artemisia.ch\/wp-content\/uploads\/2025\/09\/Nag-Champa.jpg","type":"image\/jpeg"}],"twitter_card":"summary_large_image","twitter_misc":{"Gesch\u00e4tzte Lesezeit":"1\u00a0Minute"},"schema":{"@context":"https:\/\/schema.org","@graph":[{"@type":"WebPage","@id":"https:\/\/erboristeria-artemisia.ch\/de\/produkt\/nag-champa-15g\/","url":"https:\/\/erboristeria-artemisia.ch\/de\/produkt\/nag-champa-15g\/","name":"Nag Champa 15g - Erboristeria Artemisia","isPartOf":{"@id":"https:\/\/erboristeria-artemisia.ch\/de\/#website"},"primaryImageOfPage":{"@id":"https:\/\/erboristeria-artemisia.ch\/de\/produkt\/nag-champa-15g\/#primaryimage"},"image":{"@id":"https:\/\/erboristeria-artemisia.ch\/de\/produkt\/nag-champa-15g\/#primaryimage"},"thumbnailUrl":"https:\/\/erboristeria-artemisia.ch\/wp-content\/uploads\/2025\/09\/Nag-Champa.jpg","datePublished":"2025-09-23T20:53:11+00:00","dateModified":"2025-09-25T14:04:14+00:00","breadcrumb":{"@id":"https:\/\/erboristeria-artemisia.ch\/de\/produkt\/nag-champa-15g\/#breadcrumb"},"inLanguage":"de","potentialAction":[{"@type":"ReadAction","target":["https:\/\/erboristeria-artemisia.ch\/de\/produkt\/nag-champa-15g\/"]}]},{"@type":"ImageObject","inLanguage":"de","@id":"https:\/\/erboristeria-artemisia.ch\/de\/produkt\/nag-champa-15g\/#primaryimage","url":"https:\/\/erboristeria-artemisia.ch\/wp-content\/uploads\/2025\/09\/Nag-Champa.jpg","contentUrl":"https:\/\/erboristeria-artemisia.ch\/wp-content\/uploads\/2025\/09\/Nag-Champa.jpg","width":2000,"height":2000},{"@type":"BreadcrumbList","@id":"https:\/\/erboristeria-artemisia.ch\/de\/produkt\/nag-champa-15g\/#breadcrumb","itemListElement":[{"@type":"ListItem","position":1,"name":"Home","item":"https:\/\/erboristeria-artemisia.ch\/de\/startseite\/"},{"@type":"ListItem","position":2,"name":"Shop4","item":"https:\/\/erboristeria-artemisia.ch\/shop4\/"},{"@type":"ListItem","position":3,"name":"Nag Champa 15g"}]},{"@type":"WebSite","@id":"https:\/\/erboristeria-artemisia.ch\/de\/#website","url":"https:\/\/erboristeria-artemisia.ch\/de\/","name":"Erboristeria Artemisia","description":"Ogni sorso \u00e8 un momento per te","potentialAction":[{"@type":"SearchAction","target":{"@type":"EntryPoint","urlTemplate":"https:\/\/erboristeria-artemisia.ch\/de\/?s={search_term_string}"},"query-input":{"@type":"PropertyValueSpecification","valueRequired":true,"valueName":"search_term_string"}}],"inLanguage":"de"}]}},"_links":{"self":[{"href":"https:\/\/erboristeria-artemisia.ch\/de\/wp-json\/wp\/v2\/product\/30749","targetHints":{"allow":["GET"]}}],"collection":[{"href":"https:\/\/erboristeria-artemisia.ch\/de\/wp-json\/wp\/v2\/product"}],"about":[{"href":"https:\/\/erboristeria-artemisia.ch\/de\/wp-json\/wp\/v2\/types\/product"}],"wp:featuredmedia":[{"embeddable":true,"href":"https:\/\/erboristeria-artemisia.ch\/de\/wp-json\/wp\/v2\/media\/30641"}],"wp:attachment":[{"href":"https:\/\/erboristeria-artemisia.ch\/de\/wp-json\/wp\/v2\/media?parent=30749"}],"wp:term":[{"taxonomy":"product_brand","embeddable":true,"href":"https:\/\/erboristeria-artemisia.ch\/de\/wp-json\/wp\/v2\/product_brand?post=30749"},{"taxonomy":"product_cat","embeddable":true,"href":"https:\/\/erboristeria-artemisia.ch\/de\/wp-json\/wp\/v2\/product_cat?post=30749"},{"taxonomy":"product_tag","embeddable":true,"href":"https:\/\/erboristeria-artemisia.ch\/de\/wp-json\/wp\/v2\/product_tag?post=30749"}],"curies":[{"name":"wp","href":"https:\/\/api.w.org\/{rel}","templated":true}]}}