{"id":30750,"date":"2025-09-23T22:33:32","date_gmt":"2025-09-23T20:33:32","guid":{"rendered":"https:\/\/erboristeria-artemisia.ch\/product\/ambrosia\/"},"modified":"2025-09-25T16:04:14","modified_gmt":"2025-09-25T14:04:14","slug":"ambrosia","status":"publish","type":"product","link":"https:\/\/erboristeria-artemisia.ch\/de\/produkt\/ambrosia\/","title":{"rendered":"Ambrosia"},"content":{"rendered":"<h3 data-start=\"97\" data-end=\"149\"><strong data-start=\"101\" data-end=\"149\">Ambrosia Weihrauch &#8211; 100% nat\u00fcrliche Zutaten<\/strong><\/h3>\n<p data-start=\"151\" data-end=\"446\">Lassen Sie sich von dem reichen und verf\u00fchrerischen Duft von<strong data-start=\"209\" data-end=\"221\">Ambrosia<\/strong> umh\u00fcllen, einem g\u00f6ttlichen Duft, der S\u00fc\u00dfe, W\u00e4rme und Geheimnisse hervorruft. Dieser nat\u00fcrliche Weihrauch ist perfekt, um eine raffinierte und umh\u00fcllende Atmosph\u00e4re zu schaffen, ideal f\u00fcr Momente der Entspannung, Meditation oder um jeden Raum mit Eleganz zu parf\u00fcmieren.<\/p>\n<p data-start=\"448\" data-end=\"745\">\ud83c\udf3f <strong data-start=\"451\" data-end=\"467\">Zusammensetzung<\/strong>: Hergestellt aus ausgew\u00e4hlten nat\u00fcrlichen Inhaltsstoffen, ohne synthetische Parf\u00fcmstoffe, Farbstoffe oder Chemikalien.<br data-start=\"573\" data-end=\"576\">\ud83d\udd25 <strong data-start=\"579\" data-end=\"588\">Aroma<\/strong>: S\u00fc\u00df, w\u00fcrzig und leicht balsamisch, ein intensiver, lang anhaltender Duft, der die Sinne und die Stimmung anregt.<br data-start=\"691\" data-end=\"694\">\ud83d\udeab <strong data-start=\"697\" data-end=\"706\">Ohne<\/strong> k\u00fcnstliche Duftstoffe oder sch\u00e4dliche Zus\u00e4tze.<\/p>\n<p data-start=\"747\" data-end=\"875\">\ud83d\udce6 <strong data-start=\"750\" data-end=\"763\">Inhalt<\/strong>: 10 St\u00e4bchen<br data-start=\"778\" data-end=\"781\">\ud83d\udccf <strong data-start=\"784\" data-end=\"797\">L\u00e4nge<\/strong>: je 20 cm<br data-start=\"813\" data-end=\"816\">\ud83d\udd25 <strong data-start=\"819\" data-end=\"843\">Brenndauer<\/strong>: ca. 30 Minuten pro St\u00e4bchen<\/p>\n<p data-start=\"877\" data-end=\"1006\"><strong data-start=\"877\" data-end=\"1006\">Ein nat\u00fcrlicher Weihrauch f\u00fcr alle, die warme und verf\u00fchrerische D\u00fcfte lieben, perfekt f\u00fcr jeden Moment des Wohlbefindens und der Kontemplation.<\/strong><\/p>\n","protected":false},"excerpt":{"rendered":"<p>Ambrosia Weihrauch &#8211; 100% nat\u00fcrliche Zutaten Lassen Sie sich von dem reichen und verf\u00fchrerischen Duft vonAmbrosia umh\u00fcllen, einem g\u00f6ttlichen Duft, der S\u00fc\u00dfe, W\u00e4rme und Geheimnisse hervorruft. Dieser nat\u00fcrliche Weihrauch ist perfekt, um eine raffinierte und umh\u00fcllende Atmosph\u00e4re zu schaffen, ideal f\u00fcr Momente der Entspannung, Meditation oder um jeden Raum mit Eleganz zu parf\u00fcmieren. \ud83c\udf3f Zusammensetzung: [&hellip;]<\/p>\n","protected":false},"featured_media":30622,"template":"","meta":{"_et_pb_use_builder":"","_et_pb_old_content":"","_et_gb_content_width":""},"product_brand":[],"product_cat":[88],"product_tag":[],"class_list":{"0":"post-30750","1":"product","2":"type-product","3":"status-publish","4":"has-post-thumbnail","6":"product_cat-inder","8":"first","9":"instock","10":"shipping-taxable","11":"purchasable","12":"product-type-simple"},"yoast_head":"<!-- This site is optimized with the Yoast SEO plugin v27.4 - https:\/\/yoast.com\/product\/yoast-seo-wordpress\/ -->\n<title>Ambrosia - Erboristeria Artemisia<\/title>\n<meta name=\"robots\" content=\"index, follow, max-snippet:-1, max-image-preview:large, max-video-preview:-1\" \/>\n<link rel=\"canonical\" href=\"https:\/\/erboristeria-artemisia.ch\/de\/produkt\/ambrosia\/\" \/>\n<meta property=\"og:locale\" content=\"de_DE\" \/>\n<meta property=\"og:type\" content=\"article\" \/>\n<meta property=\"og:title\" content=\"Ambrosia - Erboristeria Artemisia\" \/>\n<meta property=\"og:description\" content=\"Ambrosia Weihrauch &#8211; 100% nat\u00fcrliche Zutaten Lassen Sie sich von dem reichen und verf\u00fchrerischen Duft vonAmbrosia umh\u00fcllen, einem g\u00f6ttlichen Duft, der S\u00fc\u00dfe, W\u00e4rme und Geheimnisse hervorruft. Dieser nat\u00fcrliche Weihrauch ist perfekt, um eine raffinierte und umh\u00fcllende Atmosph\u00e4re zu schaffen, ideal f\u00fcr Momente der Entspannung, Meditation oder um jeden Raum mit Eleganz zu parf\u00fcmieren. \ud83c\udf3f Zusammensetzung: [&hellip;]\" \/>\n<meta property=\"og:url\" content=\"https:\/\/erboristeria-artemisia.ch\/de\/produkt\/ambrosia\/\" \/>\n<meta property=\"og:site_name\" content=\"Erboristeria Artemisia\" \/>\n<meta property=\"article:modified_time\" content=\"2025-09-25T14:04:14+00:00\" \/>\n<meta property=\"og:image\" content=\"https:\/\/erboristeria-artemisia.ch\/wp-content\/uploads\/2025\/09\/Ambrosia.jpg\" \/>\n\t<meta property=\"og:image:width\" content=\"2000\" \/>\n\t<meta property=\"og:image:height\" content=\"2000\" \/>\n\t<meta property=\"og:image:type\" content=\"image\/jpeg\" \/>\n<meta name=\"twitter:card\" content=\"summary_large_image\" \/>\n<meta name=\"twitter:label1\" content=\"Gesch\u00e4tzte Lesezeit\" \/>\n\t<meta name=\"twitter:data1\" content=\"1\u00a0Minute\" \/>\n<script type=\"application\/ld+json\" class=\"yoast-schema-graph\">{\"@context\":\"https:\\\/\\\/schema.org\",\"@graph\":[{\"@type\":\"WebPage\",\"@id\":\"https:\\\/\\\/erboristeria-artemisia.ch\\\/de\\\/produkt\\\/ambrosia\\\/\",\"url\":\"https:\\\/\\\/erboristeria-artemisia.ch\\\/de\\\/produkt\\\/ambrosia\\\/\",\"name\":\"Ambrosia - Erboristeria Artemisia\",\"isPartOf\":{\"@id\":\"https:\\\/\\\/erboristeria-artemisia.ch\\\/de\\\/#website\"},\"primaryImageOfPage\":{\"@id\":\"https:\\\/\\\/erboristeria-artemisia.ch\\\/de\\\/produkt\\\/ambrosia\\\/#primaryimage\"},\"image\":{\"@id\":\"https:\\\/\\\/erboristeria-artemisia.ch\\\/de\\\/produkt\\\/ambrosia\\\/#primaryimage\"},\"thumbnailUrl\":\"https:\\\/\\\/erboristeria-artemisia.ch\\\/wp-content\\\/uploads\\\/2025\\\/09\\\/Ambrosia.jpg\",\"datePublished\":\"2025-09-23T20:33:32+00:00\",\"dateModified\":\"2025-09-25T14:04:14+00:00\",\"breadcrumb\":{\"@id\":\"https:\\\/\\\/erboristeria-artemisia.ch\\\/de\\\/produkt\\\/ambrosia\\\/#breadcrumb\"},\"inLanguage\":\"de\",\"potentialAction\":[{\"@type\":\"ReadAction\",\"target\":[\"https:\\\/\\\/erboristeria-artemisia.ch\\\/de\\\/produkt\\\/ambrosia\\\/\"]}]},{\"@type\":\"ImageObject\",\"inLanguage\":\"de\",\"@id\":\"https:\\\/\\\/erboristeria-artemisia.ch\\\/de\\\/produkt\\\/ambrosia\\\/#primaryimage\",\"url\":\"https:\\\/\\\/erboristeria-artemisia.ch\\\/wp-content\\\/uploads\\\/2025\\\/09\\\/Ambrosia.jpg\",\"contentUrl\":\"https:\\\/\\\/erboristeria-artemisia.ch\\\/wp-content\\\/uploads\\\/2025\\\/09\\\/Ambrosia.jpg\",\"width\":2000,\"height\":2000},{\"@type\":\"BreadcrumbList\",\"@id\":\"https:\\\/\\\/erboristeria-artemisia.ch\\\/de\\\/produkt\\\/ambrosia\\\/#breadcrumb\",\"itemListElement\":[{\"@type\":\"ListItem\",\"position\":1,\"name\":\"Home\",\"item\":\"https:\\\/\\\/erboristeria-artemisia.ch\\\/de\\\/startseite\\\/\"},{\"@type\":\"ListItem\",\"position\":2,\"name\":\"Shop4\",\"item\":\"https:\\\/\\\/erboristeria-artemisia.ch\\\/shop4\\\/\"},{\"@type\":\"ListItem\",\"position\":3,\"name\":\"Ambrosia\"}]},{\"@type\":\"WebSite\",\"@id\":\"https:\\\/\\\/erboristeria-artemisia.ch\\\/de\\\/#website\",\"url\":\"https:\\\/\\\/erboristeria-artemisia.ch\\\/de\\\/\",\"name\":\"Erboristeria Artemisia\",\"description\":\"Ogni sorso \u00e8 un momento per te\",\"potentialAction\":[{\"@type\":\"SearchAction\",\"target\":{\"@type\":\"EntryPoint\",\"urlTemplate\":\"https:\\\/\\\/erboristeria-artemisia.ch\\\/de\\\/?s={search_term_string}\"},\"query-input\":{\"@type\":\"PropertyValueSpecification\",\"valueRequired\":true,\"valueName\":\"search_term_string\"}}],\"inLanguage\":\"de\"}]}<\/script>\n<!-- \/ Yoast SEO plugin. -->","yoast_head_json":{"title":"Ambrosia - Erboristeria Artemisia","robots":{"index":"index","follow":"follow","max-snippet":"max-snippet:-1","max-image-preview":"max-image-preview:large","max-video-preview":"max-video-preview:-1"},"canonical":"https:\/\/erboristeria-artemisia.ch\/de\/produkt\/ambrosia\/","og_locale":"de_DE","og_type":"article","og_title":"Ambrosia - Erboristeria Artemisia","og_description":"Ambrosia Weihrauch &#8211; 100% nat\u00fcrliche Zutaten Lassen Sie sich von dem reichen und verf\u00fchrerischen Duft vonAmbrosia umh\u00fcllen, einem g\u00f6ttlichen Duft, der S\u00fc\u00dfe, W\u00e4rme und Geheimnisse hervorruft. Dieser nat\u00fcrliche Weihrauch ist perfekt, um eine raffinierte und umh\u00fcllende Atmosph\u00e4re zu schaffen, ideal f\u00fcr Momente der Entspannung, Meditation oder um jeden Raum mit Eleganz zu parf\u00fcmieren. \ud83c\udf3f Zusammensetzung: [&hellip;]","og_url":"https:\/\/erboristeria-artemisia.ch\/de\/produkt\/ambrosia\/","og_site_name":"Erboristeria Artemisia","article_modified_time":"2025-09-25T14:04:14+00:00","og_image":[{"width":2000,"height":2000,"url":"https:\/\/erboristeria-artemisia.ch\/wp-content\/uploads\/2025\/09\/Ambrosia.jpg","type":"image\/jpeg"}],"twitter_card":"summary_large_image","twitter_misc":{"Gesch\u00e4tzte Lesezeit":"1\u00a0Minute"},"schema":{"@context":"https:\/\/schema.org","@graph":[{"@type":"WebPage","@id":"https:\/\/erboristeria-artemisia.ch\/de\/produkt\/ambrosia\/","url":"https:\/\/erboristeria-artemisia.ch\/de\/produkt\/ambrosia\/","name":"Ambrosia - Erboristeria Artemisia","isPartOf":{"@id":"https:\/\/erboristeria-artemisia.ch\/de\/#website"},"primaryImageOfPage":{"@id":"https:\/\/erboristeria-artemisia.ch\/de\/produkt\/ambrosia\/#primaryimage"},"image":{"@id":"https:\/\/erboristeria-artemisia.ch\/de\/produkt\/ambrosia\/#primaryimage"},"thumbnailUrl":"https:\/\/erboristeria-artemisia.ch\/wp-content\/uploads\/2025\/09\/Ambrosia.jpg","datePublished":"2025-09-23T20:33:32+00:00","dateModified":"2025-09-25T14:04:14+00:00","breadcrumb":{"@id":"https:\/\/erboristeria-artemisia.ch\/de\/produkt\/ambrosia\/#breadcrumb"},"inLanguage":"de","potentialAction":[{"@type":"ReadAction","target":["https:\/\/erboristeria-artemisia.ch\/de\/produkt\/ambrosia\/"]}]},{"@type":"ImageObject","inLanguage":"de","@id":"https:\/\/erboristeria-artemisia.ch\/de\/produkt\/ambrosia\/#primaryimage","url":"https:\/\/erboristeria-artemisia.ch\/wp-content\/uploads\/2025\/09\/Ambrosia.jpg","contentUrl":"https:\/\/erboristeria-artemisia.ch\/wp-content\/uploads\/2025\/09\/Ambrosia.jpg","width":2000,"height":2000},{"@type":"BreadcrumbList","@id":"https:\/\/erboristeria-artemisia.ch\/de\/produkt\/ambrosia\/#breadcrumb","itemListElement":[{"@type":"ListItem","position":1,"name":"Home","item":"https:\/\/erboristeria-artemisia.ch\/de\/startseite\/"},{"@type":"ListItem","position":2,"name":"Shop4","item":"https:\/\/erboristeria-artemisia.ch\/shop4\/"},{"@type":"ListItem","position":3,"name":"Ambrosia"}]},{"@type":"WebSite","@id":"https:\/\/erboristeria-artemisia.ch\/de\/#website","url":"https:\/\/erboristeria-artemisia.ch\/de\/","name":"Erboristeria Artemisia","description":"Ogni sorso \u00e8 un momento per te","potentialAction":[{"@type":"SearchAction","target":{"@type":"EntryPoint","urlTemplate":"https:\/\/erboristeria-artemisia.ch\/de\/?s={search_term_string}"},"query-input":{"@type":"PropertyValueSpecification","valueRequired":true,"valueName":"search_term_string"}}],"inLanguage":"de"}]}},"_links":{"self":[{"href":"https:\/\/erboristeria-artemisia.ch\/de\/wp-json\/wp\/v2\/product\/30750","targetHints":{"allow":["GET"]}}],"collection":[{"href":"https:\/\/erboristeria-artemisia.ch\/de\/wp-json\/wp\/v2\/product"}],"about":[{"href":"https:\/\/erboristeria-artemisia.ch\/de\/wp-json\/wp\/v2\/types\/product"}],"wp:featuredmedia":[{"embeddable":true,"href":"https:\/\/erboristeria-artemisia.ch\/de\/wp-json\/wp\/v2\/media\/30622"}],"wp:attachment":[{"href":"https:\/\/erboristeria-artemisia.ch\/de\/wp-json\/wp\/v2\/media?parent=30750"}],"wp:term":[{"taxonomy":"product_brand","embeddable":true,"href":"https:\/\/erboristeria-artemisia.ch\/de\/wp-json\/wp\/v2\/product_brand?post=30750"},{"taxonomy":"product_cat","embeddable":true,"href":"https:\/\/erboristeria-artemisia.ch\/de\/wp-json\/wp\/v2\/product_cat?post=30750"},{"taxonomy":"product_tag","embeddable":true,"href":"https:\/\/erboristeria-artemisia.ch\/de\/wp-json\/wp\/v2\/product_tag?post=30750"}],"curies":[{"name":"wp","href":"https:\/\/api.w.org\/{rel}","templated":true}]}}