{"id":30752,"date":"2025-09-23T22:35:15","date_gmt":"2025-09-23T20:35:15","guid":{"rendered":"https:\/\/erboristeria-artemisia.ch\/product\/bernstein\/"},"modified":"2025-09-25T16:04:14","modified_gmt":"2025-09-25T14:04:14","slug":"bernstein","status":"publish","type":"product","link":"https:\/\/erboristeria-artemisia.ch\/de\/produkt\/bernstein\/","title":{"rendered":"Bernstein"},"content":{"rendered":"<h3 data-start=\"66\" data-end=\"119\"><strong data-start=\"70\" data-end=\"119\">Bernstein Weihrauch &#8211; 100% nat\u00fcrliche Inhaltsstoffe<\/strong><\/h3>\n<p data-start=\"121\" data-end=\"432\">H\u00fcllen Sie sich in die W\u00e4rme und Sinnlichkeit von<strong data-start=\"166\" data-end=\"175\">Amber<\/strong>, einem kostbaren und geheimnisvollen Duft, der reich an s\u00fc\u00dfen, harzigen und leicht w\u00fcrzigen Noten ist. Dieses nat\u00fcrliche R\u00e4ucherwerk ist perfekt, um eine intime und entspannende Atmosph\u00e4re zu schaffen, ideal f\u00fcr Momente der Meditation, der Entspannung oder um jeden Raum mit Eleganz zu parf\u00fcmieren. <\/p>\n<p data-start=\"434\" data-end=\"736\">\ud83c\udf3f <strong data-start=\"437\" data-end=\"453\">Zusammensetzung<\/strong>: Aus ausgew\u00e4hlten nat\u00fcrlichen Inhaltsstoffen, ohne synthetische Duftstoffe, Farbstoffe oder Chemikalien.<br data-start=\"559\" data-end=\"562\">\ud83d\udd25 <strong data-start=\"565\" data-end=\"574\">Aroma<\/strong>: Warm, s\u00fc\u00df, harzig und umh\u00fcllend, ein authentischer Duft, der die Sinne anregt und das Wohlbefinden f\u00f6rdert.<br data-start=\"682\" data-end=\"685\">\ud83d\udeab <strong data-start=\"688\" data-end=\"697\">Ohne<\/strong> k\u00fcnstliche Duftstoffe oder sch\u00e4dliche Zusatzstoffe.<\/p>\n<p data-start=\"738\" data-end=\"866\">\ud83d\udce6 <strong data-start=\"741\" data-end=\"754\">Inhalt<\/strong>: 10 St\u00e4bchen<br data-start=\"769\" data-end=\"772\">\ud83d\udccf <strong data-start=\"775\" data-end=\"788\">L\u00e4nge<\/strong>: je 20 cm<br data-start=\"804\" data-end=\"807\">\ud83d\udd25 <strong data-start=\"810\" data-end=\"834\">Brenndauer<\/strong>: ca. 30 Minuten pro St\u00e4bchen<\/p>\n<p data-start=\"868\" data-end=\"997\"><strong data-start=\"868\" data-end=\"997\">Ein nat\u00fcrliches R\u00e4ucherwerk f\u00fcr alle, die warme und raffinierte D\u00fcfte lieben, perfekt f\u00fcr jeden Moment der Ruhe und Besinnung.<\/strong><\/p>\n","protected":false},"excerpt":{"rendered":"<p>Bernstein Weihrauch &#8211; 100% nat\u00fcrliche Inhaltsstoffe H\u00fcllen Sie sich in die W\u00e4rme und Sinnlichkeit vonAmber, einem kostbaren und geheimnisvollen Duft, der reich an s\u00fc\u00dfen, harzigen und leicht w\u00fcrzigen Noten ist. Dieses nat\u00fcrliche R\u00e4ucherwerk ist perfekt, um eine intime und entspannende Atmosph\u00e4re zu schaffen, ideal f\u00fcr Momente der Meditation, der Entspannung oder um jeden Raum mit [&hellip;]<\/p>\n","protected":false},"featured_media":30626,"template":"","meta":{"_et_pb_use_builder":"","_et_pb_old_content":"","_et_gb_content_width":""},"product_brand":[],"product_cat":[86],"product_tag":[],"class_list":{"0":"post-30752","1":"product","2":"type-product","3":"status-publish","4":"has-post-thumbnail","6":"product_cat-essstabchen","8":"first","9":"instock","10":"shipping-taxable","11":"purchasable","12":"product-type-simple"},"yoast_head":"<!-- This site is optimized with the Yoast SEO plugin v27.4 - https:\/\/yoast.com\/product\/yoast-seo-wordpress\/ -->\n<title>Bernstein - Erboristeria Artemisia<\/title>\n<meta name=\"robots\" content=\"index, follow, max-snippet:-1, max-image-preview:large, max-video-preview:-1\" \/>\n<link rel=\"canonical\" href=\"https:\/\/erboristeria-artemisia.ch\/de\/produkt\/bernstein\/\" \/>\n<meta property=\"og:locale\" content=\"de_DE\" \/>\n<meta property=\"og:type\" content=\"article\" \/>\n<meta property=\"og:title\" content=\"Bernstein - Erboristeria Artemisia\" \/>\n<meta property=\"og:description\" content=\"Bernstein Weihrauch &#8211; 100% nat\u00fcrliche Inhaltsstoffe H\u00fcllen Sie sich in die W\u00e4rme und Sinnlichkeit vonAmber, einem kostbaren und geheimnisvollen Duft, der reich an s\u00fc\u00dfen, harzigen und leicht w\u00fcrzigen Noten ist. Dieses nat\u00fcrliche R\u00e4ucherwerk ist perfekt, um eine intime und entspannende Atmosph\u00e4re zu schaffen, ideal f\u00fcr Momente der Meditation, der Entspannung oder um jeden Raum mit [&hellip;]\" \/>\n<meta property=\"og:url\" content=\"https:\/\/erboristeria-artemisia.ch\/de\/produkt\/bernstein\/\" \/>\n<meta property=\"og:site_name\" content=\"Erboristeria Artemisia\" \/>\n<meta property=\"article:modified_time\" content=\"2025-09-25T14:04:14+00:00\" \/>\n<meta property=\"og:image\" content=\"https:\/\/erboristeria-artemisia.ch\/wp-content\/uploads\/2025\/09\/amber.jpg\" \/>\n\t<meta property=\"og:image:width\" content=\"2000\" \/>\n\t<meta property=\"og:image:height\" content=\"2000\" \/>\n\t<meta property=\"og:image:type\" content=\"image\/jpeg\" \/>\n<meta name=\"twitter:card\" content=\"summary_large_image\" \/>\n<meta name=\"twitter:label1\" content=\"Gesch\u00e4tzte Lesezeit\" \/>\n\t<meta name=\"twitter:data1\" content=\"1\u00a0Minute\" \/>\n<script type=\"application\/ld+json\" class=\"yoast-schema-graph\">{\"@context\":\"https:\\\/\\\/schema.org\",\"@graph\":[{\"@type\":\"WebPage\",\"@id\":\"https:\\\/\\\/erboristeria-artemisia.ch\\\/de\\\/produkt\\\/bernstein\\\/\",\"url\":\"https:\\\/\\\/erboristeria-artemisia.ch\\\/de\\\/produkt\\\/bernstein\\\/\",\"name\":\"Bernstein - Erboristeria Artemisia\",\"isPartOf\":{\"@id\":\"https:\\\/\\\/erboristeria-artemisia.ch\\\/de\\\/#website\"},\"primaryImageOfPage\":{\"@id\":\"https:\\\/\\\/erboristeria-artemisia.ch\\\/de\\\/produkt\\\/bernstein\\\/#primaryimage\"},\"image\":{\"@id\":\"https:\\\/\\\/erboristeria-artemisia.ch\\\/de\\\/produkt\\\/bernstein\\\/#primaryimage\"},\"thumbnailUrl\":\"https:\\\/\\\/erboristeria-artemisia.ch\\\/wp-content\\\/uploads\\\/2025\\\/09\\\/amber.jpg\",\"datePublished\":\"2025-09-23T20:35:15+00:00\",\"dateModified\":\"2025-09-25T14:04:14+00:00\",\"breadcrumb\":{\"@id\":\"https:\\\/\\\/erboristeria-artemisia.ch\\\/de\\\/produkt\\\/bernstein\\\/#breadcrumb\"},\"inLanguage\":\"de\",\"potentialAction\":[{\"@type\":\"ReadAction\",\"target\":[\"https:\\\/\\\/erboristeria-artemisia.ch\\\/de\\\/produkt\\\/bernstein\\\/\"]}]},{\"@type\":\"ImageObject\",\"inLanguage\":\"de\",\"@id\":\"https:\\\/\\\/erboristeria-artemisia.ch\\\/de\\\/produkt\\\/bernstein\\\/#primaryimage\",\"url\":\"https:\\\/\\\/erboristeria-artemisia.ch\\\/wp-content\\\/uploads\\\/2025\\\/09\\\/amber.jpg\",\"contentUrl\":\"https:\\\/\\\/erboristeria-artemisia.ch\\\/wp-content\\\/uploads\\\/2025\\\/09\\\/amber.jpg\",\"width\":2000,\"height\":2000},{\"@type\":\"BreadcrumbList\",\"@id\":\"https:\\\/\\\/erboristeria-artemisia.ch\\\/de\\\/produkt\\\/bernstein\\\/#breadcrumb\",\"itemListElement\":[{\"@type\":\"ListItem\",\"position\":1,\"name\":\"Home\",\"item\":\"https:\\\/\\\/erboristeria-artemisia.ch\\\/de\\\/startseite\\\/\"},{\"@type\":\"ListItem\",\"position\":2,\"name\":\"Shop4\",\"item\":\"https:\\\/\\\/erboristeria-artemisia.ch\\\/shop4\\\/\"},{\"@type\":\"ListItem\",\"position\":3,\"name\":\"Bernstein\"}]},{\"@type\":\"WebSite\",\"@id\":\"https:\\\/\\\/erboristeria-artemisia.ch\\\/de\\\/#website\",\"url\":\"https:\\\/\\\/erboristeria-artemisia.ch\\\/de\\\/\",\"name\":\"Erboristeria Artemisia\",\"description\":\"Ogni sorso \u00e8 un momento per te\",\"potentialAction\":[{\"@type\":\"SearchAction\",\"target\":{\"@type\":\"EntryPoint\",\"urlTemplate\":\"https:\\\/\\\/erboristeria-artemisia.ch\\\/de\\\/?s={search_term_string}\"},\"query-input\":{\"@type\":\"PropertyValueSpecification\",\"valueRequired\":true,\"valueName\":\"search_term_string\"}}],\"inLanguage\":\"de\"}]}<\/script>\n<!-- \/ Yoast SEO plugin. -->","yoast_head_json":{"title":"Bernstein - Erboristeria Artemisia","robots":{"index":"index","follow":"follow","max-snippet":"max-snippet:-1","max-image-preview":"max-image-preview:large","max-video-preview":"max-video-preview:-1"},"canonical":"https:\/\/erboristeria-artemisia.ch\/de\/produkt\/bernstein\/","og_locale":"de_DE","og_type":"article","og_title":"Bernstein - Erboristeria Artemisia","og_description":"Bernstein Weihrauch &#8211; 100% nat\u00fcrliche Inhaltsstoffe H\u00fcllen Sie sich in die W\u00e4rme und Sinnlichkeit vonAmber, einem kostbaren und geheimnisvollen Duft, der reich an s\u00fc\u00dfen, harzigen und leicht w\u00fcrzigen Noten ist. Dieses nat\u00fcrliche R\u00e4ucherwerk ist perfekt, um eine intime und entspannende Atmosph\u00e4re zu schaffen, ideal f\u00fcr Momente der Meditation, der Entspannung oder um jeden Raum mit [&hellip;]","og_url":"https:\/\/erboristeria-artemisia.ch\/de\/produkt\/bernstein\/","og_site_name":"Erboristeria Artemisia","article_modified_time":"2025-09-25T14:04:14+00:00","og_image":[{"width":2000,"height":2000,"url":"https:\/\/erboristeria-artemisia.ch\/wp-content\/uploads\/2025\/09\/amber.jpg","type":"image\/jpeg"}],"twitter_card":"summary_large_image","twitter_misc":{"Gesch\u00e4tzte Lesezeit":"1\u00a0Minute"},"schema":{"@context":"https:\/\/schema.org","@graph":[{"@type":"WebPage","@id":"https:\/\/erboristeria-artemisia.ch\/de\/produkt\/bernstein\/","url":"https:\/\/erboristeria-artemisia.ch\/de\/produkt\/bernstein\/","name":"Bernstein - Erboristeria Artemisia","isPartOf":{"@id":"https:\/\/erboristeria-artemisia.ch\/de\/#website"},"primaryImageOfPage":{"@id":"https:\/\/erboristeria-artemisia.ch\/de\/produkt\/bernstein\/#primaryimage"},"image":{"@id":"https:\/\/erboristeria-artemisia.ch\/de\/produkt\/bernstein\/#primaryimage"},"thumbnailUrl":"https:\/\/erboristeria-artemisia.ch\/wp-content\/uploads\/2025\/09\/amber.jpg","datePublished":"2025-09-23T20:35:15+00:00","dateModified":"2025-09-25T14:04:14+00:00","breadcrumb":{"@id":"https:\/\/erboristeria-artemisia.ch\/de\/produkt\/bernstein\/#breadcrumb"},"inLanguage":"de","potentialAction":[{"@type":"ReadAction","target":["https:\/\/erboristeria-artemisia.ch\/de\/produkt\/bernstein\/"]}]},{"@type":"ImageObject","inLanguage":"de","@id":"https:\/\/erboristeria-artemisia.ch\/de\/produkt\/bernstein\/#primaryimage","url":"https:\/\/erboristeria-artemisia.ch\/wp-content\/uploads\/2025\/09\/amber.jpg","contentUrl":"https:\/\/erboristeria-artemisia.ch\/wp-content\/uploads\/2025\/09\/amber.jpg","width":2000,"height":2000},{"@type":"BreadcrumbList","@id":"https:\/\/erboristeria-artemisia.ch\/de\/produkt\/bernstein\/#breadcrumb","itemListElement":[{"@type":"ListItem","position":1,"name":"Home","item":"https:\/\/erboristeria-artemisia.ch\/de\/startseite\/"},{"@type":"ListItem","position":2,"name":"Shop4","item":"https:\/\/erboristeria-artemisia.ch\/shop4\/"},{"@type":"ListItem","position":3,"name":"Bernstein"}]},{"@type":"WebSite","@id":"https:\/\/erboristeria-artemisia.ch\/de\/#website","url":"https:\/\/erboristeria-artemisia.ch\/de\/","name":"Erboristeria Artemisia","description":"Ogni sorso \u00e8 un momento per te","potentialAction":[{"@type":"SearchAction","target":{"@type":"EntryPoint","urlTemplate":"https:\/\/erboristeria-artemisia.ch\/de\/?s={search_term_string}"},"query-input":{"@type":"PropertyValueSpecification","valueRequired":true,"valueName":"search_term_string"}}],"inLanguage":"de"}]}},"_links":{"self":[{"href":"https:\/\/erboristeria-artemisia.ch\/de\/wp-json\/wp\/v2\/product\/30752","targetHints":{"allow":["GET"]}}],"collection":[{"href":"https:\/\/erboristeria-artemisia.ch\/de\/wp-json\/wp\/v2\/product"}],"about":[{"href":"https:\/\/erboristeria-artemisia.ch\/de\/wp-json\/wp\/v2\/types\/product"}],"wp:featuredmedia":[{"embeddable":true,"href":"https:\/\/erboristeria-artemisia.ch\/de\/wp-json\/wp\/v2\/media\/30626"}],"wp:attachment":[{"href":"https:\/\/erboristeria-artemisia.ch\/de\/wp-json\/wp\/v2\/media?parent=30752"}],"wp:term":[{"taxonomy":"product_brand","embeddable":true,"href":"https:\/\/erboristeria-artemisia.ch\/de\/wp-json\/wp\/v2\/product_brand?post=30752"},{"taxonomy":"product_cat","embeddable":true,"href":"https:\/\/erboristeria-artemisia.ch\/de\/wp-json\/wp\/v2\/product_cat?post=30752"},{"taxonomy":"product_tag","embeddable":true,"href":"https:\/\/erboristeria-artemisia.ch\/de\/wp-json\/wp\/v2\/product_tag?post=30752"}],"curies":[{"name":"wp","href":"https:\/\/api.w.org\/{rel}","templated":true}]}}