{"id":30753,"date":"2025-09-23T22:44:27","date_gmt":"2025-09-23T20:44:27","guid":{"rendered":"https:\/\/erboristeria-artemisia.ch\/product\/chakra-sortimente\/"},"modified":"2025-09-25T16:04:15","modified_gmt":"2025-09-25T14:04:15","slug":"chakra-sortimente","status":"publish","type":"product","link":"https:\/\/erboristeria-artemisia.ch\/de\/produkt\/chakra-sortimente\/","title":{"rendered":"Chakra-Sortimente"},"content":{"rendered":"<h3 data-start=\"92\" data-end=\"155\"><strong data-start=\"96\" data-end=\"155\">Chakra-R\u00e4ucherst\u00e4bchen-Sortiment &#8211; 100% nat\u00fcrliche Inhaltsstoffe<\/strong><\/h3>\n<p data-start=\"157\" data-end=\"381\">Bringen Sie K\u00f6rper, Geist und Seele in Einklang mit unserer Auswahl an R\u00e4ucherst\u00e4bchen, die den <strong data-start=\"240\" data-end=\"252\">7 Chakren<\/strong> gewidmet sind. Jedes dieser R\u00e4ucherst\u00e4bchen wurde entwickelt, um die Energiezentren Ihres K\u00f6rpers durch nat\u00fcrliche und ausgew\u00e4hlte D\u00fcfte zu stimulieren und auszugleichen.<\/p>\n<p data-start=\"383\" data-end=\"877\">\ud83c\udf3f <strong data-start=\"386\" data-end=\"402\">Zusammensetzung<\/strong>: Jedes R\u00e4ucherst\u00e4bchen wird aus 100% nat\u00fcrlichen Zutaten hergestellt, einschlie\u00dflich Harzen, Kr\u00e4utern und \u00e4therischen \u00d6len, ohne synthetische Duftstoffe, Farbstoffe oder Chemikalien.<br data-start=\"551\" data-end=\"554\">\ud83d\udd25 <strong data-start=\"557\" data-end=\"570\">D\u00fcfte<\/strong>: Eine Auswahl an D\u00fcften f\u00fcr jedes Chakra, von entspannendem Lavendel f\u00fcr das Kronenchakra \u00fcber warmes Sandelholz f\u00fcr das Wurzelchakra bis hin zu frischen Minznoten f\u00fcr das Herzchakra.<br data-start=\"775\" data-end=\"778\">\ud83c\udf08 <strong data-start=\"781\" data-end=\"793\">Nutzen<\/strong>: Ideal f\u00fcr Meditations\u00fcbungen, Yoga, Entspannung und Energiereinigung.<\/p>\n<p data-start=\"879\" data-end=\"1041\">\ud83d\udce6 <strong data-start=\"882\" data-end=\"895\">Inhalt<\/strong>: 2 St\u00e4bchen von jeder der 7 Chakra-Varianten, insgesamt 14<br data-start=\"938\" data-end=\"941\">\ud83d\udccf <strong data-start=\"944\" data-end=\"957\">L\u00e4nge<\/strong>: 20 cm pro St\u00e4bchen<br data-start=\"979\" data-end=\"982\">\ud83d\udd25 <strong data-start=\"985\" data-end=\"1009\">Brenndauer<\/strong>: ca. 30 Minuten pro St\u00e4bchen<\/p>\n<p data-start=\"1043\" data-end=\"1195\"><strong data-start=\"1043\" data-end=\"1195\">Ein komplettes Set, das Sie auf Ihrer Reise zum inneren Gleichgewicht begleitet, mit nat\u00fcrlichen und authentischen D\u00fcften, die Wohlbefinden und Harmonie f\u00f6rdern.<\/strong><\/p>\n","protected":false},"excerpt":{"rendered":"<p>Chakra-R\u00e4ucherst\u00e4bchen-Sortiment &#8211; 100% nat\u00fcrliche Inhaltsstoffe Bringen Sie K\u00f6rper, Geist und Seele in Einklang mit unserer Auswahl an R\u00e4ucherst\u00e4bchen, die den 7 Chakren gewidmet sind. Jedes dieser R\u00e4ucherst\u00e4bchen wurde entwickelt, um die Energiezentren Ihres K\u00f6rpers durch nat\u00fcrliche und ausgew\u00e4hlte D\u00fcfte zu stimulieren und auszugleichen. \ud83c\udf3f Zusammensetzung: Jedes R\u00e4ucherst\u00e4bchen wird aus 100% nat\u00fcrlichen Zutaten hergestellt, einschlie\u00dflich Harzen, [&hellip;]<\/p>\n","protected":false},"featured_media":30629,"template":"","meta":{"_et_pb_use_builder":"","_et_pb_old_content":"","_et_gb_content_width":""},"product_brand":[],"product_cat":[86],"product_tag":[],"class_list":{"0":"post-30753","1":"product","2":"type-product","3":"status-publish","4":"has-post-thumbnail","6":"product_cat-essstabchen","8":"first","9":"instock","10":"shipping-taxable","11":"purchasable","12":"product-type-simple"},"yoast_head":"<!-- This site is optimized with the Yoast SEO plugin v27.4 - https:\/\/yoast.com\/product\/yoast-seo-wordpress\/ -->\n<title>Chakra-Sortimente - Erboristeria Artemisia<\/title>\n<meta name=\"robots\" content=\"index, follow, max-snippet:-1, max-image-preview:large, max-video-preview:-1\" \/>\n<link rel=\"canonical\" href=\"https:\/\/erboristeria-artemisia.ch\/de\/produkt\/chakra-sortimente\/\" \/>\n<meta property=\"og:locale\" content=\"de_DE\" \/>\n<meta property=\"og:type\" content=\"article\" \/>\n<meta property=\"og:title\" content=\"Chakra-Sortimente - Erboristeria Artemisia\" \/>\n<meta property=\"og:description\" content=\"Chakra-R\u00e4ucherst\u00e4bchen-Sortiment &#8211; 100% nat\u00fcrliche Inhaltsstoffe Bringen Sie K\u00f6rper, Geist und Seele in Einklang mit unserer Auswahl an R\u00e4ucherst\u00e4bchen, die den 7 Chakren gewidmet sind. Jedes dieser R\u00e4ucherst\u00e4bchen wurde entwickelt, um die Energiezentren Ihres K\u00f6rpers durch nat\u00fcrliche und ausgew\u00e4hlte D\u00fcfte zu stimulieren und auszugleichen. \ud83c\udf3f Zusammensetzung: Jedes R\u00e4ucherst\u00e4bchen wird aus 100% nat\u00fcrlichen Zutaten hergestellt, einschlie\u00dflich Harzen, [&hellip;]\" \/>\n<meta property=\"og:url\" content=\"https:\/\/erboristeria-artemisia.ch\/de\/produkt\/chakra-sortimente\/\" \/>\n<meta property=\"og:site_name\" content=\"Erboristeria Artemisia\" \/>\n<meta property=\"article:modified_time\" content=\"2025-09-25T14:04:15+00:00\" \/>\n<meta property=\"og:image\" content=\"https:\/\/erboristeria-artemisia.ch\/wp-content\/uploads\/2025\/09\/Chakra-Sortiment.jpg\" \/>\n\t<meta property=\"og:image:width\" content=\"2000\" \/>\n\t<meta property=\"og:image:height\" content=\"2000\" \/>\n\t<meta property=\"og:image:type\" content=\"image\/jpeg\" \/>\n<meta name=\"twitter:card\" content=\"summary_large_image\" \/>\n<meta name=\"twitter:label1\" content=\"Gesch\u00e4tzte Lesezeit\" \/>\n\t<meta name=\"twitter:data1\" content=\"1\u00a0Minute\" \/>\n<script type=\"application\/ld+json\" class=\"yoast-schema-graph\">{\"@context\":\"https:\\\/\\\/schema.org\",\"@graph\":[{\"@type\":\"WebPage\",\"@id\":\"https:\\\/\\\/erboristeria-artemisia.ch\\\/de\\\/produkt\\\/chakra-sortimente\\\/\",\"url\":\"https:\\\/\\\/erboristeria-artemisia.ch\\\/de\\\/produkt\\\/chakra-sortimente\\\/\",\"name\":\"Chakra-Sortimente - Erboristeria Artemisia\",\"isPartOf\":{\"@id\":\"https:\\\/\\\/erboristeria-artemisia.ch\\\/de\\\/#website\"},\"primaryImageOfPage\":{\"@id\":\"https:\\\/\\\/erboristeria-artemisia.ch\\\/de\\\/produkt\\\/chakra-sortimente\\\/#primaryimage\"},\"image\":{\"@id\":\"https:\\\/\\\/erboristeria-artemisia.ch\\\/de\\\/produkt\\\/chakra-sortimente\\\/#primaryimage\"},\"thumbnailUrl\":\"https:\\\/\\\/erboristeria-artemisia.ch\\\/wp-content\\\/uploads\\\/2025\\\/09\\\/Chakra-Sortiment.jpg\",\"datePublished\":\"2025-09-23T20:44:27+00:00\",\"dateModified\":\"2025-09-25T14:04:15+00:00\",\"breadcrumb\":{\"@id\":\"https:\\\/\\\/erboristeria-artemisia.ch\\\/de\\\/produkt\\\/chakra-sortimente\\\/#breadcrumb\"},\"inLanguage\":\"de\",\"potentialAction\":[{\"@type\":\"ReadAction\",\"target\":[\"https:\\\/\\\/erboristeria-artemisia.ch\\\/de\\\/produkt\\\/chakra-sortimente\\\/\"]}]},{\"@type\":\"ImageObject\",\"inLanguage\":\"de\",\"@id\":\"https:\\\/\\\/erboristeria-artemisia.ch\\\/de\\\/produkt\\\/chakra-sortimente\\\/#primaryimage\",\"url\":\"https:\\\/\\\/erboristeria-artemisia.ch\\\/wp-content\\\/uploads\\\/2025\\\/09\\\/Chakra-Sortiment.jpg\",\"contentUrl\":\"https:\\\/\\\/erboristeria-artemisia.ch\\\/wp-content\\\/uploads\\\/2025\\\/09\\\/Chakra-Sortiment.jpg\",\"width\":2000,\"height\":2000},{\"@type\":\"BreadcrumbList\",\"@id\":\"https:\\\/\\\/erboristeria-artemisia.ch\\\/de\\\/produkt\\\/chakra-sortimente\\\/#breadcrumb\",\"itemListElement\":[{\"@type\":\"ListItem\",\"position\":1,\"name\":\"Home\",\"item\":\"https:\\\/\\\/erboristeria-artemisia.ch\\\/de\\\/startseite\\\/\"},{\"@type\":\"ListItem\",\"position\":2,\"name\":\"Shop4\",\"item\":\"https:\\\/\\\/erboristeria-artemisia.ch\\\/shop4\\\/\"},{\"@type\":\"ListItem\",\"position\":3,\"name\":\"Chakra-Sortimente\"}]},{\"@type\":\"WebSite\",\"@id\":\"https:\\\/\\\/erboristeria-artemisia.ch\\\/de\\\/#website\",\"url\":\"https:\\\/\\\/erboristeria-artemisia.ch\\\/de\\\/\",\"name\":\"Erboristeria Artemisia\",\"description\":\"Ogni sorso \u00e8 un momento per te\",\"potentialAction\":[{\"@type\":\"SearchAction\",\"target\":{\"@type\":\"EntryPoint\",\"urlTemplate\":\"https:\\\/\\\/erboristeria-artemisia.ch\\\/de\\\/?s={search_term_string}\"},\"query-input\":{\"@type\":\"PropertyValueSpecification\",\"valueRequired\":true,\"valueName\":\"search_term_string\"}}],\"inLanguage\":\"de\"}]}<\/script>\n<!-- \/ Yoast SEO plugin. -->","yoast_head_json":{"title":"Chakra-Sortimente - Erboristeria Artemisia","robots":{"index":"index","follow":"follow","max-snippet":"max-snippet:-1","max-image-preview":"max-image-preview:large","max-video-preview":"max-video-preview:-1"},"canonical":"https:\/\/erboristeria-artemisia.ch\/de\/produkt\/chakra-sortimente\/","og_locale":"de_DE","og_type":"article","og_title":"Chakra-Sortimente - Erboristeria Artemisia","og_description":"Chakra-R\u00e4ucherst\u00e4bchen-Sortiment &#8211; 100% nat\u00fcrliche Inhaltsstoffe Bringen Sie K\u00f6rper, Geist und Seele in Einklang mit unserer Auswahl an R\u00e4ucherst\u00e4bchen, die den 7 Chakren gewidmet sind. Jedes dieser R\u00e4ucherst\u00e4bchen wurde entwickelt, um die Energiezentren Ihres K\u00f6rpers durch nat\u00fcrliche und ausgew\u00e4hlte D\u00fcfte zu stimulieren und auszugleichen. \ud83c\udf3f Zusammensetzung: Jedes R\u00e4ucherst\u00e4bchen wird aus 100% nat\u00fcrlichen Zutaten hergestellt, einschlie\u00dflich Harzen, [&hellip;]","og_url":"https:\/\/erboristeria-artemisia.ch\/de\/produkt\/chakra-sortimente\/","og_site_name":"Erboristeria Artemisia","article_modified_time":"2025-09-25T14:04:15+00:00","og_image":[{"width":2000,"height":2000,"url":"https:\/\/erboristeria-artemisia.ch\/wp-content\/uploads\/2025\/09\/Chakra-Sortiment.jpg","type":"image\/jpeg"}],"twitter_card":"summary_large_image","twitter_misc":{"Gesch\u00e4tzte Lesezeit":"1\u00a0Minute"},"schema":{"@context":"https:\/\/schema.org","@graph":[{"@type":"WebPage","@id":"https:\/\/erboristeria-artemisia.ch\/de\/produkt\/chakra-sortimente\/","url":"https:\/\/erboristeria-artemisia.ch\/de\/produkt\/chakra-sortimente\/","name":"Chakra-Sortimente - Erboristeria Artemisia","isPartOf":{"@id":"https:\/\/erboristeria-artemisia.ch\/de\/#website"},"primaryImageOfPage":{"@id":"https:\/\/erboristeria-artemisia.ch\/de\/produkt\/chakra-sortimente\/#primaryimage"},"image":{"@id":"https:\/\/erboristeria-artemisia.ch\/de\/produkt\/chakra-sortimente\/#primaryimage"},"thumbnailUrl":"https:\/\/erboristeria-artemisia.ch\/wp-content\/uploads\/2025\/09\/Chakra-Sortiment.jpg","datePublished":"2025-09-23T20:44:27+00:00","dateModified":"2025-09-25T14:04:15+00:00","breadcrumb":{"@id":"https:\/\/erboristeria-artemisia.ch\/de\/produkt\/chakra-sortimente\/#breadcrumb"},"inLanguage":"de","potentialAction":[{"@type":"ReadAction","target":["https:\/\/erboristeria-artemisia.ch\/de\/produkt\/chakra-sortimente\/"]}]},{"@type":"ImageObject","inLanguage":"de","@id":"https:\/\/erboristeria-artemisia.ch\/de\/produkt\/chakra-sortimente\/#primaryimage","url":"https:\/\/erboristeria-artemisia.ch\/wp-content\/uploads\/2025\/09\/Chakra-Sortiment.jpg","contentUrl":"https:\/\/erboristeria-artemisia.ch\/wp-content\/uploads\/2025\/09\/Chakra-Sortiment.jpg","width":2000,"height":2000},{"@type":"BreadcrumbList","@id":"https:\/\/erboristeria-artemisia.ch\/de\/produkt\/chakra-sortimente\/#breadcrumb","itemListElement":[{"@type":"ListItem","position":1,"name":"Home","item":"https:\/\/erboristeria-artemisia.ch\/de\/startseite\/"},{"@type":"ListItem","position":2,"name":"Shop4","item":"https:\/\/erboristeria-artemisia.ch\/shop4\/"},{"@type":"ListItem","position":3,"name":"Chakra-Sortimente"}]},{"@type":"WebSite","@id":"https:\/\/erboristeria-artemisia.ch\/de\/#website","url":"https:\/\/erboristeria-artemisia.ch\/de\/","name":"Erboristeria Artemisia","description":"Ogni sorso \u00e8 un momento per te","potentialAction":[{"@type":"SearchAction","target":{"@type":"EntryPoint","urlTemplate":"https:\/\/erboristeria-artemisia.ch\/de\/?s={search_term_string}"},"query-input":{"@type":"PropertyValueSpecification","valueRequired":true,"valueName":"search_term_string"}}],"inLanguage":"de"}]}},"_links":{"self":[{"href":"https:\/\/erboristeria-artemisia.ch\/de\/wp-json\/wp\/v2\/product\/30753","targetHints":{"allow":["GET"]}}],"collection":[{"href":"https:\/\/erboristeria-artemisia.ch\/de\/wp-json\/wp\/v2\/product"}],"about":[{"href":"https:\/\/erboristeria-artemisia.ch\/de\/wp-json\/wp\/v2\/types\/product"}],"wp:featuredmedia":[{"embeddable":true,"href":"https:\/\/erboristeria-artemisia.ch\/de\/wp-json\/wp\/v2\/media\/30629"}],"wp:attachment":[{"href":"https:\/\/erboristeria-artemisia.ch\/de\/wp-json\/wp\/v2\/media?parent=30753"}],"wp:term":[{"taxonomy":"product_brand","embeddable":true,"href":"https:\/\/erboristeria-artemisia.ch\/de\/wp-json\/wp\/v2\/product_brand?post=30753"},{"taxonomy":"product_cat","embeddable":true,"href":"https:\/\/erboristeria-artemisia.ch\/de\/wp-json\/wp\/v2\/product_cat?post=30753"},{"taxonomy":"product_tag","embeddable":true,"href":"https:\/\/erboristeria-artemisia.ch\/de\/wp-json\/wp\/v2\/product_tag?post=30753"}],"curies":[{"name":"wp","href":"https:\/\/api.w.org\/{rel}","templated":true}]}}