{"id":30754,"date":"2025-09-23T22:47:05","date_gmt":"2025-09-23T20:47:05","guid":{"rendered":"https:\/\/erboristeria-artemisia.ch\/product\/moos\/"},"modified":"2025-09-25T16:04:16","modified_gmt":"2025-09-25T14:04:16","slug":"moos","status":"publish","type":"product","link":"https:\/\/erboristeria-artemisia.ch\/de\/produkt\/moos\/","title":{"rendered":"Moos"},"content":{"rendered":"<h3 data-start=\"67\" data-end=\"121\"><strong data-start=\"71\" data-end=\"121\">Moschus-Weihrauch &#8211; 100% nat\u00fcrliche Zutaten<\/strong><\/h3>\n<p data-start=\"123\" data-end=\"415\">Verbinden Sie sich wieder mit der Erde durch den tiefen, umh\u00fcllenden Duft von <strong data-start=\"209\" data-end=\"220\">Moschus<\/strong>, der f\u00fcr seine entspannende und verwurzelnde Wirkung bekannt ist. Dieses nat\u00fcrliche R\u00e4ucherwerk ist ideal, um eine ruhige, intime und sch\u00fctzende Atmosph\u00e4re zu schaffen, perfekt f\u00fcr Meditation oder Momente der inneren Stille. <\/p>\n<p data-start=\"417\" data-end=\"745\">\ud83c\udf3f <strong data-start=\"420\" data-end=\"436\">Zusammensetzung<\/strong>: Aus ausgew\u00e4hlten nat\u00fcrlichen Inhaltsstoffen, einschlie\u00dflich Pflanzenextrakten und Harzen, ohne synthetische Duftstoffe, Farbstoffe oder Chemikalien.<br data-start=\"578\" data-end=\"581\">\ud83d\udd25 <strong data-start=\"584\" data-end=\"593\">Aroma<\/strong>: Erdig, feucht und leicht s\u00fc\u00dflich, mit holzigen und gr\u00fcnen Untert\u00f6nen, die an Unterholz erinnern.<br data-start=\"690\" data-end=\"693\">\ud83d\udeab <strong data-start=\"696\" data-end=\"705\">Ohne<\/strong> k\u00fcnstliche Zusatzstoffe oder sch\u00e4dliche Substanzen.<\/p>\n<p data-start=\"747\" data-end=\"875\">\ud83d\udce6 <strong data-start=\"750\" data-end=\"763\">Inhalt<\/strong>: 10 St\u00e4bchen<br data-start=\"778\" data-end=\"781\">\ud83d\udccf <strong data-start=\"784\" data-end=\"797\">L\u00e4nge<\/strong>: je 20 cm<br data-start=\"813\" data-end=\"816\">\ud83d\udd25 <strong data-start=\"819\" data-end=\"843\">Brenndauer<\/strong>: ca. 30 Minuten pro St\u00e4bchen<\/p>\n<p data-start=\"877\" data-end=\"1012\"><strong data-start=\"877\" data-end=\"1012\">Ein nat\u00fcrliches R\u00e4ucherwerk f\u00fcr alle, die tiefe, meditative D\u00fcfte suchen, die Erdung und tiefe Entspannung f\u00f6rdern.<\/strong><\/p>\n","protected":false},"excerpt":{"rendered":"<p>Moschus-Weihrauch &#8211; 100% nat\u00fcrliche Zutaten Verbinden Sie sich wieder mit der Erde durch den tiefen, umh\u00fcllenden Duft von Moschus, der f\u00fcr seine entspannende und verwurzelnde Wirkung bekannt ist. Dieses nat\u00fcrliche R\u00e4ucherwerk ist ideal, um eine ruhige, intime und sch\u00fctzende Atmosph\u00e4re zu schaffen, perfekt f\u00fcr Meditation oder Momente der inneren Stille. \ud83c\udf3f Zusammensetzung: Aus ausgew\u00e4hlten nat\u00fcrlichen [&hellip;]<\/p>\n","protected":false},"featured_media":30632,"template":"","meta":{"_et_pb_use_builder":"","_et_pb_old_content":"","_et_gb_content_width":""},"product_brand":[],"product_cat":[86],"product_tag":[],"class_list":{"0":"post-30754","1":"product","2":"type-product","3":"status-publish","4":"has-post-thumbnail","6":"product_cat-essstabchen","8":"first","9":"instock","10":"shipping-taxable","11":"purchasable","12":"product-type-simple"},"yoast_head":"<!-- This site is optimized with the Yoast SEO plugin v27.4 - https:\/\/yoast.com\/product\/yoast-seo-wordpress\/ -->\n<title>Moos - Erboristeria Artemisia<\/title>\n<meta name=\"robots\" content=\"index, follow, max-snippet:-1, max-image-preview:large, max-video-preview:-1\" \/>\n<link rel=\"canonical\" href=\"https:\/\/erboristeria-artemisia.ch\/de\/produkt\/moos\/\" \/>\n<meta property=\"og:locale\" content=\"de_DE\" \/>\n<meta property=\"og:type\" content=\"article\" \/>\n<meta property=\"og:title\" content=\"Moos - Erboristeria Artemisia\" \/>\n<meta property=\"og:description\" content=\"Moschus-Weihrauch &#8211; 100% nat\u00fcrliche Zutaten Verbinden Sie sich wieder mit der Erde durch den tiefen, umh\u00fcllenden Duft von Moschus, der f\u00fcr seine entspannende und verwurzelnde Wirkung bekannt ist. Dieses nat\u00fcrliche R\u00e4ucherwerk ist ideal, um eine ruhige, intime und sch\u00fctzende Atmosph\u00e4re zu schaffen, perfekt f\u00fcr Meditation oder Momente der inneren Stille. \ud83c\udf3f Zusammensetzung: Aus ausgew\u00e4hlten nat\u00fcrlichen [&hellip;]\" \/>\n<meta property=\"og:url\" content=\"https:\/\/erboristeria-artemisia.ch\/de\/produkt\/moos\/\" \/>\n<meta property=\"og:site_name\" content=\"Erboristeria Artemisia\" \/>\n<meta property=\"article:modified_time\" content=\"2025-09-25T14:04:16+00:00\" \/>\n<meta property=\"og:image\" content=\"https:\/\/erboristeria-artemisia.ch\/wp-content\/uploads\/2025\/09\/Musk.jpg\" \/>\n\t<meta property=\"og:image:width\" content=\"2000\" \/>\n\t<meta property=\"og:image:height\" content=\"2000\" \/>\n\t<meta property=\"og:image:type\" content=\"image\/jpeg\" \/>\n<meta name=\"twitter:card\" content=\"summary_large_image\" \/>\n<meta name=\"twitter:label1\" content=\"Gesch\u00e4tzte Lesezeit\" \/>\n\t<meta name=\"twitter:data1\" content=\"1\u00a0Minute\" \/>\n<script type=\"application\/ld+json\" class=\"yoast-schema-graph\">{\"@context\":\"https:\\\/\\\/schema.org\",\"@graph\":[{\"@type\":\"WebPage\",\"@id\":\"https:\\\/\\\/erboristeria-artemisia.ch\\\/de\\\/produkt\\\/moos\\\/\",\"url\":\"https:\\\/\\\/erboristeria-artemisia.ch\\\/de\\\/produkt\\\/moos\\\/\",\"name\":\"Moos - Erboristeria Artemisia\",\"isPartOf\":{\"@id\":\"https:\\\/\\\/erboristeria-artemisia.ch\\\/de\\\/#website\"},\"primaryImageOfPage\":{\"@id\":\"https:\\\/\\\/erboristeria-artemisia.ch\\\/de\\\/produkt\\\/moos\\\/#primaryimage\"},\"image\":{\"@id\":\"https:\\\/\\\/erboristeria-artemisia.ch\\\/de\\\/produkt\\\/moos\\\/#primaryimage\"},\"thumbnailUrl\":\"https:\\\/\\\/erboristeria-artemisia.ch\\\/wp-content\\\/uploads\\\/2025\\\/09\\\/Musk.jpg\",\"datePublished\":\"2025-09-23T20:47:05+00:00\",\"dateModified\":\"2025-09-25T14:04:16+00:00\",\"breadcrumb\":{\"@id\":\"https:\\\/\\\/erboristeria-artemisia.ch\\\/de\\\/produkt\\\/moos\\\/#breadcrumb\"},\"inLanguage\":\"de\",\"potentialAction\":[{\"@type\":\"ReadAction\",\"target\":[\"https:\\\/\\\/erboristeria-artemisia.ch\\\/de\\\/produkt\\\/moos\\\/\"]}]},{\"@type\":\"ImageObject\",\"inLanguage\":\"de\",\"@id\":\"https:\\\/\\\/erboristeria-artemisia.ch\\\/de\\\/produkt\\\/moos\\\/#primaryimage\",\"url\":\"https:\\\/\\\/erboristeria-artemisia.ch\\\/wp-content\\\/uploads\\\/2025\\\/09\\\/Musk.jpg\",\"contentUrl\":\"https:\\\/\\\/erboristeria-artemisia.ch\\\/wp-content\\\/uploads\\\/2025\\\/09\\\/Musk.jpg\",\"width\":2000,\"height\":2000},{\"@type\":\"BreadcrumbList\",\"@id\":\"https:\\\/\\\/erboristeria-artemisia.ch\\\/de\\\/produkt\\\/moos\\\/#breadcrumb\",\"itemListElement\":[{\"@type\":\"ListItem\",\"position\":1,\"name\":\"Home\",\"item\":\"https:\\\/\\\/erboristeria-artemisia.ch\\\/de\\\/startseite\\\/\"},{\"@type\":\"ListItem\",\"position\":2,\"name\":\"Shop4\",\"item\":\"https:\\\/\\\/erboristeria-artemisia.ch\\\/shop4\\\/\"},{\"@type\":\"ListItem\",\"position\":3,\"name\":\"Moos\"}]},{\"@type\":\"WebSite\",\"@id\":\"https:\\\/\\\/erboristeria-artemisia.ch\\\/de\\\/#website\",\"url\":\"https:\\\/\\\/erboristeria-artemisia.ch\\\/de\\\/\",\"name\":\"Erboristeria Artemisia\",\"description\":\"Ogni sorso \u00e8 un momento per te\",\"potentialAction\":[{\"@type\":\"SearchAction\",\"target\":{\"@type\":\"EntryPoint\",\"urlTemplate\":\"https:\\\/\\\/erboristeria-artemisia.ch\\\/de\\\/?s={search_term_string}\"},\"query-input\":{\"@type\":\"PropertyValueSpecification\",\"valueRequired\":true,\"valueName\":\"search_term_string\"}}],\"inLanguage\":\"de\"}]}<\/script>\n<!-- \/ Yoast SEO plugin. -->","yoast_head_json":{"title":"Moos - Erboristeria Artemisia","robots":{"index":"index","follow":"follow","max-snippet":"max-snippet:-1","max-image-preview":"max-image-preview:large","max-video-preview":"max-video-preview:-1"},"canonical":"https:\/\/erboristeria-artemisia.ch\/de\/produkt\/moos\/","og_locale":"de_DE","og_type":"article","og_title":"Moos - Erboristeria Artemisia","og_description":"Moschus-Weihrauch &#8211; 100% nat\u00fcrliche Zutaten Verbinden Sie sich wieder mit der Erde durch den tiefen, umh\u00fcllenden Duft von Moschus, der f\u00fcr seine entspannende und verwurzelnde Wirkung bekannt ist. Dieses nat\u00fcrliche R\u00e4ucherwerk ist ideal, um eine ruhige, intime und sch\u00fctzende Atmosph\u00e4re zu schaffen, perfekt f\u00fcr Meditation oder Momente der inneren Stille. \ud83c\udf3f Zusammensetzung: Aus ausgew\u00e4hlten nat\u00fcrlichen [&hellip;]","og_url":"https:\/\/erboristeria-artemisia.ch\/de\/produkt\/moos\/","og_site_name":"Erboristeria Artemisia","article_modified_time":"2025-09-25T14:04:16+00:00","og_image":[{"width":2000,"height":2000,"url":"https:\/\/erboristeria-artemisia.ch\/wp-content\/uploads\/2025\/09\/Musk.jpg","type":"image\/jpeg"}],"twitter_card":"summary_large_image","twitter_misc":{"Gesch\u00e4tzte Lesezeit":"1\u00a0Minute"},"schema":{"@context":"https:\/\/schema.org","@graph":[{"@type":"WebPage","@id":"https:\/\/erboristeria-artemisia.ch\/de\/produkt\/moos\/","url":"https:\/\/erboristeria-artemisia.ch\/de\/produkt\/moos\/","name":"Moos - Erboristeria Artemisia","isPartOf":{"@id":"https:\/\/erboristeria-artemisia.ch\/de\/#website"},"primaryImageOfPage":{"@id":"https:\/\/erboristeria-artemisia.ch\/de\/produkt\/moos\/#primaryimage"},"image":{"@id":"https:\/\/erboristeria-artemisia.ch\/de\/produkt\/moos\/#primaryimage"},"thumbnailUrl":"https:\/\/erboristeria-artemisia.ch\/wp-content\/uploads\/2025\/09\/Musk.jpg","datePublished":"2025-09-23T20:47:05+00:00","dateModified":"2025-09-25T14:04:16+00:00","breadcrumb":{"@id":"https:\/\/erboristeria-artemisia.ch\/de\/produkt\/moos\/#breadcrumb"},"inLanguage":"de","potentialAction":[{"@type":"ReadAction","target":["https:\/\/erboristeria-artemisia.ch\/de\/produkt\/moos\/"]}]},{"@type":"ImageObject","inLanguage":"de","@id":"https:\/\/erboristeria-artemisia.ch\/de\/produkt\/moos\/#primaryimage","url":"https:\/\/erboristeria-artemisia.ch\/wp-content\/uploads\/2025\/09\/Musk.jpg","contentUrl":"https:\/\/erboristeria-artemisia.ch\/wp-content\/uploads\/2025\/09\/Musk.jpg","width":2000,"height":2000},{"@type":"BreadcrumbList","@id":"https:\/\/erboristeria-artemisia.ch\/de\/produkt\/moos\/#breadcrumb","itemListElement":[{"@type":"ListItem","position":1,"name":"Home","item":"https:\/\/erboristeria-artemisia.ch\/de\/startseite\/"},{"@type":"ListItem","position":2,"name":"Shop4","item":"https:\/\/erboristeria-artemisia.ch\/shop4\/"},{"@type":"ListItem","position":3,"name":"Moos"}]},{"@type":"WebSite","@id":"https:\/\/erboristeria-artemisia.ch\/de\/#website","url":"https:\/\/erboristeria-artemisia.ch\/de\/","name":"Erboristeria Artemisia","description":"Ogni sorso \u00e8 un momento per te","potentialAction":[{"@type":"SearchAction","target":{"@type":"EntryPoint","urlTemplate":"https:\/\/erboristeria-artemisia.ch\/de\/?s={search_term_string}"},"query-input":{"@type":"PropertyValueSpecification","valueRequired":true,"valueName":"search_term_string"}}],"inLanguage":"de"}]}},"_links":{"self":[{"href":"https:\/\/erboristeria-artemisia.ch\/de\/wp-json\/wp\/v2\/product\/30754","targetHints":{"allow":["GET"]}}],"collection":[{"href":"https:\/\/erboristeria-artemisia.ch\/de\/wp-json\/wp\/v2\/product"}],"about":[{"href":"https:\/\/erboristeria-artemisia.ch\/de\/wp-json\/wp\/v2\/types\/product"}],"wp:featuredmedia":[{"embeddable":true,"href":"https:\/\/erboristeria-artemisia.ch\/de\/wp-json\/wp\/v2\/media\/30632"}],"wp:attachment":[{"href":"https:\/\/erboristeria-artemisia.ch\/de\/wp-json\/wp\/v2\/media?parent=30754"}],"wp:term":[{"taxonomy":"product_brand","embeddable":true,"href":"https:\/\/erboristeria-artemisia.ch\/de\/wp-json\/wp\/v2\/product_brand?post=30754"},{"taxonomy":"product_cat","embeddable":true,"href":"https:\/\/erboristeria-artemisia.ch\/de\/wp-json\/wp\/v2\/product_cat?post=30754"},{"taxonomy":"product_tag","embeddable":true,"href":"https:\/\/erboristeria-artemisia.ch\/de\/wp-json\/wp\/v2\/product_tag?post=30754"}],"curies":[{"name":"wp","href":"https:\/\/api.w.org\/{rel}","templated":true}]}}