{"id":30755,"date":"2025-09-23T22:48:48","date_gmt":"2025-09-23T20:48:48","guid":{"rendered":"https:\/\/erboristeria-artemisia.ch\/product\/myrrhe\/"},"modified":"2025-09-25T16:04:16","modified_gmt":"2025-09-25T14:04:16","slug":"myrrhe","status":"publish","type":"product","link":"https:\/\/erboristeria-artemisia.ch\/de\/produkt\/myrrhe\/","title":{"rendered":"Myrrhe"},"content":{"rendered":"<h3 data-start=\"130\" data-end=\"184\"><strong data-start=\"134\" data-end=\"184\">Myrrhe Weihrauch &#8211; 100% nat\u00fcrliche Inhaltsstoffe<\/strong><\/h3>\n<p data-start=\"186\" data-end=\"466\">Entdecken Sie die spirituelle und reinigende Kraft der <strong data-start=\"233\" data-end=\"242\">Myrrhe<\/strong>, ein heiliges Harz, das seit der Antike in Meditations-, Heil- und Schutzritualen verwendet wird. Sein warmer, balsamischer und leicht w\u00fcrziger Duft tr\u00e4gt dazu bei, eine Atmosph\u00e4re der Besinnung und inneren Harmonie zu schaffen. <\/p>\n<p data-start=\"468\" data-end=\"820\">\ud83c\udf3f <strong data-start=\"471\" data-end=\"487\">Zusammensetzung<\/strong>: Hergestellt aus 100% nat\u00fcrlichen Zutaten, basierend auf Harzen und pflanzlichen Bestandteilen, ohne synthetische Duftstoffe, Farbstoffe oder Chemikalien.<br data-start=\"626\" data-end=\"629\">\ud83d\udd25 <strong data-start=\"632\" data-end=\"641\">Aroma<\/strong>: Intensiv, harzig und mystisch &#8211; ideal f\u00fcr Meditation, energetische Reinigung und Momente der inneren Stille.<br data-start=\"762\" data-end=\"765\">\ud83d\udeab <strong data-start=\"768\" data-end=\"777\">Ohne<\/strong> k\u00fcnstliche Zus\u00e4tze oder sch\u00e4dliche Inhaltsstoffe.<\/p>\n<p data-start=\"822\" data-end=\"950\">\ud83d\udce6 <strong data-start=\"825\" data-end=\"838\">Inhalt<\/strong>: 10 St\u00e4bchen<br data-start=\"853\" data-end=\"856\">\ud83d\udccf <strong data-start=\"859\" data-end=\"872\">L\u00e4nge<\/strong>: je 20 cm<br data-start=\"888\" data-end=\"891\">\ud83d\udd25 <strong data-start=\"894\" data-end=\"918\">Brenndauer<\/strong>: ca. 30 Minuten pro St\u00e4bchen<\/p>\n<p data-start=\"952\" data-end=\"1109\"><strong data-start=\"952\" data-end=\"1109\">Ein nat\u00fcrliches und zeitloses R\u00e4ucherwerk f\u00fcr alle, die sich spirituellen Praktiken, tiefer Meditation und energieausgleichenden Ritualen n\u00e4hern m\u00f6chten.<\/strong><\/p>\n","protected":false},"excerpt":{"rendered":"<p>Myrrhe Weihrauch &#8211; 100% nat\u00fcrliche Inhaltsstoffe Entdecken Sie die spirituelle und reinigende Kraft der Myrrhe, ein heiliges Harz, das seit der Antike in Meditations-, Heil- und Schutzritualen verwendet wird. Sein warmer, balsamischer und leicht w\u00fcrziger Duft tr\u00e4gt dazu bei, eine Atmosph\u00e4re der Besinnung und inneren Harmonie zu schaffen. \ud83c\udf3f Zusammensetzung: Hergestellt aus 100% nat\u00fcrlichen Zutaten, [&hellip;]<\/p>\n","protected":false},"featured_media":30635,"template":"","meta":{"_et_pb_use_builder":"","_et_pb_old_content":"","_et_gb_content_width":""},"product_brand":[],"product_cat":[86],"product_tag":[],"class_list":{"0":"post-30755","1":"product","2":"type-product","3":"status-publish","4":"has-post-thumbnail","6":"product_cat-essstabchen","8":"first","9":"instock","10":"shipping-taxable","11":"purchasable","12":"product-type-simple"},"yoast_head":"<!-- This site is optimized with the Yoast SEO plugin v27.4 - https:\/\/yoast.com\/product\/yoast-seo-wordpress\/ -->\n<title>Myrrhe - Erboristeria Artemisia<\/title>\n<meta name=\"robots\" content=\"index, follow, max-snippet:-1, max-image-preview:large, max-video-preview:-1\" \/>\n<link rel=\"canonical\" href=\"https:\/\/erboristeria-artemisia.ch\/de\/produkt\/myrrhe\/\" \/>\n<meta property=\"og:locale\" content=\"de_DE\" \/>\n<meta property=\"og:type\" content=\"article\" \/>\n<meta property=\"og:title\" content=\"Myrrhe - Erboristeria Artemisia\" \/>\n<meta property=\"og:description\" content=\"Myrrhe Weihrauch &#8211; 100% nat\u00fcrliche Inhaltsstoffe Entdecken Sie die spirituelle und reinigende Kraft der Myrrhe, ein heiliges Harz, das seit der Antike in Meditations-, Heil- und Schutzritualen verwendet wird. Sein warmer, balsamischer und leicht w\u00fcrziger Duft tr\u00e4gt dazu bei, eine Atmosph\u00e4re der Besinnung und inneren Harmonie zu schaffen. \ud83c\udf3f Zusammensetzung: Hergestellt aus 100% nat\u00fcrlichen Zutaten, [&hellip;]\" \/>\n<meta property=\"og:url\" content=\"https:\/\/erboristeria-artemisia.ch\/de\/produkt\/myrrhe\/\" \/>\n<meta property=\"og:site_name\" content=\"Erboristeria Artemisia\" \/>\n<meta property=\"article:modified_time\" content=\"2025-09-25T14:04:16+00:00\" \/>\n<meta property=\"og:image\" content=\"https:\/\/erboristeria-artemisia.ch\/wp-content\/uploads\/2025\/09\/Myrrh.jpg\" \/>\n\t<meta property=\"og:image:width\" content=\"2000\" \/>\n\t<meta property=\"og:image:height\" content=\"2000\" \/>\n\t<meta property=\"og:image:type\" content=\"image\/jpeg\" \/>\n<meta name=\"twitter:card\" content=\"summary_large_image\" \/>\n<meta name=\"twitter:label1\" content=\"Gesch\u00e4tzte Lesezeit\" \/>\n\t<meta name=\"twitter:data1\" content=\"1\u00a0Minute\" \/>\n<script type=\"application\/ld+json\" class=\"yoast-schema-graph\">{\"@context\":\"https:\\\/\\\/schema.org\",\"@graph\":[{\"@type\":\"WebPage\",\"@id\":\"https:\\\/\\\/erboristeria-artemisia.ch\\\/de\\\/produkt\\\/myrrhe\\\/\",\"url\":\"https:\\\/\\\/erboristeria-artemisia.ch\\\/de\\\/produkt\\\/myrrhe\\\/\",\"name\":\"Myrrhe - Erboristeria Artemisia\",\"isPartOf\":{\"@id\":\"https:\\\/\\\/erboristeria-artemisia.ch\\\/de\\\/#website\"},\"primaryImageOfPage\":{\"@id\":\"https:\\\/\\\/erboristeria-artemisia.ch\\\/de\\\/produkt\\\/myrrhe\\\/#primaryimage\"},\"image\":{\"@id\":\"https:\\\/\\\/erboristeria-artemisia.ch\\\/de\\\/produkt\\\/myrrhe\\\/#primaryimage\"},\"thumbnailUrl\":\"https:\\\/\\\/erboristeria-artemisia.ch\\\/wp-content\\\/uploads\\\/2025\\\/09\\\/Myrrh.jpg\",\"datePublished\":\"2025-09-23T20:48:48+00:00\",\"dateModified\":\"2025-09-25T14:04:16+00:00\",\"breadcrumb\":{\"@id\":\"https:\\\/\\\/erboristeria-artemisia.ch\\\/de\\\/produkt\\\/myrrhe\\\/#breadcrumb\"},\"inLanguage\":\"de\",\"potentialAction\":[{\"@type\":\"ReadAction\",\"target\":[\"https:\\\/\\\/erboristeria-artemisia.ch\\\/de\\\/produkt\\\/myrrhe\\\/\"]}]},{\"@type\":\"ImageObject\",\"inLanguage\":\"de\",\"@id\":\"https:\\\/\\\/erboristeria-artemisia.ch\\\/de\\\/produkt\\\/myrrhe\\\/#primaryimage\",\"url\":\"https:\\\/\\\/erboristeria-artemisia.ch\\\/wp-content\\\/uploads\\\/2025\\\/09\\\/Myrrh.jpg\",\"contentUrl\":\"https:\\\/\\\/erboristeria-artemisia.ch\\\/wp-content\\\/uploads\\\/2025\\\/09\\\/Myrrh.jpg\",\"width\":2000,\"height\":2000},{\"@type\":\"BreadcrumbList\",\"@id\":\"https:\\\/\\\/erboristeria-artemisia.ch\\\/de\\\/produkt\\\/myrrhe\\\/#breadcrumb\",\"itemListElement\":[{\"@type\":\"ListItem\",\"position\":1,\"name\":\"Home\",\"item\":\"https:\\\/\\\/erboristeria-artemisia.ch\\\/de\\\/startseite\\\/\"},{\"@type\":\"ListItem\",\"position\":2,\"name\":\"Shop4\",\"item\":\"https:\\\/\\\/erboristeria-artemisia.ch\\\/shop4\\\/\"},{\"@type\":\"ListItem\",\"position\":3,\"name\":\"Myrrhe\"}]},{\"@type\":\"WebSite\",\"@id\":\"https:\\\/\\\/erboristeria-artemisia.ch\\\/de\\\/#website\",\"url\":\"https:\\\/\\\/erboristeria-artemisia.ch\\\/de\\\/\",\"name\":\"Erboristeria Artemisia\",\"description\":\"Ogni sorso \u00e8 un momento per te\",\"potentialAction\":[{\"@type\":\"SearchAction\",\"target\":{\"@type\":\"EntryPoint\",\"urlTemplate\":\"https:\\\/\\\/erboristeria-artemisia.ch\\\/de\\\/?s={search_term_string}\"},\"query-input\":{\"@type\":\"PropertyValueSpecification\",\"valueRequired\":true,\"valueName\":\"search_term_string\"}}],\"inLanguage\":\"de\"}]}<\/script>\n<!-- \/ Yoast SEO plugin. -->","yoast_head_json":{"title":"Myrrhe - Erboristeria Artemisia","robots":{"index":"index","follow":"follow","max-snippet":"max-snippet:-1","max-image-preview":"max-image-preview:large","max-video-preview":"max-video-preview:-1"},"canonical":"https:\/\/erboristeria-artemisia.ch\/de\/produkt\/myrrhe\/","og_locale":"de_DE","og_type":"article","og_title":"Myrrhe - Erboristeria Artemisia","og_description":"Myrrhe Weihrauch &#8211; 100% nat\u00fcrliche Inhaltsstoffe Entdecken Sie die spirituelle und reinigende Kraft der Myrrhe, ein heiliges Harz, das seit der Antike in Meditations-, Heil- und Schutzritualen verwendet wird. Sein warmer, balsamischer und leicht w\u00fcrziger Duft tr\u00e4gt dazu bei, eine Atmosph\u00e4re der Besinnung und inneren Harmonie zu schaffen. \ud83c\udf3f Zusammensetzung: Hergestellt aus 100% nat\u00fcrlichen Zutaten, [&hellip;]","og_url":"https:\/\/erboristeria-artemisia.ch\/de\/produkt\/myrrhe\/","og_site_name":"Erboristeria Artemisia","article_modified_time":"2025-09-25T14:04:16+00:00","og_image":[{"width":2000,"height":2000,"url":"https:\/\/erboristeria-artemisia.ch\/wp-content\/uploads\/2025\/09\/Myrrh.jpg","type":"image\/jpeg"}],"twitter_card":"summary_large_image","twitter_misc":{"Gesch\u00e4tzte Lesezeit":"1\u00a0Minute"},"schema":{"@context":"https:\/\/schema.org","@graph":[{"@type":"WebPage","@id":"https:\/\/erboristeria-artemisia.ch\/de\/produkt\/myrrhe\/","url":"https:\/\/erboristeria-artemisia.ch\/de\/produkt\/myrrhe\/","name":"Myrrhe - Erboristeria Artemisia","isPartOf":{"@id":"https:\/\/erboristeria-artemisia.ch\/de\/#website"},"primaryImageOfPage":{"@id":"https:\/\/erboristeria-artemisia.ch\/de\/produkt\/myrrhe\/#primaryimage"},"image":{"@id":"https:\/\/erboristeria-artemisia.ch\/de\/produkt\/myrrhe\/#primaryimage"},"thumbnailUrl":"https:\/\/erboristeria-artemisia.ch\/wp-content\/uploads\/2025\/09\/Myrrh.jpg","datePublished":"2025-09-23T20:48:48+00:00","dateModified":"2025-09-25T14:04:16+00:00","breadcrumb":{"@id":"https:\/\/erboristeria-artemisia.ch\/de\/produkt\/myrrhe\/#breadcrumb"},"inLanguage":"de","potentialAction":[{"@type":"ReadAction","target":["https:\/\/erboristeria-artemisia.ch\/de\/produkt\/myrrhe\/"]}]},{"@type":"ImageObject","inLanguage":"de","@id":"https:\/\/erboristeria-artemisia.ch\/de\/produkt\/myrrhe\/#primaryimage","url":"https:\/\/erboristeria-artemisia.ch\/wp-content\/uploads\/2025\/09\/Myrrh.jpg","contentUrl":"https:\/\/erboristeria-artemisia.ch\/wp-content\/uploads\/2025\/09\/Myrrh.jpg","width":2000,"height":2000},{"@type":"BreadcrumbList","@id":"https:\/\/erboristeria-artemisia.ch\/de\/produkt\/myrrhe\/#breadcrumb","itemListElement":[{"@type":"ListItem","position":1,"name":"Home","item":"https:\/\/erboristeria-artemisia.ch\/de\/startseite\/"},{"@type":"ListItem","position":2,"name":"Shop4","item":"https:\/\/erboristeria-artemisia.ch\/shop4\/"},{"@type":"ListItem","position":3,"name":"Myrrhe"}]},{"@type":"WebSite","@id":"https:\/\/erboristeria-artemisia.ch\/de\/#website","url":"https:\/\/erboristeria-artemisia.ch\/de\/","name":"Erboristeria Artemisia","description":"Ogni sorso \u00e8 un momento per te","potentialAction":[{"@type":"SearchAction","target":{"@type":"EntryPoint","urlTemplate":"https:\/\/erboristeria-artemisia.ch\/de\/?s={search_term_string}"},"query-input":{"@type":"PropertyValueSpecification","valueRequired":true,"valueName":"search_term_string"}}],"inLanguage":"de"}]}},"_links":{"self":[{"href":"https:\/\/erboristeria-artemisia.ch\/de\/wp-json\/wp\/v2\/product\/30755","targetHints":{"allow":["GET"]}}],"collection":[{"href":"https:\/\/erboristeria-artemisia.ch\/de\/wp-json\/wp\/v2\/product"}],"about":[{"href":"https:\/\/erboristeria-artemisia.ch\/de\/wp-json\/wp\/v2\/types\/product"}],"wp:featuredmedia":[{"embeddable":true,"href":"https:\/\/erboristeria-artemisia.ch\/de\/wp-json\/wp\/v2\/media\/30635"}],"wp:attachment":[{"href":"https:\/\/erboristeria-artemisia.ch\/de\/wp-json\/wp\/v2\/media?parent=30755"}],"wp:term":[{"taxonomy":"product_brand","embeddable":true,"href":"https:\/\/erboristeria-artemisia.ch\/de\/wp-json\/wp\/v2\/product_brand?post=30755"},{"taxonomy":"product_cat","embeddable":true,"href":"https:\/\/erboristeria-artemisia.ch\/de\/wp-json\/wp\/v2\/product_cat?post=30755"},{"taxonomy":"product_tag","embeddable":true,"href":"https:\/\/erboristeria-artemisia.ch\/de\/wp-json\/wp\/v2\/product_tag?post=30755"}],"curies":[{"name":"wp","href":"https:\/\/api.w.org\/{rel}","templated":true}]}}