{"id":30776,"date":"2025-09-11T19:51:35","date_gmt":"2025-09-11T17:51:35","guid":{"rendered":"https:\/\/erboristeria-artemisia.ch\/product\/japan-kabusecha-bio100g\/"},"modified":"2025-09-25T16:24:39","modified_gmt":"2025-09-25T14:24:39","slug":"japan-kabusecha-bio100g","status":"publish","type":"product","link":"https:\/\/erboristeria-artemisia.ch\/de\/produkt\/japan-kabusecha-bio100g\/","title":{"rendered":"Japan Kabusecha (Bio)100g"},"content":{"rendered":"<ul>\n<li>&#8222;Kabuse&#8220; bedeutet w\u00f6rtlich \u00fcbersetzt &#8222;bedeckt&#8220;. Die Beschattung erh\u00f6ht den Chlorophyllgehalt und die Feuchtigkeit in den Bl\u00e4ttern, was zu einem s\u00fc\u00dferen und weniger adstringierenden Geschmack als beim traditionellen Sencha f\u00fchrt. <\/li>\n<li>Aussehen: dunkelgr\u00fcne, eng verschlungene Bl\u00e4tter; Aufg\u00fcsse mit hellgr\u00fcner oder goldener Fl\u00fcssigkeit.<\/li>\n<li>Geschmack: reichhaltig, s\u00fc\u00df, mit frischen pflanzlichen Noten und einem leichten krautigen Nachgeschmack; weniger bitter und weicher als unget\u00f6nter Sencha.<\/li>\n<li>Aufguss: typischerweise 60-70\u00b0C, kurze Zeit (30-60 Sekunden), um die S\u00fc\u00dfe zu erhalten und Bitterkeit zu vermeiden.<\/li>\n<\/ul>\n","protected":false},"excerpt":{"rendered":"<p>&#8222;Kabuse&#8220; bedeutet w\u00f6rtlich \u00fcbersetzt &#8222;bedeckt&#8220;. Die Beschattung erh\u00f6ht den Chlorophyllgehalt und die Feuchtigkeit in den Bl\u00e4ttern, was zu einem s\u00fc\u00dferen und weniger adstringierenden Geschmack als beim traditionellen Sencha f\u00fchrt. Aussehen: dunkelgr\u00fcne, eng verschlungene Bl\u00e4tter; Aufg\u00fcsse mit hellgr\u00fcner oder goldener Fl\u00fcssigkeit. Geschmack: reichhaltig, s\u00fc\u00df, mit frischen pflanzlichen Noten und einem leichten krautigen Nachgeschmack; weniger bitter und [&hellip;]<\/p>\n","protected":false},"featured_media":30430,"template":"","meta":{"_et_pb_use_builder":"","_et_pb_old_content":"","_et_gb_content_width":""},"product_brand":[],"product_cat":[90],"product_tag":[],"class_list":{"0":"post-30776","1":"product","2":"type-product","3":"status-publish","4":"has-post-thumbnail","6":"product_cat-japanischer-tee","8":"first","9":"instock","10":"shipping-taxable","11":"purchasable","12":"product-type-simple"},"yoast_head":"<!-- This site is optimized with the Yoast SEO plugin v27.4 - https:\/\/yoast.com\/product\/yoast-seo-wordpress\/ -->\n<title>Japan Kabusecha (Bio)100g - Erboristeria Artemisia<\/title>\n<meta name=\"robots\" content=\"index, follow, max-snippet:-1, max-image-preview:large, max-video-preview:-1\" \/>\n<link rel=\"canonical\" href=\"https:\/\/erboristeria-artemisia.ch\/de\/produkt\/japan-kabusecha-bio100g\/\" \/>\n<meta property=\"og:locale\" content=\"de_DE\" \/>\n<meta property=\"og:type\" content=\"article\" \/>\n<meta property=\"og:title\" content=\"Japan Kabusecha (Bio)100g - Erboristeria Artemisia\" \/>\n<meta property=\"og:description\" content=\"&#8222;Kabuse&#8220; bedeutet w\u00f6rtlich \u00fcbersetzt &#8222;bedeckt&#8220;. Die Beschattung erh\u00f6ht den Chlorophyllgehalt und die Feuchtigkeit in den Bl\u00e4ttern, was zu einem s\u00fc\u00dferen und weniger adstringierenden Geschmack als beim traditionellen Sencha f\u00fchrt. Aussehen: dunkelgr\u00fcne, eng verschlungene Bl\u00e4tter; Aufg\u00fcsse mit hellgr\u00fcner oder goldener Fl\u00fcssigkeit. Geschmack: reichhaltig, s\u00fc\u00df, mit frischen pflanzlichen Noten und einem leichten krautigen Nachgeschmack; weniger bitter und [&hellip;]\" \/>\n<meta property=\"og:url\" content=\"https:\/\/erboristeria-artemisia.ch\/de\/produkt\/japan-kabusecha-bio100g\/\" \/>\n<meta property=\"og:site_name\" content=\"Erboristeria Artemisia\" \/>\n<meta property=\"article:modified_time\" content=\"2025-09-25T14:24:39+00:00\" \/>\n<meta property=\"og:image\" content=\"https:\/\/erboristeria-artemisia.ch\/wp-content\/uploads\/2025\/09\/Japan-Kbusecha.jpg\" \/>\n\t<meta property=\"og:image:width\" content=\"1600\" \/>\n\t<meta property=\"og:image:height\" content=\"1600\" \/>\n\t<meta property=\"og:image:type\" content=\"image\/jpeg\" \/>\n<meta name=\"twitter:card\" content=\"summary_large_image\" \/>\n<script type=\"application\/ld+json\" class=\"yoast-schema-graph\">{\"@context\":\"https:\\\/\\\/schema.org\",\"@graph\":[{\"@type\":\"WebPage\",\"@id\":\"https:\\\/\\\/erboristeria-artemisia.ch\\\/de\\\/produkt\\\/japan-kabusecha-bio100g\\\/\",\"url\":\"https:\\\/\\\/erboristeria-artemisia.ch\\\/de\\\/produkt\\\/japan-kabusecha-bio100g\\\/\",\"name\":\"Japan Kabusecha (Bio)100g - Erboristeria Artemisia\",\"isPartOf\":{\"@id\":\"https:\\\/\\\/erboristeria-artemisia.ch\\\/de\\\/#website\"},\"primaryImageOfPage\":{\"@id\":\"https:\\\/\\\/erboristeria-artemisia.ch\\\/de\\\/produkt\\\/japan-kabusecha-bio100g\\\/#primaryimage\"},\"image\":{\"@id\":\"https:\\\/\\\/erboristeria-artemisia.ch\\\/de\\\/produkt\\\/japan-kabusecha-bio100g\\\/#primaryimage\"},\"thumbnailUrl\":\"https:\\\/\\\/erboristeria-artemisia.ch\\\/wp-content\\\/uploads\\\/2025\\\/09\\\/Japan-Kbusecha.jpg\",\"datePublished\":\"2025-09-11T17:51:35+00:00\",\"dateModified\":\"2025-09-25T14:24:39+00:00\",\"breadcrumb\":{\"@id\":\"https:\\\/\\\/erboristeria-artemisia.ch\\\/de\\\/produkt\\\/japan-kabusecha-bio100g\\\/#breadcrumb\"},\"inLanguage\":\"de\",\"potentialAction\":[{\"@type\":\"ReadAction\",\"target\":[\"https:\\\/\\\/erboristeria-artemisia.ch\\\/de\\\/produkt\\\/japan-kabusecha-bio100g\\\/\"]}]},{\"@type\":\"ImageObject\",\"inLanguage\":\"de\",\"@id\":\"https:\\\/\\\/erboristeria-artemisia.ch\\\/de\\\/produkt\\\/japan-kabusecha-bio100g\\\/#primaryimage\",\"url\":\"https:\\\/\\\/erboristeria-artemisia.ch\\\/wp-content\\\/uploads\\\/2025\\\/09\\\/Japan-Kbusecha.jpg\",\"contentUrl\":\"https:\\\/\\\/erboristeria-artemisia.ch\\\/wp-content\\\/uploads\\\/2025\\\/09\\\/Japan-Kbusecha.jpg\",\"width\":1600,\"height\":1600},{\"@type\":\"BreadcrumbList\",\"@id\":\"https:\\\/\\\/erboristeria-artemisia.ch\\\/de\\\/produkt\\\/japan-kabusecha-bio100g\\\/#breadcrumb\",\"itemListElement\":[{\"@type\":\"ListItem\",\"position\":1,\"name\":\"Home\",\"item\":\"https:\\\/\\\/erboristeria-artemisia.ch\\\/de\\\/startseite\\\/\"},{\"@type\":\"ListItem\",\"position\":2,\"name\":\"Shop4\",\"item\":\"https:\\\/\\\/erboristeria-artemisia.ch\\\/shop4\\\/\"},{\"@type\":\"ListItem\",\"position\":3,\"name\":\"Japan Kabusecha (Bio)100g\"}]},{\"@type\":\"WebSite\",\"@id\":\"https:\\\/\\\/erboristeria-artemisia.ch\\\/de\\\/#website\",\"url\":\"https:\\\/\\\/erboristeria-artemisia.ch\\\/de\\\/\",\"name\":\"Erboristeria Artemisia\",\"description\":\"Ogni sorso \u00e8 un momento per te\",\"potentialAction\":[{\"@type\":\"SearchAction\",\"target\":{\"@type\":\"EntryPoint\",\"urlTemplate\":\"https:\\\/\\\/erboristeria-artemisia.ch\\\/de\\\/?s={search_term_string}\"},\"query-input\":{\"@type\":\"PropertyValueSpecification\",\"valueRequired\":true,\"valueName\":\"search_term_string\"}}],\"inLanguage\":\"de\"}]}<\/script>\n<!-- \/ Yoast SEO plugin. -->","yoast_head_json":{"title":"Japan Kabusecha (Bio)100g - Erboristeria Artemisia","robots":{"index":"index","follow":"follow","max-snippet":"max-snippet:-1","max-image-preview":"max-image-preview:large","max-video-preview":"max-video-preview:-1"},"canonical":"https:\/\/erboristeria-artemisia.ch\/de\/produkt\/japan-kabusecha-bio100g\/","og_locale":"de_DE","og_type":"article","og_title":"Japan Kabusecha (Bio)100g - Erboristeria Artemisia","og_description":"&#8222;Kabuse&#8220; bedeutet w\u00f6rtlich \u00fcbersetzt &#8222;bedeckt&#8220;. Die Beschattung erh\u00f6ht den Chlorophyllgehalt und die Feuchtigkeit in den Bl\u00e4ttern, was zu einem s\u00fc\u00dferen und weniger adstringierenden Geschmack als beim traditionellen Sencha f\u00fchrt. Aussehen: dunkelgr\u00fcne, eng verschlungene Bl\u00e4tter; Aufg\u00fcsse mit hellgr\u00fcner oder goldener Fl\u00fcssigkeit. Geschmack: reichhaltig, s\u00fc\u00df, mit frischen pflanzlichen Noten und einem leichten krautigen Nachgeschmack; weniger bitter und [&hellip;]","og_url":"https:\/\/erboristeria-artemisia.ch\/de\/produkt\/japan-kabusecha-bio100g\/","og_site_name":"Erboristeria Artemisia","article_modified_time":"2025-09-25T14:24:39+00:00","og_image":[{"width":1600,"height":1600,"url":"https:\/\/erboristeria-artemisia.ch\/wp-content\/uploads\/2025\/09\/Japan-Kbusecha.jpg","type":"image\/jpeg"}],"twitter_card":"summary_large_image","schema":{"@context":"https:\/\/schema.org","@graph":[{"@type":"WebPage","@id":"https:\/\/erboristeria-artemisia.ch\/de\/produkt\/japan-kabusecha-bio100g\/","url":"https:\/\/erboristeria-artemisia.ch\/de\/produkt\/japan-kabusecha-bio100g\/","name":"Japan Kabusecha (Bio)100g - Erboristeria Artemisia","isPartOf":{"@id":"https:\/\/erboristeria-artemisia.ch\/de\/#website"},"primaryImageOfPage":{"@id":"https:\/\/erboristeria-artemisia.ch\/de\/produkt\/japan-kabusecha-bio100g\/#primaryimage"},"image":{"@id":"https:\/\/erboristeria-artemisia.ch\/de\/produkt\/japan-kabusecha-bio100g\/#primaryimage"},"thumbnailUrl":"https:\/\/erboristeria-artemisia.ch\/wp-content\/uploads\/2025\/09\/Japan-Kbusecha.jpg","datePublished":"2025-09-11T17:51:35+00:00","dateModified":"2025-09-25T14:24:39+00:00","breadcrumb":{"@id":"https:\/\/erboristeria-artemisia.ch\/de\/produkt\/japan-kabusecha-bio100g\/#breadcrumb"},"inLanguage":"de","potentialAction":[{"@type":"ReadAction","target":["https:\/\/erboristeria-artemisia.ch\/de\/produkt\/japan-kabusecha-bio100g\/"]}]},{"@type":"ImageObject","inLanguage":"de","@id":"https:\/\/erboristeria-artemisia.ch\/de\/produkt\/japan-kabusecha-bio100g\/#primaryimage","url":"https:\/\/erboristeria-artemisia.ch\/wp-content\/uploads\/2025\/09\/Japan-Kbusecha.jpg","contentUrl":"https:\/\/erboristeria-artemisia.ch\/wp-content\/uploads\/2025\/09\/Japan-Kbusecha.jpg","width":1600,"height":1600},{"@type":"BreadcrumbList","@id":"https:\/\/erboristeria-artemisia.ch\/de\/produkt\/japan-kabusecha-bio100g\/#breadcrumb","itemListElement":[{"@type":"ListItem","position":1,"name":"Home","item":"https:\/\/erboristeria-artemisia.ch\/de\/startseite\/"},{"@type":"ListItem","position":2,"name":"Shop4","item":"https:\/\/erboristeria-artemisia.ch\/shop4\/"},{"@type":"ListItem","position":3,"name":"Japan Kabusecha (Bio)100g"}]},{"@type":"WebSite","@id":"https:\/\/erboristeria-artemisia.ch\/de\/#website","url":"https:\/\/erboristeria-artemisia.ch\/de\/","name":"Erboristeria Artemisia","description":"Ogni sorso \u00e8 un momento per te","potentialAction":[{"@type":"SearchAction","target":{"@type":"EntryPoint","urlTemplate":"https:\/\/erboristeria-artemisia.ch\/de\/?s={search_term_string}"},"query-input":{"@type":"PropertyValueSpecification","valueRequired":true,"valueName":"search_term_string"}}],"inLanguage":"de"}]}},"_links":{"self":[{"href":"https:\/\/erboristeria-artemisia.ch\/de\/wp-json\/wp\/v2\/product\/30776","targetHints":{"allow":["GET"]}}],"collection":[{"href":"https:\/\/erboristeria-artemisia.ch\/de\/wp-json\/wp\/v2\/product"}],"about":[{"href":"https:\/\/erboristeria-artemisia.ch\/de\/wp-json\/wp\/v2\/types\/product"}],"wp:featuredmedia":[{"embeddable":true,"href":"https:\/\/erboristeria-artemisia.ch\/de\/wp-json\/wp\/v2\/media\/30430"}],"wp:attachment":[{"href":"https:\/\/erboristeria-artemisia.ch\/de\/wp-json\/wp\/v2\/media?parent=30776"}],"wp:term":[{"taxonomy":"product_brand","embeddable":true,"href":"https:\/\/erboristeria-artemisia.ch\/de\/wp-json\/wp\/v2\/product_brand?post=30776"},{"taxonomy":"product_cat","embeddable":true,"href":"https:\/\/erboristeria-artemisia.ch\/de\/wp-json\/wp\/v2\/product_cat?post=30776"},{"taxonomy":"product_tag","embeddable":true,"href":"https:\/\/erboristeria-artemisia.ch\/de\/wp-json\/wp\/v2\/product_tag?post=30776"}],"curies":[{"name":"wp","href":"https:\/\/api.w.org\/{rel}","templated":true}]}}