{"id":30777,"date":"2025-09-11T20:06:16","date_gmt":"2025-09-11T18:06:16","guid":{"rendered":"https:\/\/erboristeria-artemisia.ch\/product\/kukicha-moegi-natuerlich100g\/"},"modified":"2025-09-25T16:24:39","modified_gmt":"2025-09-25T14:24:39","slug":"kukicha-moegi-natuerlich100g","status":"publish","type":"product","link":"https:\/\/erboristeria-artemisia.ch\/de\/produkt\/kukicha-moegi-natuerlich100g\/","title":{"rendered":"Kukicha Moegi (Nat\u00fcrlich)100g"},"content":{"rendered":"<p>Kukicha Moegi ist eine Variante von Kukicha (St\u00e4ngeltee), die sich durch einen frischen, jungen gr\u00fcnen Farbton auszeichnet, oft mit einem Hauch von Chlorophyll und einem leichten, sauberen Gef\u00fchl. Hier ist eine allgemeine Beschreibung: <\/p>\n<ul>\n<li>Herkunft: Japan; Kukicha wird aus den St\u00e4ngeln und d\u00fcnnen Zweigen der Teepflanze hergestellt, Moegi bezeichnet einen hellen oder jungen gr\u00fcnen Farbton.<\/li>\n<li>Verarbeitung: typische Kukicha-Verarbeitung mit einer Mischung aus Zweig- und jungem Blattgewebe; der Moegi-Farbton suggeriert einen frischen gr\u00fcnen Schimmer.<\/li>\n<li>Erscheinungsbild: leicht robuste, hellgr\u00fcne St\u00e4ngelf\u00e4den mit einer samtigen, gl\u00e4nzenden Note; Spuren von Bl\u00e4ttchen, die einen t\u00fcrkisgr\u00fcnen Farbton ergeben.<\/li>\n<li>Aufguss: in der Regel bei etwa 80-85\u00b0C f\u00fcr 40-60 Sekunden; kann 2-3 leichte Aufg\u00fcsse bieten.<\/li>\n<li>Geschmack: delikat, aber pr\u00e4sent, mit krautiger S\u00fc\u00dfe, gr\u00fcner Kalziumnote und einer leichten cremigen S\u00fc\u00dfe; sauberer Drink ohne \u00fcberm\u00e4\u00dfige Adstringenz.<\/li>\n<\/ul>\n","protected":false},"excerpt":{"rendered":"<p>Kukicha Moegi ist eine Variante von Kukicha (St\u00e4ngeltee), die sich durch einen frischen, jungen gr\u00fcnen Farbton auszeichnet, oft mit einem Hauch von Chlorophyll und einem leichten, sauberen Gef\u00fchl. Hier ist eine allgemeine Beschreibung: Herkunft: Japan; Kukicha wird aus den St\u00e4ngeln und d\u00fcnnen Zweigen der Teepflanze hergestellt, Moegi bezeichnet einen hellen oder jungen gr\u00fcnen Farbton. Verarbeitung: [&hellip;]<\/p>\n","protected":false},"featured_media":30420,"template":"","meta":{"_et_pb_use_builder":"","_et_pb_old_content":"","_et_gb_content_width":""},"product_brand":[],"product_cat":[90],"product_tag":[],"class_list":{"0":"post-30777","1":"product","2":"type-product","3":"status-publish","4":"has-post-thumbnail","6":"product_cat-japanischer-tee","8":"first","9":"instock","10":"shipping-taxable","11":"purchasable","12":"product-type-simple"},"yoast_head":"<!-- This site is optimized with the Yoast SEO plugin v27.4 - https:\/\/yoast.com\/product\/yoast-seo-wordpress\/ -->\n<title>Kukicha Moegi (Nat\u00fcrlich)100g - Erboristeria Artemisia<\/title>\n<meta name=\"robots\" content=\"index, follow, max-snippet:-1, max-image-preview:large, max-video-preview:-1\" \/>\n<link rel=\"canonical\" href=\"https:\/\/erboristeria-artemisia.ch\/de\/produkt\/kukicha-moegi-natuerlich100g\/\" \/>\n<meta property=\"og:locale\" content=\"de_DE\" \/>\n<meta property=\"og:type\" content=\"article\" \/>\n<meta property=\"og:title\" content=\"Kukicha Moegi (Nat\u00fcrlich)100g - Erboristeria Artemisia\" \/>\n<meta property=\"og:description\" content=\"Kukicha Moegi ist eine Variante von Kukicha (St\u00e4ngeltee), die sich durch einen frischen, jungen gr\u00fcnen Farbton auszeichnet, oft mit einem Hauch von Chlorophyll und einem leichten, sauberen Gef\u00fchl. Hier ist eine allgemeine Beschreibung: Herkunft: Japan; Kukicha wird aus den St\u00e4ngeln und d\u00fcnnen Zweigen der Teepflanze hergestellt, Moegi bezeichnet einen hellen oder jungen gr\u00fcnen Farbton. Verarbeitung: [&hellip;]\" \/>\n<meta property=\"og:url\" content=\"https:\/\/erboristeria-artemisia.ch\/de\/produkt\/kukicha-moegi-natuerlich100g\/\" \/>\n<meta property=\"og:site_name\" content=\"Erboristeria Artemisia\" \/>\n<meta property=\"article:modified_time\" content=\"2025-09-25T14:24:39+00:00\" \/>\n<meta property=\"og:image\" content=\"https:\/\/erboristeria-artemisia.ch\/wp-content\/uploads\/2025\/09\/Kukicha-Moegi.jpg\" \/>\n\t<meta property=\"og:image:width\" content=\"1600\" \/>\n\t<meta property=\"og:image:height\" content=\"1600\" \/>\n\t<meta property=\"og:image:type\" content=\"image\/jpeg\" \/>\n<meta name=\"twitter:card\" content=\"summary_large_image\" \/>\n<meta name=\"twitter:label1\" content=\"Gesch\u00e4tzte Lesezeit\" \/>\n\t<meta name=\"twitter:data1\" content=\"1\u00a0Minute\" \/>\n<script type=\"application\/ld+json\" class=\"yoast-schema-graph\">{\"@context\":\"https:\\\/\\\/schema.org\",\"@graph\":[{\"@type\":\"WebPage\",\"@id\":\"https:\\\/\\\/erboristeria-artemisia.ch\\\/de\\\/produkt\\\/kukicha-moegi-natuerlich100g\\\/\",\"url\":\"https:\\\/\\\/erboristeria-artemisia.ch\\\/de\\\/produkt\\\/kukicha-moegi-natuerlich100g\\\/\",\"name\":\"Kukicha Moegi (Nat\u00fcrlich)100g - Erboristeria Artemisia\",\"isPartOf\":{\"@id\":\"https:\\\/\\\/erboristeria-artemisia.ch\\\/de\\\/#website\"},\"primaryImageOfPage\":{\"@id\":\"https:\\\/\\\/erboristeria-artemisia.ch\\\/de\\\/produkt\\\/kukicha-moegi-natuerlich100g\\\/#primaryimage\"},\"image\":{\"@id\":\"https:\\\/\\\/erboristeria-artemisia.ch\\\/de\\\/produkt\\\/kukicha-moegi-natuerlich100g\\\/#primaryimage\"},\"thumbnailUrl\":\"https:\\\/\\\/erboristeria-artemisia.ch\\\/wp-content\\\/uploads\\\/2025\\\/09\\\/Kukicha-Moegi.jpg\",\"datePublished\":\"2025-09-11T18:06:16+00:00\",\"dateModified\":\"2025-09-25T14:24:39+00:00\",\"breadcrumb\":{\"@id\":\"https:\\\/\\\/erboristeria-artemisia.ch\\\/de\\\/produkt\\\/kukicha-moegi-natuerlich100g\\\/#breadcrumb\"},\"inLanguage\":\"de\",\"potentialAction\":[{\"@type\":\"ReadAction\",\"target\":[\"https:\\\/\\\/erboristeria-artemisia.ch\\\/de\\\/produkt\\\/kukicha-moegi-natuerlich100g\\\/\"]}]},{\"@type\":\"ImageObject\",\"inLanguage\":\"de\",\"@id\":\"https:\\\/\\\/erboristeria-artemisia.ch\\\/de\\\/produkt\\\/kukicha-moegi-natuerlich100g\\\/#primaryimage\",\"url\":\"https:\\\/\\\/erboristeria-artemisia.ch\\\/wp-content\\\/uploads\\\/2025\\\/09\\\/Kukicha-Moegi.jpg\",\"contentUrl\":\"https:\\\/\\\/erboristeria-artemisia.ch\\\/wp-content\\\/uploads\\\/2025\\\/09\\\/Kukicha-Moegi.jpg\",\"width\":1600,\"height\":1600},{\"@type\":\"BreadcrumbList\",\"@id\":\"https:\\\/\\\/erboristeria-artemisia.ch\\\/de\\\/produkt\\\/kukicha-moegi-natuerlich100g\\\/#breadcrumb\",\"itemListElement\":[{\"@type\":\"ListItem\",\"position\":1,\"name\":\"Home\",\"item\":\"https:\\\/\\\/erboristeria-artemisia.ch\\\/de\\\/startseite\\\/\"},{\"@type\":\"ListItem\",\"position\":2,\"name\":\"Shop4\",\"item\":\"https:\\\/\\\/erboristeria-artemisia.ch\\\/shop4\\\/\"},{\"@type\":\"ListItem\",\"position\":3,\"name\":\"Kukicha Moegi (Nat\u00fcrlich)100g\"}]},{\"@type\":\"WebSite\",\"@id\":\"https:\\\/\\\/erboristeria-artemisia.ch\\\/de\\\/#website\",\"url\":\"https:\\\/\\\/erboristeria-artemisia.ch\\\/de\\\/\",\"name\":\"Erboristeria Artemisia\",\"description\":\"Ogni sorso \u00e8 un momento per te\",\"potentialAction\":[{\"@type\":\"SearchAction\",\"target\":{\"@type\":\"EntryPoint\",\"urlTemplate\":\"https:\\\/\\\/erboristeria-artemisia.ch\\\/de\\\/?s={search_term_string}\"},\"query-input\":{\"@type\":\"PropertyValueSpecification\",\"valueRequired\":true,\"valueName\":\"search_term_string\"}}],\"inLanguage\":\"de\"}]}<\/script>\n<!-- \/ Yoast SEO plugin. -->","yoast_head_json":{"title":"Kukicha Moegi (Nat\u00fcrlich)100g - Erboristeria Artemisia","robots":{"index":"index","follow":"follow","max-snippet":"max-snippet:-1","max-image-preview":"max-image-preview:large","max-video-preview":"max-video-preview:-1"},"canonical":"https:\/\/erboristeria-artemisia.ch\/de\/produkt\/kukicha-moegi-natuerlich100g\/","og_locale":"de_DE","og_type":"article","og_title":"Kukicha Moegi (Nat\u00fcrlich)100g - Erboristeria Artemisia","og_description":"Kukicha Moegi ist eine Variante von Kukicha (St\u00e4ngeltee), die sich durch einen frischen, jungen gr\u00fcnen Farbton auszeichnet, oft mit einem Hauch von Chlorophyll und einem leichten, sauberen Gef\u00fchl. Hier ist eine allgemeine Beschreibung: Herkunft: Japan; Kukicha wird aus den St\u00e4ngeln und d\u00fcnnen Zweigen der Teepflanze hergestellt, Moegi bezeichnet einen hellen oder jungen gr\u00fcnen Farbton. Verarbeitung: [&hellip;]","og_url":"https:\/\/erboristeria-artemisia.ch\/de\/produkt\/kukicha-moegi-natuerlich100g\/","og_site_name":"Erboristeria Artemisia","article_modified_time":"2025-09-25T14:24:39+00:00","og_image":[{"width":1600,"height":1600,"url":"https:\/\/erboristeria-artemisia.ch\/wp-content\/uploads\/2025\/09\/Kukicha-Moegi.jpg","type":"image\/jpeg"}],"twitter_card":"summary_large_image","twitter_misc":{"Gesch\u00e4tzte Lesezeit":"1\u00a0Minute"},"schema":{"@context":"https:\/\/schema.org","@graph":[{"@type":"WebPage","@id":"https:\/\/erboristeria-artemisia.ch\/de\/produkt\/kukicha-moegi-natuerlich100g\/","url":"https:\/\/erboristeria-artemisia.ch\/de\/produkt\/kukicha-moegi-natuerlich100g\/","name":"Kukicha Moegi (Nat\u00fcrlich)100g - Erboristeria Artemisia","isPartOf":{"@id":"https:\/\/erboristeria-artemisia.ch\/de\/#website"},"primaryImageOfPage":{"@id":"https:\/\/erboristeria-artemisia.ch\/de\/produkt\/kukicha-moegi-natuerlich100g\/#primaryimage"},"image":{"@id":"https:\/\/erboristeria-artemisia.ch\/de\/produkt\/kukicha-moegi-natuerlich100g\/#primaryimage"},"thumbnailUrl":"https:\/\/erboristeria-artemisia.ch\/wp-content\/uploads\/2025\/09\/Kukicha-Moegi.jpg","datePublished":"2025-09-11T18:06:16+00:00","dateModified":"2025-09-25T14:24:39+00:00","breadcrumb":{"@id":"https:\/\/erboristeria-artemisia.ch\/de\/produkt\/kukicha-moegi-natuerlich100g\/#breadcrumb"},"inLanguage":"de","potentialAction":[{"@type":"ReadAction","target":["https:\/\/erboristeria-artemisia.ch\/de\/produkt\/kukicha-moegi-natuerlich100g\/"]}]},{"@type":"ImageObject","inLanguage":"de","@id":"https:\/\/erboristeria-artemisia.ch\/de\/produkt\/kukicha-moegi-natuerlich100g\/#primaryimage","url":"https:\/\/erboristeria-artemisia.ch\/wp-content\/uploads\/2025\/09\/Kukicha-Moegi.jpg","contentUrl":"https:\/\/erboristeria-artemisia.ch\/wp-content\/uploads\/2025\/09\/Kukicha-Moegi.jpg","width":1600,"height":1600},{"@type":"BreadcrumbList","@id":"https:\/\/erboristeria-artemisia.ch\/de\/produkt\/kukicha-moegi-natuerlich100g\/#breadcrumb","itemListElement":[{"@type":"ListItem","position":1,"name":"Home","item":"https:\/\/erboristeria-artemisia.ch\/de\/startseite\/"},{"@type":"ListItem","position":2,"name":"Shop4","item":"https:\/\/erboristeria-artemisia.ch\/shop4\/"},{"@type":"ListItem","position":3,"name":"Kukicha Moegi (Nat\u00fcrlich)100g"}]},{"@type":"WebSite","@id":"https:\/\/erboristeria-artemisia.ch\/de\/#website","url":"https:\/\/erboristeria-artemisia.ch\/de\/","name":"Erboristeria Artemisia","description":"Ogni sorso \u00e8 un momento per te","potentialAction":[{"@type":"SearchAction","target":{"@type":"EntryPoint","urlTemplate":"https:\/\/erboristeria-artemisia.ch\/de\/?s={search_term_string}"},"query-input":{"@type":"PropertyValueSpecification","valueRequired":true,"valueName":"search_term_string"}}],"inLanguage":"de"}]}},"_links":{"self":[{"href":"https:\/\/erboristeria-artemisia.ch\/de\/wp-json\/wp\/v2\/product\/30777","targetHints":{"allow":["GET"]}}],"collection":[{"href":"https:\/\/erboristeria-artemisia.ch\/de\/wp-json\/wp\/v2\/product"}],"about":[{"href":"https:\/\/erboristeria-artemisia.ch\/de\/wp-json\/wp\/v2\/types\/product"}],"wp:featuredmedia":[{"embeddable":true,"href":"https:\/\/erboristeria-artemisia.ch\/de\/wp-json\/wp\/v2\/media\/30420"}],"wp:attachment":[{"href":"https:\/\/erboristeria-artemisia.ch\/de\/wp-json\/wp\/v2\/media?parent=30777"}],"wp:term":[{"taxonomy":"product_brand","embeddable":true,"href":"https:\/\/erboristeria-artemisia.ch\/de\/wp-json\/wp\/v2\/product_brand?post=30777"},{"taxonomy":"product_cat","embeddable":true,"href":"https:\/\/erboristeria-artemisia.ch\/de\/wp-json\/wp\/v2\/product_cat?post=30777"},{"taxonomy":"product_tag","embeddable":true,"href":"https:\/\/erboristeria-artemisia.ch\/de\/wp-json\/wp\/v2\/product_tag?post=30777"}],"curies":[{"name":"wp","href":"https:\/\/api.w.org\/{rel}","templated":true}]}}