{"id":30778,"date":"2025-09-11T19:55:01","date_gmt":"2025-09-11T17:55:01","guid":{"rendered":"https:\/\/erboristeria-artemisia.ch\/product\/japan-shincha-gyokuro-bio60g\/"},"modified":"2025-09-25T16:24:39","modified_gmt":"2025-09-25T14:24:39","slug":"japan-shincha-gyokuro-bio60g","status":"publish","type":"product","link":"https:\/\/erboristeria-artemisia.ch\/de\/produkt\/japan-shincha-gyokuro-bio60g\/","title":{"rendered":"Japan Shincha Gyokuro (Bio)60g"},"content":{"rendered":"<p>Shincha Gyokuro ist eine beliebte Variante des Gyokuro, die oft als erste Ernte (Shincha) des Jahres erh\u00e4ltlich ist und daher besonders frisch und duftend ist. Hier ist eine allgemeine Beschreibung: <\/p>\n<ul>\n<li>Herkunft: Japan; Gyokuro ist einer der am sorgf\u00e4ltigsten hergestellten japanischen Gr\u00fcntees, und &#8218;Shincha&#8216; bezeichnet die erste Ernte der Saison.<\/li>\n<li>Verarbeitung: Die Pflanzen werden teilweise beschattet, um die Sonneneinstrahlung zu begrenzen und das Chlorophyll und die Aminos\u00e4uren zu erh\u00f6hen. Shincha Gyokuro wird jedoch oft mit der gleichen Beschattung wie traditioneller Gyokuro verarbeitet und bietet s\u00fc\u00dfe W\u00fcrze und ausgepr\u00e4gtes Umami.<\/li>\n<li>Aussehen: zarte, dunkelgr\u00fcne Bl\u00e4tter, oft mit gl\u00e4nzender Textur und krausem Aussehen; Aufg\u00fcsse ergeben meist eine gr\u00fcnlich-gelbe Fl\u00fcssigkeit.<\/li>\n<li>Geschmack: reichhaltig, s\u00fc\u00df, mit einem ausgepr\u00e4gten Umami-Profil, frischen pflanzlichen Noten und einem leicht krautigen Nachgeschmack. Weniger Bitterkeit als bei anderen unbeschatteten Gr\u00fcntees; sehr samtig im Mund. <\/li>\n<li>Aufguss: typische Temperatur 60-65\u00b0C, kurze Zeit (30-60 Sekunden), um S\u00fc\u00dfe und Umami zu erhalten.<\/li>\n<\/ul>\n","protected":false},"excerpt":{"rendered":"<p>Shincha Gyokuro ist eine beliebte Variante des Gyokuro, die oft als erste Ernte (Shincha) des Jahres erh\u00e4ltlich ist und daher besonders frisch und duftend ist. Hier ist eine allgemeine Beschreibung: Herkunft: Japan; Gyokuro ist einer der am sorgf\u00e4ltigsten hergestellten japanischen Gr\u00fcntees, und &#8218;Shincha&#8216; bezeichnet die erste Ernte der Saison. Verarbeitung: Die Pflanzen werden teilweise beschattet, [&hellip;]<\/p>\n","protected":false},"featured_media":30428,"template":"","meta":{"_et_pb_use_builder":"","_et_pb_old_content":"","_et_gb_content_width":""},"product_brand":[],"product_cat":[90],"product_tag":[],"class_list":{"0":"post-30778","1":"product","2":"type-product","3":"status-publish","4":"has-post-thumbnail","6":"product_cat-japanischer-tee","8":"first","9":"instock","10":"shipping-taxable","11":"purchasable","12":"product-type-simple"},"yoast_head":"<!-- This site is optimized with the Yoast SEO plugin v27.4 - https:\/\/yoast.com\/product\/yoast-seo-wordpress\/ -->\n<title>Japan Shincha Gyokuro (Bio)60g - Erboristeria Artemisia<\/title>\n<meta name=\"robots\" content=\"index, follow, max-snippet:-1, max-image-preview:large, max-video-preview:-1\" \/>\n<link rel=\"canonical\" href=\"https:\/\/erboristeria-artemisia.ch\/de\/produkt\/japan-shincha-gyokuro-bio60g\/\" \/>\n<meta property=\"og:locale\" content=\"de_DE\" \/>\n<meta property=\"og:type\" content=\"article\" \/>\n<meta property=\"og:title\" content=\"Japan Shincha Gyokuro (Bio)60g - Erboristeria Artemisia\" \/>\n<meta property=\"og:description\" content=\"Shincha Gyokuro ist eine beliebte Variante des Gyokuro, die oft als erste Ernte (Shincha) des Jahres erh\u00e4ltlich ist und daher besonders frisch und duftend ist. Hier ist eine allgemeine Beschreibung: Herkunft: Japan; Gyokuro ist einer der am sorgf\u00e4ltigsten hergestellten japanischen Gr\u00fcntees, und &#8218;Shincha&#8216; bezeichnet die erste Ernte der Saison. Verarbeitung: Die Pflanzen werden teilweise beschattet, [&hellip;]\" \/>\n<meta property=\"og:url\" content=\"https:\/\/erboristeria-artemisia.ch\/de\/produkt\/japan-shincha-gyokuro-bio60g\/\" \/>\n<meta property=\"og:site_name\" content=\"Erboristeria Artemisia\" \/>\n<meta property=\"article:modified_time\" content=\"2025-09-25T14:24:39+00:00\" \/>\n<meta property=\"og:image\" content=\"https:\/\/erboristeria-artemisia.ch\/wp-content\/uploads\/2025\/09\/Japan-sencha-gyokuro.jpg\" \/>\n\t<meta property=\"og:image:width\" content=\"1600\" \/>\n\t<meta property=\"og:image:height\" content=\"1600\" \/>\n\t<meta property=\"og:image:type\" content=\"image\/jpeg\" \/>\n<meta name=\"twitter:card\" content=\"summary_large_image\" \/>\n<meta name=\"twitter:label1\" content=\"Gesch\u00e4tzte Lesezeit\" \/>\n\t<meta name=\"twitter:data1\" content=\"1\u00a0Minute\" \/>\n<script type=\"application\/ld+json\" class=\"yoast-schema-graph\">{\"@context\":\"https:\\\/\\\/schema.org\",\"@graph\":[{\"@type\":\"WebPage\",\"@id\":\"https:\\\/\\\/erboristeria-artemisia.ch\\\/de\\\/produkt\\\/japan-shincha-gyokuro-bio60g\\\/\",\"url\":\"https:\\\/\\\/erboristeria-artemisia.ch\\\/de\\\/produkt\\\/japan-shincha-gyokuro-bio60g\\\/\",\"name\":\"Japan Shincha Gyokuro (Bio)60g - Erboristeria Artemisia\",\"isPartOf\":{\"@id\":\"https:\\\/\\\/erboristeria-artemisia.ch\\\/de\\\/#website\"},\"primaryImageOfPage\":{\"@id\":\"https:\\\/\\\/erboristeria-artemisia.ch\\\/de\\\/produkt\\\/japan-shincha-gyokuro-bio60g\\\/#primaryimage\"},\"image\":{\"@id\":\"https:\\\/\\\/erboristeria-artemisia.ch\\\/de\\\/produkt\\\/japan-shincha-gyokuro-bio60g\\\/#primaryimage\"},\"thumbnailUrl\":\"https:\\\/\\\/erboristeria-artemisia.ch\\\/wp-content\\\/uploads\\\/2025\\\/09\\\/Japan-sencha-gyokuro.jpg\",\"datePublished\":\"2025-09-11T17:55:01+00:00\",\"dateModified\":\"2025-09-25T14:24:39+00:00\",\"breadcrumb\":{\"@id\":\"https:\\\/\\\/erboristeria-artemisia.ch\\\/de\\\/produkt\\\/japan-shincha-gyokuro-bio60g\\\/#breadcrumb\"},\"inLanguage\":\"de\",\"potentialAction\":[{\"@type\":\"ReadAction\",\"target\":[\"https:\\\/\\\/erboristeria-artemisia.ch\\\/de\\\/produkt\\\/japan-shincha-gyokuro-bio60g\\\/\"]}]},{\"@type\":\"ImageObject\",\"inLanguage\":\"de\",\"@id\":\"https:\\\/\\\/erboristeria-artemisia.ch\\\/de\\\/produkt\\\/japan-shincha-gyokuro-bio60g\\\/#primaryimage\",\"url\":\"https:\\\/\\\/erboristeria-artemisia.ch\\\/wp-content\\\/uploads\\\/2025\\\/09\\\/Japan-sencha-gyokuro.jpg\",\"contentUrl\":\"https:\\\/\\\/erboristeria-artemisia.ch\\\/wp-content\\\/uploads\\\/2025\\\/09\\\/Japan-sencha-gyokuro.jpg\",\"width\":1600,\"height\":1600},{\"@type\":\"BreadcrumbList\",\"@id\":\"https:\\\/\\\/erboristeria-artemisia.ch\\\/de\\\/produkt\\\/japan-shincha-gyokuro-bio60g\\\/#breadcrumb\",\"itemListElement\":[{\"@type\":\"ListItem\",\"position\":1,\"name\":\"Home\",\"item\":\"https:\\\/\\\/erboristeria-artemisia.ch\\\/de\\\/startseite\\\/\"},{\"@type\":\"ListItem\",\"position\":2,\"name\":\"Shop4\",\"item\":\"https:\\\/\\\/erboristeria-artemisia.ch\\\/shop4\\\/\"},{\"@type\":\"ListItem\",\"position\":3,\"name\":\"Japan Shincha Gyokuro (Bio)60g\"}]},{\"@type\":\"WebSite\",\"@id\":\"https:\\\/\\\/erboristeria-artemisia.ch\\\/de\\\/#website\",\"url\":\"https:\\\/\\\/erboristeria-artemisia.ch\\\/de\\\/\",\"name\":\"Erboristeria Artemisia\",\"description\":\"Ogni sorso \u00e8 un momento per te\",\"potentialAction\":[{\"@type\":\"SearchAction\",\"target\":{\"@type\":\"EntryPoint\",\"urlTemplate\":\"https:\\\/\\\/erboristeria-artemisia.ch\\\/de\\\/?s={search_term_string}\"},\"query-input\":{\"@type\":\"PropertyValueSpecification\",\"valueRequired\":true,\"valueName\":\"search_term_string\"}}],\"inLanguage\":\"de\"}]}<\/script>\n<!-- \/ Yoast SEO plugin. -->","yoast_head_json":{"title":"Japan Shincha Gyokuro (Bio)60g - Erboristeria Artemisia","robots":{"index":"index","follow":"follow","max-snippet":"max-snippet:-1","max-image-preview":"max-image-preview:large","max-video-preview":"max-video-preview:-1"},"canonical":"https:\/\/erboristeria-artemisia.ch\/de\/produkt\/japan-shincha-gyokuro-bio60g\/","og_locale":"de_DE","og_type":"article","og_title":"Japan Shincha Gyokuro (Bio)60g - Erboristeria Artemisia","og_description":"Shincha Gyokuro ist eine beliebte Variante des Gyokuro, die oft als erste Ernte (Shincha) des Jahres erh\u00e4ltlich ist und daher besonders frisch und duftend ist. Hier ist eine allgemeine Beschreibung: Herkunft: Japan; Gyokuro ist einer der am sorgf\u00e4ltigsten hergestellten japanischen Gr\u00fcntees, und &#8218;Shincha&#8216; bezeichnet die erste Ernte der Saison. Verarbeitung: Die Pflanzen werden teilweise beschattet, [&hellip;]","og_url":"https:\/\/erboristeria-artemisia.ch\/de\/produkt\/japan-shincha-gyokuro-bio60g\/","og_site_name":"Erboristeria Artemisia","article_modified_time":"2025-09-25T14:24:39+00:00","og_image":[{"width":1600,"height":1600,"url":"https:\/\/erboristeria-artemisia.ch\/wp-content\/uploads\/2025\/09\/Japan-sencha-gyokuro.jpg","type":"image\/jpeg"}],"twitter_card":"summary_large_image","twitter_misc":{"Gesch\u00e4tzte Lesezeit":"1\u00a0Minute"},"schema":{"@context":"https:\/\/schema.org","@graph":[{"@type":"WebPage","@id":"https:\/\/erboristeria-artemisia.ch\/de\/produkt\/japan-shincha-gyokuro-bio60g\/","url":"https:\/\/erboristeria-artemisia.ch\/de\/produkt\/japan-shincha-gyokuro-bio60g\/","name":"Japan Shincha Gyokuro (Bio)60g - Erboristeria Artemisia","isPartOf":{"@id":"https:\/\/erboristeria-artemisia.ch\/de\/#website"},"primaryImageOfPage":{"@id":"https:\/\/erboristeria-artemisia.ch\/de\/produkt\/japan-shincha-gyokuro-bio60g\/#primaryimage"},"image":{"@id":"https:\/\/erboristeria-artemisia.ch\/de\/produkt\/japan-shincha-gyokuro-bio60g\/#primaryimage"},"thumbnailUrl":"https:\/\/erboristeria-artemisia.ch\/wp-content\/uploads\/2025\/09\/Japan-sencha-gyokuro.jpg","datePublished":"2025-09-11T17:55:01+00:00","dateModified":"2025-09-25T14:24:39+00:00","breadcrumb":{"@id":"https:\/\/erboristeria-artemisia.ch\/de\/produkt\/japan-shincha-gyokuro-bio60g\/#breadcrumb"},"inLanguage":"de","potentialAction":[{"@type":"ReadAction","target":["https:\/\/erboristeria-artemisia.ch\/de\/produkt\/japan-shincha-gyokuro-bio60g\/"]}]},{"@type":"ImageObject","inLanguage":"de","@id":"https:\/\/erboristeria-artemisia.ch\/de\/produkt\/japan-shincha-gyokuro-bio60g\/#primaryimage","url":"https:\/\/erboristeria-artemisia.ch\/wp-content\/uploads\/2025\/09\/Japan-sencha-gyokuro.jpg","contentUrl":"https:\/\/erboristeria-artemisia.ch\/wp-content\/uploads\/2025\/09\/Japan-sencha-gyokuro.jpg","width":1600,"height":1600},{"@type":"BreadcrumbList","@id":"https:\/\/erboristeria-artemisia.ch\/de\/produkt\/japan-shincha-gyokuro-bio60g\/#breadcrumb","itemListElement":[{"@type":"ListItem","position":1,"name":"Home","item":"https:\/\/erboristeria-artemisia.ch\/de\/startseite\/"},{"@type":"ListItem","position":2,"name":"Shop4","item":"https:\/\/erboristeria-artemisia.ch\/shop4\/"},{"@type":"ListItem","position":3,"name":"Japan Shincha Gyokuro (Bio)60g"}]},{"@type":"WebSite","@id":"https:\/\/erboristeria-artemisia.ch\/de\/#website","url":"https:\/\/erboristeria-artemisia.ch\/de\/","name":"Erboristeria Artemisia","description":"Ogni sorso \u00e8 un momento per te","potentialAction":[{"@type":"SearchAction","target":{"@type":"EntryPoint","urlTemplate":"https:\/\/erboristeria-artemisia.ch\/de\/?s={search_term_string}"},"query-input":{"@type":"PropertyValueSpecification","valueRequired":true,"valueName":"search_term_string"}}],"inLanguage":"de"}]}},"_links":{"self":[{"href":"https:\/\/erboristeria-artemisia.ch\/de\/wp-json\/wp\/v2\/product\/30778","targetHints":{"allow":["GET"]}}],"collection":[{"href":"https:\/\/erboristeria-artemisia.ch\/de\/wp-json\/wp\/v2\/product"}],"about":[{"href":"https:\/\/erboristeria-artemisia.ch\/de\/wp-json\/wp\/v2\/types\/product"}],"wp:featuredmedia":[{"embeddable":true,"href":"https:\/\/erboristeria-artemisia.ch\/de\/wp-json\/wp\/v2\/media\/30428"}],"wp:attachment":[{"href":"https:\/\/erboristeria-artemisia.ch\/de\/wp-json\/wp\/v2\/media?parent=30778"}],"wp:term":[{"taxonomy":"product_brand","embeddable":true,"href":"https:\/\/erboristeria-artemisia.ch\/de\/wp-json\/wp\/v2\/product_brand?post=30778"},{"taxonomy":"product_cat","embeddable":true,"href":"https:\/\/erboristeria-artemisia.ch\/de\/wp-json\/wp\/v2\/product_cat?post=30778"},{"taxonomy":"product_tag","embeddable":true,"href":"https:\/\/erboristeria-artemisia.ch\/de\/wp-json\/wp\/v2\/product_tag?post=30778"}],"curies":[{"name":"wp","href":"https:\/\/api.w.org\/{rel}","templated":true}]}}