{"id":30779,"date":"2025-09-11T22:12:29","date_gmt":"2025-09-11T20:12:29","guid":{"rendered":"https:\/\/erboristeria-artemisia.ch\/product\/genmaicha-kunpuu-natuerlich100g\/"},"modified":"2025-09-25T16:24:39","modified_gmt":"2025-09-25T14:24:39","slug":"genmaicha-kunpuu-natuerlich100g","status":"publish","type":"product","link":"https:\/\/erboristeria-artemisia.ch\/de\/produkt\/genmaicha-kunpuu-natuerlich100g\/","title":{"rendered":"Genmaicha Kunpuu (Nat\u00fcrlich)100g"},"content":{"rendered":"<p>Der Genmaicha Kunpuu ist eine Variante des Genmaicha, in der die typischen Kunpuu-Hausnoten zum Ausdruck kommen (japanische Marke oder Stil, je nach Kontext). Hier ist eine allgemeine Beschreibung: <\/p>\n<ul>\n<li>Herkunft: Japan; traditioneller Genmaicha kombiniert Bancha- oder Sencha-Gr\u00fcntee mit ger\u00f6steten Reisk\u00f6rnern; &#8218;Kunpuu&#8216; kann auf eine bestimmte Linie oder einen Hersteller hinweisen.<\/li>\n<li>Verfahren: Genmaicha-Basis mit ger\u00f6steten Reisk\u00f6rnern; m\u00f6gliche Auswahl von h\u00f6herwertigem Gr\u00fcntee oder Kontrolle des R\u00f6stgrads, um die Aromen auszugleichen.<\/li>\n<li>Aussehen: hellgr\u00fcne Blattpaprika mit gut eingebundenen goldenen oder braunen Reisk\u00f6rnern; leicht gl\u00e4nzende Oberfl\u00e4che.<\/li>\n<li>Aufguss: in der Regel 70-80\u00b0C f\u00fcr 1-2 Minuten; Variationen sind je nach Mischung m\u00f6glich, um die S\u00fc\u00dfe des Reises und die Feinheit des gr\u00fcnen Tees zu verst\u00e4rken.<\/li>\n<li>Geschmack: ausgewogen zwischen der S\u00fc\u00dfe von ger\u00f6stetem Reis und den Kr\u00e4uternoten des gr\u00fcnen Tees; kann eine leichte Cremigkeit vom Matcha oder dem R\u00f6stprofil aufweisen.<\/li>\n<\/ul>\n","protected":false},"excerpt":{"rendered":"<p>Der Genmaicha Kunpuu ist eine Variante des Genmaicha, in der die typischen Kunpuu-Hausnoten zum Ausdruck kommen (japanische Marke oder Stil, je nach Kontext). Hier ist eine allgemeine Beschreibung: Herkunft: Japan; traditioneller Genmaicha kombiniert Bancha- oder Sencha-Gr\u00fcntee mit ger\u00f6steten Reisk\u00f6rnern; &#8218;Kunpuu&#8216; kann auf eine bestimmte Linie oder einen Hersteller hinweisen. Verfahren: Genmaicha-Basis mit ger\u00f6steten Reisk\u00f6rnern; m\u00f6gliche [&hellip;]<\/p>\n","protected":false},"featured_media":30418,"template":"","meta":{"_et_pb_use_builder":"","_et_pb_old_content":"","_et_gb_content_width":""},"product_brand":[],"product_cat":[90],"product_tag":[],"class_list":{"0":"post-30779","1":"product","2":"type-product","3":"status-publish","4":"has-post-thumbnail","6":"product_cat-japanischer-tee","8":"first","9":"instock","10":"shipping-taxable","11":"purchasable","12":"product-type-simple"},"yoast_head":"<!-- This site is optimized with the Yoast SEO plugin v27.4 - https:\/\/yoast.com\/product\/yoast-seo-wordpress\/ -->\n<title>Genmaicha Kunpuu (Nat\u00fcrlich)100g - Erboristeria Artemisia<\/title>\n<meta name=\"robots\" content=\"index, follow, max-snippet:-1, max-image-preview:large, max-video-preview:-1\" \/>\n<link rel=\"canonical\" href=\"https:\/\/erboristeria-artemisia.ch\/de\/produkt\/genmaicha-kunpuu-natuerlich100g\/\" \/>\n<meta property=\"og:locale\" content=\"de_DE\" \/>\n<meta property=\"og:type\" content=\"article\" \/>\n<meta property=\"og:title\" content=\"Genmaicha Kunpuu (Nat\u00fcrlich)100g - Erboristeria Artemisia\" \/>\n<meta property=\"og:description\" content=\"Der Genmaicha Kunpuu ist eine Variante des Genmaicha, in der die typischen Kunpuu-Hausnoten zum Ausdruck kommen (japanische Marke oder Stil, je nach Kontext). Hier ist eine allgemeine Beschreibung: Herkunft: Japan; traditioneller Genmaicha kombiniert Bancha- oder Sencha-Gr\u00fcntee mit ger\u00f6steten Reisk\u00f6rnern; &#8218;Kunpuu&#8216; kann auf eine bestimmte Linie oder einen Hersteller hinweisen. Verfahren: Genmaicha-Basis mit ger\u00f6steten Reisk\u00f6rnern; m\u00f6gliche [&hellip;]\" \/>\n<meta property=\"og:url\" content=\"https:\/\/erboristeria-artemisia.ch\/de\/produkt\/genmaicha-kunpuu-natuerlich100g\/\" \/>\n<meta property=\"og:site_name\" content=\"Erboristeria Artemisia\" \/>\n<meta property=\"article:modified_time\" content=\"2025-09-25T14:24:39+00:00\" \/>\n<meta property=\"og:image\" content=\"https:\/\/erboristeria-artemisia.ch\/wp-content\/uploads\/2025\/09\/geinmacha-Kunpuu.jpg\" \/>\n\t<meta property=\"og:image:width\" content=\"1600\" \/>\n\t<meta property=\"og:image:height\" content=\"1600\" \/>\n\t<meta property=\"og:image:type\" content=\"image\/jpeg\" \/>\n<meta name=\"twitter:card\" content=\"summary_large_image\" \/>\n<meta name=\"twitter:label1\" content=\"Gesch\u00e4tzte Lesezeit\" \/>\n\t<meta name=\"twitter:data1\" content=\"1\u00a0Minute\" \/>\n<script type=\"application\/ld+json\" class=\"yoast-schema-graph\">{\"@context\":\"https:\\\/\\\/schema.org\",\"@graph\":[{\"@type\":\"WebPage\",\"@id\":\"https:\\\/\\\/erboristeria-artemisia.ch\\\/de\\\/produkt\\\/genmaicha-kunpuu-natuerlich100g\\\/\",\"url\":\"https:\\\/\\\/erboristeria-artemisia.ch\\\/de\\\/produkt\\\/genmaicha-kunpuu-natuerlich100g\\\/\",\"name\":\"Genmaicha Kunpuu (Nat\u00fcrlich)100g - Erboristeria Artemisia\",\"isPartOf\":{\"@id\":\"https:\\\/\\\/erboristeria-artemisia.ch\\\/de\\\/#website\"},\"primaryImageOfPage\":{\"@id\":\"https:\\\/\\\/erboristeria-artemisia.ch\\\/de\\\/produkt\\\/genmaicha-kunpuu-natuerlich100g\\\/#primaryimage\"},\"image\":{\"@id\":\"https:\\\/\\\/erboristeria-artemisia.ch\\\/de\\\/produkt\\\/genmaicha-kunpuu-natuerlich100g\\\/#primaryimage\"},\"thumbnailUrl\":\"https:\\\/\\\/erboristeria-artemisia.ch\\\/wp-content\\\/uploads\\\/2025\\\/09\\\/geinmacha-Kunpuu.jpg\",\"datePublished\":\"2025-09-11T20:12:29+00:00\",\"dateModified\":\"2025-09-25T14:24:39+00:00\",\"breadcrumb\":{\"@id\":\"https:\\\/\\\/erboristeria-artemisia.ch\\\/de\\\/produkt\\\/genmaicha-kunpuu-natuerlich100g\\\/#breadcrumb\"},\"inLanguage\":\"de\",\"potentialAction\":[{\"@type\":\"ReadAction\",\"target\":[\"https:\\\/\\\/erboristeria-artemisia.ch\\\/de\\\/produkt\\\/genmaicha-kunpuu-natuerlich100g\\\/\"]}]},{\"@type\":\"ImageObject\",\"inLanguage\":\"de\",\"@id\":\"https:\\\/\\\/erboristeria-artemisia.ch\\\/de\\\/produkt\\\/genmaicha-kunpuu-natuerlich100g\\\/#primaryimage\",\"url\":\"https:\\\/\\\/erboristeria-artemisia.ch\\\/wp-content\\\/uploads\\\/2025\\\/09\\\/geinmacha-Kunpuu.jpg\",\"contentUrl\":\"https:\\\/\\\/erboristeria-artemisia.ch\\\/wp-content\\\/uploads\\\/2025\\\/09\\\/geinmacha-Kunpuu.jpg\",\"width\":1600,\"height\":1600},{\"@type\":\"BreadcrumbList\",\"@id\":\"https:\\\/\\\/erboristeria-artemisia.ch\\\/de\\\/produkt\\\/genmaicha-kunpuu-natuerlich100g\\\/#breadcrumb\",\"itemListElement\":[{\"@type\":\"ListItem\",\"position\":1,\"name\":\"Home\",\"item\":\"https:\\\/\\\/erboristeria-artemisia.ch\\\/de\\\/startseite\\\/\"},{\"@type\":\"ListItem\",\"position\":2,\"name\":\"Shop4\",\"item\":\"https:\\\/\\\/erboristeria-artemisia.ch\\\/shop4\\\/\"},{\"@type\":\"ListItem\",\"position\":3,\"name\":\"Genmaicha Kunpuu (Nat\u00fcrlich)100g\"}]},{\"@type\":\"WebSite\",\"@id\":\"https:\\\/\\\/erboristeria-artemisia.ch\\\/de\\\/#website\",\"url\":\"https:\\\/\\\/erboristeria-artemisia.ch\\\/de\\\/\",\"name\":\"Erboristeria Artemisia\",\"description\":\"Ogni sorso \u00e8 un momento per te\",\"potentialAction\":[{\"@type\":\"SearchAction\",\"target\":{\"@type\":\"EntryPoint\",\"urlTemplate\":\"https:\\\/\\\/erboristeria-artemisia.ch\\\/de\\\/?s={search_term_string}\"},\"query-input\":{\"@type\":\"PropertyValueSpecification\",\"valueRequired\":true,\"valueName\":\"search_term_string\"}}],\"inLanguage\":\"de\"}]}<\/script>\n<!-- \/ Yoast SEO plugin. -->","yoast_head_json":{"title":"Genmaicha Kunpuu (Nat\u00fcrlich)100g - Erboristeria Artemisia","robots":{"index":"index","follow":"follow","max-snippet":"max-snippet:-1","max-image-preview":"max-image-preview:large","max-video-preview":"max-video-preview:-1"},"canonical":"https:\/\/erboristeria-artemisia.ch\/de\/produkt\/genmaicha-kunpuu-natuerlich100g\/","og_locale":"de_DE","og_type":"article","og_title":"Genmaicha Kunpuu (Nat\u00fcrlich)100g - Erboristeria Artemisia","og_description":"Der Genmaicha Kunpuu ist eine Variante des Genmaicha, in der die typischen Kunpuu-Hausnoten zum Ausdruck kommen (japanische Marke oder Stil, je nach Kontext). Hier ist eine allgemeine Beschreibung: Herkunft: Japan; traditioneller Genmaicha kombiniert Bancha- oder Sencha-Gr\u00fcntee mit ger\u00f6steten Reisk\u00f6rnern; &#8218;Kunpuu&#8216; kann auf eine bestimmte Linie oder einen Hersteller hinweisen. Verfahren: Genmaicha-Basis mit ger\u00f6steten Reisk\u00f6rnern; m\u00f6gliche [&hellip;]","og_url":"https:\/\/erboristeria-artemisia.ch\/de\/produkt\/genmaicha-kunpuu-natuerlich100g\/","og_site_name":"Erboristeria Artemisia","article_modified_time":"2025-09-25T14:24:39+00:00","og_image":[{"width":1600,"height":1600,"url":"https:\/\/erboristeria-artemisia.ch\/wp-content\/uploads\/2025\/09\/geinmacha-Kunpuu.jpg","type":"image\/jpeg"}],"twitter_card":"summary_large_image","twitter_misc":{"Gesch\u00e4tzte Lesezeit":"1\u00a0Minute"},"schema":{"@context":"https:\/\/schema.org","@graph":[{"@type":"WebPage","@id":"https:\/\/erboristeria-artemisia.ch\/de\/produkt\/genmaicha-kunpuu-natuerlich100g\/","url":"https:\/\/erboristeria-artemisia.ch\/de\/produkt\/genmaicha-kunpuu-natuerlich100g\/","name":"Genmaicha Kunpuu (Nat\u00fcrlich)100g - Erboristeria Artemisia","isPartOf":{"@id":"https:\/\/erboristeria-artemisia.ch\/de\/#website"},"primaryImageOfPage":{"@id":"https:\/\/erboristeria-artemisia.ch\/de\/produkt\/genmaicha-kunpuu-natuerlich100g\/#primaryimage"},"image":{"@id":"https:\/\/erboristeria-artemisia.ch\/de\/produkt\/genmaicha-kunpuu-natuerlich100g\/#primaryimage"},"thumbnailUrl":"https:\/\/erboristeria-artemisia.ch\/wp-content\/uploads\/2025\/09\/geinmacha-Kunpuu.jpg","datePublished":"2025-09-11T20:12:29+00:00","dateModified":"2025-09-25T14:24:39+00:00","breadcrumb":{"@id":"https:\/\/erboristeria-artemisia.ch\/de\/produkt\/genmaicha-kunpuu-natuerlich100g\/#breadcrumb"},"inLanguage":"de","potentialAction":[{"@type":"ReadAction","target":["https:\/\/erboristeria-artemisia.ch\/de\/produkt\/genmaicha-kunpuu-natuerlich100g\/"]}]},{"@type":"ImageObject","inLanguage":"de","@id":"https:\/\/erboristeria-artemisia.ch\/de\/produkt\/genmaicha-kunpuu-natuerlich100g\/#primaryimage","url":"https:\/\/erboristeria-artemisia.ch\/wp-content\/uploads\/2025\/09\/geinmacha-Kunpuu.jpg","contentUrl":"https:\/\/erboristeria-artemisia.ch\/wp-content\/uploads\/2025\/09\/geinmacha-Kunpuu.jpg","width":1600,"height":1600},{"@type":"BreadcrumbList","@id":"https:\/\/erboristeria-artemisia.ch\/de\/produkt\/genmaicha-kunpuu-natuerlich100g\/#breadcrumb","itemListElement":[{"@type":"ListItem","position":1,"name":"Home","item":"https:\/\/erboristeria-artemisia.ch\/de\/startseite\/"},{"@type":"ListItem","position":2,"name":"Shop4","item":"https:\/\/erboristeria-artemisia.ch\/shop4\/"},{"@type":"ListItem","position":3,"name":"Genmaicha Kunpuu (Nat\u00fcrlich)100g"}]},{"@type":"WebSite","@id":"https:\/\/erboristeria-artemisia.ch\/de\/#website","url":"https:\/\/erboristeria-artemisia.ch\/de\/","name":"Erboristeria Artemisia","description":"Ogni sorso \u00e8 un momento per te","potentialAction":[{"@type":"SearchAction","target":{"@type":"EntryPoint","urlTemplate":"https:\/\/erboristeria-artemisia.ch\/de\/?s={search_term_string}"},"query-input":{"@type":"PropertyValueSpecification","valueRequired":true,"valueName":"search_term_string"}}],"inLanguage":"de"}]}},"_links":{"self":[{"href":"https:\/\/erboristeria-artemisia.ch\/de\/wp-json\/wp\/v2\/product\/30779","targetHints":{"allow":["GET"]}}],"collection":[{"href":"https:\/\/erboristeria-artemisia.ch\/de\/wp-json\/wp\/v2\/product"}],"about":[{"href":"https:\/\/erboristeria-artemisia.ch\/de\/wp-json\/wp\/v2\/types\/product"}],"wp:featuredmedia":[{"embeddable":true,"href":"https:\/\/erboristeria-artemisia.ch\/de\/wp-json\/wp\/v2\/media\/30418"}],"wp:attachment":[{"href":"https:\/\/erboristeria-artemisia.ch\/de\/wp-json\/wp\/v2\/media?parent=30779"}],"wp:term":[{"taxonomy":"product_brand","embeddable":true,"href":"https:\/\/erboristeria-artemisia.ch\/de\/wp-json\/wp\/v2\/product_brand?post=30779"},{"taxonomy":"product_cat","embeddable":true,"href":"https:\/\/erboristeria-artemisia.ch\/de\/wp-json\/wp\/v2\/product_cat?post=30779"},{"taxonomy":"product_tag","embeddable":true,"href":"https:\/\/erboristeria-artemisia.ch\/de\/wp-json\/wp\/v2\/product_tag?post=30779"}],"curies":[{"name":"wp","href":"https:\/\/api.w.org\/{rel}","templated":true}]}}