{"id":30780,"date":"2025-09-11T19:58:11","date_gmt":"2025-09-11T17:58:11","guid":{"rendered":"https:\/\/erboristeria-artemisia.ch\/product\/tamaryokucha-natuerlich50g\/"},"modified":"2025-09-25T16:24:40","modified_gmt":"2025-09-25T14:24:40","slug":"tamaryokucha-natuerlich50g","status":"publish","type":"product","link":"https:\/\/erboristeria-artemisia.ch\/de\/produkt\/tamaryokucha-natuerlich50g\/","title":{"rendered":"Tamaryokucha (Nat\u00fcrlich)50g"},"content":{"rendered":"<p>Tamaryokucha ist ein japanischer Gr\u00fcntee, der in Form und Verarbeitung eine Besonderheit darstellt: Die Bl\u00e4tter werden so getrocknet, dass sie sich nach au\u00dfen rollen und eine charakteristische Kurve bilden. Hier ist eine allgemeine Beschreibung: <\/p>\n<ul>\n<li>Herkunft: Japan; in einigen Regionen auch als &#8218;Guricha&#8216; bekannt.<\/li>\n<li>Verarbeitung: kurze Verarbeitung, die die Oxidation unterbricht, mit gerollten oder gebogenen Bl\u00e4ttern (tamari- Substantiv, das an die Kr\u00fcmmung erinnert). Er kann aus verschiedenen Bancha\/Sencha-Sorten gewonnen werden, aber immer mit einer ausgepr\u00e4gten Kr\u00fcmmung. <\/li>\n<li>Aussehen: kleine bis mittelgro\u00dfe, hell- bis dunkelgr\u00fcne Bl\u00e4tter, oft mit gl\u00e4nzender Oberfl\u00e4che und einer bogenf\u00f6rmigen Form.<\/li>\n<li>Aufguss: in der Regel bei 70-80\u00b0C f\u00fcr 1-2 Minuten, je nach Mahlgrad und gew\u00fcnschter St\u00e4rke; neigt dazu, einen klaren Aufguss mit gr\u00fcnlich-gelber F\u00e4rbung abzugeben.<\/li>\n<li>Geschmack: delikat, sauber, mit subtiler S\u00fc\u00dfe und einem leicht krautigen Bouquet. Voller und weniger adstringierend als Sencha, mit einer &#8217;sehnigen&#8216; Note und leichter Cremigkeit. <\/li>\n<\/ul>\n","protected":false},"excerpt":{"rendered":"<p>Tamaryokucha ist ein japanischer Gr\u00fcntee, der in Form und Verarbeitung eine Besonderheit darstellt: Die Bl\u00e4tter werden so getrocknet, dass sie sich nach au\u00dfen rollen und eine charakteristische Kurve bilden. Hier ist eine allgemeine Beschreibung: Herkunft: Japan; in einigen Regionen auch als &#8218;Guricha&#8216; bekannt. Verarbeitung: kurze Verarbeitung, die die Oxidation unterbricht, mit gerollten oder gebogenen Bl\u00e4ttern [&hellip;]<\/p>\n","protected":false},"featured_media":30426,"template":"","meta":{"_et_pb_use_builder":"","_et_pb_old_content":"","_et_gb_content_width":""},"product_brand":[],"product_cat":[90],"product_tag":[],"class_list":{"0":"post-30780","1":"product","2":"type-product","3":"status-publish","4":"has-post-thumbnail","6":"product_cat-japanischer-tee","8":"first","9":"instock","10":"shipping-taxable","11":"purchasable","12":"product-type-simple"},"yoast_head":"<!-- This site is optimized with the Yoast SEO plugin v27.4 - https:\/\/yoast.com\/product\/yoast-seo-wordpress\/ -->\n<title>Tamaryokucha (Nat\u00fcrlich)50g - Erboristeria Artemisia<\/title>\n<meta name=\"robots\" content=\"index, follow, max-snippet:-1, max-image-preview:large, max-video-preview:-1\" \/>\n<link rel=\"canonical\" href=\"https:\/\/erboristeria-artemisia.ch\/de\/produkt\/tamaryokucha-natuerlich50g\/\" \/>\n<meta property=\"og:locale\" content=\"de_DE\" \/>\n<meta property=\"og:type\" content=\"article\" \/>\n<meta property=\"og:title\" content=\"Tamaryokucha (Nat\u00fcrlich)50g - Erboristeria Artemisia\" \/>\n<meta property=\"og:description\" content=\"Tamaryokucha ist ein japanischer Gr\u00fcntee, der in Form und Verarbeitung eine Besonderheit darstellt: Die Bl\u00e4tter werden so getrocknet, dass sie sich nach au\u00dfen rollen und eine charakteristische Kurve bilden. Hier ist eine allgemeine Beschreibung: Herkunft: Japan; in einigen Regionen auch als &#8218;Guricha&#8216; bekannt. Verarbeitung: kurze Verarbeitung, die die Oxidation unterbricht, mit gerollten oder gebogenen Bl\u00e4ttern [&hellip;]\" \/>\n<meta property=\"og:url\" content=\"https:\/\/erboristeria-artemisia.ch\/de\/produkt\/tamaryokucha-natuerlich50g\/\" \/>\n<meta property=\"og:site_name\" content=\"Erboristeria Artemisia\" \/>\n<meta property=\"article:modified_time\" content=\"2025-09-25T14:24:40+00:00\" \/>\n<meta property=\"og:image\" content=\"https:\/\/erboristeria-artemisia.ch\/wp-content\/uploads\/2025\/09\/Tamaryokucha.jpg\" \/>\n\t<meta property=\"og:image:width\" content=\"1600\" \/>\n\t<meta property=\"og:image:height\" content=\"1600\" \/>\n\t<meta property=\"og:image:type\" content=\"image\/jpeg\" \/>\n<meta name=\"twitter:card\" content=\"summary_large_image\" \/>\n<meta name=\"twitter:label1\" content=\"Gesch\u00e4tzte Lesezeit\" \/>\n\t<meta name=\"twitter:data1\" content=\"1\u00a0Minute\" \/>\n<script type=\"application\/ld+json\" class=\"yoast-schema-graph\">{\"@context\":\"https:\\\/\\\/schema.org\",\"@graph\":[{\"@type\":\"WebPage\",\"@id\":\"https:\\\/\\\/erboristeria-artemisia.ch\\\/de\\\/produkt\\\/tamaryokucha-natuerlich50g\\\/\",\"url\":\"https:\\\/\\\/erboristeria-artemisia.ch\\\/de\\\/produkt\\\/tamaryokucha-natuerlich50g\\\/\",\"name\":\"Tamaryokucha (Nat\u00fcrlich)50g - Erboristeria Artemisia\",\"isPartOf\":{\"@id\":\"https:\\\/\\\/erboristeria-artemisia.ch\\\/de\\\/#website\"},\"primaryImageOfPage\":{\"@id\":\"https:\\\/\\\/erboristeria-artemisia.ch\\\/de\\\/produkt\\\/tamaryokucha-natuerlich50g\\\/#primaryimage\"},\"image\":{\"@id\":\"https:\\\/\\\/erboristeria-artemisia.ch\\\/de\\\/produkt\\\/tamaryokucha-natuerlich50g\\\/#primaryimage\"},\"thumbnailUrl\":\"https:\\\/\\\/erboristeria-artemisia.ch\\\/wp-content\\\/uploads\\\/2025\\\/09\\\/Tamaryokucha.jpg\",\"datePublished\":\"2025-09-11T17:58:11+00:00\",\"dateModified\":\"2025-09-25T14:24:40+00:00\",\"breadcrumb\":{\"@id\":\"https:\\\/\\\/erboristeria-artemisia.ch\\\/de\\\/produkt\\\/tamaryokucha-natuerlich50g\\\/#breadcrumb\"},\"inLanguage\":\"de\",\"potentialAction\":[{\"@type\":\"ReadAction\",\"target\":[\"https:\\\/\\\/erboristeria-artemisia.ch\\\/de\\\/produkt\\\/tamaryokucha-natuerlich50g\\\/\"]}]},{\"@type\":\"ImageObject\",\"inLanguage\":\"de\",\"@id\":\"https:\\\/\\\/erboristeria-artemisia.ch\\\/de\\\/produkt\\\/tamaryokucha-natuerlich50g\\\/#primaryimage\",\"url\":\"https:\\\/\\\/erboristeria-artemisia.ch\\\/wp-content\\\/uploads\\\/2025\\\/09\\\/Tamaryokucha.jpg\",\"contentUrl\":\"https:\\\/\\\/erboristeria-artemisia.ch\\\/wp-content\\\/uploads\\\/2025\\\/09\\\/Tamaryokucha.jpg\",\"width\":1600,\"height\":1600},{\"@type\":\"BreadcrumbList\",\"@id\":\"https:\\\/\\\/erboristeria-artemisia.ch\\\/de\\\/produkt\\\/tamaryokucha-natuerlich50g\\\/#breadcrumb\",\"itemListElement\":[{\"@type\":\"ListItem\",\"position\":1,\"name\":\"Home\",\"item\":\"https:\\\/\\\/erboristeria-artemisia.ch\\\/de\\\/startseite\\\/\"},{\"@type\":\"ListItem\",\"position\":2,\"name\":\"Shop4\",\"item\":\"https:\\\/\\\/erboristeria-artemisia.ch\\\/shop4\\\/\"},{\"@type\":\"ListItem\",\"position\":3,\"name\":\"Tamaryokucha (Nat\u00fcrlich)50g\"}]},{\"@type\":\"WebSite\",\"@id\":\"https:\\\/\\\/erboristeria-artemisia.ch\\\/de\\\/#website\",\"url\":\"https:\\\/\\\/erboristeria-artemisia.ch\\\/de\\\/\",\"name\":\"Erboristeria Artemisia\",\"description\":\"Ogni sorso \u00e8 un momento per te\",\"potentialAction\":[{\"@type\":\"SearchAction\",\"target\":{\"@type\":\"EntryPoint\",\"urlTemplate\":\"https:\\\/\\\/erboristeria-artemisia.ch\\\/de\\\/?s={search_term_string}\"},\"query-input\":{\"@type\":\"PropertyValueSpecification\",\"valueRequired\":true,\"valueName\":\"search_term_string\"}}],\"inLanguage\":\"de\"}]}<\/script>\n<!-- \/ Yoast SEO plugin. -->","yoast_head_json":{"title":"Tamaryokucha (Nat\u00fcrlich)50g - Erboristeria Artemisia","robots":{"index":"index","follow":"follow","max-snippet":"max-snippet:-1","max-image-preview":"max-image-preview:large","max-video-preview":"max-video-preview:-1"},"canonical":"https:\/\/erboristeria-artemisia.ch\/de\/produkt\/tamaryokucha-natuerlich50g\/","og_locale":"de_DE","og_type":"article","og_title":"Tamaryokucha (Nat\u00fcrlich)50g - Erboristeria Artemisia","og_description":"Tamaryokucha ist ein japanischer Gr\u00fcntee, der in Form und Verarbeitung eine Besonderheit darstellt: Die Bl\u00e4tter werden so getrocknet, dass sie sich nach au\u00dfen rollen und eine charakteristische Kurve bilden. Hier ist eine allgemeine Beschreibung: Herkunft: Japan; in einigen Regionen auch als &#8218;Guricha&#8216; bekannt. Verarbeitung: kurze Verarbeitung, die die Oxidation unterbricht, mit gerollten oder gebogenen Bl\u00e4ttern [&hellip;]","og_url":"https:\/\/erboristeria-artemisia.ch\/de\/produkt\/tamaryokucha-natuerlich50g\/","og_site_name":"Erboristeria Artemisia","article_modified_time":"2025-09-25T14:24:40+00:00","og_image":[{"width":1600,"height":1600,"url":"https:\/\/erboristeria-artemisia.ch\/wp-content\/uploads\/2025\/09\/Tamaryokucha.jpg","type":"image\/jpeg"}],"twitter_card":"summary_large_image","twitter_misc":{"Gesch\u00e4tzte Lesezeit":"1\u00a0Minute"},"schema":{"@context":"https:\/\/schema.org","@graph":[{"@type":"WebPage","@id":"https:\/\/erboristeria-artemisia.ch\/de\/produkt\/tamaryokucha-natuerlich50g\/","url":"https:\/\/erboristeria-artemisia.ch\/de\/produkt\/tamaryokucha-natuerlich50g\/","name":"Tamaryokucha (Nat\u00fcrlich)50g - Erboristeria Artemisia","isPartOf":{"@id":"https:\/\/erboristeria-artemisia.ch\/de\/#website"},"primaryImageOfPage":{"@id":"https:\/\/erboristeria-artemisia.ch\/de\/produkt\/tamaryokucha-natuerlich50g\/#primaryimage"},"image":{"@id":"https:\/\/erboristeria-artemisia.ch\/de\/produkt\/tamaryokucha-natuerlich50g\/#primaryimage"},"thumbnailUrl":"https:\/\/erboristeria-artemisia.ch\/wp-content\/uploads\/2025\/09\/Tamaryokucha.jpg","datePublished":"2025-09-11T17:58:11+00:00","dateModified":"2025-09-25T14:24:40+00:00","breadcrumb":{"@id":"https:\/\/erboristeria-artemisia.ch\/de\/produkt\/tamaryokucha-natuerlich50g\/#breadcrumb"},"inLanguage":"de","potentialAction":[{"@type":"ReadAction","target":["https:\/\/erboristeria-artemisia.ch\/de\/produkt\/tamaryokucha-natuerlich50g\/"]}]},{"@type":"ImageObject","inLanguage":"de","@id":"https:\/\/erboristeria-artemisia.ch\/de\/produkt\/tamaryokucha-natuerlich50g\/#primaryimage","url":"https:\/\/erboristeria-artemisia.ch\/wp-content\/uploads\/2025\/09\/Tamaryokucha.jpg","contentUrl":"https:\/\/erboristeria-artemisia.ch\/wp-content\/uploads\/2025\/09\/Tamaryokucha.jpg","width":1600,"height":1600},{"@type":"BreadcrumbList","@id":"https:\/\/erboristeria-artemisia.ch\/de\/produkt\/tamaryokucha-natuerlich50g\/#breadcrumb","itemListElement":[{"@type":"ListItem","position":1,"name":"Home","item":"https:\/\/erboristeria-artemisia.ch\/de\/startseite\/"},{"@type":"ListItem","position":2,"name":"Shop4","item":"https:\/\/erboristeria-artemisia.ch\/shop4\/"},{"@type":"ListItem","position":3,"name":"Tamaryokucha (Nat\u00fcrlich)50g"}]},{"@type":"WebSite","@id":"https:\/\/erboristeria-artemisia.ch\/de\/#website","url":"https:\/\/erboristeria-artemisia.ch\/de\/","name":"Erboristeria Artemisia","description":"Ogni sorso \u00e8 un momento per te","potentialAction":[{"@type":"SearchAction","target":{"@type":"EntryPoint","urlTemplate":"https:\/\/erboristeria-artemisia.ch\/de\/?s={search_term_string}"},"query-input":{"@type":"PropertyValueSpecification","valueRequired":true,"valueName":"search_term_string"}}],"inLanguage":"de"}]}},"_links":{"self":[{"href":"https:\/\/erboristeria-artemisia.ch\/de\/wp-json\/wp\/v2\/product\/30780","targetHints":{"allow":["GET"]}}],"collection":[{"href":"https:\/\/erboristeria-artemisia.ch\/de\/wp-json\/wp\/v2\/product"}],"about":[{"href":"https:\/\/erboristeria-artemisia.ch\/de\/wp-json\/wp\/v2\/types\/product"}],"wp:featuredmedia":[{"embeddable":true,"href":"https:\/\/erboristeria-artemisia.ch\/de\/wp-json\/wp\/v2\/media\/30426"}],"wp:attachment":[{"href":"https:\/\/erboristeria-artemisia.ch\/de\/wp-json\/wp\/v2\/media?parent=30780"}],"wp:term":[{"taxonomy":"product_brand","embeddable":true,"href":"https:\/\/erboristeria-artemisia.ch\/de\/wp-json\/wp\/v2\/product_brand?post=30780"},{"taxonomy":"product_cat","embeddable":true,"href":"https:\/\/erboristeria-artemisia.ch\/de\/wp-json\/wp\/v2\/product_cat?post=30780"},{"taxonomy":"product_tag","embeddable":true,"href":"https:\/\/erboristeria-artemisia.ch\/de\/wp-json\/wp\/v2\/product_tag?post=30780"}],"curies":[{"name":"wp","href":"https:\/\/api.w.org\/{rel}","templated":true}]}}