{"id":30783,"date":"2025-09-11T22:18:48","date_gmt":"2025-09-11T20:18:48","guid":{"rendered":"https:\/\/erboristeria-artemisia.ch\/product\/japan-macha-bio-30g\/"},"modified":"2025-09-25T16:24:41","modified_gmt":"2025-09-25T14:24:41","slug":"japan-macha-bio-30g","status":"publish","type":"product","link":"https:\/\/erboristeria-artemisia.ch\/de\/produkt\/japan-macha-bio-30g\/","title":{"rendered":"Japan Macha bio 30g"},"content":{"rendered":"<p>Japan Macha bio ist ein organisches Matcha-Gr\u00fcnteepulver, das in Japan hergestellt wird. Hier ist eine allgemeine Beschreibung: <\/p>\n<ul>\n<li>Herkunft: Japan; zertifiziert biologisch.<\/li>\n<li>Art: Gr\u00fcnes Matcha-Pulver (je nach Qualit\u00e4t f\u00fcr Zeremonien oder f\u00fcr die K\u00fcche).<\/li>\n<li>Verarbeitung: Tencha-Bl\u00e4tter aus biologischem Anbau; fein gemahlen zu einem cremigen Pulver.<\/li>\n<li>Aussehen: feines, tiefgr\u00fcnes, gl\u00e4nzendes Pulver mit mikro-goldenen Flecken m\u00f6glich.<\/li>\n<li>Verwendung: traditionell mit Wasser bei 70-80\u00b0C aufgeschlagen f\u00fcr ein seidiges Getr\u00e4nk; auch ausgezeichnet in s\u00fc\u00dfen Rezepten, Smoothies, Matcha-Milch.<\/li>\n<li>Geschmack: reichhaltig, s\u00fc\u00df, pflanzlich mit einem Hauch von Umami; kann bei \u00dcberdosierung leicht bitter sein.<\/li>\n<\/ul>\n","protected":false},"excerpt":{"rendered":"<p>Japan Macha bio ist ein organisches Matcha-Gr\u00fcnteepulver, das in Japan hergestellt wird. Hier ist eine allgemeine Beschreibung: Herkunft: Japan; zertifiziert biologisch. Art: Gr\u00fcnes Matcha-Pulver (je nach Qualit\u00e4t f\u00fcr Zeremonien oder f\u00fcr die K\u00fcche). Verarbeitung: Tencha-Bl\u00e4tter aus biologischem Anbau; fein gemahlen zu einem cremigen Pulver. Aussehen: feines, tiefgr\u00fcnes, gl\u00e4nzendes Pulver mit mikro-goldenen Flecken m\u00f6glich. Verwendung: traditionell [&hellip;]<\/p>\n","protected":false},"featured_media":0,"template":"","meta":{"_et_pb_use_builder":"","_et_pb_old_content":"","_et_gb_content_width":""},"product_brand":[],"product_cat":[90],"product_tag":[],"class_list":{"0":"post-30783","1":"product","2":"type-product","3":"status-publish","5":"product_cat-japanischer-tee","7":"first","8":"instock","9":"shipping-taxable","10":"purchasable","11":"product-type-simple"},"yoast_head":"<!-- This site is optimized with the Yoast SEO plugin v27.4 - https:\/\/yoast.com\/product\/yoast-seo-wordpress\/ -->\n<title>Japan Macha bio 30g - Erboristeria Artemisia<\/title>\n<meta name=\"robots\" content=\"index, follow, max-snippet:-1, max-image-preview:large, max-video-preview:-1\" \/>\n<link rel=\"canonical\" href=\"https:\/\/erboristeria-artemisia.ch\/de\/produkt\/japan-macha-bio-30g\/\" \/>\n<meta property=\"og:locale\" content=\"de_DE\" \/>\n<meta property=\"og:type\" content=\"article\" \/>\n<meta property=\"og:title\" content=\"Japan Macha bio 30g - Erboristeria Artemisia\" \/>\n<meta property=\"og:description\" content=\"Japan Macha bio ist ein organisches Matcha-Gr\u00fcnteepulver, das in Japan hergestellt wird. Hier ist eine allgemeine Beschreibung: Herkunft: Japan; zertifiziert biologisch. Art: Gr\u00fcnes Matcha-Pulver (je nach Qualit\u00e4t f\u00fcr Zeremonien oder f\u00fcr die K\u00fcche). Verarbeitung: Tencha-Bl\u00e4tter aus biologischem Anbau; fein gemahlen zu einem cremigen Pulver. Aussehen: feines, tiefgr\u00fcnes, gl\u00e4nzendes Pulver mit mikro-goldenen Flecken m\u00f6glich. Verwendung: traditionell [&hellip;]\" \/>\n<meta property=\"og:url\" content=\"https:\/\/erboristeria-artemisia.ch\/de\/produkt\/japan-macha-bio-30g\/\" \/>\n<meta property=\"og:site_name\" content=\"Erboristeria Artemisia\" \/>\n<meta property=\"article:modified_time\" content=\"2025-09-25T14:24:41+00:00\" \/>\n<meta name=\"twitter:card\" content=\"summary_large_image\" \/>\n<meta name=\"twitter:label1\" content=\"Gesch\u00e4tzte Lesezeit\" \/>\n\t<meta name=\"twitter:data1\" content=\"1\u00a0Minute\" \/>\n<script type=\"application\/ld+json\" class=\"yoast-schema-graph\">{\"@context\":\"https:\\\/\\\/schema.org\",\"@graph\":[{\"@type\":\"WebPage\",\"@id\":\"https:\\\/\\\/erboristeria-artemisia.ch\\\/de\\\/produkt\\\/japan-macha-bio-30g\\\/\",\"url\":\"https:\\\/\\\/erboristeria-artemisia.ch\\\/de\\\/produkt\\\/japan-macha-bio-30g\\\/\",\"name\":\"Japan Macha bio 30g - Erboristeria Artemisia\",\"isPartOf\":{\"@id\":\"https:\\\/\\\/erboristeria-artemisia.ch\\\/de\\\/#website\"},\"datePublished\":\"2025-09-11T20:18:48+00:00\",\"dateModified\":\"2025-09-25T14:24:41+00:00\",\"breadcrumb\":{\"@id\":\"https:\\\/\\\/erboristeria-artemisia.ch\\\/de\\\/produkt\\\/japan-macha-bio-30g\\\/#breadcrumb\"},\"inLanguage\":\"de\",\"potentialAction\":[{\"@type\":\"ReadAction\",\"target\":[\"https:\\\/\\\/erboristeria-artemisia.ch\\\/de\\\/produkt\\\/japan-macha-bio-30g\\\/\"]}]},{\"@type\":\"BreadcrumbList\",\"@id\":\"https:\\\/\\\/erboristeria-artemisia.ch\\\/de\\\/produkt\\\/japan-macha-bio-30g\\\/#breadcrumb\",\"itemListElement\":[{\"@type\":\"ListItem\",\"position\":1,\"name\":\"Home\",\"item\":\"https:\\\/\\\/erboristeria-artemisia.ch\\\/de\\\/startseite\\\/\"},{\"@type\":\"ListItem\",\"position\":2,\"name\":\"Shop4\",\"item\":\"https:\\\/\\\/erboristeria-artemisia.ch\\\/shop4\\\/\"},{\"@type\":\"ListItem\",\"position\":3,\"name\":\"Japan Macha bio 30g\"}]},{\"@type\":\"WebSite\",\"@id\":\"https:\\\/\\\/erboristeria-artemisia.ch\\\/de\\\/#website\",\"url\":\"https:\\\/\\\/erboristeria-artemisia.ch\\\/de\\\/\",\"name\":\"Erboristeria Artemisia\",\"description\":\"Ogni sorso \u00e8 un momento per te\",\"potentialAction\":[{\"@type\":\"SearchAction\",\"target\":{\"@type\":\"EntryPoint\",\"urlTemplate\":\"https:\\\/\\\/erboristeria-artemisia.ch\\\/de\\\/?s={search_term_string}\"},\"query-input\":{\"@type\":\"PropertyValueSpecification\",\"valueRequired\":true,\"valueName\":\"search_term_string\"}}],\"inLanguage\":\"de\"}]}<\/script>\n<!-- \/ Yoast SEO plugin. -->","yoast_head_json":{"title":"Japan Macha bio 30g - Erboristeria Artemisia","robots":{"index":"index","follow":"follow","max-snippet":"max-snippet:-1","max-image-preview":"max-image-preview:large","max-video-preview":"max-video-preview:-1"},"canonical":"https:\/\/erboristeria-artemisia.ch\/de\/produkt\/japan-macha-bio-30g\/","og_locale":"de_DE","og_type":"article","og_title":"Japan Macha bio 30g - Erboristeria Artemisia","og_description":"Japan Macha bio ist ein organisches Matcha-Gr\u00fcnteepulver, das in Japan hergestellt wird. Hier ist eine allgemeine Beschreibung: Herkunft: Japan; zertifiziert biologisch. Art: Gr\u00fcnes Matcha-Pulver (je nach Qualit\u00e4t f\u00fcr Zeremonien oder f\u00fcr die K\u00fcche). Verarbeitung: Tencha-Bl\u00e4tter aus biologischem Anbau; fein gemahlen zu einem cremigen Pulver. Aussehen: feines, tiefgr\u00fcnes, gl\u00e4nzendes Pulver mit mikro-goldenen Flecken m\u00f6glich. Verwendung: traditionell [&hellip;]","og_url":"https:\/\/erboristeria-artemisia.ch\/de\/produkt\/japan-macha-bio-30g\/","og_site_name":"Erboristeria Artemisia","article_modified_time":"2025-09-25T14:24:41+00:00","twitter_card":"summary_large_image","twitter_misc":{"Gesch\u00e4tzte Lesezeit":"1\u00a0Minute"},"schema":{"@context":"https:\/\/schema.org","@graph":[{"@type":"WebPage","@id":"https:\/\/erboristeria-artemisia.ch\/de\/produkt\/japan-macha-bio-30g\/","url":"https:\/\/erboristeria-artemisia.ch\/de\/produkt\/japan-macha-bio-30g\/","name":"Japan Macha bio 30g - Erboristeria Artemisia","isPartOf":{"@id":"https:\/\/erboristeria-artemisia.ch\/de\/#website"},"datePublished":"2025-09-11T20:18:48+00:00","dateModified":"2025-09-25T14:24:41+00:00","breadcrumb":{"@id":"https:\/\/erboristeria-artemisia.ch\/de\/produkt\/japan-macha-bio-30g\/#breadcrumb"},"inLanguage":"de","potentialAction":[{"@type":"ReadAction","target":["https:\/\/erboristeria-artemisia.ch\/de\/produkt\/japan-macha-bio-30g\/"]}]},{"@type":"BreadcrumbList","@id":"https:\/\/erboristeria-artemisia.ch\/de\/produkt\/japan-macha-bio-30g\/#breadcrumb","itemListElement":[{"@type":"ListItem","position":1,"name":"Home","item":"https:\/\/erboristeria-artemisia.ch\/de\/startseite\/"},{"@type":"ListItem","position":2,"name":"Shop4","item":"https:\/\/erboristeria-artemisia.ch\/shop4\/"},{"@type":"ListItem","position":3,"name":"Japan Macha bio 30g"}]},{"@type":"WebSite","@id":"https:\/\/erboristeria-artemisia.ch\/de\/#website","url":"https:\/\/erboristeria-artemisia.ch\/de\/","name":"Erboristeria Artemisia","description":"Ogni sorso \u00e8 un momento per te","potentialAction":[{"@type":"SearchAction","target":{"@type":"EntryPoint","urlTemplate":"https:\/\/erboristeria-artemisia.ch\/de\/?s={search_term_string}"},"query-input":{"@type":"PropertyValueSpecification","valueRequired":true,"valueName":"search_term_string"}}],"inLanguage":"de"}]}},"_links":{"self":[{"href":"https:\/\/erboristeria-artemisia.ch\/de\/wp-json\/wp\/v2\/product\/30783","targetHints":{"allow":["GET"]}}],"collection":[{"href":"https:\/\/erboristeria-artemisia.ch\/de\/wp-json\/wp\/v2\/product"}],"about":[{"href":"https:\/\/erboristeria-artemisia.ch\/de\/wp-json\/wp\/v2\/types\/product"}],"wp:attachment":[{"href":"https:\/\/erboristeria-artemisia.ch\/de\/wp-json\/wp\/v2\/media?parent=30783"}],"wp:term":[{"taxonomy":"product_brand","embeddable":true,"href":"https:\/\/erboristeria-artemisia.ch\/de\/wp-json\/wp\/v2\/product_brand?post=30783"},{"taxonomy":"product_cat","embeddable":true,"href":"https:\/\/erboristeria-artemisia.ch\/de\/wp-json\/wp\/v2\/product_cat?post=30783"},{"taxonomy":"product_tag","embeddable":true,"href":"https:\/\/erboristeria-artemisia.ch\/de\/wp-json\/wp\/v2\/product_tag?post=30783"}],"curies":[{"name":"wp","href":"https:\/\/api.w.org\/{rel}","templated":true}]}}