{"id":30790,"date":"2025-09-12T20:44:07","date_gmt":"2025-09-12T18:44:07","guid":{"rendered":"https:\/\/erboristeria-artemisia.ch\/product\/uva-hochland-ceylon-100g\/"},"modified":"2025-09-25T16:25:32","modified_gmt":"2025-09-25T14:25:32","slug":"uva-hochland-ceylon-100g","status":"publish","type":"product","link":"https:\/\/erboristeria-artemisia.ch\/de\/produkt\/uva-hochland-ceylon-100g\/","title":{"rendered":"UVA Hochland Ceylon 100g"},"content":{"rendered":"<ul>\n<li><strong>Format:<\/strong> 100 g<\/li>\n<li><strong>Art:<\/strong> Schwarzer Ceylon-Tee (Sri Lanka) aus den Hochland-Plantagen, Typ Whole Leaf<\/li>\n<li><strong>Herkunft:<\/strong> Hochland, Sri Lanka<\/li>\n<li><strong>Eigenschaften:<\/strong> eleganter und aromatischer Schwarztee, mittelkr\u00e4ftiger K\u00f6rper, malzige Note mit (blumigen) Noten und einem leicht fruchtigen Glanz; sauberer und erfrischender Abgang<\/li>\n<li><strong>Blatterscheinung:<\/strong> Ganze oder sehr gro\u00dfe Bl\u00e4tter, typisch f\u00fcr Highland-Mischungen, mit gutem Glanz<\/li>\n<li><strong>Aroma:<\/strong> Aromatisch, blumig, mit einem Hauch von Honig oder Trockenfr\u00fcchten<\/li>\n<li><strong>Farbe des<\/strong> Aufgusses<strong>:<\/strong> gold-bernsteinfarben, je nach L\u00e4nge des Aufgusses<\/li>\n<li><strong>Empfohlene Methode der Zubereitung:<\/strong>\n<ul>\n<li>Wasser: 90-95\u00b0C<\/li>\n<li>Ziehzeit: 3-4 Minuten<\/li>\n<li>Dosierung: ca. 2-3 g Tee pro 200 ml Wasser<\/li>\n<\/ul>\n<\/li>\n<\/ul>\n","protected":false},"excerpt":{"rendered":"<p>Format: 100 g Art: Schwarzer Ceylon-Tee (Sri Lanka) aus den Hochland-Plantagen, Typ Whole Leaf Herkunft: Hochland, Sri Lanka Eigenschaften: eleganter und aromatischer Schwarztee, mittelkr\u00e4ftiger K\u00f6rper, malzige Note mit (blumigen) Noten und einem leicht fruchtigen Glanz; sauberer und erfrischender Abgang Blatterscheinung: Ganze oder sehr gro\u00dfe Bl\u00e4tter, typisch f\u00fcr Highland-Mischungen, mit gutem Glanz Aroma: Aromatisch, blumig, mit [&hellip;]<\/p>\n","protected":false},"featured_media":30408,"template":"","meta":{"_et_pb_use_builder":"","_et_pb_old_content":"","_et_gb_content_width":""},"product_brand":[],"product_cat":[93],"product_tag":[],"class_list":{"0":"post-30790","1":"product","2":"type-product","3":"status-publish","4":"has-post-thumbnail","6":"product_cat-schwarzer-tee","8":"first","9":"instock","10":"shipping-taxable","11":"purchasable","12":"product-type-simple"},"yoast_head":"<!-- This site is optimized with the Yoast SEO plugin v27.4 - https:\/\/yoast.com\/product\/yoast-seo-wordpress\/ -->\n<title>UVA Hochland Ceylon 100g - Erboristeria Artemisia<\/title>\n<meta name=\"robots\" content=\"index, follow, max-snippet:-1, max-image-preview:large, max-video-preview:-1\" \/>\n<link rel=\"canonical\" href=\"https:\/\/erboristeria-artemisia.ch\/de\/produkt\/uva-hochland-ceylon-100g\/\" \/>\n<meta property=\"og:locale\" content=\"de_DE\" \/>\n<meta property=\"og:type\" content=\"article\" \/>\n<meta property=\"og:title\" content=\"UVA Hochland Ceylon 100g - Erboristeria Artemisia\" \/>\n<meta property=\"og:description\" content=\"Format: 100 g Art: Schwarzer Ceylon-Tee (Sri Lanka) aus den Hochland-Plantagen, Typ Whole Leaf Herkunft: Hochland, Sri Lanka Eigenschaften: eleganter und aromatischer Schwarztee, mittelkr\u00e4ftiger K\u00f6rper, malzige Note mit (blumigen) Noten und einem leicht fruchtigen Glanz; sauberer und erfrischender Abgang Blatterscheinung: Ganze oder sehr gro\u00dfe Bl\u00e4tter, typisch f\u00fcr Highland-Mischungen, mit gutem Glanz Aroma: Aromatisch, blumig, mit [&hellip;]\" \/>\n<meta property=\"og:url\" content=\"https:\/\/erboristeria-artemisia.ch\/de\/produkt\/uva-hochland-ceylon-100g\/\" \/>\n<meta property=\"og:site_name\" content=\"Erboristeria Artemisia\" \/>\n<meta property=\"article:modified_time\" content=\"2025-09-25T14:25:32+00:00\" \/>\n<meta property=\"og:image\" content=\"https:\/\/erboristeria-artemisia.ch\/wp-content\/uploads\/2025\/09\/Uva-Higlands.jpg\" \/>\n\t<meta property=\"og:image:width\" content=\"1600\" \/>\n\t<meta property=\"og:image:height\" content=\"1600\" \/>\n\t<meta property=\"og:image:type\" content=\"image\/jpeg\" \/>\n<meta name=\"twitter:card\" content=\"summary_large_image\" \/>\n<script type=\"application\/ld+json\" class=\"yoast-schema-graph\">{\"@context\":\"https:\\\/\\\/schema.org\",\"@graph\":[{\"@type\":\"WebPage\",\"@id\":\"https:\\\/\\\/erboristeria-artemisia.ch\\\/de\\\/produkt\\\/uva-hochland-ceylon-100g\\\/\",\"url\":\"https:\\\/\\\/erboristeria-artemisia.ch\\\/de\\\/produkt\\\/uva-hochland-ceylon-100g\\\/\",\"name\":\"UVA Hochland Ceylon 100g - Erboristeria Artemisia\",\"isPartOf\":{\"@id\":\"https:\\\/\\\/erboristeria-artemisia.ch\\\/de\\\/#website\"},\"primaryImageOfPage\":{\"@id\":\"https:\\\/\\\/erboristeria-artemisia.ch\\\/de\\\/produkt\\\/uva-hochland-ceylon-100g\\\/#primaryimage\"},\"image\":{\"@id\":\"https:\\\/\\\/erboristeria-artemisia.ch\\\/de\\\/produkt\\\/uva-hochland-ceylon-100g\\\/#primaryimage\"},\"thumbnailUrl\":\"https:\\\/\\\/erboristeria-artemisia.ch\\\/wp-content\\\/uploads\\\/2025\\\/09\\\/Uva-Higlands.jpg\",\"datePublished\":\"2025-09-12T18:44:07+00:00\",\"dateModified\":\"2025-09-25T14:25:32+00:00\",\"breadcrumb\":{\"@id\":\"https:\\\/\\\/erboristeria-artemisia.ch\\\/de\\\/produkt\\\/uva-hochland-ceylon-100g\\\/#breadcrumb\"},\"inLanguage\":\"de\",\"potentialAction\":[{\"@type\":\"ReadAction\",\"target\":[\"https:\\\/\\\/erboristeria-artemisia.ch\\\/de\\\/produkt\\\/uva-hochland-ceylon-100g\\\/\"]}]},{\"@type\":\"ImageObject\",\"inLanguage\":\"de\",\"@id\":\"https:\\\/\\\/erboristeria-artemisia.ch\\\/de\\\/produkt\\\/uva-hochland-ceylon-100g\\\/#primaryimage\",\"url\":\"https:\\\/\\\/erboristeria-artemisia.ch\\\/wp-content\\\/uploads\\\/2025\\\/09\\\/Uva-Higlands.jpg\",\"contentUrl\":\"https:\\\/\\\/erboristeria-artemisia.ch\\\/wp-content\\\/uploads\\\/2025\\\/09\\\/Uva-Higlands.jpg\",\"width\":1600,\"height\":1600},{\"@type\":\"BreadcrumbList\",\"@id\":\"https:\\\/\\\/erboristeria-artemisia.ch\\\/de\\\/produkt\\\/uva-hochland-ceylon-100g\\\/#breadcrumb\",\"itemListElement\":[{\"@type\":\"ListItem\",\"position\":1,\"name\":\"Home\",\"item\":\"https:\\\/\\\/erboristeria-artemisia.ch\\\/de\\\/startseite\\\/\"},{\"@type\":\"ListItem\",\"position\":2,\"name\":\"Shop4\",\"item\":\"https:\\\/\\\/erboristeria-artemisia.ch\\\/shop4\\\/\"},{\"@type\":\"ListItem\",\"position\":3,\"name\":\"UVA Hochland Ceylon 100g\"}]},{\"@type\":\"WebSite\",\"@id\":\"https:\\\/\\\/erboristeria-artemisia.ch\\\/de\\\/#website\",\"url\":\"https:\\\/\\\/erboristeria-artemisia.ch\\\/de\\\/\",\"name\":\"Erboristeria Artemisia\",\"description\":\"Ogni sorso \u00e8 un momento per te\",\"potentialAction\":[{\"@type\":\"SearchAction\",\"target\":{\"@type\":\"EntryPoint\",\"urlTemplate\":\"https:\\\/\\\/erboristeria-artemisia.ch\\\/de\\\/?s={search_term_string}\"},\"query-input\":{\"@type\":\"PropertyValueSpecification\",\"valueRequired\":true,\"valueName\":\"search_term_string\"}}],\"inLanguage\":\"de\"}]}<\/script>\n<!-- \/ Yoast SEO plugin. -->","yoast_head_json":{"title":"UVA Hochland Ceylon 100g - Erboristeria Artemisia","robots":{"index":"index","follow":"follow","max-snippet":"max-snippet:-1","max-image-preview":"max-image-preview:large","max-video-preview":"max-video-preview:-1"},"canonical":"https:\/\/erboristeria-artemisia.ch\/de\/produkt\/uva-hochland-ceylon-100g\/","og_locale":"de_DE","og_type":"article","og_title":"UVA Hochland Ceylon 100g - Erboristeria Artemisia","og_description":"Format: 100 g Art: Schwarzer Ceylon-Tee (Sri Lanka) aus den Hochland-Plantagen, Typ Whole Leaf Herkunft: Hochland, Sri Lanka Eigenschaften: eleganter und aromatischer Schwarztee, mittelkr\u00e4ftiger K\u00f6rper, malzige Note mit (blumigen) Noten und einem leicht fruchtigen Glanz; sauberer und erfrischender Abgang Blatterscheinung: Ganze oder sehr gro\u00dfe Bl\u00e4tter, typisch f\u00fcr Highland-Mischungen, mit gutem Glanz Aroma: Aromatisch, blumig, mit [&hellip;]","og_url":"https:\/\/erboristeria-artemisia.ch\/de\/produkt\/uva-hochland-ceylon-100g\/","og_site_name":"Erboristeria Artemisia","article_modified_time":"2025-09-25T14:25:32+00:00","og_image":[{"width":1600,"height":1600,"url":"https:\/\/erboristeria-artemisia.ch\/wp-content\/uploads\/2025\/09\/Uva-Higlands.jpg","type":"image\/jpeg"}],"twitter_card":"summary_large_image","schema":{"@context":"https:\/\/schema.org","@graph":[{"@type":"WebPage","@id":"https:\/\/erboristeria-artemisia.ch\/de\/produkt\/uva-hochland-ceylon-100g\/","url":"https:\/\/erboristeria-artemisia.ch\/de\/produkt\/uva-hochland-ceylon-100g\/","name":"UVA Hochland Ceylon 100g - Erboristeria Artemisia","isPartOf":{"@id":"https:\/\/erboristeria-artemisia.ch\/de\/#website"},"primaryImageOfPage":{"@id":"https:\/\/erboristeria-artemisia.ch\/de\/produkt\/uva-hochland-ceylon-100g\/#primaryimage"},"image":{"@id":"https:\/\/erboristeria-artemisia.ch\/de\/produkt\/uva-hochland-ceylon-100g\/#primaryimage"},"thumbnailUrl":"https:\/\/erboristeria-artemisia.ch\/wp-content\/uploads\/2025\/09\/Uva-Higlands.jpg","datePublished":"2025-09-12T18:44:07+00:00","dateModified":"2025-09-25T14:25:32+00:00","breadcrumb":{"@id":"https:\/\/erboristeria-artemisia.ch\/de\/produkt\/uva-hochland-ceylon-100g\/#breadcrumb"},"inLanguage":"de","potentialAction":[{"@type":"ReadAction","target":["https:\/\/erboristeria-artemisia.ch\/de\/produkt\/uva-hochland-ceylon-100g\/"]}]},{"@type":"ImageObject","inLanguage":"de","@id":"https:\/\/erboristeria-artemisia.ch\/de\/produkt\/uva-hochland-ceylon-100g\/#primaryimage","url":"https:\/\/erboristeria-artemisia.ch\/wp-content\/uploads\/2025\/09\/Uva-Higlands.jpg","contentUrl":"https:\/\/erboristeria-artemisia.ch\/wp-content\/uploads\/2025\/09\/Uva-Higlands.jpg","width":1600,"height":1600},{"@type":"BreadcrumbList","@id":"https:\/\/erboristeria-artemisia.ch\/de\/produkt\/uva-hochland-ceylon-100g\/#breadcrumb","itemListElement":[{"@type":"ListItem","position":1,"name":"Home","item":"https:\/\/erboristeria-artemisia.ch\/de\/startseite\/"},{"@type":"ListItem","position":2,"name":"Shop4","item":"https:\/\/erboristeria-artemisia.ch\/shop4\/"},{"@type":"ListItem","position":3,"name":"UVA Hochland Ceylon 100g"}]},{"@type":"WebSite","@id":"https:\/\/erboristeria-artemisia.ch\/de\/#website","url":"https:\/\/erboristeria-artemisia.ch\/de\/","name":"Erboristeria Artemisia","description":"Ogni sorso \u00e8 un momento per te","potentialAction":[{"@type":"SearchAction","target":{"@type":"EntryPoint","urlTemplate":"https:\/\/erboristeria-artemisia.ch\/de\/?s={search_term_string}"},"query-input":{"@type":"PropertyValueSpecification","valueRequired":true,"valueName":"search_term_string"}}],"inLanguage":"de"}]}},"_links":{"self":[{"href":"https:\/\/erboristeria-artemisia.ch\/de\/wp-json\/wp\/v2\/product\/30790","targetHints":{"allow":["GET"]}}],"collection":[{"href":"https:\/\/erboristeria-artemisia.ch\/de\/wp-json\/wp\/v2\/product"}],"about":[{"href":"https:\/\/erboristeria-artemisia.ch\/de\/wp-json\/wp\/v2\/types\/product"}],"wp:featuredmedia":[{"embeddable":true,"href":"https:\/\/erboristeria-artemisia.ch\/de\/wp-json\/wp\/v2\/media\/30408"}],"wp:attachment":[{"href":"https:\/\/erboristeria-artemisia.ch\/de\/wp-json\/wp\/v2\/media?parent=30790"}],"wp:term":[{"taxonomy":"product_brand","embeddable":true,"href":"https:\/\/erboristeria-artemisia.ch\/de\/wp-json\/wp\/v2\/product_brand?post=30790"},{"taxonomy":"product_cat","embeddable":true,"href":"https:\/\/erboristeria-artemisia.ch\/de\/wp-json\/wp\/v2\/product_cat?post=30790"},{"taxonomy":"product_tag","embeddable":true,"href":"https:\/\/erboristeria-artemisia.ch\/de\/wp-json\/wp\/v2\/product_tag?post=30790"}],"curies":[{"name":"wp","href":"https:\/\/api.w.org\/{rel}","templated":true}]}}