{"id":30799,"date":"2025-09-12T20:55:02","date_gmt":"2025-09-12T18:55:02","guid":{"rendered":"https:\/\/erboristeria-artemisia.ch\/product\/nepal-tgfop-antu-valleey-100g\/"},"modified":"2025-09-25T16:25:37","modified_gmt":"2025-09-25T14:25:37","slug":"nepal-tgfop-antu-valleey-100g","status":"publish","type":"product","link":"https:\/\/erboristeria-artemisia.ch\/de\/produkt\/nepal-tgfop-antu-valleey-100g\/","title":{"rendered":"Nepal TGFOP Antu Valleey 100g"},"content":{"rendered":"<ul>\n<li><strong>Format:<\/strong> 100 g<\/li>\n<li><strong>Typ:<\/strong> Schwarzer Tee nach Darjeeling-Art? Eigentlich nepalesischer TGFOP (Flowery Orange Pekoe) &#8211; Antu Valley ist ein bekanntes Gebiet in Nepal <\/li>\n<li><strong>Herkunft:<\/strong> Antu-Tal, Nepal<\/li>\n<li><strong>Eigenschaften:<\/strong> Aromatischer Schwarztee mit mittlerem K\u00f6rper, zarter blumiger Note und Nuancen von Fruchtigkeit; sauberer, leicht herber Abgang<\/li>\n<li><strong>Aussehen der Bl\u00e4tter:<\/strong> Ganze oder fragmentierte Bl\u00e4tter von hoher Qualit\u00e4t, mit den f\u00fcr TGFOP typischen goldenen Reflexen<\/li>\n<li><strong>Aroma:<\/strong> Fruchtig-blumig, weinig, mit subtilen Ankl\u00e4ngen von Honig oder Moschus<\/li>\n<li><strong>Farbe des<\/strong> Aufgusses<strong>:<\/strong> heller Bernstein bis golden, variiert mit der Aufgusszeit<\/li>\n<li><strong>Empfohlene Methode der Zubereitung:<\/strong>\n<ul>\n<li>Wasser: 85-90\u00b0C<\/li>\n<li>Ziehzeit: 2-3 Minuten<\/li>\n<li>Dosierung: ca. 2-3 g Tee pro 200 ml Wasser<\/li>\n<\/ul>\n<\/li>\n<\/ul>\n","protected":false},"excerpt":{"rendered":"<p>Format: 100 g Typ: Schwarzer Tee nach Darjeeling-Art? Eigentlich nepalesischer TGFOP (Flowery Orange Pekoe) &#8211; Antu Valley ist ein bekanntes Gebiet in Nepal Herkunft: Antu-Tal, Nepal Eigenschaften: Aromatischer Schwarztee mit mittlerem K\u00f6rper, zarter blumiger Note und Nuancen von Fruchtigkeit; sauberer, leicht herber Abgang Aussehen der Bl\u00e4tter: Ganze oder fragmentierte Bl\u00e4tter von hoher Qualit\u00e4t, mit den [&hellip;]<\/p>\n","protected":false},"featured_media":30398,"template":"","meta":{"_et_pb_use_builder":"","_et_pb_old_content":"","_et_gb_content_width":""},"product_brand":[],"product_cat":[93],"product_tag":[],"class_list":{"0":"post-30799","1":"product","2":"type-product","3":"status-publish","4":"has-post-thumbnail","6":"product_cat-schwarzer-tee","8":"first","9":"instock","10":"shipping-taxable","11":"purchasable","12":"product-type-simple"},"yoast_head":"<!-- This site is optimized with the Yoast SEO plugin v27.4 - https:\/\/yoast.com\/product\/yoast-seo-wordpress\/ -->\n<title>Nepal TGFOP Antu Valleey 100g - Erboristeria Artemisia<\/title>\n<meta name=\"robots\" content=\"index, follow, max-snippet:-1, max-image-preview:large, max-video-preview:-1\" \/>\n<link rel=\"canonical\" href=\"https:\/\/erboristeria-artemisia.ch\/de\/produkt\/nepal-tgfop-antu-valleey-100g\/\" \/>\n<meta property=\"og:locale\" content=\"de_DE\" \/>\n<meta property=\"og:type\" content=\"article\" \/>\n<meta property=\"og:title\" content=\"Nepal TGFOP Antu Valleey 100g - Erboristeria Artemisia\" \/>\n<meta property=\"og:description\" content=\"Format: 100 g Typ: Schwarzer Tee nach Darjeeling-Art? Eigentlich nepalesischer TGFOP (Flowery Orange Pekoe) &#8211; Antu Valley ist ein bekanntes Gebiet in Nepal Herkunft: Antu-Tal, Nepal Eigenschaften: Aromatischer Schwarztee mit mittlerem K\u00f6rper, zarter blumiger Note und Nuancen von Fruchtigkeit; sauberer, leicht herber Abgang Aussehen der Bl\u00e4tter: Ganze oder fragmentierte Bl\u00e4tter von hoher Qualit\u00e4t, mit den [&hellip;]\" \/>\n<meta property=\"og:url\" content=\"https:\/\/erboristeria-artemisia.ch\/de\/produkt\/nepal-tgfop-antu-valleey-100g\/\" \/>\n<meta property=\"og:site_name\" content=\"Erboristeria Artemisia\" \/>\n<meta property=\"article:modified_time\" content=\"2025-09-25T14:25:37+00:00\" \/>\n<meta property=\"og:image\" content=\"https:\/\/erboristeria-artemisia.ch\/wp-content\/uploads\/2025\/09\/Nepal-TGFOP.jpg\" \/>\n\t<meta property=\"og:image:width\" content=\"1600\" \/>\n\t<meta property=\"og:image:height\" content=\"1600\" \/>\n\t<meta property=\"og:image:type\" content=\"image\/jpeg\" \/>\n<meta name=\"twitter:card\" content=\"summary_large_image\" \/>\n<meta name=\"twitter:label1\" content=\"Gesch\u00e4tzte Lesezeit\" \/>\n\t<meta name=\"twitter:data1\" content=\"1\u00a0Minute\" \/>\n<script type=\"application\/ld+json\" class=\"yoast-schema-graph\">{\"@context\":\"https:\\\/\\\/schema.org\",\"@graph\":[{\"@type\":\"WebPage\",\"@id\":\"https:\\\/\\\/erboristeria-artemisia.ch\\\/de\\\/produkt\\\/nepal-tgfop-antu-valleey-100g\\\/\",\"url\":\"https:\\\/\\\/erboristeria-artemisia.ch\\\/de\\\/produkt\\\/nepal-tgfop-antu-valleey-100g\\\/\",\"name\":\"Nepal TGFOP Antu Valleey 100g - Erboristeria Artemisia\",\"isPartOf\":{\"@id\":\"https:\\\/\\\/erboristeria-artemisia.ch\\\/de\\\/#website\"},\"primaryImageOfPage\":{\"@id\":\"https:\\\/\\\/erboristeria-artemisia.ch\\\/de\\\/produkt\\\/nepal-tgfop-antu-valleey-100g\\\/#primaryimage\"},\"image\":{\"@id\":\"https:\\\/\\\/erboristeria-artemisia.ch\\\/de\\\/produkt\\\/nepal-tgfop-antu-valleey-100g\\\/#primaryimage\"},\"thumbnailUrl\":\"https:\\\/\\\/erboristeria-artemisia.ch\\\/wp-content\\\/uploads\\\/2025\\\/09\\\/Nepal-TGFOP.jpg\",\"datePublished\":\"2025-09-12T18:55:02+00:00\",\"dateModified\":\"2025-09-25T14:25:37+00:00\",\"breadcrumb\":{\"@id\":\"https:\\\/\\\/erboristeria-artemisia.ch\\\/de\\\/produkt\\\/nepal-tgfop-antu-valleey-100g\\\/#breadcrumb\"},\"inLanguage\":\"de\",\"potentialAction\":[{\"@type\":\"ReadAction\",\"target\":[\"https:\\\/\\\/erboristeria-artemisia.ch\\\/de\\\/produkt\\\/nepal-tgfop-antu-valleey-100g\\\/\"]}]},{\"@type\":\"ImageObject\",\"inLanguage\":\"de\",\"@id\":\"https:\\\/\\\/erboristeria-artemisia.ch\\\/de\\\/produkt\\\/nepal-tgfop-antu-valleey-100g\\\/#primaryimage\",\"url\":\"https:\\\/\\\/erboristeria-artemisia.ch\\\/wp-content\\\/uploads\\\/2025\\\/09\\\/Nepal-TGFOP.jpg\",\"contentUrl\":\"https:\\\/\\\/erboristeria-artemisia.ch\\\/wp-content\\\/uploads\\\/2025\\\/09\\\/Nepal-TGFOP.jpg\",\"width\":1600,\"height\":1600},{\"@type\":\"BreadcrumbList\",\"@id\":\"https:\\\/\\\/erboristeria-artemisia.ch\\\/de\\\/produkt\\\/nepal-tgfop-antu-valleey-100g\\\/#breadcrumb\",\"itemListElement\":[{\"@type\":\"ListItem\",\"position\":1,\"name\":\"Home\",\"item\":\"https:\\\/\\\/erboristeria-artemisia.ch\\\/de\\\/startseite\\\/\"},{\"@type\":\"ListItem\",\"position\":2,\"name\":\"Shop4\",\"item\":\"https:\\\/\\\/erboristeria-artemisia.ch\\\/shop4\\\/\"},{\"@type\":\"ListItem\",\"position\":3,\"name\":\"Nepal TGFOP Antu Valleey 100g\"}]},{\"@type\":\"WebSite\",\"@id\":\"https:\\\/\\\/erboristeria-artemisia.ch\\\/de\\\/#website\",\"url\":\"https:\\\/\\\/erboristeria-artemisia.ch\\\/de\\\/\",\"name\":\"Erboristeria Artemisia\",\"description\":\"Ogni sorso \u00e8 un momento per te\",\"potentialAction\":[{\"@type\":\"SearchAction\",\"target\":{\"@type\":\"EntryPoint\",\"urlTemplate\":\"https:\\\/\\\/erboristeria-artemisia.ch\\\/de\\\/?s={search_term_string}\"},\"query-input\":{\"@type\":\"PropertyValueSpecification\",\"valueRequired\":true,\"valueName\":\"search_term_string\"}}],\"inLanguage\":\"de\"}]}<\/script>\n<!-- \/ Yoast SEO plugin. -->","yoast_head_json":{"title":"Nepal TGFOP Antu Valleey 100g - Erboristeria Artemisia","robots":{"index":"index","follow":"follow","max-snippet":"max-snippet:-1","max-image-preview":"max-image-preview:large","max-video-preview":"max-video-preview:-1"},"canonical":"https:\/\/erboristeria-artemisia.ch\/de\/produkt\/nepal-tgfop-antu-valleey-100g\/","og_locale":"de_DE","og_type":"article","og_title":"Nepal TGFOP Antu Valleey 100g - Erboristeria Artemisia","og_description":"Format: 100 g Typ: Schwarzer Tee nach Darjeeling-Art? Eigentlich nepalesischer TGFOP (Flowery Orange Pekoe) &#8211; Antu Valley ist ein bekanntes Gebiet in Nepal Herkunft: Antu-Tal, Nepal Eigenschaften: Aromatischer Schwarztee mit mittlerem K\u00f6rper, zarter blumiger Note und Nuancen von Fruchtigkeit; sauberer, leicht herber Abgang Aussehen der Bl\u00e4tter: Ganze oder fragmentierte Bl\u00e4tter von hoher Qualit\u00e4t, mit den [&hellip;]","og_url":"https:\/\/erboristeria-artemisia.ch\/de\/produkt\/nepal-tgfop-antu-valleey-100g\/","og_site_name":"Erboristeria Artemisia","article_modified_time":"2025-09-25T14:25:37+00:00","og_image":[{"width":1600,"height":1600,"url":"https:\/\/erboristeria-artemisia.ch\/wp-content\/uploads\/2025\/09\/Nepal-TGFOP.jpg","type":"image\/jpeg"}],"twitter_card":"summary_large_image","twitter_misc":{"Gesch\u00e4tzte Lesezeit":"1\u00a0Minute"},"schema":{"@context":"https:\/\/schema.org","@graph":[{"@type":"WebPage","@id":"https:\/\/erboristeria-artemisia.ch\/de\/produkt\/nepal-tgfop-antu-valleey-100g\/","url":"https:\/\/erboristeria-artemisia.ch\/de\/produkt\/nepal-tgfop-antu-valleey-100g\/","name":"Nepal TGFOP Antu Valleey 100g - Erboristeria Artemisia","isPartOf":{"@id":"https:\/\/erboristeria-artemisia.ch\/de\/#website"},"primaryImageOfPage":{"@id":"https:\/\/erboristeria-artemisia.ch\/de\/produkt\/nepal-tgfop-antu-valleey-100g\/#primaryimage"},"image":{"@id":"https:\/\/erboristeria-artemisia.ch\/de\/produkt\/nepal-tgfop-antu-valleey-100g\/#primaryimage"},"thumbnailUrl":"https:\/\/erboristeria-artemisia.ch\/wp-content\/uploads\/2025\/09\/Nepal-TGFOP.jpg","datePublished":"2025-09-12T18:55:02+00:00","dateModified":"2025-09-25T14:25:37+00:00","breadcrumb":{"@id":"https:\/\/erboristeria-artemisia.ch\/de\/produkt\/nepal-tgfop-antu-valleey-100g\/#breadcrumb"},"inLanguage":"de","potentialAction":[{"@type":"ReadAction","target":["https:\/\/erboristeria-artemisia.ch\/de\/produkt\/nepal-tgfop-antu-valleey-100g\/"]}]},{"@type":"ImageObject","inLanguage":"de","@id":"https:\/\/erboristeria-artemisia.ch\/de\/produkt\/nepal-tgfop-antu-valleey-100g\/#primaryimage","url":"https:\/\/erboristeria-artemisia.ch\/wp-content\/uploads\/2025\/09\/Nepal-TGFOP.jpg","contentUrl":"https:\/\/erboristeria-artemisia.ch\/wp-content\/uploads\/2025\/09\/Nepal-TGFOP.jpg","width":1600,"height":1600},{"@type":"BreadcrumbList","@id":"https:\/\/erboristeria-artemisia.ch\/de\/produkt\/nepal-tgfop-antu-valleey-100g\/#breadcrumb","itemListElement":[{"@type":"ListItem","position":1,"name":"Home","item":"https:\/\/erboristeria-artemisia.ch\/de\/startseite\/"},{"@type":"ListItem","position":2,"name":"Shop4","item":"https:\/\/erboristeria-artemisia.ch\/shop4\/"},{"@type":"ListItem","position":3,"name":"Nepal TGFOP Antu Valleey 100g"}]},{"@type":"WebSite","@id":"https:\/\/erboristeria-artemisia.ch\/de\/#website","url":"https:\/\/erboristeria-artemisia.ch\/de\/","name":"Erboristeria Artemisia","description":"Ogni sorso \u00e8 un momento per te","potentialAction":[{"@type":"SearchAction","target":{"@type":"EntryPoint","urlTemplate":"https:\/\/erboristeria-artemisia.ch\/de\/?s={search_term_string}"},"query-input":{"@type":"PropertyValueSpecification","valueRequired":true,"valueName":"search_term_string"}}],"inLanguage":"de"}]}},"_links":{"self":[{"href":"https:\/\/erboristeria-artemisia.ch\/de\/wp-json\/wp\/v2\/product\/30799","targetHints":{"allow":["GET"]}}],"collection":[{"href":"https:\/\/erboristeria-artemisia.ch\/de\/wp-json\/wp\/v2\/product"}],"about":[{"href":"https:\/\/erboristeria-artemisia.ch\/de\/wp-json\/wp\/v2\/types\/product"}],"wp:featuredmedia":[{"embeddable":true,"href":"https:\/\/erboristeria-artemisia.ch\/de\/wp-json\/wp\/v2\/media\/30398"}],"wp:attachment":[{"href":"https:\/\/erboristeria-artemisia.ch\/de\/wp-json\/wp\/v2\/media?parent=30799"}],"wp:term":[{"taxonomy":"product_brand","embeddable":true,"href":"https:\/\/erboristeria-artemisia.ch\/de\/wp-json\/wp\/v2\/product_brand?post=30799"},{"taxonomy":"product_cat","embeddable":true,"href":"https:\/\/erboristeria-artemisia.ch\/de\/wp-json\/wp\/v2\/product_cat?post=30799"},{"taxonomy":"product_tag","embeddable":true,"href":"https:\/\/erboristeria-artemisia.ch\/de\/wp-json\/wp\/v2\/product_tag?post=30799"}],"curies":[{"name":"wp","href":"https:\/\/api.w.org\/{rel}","templated":true}]}}