{"id":30810,"date":"2025-09-12T21:23:25","date_gmt":"2025-09-12T19:23:25","guid":{"rendered":"https:\/\/erboristeria-artemisia.ch\/product\/koenig-earl-grey-100g\/"},"modified":"2025-09-25T16:25:42","modified_gmt":"2025-09-25T14:25:42","slug":"koenig-earl-grey-100g","status":"publish","type":"product","link":"https:\/\/erboristeria-artemisia.ch\/de\/produkt\/koenig-earl-grey-100g\/","title":{"rendered":"K\u00f6nig Earl Grey 100g"},"content":{"rendered":"<h3 data-start=\"91\" data-end=\"122\"><strong data-start=\"95\" data-end=\"120\">K\u00f6nig Earl Grey &#8211; 100g<\/strong><\/h3>\n<p data-start=\"123\" data-end=\"181\"><strong data-start=\"123\" data-end=\"181\">Der K\u00f6nig des Earl Grey. Eleganz, Intensit\u00e4t, Charakter. <\/strong><\/p>\n<p data-start=\"183\" data-end=\"463\">Entdecken Sie den einzigartigen Genuss von <strong data-start=\"211\" data-end=\"229\">King Earl Grey<\/strong>, einer feinen Mischung aus ausgew\u00e4hltem schwarzen Tee, angereichert mit dem unverwechselbaren nat\u00fcrlichen Aroma der <strong data-start=\"327\" data-end=\"353\">kalabrischen Bergamotte<\/strong>. Ein Tee mit einem starken und raffinierten Geschmack, perfekt f\u00fcr alle, die mit jedem Schluck ein intensives und umh\u00fcllendes Erlebnis suchen. <\/p>\n<p data-start=\"465\" data-end=\"603\"><strong data-start=\"468\" data-end=\"505\">\ud83c\udf3f Hochwertige Schwarzteebl\u00e4tter<\/strong><br data-start=\"505\" data-end=\"508\">\ud83c\udf4a <strong data-start=\"511\" data-end=\"553\">Zitroniges, frisches und anhaltendes Aroma<\/strong><br data-start=\"553\" data-end=\"556\">\ud83d\udc51 <strong data-start=\"559\" data-end=\"603\">Eine edle Mischung f\u00fcr wahre Genie\u00dfer<\/strong><\/p>\n<p data-start=\"605\" data-end=\"694\"><strong data-start=\"605\" data-end=\"624\">100g Format<\/strong> &#8211; ideal f\u00fcr Liebhaber von losem Tee, die keine Kompromisse bei der Qualit\u00e4t eingehen wollen.<\/p>\n<p data-start=\"696\" data-end=\"825\"><strong data-start=\"696\" data-end=\"724\">Wie Sie ihn am besten genie\u00dfen:<\/strong><br data-start=\"724\" data-end=\"727\">Lassen Sie 2-3 Gramm in Wasser bei 90-95\u00b0C f\u00fcr 3-5 Minuten ziehen. Schmeckt hervorragend au naturel oder mit einem Schuss Milch. <\/p>\n","protected":false},"excerpt":{"rendered":"<p>K\u00f6nig Earl Grey &#8211; 100g Der K\u00f6nig des Earl Grey. Eleganz, Intensit\u00e4t, Charakter. Entdecken Sie den einzigartigen Genuss von King Earl Grey, einer feinen Mischung aus ausgew\u00e4hltem schwarzen Tee, angereichert mit dem unverwechselbaren nat\u00fcrlichen Aroma der kalabrischen Bergamotte. Ein Tee mit einem starken und raffinierten Geschmack, perfekt f\u00fcr alle, die mit jedem Schluck ein intensives [&hellip;]<\/p>\n","protected":false},"featured_media":30372,"template":"","meta":{"_et_pb_use_builder":"","_et_pb_old_content":"","_et_gb_content_width":""},"product_brand":[],"product_cat":[93],"product_tag":[],"class_list":{"0":"post-30810","1":"product","2":"type-product","3":"status-publish","4":"has-post-thumbnail","6":"product_cat-schwarzer-tee","8":"first","9":"instock","10":"shipping-taxable","11":"purchasable","12":"product-type-simple"},"yoast_head":"<!-- This site is optimized with the Yoast SEO plugin v27.4 - https:\/\/yoast.com\/product\/yoast-seo-wordpress\/ -->\n<title>K\u00f6nig Earl Grey 100g - Erboristeria Artemisia<\/title>\n<meta name=\"robots\" content=\"index, follow, max-snippet:-1, max-image-preview:large, max-video-preview:-1\" \/>\n<link rel=\"canonical\" href=\"https:\/\/erboristeria-artemisia.ch\/de\/produkt\/koenig-earl-grey-100g\/\" \/>\n<meta property=\"og:locale\" content=\"de_DE\" \/>\n<meta property=\"og:type\" content=\"article\" \/>\n<meta property=\"og:title\" content=\"K\u00f6nig Earl Grey 100g - Erboristeria Artemisia\" \/>\n<meta property=\"og:description\" content=\"K\u00f6nig Earl Grey &#8211; 100g Der K\u00f6nig des Earl Grey. Eleganz, Intensit\u00e4t, Charakter. Entdecken Sie den einzigartigen Genuss von King Earl Grey, einer feinen Mischung aus ausgew\u00e4hltem schwarzen Tee, angereichert mit dem unverwechselbaren nat\u00fcrlichen Aroma der kalabrischen Bergamotte. Ein Tee mit einem starken und raffinierten Geschmack, perfekt f\u00fcr alle, die mit jedem Schluck ein intensives [&hellip;]\" \/>\n<meta property=\"og:url\" content=\"https:\/\/erboristeria-artemisia.ch\/de\/produkt\/koenig-earl-grey-100g\/\" \/>\n<meta property=\"og:site_name\" content=\"Erboristeria Artemisia\" \/>\n<meta property=\"article:modified_time\" content=\"2025-09-25T14:25:42+00:00\" \/>\n<meta property=\"og:image\" content=\"https:\/\/erboristeria-artemisia.ch\/wp-content\/uploads\/2025\/09\/King-Earl-Grey.jpg\" \/>\n\t<meta property=\"og:image:width\" content=\"1600\" \/>\n\t<meta property=\"og:image:height\" content=\"1600\" \/>\n\t<meta property=\"og:image:type\" content=\"image\/jpeg\" \/>\n<meta name=\"twitter:card\" content=\"summary_large_image\" \/>\n<meta name=\"twitter:label1\" content=\"Gesch\u00e4tzte Lesezeit\" \/>\n\t<meta name=\"twitter:data1\" content=\"1\u00a0Minute\" \/>\n<script type=\"application\/ld+json\" class=\"yoast-schema-graph\">{\"@context\":\"https:\\\/\\\/schema.org\",\"@graph\":[{\"@type\":\"WebPage\",\"@id\":\"https:\\\/\\\/erboristeria-artemisia.ch\\\/de\\\/produkt\\\/koenig-earl-grey-100g\\\/\",\"url\":\"https:\\\/\\\/erboristeria-artemisia.ch\\\/de\\\/produkt\\\/koenig-earl-grey-100g\\\/\",\"name\":\"K\u00f6nig Earl Grey 100g - Erboristeria Artemisia\",\"isPartOf\":{\"@id\":\"https:\\\/\\\/erboristeria-artemisia.ch\\\/de\\\/#website\"},\"primaryImageOfPage\":{\"@id\":\"https:\\\/\\\/erboristeria-artemisia.ch\\\/de\\\/produkt\\\/koenig-earl-grey-100g\\\/#primaryimage\"},\"image\":{\"@id\":\"https:\\\/\\\/erboristeria-artemisia.ch\\\/de\\\/produkt\\\/koenig-earl-grey-100g\\\/#primaryimage\"},\"thumbnailUrl\":\"https:\\\/\\\/erboristeria-artemisia.ch\\\/wp-content\\\/uploads\\\/2025\\\/09\\\/King-Earl-Grey.jpg\",\"datePublished\":\"2025-09-12T19:23:25+00:00\",\"dateModified\":\"2025-09-25T14:25:42+00:00\",\"breadcrumb\":{\"@id\":\"https:\\\/\\\/erboristeria-artemisia.ch\\\/de\\\/produkt\\\/koenig-earl-grey-100g\\\/#breadcrumb\"},\"inLanguage\":\"de\",\"potentialAction\":[{\"@type\":\"ReadAction\",\"target\":[\"https:\\\/\\\/erboristeria-artemisia.ch\\\/de\\\/produkt\\\/koenig-earl-grey-100g\\\/\"]}]},{\"@type\":\"ImageObject\",\"inLanguage\":\"de\",\"@id\":\"https:\\\/\\\/erboristeria-artemisia.ch\\\/de\\\/produkt\\\/koenig-earl-grey-100g\\\/#primaryimage\",\"url\":\"https:\\\/\\\/erboristeria-artemisia.ch\\\/wp-content\\\/uploads\\\/2025\\\/09\\\/King-Earl-Grey.jpg\",\"contentUrl\":\"https:\\\/\\\/erboristeria-artemisia.ch\\\/wp-content\\\/uploads\\\/2025\\\/09\\\/King-Earl-Grey.jpg\",\"width\":1600,\"height\":1600},{\"@type\":\"BreadcrumbList\",\"@id\":\"https:\\\/\\\/erboristeria-artemisia.ch\\\/de\\\/produkt\\\/koenig-earl-grey-100g\\\/#breadcrumb\",\"itemListElement\":[{\"@type\":\"ListItem\",\"position\":1,\"name\":\"Home\",\"item\":\"https:\\\/\\\/erboristeria-artemisia.ch\\\/de\\\/startseite\\\/\"},{\"@type\":\"ListItem\",\"position\":2,\"name\":\"Shop4\",\"item\":\"https:\\\/\\\/erboristeria-artemisia.ch\\\/shop4\\\/\"},{\"@type\":\"ListItem\",\"position\":3,\"name\":\"K\u00f6nig Earl Grey 100g\"}]},{\"@type\":\"WebSite\",\"@id\":\"https:\\\/\\\/erboristeria-artemisia.ch\\\/de\\\/#website\",\"url\":\"https:\\\/\\\/erboristeria-artemisia.ch\\\/de\\\/\",\"name\":\"Erboristeria Artemisia\",\"description\":\"Ogni sorso \u00e8 un momento per te\",\"potentialAction\":[{\"@type\":\"SearchAction\",\"target\":{\"@type\":\"EntryPoint\",\"urlTemplate\":\"https:\\\/\\\/erboristeria-artemisia.ch\\\/de\\\/?s={search_term_string}\"},\"query-input\":{\"@type\":\"PropertyValueSpecification\",\"valueRequired\":true,\"valueName\":\"search_term_string\"}}],\"inLanguage\":\"de\"}]}<\/script>\n<!-- \/ Yoast SEO plugin. -->","yoast_head_json":{"title":"K\u00f6nig Earl Grey 100g - Erboristeria Artemisia","robots":{"index":"index","follow":"follow","max-snippet":"max-snippet:-1","max-image-preview":"max-image-preview:large","max-video-preview":"max-video-preview:-1"},"canonical":"https:\/\/erboristeria-artemisia.ch\/de\/produkt\/koenig-earl-grey-100g\/","og_locale":"de_DE","og_type":"article","og_title":"K\u00f6nig Earl Grey 100g - Erboristeria Artemisia","og_description":"K\u00f6nig Earl Grey &#8211; 100g Der K\u00f6nig des Earl Grey. Eleganz, Intensit\u00e4t, Charakter. Entdecken Sie den einzigartigen Genuss von King Earl Grey, einer feinen Mischung aus ausgew\u00e4hltem schwarzen Tee, angereichert mit dem unverwechselbaren nat\u00fcrlichen Aroma der kalabrischen Bergamotte. Ein Tee mit einem starken und raffinierten Geschmack, perfekt f\u00fcr alle, die mit jedem Schluck ein intensives [&hellip;]","og_url":"https:\/\/erboristeria-artemisia.ch\/de\/produkt\/koenig-earl-grey-100g\/","og_site_name":"Erboristeria Artemisia","article_modified_time":"2025-09-25T14:25:42+00:00","og_image":[{"width":1600,"height":1600,"url":"https:\/\/erboristeria-artemisia.ch\/wp-content\/uploads\/2025\/09\/King-Earl-Grey.jpg","type":"image\/jpeg"}],"twitter_card":"summary_large_image","twitter_misc":{"Gesch\u00e4tzte Lesezeit":"1\u00a0Minute"},"schema":{"@context":"https:\/\/schema.org","@graph":[{"@type":"WebPage","@id":"https:\/\/erboristeria-artemisia.ch\/de\/produkt\/koenig-earl-grey-100g\/","url":"https:\/\/erboristeria-artemisia.ch\/de\/produkt\/koenig-earl-grey-100g\/","name":"K\u00f6nig Earl Grey 100g - Erboristeria Artemisia","isPartOf":{"@id":"https:\/\/erboristeria-artemisia.ch\/de\/#website"},"primaryImageOfPage":{"@id":"https:\/\/erboristeria-artemisia.ch\/de\/produkt\/koenig-earl-grey-100g\/#primaryimage"},"image":{"@id":"https:\/\/erboristeria-artemisia.ch\/de\/produkt\/koenig-earl-grey-100g\/#primaryimage"},"thumbnailUrl":"https:\/\/erboristeria-artemisia.ch\/wp-content\/uploads\/2025\/09\/King-Earl-Grey.jpg","datePublished":"2025-09-12T19:23:25+00:00","dateModified":"2025-09-25T14:25:42+00:00","breadcrumb":{"@id":"https:\/\/erboristeria-artemisia.ch\/de\/produkt\/koenig-earl-grey-100g\/#breadcrumb"},"inLanguage":"de","potentialAction":[{"@type":"ReadAction","target":["https:\/\/erboristeria-artemisia.ch\/de\/produkt\/koenig-earl-grey-100g\/"]}]},{"@type":"ImageObject","inLanguage":"de","@id":"https:\/\/erboristeria-artemisia.ch\/de\/produkt\/koenig-earl-grey-100g\/#primaryimage","url":"https:\/\/erboristeria-artemisia.ch\/wp-content\/uploads\/2025\/09\/King-Earl-Grey.jpg","contentUrl":"https:\/\/erboristeria-artemisia.ch\/wp-content\/uploads\/2025\/09\/King-Earl-Grey.jpg","width":1600,"height":1600},{"@type":"BreadcrumbList","@id":"https:\/\/erboristeria-artemisia.ch\/de\/produkt\/koenig-earl-grey-100g\/#breadcrumb","itemListElement":[{"@type":"ListItem","position":1,"name":"Home","item":"https:\/\/erboristeria-artemisia.ch\/de\/startseite\/"},{"@type":"ListItem","position":2,"name":"Shop4","item":"https:\/\/erboristeria-artemisia.ch\/shop4\/"},{"@type":"ListItem","position":3,"name":"K\u00f6nig Earl Grey 100g"}]},{"@type":"WebSite","@id":"https:\/\/erboristeria-artemisia.ch\/de\/#website","url":"https:\/\/erboristeria-artemisia.ch\/de\/","name":"Erboristeria Artemisia","description":"Ogni sorso \u00e8 un momento per te","potentialAction":[{"@type":"SearchAction","target":{"@type":"EntryPoint","urlTemplate":"https:\/\/erboristeria-artemisia.ch\/de\/?s={search_term_string}"},"query-input":{"@type":"PropertyValueSpecification","valueRequired":true,"valueName":"search_term_string"}}],"inLanguage":"de"}]}},"_links":{"self":[{"href":"https:\/\/erboristeria-artemisia.ch\/de\/wp-json\/wp\/v2\/product\/30810","targetHints":{"allow":["GET"]}}],"collection":[{"href":"https:\/\/erboristeria-artemisia.ch\/de\/wp-json\/wp\/v2\/product"}],"about":[{"href":"https:\/\/erboristeria-artemisia.ch\/de\/wp-json\/wp\/v2\/types\/product"}],"wp:featuredmedia":[{"embeddable":true,"href":"https:\/\/erboristeria-artemisia.ch\/de\/wp-json\/wp\/v2\/media\/30372"}],"wp:attachment":[{"href":"https:\/\/erboristeria-artemisia.ch\/de\/wp-json\/wp\/v2\/media?parent=30810"}],"wp:term":[{"taxonomy":"product_brand","embeddable":true,"href":"https:\/\/erboristeria-artemisia.ch\/de\/wp-json\/wp\/v2\/product_brand?post=30810"},{"taxonomy":"product_cat","embeddable":true,"href":"https:\/\/erboristeria-artemisia.ch\/de\/wp-json\/wp\/v2\/product_cat?post=30810"},{"taxonomy":"product_tag","embeddable":true,"href":"https:\/\/erboristeria-artemisia.ch\/de\/wp-json\/wp\/v2\/product_tag?post=30810"}],"curies":[{"name":"wp","href":"https:\/\/api.w.org\/{rel}","templated":true}]}}