{"id":30812,"date":"2025-09-12T21:25:13","date_gmt":"2025-09-12T19:25:13","guid":{"rendered":"https:\/\/erboristeria-artemisia.ch\/product\/blauer-baron-100g\/"},"modified":"2025-09-25T16:25:42","modified_gmt":"2025-09-25T14:25:42","slug":"blauer-baron-100g","status":"publish","type":"product","link":"https:\/\/erboristeria-artemisia.ch\/de\/produkt\/blauer-baron-100g\/","title":{"rendered":"Blauer Baron 100g"},"content":{"rendered":"<h3 data-start=\"132\" data-end=\"159\"><strong data-start=\"136\" data-end=\"157\">Blauer Baron &#8211; 100g<\/strong><\/h3>\n<p data-start=\"160\" data-end=\"235\"><strong data-start=\"160\" data-end=\"235\">Der tiefe Charme von schwarzem Tee trifft auf die Zartheit der Kornblume.<\/strong><\/p>\n<p data-start=\"237\" data-end=\"517\">Verw\u00f6hnen Sie sich mit <strong data-start=\"262\" data-end=\"276\">Blue Baron<\/strong>, einer Mischung aus feinem Schwarztee, verfeinert mit eleganten <strong data-start=\"345\" data-end=\"363\">blauen Kornblumenbl\u00e4ttern<\/strong> und einer subtilen, raffinierten aromatischen Note. Ein Tee mit einem edlen und samtigen Charakter f\u00fcr alle, die klassische Aromen mit einer ausgepr\u00e4gten blumigen Note lieben. <\/p>\n<p data-start=\"519\" data-end=\"692\">\ud83c\udf3f <strong data-start=\"522\" data-end=\"561\">Hochwertiger, ausgew\u00e4hlter schwarzer Tee<\/strong><br data-start=\"561\" data-end=\"564\">\ud83d\udc99 <strong data-start=\"567\" data-end=\"633\">Kornblumenbl\u00fcten f\u00fcr eine zarte und optisch einzigartige Note<\/strong><br data-start=\"633\" data-end=\"636\">\ud83c\udf75 <strong data-start=\"639\" data-end=\"692\">Sanfter, ausgewogener, leicht aromatischer Geschmack<\/strong><\/p>\n<p data-start=\"694\" data-end=\"773\"><strong data-start=\"694\" data-end=\"716\">100g-Packung<\/strong> &#8211; perfekt f\u00fcr diejenigen, die hochwertigen losen Tee m\u00f6gen.<\/p>\n<p data-start=\"775\" data-end=\"907\"><strong data-start=\"775\" data-end=\"799\">Ideale Zubereitung:<\/strong><br data-start=\"799\" data-end=\"802\">Ziehen Sie 2-3 Gramm in Wasser bei 90-95\u00b0C f\u00fcr 3-4 Minuten auf. Genie\u00dfen Sie ihn pur, um all seine Nuancen zu erkennen. <\/p>\n","protected":false},"excerpt":{"rendered":"<p>Blauer Baron &#8211; 100g Der tiefe Charme von schwarzem Tee trifft auf die Zartheit der Kornblume. Verw\u00f6hnen Sie sich mit Blue Baron, einer Mischung aus feinem Schwarztee, verfeinert mit eleganten blauen Kornblumenbl\u00e4ttern und einer subtilen, raffinierten aromatischen Note. Ein Tee mit einem edlen und samtigen Charakter f\u00fcr alle, die klassische Aromen mit einer ausgepr\u00e4gten blumigen [&hellip;]<\/p>\n","protected":false},"featured_media":30370,"template":"","meta":{"_et_pb_use_builder":"","_et_pb_old_content":"","_et_gb_content_width":""},"product_brand":[],"product_cat":[93],"product_tag":[],"class_list":{"0":"post-30812","1":"product","2":"type-product","3":"status-publish","4":"has-post-thumbnail","6":"product_cat-schwarzer-tee","8":"first","9":"instock","10":"shipping-taxable","11":"purchasable","12":"product-type-simple"},"yoast_head":"<!-- This site is optimized with the Yoast SEO plugin v27.4 - https:\/\/yoast.com\/product\/yoast-seo-wordpress\/ -->\n<title>Blauer Baron 100g - Erboristeria Artemisia<\/title>\n<meta name=\"robots\" content=\"index, follow, max-snippet:-1, max-image-preview:large, max-video-preview:-1\" \/>\n<link rel=\"canonical\" href=\"https:\/\/erboristeria-artemisia.ch\/de\/produkt\/blauer-baron-100g\/\" \/>\n<meta property=\"og:locale\" content=\"de_DE\" \/>\n<meta property=\"og:type\" content=\"article\" \/>\n<meta property=\"og:title\" content=\"Blauer Baron 100g - Erboristeria Artemisia\" \/>\n<meta property=\"og:description\" content=\"Blauer Baron &#8211; 100g Der tiefe Charme von schwarzem Tee trifft auf die Zartheit der Kornblume. Verw\u00f6hnen Sie sich mit Blue Baron, einer Mischung aus feinem Schwarztee, verfeinert mit eleganten blauen Kornblumenbl\u00e4ttern und einer subtilen, raffinierten aromatischen Note. Ein Tee mit einem edlen und samtigen Charakter f\u00fcr alle, die klassische Aromen mit einer ausgepr\u00e4gten blumigen [&hellip;]\" \/>\n<meta property=\"og:url\" content=\"https:\/\/erboristeria-artemisia.ch\/de\/produkt\/blauer-baron-100g\/\" \/>\n<meta property=\"og:site_name\" content=\"Erboristeria Artemisia\" \/>\n<meta property=\"article:modified_time\" content=\"2025-09-25T14:25:42+00:00\" \/>\n<meta property=\"og:image\" content=\"https:\/\/erboristeria-artemisia.ch\/wp-content\/uploads\/2025\/09\/Blue-Baron.jpg\" \/>\n\t<meta property=\"og:image:width\" content=\"1600\" \/>\n\t<meta property=\"og:image:height\" content=\"1600\" \/>\n\t<meta property=\"og:image:type\" content=\"image\/jpeg\" \/>\n<meta name=\"twitter:card\" content=\"summary_large_image\" \/>\n<meta name=\"twitter:label1\" content=\"Gesch\u00e4tzte Lesezeit\" \/>\n\t<meta name=\"twitter:data1\" content=\"1\u00a0Minute\" \/>\n<script type=\"application\/ld+json\" class=\"yoast-schema-graph\">{\"@context\":\"https:\\\/\\\/schema.org\",\"@graph\":[{\"@type\":\"WebPage\",\"@id\":\"https:\\\/\\\/erboristeria-artemisia.ch\\\/de\\\/produkt\\\/blauer-baron-100g\\\/\",\"url\":\"https:\\\/\\\/erboristeria-artemisia.ch\\\/de\\\/produkt\\\/blauer-baron-100g\\\/\",\"name\":\"Blauer Baron 100g - Erboristeria Artemisia\",\"isPartOf\":{\"@id\":\"https:\\\/\\\/erboristeria-artemisia.ch\\\/de\\\/#website\"},\"primaryImageOfPage\":{\"@id\":\"https:\\\/\\\/erboristeria-artemisia.ch\\\/de\\\/produkt\\\/blauer-baron-100g\\\/#primaryimage\"},\"image\":{\"@id\":\"https:\\\/\\\/erboristeria-artemisia.ch\\\/de\\\/produkt\\\/blauer-baron-100g\\\/#primaryimage\"},\"thumbnailUrl\":\"https:\\\/\\\/erboristeria-artemisia.ch\\\/wp-content\\\/uploads\\\/2025\\\/09\\\/Blue-Baron.jpg\",\"datePublished\":\"2025-09-12T19:25:13+00:00\",\"dateModified\":\"2025-09-25T14:25:42+00:00\",\"breadcrumb\":{\"@id\":\"https:\\\/\\\/erboristeria-artemisia.ch\\\/de\\\/produkt\\\/blauer-baron-100g\\\/#breadcrumb\"},\"inLanguage\":\"de\",\"potentialAction\":[{\"@type\":\"ReadAction\",\"target\":[\"https:\\\/\\\/erboristeria-artemisia.ch\\\/de\\\/produkt\\\/blauer-baron-100g\\\/\"]}]},{\"@type\":\"ImageObject\",\"inLanguage\":\"de\",\"@id\":\"https:\\\/\\\/erboristeria-artemisia.ch\\\/de\\\/produkt\\\/blauer-baron-100g\\\/#primaryimage\",\"url\":\"https:\\\/\\\/erboristeria-artemisia.ch\\\/wp-content\\\/uploads\\\/2025\\\/09\\\/Blue-Baron.jpg\",\"contentUrl\":\"https:\\\/\\\/erboristeria-artemisia.ch\\\/wp-content\\\/uploads\\\/2025\\\/09\\\/Blue-Baron.jpg\",\"width\":1600,\"height\":1600},{\"@type\":\"BreadcrumbList\",\"@id\":\"https:\\\/\\\/erboristeria-artemisia.ch\\\/de\\\/produkt\\\/blauer-baron-100g\\\/#breadcrumb\",\"itemListElement\":[{\"@type\":\"ListItem\",\"position\":1,\"name\":\"Home\",\"item\":\"https:\\\/\\\/erboristeria-artemisia.ch\\\/de\\\/startseite\\\/\"},{\"@type\":\"ListItem\",\"position\":2,\"name\":\"Shop4\",\"item\":\"https:\\\/\\\/erboristeria-artemisia.ch\\\/shop4\\\/\"},{\"@type\":\"ListItem\",\"position\":3,\"name\":\"Blauer Baron 100g\"}]},{\"@type\":\"WebSite\",\"@id\":\"https:\\\/\\\/erboristeria-artemisia.ch\\\/de\\\/#website\",\"url\":\"https:\\\/\\\/erboristeria-artemisia.ch\\\/de\\\/\",\"name\":\"Erboristeria Artemisia\",\"description\":\"Ogni sorso \u00e8 un momento per te\",\"potentialAction\":[{\"@type\":\"SearchAction\",\"target\":{\"@type\":\"EntryPoint\",\"urlTemplate\":\"https:\\\/\\\/erboristeria-artemisia.ch\\\/de\\\/?s={search_term_string}\"},\"query-input\":{\"@type\":\"PropertyValueSpecification\",\"valueRequired\":true,\"valueName\":\"search_term_string\"}}],\"inLanguage\":\"de\"}]}<\/script>\n<!-- \/ Yoast SEO plugin. -->","yoast_head_json":{"title":"Blauer Baron 100g - Erboristeria Artemisia","robots":{"index":"index","follow":"follow","max-snippet":"max-snippet:-1","max-image-preview":"max-image-preview:large","max-video-preview":"max-video-preview:-1"},"canonical":"https:\/\/erboristeria-artemisia.ch\/de\/produkt\/blauer-baron-100g\/","og_locale":"de_DE","og_type":"article","og_title":"Blauer Baron 100g - Erboristeria Artemisia","og_description":"Blauer Baron &#8211; 100g Der tiefe Charme von schwarzem Tee trifft auf die Zartheit der Kornblume. Verw\u00f6hnen Sie sich mit Blue Baron, einer Mischung aus feinem Schwarztee, verfeinert mit eleganten blauen Kornblumenbl\u00e4ttern und einer subtilen, raffinierten aromatischen Note. Ein Tee mit einem edlen und samtigen Charakter f\u00fcr alle, die klassische Aromen mit einer ausgepr\u00e4gten blumigen [&hellip;]","og_url":"https:\/\/erboristeria-artemisia.ch\/de\/produkt\/blauer-baron-100g\/","og_site_name":"Erboristeria Artemisia","article_modified_time":"2025-09-25T14:25:42+00:00","og_image":[{"width":1600,"height":1600,"url":"https:\/\/erboristeria-artemisia.ch\/wp-content\/uploads\/2025\/09\/Blue-Baron.jpg","type":"image\/jpeg"}],"twitter_card":"summary_large_image","twitter_misc":{"Gesch\u00e4tzte Lesezeit":"1\u00a0Minute"},"schema":{"@context":"https:\/\/schema.org","@graph":[{"@type":"WebPage","@id":"https:\/\/erboristeria-artemisia.ch\/de\/produkt\/blauer-baron-100g\/","url":"https:\/\/erboristeria-artemisia.ch\/de\/produkt\/blauer-baron-100g\/","name":"Blauer Baron 100g - Erboristeria Artemisia","isPartOf":{"@id":"https:\/\/erboristeria-artemisia.ch\/de\/#website"},"primaryImageOfPage":{"@id":"https:\/\/erboristeria-artemisia.ch\/de\/produkt\/blauer-baron-100g\/#primaryimage"},"image":{"@id":"https:\/\/erboristeria-artemisia.ch\/de\/produkt\/blauer-baron-100g\/#primaryimage"},"thumbnailUrl":"https:\/\/erboristeria-artemisia.ch\/wp-content\/uploads\/2025\/09\/Blue-Baron.jpg","datePublished":"2025-09-12T19:25:13+00:00","dateModified":"2025-09-25T14:25:42+00:00","breadcrumb":{"@id":"https:\/\/erboristeria-artemisia.ch\/de\/produkt\/blauer-baron-100g\/#breadcrumb"},"inLanguage":"de","potentialAction":[{"@type":"ReadAction","target":["https:\/\/erboristeria-artemisia.ch\/de\/produkt\/blauer-baron-100g\/"]}]},{"@type":"ImageObject","inLanguage":"de","@id":"https:\/\/erboristeria-artemisia.ch\/de\/produkt\/blauer-baron-100g\/#primaryimage","url":"https:\/\/erboristeria-artemisia.ch\/wp-content\/uploads\/2025\/09\/Blue-Baron.jpg","contentUrl":"https:\/\/erboristeria-artemisia.ch\/wp-content\/uploads\/2025\/09\/Blue-Baron.jpg","width":1600,"height":1600},{"@type":"BreadcrumbList","@id":"https:\/\/erboristeria-artemisia.ch\/de\/produkt\/blauer-baron-100g\/#breadcrumb","itemListElement":[{"@type":"ListItem","position":1,"name":"Home","item":"https:\/\/erboristeria-artemisia.ch\/de\/startseite\/"},{"@type":"ListItem","position":2,"name":"Shop4","item":"https:\/\/erboristeria-artemisia.ch\/shop4\/"},{"@type":"ListItem","position":3,"name":"Blauer Baron 100g"}]},{"@type":"WebSite","@id":"https:\/\/erboristeria-artemisia.ch\/de\/#website","url":"https:\/\/erboristeria-artemisia.ch\/de\/","name":"Erboristeria Artemisia","description":"Ogni sorso \u00e8 un momento per te","potentialAction":[{"@type":"SearchAction","target":{"@type":"EntryPoint","urlTemplate":"https:\/\/erboristeria-artemisia.ch\/de\/?s={search_term_string}"},"query-input":{"@type":"PropertyValueSpecification","valueRequired":true,"valueName":"search_term_string"}}],"inLanguage":"de"}]}},"_links":{"self":[{"href":"https:\/\/erboristeria-artemisia.ch\/de\/wp-json\/wp\/v2\/product\/30812","targetHints":{"allow":["GET"]}}],"collection":[{"href":"https:\/\/erboristeria-artemisia.ch\/de\/wp-json\/wp\/v2\/product"}],"about":[{"href":"https:\/\/erboristeria-artemisia.ch\/de\/wp-json\/wp\/v2\/types\/product"}],"wp:featuredmedia":[{"embeddable":true,"href":"https:\/\/erboristeria-artemisia.ch\/de\/wp-json\/wp\/v2\/media\/30370"}],"wp:attachment":[{"href":"https:\/\/erboristeria-artemisia.ch\/de\/wp-json\/wp\/v2\/media?parent=30812"}],"wp:term":[{"taxonomy":"product_brand","embeddable":true,"href":"https:\/\/erboristeria-artemisia.ch\/de\/wp-json\/wp\/v2\/product_brand?post=30812"},{"taxonomy":"product_cat","embeddable":true,"href":"https:\/\/erboristeria-artemisia.ch\/de\/wp-json\/wp\/v2\/product_cat?post=30812"},{"taxonomy":"product_tag","embeddable":true,"href":"https:\/\/erboristeria-artemisia.ch\/de\/wp-json\/wp\/v2\/product_tag?post=30812"}],"curies":[{"name":"wp","href":"https:\/\/api.w.org\/{rel}","templated":true}]}}