{"id":30815,"date":"2025-09-12T21:28:20","date_gmt":"2025-09-12T19:28:20","guid":{"rendered":"https:\/\/erboristeria-artemisia.ch\/product\/schwarzer-tee-mit-ingwer-100g\/"},"modified":"2025-09-25T16:25:45","modified_gmt":"2025-09-25T14:25:45","slug":"schwarzer-tee-mit-ingwer-100g","status":"publish","type":"product","link":"https:\/\/erboristeria-artemisia.ch\/de\/produkt\/schwarzer-tee-mit-ingwer-100g\/","title":{"rendered":"Schwarzer Tee mit Ingwer 100g"},"content":{"rendered":"<h3 data-start=\"146\" data-end=\"181\">\ud83c\udf31 Schwarzer Tee mit Ingwer &#8211; 100g<\/h3>\n<p data-start=\"182\" data-end=\"218\"><strong data-start=\"182\" data-end=\"218\">Nat\u00fcrliche Energie, w\u00fcrziger Geschmack<\/strong><\/p>\n<p data-start=\"220\" data-end=\"423\">Ein k\u00fchner und anregender Aufguss, der den vollmundigen Geschmack von schwarzem Tee mit der lebhaften Gew\u00fcrznote von Ingwer kombiniert. Eine perfekte Mischung f\u00fcr alle, die ein Getr\u00e4nk mit einem intensiven Geschmack und belebenden Eigenschaften suchen. <\/p>\n<ul data-start=\"425\" data-end=\"715\">\n<li data-start=\"425\" data-end=\"480\">\n<p data-start=\"427\" data-end=\"480\"><strong data-start=\"427\" data-end=\"454\">Hochwertiger schwarzer Tee<\/strong>, reich an Antioxidantien<\/p>\n<\/li>\n<li data-start=\"481\" data-end=\"554\">\n<p data-start=\"483\" data-end=\"554\"><strong data-start=\"483\" data-end=\"503\">Nat\u00fcrlicher Ingwer<\/strong>, bekannt f\u00fcr seine verdauungsf\u00f6rdernde und w\u00e4rmende Wirkung<\/p>\n<\/li>\n<li data-start=\"555\" data-end=\"604\">\n<p data-start=\"557\" data-end=\"604\">Ausgezeichnet als <strong data-start=\"569\" data-end=\"602\">Morgentee oder nach den Mahlzeiten<\/strong><\/p>\n<\/li>\n<li data-start=\"605\" data-end=\"657\">\n<p data-start=\"607\" data-end=\"657\"><strong data-start=\"621\" data-end=\"629\">100g-Packung<\/strong> f\u00fcr den t\u00e4glichen Genuss<\/p>\n<\/li>\n<li data-start=\"658\" data-end=\"715\">\n<p data-start=\"660\" data-end=\"715\">Pur <strong data-start=\"671\" data-end=\"715\">oder mit einer Scheibe Zitrone und Honig<\/strong> zu genie\u00dfen<\/p>\n<\/li>\n<\/ul>\n<p data-start=\"717\" data-end=\"836\">\ud83d\udd25 Perfekt f\u00fcr kalte Tage oder um auf nat\u00fcrliche Weise neue Energie zu tanken, mit einer w\u00fcrzigen Note, die die Sinne weckt.<\/p>\n","protected":false},"excerpt":{"rendered":"<p>\ud83c\udf31 Schwarzer Tee mit Ingwer &#8211; 100g Nat\u00fcrliche Energie, w\u00fcrziger Geschmack Ein k\u00fchner und anregender Aufguss, der den vollmundigen Geschmack von schwarzem Tee mit der lebhaften Gew\u00fcrznote von Ingwer kombiniert. Eine perfekte Mischung f\u00fcr alle, die ein Getr\u00e4nk mit einem intensiven Geschmack und belebenden Eigenschaften suchen. Hochwertiger schwarzer Tee, reich an Antioxidantien Nat\u00fcrlicher Ingwer, bekannt [&hellip;]<\/p>\n","protected":false},"featured_media":30366,"template":"","meta":{"_et_pb_use_builder":"","_et_pb_old_content":"","_et_gb_content_width":""},"product_brand":[],"product_cat":[93],"product_tag":[],"class_list":{"0":"post-30815","1":"product","2":"type-product","3":"status-publish","4":"has-post-thumbnail","6":"product_cat-schwarzer-tee","8":"first","9":"instock","10":"shipping-taxable","11":"purchasable","12":"product-type-simple"},"yoast_head":"<!-- This site is optimized with the Yoast SEO plugin v27.4 - https:\/\/yoast.com\/product\/yoast-seo-wordpress\/ -->\n<title>Schwarzer Tee mit Ingwer 100g - Erboristeria Artemisia<\/title>\n<meta name=\"robots\" content=\"index, follow, max-snippet:-1, max-image-preview:large, max-video-preview:-1\" \/>\n<link rel=\"canonical\" href=\"https:\/\/erboristeria-artemisia.ch\/de\/produkt\/schwarzer-tee-mit-ingwer-100g\/\" \/>\n<meta property=\"og:locale\" content=\"de_DE\" \/>\n<meta property=\"og:type\" content=\"article\" \/>\n<meta property=\"og:title\" content=\"Schwarzer Tee mit Ingwer 100g - Erboristeria Artemisia\" \/>\n<meta property=\"og:description\" content=\"\ud83c\udf31 Schwarzer Tee mit Ingwer &#8211; 100g Nat\u00fcrliche Energie, w\u00fcrziger Geschmack Ein k\u00fchner und anregender Aufguss, der den vollmundigen Geschmack von schwarzem Tee mit der lebhaften Gew\u00fcrznote von Ingwer kombiniert. Eine perfekte Mischung f\u00fcr alle, die ein Getr\u00e4nk mit einem intensiven Geschmack und belebenden Eigenschaften suchen. Hochwertiger schwarzer Tee, reich an Antioxidantien Nat\u00fcrlicher Ingwer, bekannt [&hellip;]\" \/>\n<meta property=\"og:url\" content=\"https:\/\/erboristeria-artemisia.ch\/de\/produkt\/schwarzer-tee-mit-ingwer-100g\/\" \/>\n<meta property=\"og:site_name\" content=\"Erboristeria Artemisia\" \/>\n<meta property=\"article:modified_time\" content=\"2025-09-25T14:25:45+00:00\" \/>\n<meta property=\"og:image\" content=\"https:\/\/erboristeria-artemisia.ch\/wp-content\/uploads\/2025\/09\/Te-nero-con-Zenzero.jpg\" \/>\n\t<meta property=\"og:image:width\" content=\"1600\" \/>\n\t<meta property=\"og:image:height\" content=\"1600\" \/>\n\t<meta property=\"og:image:type\" content=\"image\/jpeg\" \/>\n<meta name=\"twitter:card\" content=\"summary_large_image\" \/>\n<meta name=\"twitter:label1\" content=\"Gesch\u00e4tzte Lesezeit\" \/>\n\t<meta name=\"twitter:data1\" content=\"1\u00a0Minute\" \/>\n<script type=\"application\/ld+json\" class=\"yoast-schema-graph\">{\"@context\":\"https:\\\/\\\/schema.org\",\"@graph\":[{\"@type\":\"WebPage\",\"@id\":\"https:\\\/\\\/erboristeria-artemisia.ch\\\/de\\\/produkt\\\/schwarzer-tee-mit-ingwer-100g\\\/\",\"url\":\"https:\\\/\\\/erboristeria-artemisia.ch\\\/de\\\/produkt\\\/schwarzer-tee-mit-ingwer-100g\\\/\",\"name\":\"Schwarzer Tee mit Ingwer 100g - Erboristeria Artemisia\",\"isPartOf\":{\"@id\":\"https:\\\/\\\/erboristeria-artemisia.ch\\\/de\\\/#website\"},\"primaryImageOfPage\":{\"@id\":\"https:\\\/\\\/erboristeria-artemisia.ch\\\/de\\\/produkt\\\/schwarzer-tee-mit-ingwer-100g\\\/#primaryimage\"},\"image\":{\"@id\":\"https:\\\/\\\/erboristeria-artemisia.ch\\\/de\\\/produkt\\\/schwarzer-tee-mit-ingwer-100g\\\/#primaryimage\"},\"thumbnailUrl\":\"https:\\\/\\\/erboristeria-artemisia.ch\\\/wp-content\\\/uploads\\\/2025\\\/09\\\/Te-nero-con-Zenzero.jpg\",\"datePublished\":\"2025-09-12T19:28:20+00:00\",\"dateModified\":\"2025-09-25T14:25:45+00:00\",\"breadcrumb\":{\"@id\":\"https:\\\/\\\/erboristeria-artemisia.ch\\\/de\\\/produkt\\\/schwarzer-tee-mit-ingwer-100g\\\/#breadcrumb\"},\"inLanguage\":\"de\",\"potentialAction\":[{\"@type\":\"ReadAction\",\"target\":[\"https:\\\/\\\/erboristeria-artemisia.ch\\\/de\\\/produkt\\\/schwarzer-tee-mit-ingwer-100g\\\/\"]}]},{\"@type\":\"ImageObject\",\"inLanguage\":\"de\",\"@id\":\"https:\\\/\\\/erboristeria-artemisia.ch\\\/de\\\/produkt\\\/schwarzer-tee-mit-ingwer-100g\\\/#primaryimage\",\"url\":\"https:\\\/\\\/erboristeria-artemisia.ch\\\/wp-content\\\/uploads\\\/2025\\\/09\\\/Te-nero-con-Zenzero.jpg\",\"contentUrl\":\"https:\\\/\\\/erboristeria-artemisia.ch\\\/wp-content\\\/uploads\\\/2025\\\/09\\\/Te-nero-con-Zenzero.jpg\",\"width\":1600,\"height\":1600},{\"@type\":\"BreadcrumbList\",\"@id\":\"https:\\\/\\\/erboristeria-artemisia.ch\\\/de\\\/produkt\\\/schwarzer-tee-mit-ingwer-100g\\\/#breadcrumb\",\"itemListElement\":[{\"@type\":\"ListItem\",\"position\":1,\"name\":\"Home\",\"item\":\"https:\\\/\\\/erboristeria-artemisia.ch\\\/de\\\/startseite\\\/\"},{\"@type\":\"ListItem\",\"position\":2,\"name\":\"Shop4\",\"item\":\"https:\\\/\\\/erboristeria-artemisia.ch\\\/shop4\\\/\"},{\"@type\":\"ListItem\",\"position\":3,\"name\":\"Schwarzer Tee mit Ingwer 100g\"}]},{\"@type\":\"WebSite\",\"@id\":\"https:\\\/\\\/erboristeria-artemisia.ch\\\/de\\\/#website\",\"url\":\"https:\\\/\\\/erboristeria-artemisia.ch\\\/de\\\/\",\"name\":\"Erboristeria Artemisia\",\"description\":\"Ogni sorso \u00e8 un momento per te\",\"potentialAction\":[{\"@type\":\"SearchAction\",\"target\":{\"@type\":\"EntryPoint\",\"urlTemplate\":\"https:\\\/\\\/erboristeria-artemisia.ch\\\/de\\\/?s={search_term_string}\"},\"query-input\":{\"@type\":\"PropertyValueSpecification\",\"valueRequired\":true,\"valueName\":\"search_term_string\"}}],\"inLanguage\":\"de\"}]}<\/script>\n<!-- \/ Yoast SEO plugin. -->","yoast_head_json":{"title":"Schwarzer Tee mit Ingwer 100g - Erboristeria Artemisia","robots":{"index":"index","follow":"follow","max-snippet":"max-snippet:-1","max-image-preview":"max-image-preview:large","max-video-preview":"max-video-preview:-1"},"canonical":"https:\/\/erboristeria-artemisia.ch\/de\/produkt\/schwarzer-tee-mit-ingwer-100g\/","og_locale":"de_DE","og_type":"article","og_title":"Schwarzer Tee mit Ingwer 100g - Erboristeria Artemisia","og_description":"\ud83c\udf31 Schwarzer Tee mit Ingwer &#8211; 100g Nat\u00fcrliche Energie, w\u00fcrziger Geschmack Ein k\u00fchner und anregender Aufguss, der den vollmundigen Geschmack von schwarzem Tee mit der lebhaften Gew\u00fcrznote von Ingwer kombiniert. Eine perfekte Mischung f\u00fcr alle, die ein Getr\u00e4nk mit einem intensiven Geschmack und belebenden Eigenschaften suchen. Hochwertiger schwarzer Tee, reich an Antioxidantien Nat\u00fcrlicher Ingwer, bekannt [&hellip;]","og_url":"https:\/\/erboristeria-artemisia.ch\/de\/produkt\/schwarzer-tee-mit-ingwer-100g\/","og_site_name":"Erboristeria Artemisia","article_modified_time":"2025-09-25T14:25:45+00:00","og_image":[{"width":1600,"height":1600,"url":"https:\/\/erboristeria-artemisia.ch\/wp-content\/uploads\/2025\/09\/Te-nero-con-Zenzero.jpg","type":"image\/jpeg"}],"twitter_card":"summary_large_image","twitter_misc":{"Gesch\u00e4tzte Lesezeit":"1\u00a0Minute"},"schema":{"@context":"https:\/\/schema.org","@graph":[{"@type":"WebPage","@id":"https:\/\/erboristeria-artemisia.ch\/de\/produkt\/schwarzer-tee-mit-ingwer-100g\/","url":"https:\/\/erboristeria-artemisia.ch\/de\/produkt\/schwarzer-tee-mit-ingwer-100g\/","name":"Schwarzer Tee mit Ingwer 100g - Erboristeria Artemisia","isPartOf":{"@id":"https:\/\/erboristeria-artemisia.ch\/de\/#website"},"primaryImageOfPage":{"@id":"https:\/\/erboristeria-artemisia.ch\/de\/produkt\/schwarzer-tee-mit-ingwer-100g\/#primaryimage"},"image":{"@id":"https:\/\/erboristeria-artemisia.ch\/de\/produkt\/schwarzer-tee-mit-ingwer-100g\/#primaryimage"},"thumbnailUrl":"https:\/\/erboristeria-artemisia.ch\/wp-content\/uploads\/2025\/09\/Te-nero-con-Zenzero.jpg","datePublished":"2025-09-12T19:28:20+00:00","dateModified":"2025-09-25T14:25:45+00:00","breadcrumb":{"@id":"https:\/\/erboristeria-artemisia.ch\/de\/produkt\/schwarzer-tee-mit-ingwer-100g\/#breadcrumb"},"inLanguage":"de","potentialAction":[{"@type":"ReadAction","target":["https:\/\/erboristeria-artemisia.ch\/de\/produkt\/schwarzer-tee-mit-ingwer-100g\/"]}]},{"@type":"ImageObject","inLanguage":"de","@id":"https:\/\/erboristeria-artemisia.ch\/de\/produkt\/schwarzer-tee-mit-ingwer-100g\/#primaryimage","url":"https:\/\/erboristeria-artemisia.ch\/wp-content\/uploads\/2025\/09\/Te-nero-con-Zenzero.jpg","contentUrl":"https:\/\/erboristeria-artemisia.ch\/wp-content\/uploads\/2025\/09\/Te-nero-con-Zenzero.jpg","width":1600,"height":1600},{"@type":"BreadcrumbList","@id":"https:\/\/erboristeria-artemisia.ch\/de\/produkt\/schwarzer-tee-mit-ingwer-100g\/#breadcrumb","itemListElement":[{"@type":"ListItem","position":1,"name":"Home","item":"https:\/\/erboristeria-artemisia.ch\/de\/startseite\/"},{"@type":"ListItem","position":2,"name":"Shop4","item":"https:\/\/erboristeria-artemisia.ch\/shop4\/"},{"@type":"ListItem","position":3,"name":"Schwarzer Tee mit Ingwer 100g"}]},{"@type":"WebSite","@id":"https:\/\/erboristeria-artemisia.ch\/de\/#website","url":"https:\/\/erboristeria-artemisia.ch\/de\/","name":"Erboristeria Artemisia","description":"Ogni sorso \u00e8 un momento per te","potentialAction":[{"@type":"SearchAction","target":{"@type":"EntryPoint","urlTemplate":"https:\/\/erboristeria-artemisia.ch\/de\/?s={search_term_string}"},"query-input":{"@type":"PropertyValueSpecification","valueRequired":true,"valueName":"search_term_string"}}],"inLanguage":"de"}]}},"_links":{"self":[{"href":"https:\/\/erboristeria-artemisia.ch\/de\/wp-json\/wp\/v2\/product\/30815","targetHints":{"allow":["GET"]}}],"collection":[{"href":"https:\/\/erboristeria-artemisia.ch\/de\/wp-json\/wp\/v2\/product"}],"about":[{"href":"https:\/\/erboristeria-artemisia.ch\/de\/wp-json\/wp\/v2\/types\/product"}],"wp:featuredmedia":[{"embeddable":true,"href":"https:\/\/erboristeria-artemisia.ch\/de\/wp-json\/wp\/v2\/media\/30366"}],"wp:attachment":[{"href":"https:\/\/erboristeria-artemisia.ch\/de\/wp-json\/wp\/v2\/media?parent=30815"}],"wp:term":[{"taxonomy":"product_brand","embeddable":true,"href":"https:\/\/erboristeria-artemisia.ch\/de\/wp-json\/wp\/v2\/product_brand?post=30815"},{"taxonomy":"product_cat","embeddable":true,"href":"https:\/\/erboristeria-artemisia.ch\/de\/wp-json\/wp\/v2\/product_cat?post=30815"},{"taxonomy":"product_tag","embeddable":true,"href":"https:\/\/erboristeria-artemisia.ch\/de\/wp-json\/wp\/v2\/product_tag?post=30815"}],"curies":[{"name":"wp","href":"https:\/\/api.w.org\/{rel}","templated":true}]}}