{"id":30816,"date":"2025-09-12T21:37:36","date_gmt":"2025-09-12T19:37:36","guid":{"rendered":"https:\/\/erboristeria-artemisia.ch\/product\/schwarzer-tee-mandarine-100g\/"},"modified":"2025-09-25T16:25:46","modified_gmt":"2025-09-25T14:25:46","slug":"schwarzer-tee-mandarine-100g","status":"publish","type":"product","link":"https:\/\/erboristeria-artemisia.ch\/de\/produkt\/schwarzer-tee-mandarine-100g\/","title":{"rendered":"Schwarzer Tee Mandarine 100g"},"content":{"rendered":"<h3 data-start=\"80\" data-end=\"113\">\ud83c\udf4a Mandarine Schwarzer Tee &#8211; 100g<\/h3>\n<p data-start=\"114\" data-end=\"154\"><strong data-start=\"114\" data-end=\"154\">Eine Explosion der Zitrusfrische<\/strong><\/p>\n<p data-start=\"156\" data-end=\"411\">Entdecken Sie die perfekte Harmonie zwischen der Kraft des schwarzen Tees und der lebendigen S\u00fc\u00dfe der Mandarine. Diese frische und fruchtige Mischung ist ideal f\u00fcr alle, die einen Aufguss mit einem kr\u00e4ftigen und doch delikaten Charakter genie\u00dfen, der zu jeder Tageszeit erfrischend und belebend ist. <\/p>\n<ul data-start=\"413\" data-end=\"707\">\n<li data-start=\"413\" data-end=\"461\">\n<p data-start=\"415\" data-end=\"461\"><strong data-start=\"415\" data-end=\"438\">Ausgew\u00e4hlter<\/strong>, vollmundiger und aromatischer <strong data-start=\"415\" data-end=\"438\">Schwarztee<\/strong><\/p>\n<\/li>\n<li data-start=\"462\" data-end=\"530\">\n<p data-start=\"464\" data-end=\"530\">Angereichert mit <strong data-start=\"488\" data-end=\"511\">getrockneten Mandarinenst\u00fccken<\/strong> und nat\u00fcrlichen Aromen<\/p>\n<\/li>\n<li data-start=\"531\" data-end=\"579\">\n<p data-start=\"533\" data-end=\"579\">Ausgewogener Geschmack mit s\u00fc\u00dfen und zitrusartigen Noten<\/p>\n<\/li>\n<li data-start=\"580\" data-end=\"636\">\n<p data-start=\"582\" data-end=\"636\">Kann hei\u00df oder kalt genossen werden, auch mit Eis<\/p>\n<\/li>\n<li data-start=\"637\" data-end=\"707\">\n<p data-start=\"639\" data-end=\"707\"><strong data-start=\"653\" data-end=\"661\">100g-Packung<\/strong>, perfekt zum Bewahren von Frische und Duft<\/p>\n<\/li>\n<\/ul>\n","protected":false},"excerpt":{"rendered":"<p>\ud83c\udf4a Mandarine Schwarzer Tee &#8211; 100g Eine Explosion der Zitrusfrische Entdecken Sie die perfekte Harmonie zwischen der Kraft des schwarzen Tees und der lebendigen S\u00fc\u00dfe der Mandarine. Diese frische und fruchtige Mischung ist ideal f\u00fcr alle, die einen Aufguss mit einem kr\u00e4ftigen und doch delikaten Charakter genie\u00dfen, der zu jeder Tageszeit erfrischend und belebend ist. [&hellip;]<\/p>\n","protected":false},"featured_media":30364,"template":"","meta":{"_et_pb_use_builder":"","_et_pb_old_content":"","_et_gb_content_width":""},"product_brand":[],"product_cat":[93],"product_tag":[],"class_list":{"0":"post-30816","1":"product","2":"type-product","3":"status-publish","4":"has-post-thumbnail","6":"product_cat-schwarzer-tee","8":"first","9":"instock","10":"shipping-taxable","11":"purchasable","12":"product-type-simple"},"yoast_head":"<!-- This site is optimized with the Yoast SEO plugin v27.4 - https:\/\/yoast.com\/product\/yoast-seo-wordpress\/ -->\n<title>Schwarzer Tee Mandarine 100g - Erboristeria Artemisia<\/title>\n<meta name=\"robots\" content=\"index, follow, max-snippet:-1, max-image-preview:large, max-video-preview:-1\" \/>\n<link rel=\"canonical\" href=\"https:\/\/erboristeria-artemisia.ch\/de\/produkt\/schwarzer-tee-mandarine-100g\/\" \/>\n<meta property=\"og:locale\" content=\"de_DE\" \/>\n<meta property=\"og:type\" content=\"article\" \/>\n<meta property=\"og:title\" content=\"Schwarzer Tee Mandarine 100g - Erboristeria Artemisia\" \/>\n<meta property=\"og:description\" content=\"\ud83c\udf4a Mandarine Schwarzer Tee &#8211; 100g Eine Explosion der Zitrusfrische Entdecken Sie die perfekte Harmonie zwischen der Kraft des schwarzen Tees und der lebendigen S\u00fc\u00dfe der Mandarine. Diese frische und fruchtige Mischung ist ideal f\u00fcr alle, die einen Aufguss mit einem kr\u00e4ftigen und doch delikaten Charakter genie\u00dfen, der zu jeder Tageszeit erfrischend und belebend ist. [&hellip;]\" \/>\n<meta property=\"og:url\" content=\"https:\/\/erboristeria-artemisia.ch\/de\/produkt\/schwarzer-tee-mandarine-100g\/\" \/>\n<meta property=\"og:site_name\" content=\"Erboristeria Artemisia\" \/>\n<meta property=\"article:modified_time\" content=\"2025-09-25T14:25:46+00:00\" \/>\n<meta property=\"og:image\" content=\"https:\/\/erboristeria-artemisia.ch\/wp-content\/uploads\/2025\/09\/Te-nero-mandarino.jpg\" \/>\n\t<meta property=\"og:image:width\" content=\"1280\" \/>\n\t<meta property=\"og:image:height\" content=\"1280\" \/>\n\t<meta property=\"og:image:type\" content=\"image\/jpeg\" \/>\n<meta name=\"twitter:card\" content=\"summary_large_image\" \/>\n<script type=\"application\/ld+json\" class=\"yoast-schema-graph\">{\"@context\":\"https:\\\/\\\/schema.org\",\"@graph\":[{\"@type\":\"WebPage\",\"@id\":\"https:\\\/\\\/erboristeria-artemisia.ch\\\/de\\\/produkt\\\/schwarzer-tee-mandarine-100g\\\/\",\"url\":\"https:\\\/\\\/erboristeria-artemisia.ch\\\/de\\\/produkt\\\/schwarzer-tee-mandarine-100g\\\/\",\"name\":\"Schwarzer Tee Mandarine 100g - Erboristeria Artemisia\",\"isPartOf\":{\"@id\":\"https:\\\/\\\/erboristeria-artemisia.ch\\\/de\\\/#website\"},\"primaryImageOfPage\":{\"@id\":\"https:\\\/\\\/erboristeria-artemisia.ch\\\/de\\\/produkt\\\/schwarzer-tee-mandarine-100g\\\/#primaryimage\"},\"image\":{\"@id\":\"https:\\\/\\\/erboristeria-artemisia.ch\\\/de\\\/produkt\\\/schwarzer-tee-mandarine-100g\\\/#primaryimage\"},\"thumbnailUrl\":\"https:\\\/\\\/erboristeria-artemisia.ch\\\/wp-content\\\/uploads\\\/2025\\\/09\\\/Te-nero-mandarino.jpg\",\"datePublished\":\"2025-09-12T19:37:36+00:00\",\"dateModified\":\"2025-09-25T14:25:46+00:00\",\"breadcrumb\":{\"@id\":\"https:\\\/\\\/erboristeria-artemisia.ch\\\/de\\\/produkt\\\/schwarzer-tee-mandarine-100g\\\/#breadcrumb\"},\"inLanguage\":\"de\",\"potentialAction\":[{\"@type\":\"ReadAction\",\"target\":[\"https:\\\/\\\/erboristeria-artemisia.ch\\\/de\\\/produkt\\\/schwarzer-tee-mandarine-100g\\\/\"]}]},{\"@type\":\"ImageObject\",\"inLanguage\":\"de\",\"@id\":\"https:\\\/\\\/erboristeria-artemisia.ch\\\/de\\\/produkt\\\/schwarzer-tee-mandarine-100g\\\/#primaryimage\",\"url\":\"https:\\\/\\\/erboristeria-artemisia.ch\\\/wp-content\\\/uploads\\\/2025\\\/09\\\/Te-nero-mandarino.jpg\",\"contentUrl\":\"https:\\\/\\\/erboristeria-artemisia.ch\\\/wp-content\\\/uploads\\\/2025\\\/09\\\/Te-nero-mandarino.jpg\",\"width\":1280,\"height\":1280},{\"@type\":\"BreadcrumbList\",\"@id\":\"https:\\\/\\\/erboristeria-artemisia.ch\\\/de\\\/produkt\\\/schwarzer-tee-mandarine-100g\\\/#breadcrumb\",\"itemListElement\":[{\"@type\":\"ListItem\",\"position\":1,\"name\":\"Home\",\"item\":\"https:\\\/\\\/erboristeria-artemisia.ch\\\/de\\\/startseite\\\/\"},{\"@type\":\"ListItem\",\"position\":2,\"name\":\"Shop4\",\"item\":\"https:\\\/\\\/erboristeria-artemisia.ch\\\/shop4\\\/\"},{\"@type\":\"ListItem\",\"position\":3,\"name\":\"Schwarzer Tee Mandarine 100g\"}]},{\"@type\":\"WebSite\",\"@id\":\"https:\\\/\\\/erboristeria-artemisia.ch\\\/de\\\/#website\",\"url\":\"https:\\\/\\\/erboristeria-artemisia.ch\\\/de\\\/\",\"name\":\"Erboristeria Artemisia\",\"description\":\"Ogni sorso \u00e8 un momento per te\",\"potentialAction\":[{\"@type\":\"SearchAction\",\"target\":{\"@type\":\"EntryPoint\",\"urlTemplate\":\"https:\\\/\\\/erboristeria-artemisia.ch\\\/de\\\/?s={search_term_string}\"},\"query-input\":{\"@type\":\"PropertyValueSpecification\",\"valueRequired\":true,\"valueName\":\"search_term_string\"}}],\"inLanguage\":\"de\"}]}<\/script>\n<!-- \/ Yoast SEO plugin. -->","yoast_head_json":{"title":"Schwarzer Tee Mandarine 100g - Erboristeria Artemisia","robots":{"index":"index","follow":"follow","max-snippet":"max-snippet:-1","max-image-preview":"max-image-preview:large","max-video-preview":"max-video-preview:-1"},"canonical":"https:\/\/erboristeria-artemisia.ch\/de\/produkt\/schwarzer-tee-mandarine-100g\/","og_locale":"de_DE","og_type":"article","og_title":"Schwarzer Tee Mandarine 100g - Erboristeria Artemisia","og_description":"\ud83c\udf4a Mandarine Schwarzer Tee &#8211; 100g Eine Explosion der Zitrusfrische Entdecken Sie die perfekte Harmonie zwischen der Kraft des schwarzen Tees und der lebendigen S\u00fc\u00dfe der Mandarine. Diese frische und fruchtige Mischung ist ideal f\u00fcr alle, die einen Aufguss mit einem kr\u00e4ftigen und doch delikaten Charakter genie\u00dfen, der zu jeder Tageszeit erfrischend und belebend ist. [&hellip;]","og_url":"https:\/\/erboristeria-artemisia.ch\/de\/produkt\/schwarzer-tee-mandarine-100g\/","og_site_name":"Erboristeria Artemisia","article_modified_time":"2025-09-25T14:25:46+00:00","og_image":[{"width":1280,"height":1280,"url":"https:\/\/erboristeria-artemisia.ch\/wp-content\/uploads\/2025\/09\/Te-nero-mandarino.jpg","type":"image\/jpeg"}],"twitter_card":"summary_large_image","schema":{"@context":"https:\/\/schema.org","@graph":[{"@type":"WebPage","@id":"https:\/\/erboristeria-artemisia.ch\/de\/produkt\/schwarzer-tee-mandarine-100g\/","url":"https:\/\/erboristeria-artemisia.ch\/de\/produkt\/schwarzer-tee-mandarine-100g\/","name":"Schwarzer Tee Mandarine 100g - Erboristeria Artemisia","isPartOf":{"@id":"https:\/\/erboristeria-artemisia.ch\/de\/#website"},"primaryImageOfPage":{"@id":"https:\/\/erboristeria-artemisia.ch\/de\/produkt\/schwarzer-tee-mandarine-100g\/#primaryimage"},"image":{"@id":"https:\/\/erboristeria-artemisia.ch\/de\/produkt\/schwarzer-tee-mandarine-100g\/#primaryimage"},"thumbnailUrl":"https:\/\/erboristeria-artemisia.ch\/wp-content\/uploads\/2025\/09\/Te-nero-mandarino.jpg","datePublished":"2025-09-12T19:37:36+00:00","dateModified":"2025-09-25T14:25:46+00:00","breadcrumb":{"@id":"https:\/\/erboristeria-artemisia.ch\/de\/produkt\/schwarzer-tee-mandarine-100g\/#breadcrumb"},"inLanguage":"de","potentialAction":[{"@type":"ReadAction","target":["https:\/\/erboristeria-artemisia.ch\/de\/produkt\/schwarzer-tee-mandarine-100g\/"]}]},{"@type":"ImageObject","inLanguage":"de","@id":"https:\/\/erboristeria-artemisia.ch\/de\/produkt\/schwarzer-tee-mandarine-100g\/#primaryimage","url":"https:\/\/erboristeria-artemisia.ch\/wp-content\/uploads\/2025\/09\/Te-nero-mandarino.jpg","contentUrl":"https:\/\/erboristeria-artemisia.ch\/wp-content\/uploads\/2025\/09\/Te-nero-mandarino.jpg","width":1280,"height":1280},{"@type":"BreadcrumbList","@id":"https:\/\/erboristeria-artemisia.ch\/de\/produkt\/schwarzer-tee-mandarine-100g\/#breadcrumb","itemListElement":[{"@type":"ListItem","position":1,"name":"Home","item":"https:\/\/erboristeria-artemisia.ch\/de\/startseite\/"},{"@type":"ListItem","position":2,"name":"Shop4","item":"https:\/\/erboristeria-artemisia.ch\/shop4\/"},{"@type":"ListItem","position":3,"name":"Schwarzer Tee Mandarine 100g"}]},{"@type":"WebSite","@id":"https:\/\/erboristeria-artemisia.ch\/de\/#website","url":"https:\/\/erboristeria-artemisia.ch\/de\/","name":"Erboristeria Artemisia","description":"Ogni sorso \u00e8 un momento per te","potentialAction":[{"@type":"SearchAction","target":{"@type":"EntryPoint","urlTemplate":"https:\/\/erboristeria-artemisia.ch\/de\/?s={search_term_string}"},"query-input":{"@type":"PropertyValueSpecification","valueRequired":true,"valueName":"search_term_string"}}],"inLanguage":"de"}]}},"_links":{"self":[{"href":"https:\/\/erboristeria-artemisia.ch\/de\/wp-json\/wp\/v2\/product\/30816","targetHints":{"allow":["GET"]}}],"collection":[{"href":"https:\/\/erboristeria-artemisia.ch\/de\/wp-json\/wp\/v2\/product"}],"about":[{"href":"https:\/\/erboristeria-artemisia.ch\/de\/wp-json\/wp\/v2\/types\/product"}],"wp:featuredmedia":[{"embeddable":true,"href":"https:\/\/erboristeria-artemisia.ch\/de\/wp-json\/wp\/v2\/media\/30364"}],"wp:attachment":[{"href":"https:\/\/erboristeria-artemisia.ch\/de\/wp-json\/wp\/v2\/media?parent=30816"}],"wp:term":[{"taxonomy":"product_brand","embeddable":true,"href":"https:\/\/erboristeria-artemisia.ch\/de\/wp-json\/wp\/v2\/product_brand?post=30816"},{"taxonomy":"product_cat","embeddable":true,"href":"https:\/\/erboristeria-artemisia.ch\/de\/wp-json\/wp\/v2\/product_cat?post=30816"},{"taxonomy":"product_tag","embeddable":true,"href":"https:\/\/erboristeria-artemisia.ch\/de\/wp-json\/wp\/v2\/product_tag?post=30816"}],"curies":[{"name":"wp","href":"https:\/\/api.w.org\/{rel}","templated":true}]}}