{"id":30817,"date":"2025-09-12T21:30:29","date_gmt":"2025-09-12T19:30:29","guid":{"rendered":"https:\/\/erboristeria-artemisia.ch\/product\/natuerlicher-ceylon-zimt-100g\/"},"modified":"2025-09-25T16:25:46","modified_gmt":"2025-09-25T14:25:46","slug":"natuerlicher-ceylon-zimt-100g","status":"publish","type":"product","link":"https:\/\/erboristeria-artemisia.ch\/de\/produkt\/natuerlicher-ceylon-zimt-100g\/","title":{"rendered":"Nat\u00fcrlicher Ceylon-Zimt 100g"},"content":{"rendered":"<h3 data-start=\"192\" data-end=\"240\">\ud83c\udf42 Nat\u00fcrlicher Ceylon Zimt Tee &#8211; 100g<\/h3>\n<p data-start=\"241\" data-end=\"282\"><strong data-start=\"241\" data-end=\"282\">Orientalische Tradition, w\u00fcrzige W\u00e4rme<\/strong><\/p>\n<p data-start=\"284\" data-end=\"556\">Ein feiner schwarzer Tee aus Ceylon, angereichert mit echtem Zimt, f\u00fcr einen Aufguss mit einem tiefen, umh\u00fcllenden Geschmack. Die Qualit\u00e4t der Ceylonbl\u00e4tter verbindet sich mit dem s\u00fc\u00dfen und leicht w\u00fcrzigen Aroma des Zimts zu einem perfekten Getr\u00e4nk f\u00fcr jeden Moment des Tages. <\/p>\n<ul data-start=\"558\" data-end=\"856\">\n<li data-start=\"558\" data-end=\"603\">\n<p data-start=\"560\" data-end=\"603\"><strong data-start=\"560\" data-end=\"601\">Schwarzer Tee aus Ceylon mit kontrollierter Herkunft<\/strong><\/p>\n<\/li>\n<li data-start=\"604\" data-end=\"663\">\n<p data-start=\"606\" data-end=\"663\"><strong data-start=\"606\" data-end=\"636\">Nat\u00fcrliche Zimtst\u00fccke<\/strong>, ohne k\u00fcnstliche Aromastoffe<\/p>\n<\/li>\n<li data-start=\"664\" data-end=\"731\">\n<p data-start=\"666\" data-end=\"731\">Eine charaktervolle Mischung, ideal auch mit einem Schuss Milch<\/p>\n<\/li>\n<li data-start=\"732\" data-end=\"794\">\n<p data-start=\"734\" data-end=\"794\"><strong data-start=\"748\" data-end=\"756\">100g-Packung<\/strong>, versiegelt, um Frische zu gew\u00e4hrleisten<\/p>\n<\/li>\n<li data-start=\"795\" data-end=\"856\">\n<p data-start=\"797\" data-end=\"856\">Gro\u00dfartig im Winter zu genie\u00dfen, aber das ganze Jahr \u00fcber unwiderstehlich<\/p>\n<\/li>\n<\/ul>\n<p data-start=\"858\" data-end=\"918\">Eine w\u00fcrzige Verw\u00f6hnung, perfekt, um Geist und K\u00f6rper zu erw\u00e4rmen.<\/p>\n","protected":false},"excerpt":{"rendered":"<p>\ud83c\udf42 Nat\u00fcrlicher Ceylon Zimt Tee &#8211; 100g Orientalische Tradition, w\u00fcrzige W\u00e4rme Ein feiner schwarzer Tee aus Ceylon, angereichert mit echtem Zimt, f\u00fcr einen Aufguss mit einem tiefen, umh\u00fcllenden Geschmack. Die Qualit\u00e4t der Ceylonbl\u00e4tter verbindet sich mit dem s\u00fc\u00dfen und leicht w\u00fcrzigen Aroma des Zimts zu einem perfekten Getr\u00e4nk f\u00fcr jeden Moment des Tages. Schwarzer Tee [&hellip;]<\/p>\n","protected":false},"featured_media":30362,"template":"","meta":{"_et_pb_use_builder":"","_et_pb_old_content":"","_et_gb_content_width":""},"product_brand":[],"product_cat":[93],"product_tag":[],"class_list":{"0":"post-30817","1":"product","2":"type-product","3":"status-publish","4":"has-post-thumbnail","6":"product_cat-schwarzer-tee","8":"first","9":"instock","10":"shipping-taxable","11":"purchasable","12":"product-type-simple"},"yoast_head":"<!-- This site is optimized with the Yoast SEO plugin v27.4 - https:\/\/yoast.com\/product\/yoast-seo-wordpress\/ -->\n<title>Nat\u00fcrlicher Ceylon-Zimt 100g - Erboristeria Artemisia<\/title>\n<meta name=\"robots\" content=\"index, follow, max-snippet:-1, max-image-preview:large, max-video-preview:-1\" \/>\n<link rel=\"canonical\" href=\"https:\/\/erboristeria-artemisia.ch\/de\/produkt\/natuerlicher-ceylon-zimt-100g\/\" \/>\n<meta property=\"og:locale\" content=\"de_DE\" \/>\n<meta property=\"og:type\" content=\"article\" \/>\n<meta property=\"og:title\" content=\"Nat\u00fcrlicher Ceylon-Zimt 100g - Erboristeria Artemisia\" \/>\n<meta property=\"og:description\" content=\"\ud83c\udf42 Nat\u00fcrlicher Ceylon Zimt Tee &#8211; 100g Orientalische Tradition, w\u00fcrzige W\u00e4rme Ein feiner schwarzer Tee aus Ceylon, angereichert mit echtem Zimt, f\u00fcr einen Aufguss mit einem tiefen, umh\u00fcllenden Geschmack. Die Qualit\u00e4t der Ceylonbl\u00e4tter verbindet sich mit dem s\u00fc\u00dfen und leicht w\u00fcrzigen Aroma des Zimts zu einem perfekten Getr\u00e4nk f\u00fcr jeden Moment des Tages. Schwarzer Tee [&hellip;]\" \/>\n<meta property=\"og:url\" content=\"https:\/\/erboristeria-artemisia.ch\/de\/produkt\/natuerlicher-ceylon-zimt-100g\/\" \/>\n<meta property=\"og:site_name\" content=\"Erboristeria Artemisia\" \/>\n<meta property=\"article:modified_time\" content=\"2025-09-25T14:25:46+00:00\" \/>\n<meta property=\"og:image\" content=\"https:\/\/erboristeria-artemisia.ch\/wp-content\/uploads\/2025\/09\/Ceylon-Cannella.jpg\" \/>\n\t<meta property=\"og:image:width\" content=\"1600\" \/>\n\t<meta property=\"og:image:height\" content=\"1600\" \/>\n\t<meta property=\"og:image:type\" content=\"image\/jpeg\" \/>\n<meta name=\"twitter:card\" content=\"summary_large_image\" \/>\n<meta name=\"twitter:label1\" content=\"Gesch\u00e4tzte Lesezeit\" \/>\n\t<meta name=\"twitter:data1\" content=\"1\u00a0Minute\" \/>\n<script type=\"application\/ld+json\" class=\"yoast-schema-graph\">{\"@context\":\"https:\\\/\\\/schema.org\",\"@graph\":[{\"@type\":\"WebPage\",\"@id\":\"https:\\\/\\\/erboristeria-artemisia.ch\\\/de\\\/produkt\\\/natuerlicher-ceylon-zimt-100g\\\/\",\"url\":\"https:\\\/\\\/erboristeria-artemisia.ch\\\/de\\\/produkt\\\/natuerlicher-ceylon-zimt-100g\\\/\",\"name\":\"Nat\u00fcrlicher Ceylon-Zimt 100g - Erboristeria Artemisia\",\"isPartOf\":{\"@id\":\"https:\\\/\\\/erboristeria-artemisia.ch\\\/de\\\/#website\"},\"primaryImageOfPage\":{\"@id\":\"https:\\\/\\\/erboristeria-artemisia.ch\\\/de\\\/produkt\\\/natuerlicher-ceylon-zimt-100g\\\/#primaryimage\"},\"image\":{\"@id\":\"https:\\\/\\\/erboristeria-artemisia.ch\\\/de\\\/produkt\\\/natuerlicher-ceylon-zimt-100g\\\/#primaryimage\"},\"thumbnailUrl\":\"https:\\\/\\\/erboristeria-artemisia.ch\\\/wp-content\\\/uploads\\\/2025\\\/09\\\/Ceylon-Cannella.jpg\",\"datePublished\":\"2025-09-12T19:30:29+00:00\",\"dateModified\":\"2025-09-25T14:25:46+00:00\",\"breadcrumb\":{\"@id\":\"https:\\\/\\\/erboristeria-artemisia.ch\\\/de\\\/produkt\\\/natuerlicher-ceylon-zimt-100g\\\/#breadcrumb\"},\"inLanguage\":\"de\",\"potentialAction\":[{\"@type\":\"ReadAction\",\"target\":[\"https:\\\/\\\/erboristeria-artemisia.ch\\\/de\\\/produkt\\\/natuerlicher-ceylon-zimt-100g\\\/\"]}]},{\"@type\":\"ImageObject\",\"inLanguage\":\"de\",\"@id\":\"https:\\\/\\\/erboristeria-artemisia.ch\\\/de\\\/produkt\\\/natuerlicher-ceylon-zimt-100g\\\/#primaryimage\",\"url\":\"https:\\\/\\\/erboristeria-artemisia.ch\\\/wp-content\\\/uploads\\\/2025\\\/09\\\/Ceylon-Cannella.jpg\",\"contentUrl\":\"https:\\\/\\\/erboristeria-artemisia.ch\\\/wp-content\\\/uploads\\\/2025\\\/09\\\/Ceylon-Cannella.jpg\",\"width\":1600,\"height\":1600},{\"@type\":\"BreadcrumbList\",\"@id\":\"https:\\\/\\\/erboristeria-artemisia.ch\\\/de\\\/produkt\\\/natuerlicher-ceylon-zimt-100g\\\/#breadcrumb\",\"itemListElement\":[{\"@type\":\"ListItem\",\"position\":1,\"name\":\"Home\",\"item\":\"https:\\\/\\\/erboristeria-artemisia.ch\\\/de\\\/startseite\\\/\"},{\"@type\":\"ListItem\",\"position\":2,\"name\":\"Shop4\",\"item\":\"https:\\\/\\\/erboristeria-artemisia.ch\\\/shop4\\\/\"},{\"@type\":\"ListItem\",\"position\":3,\"name\":\"Nat\u00fcrlicher Ceylon-Zimt 100g\"}]},{\"@type\":\"WebSite\",\"@id\":\"https:\\\/\\\/erboristeria-artemisia.ch\\\/de\\\/#website\",\"url\":\"https:\\\/\\\/erboristeria-artemisia.ch\\\/de\\\/\",\"name\":\"Erboristeria Artemisia\",\"description\":\"Ogni sorso \u00e8 un momento per te\",\"potentialAction\":[{\"@type\":\"SearchAction\",\"target\":{\"@type\":\"EntryPoint\",\"urlTemplate\":\"https:\\\/\\\/erboristeria-artemisia.ch\\\/de\\\/?s={search_term_string}\"},\"query-input\":{\"@type\":\"PropertyValueSpecification\",\"valueRequired\":true,\"valueName\":\"search_term_string\"}}],\"inLanguage\":\"de\"}]}<\/script>\n<!-- \/ Yoast SEO plugin. -->","yoast_head_json":{"title":"Nat\u00fcrlicher Ceylon-Zimt 100g - Erboristeria Artemisia","robots":{"index":"index","follow":"follow","max-snippet":"max-snippet:-1","max-image-preview":"max-image-preview:large","max-video-preview":"max-video-preview:-1"},"canonical":"https:\/\/erboristeria-artemisia.ch\/de\/produkt\/natuerlicher-ceylon-zimt-100g\/","og_locale":"de_DE","og_type":"article","og_title":"Nat\u00fcrlicher Ceylon-Zimt 100g - Erboristeria Artemisia","og_description":"\ud83c\udf42 Nat\u00fcrlicher Ceylon Zimt Tee &#8211; 100g Orientalische Tradition, w\u00fcrzige W\u00e4rme Ein feiner schwarzer Tee aus Ceylon, angereichert mit echtem Zimt, f\u00fcr einen Aufguss mit einem tiefen, umh\u00fcllenden Geschmack. Die Qualit\u00e4t der Ceylonbl\u00e4tter verbindet sich mit dem s\u00fc\u00dfen und leicht w\u00fcrzigen Aroma des Zimts zu einem perfekten Getr\u00e4nk f\u00fcr jeden Moment des Tages. Schwarzer Tee [&hellip;]","og_url":"https:\/\/erboristeria-artemisia.ch\/de\/produkt\/natuerlicher-ceylon-zimt-100g\/","og_site_name":"Erboristeria Artemisia","article_modified_time":"2025-09-25T14:25:46+00:00","og_image":[{"width":1600,"height":1600,"url":"https:\/\/erboristeria-artemisia.ch\/wp-content\/uploads\/2025\/09\/Ceylon-Cannella.jpg","type":"image\/jpeg"}],"twitter_card":"summary_large_image","twitter_misc":{"Gesch\u00e4tzte Lesezeit":"1\u00a0Minute"},"schema":{"@context":"https:\/\/schema.org","@graph":[{"@type":"WebPage","@id":"https:\/\/erboristeria-artemisia.ch\/de\/produkt\/natuerlicher-ceylon-zimt-100g\/","url":"https:\/\/erboristeria-artemisia.ch\/de\/produkt\/natuerlicher-ceylon-zimt-100g\/","name":"Nat\u00fcrlicher Ceylon-Zimt 100g - Erboristeria Artemisia","isPartOf":{"@id":"https:\/\/erboristeria-artemisia.ch\/de\/#website"},"primaryImageOfPage":{"@id":"https:\/\/erboristeria-artemisia.ch\/de\/produkt\/natuerlicher-ceylon-zimt-100g\/#primaryimage"},"image":{"@id":"https:\/\/erboristeria-artemisia.ch\/de\/produkt\/natuerlicher-ceylon-zimt-100g\/#primaryimage"},"thumbnailUrl":"https:\/\/erboristeria-artemisia.ch\/wp-content\/uploads\/2025\/09\/Ceylon-Cannella.jpg","datePublished":"2025-09-12T19:30:29+00:00","dateModified":"2025-09-25T14:25:46+00:00","breadcrumb":{"@id":"https:\/\/erboristeria-artemisia.ch\/de\/produkt\/natuerlicher-ceylon-zimt-100g\/#breadcrumb"},"inLanguage":"de","potentialAction":[{"@type":"ReadAction","target":["https:\/\/erboristeria-artemisia.ch\/de\/produkt\/natuerlicher-ceylon-zimt-100g\/"]}]},{"@type":"ImageObject","inLanguage":"de","@id":"https:\/\/erboristeria-artemisia.ch\/de\/produkt\/natuerlicher-ceylon-zimt-100g\/#primaryimage","url":"https:\/\/erboristeria-artemisia.ch\/wp-content\/uploads\/2025\/09\/Ceylon-Cannella.jpg","contentUrl":"https:\/\/erboristeria-artemisia.ch\/wp-content\/uploads\/2025\/09\/Ceylon-Cannella.jpg","width":1600,"height":1600},{"@type":"BreadcrumbList","@id":"https:\/\/erboristeria-artemisia.ch\/de\/produkt\/natuerlicher-ceylon-zimt-100g\/#breadcrumb","itemListElement":[{"@type":"ListItem","position":1,"name":"Home","item":"https:\/\/erboristeria-artemisia.ch\/de\/startseite\/"},{"@type":"ListItem","position":2,"name":"Shop4","item":"https:\/\/erboristeria-artemisia.ch\/shop4\/"},{"@type":"ListItem","position":3,"name":"Nat\u00fcrlicher Ceylon-Zimt 100g"}]},{"@type":"WebSite","@id":"https:\/\/erboristeria-artemisia.ch\/de\/#website","url":"https:\/\/erboristeria-artemisia.ch\/de\/","name":"Erboristeria Artemisia","description":"Ogni sorso \u00e8 un momento per te","potentialAction":[{"@type":"SearchAction","target":{"@type":"EntryPoint","urlTemplate":"https:\/\/erboristeria-artemisia.ch\/de\/?s={search_term_string}"},"query-input":{"@type":"PropertyValueSpecification","valueRequired":true,"valueName":"search_term_string"}}],"inLanguage":"de"}]}},"_links":{"self":[{"href":"https:\/\/erboristeria-artemisia.ch\/de\/wp-json\/wp\/v2\/product\/30817","targetHints":{"allow":["GET"]}}],"collection":[{"href":"https:\/\/erboristeria-artemisia.ch\/de\/wp-json\/wp\/v2\/product"}],"about":[{"href":"https:\/\/erboristeria-artemisia.ch\/de\/wp-json\/wp\/v2\/types\/product"}],"wp:featuredmedia":[{"embeddable":true,"href":"https:\/\/erboristeria-artemisia.ch\/de\/wp-json\/wp\/v2\/media\/30362"}],"wp:attachment":[{"href":"https:\/\/erboristeria-artemisia.ch\/de\/wp-json\/wp\/v2\/media?parent=30817"}],"wp:term":[{"taxonomy":"product_brand","embeddable":true,"href":"https:\/\/erboristeria-artemisia.ch\/de\/wp-json\/wp\/v2\/product_brand?post=30817"},{"taxonomy":"product_cat","embeddable":true,"href":"https:\/\/erboristeria-artemisia.ch\/de\/wp-json\/wp\/v2\/product_cat?post=30817"},{"taxonomy":"product_tag","embeddable":true,"href":"https:\/\/erboristeria-artemisia.ch\/de\/wp-json\/wp\/v2\/product_tag?post=30817"}],"curies":[{"name":"wp","href":"https:\/\/api.w.org\/{rel}","templated":true}]}}