{"id":30818,"date":"2025-09-12T21:38:55","date_gmt":"2025-09-12T19:38:55","guid":{"rendered":"https:\/\/erboristeria-artemisia.ch\/product\/maracuja-spezial-schwarzer-tee-100g\/"},"modified":"2025-09-25T16:25:46","modified_gmt":"2025-09-25T14:25:46","slug":"maracuja-spezial-schwarzer-tee-100g","status":"publish","type":"product","link":"https:\/\/erboristeria-artemisia.ch\/de\/produkt\/maracuja-spezial-schwarzer-tee-100g\/","title":{"rendered":"Maracuja Spezial Schwarzer Tee 100g"},"content":{"rendered":"<h3 data-start=\"87\" data-end=\"127\">\ud83c\udf3a Maracuja Spezial Schwarzer Tee &#8211; 100g<\/h3>\n<p data-start=\"128\" data-end=\"174\"><strong data-start=\"128\" data-end=\"174\">Exotisch und einh\u00fcllend, eine Reise der Aromen<\/strong><\/p>\n<p data-start=\"176\" data-end=\"429\">Eine einzigartige Mischung, die die Robustheit von schwarzem Tee mit der s\u00fc\u00dfen, lebendigen Note von Maracuja (Passionsfrucht) kombiniert. Diese besondere Mischung bietet ein intensives, frisches und tropisches Geschmackserlebnis, perfekt f\u00fcr alle, die exotische und raffinierte Aromen lieben. <\/p>\n<ul data-start=\"431\" data-end=\"715\">\n<li data-start=\"431\" data-end=\"474\">\n<p data-start=\"433\" data-end=\"474\"><strong data-start=\"433\" data-end=\"472\">Hochwertiger ausgew\u00e4hlter schwarzer Tee<\/strong><\/p>\n<\/li>\n<li data-start=\"475\" data-end=\"542\">\n<p data-start=\"477\" data-end=\"542\">Angereichert mit <strong data-start=\"501\" data-end=\"523\">getrockneten Maracuja-St\u00fcckchen<\/strong> und nat\u00fcrlichem Aroma<\/p>\n<\/li>\n<li data-start=\"543\" data-end=\"591\">\n<p data-start=\"545\" data-end=\"591\">Harmonischer, s\u00fc\u00dfer und leicht saurer Geschmack<\/p>\n<\/li>\n<li data-start=\"592\" data-end=\"649\">\n<p data-start=\"594\" data-end=\"649\">Hervorragend hei\u00df oder als erfrischender Eistee zu genie\u00dfen<\/p>\n<\/li>\n<li data-start=\"650\" data-end=\"715\">\n<p data-start=\"652\" data-end=\"715\"><strong data-start=\"666\" data-end=\"674\">100g-Packung<\/strong>, ideal zur Erhaltung von Frische und Aroma<\/p>\n<\/li>\n<\/ul>\n<p data-start=\"717\" data-end=\"810\">\ud83c\udf79 Ein perfekter Drink f\u00fcr entspannende Momente oder um Ihrem Tag einen tropischen Touch zu verleihen.<\/p>\n","protected":false},"excerpt":{"rendered":"<p>\ud83c\udf3a Maracuja Spezial Schwarzer Tee &#8211; 100g Exotisch und einh\u00fcllend, eine Reise der Aromen Eine einzigartige Mischung, die die Robustheit von schwarzem Tee mit der s\u00fc\u00dfen, lebendigen Note von Maracuja (Passionsfrucht) kombiniert. Diese besondere Mischung bietet ein intensives, frisches und tropisches Geschmackserlebnis, perfekt f\u00fcr alle, die exotische und raffinierte Aromen lieben. Hochwertiger ausgew\u00e4hlter schwarzer Tee [&hellip;]<\/p>\n","protected":false},"featured_media":30354,"template":"","meta":{"_et_pb_use_builder":"","_et_pb_old_content":"","_et_gb_content_width":""},"product_brand":[],"product_cat":[93],"product_tag":[],"class_list":{"0":"post-30818","1":"product","2":"type-product","3":"status-publish","4":"has-post-thumbnail","6":"product_cat-schwarzer-tee","8":"first","9":"instock","10":"shipping-taxable","11":"purchasable","12":"product-type-simple"},"yoast_head":"<!-- This site is optimized with the Yoast SEO plugin v27.4 - https:\/\/yoast.com\/product\/yoast-seo-wordpress\/ -->\n<title>Maracuja Spezial Schwarzer Tee 100g - Erboristeria Artemisia<\/title>\n<meta name=\"robots\" content=\"index, follow, max-snippet:-1, max-image-preview:large, max-video-preview:-1\" \/>\n<link rel=\"canonical\" href=\"https:\/\/erboristeria-artemisia.ch\/de\/produkt\/maracuja-spezial-schwarzer-tee-100g\/\" \/>\n<meta property=\"og:locale\" content=\"de_DE\" \/>\n<meta property=\"og:type\" content=\"article\" \/>\n<meta property=\"og:title\" content=\"Maracuja Spezial Schwarzer Tee 100g - Erboristeria Artemisia\" \/>\n<meta property=\"og:description\" content=\"\ud83c\udf3a Maracuja Spezial Schwarzer Tee &#8211; 100g Exotisch und einh\u00fcllend, eine Reise der Aromen Eine einzigartige Mischung, die die Robustheit von schwarzem Tee mit der s\u00fc\u00dfen, lebendigen Note von Maracuja (Passionsfrucht) kombiniert. Diese besondere Mischung bietet ein intensives, frisches und tropisches Geschmackserlebnis, perfekt f\u00fcr alle, die exotische und raffinierte Aromen lieben. Hochwertiger ausgew\u00e4hlter schwarzer Tee [&hellip;]\" \/>\n<meta property=\"og:url\" content=\"https:\/\/erboristeria-artemisia.ch\/de\/produkt\/maracuja-spezial-schwarzer-tee-100g\/\" \/>\n<meta property=\"og:site_name\" content=\"Erboristeria Artemisia\" \/>\n<meta property=\"article:modified_time\" content=\"2025-09-25T14:25:46+00:00\" \/>\n<meta property=\"og:image\" content=\"https:\/\/erboristeria-artemisia.ch\/wp-content\/uploads\/2025\/09\/Te-nero-Maracuja-Special.jpg\" \/>\n\t<meta property=\"og:image:width\" content=\"1280\" \/>\n\t<meta property=\"og:image:height\" content=\"1280\" \/>\n\t<meta property=\"og:image:type\" content=\"image\/jpeg\" \/>\n<meta name=\"twitter:card\" content=\"summary_large_image\" \/>\n<meta name=\"twitter:label1\" content=\"Gesch\u00e4tzte Lesezeit\" \/>\n\t<meta name=\"twitter:data1\" content=\"1\u00a0Minute\" \/>\n<script type=\"application\/ld+json\" class=\"yoast-schema-graph\">{\"@context\":\"https:\\\/\\\/schema.org\",\"@graph\":[{\"@type\":\"WebPage\",\"@id\":\"https:\\\/\\\/erboristeria-artemisia.ch\\\/de\\\/produkt\\\/maracuja-spezial-schwarzer-tee-100g\\\/\",\"url\":\"https:\\\/\\\/erboristeria-artemisia.ch\\\/de\\\/produkt\\\/maracuja-spezial-schwarzer-tee-100g\\\/\",\"name\":\"Maracuja Spezial Schwarzer Tee 100g - Erboristeria Artemisia\",\"isPartOf\":{\"@id\":\"https:\\\/\\\/erboristeria-artemisia.ch\\\/de\\\/#website\"},\"primaryImageOfPage\":{\"@id\":\"https:\\\/\\\/erboristeria-artemisia.ch\\\/de\\\/produkt\\\/maracuja-spezial-schwarzer-tee-100g\\\/#primaryimage\"},\"image\":{\"@id\":\"https:\\\/\\\/erboristeria-artemisia.ch\\\/de\\\/produkt\\\/maracuja-spezial-schwarzer-tee-100g\\\/#primaryimage\"},\"thumbnailUrl\":\"https:\\\/\\\/erboristeria-artemisia.ch\\\/wp-content\\\/uploads\\\/2025\\\/09\\\/Te-nero-Maracuja-Special.jpg\",\"datePublished\":\"2025-09-12T19:38:55+00:00\",\"dateModified\":\"2025-09-25T14:25:46+00:00\",\"breadcrumb\":{\"@id\":\"https:\\\/\\\/erboristeria-artemisia.ch\\\/de\\\/produkt\\\/maracuja-spezial-schwarzer-tee-100g\\\/#breadcrumb\"},\"inLanguage\":\"de\",\"potentialAction\":[{\"@type\":\"ReadAction\",\"target\":[\"https:\\\/\\\/erboristeria-artemisia.ch\\\/de\\\/produkt\\\/maracuja-spezial-schwarzer-tee-100g\\\/\"]}]},{\"@type\":\"ImageObject\",\"inLanguage\":\"de\",\"@id\":\"https:\\\/\\\/erboristeria-artemisia.ch\\\/de\\\/produkt\\\/maracuja-spezial-schwarzer-tee-100g\\\/#primaryimage\",\"url\":\"https:\\\/\\\/erboristeria-artemisia.ch\\\/wp-content\\\/uploads\\\/2025\\\/09\\\/Te-nero-Maracuja-Special.jpg\",\"contentUrl\":\"https:\\\/\\\/erboristeria-artemisia.ch\\\/wp-content\\\/uploads\\\/2025\\\/09\\\/Te-nero-Maracuja-Special.jpg\",\"width\":1280,\"height\":1280},{\"@type\":\"BreadcrumbList\",\"@id\":\"https:\\\/\\\/erboristeria-artemisia.ch\\\/de\\\/produkt\\\/maracuja-spezial-schwarzer-tee-100g\\\/#breadcrumb\",\"itemListElement\":[{\"@type\":\"ListItem\",\"position\":1,\"name\":\"Home\",\"item\":\"https:\\\/\\\/erboristeria-artemisia.ch\\\/de\\\/startseite\\\/\"},{\"@type\":\"ListItem\",\"position\":2,\"name\":\"Shop4\",\"item\":\"https:\\\/\\\/erboristeria-artemisia.ch\\\/shop4\\\/\"},{\"@type\":\"ListItem\",\"position\":3,\"name\":\"Maracuja Spezial Schwarzer Tee 100g\"}]},{\"@type\":\"WebSite\",\"@id\":\"https:\\\/\\\/erboristeria-artemisia.ch\\\/de\\\/#website\",\"url\":\"https:\\\/\\\/erboristeria-artemisia.ch\\\/de\\\/\",\"name\":\"Erboristeria Artemisia\",\"description\":\"Ogni sorso \u00e8 un momento per te\",\"potentialAction\":[{\"@type\":\"SearchAction\",\"target\":{\"@type\":\"EntryPoint\",\"urlTemplate\":\"https:\\\/\\\/erboristeria-artemisia.ch\\\/de\\\/?s={search_term_string}\"},\"query-input\":{\"@type\":\"PropertyValueSpecification\",\"valueRequired\":true,\"valueName\":\"search_term_string\"}}],\"inLanguage\":\"de\"}]}<\/script>\n<!-- \/ Yoast SEO plugin. -->","yoast_head_json":{"title":"Maracuja Spezial Schwarzer Tee 100g - Erboristeria Artemisia","robots":{"index":"index","follow":"follow","max-snippet":"max-snippet:-1","max-image-preview":"max-image-preview:large","max-video-preview":"max-video-preview:-1"},"canonical":"https:\/\/erboristeria-artemisia.ch\/de\/produkt\/maracuja-spezial-schwarzer-tee-100g\/","og_locale":"de_DE","og_type":"article","og_title":"Maracuja Spezial Schwarzer Tee 100g - Erboristeria Artemisia","og_description":"\ud83c\udf3a Maracuja Spezial Schwarzer Tee &#8211; 100g Exotisch und einh\u00fcllend, eine Reise der Aromen Eine einzigartige Mischung, die die Robustheit von schwarzem Tee mit der s\u00fc\u00dfen, lebendigen Note von Maracuja (Passionsfrucht) kombiniert. Diese besondere Mischung bietet ein intensives, frisches und tropisches Geschmackserlebnis, perfekt f\u00fcr alle, die exotische und raffinierte Aromen lieben. Hochwertiger ausgew\u00e4hlter schwarzer Tee [&hellip;]","og_url":"https:\/\/erboristeria-artemisia.ch\/de\/produkt\/maracuja-spezial-schwarzer-tee-100g\/","og_site_name":"Erboristeria Artemisia","article_modified_time":"2025-09-25T14:25:46+00:00","og_image":[{"width":1280,"height":1280,"url":"https:\/\/erboristeria-artemisia.ch\/wp-content\/uploads\/2025\/09\/Te-nero-Maracuja-Special.jpg","type":"image\/jpeg"}],"twitter_card":"summary_large_image","twitter_misc":{"Gesch\u00e4tzte Lesezeit":"1\u00a0Minute"},"schema":{"@context":"https:\/\/schema.org","@graph":[{"@type":"WebPage","@id":"https:\/\/erboristeria-artemisia.ch\/de\/produkt\/maracuja-spezial-schwarzer-tee-100g\/","url":"https:\/\/erboristeria-artemisia.ch\/de\/produkt\/maracuja-spezial-schwarzer-tee-100g\/","name":"Maracuja Spezial Schwarzer Tee 100g - Erboristeria Artemisia","isPartOf":{"@id":"https:\/\/erboristeria-artemisia.ch\/de\/#website"},"primaryImageOfPage":{"@id":"https:\/\/erboristeria-artemisia.ch\/de\/produkt\/maracuja-spezial-schwarzer-tee-100g\/#primaryimage"},"image":{"@id":"https:\/\/erboristeria-artemisia.ch\/de\/produkt\/maracuja-spezial-schwarzer-tee-100g\/#primaryimage"},"thumbnailUrl":"https:\/\/erboristeria-artemisia.ch\/wp-content\/uploads\/2025\/09\/Te-nero-Maracuja-Special.jpg","datePublished":"2025-09-12T19:38:55+00:00","dateModified":"2025-09-25T14:25:46+00:00","breadcrumb":{"@id":"https:\/\/erboristeria-artemisia.ch\/de\/produkt\/maracuja-spezial-schwarzer-tee-100g\/#breadcrumb"},"inLanguage":"de","potentialAction":[{"@type":"ReadAction","target":["https:\/\/erboristeria-artemisia.ch\/de\/produkt\/maracuja-spezial-schwarzer-tee-100g\/"]}]},{"@type":"ImageObject","inLanguage":"de","@id":"https:\/\/erboristeria-artemisia.ch\/de\/produkt\/maracuja-spezial-schwarzer-tee-100g\/#primaryimage","url":"https:\/\/erboristeria-artemisia.ch\/wp-content\/uploads\/2025\/09\/Te-nero-Maracuja-Special.jpg","contentUrl":"https:\/\/erboristeria-artemisia.ch\/wp-content\/uploads\/2025\/09\/Te-nero-Maracuja-Special.jpg","width":1280,"height":1280},{"@type":"BreadcrumbList","@id":"https:\/\/erboristeria-artemisia.ch\/de\/produkt\/maracuja-spezial-schwarzer-tee-100g\/#breadcrumb","itemListElement":[{"@type":"ListItem","position":1,"name":"Home","item":"https:\/\/erboristeria-artemisia.ch\/de\/startseite\/"},{"@type":"ListItem","position":2,"name":"Shop4","item":"https:\/\/erboristeria-artemisia.ch\/shop4\/"},{"@type":"ListItem","position":3,"name":"Maracuja Spezial Schwarzer Tee 100g"}]},{"@type":"WebSite","@id":"https:\/\/erboristeria-artemisia.ch\/de\/#website","url":"https:\/\/erboristeria-artemisia.ch\/de\/","name":"Erboristeria Artemisia","description":"Ogni sorso \u00e8 un momento per te","potentialAction":[{"@type":"SearchAction","target":{"@type":"EntryPoint","urlTemplate":"https:\/\/erboristeria-artemisia.ch\/de\/?s={search_term_string}"},"query-input":{"@type":"PropertyValueSpecification","valueRequired":true,"valueName":"search_term_string"}}],"inLanguage":"de"}]}},"_links":{"self":[{"href":"https:\/\/erboristeria-artemisia.ch\/de\/wp-json\/wp\/v2\/product\/30818","targetHints":{"allow":["GET"]}}],"collection":[{"href":"https:\/\/erboristeria-artemisia.ch\/de\/wp-json\/wp\/v2\/product"}],"about":[{"href":"https:\/\/erboristeria-artemisia.ch\/de\/wp-json\/wp\/v2\/types\/product"}],"wp:featuredmedia":[{"embeddable":true,"href":"https:\/\/erboristeria-artemisia.ch\/de\/wp-json\/wp\/v2\/media\/30354"}],"wp:attachment":[{"href":"https:\/\/erboristeria-artemisia.ch\/de\/wp-json\/wp\/v2\/media?parent=30818"}],"wp:term":[{"taxonomy":"product_brand","embeddable":true,"href":"https:\/\/erboristeria-artemisia.ch\/de\/wp-json\/wp\/v2\/product_brand?post=30818"},{"taxonomy":"product_cat","embeddable":true,"href":"https:\/\/erboristeria-artemisia.ch\/de\/wp-json\/wp\/v2\/product_cat?post=30818"},{"taxonomy":"product_tag","embeddable":true,"href":"https:\/\/erboristeria-artemisia.ch\/de\/wp-json\/wp\/v2\/product_tag?post=30818"}],"curies":[{"name":"wp","href":"https:\/\/api.w.org\/{rel}","templated":true}]}}