{"id":30819,"date":"2025-09-12T21:32:52","date_gmt":"2025-09-12T19:32:52","guid":{"rendered":"https:\/\/erboristeria-artemisia.ch\/product\/whisky-creme-traum-100g\/"},"modified":"2025-09-25T16:25:46","modified_gmt":"2025-09-25T14:25:46","slug":"whisky-creme-traum-100g","status":"publish","type":"product","link":"https:\/\/erboristeria-artemisia.ch\/de\/produkt\/whisky-creme-traum-100g\/","title":{"rendered":"Whisky Creme Traum 100g"},"content":{"rendered":"<h3 data-start=\"206\" data-end=\"240\">\ud83e\udd43 Whisky Cream Dream &#8211; 100g<\/h3>\n<p data-start=\"241\" data-end=\"293\"><strong data-start=\"241\" data-end=\"293\">Die Eleganz eines Lik\u00f6rs, die Leichtigkeit eines Tees<\/strong><\/p>\n<p data-start=\"295\" data-end=\"521\">Verw\u00f6hnen Sie sich mit dieser Mischung, die vom samtigen Geschmack der ber\u00fchmten <em data-start=\"374\" data-end=\"388\">Whiskycreme<\/em> inspiriert ist. Ein Tee mit einem abgerundeten Geschmacksprofil, warmen Noten von Vanille, Kakao und einem Hauch von Whisky, perfekt um sich ohne Alkohol zu verw\u00f6hnen. <\/p>\n<ul data-start=\"523\" data-end=\"823\">\n<li data-start=\"523\" data-end=\"574\">\n<p data-start=\"525\" data-end=\"574\"><strong data-start=\"525\" data-end=\"572\">Aromatisierte Mischung aus schwarzem Tee (oder Rooibos)<\/strong><\/p>\n<\/li>\n<li data-start=\"575\" data-end=\"647\">\n<p data-start=\"577\" data-end=\"647\">Intensives Aroma von <strong data-start=\"596\" data-end=\"615\">Whiskysahne<\/strong>, mit <strong data-start=\"621\" data-end=\"645\">s\u00fc\u00dfen und ger\u00f6steten Noten<\/strong><\/p>\n<\/li>\n<li data-start=\"648\" data-end=\"704\">\n<p data-start=\"650\" data-end=\"704\">Ideal als <strong data-start=\"662\" data-end=\"679\">Desserttee<\/strong> oder f\u00fcr eine Gourmet-Pause<\/p>\n<\/li>\n<li data-start=\"705\" data-end=\"766\">\n<p data-start=\"707\" data-end=\"766\"><strong data-start=\"707\" data-end=\"715\">100g<\/strong> raffinierter Genuss, auch perfekt als Geschenk<\/p>\n<\/li>\n<li data-start=\"767\" data-end=\"823\">\n<p data-start=\"769\" data-end=\"823\">Ausgezeichnet <strong data-start=\"776\" data-end=\"803\">mit einem Schuss Milch<\/strong> oder pur genossen<\/p>\n<\/li>\n<\/ul>\n<p data-start=\"825\" data-end=\"907\">\ud83c\udfa9 Ein cremiger Traum in einer Tasse, f\u00fcr alle, die kompromisslos aromatische Verw\u00f6hnung lieben.<\/p>\n","protected":false},"excerpt":{"rendered":"<p>\ud83e\udd43 Whisky Cream Dream &#8211; 100g Die Eleganz eines Lik\u00f6rs, die Leichtigkeit eines Tees Verw\u00f6hnen Sie sich mit dieser Mischung, die vom samtigen Geschmack der ber\u00fchmten Whiskycreme inspiriert ist. Ein Tee mit einem abgerundeten Geschmacksprofil, warmen Noten von Vanille, Kakao und einem Hauch von Whisky, perfekt um sich ohne Alkohol zu verw\u00f6hnen. Aromatisierte Mischung aus [&hellip;]<\/p>\n","protected":false},"featured_media":30360,"template":"","meta":{"_et_pb_use_builder":"","_et_pb_old_content":"","_et_gb_content_width":""},"product_brand":[],"product_cat":[93],"product_tag":[],"class_list":{"0":"post-30819","1":"product","2":"type-product","3":"status-publish","4":"has-post-thumbnail","6":"product_cat-schwarzer-tee","8":"first","9":"instock","10":"shipping-taxable","11":"purchasable","12":"product-type-simple"},"yoast_head":"<!-- This site is optimized with the Yoast SEO plugin v27.4 - https:\/\/yoast.com\/product\/yoast-seo-wordpress\/ -->\n<title>Whisky Creme Traum 100g - Erboristeria Artemisia<\/title>\n<meta name=\"robots\" content=\"index, follow, max-snippet:-1, max-image-preview:large, max-video-preview:-1\" \/>\n<link rel=\"canonical\" href=\"https:\/\/erboristeria-artemisia.ch\/de\/produkt\/whisky-creme-traum-100g\/\" \/>\n<meta property=\"og:locale\" content=\"de_DE\" \/>\n<meta property=\"og:type\" content=\"article\" \/>\n<meta property=\"og:title\" content=\"Whisky Creme Traum 100g - Erboristeria Artemisia\" \/>\n<meta property=\"og:description\" content=\"\ud83e\udd43 Whisky Cream Dream &#8211; 100g Die Eleganz eines Lik\u00f6rs, die Leichtigkeit eines Tees Verw\u00f6hnen Sie sich mit dieser Mischung, die vom samtigen Geschmack der ber\u00fchmten Whiskycreme inspiriert ist. Ein Tee mit einem abgerundeten Geschmacksprofil, warmen Noten von Vanille, Kakao und einem Hauch von Whisky, perfekt um sich ohne Alkohol zu verw\u00f6hnen. Aromatisierte Mischung aus [&hellip;]\" \/>\n<meta property=\"og:url\" content=\"https:\/\/erboristeria-artemisia.ch\/de\/produkt\/whisky-creme-traum-100g\/\" \/>\n<meta property=\"og:site_name\" content=\"Erboristeria Artemisia\" \/>\n<meta property=\"article:modified_time\" content=\"2025-09-25T14:25:46+00:00\" \/>\n<meta property=\"og:image\" content=\"https:\/\/erboristeria-artemisia.ch\/wp-content\/uploads\/2025\/09\/Whisky-Cream-Dream.jpg\" \/>\n\t<meta property=\"og:image:width\" content=\"1600\" \/>\n\t<meta property=\"og:image:height\" content=\"1600\" \/>\n\t<meta property=\"og:image:type\" content=\"image\/jpeg\" \/>\n<meta name=\"twitter:card\" content=\"summary_large_image\" \/>\n<meta name=\"twitter:label1\" content=\"Gesch\u00e4tzte Lesezeit\" \/>\n\t<meta name=\"twitter:data1\" content=\"1\u00a0Minute\" \/>\n<script type=\"application\/ld+json\" class=\"yoast-schema-graph\">{\"@context\":\"https:\\\/\\\/schema.org\",\"@graph\":[{\"@type\":\"WebPage\",\"@id\":\"https:\\\/\\\/erboristeria-artemisia.ch\\\/de\\\/produkt\\\/whisky-creme-traum-100g\\\/\",\"url\":\"https:\\\/\\\/erboristeria-artemisia.ch\\\/de\\\/produkt\\\/whisky-creme-traum-100g\\\/\",\"name\":\"Whisky Creme Traum 100g - Erboristeria Artemisia\",\"isPartOf\":{\"@id\":\"https:\\\/\\\/erboristeria-artemisia.ch\\\/de\\\/#website\"},\"primaryImageOfPage\":{\"@id\":\"https:\\\/\\\/erboristeria-artemisia.ch\\\/de\\\/produkt\\\/whisky-creme-traum-100g\\\/#primaryimage\"},\"image\":{\"@id\":\"https:\\\/\\\/erboristeria-artemisia.ch\\\/de\\\/produkt\\\/whisky-creme-traum-100g\\\/#primaryimage\"},\"thumbnailUrl\":\"https:\\\/\\\/erboristeria-artemisia.ch\\\/wp-content\\\/uploads\\\/2025\\\/09\\\/Whisky-Cream-Dream.jpg\",\"datePublished\":\"2025-09-12T19:32:52+00:00\",\"dateModified\":\"2025-09-25T14:25:46+00:00\",\"breadcrumb\":{\"@id\":\"https:\\\/\\\/erboristeria-artemisia.ch\\\/de\\\/produkt\\\/whisky-creme-traum-100g\\\/#breadcrumb\"},\"inLanguage\":\"de\",\"potentialAction\":[{\"@type\":\"ReadAction\",\"target\":[\"https:\\\/\\\/erboristeria-artemisia.ch\\\/de\\\/produkt\\\/whisky-creme-traum-100g\\\/\"]}]},{\"@type\":\"ImageObject\",\"inLanguage\":\"de\",\"@id\":\"https:\\\/\\\/erboristeria-artemisia.ch\\\/de\\\/produkt\\\/whisky-creme-traum-100g\\\/#primaryimage\",\"url\":\"https:\\\/\\\/erboristeria-artemisia.ch\\\/wp-content\\\/uploads\\\/2025\\\/09\\\/Whisky-Cream-Dream.jpg\",\"contentUrl\":\"https:\\\/\\\/erboristeria-artemisia.ch\\\/wp-content\\\/uploads\\\/2025\\\/09\\\/Whisky-Cream-Dream.jpg\",\"width\":1600,\"height\":1600},{\"@type\":\"BreadcrumbList\",\"@id\":\"https:\\\/\\\/erboristeria-artemisia.ch\\\/de\\\/produkt\\\/whisky-creme-traum-100g\\\/#breadcrumb\",\"itemListElement\":[{\"@type\":\"ListItem\",\"position\":1,\"name\":\"Home\",\"item\":\"https:\\\/\\\/erboristeria-artemisia.ch\\\/de\\\/startseite\\\/\"},{\"@type\":\"ListItem\",\"position\":2,\"name\":\"Shop4\",\"item\":\"https:\\\/\\\/erboristeria-artemisia.ch\\\/shop4\\\/\"},{\"@type\":\"ListItem\",\"position\":3,\"name\":\"Whisky Creme Traum 100g\"}]},{\"@type\":\"WebSite\",\"@id\":\"https:\\\/\\\/erboristeria-artemisia.ch\\\/de\\\/#website\",\"url\":\"https:\\\/\\\/erboristeria-artemisia.ch\\\/de\\\/\",\"name\":\"Erboristeria Artemisia\",\"description\":\"Ogni sorso \u00e8 un momento per te\",\"potentialAction\":[{\"@type\":\"SearchAction\",\"target\":{\"@type\":\"EntryPoint\",\"urlTemplate\":\"https:\\\/\\\/erboristeria-artemisia.ch\\\/de\\\/?s={search_term_string}\"},\"query-input\":{\"@type\":\"PropertyValueSpecification\",\"valueRequired\":true,\"valueName\":\"search_term_string\"}}],\"inLanguage\":\"de\"}]}<\/script>\n<!-- \/ Yoast SEO plugin. -->","yoast_head_json":{"title":"Whisky Creme Traum 100g - Erboristeria Artemisia","robots":{"index":"index","follow":"follow","max-snippet":"max-snippet:-1","max-image-preview":"max-image-preview:large","max-video-preview":"max-video-preview:-1"},"canonical":"https:\/\/erboristeria-artemisia.ch\/de\/produkt\/whisky-creme-traum-100g\/","og_locale":"de_DE","og_type":"article","og_title":"Whisky Creme Traum 100g - Erboristeria Artemisia","og_description":"\ud83e\udd43 Whisky Cream Dream &#8211; 100g Die Eleganz eines Lik\u00f6rs, die Leichtigkeit eines Tees Verw\u00f6hnen Sie sich mit dieser Mischung, die vom samtigen Geschmack der ber\u00fchmten Whiskycreme inspiriert ist. Ein Tee mit einem abgerundeten Geschmacksprofil, warmen Noten von Vanille, Kakao und einem Hauch von Whisky, perfekt um sich ohne Alkohol zu verw\u00f6hnen. Aromatisierte Mischung aus [&hellip;]","og_url":"https:\/\/erboristeria-artemisia.ch\/de\/produkt\/whisky-creme-traum-100g\/","og_site_name":"Erboristeria Artemisia","article_modified_time":"2025-09-25T14:25:46+00:00","og_image":[{"width":1600,"height":1600,"url":"https:\/\/erboristeria-artemisia.ch\/wp-content\/uploads\/2025\/09\/Whisky-Cream-Dream.jpg","type":"image\/jpeg"}],"twitter_card":"summary_large_image","twitter_misc":{"Gesch\u00e4tzte Lesezeit":"1\u00a0Minute"},"schema":{"@context":"https:\/\/schema.org","@graph":[{"@type":"WebPage","@id":"https:\/\/erboristeria-artemisia.ch\/de\/produkt\/whisky-creme-traum-100g\/","url":"https:\/\/erboristeria-artemisia.ch\/de\/produkt\/whisky-creme-traum-100g\/","name":"Whisky Creme Traum 100g - Erboristeria Artemisia","isPartOf":{"@id":"https:\/\/erboristeria-artemisia.ch\/de\/#website"},"primaryImageOfPage":{"@id":"https:\/\/erboristeria-artemisia.ch\/de\/produkt\/whisky-creme-traum-100g\/#primaryimage"},"image":{"@id":"https:\/\/erboristeria-artemisia.ch\/de\/produkt\/whisky-creme-traum-100g\/#primaryimage"},"thumbnailUrl":"https:\/\/erboristeria-artemisia.ch\/wp-content\/uploads\/2025\/09\/Whisky-Cream-Dream.jpg","datePublished":"2025-09-12T19:32:52+00:00","dateModified":"2025-09-25T14:25:46+00:00","breadcrumb":{"@id":"https:\/\/erboristeria-artemisia.ch\/de\/produkt\/whisky-creme-traum-100g\/#breadcrumb"},"inLanguage":"de","potentialAction":[{"@type":"ReadAction","target":["https:\/\/erboristeria-artemisia.ch\/de\/produkt\/whisky-creme-traum-100g\/"]}]},{"@type":"ImageObject","inLanguage":"de","@id":"https:\/\/erboristeria-artemisia.ch\/de\/produkt\/whisky-creme-traum-100g\/#primaryimage","url":"https:\/\/erboristeria-artemisia.ch\/wp-content\/uploads\/2025\/09\/Whisky-Cream-Dream.jpg","contentUrl":"https:\/\/erboristeria-artemisia.ch\/wp-content\/uploads\/2025\/09\/Whisky-Cream-Dream.jpg","width":1600,"height":1600},{"@type":"BreadcrumbList","@id":"https:\/\/erboristeria-artemisia.ch\/de\/produkt\/whisky-creme-traum-100g\/#breadcrumb","itemListElement":[{"@type":"ListItem","position":1,"name":"Home","item":"https:\/\/erboristeria-artemisia.ch\/de\/startseite\/"},{"@type":"ListItem","position":2,"name":"Shop4","item":"https:\/\/erboristeria-artemisia.ch\/shop4\/"},{"@type":"ListItem","position":3,"name":"Whisky Creme Traum 100g"}]},{"@type":"WebSite","@id":"https:\/\/erboristeria-artemisia.ch\/de\/#website","url":"https:\/\/erboristeria-artemisia.ch\/de\/","name":"Erboristeria Artemisia","description":"Ogni sorso \u00e8 un momento per te","potentialAction":[{"@type":"SearchAction","target":{"@type":"EntryPoint","urlTemplate":"https:\/\/erboristeria-artemisia.ch\/de\/?s={search_term_string}"},"query-input":{"@type":"PropertyValueSpecification","valueRequired":true,"valueName":"search_term_string"}}],"inLanguage":"de"}]}},"_links":{"self":[{"href":"https:\/\/erboristeria-artemisia.ch\/de\/wp-json\/wp\/v2\/product\/30819","targetHints":{"allow":["GET"]}}],"collection":[{"href":"https:\/\/erboristeria-artemisia.ch\/de\/wp-json\/wp\/v2\/product"}],"about":[{"href":"https:\/\/erboristeria-artemisia.ch\/de\/wp-json\/wp\/v2\/types\/product"}],"wp:featuredmedia":[{"embeddable":true,"href":"https:\/\/erboristeria-artemisia.ch\/de\/wp-json\/wp\/v2\/media\/30360"}],"wp:attachment":[{"href":"https:\/\/erboristeria-artemisia.ch\/de\/wp-json\/wp\/v2\/media?parent=30819"}],"wp:term":[{"taxonomy":"product_brand","embeddable":true,"href":"https:\/\/erboristeria-artemisia.ch\/de\/wp-json\/wp\/v2\/product_brand?post=30819"},{"taxonomy":"product_cat","embeddable":true,"href":"https:\/\/erboristeria-artemisia.ch\/de\/wp-json\/wp\/v2\/product_cat?post=30819"},{"taxonomy":"product_tag","embeddable":true,"href":"https:\/\/erboristeria-artemisia.ch\/de\/wp-json\/wp\/v2\/product_tag?post=30819"}],"curies":[{"name":"wp","href":"https:\/\/api.w.org\/{rel}","templated":true}]}}