{"id":30821,"date":"2025-09-12T21:40:08","date_gmt":"2025-09-12T19:40:08","guid":{"rendered":"https:\/\/erboristeria-artemisia.ch\/product\/masala-chay-100g\/"},"modified":"2025-09-25T16:25:47","modified_gmt":"2025-09-25T14:25:47","slug":"masala-chay-100g","status":"publish","type":"product","link":"https:\/\/erboristeria-artemisia.ch\/de\/produkt\/masala-chay-100g\/","title":{"rendered":"Masala Chay 100g"},"content":{"rendered":"<h3 data-start=\"74\" data-end=\"101\">\ud83c\udf3f Masala Chay &#8211; 100g<\/h3>\n<p data-start=\"102\" data-end=\"137\"><strong data-start=\"102\" data-end=\"137\">Der authentische indische Gew\u00fcrztee<\/strong><\/p>\n<p data-start=\"139\" data-end=\"424\">Entdecken Sie die Energie und W\u00e4rme der indischen Tradition mit unserem Masala Chay, einem aromatischen Schwarztee, angereichert mit einer Mischung ausgew\u00e4hlter Gew\u00fcrze: Kardamom, Zimt, Ingwer, Nelken und schwarzem Pfeffer. Perfekt, um K\u00f6rper und Geist mit einem intensiven, umh\u00fcllenden Geschmack zu w\u00e4rmen. <\/p>\n<ul data-start=\"426\" data-end=\"698\">\n<li data-start=\"426\" data-end=\"457\">\n<p data-start=\"428\" data-end=\"457\"><strong data-start=\"428\" data-end=\"455\">Hochwertiger schwarzer Tee<\/strong><\/p>\n<\/li>\n<li data-start=\"458\" data-end=\"519\">\n<p data-start=\"460\" data-end=\"519\">Mischung aus nat\u00fcrlichen Gew\u00fcrzen f\u00fcr einen w\u00fcrzigen und aromatischen Geschmack<\/p>\n<\/li>\n<li data-start=\"520\" data-end=\"577\">\n<p data-start=\"522\" data-end=\"577\">Ideal zum Zubereiten mit Milch und zum S\u00fc\u00dfen nach Belieben<\/p>\n<\/li>\n<li data-start=\"578\" data-end=\"642\">\n<p data-start=\"580\" data-end=\"642\"><strong data-start=\"594\" data-end=\"602\">100g-Packung<\/strong>, perfekt f\u00fcr ein authentisches Erlebnis<\/p>\n<\/li>\n<li data-start=\"643\" data-end=\"698\">\n<p data-start=\"645\" data-end=\"698\">Ideal f\u00fcr entspannende Momente oder als Energydrink<\/p>\n<\/li>\n<\/ul>\n<p data-start=\"700\" data-end=\"793\">\u2615 Ein unbestrittener Klassiker f\u00fcr Liebhaber kr\u00e4ftiger, w\u00fcrziger Aromen, den Sie zu jeder Jahreszeit genie\u00dfen k\u00f6nnen.<\/p>\n","protected":false},"excerpt":{"rendered":"<p>\ud83c\udf3f Masala Chay &#8211; 100g Der authentische indische Gew\u00fcrztee Entdecken Sie die Energie und W\u00e4rme der indischen Tradition mit unserem Masala Chay, einem aromatischen Schwarztee, angereichert mit einer Mischung ausgew\u00e4hlter Gew\u00fcrze: Kardamom, Zimt, Ingwer, Nelken und schwarzem Pfeffer. Perfekt, um K\u00f6rper und Geist mit einem intensiven, umh\u00fcllenden Geschmack zu w\u00e4rmen. Hochwertiger schwarzer Tee Mischung aus [&hellip;]<\/p>\n","protected":false},"featured_media":30352,"template":"","meta":{"_et_pb_use_builder":"","_et_pb_old_content":"","_et_gb_content_width":""},"product_brand":[],"product_cat":[93],"product_tag":[],"class_list":{"0":"post-30821","1":"product","2":"type-product","3":"status-publish","4":"has-post-thumbnail","6":"product_cat-schwarzer-tee","8":"first","9":"instock","10":"shipping-taxable","11":"purchasable","12":"product-type-simple"},"yoast_head":"<!-- This site is optimized with the Yoast SEO plugin v27.4 - https:\/\/yoast.com\/product\/yoast-seo-wordpress\/ -->\n<title>Masala Chay 100g - Erboristeria Artemisia<\/title>\n<meta name=\"robots\" content=\"index, follow, max-snippet:-1, max-image-preview:large, max-video-preview:-1\" \/>\n<link rel=\"canonical\" href=\"https:\/\/erboristeria-artemisia.ch\/de\/produkt\/masala-chay-100g\/\" \/>\n<meta property=\"og:locale\" content=\"de_DE\" \/>\n<meta property=\"og:type\" content=\"article\" \/>\n<meta property=\"og:title\" content=\"Masala Chay 100g - Erboristeria Artemisia\" \/>\n<meta property=\"og:description\" content=\"\ud83c\udf3f Masala Chay &#8211; 100g Der authentische indische Gew\u00fcrztee Entdecken Sie die Energie und W\u00e4rme der indischen Tradition mit unserem Masala Chay, einem aromatischen Schwarztee, angereichert mit einer Mischung ausgew\u00e4hlter Gew\u00fcrze: Kardamom, Zimt, Ingwer, Nelken und schwarzem Pfeffer. Perfekt, um K\u00f6rper und Geist mit einem intensiven, umh\u00fcllenden Geschmack zu w\u00e4rmen. Hochwertiger schwarzer Tee Mischung aus [&hellip;]\" \/>\n<meta property=\"og:url\" content=\"https:\/\/erboristeria-artemisia.ch\/de\/produkt\/masala-chay-100g\/\" \/>\n<meta property=\"og:site_name\" content=\"Erboristeria Artemisia\" \/>\n<meta property=\"article:modified_time\" content=\"2025-09-25T14:25:47+00:00\" \/>\n<meta property=\"og:image\" content=\"https:\/\/erboristeria-artemisia.ch\/wp-content\/uploads\/2025\/09\/Masala-chaj.jpg\" \/>\n\t<meta property=\"og:image:width\" content=\"1600\" \/>\n\t<meta property=\"og:image:height\" content=\"1600\" \/>\n\t<meta property=\"og:image:type\" content=\"image\/jpeg\" \/>\n<meta name=\"twitter:card\" content=\"summary_large_image\" \/>\n<meta name=\"twitter:label1\" content=\"Gesch\u00e4tzte Lesezeit\" \/>\n\t<meta name=\"twitter:data1\" content=\"1\u00a0Minute\" \/>\n<script type=\"application\/ld+json\" class=\"yoast-schema-graph\">{\"@context\":\"https:\\\/\\\/schema.org\",\"@graph\":[{\"@type\":\"WebPage\",\"@id\":\"https:\\\/\\\/erboristeria-artemisia.ch\\\/de\\\/produkt\\\/masala-chay-100g\\\/\",\"url\":\"https:\\\/\\\/erboristeria-artemisia.ch\\\/de\\\/produkt\\\/masala-chay-100g\\\/\",\"name\":\"Masala Chay 100g - Erboristeria Artemisia\",\"isPartOf\":{\"@id\":\"https:\\\/\\\/erboristeria-artemisia.ch\\\/de\\\/#website\"},\"primaryImageOfPage\":{\"@id\":\"https:\\\/\\\/erboristeria-artemisia.ch\\\/de\\\/produkt\\\/masala-chay-100g\\\/#primaryimage\"},\"image\":{\"@id\":\"https:\\\/\\\/erboristeria-artemisia.ch\\\/de\\\/produkt\\\/masala-chay-100g\\\/#primaryimage\"},\"thumbnailUrl\":\"https:\\\/\\\/erboristeria-artemisia.ch\\\/wp-content\\\/uploads\\\/2025\\\/09\\\/Masala-chaj.jpg\",\"datePublished\":\"2025-09-12T19:40:08+00:00\",\"dateModified\":\"2025-09-25T14:25:47+00:00\",\"breadcrumb\":{\"@id\":\"https:\\\/\\\/erboristeria-artemisia.ch\\\/de\\\/produkt\\\/masala-chay-100g\\\/#breadcrumb\"},\"inLanguage\":\"de\",\"potentialAction\":[{\"@type\":\"ReadAction\",\"target\":[\"https:\\\/\\\/erboristeria-artemisia.ch\\\/de\\\/produkt\\\/masala-chay-100g\\\/\"]}]},{\"@type\":\"ImageObject\",\"inLanguage\":\"de\",\"@id\":\"https:\\\/\\\/erboristeria-artemisia.ch\\\/de\\\/produkt\\\/masala-chay-100g\\\/#primaryimage\",\"url\":\"https:\\\/\\\/erboristeria-artemisia.ch\\\/wp-content\\\/uploads\\\/2025\\\/09\\\/Masala-chaj.jpg\",\"contentUrl\":\"https:\\\/\\\/erboristeria-artemisia.ch\\\/wp-content\\\/uploads\\\/2025\\\/09\\\/Masala-chaj.jpg\",\"width\":1600,\"height\":1600},{\"@type\":\"BreadcrumbList\",\"@id\":\"https:\\\/\\\/erboristeria-artemisia.ch\\\/de\\\/produkt\\\/masala-chay-100g\\\/#breadcrumb\",\"itemListElement\":[{\"@type\":\"ListItem\",\"position\":1,\"name\":\"Home\",\"item\":\"https:\\\/\\\/erboristeria-artemisia.ch\\\/de\\\/startseite\\\/\"},{\"@type\":\"ListItem\",\"position\":2,\"name\":\"Shop4\",\"item\":\"https:\\\/\\\/erboristeria-artemisia.ch\\\/shop4\\\/\"},{\"@type\":\"ListItem\",\"position\":3,\"name\":\"Masala Chay 100g\"}]},{\"@type\":\"WebSite\",\"@id\":\"https:\\\/\\\/erboristeria-artemisia.ch\\\/de\\\/#website\",\"url\":\"https:\\\/\\\/erboristeria-artemisia.ch\\\/de\\\/\",\"name\":\"Erboristeria Artemisia\",\"description\":\"Ogni sorso \u00e8 un momento per te\",\"potentialAction\":[{\"@type\":\"SearchAction\",\"target\":{\"@type\":\"EntryPoint\",\"urlTemplate\":\"https:\\\/\\\/erboristeria-artemisia.ch\\\/de\\\/?s={search_term_string}\"},\"query-input\":{\"@type\":\"PropertyValueSpecification\",\"valueRequired\":true,\"valueName\":\"search_term_string\"}}],\"inLanguage\":\"de\"}]}<\/script>\n<!-- \/ Yoast SEO plugin. -->","yoast_head_json":{"title":"Masala Chay 100g - Erboristeria Artemisia","robots":{"index":"index","follow":"follow","max-snippet":"max-snippet:-1","max-image-preview":"max-image-preview:large","max-video-preview":"max-video-preview:-1"},"canonical":"https:\/\/erboristeria-artemisia.ch\/de\/produkt\/masala-chay-100g\/","og_locale":"de_DE","og_type":"article","og_title":"Masala Chay 100g - Erboristeria Artemisia","og_description":"\ud83c\udf3f Masala Chay &#8211; 100g Der authentische indische Gew\u00fcrztee Entdecken Sie die Energie und W\u00e4rme der indischen Tradition mit unserem Masala Chay, einem aromatischen Schwarztee, angereichert mit einer Mischung ausgew\u00e4hlter Gew\u00fcrze: Kardamom, Zimt, Ingwer, Nelken und schwarzem Pfeffer. Perfekt, um K\u00f6rper und Geist mit einem intensiven, umh\u00fcllenden Geschmack zu w\u00e4rmen. Hochwertiger schwarzer Tee Mischung aus [&hellip;]","og_url":"https:\/\/erboristeria-artemisia.ch\/de\/produkt\/masala-chay-100g\/","og_site_name":"Erboristeria Artemisia","article_modified_time":"2025-09-25T14:25:47+00:00","og_image":[{"width":1600,"height":1600,"url":"https:\/\/erboristeria-artemisia.ch\/wp-content\/uploads\/2025\/09\/Masala-chaj.jpg","type":"image\/jpeg"}],"twitter_card":"summary_large_image","twitter_misc":{"Gesch\u00e4tzte Lesezeit":"1\u00a0Minute"},"schema":{"@context":"https:\/\/schema.org","@graph":[{"@type":"WebPage","@id":"https:\/\/erboristeria-artemisia.ch\/de\/produkt\/masala-chay-100g\/","url":"https:\/\/erboristeria-artemisia.ch\/de\/produkt\/masala-chay-100g\/","name":"Masala Chay 100g - Erboristeria Artemisia","isPartOf":{"@id":"https:\/\/erboristeria-artemisia.ch\/de\/#website"},"primaryImageOfPage":{"@id":"https:\/\/erboristeria-artemisia.ch\/de\/produkt\/masala-chay-100g\/#primaryimage"},"image":{"@id":"https:\/\/erboristeria-artemisia.ch\/de\/produkt\/masala-chay-100g\/#primaryimage"},"thumbnailUrl":"https:\/\/erboristeria-artemisia.ch\/wp-content\/uploads\/2025\/09\/Masala-chaj.jpg","datePublished":"2025-09-12T19:40:08+00:00","dateModified":"2025-09-25T14:25:47+00:00","breadcrumb":{"@id":"https:\/\/erboristeria-artemisia.ch\/de\/produkt\/masala-chay-100g\/#breadcrumb"},"inLanguage":"de","potentialAction":[{"@type":"ReadAction","target":["https:\/\/erboristeria-artemisia.ch\/de\/produkt\/masala-chay-100g\/"]}]},{"@type":"ImageObject","inLanguage":"de","@id":"https:\/\/erboristeria-artemisia.ch\/de\/produkt\/masala-chay-100g\/#primaryimage","url":"https:\/\/erboristeria-artemisia.ch\/wp-content\/uploads\/2025\/09\/Masala-chaj.jpg","contentUrl":"https:\/\/erboristeria-artemisia.ch\/wp-content\/uploads\/2025\/09\/Masala-chaj.jpg","width":1600,"height":1600},{"@type":"BreadcrumbList","@id":"https:\/\/erboristeria-artemisia.ch\/de\/produkt\/masala-chay-100g\/#breadcrumb","itemListElement":[{"@type":"ListItem","position":1,"name":"Home","item":"https:\/\/erboristeria-artemisia.ch\/de\/startseite\/"},{"@type":"ListItem","position":2,"name":"Shop4","item":"https:\/\/erboristeria-artemisia.ch\/shop4\/"},{"@type":"ListItem","position":3,"name":"Masala Chay 100g"}]},{"@type":"WebSite","@id":"https:\/\/erboristeria-artemisia.ch\/de\/#website","url":"https:\/\/erboristeria-artemisia.ch\/de\/","name":"Erboristeria Artemisia","description":"Ogni sorso \u00e8 un momento per te","potentialAction":[{"@type":"SearchAction","target":{"@type":"EntryPoint","urlTemplate":"https:\/\/erboristeria-artemisia.ch\/de\/?s={search_term_string}"},"query-input":{"@type":"PropertyValueSpecification","valueRequired":true,"valueName":"search_term_string"}}],"inLanguage":"de"}]}},"_links":{"self":[{"href":"https:\/\/erboristeria-artemisia.ch\/de\/wp-json\/wp\/v2\/product\/30821","targetHints":{"allow":["GET"]}}],"collection":[{"href":"https:\/\/erboristeria-artemisia.ch\/de\/wp-json\/wp\/v2\/product"}],"about":[{"href":"https:\/\/erboristeria-artemisia.ch\/de\/wp-json\/wp\/v2\/types\/product"}],"wp:featuredmedia":[{"embeddable":true,"href":"https:\/\/erboristeria-artemisia.ch\/de\/wp-json\/wp\/v2\/media\/30352"}],"wp:attachment":[{"href":"https:\/\/erboristeria-artemisia.ch\/de\/wp-json\/wp\/v2\/media?parent=30821"}],"wp:term":[{"taxonomy":"product_brand","embeddable":true,"href":"https:\/\/erboristeria-artemisia.ch\/de\/wp-json\/wp\/v2\/product_brand?post=30821"},{"taxonomy":"product_cat","embeddable":true,"href":"https:\/\/erboristeria-artemisia.ch\/de\/wp-json\/wp\/v2\/product_cat?post=30821"},{"taxonomy":"product_tag","embeddable":true,"href":"https:\/\/erboristeria-artemisia.ch\/de\/wp-json\/wp\/v2\/product_tag?post=30821"}],"curies":[{"name":"wp","href":"https:\/\/api.w.org\/{rel}","templated":true}]}}