{"id":30822,"date":"2025-09-12T21:36:30","date_gmt":"2025-09-12T19:36:30","guid":{"rendered":"https:\/\/erboristeria-artemisia.ch\/product\/zitrone-grau-100g\/"},"modified":"2025-09-25T16:25:47","modified_gmt":"2025-09-25T14:25:47","slug":"zitrone-grau-100g","status":"publish","type":"product","link":"https:\/\/erboristeria-artemisia.ch\/de\/produkt\/zitrone-grau-100g\/","title":{"rendered":"Zitrone &#8211; Grau 100g"},"content":{"rendered":"<h3 data-start=\"138\" data-end=\"164\">\ud83c\udf4b Zitrone Grau &#8211; 100g<\/h3>\n<p data-start=\"165\" data-end=\"217\"><strong data-start=\"165\" data-end=\"217\">Klassischer Earl Grey mit einer frischen Note<\/strong><\/p>\n<p data-start=\"219\" data-end=\"466\">Ein raffinierter Earl Grey Schwarztee, angereichert mit dem nat\u00fcrlichen Aroma der Zitrone, f\u00fcr ein ausgewogenes und erfrischendes Getr\u00e4nk. Die Tradition der Bergamotte verbindet sich mit der Lebendigkeit von Zitrusfr\u00fcchten zu einem Aufguss mit einem harmonischen, leicht fruchtigen Geschmack. <\/p>\n<ul data-start=\"468\" data-end=\"755\">\n<li data-start=\"468\" data-end=\"534\">\n<p data-start=\"470\" data-end=\"534\"><strong data-start=\"470\" data-end=\"497\">Hochwertiger schwarzer Tee<\/strong> mit nat\u00fcrlicher Bergamotte-Essenz<\/p>\n<\/li>\n<li data-start=\"535\" data-end=\"577\">\n<p data-start=\"537\" data-end=\"577\">Helle, frische Noten von <strong data-start=\"565\" data-end=\"575\">Zitrone<\/strong><\/p>\n<\/li>\n<li data-start=\"578\" data-end=\"616\">\n<p data-start=\"580\" data-end=\"616\">Perfekt f\u00fcr den hei\u00dfen oder kalten Genuss<\/p>\n<\/li>\n<li data-start=\"617\" data-end=\"689\">\n<p data-start=\"619\" data-end=\"689\"><strong data-start=\"633\" data-end=\"641\">100g-Packung<\/strong>, ideal f\u00fcr eine elegante und erfrischende Pause<\/p>\n<\/li>\n<li data-start=\"690\" data-end=\"755\">\n<p data-start=\"692\" data-end=\"755\">Auch hervorragend mit einem Hauch Honig oder einer Scheibe frischer Zitrone<\/p>\n<\/li>\n<\/ul>\n<p data-start=\"757\" data-end=\"840\">Ein zeitloser Klassiker mit einem Hauch von Zitrusfr\u00fcchten, der Ihren Tag erhellt.<\/p>\n","protected":false},"excerpt":{"rendered":"<p>\ud83c\udf4b Zitrone Grau &#8211; 100g Klassischer Earl Grey mit einer frischen Note Ein raffinierter Earl Grey Schwarztee, angereichert mit dem nat\u00fcrlichen Aroma der Zitrone, f\u00fcr ein ausgewogenes und erfrischendes Getr\u00e4nk. Die Tradition der Bergamotte verbindet sich mit der Lebendigkeit von Zitrusfr\u00fcchten zu einem Aufguss mit einem harmonischen, leicht fruchtigen Geschmack. Hochwertiger schwarzer Tee mit nat\u00fcrlicher [&hellip;]<\/p>\n","protected":false},"featured_media":30458,"template":"","meta":{"_et_pb_use_builder":"","_et_pb_old_content":"","_et_gb_content_width":""},"product_brand":[],"product_cat":[93],"product_tag":[],"class_list":{"0":"post-30822","1":"product","2":"type-product","3":"status-publish","4":"has-post-thumbnail","6":"product_cat-schwarzer-tee","8":"first","9":"instock","10":"shipping-taxable","11":"purchasable","12":"product-type-simple"},"yoast_head":"<!-- This site is optimized with the Yoast SEO plugin v27.4 - https:\/\/yoast.com\/product\/yoast-seo-wordpress\/ -->\n<title>Zitrone - Grau 100g - Erboristeria Artemisia<\/title>\n<meta name=\"robots\" content=\"index, follow, max-snippet:-1, max-image-preview:large, max-video-preview:-1\" \/>\n<link rel=\"canonical\" href=\"https:\/\/erboristeria-artemisia.ch\/de\/produkt\/zitrone-grau-100g\/\" \/>\n<meta property=\"og:locale\" content=\"de_DE\" \/>\n<meta property=\"og:type\" content=\"article\" \/>\n<meta property=\"og:title\" content=\"Zitrone - Grau 100g - Erboristeria Artemisia\" \/>\n<meta property=\"og:description\" content=\"\ud83c\udf4b Zitrone Grau &#8211; 100g Klassischer Earl Grey mit einer frischen Note Ein raffinierter Earl Grey Schwarztee, angereichert mit dem nat\u00fcrlichen Aroma der Zitrone, f\u00fcr ein ausgewogenes und erfrischendes Getr\u00e4nk. Die Tradition der Bergamotte verbindet sich mit der Lebendigkeit von Zitrusfr\u00fcchten zu einem Aufguss mit einem harmonischen, leicht fruchtigen Geschmack. Hochwertiger schwarzer Tee mit nat\u00fcrlicher [&hellip;]\" \/>\n<meta property=\"og:url\" content=\"https:\/\/erboristeria-artemisia.ch\/de\/produkt\/zitrone-grau-100g\/\" \/>\n<meta property=\"og:site_name\" content=\"Erboristeria Artemisia\" \/>\n<meta property=\"article:modified_time\" content=\"2025-09-25T14:25:47+00:00\" \/>\n<meta property=\"og:image\" content=\"https:\/\/erboristeria-artemisia.ch\/wp-content\/uploads\/2025\/09\/80F38E51-B028-4AC3-AB83-B8BD393527BF.jpeg\" \/>\n\t<meta property=\"og:image:width\" content=\"2000\" \/>\n\t<meta property=\"og:image:height\" content=\"2000\" \/>\n\t<meta property=\"og:image:type\" content=\"image\/jpeg\" \/>\n<meta name=\"twitter:card\" content=\"summary_large_image\" \/>\n<meta name=\"twitter:label1\" content=\"Gesch\u00e4tzte Lesezeit\" \/>\n\t<meta name=\"twitter:data1\" content=\"1\u00a0Minute\" \/>\n<script type=\"application\/ld+json\" class=\"yoast-schema-graph\">{\"@context\":\"https:\\\/\\\/schema.org\",\"@graph\":[{\"@type\":\"WebPage\",\"@id\":\"https:\\\/\\\/erboristeria-artemisia.ch\\\/de\\\/produkt\\\/zitrone-grau-100g\\\/\",\"url\":\"https:\\\/\\\/erboristeria-artemisia.ch\\\/de\\\/produkt\\\/zitrone-grau-100g\\\/\",\"name\":\"Zitrone - Grau 100g - Erboristeria Artemisia\",\"isPartOf\":{\"@id\":\"https:\\\/\\\/erboristeria-artemisia.ch\\\/de\\\/#website\"},\"primaryImageOfPage\":{\"@id\":\"https:\\\/\\\/erboristeria-artemisia.ch\\\/de\\\/produkt\\\/zitrone-grau-100g\\\/#primaryimage\"},\"image\":{\"@id\":\"https:\\\/\\\/erboristeria-artemisia.ch\\\/de\\\/produkt\\\/zitrone-grau-100g\\\/#primaryimage\"},\"thumbnailUrl\":\"https:\\\/\\\/erboristeria-artemisia.ch\\\/wp-content\\\/uploads\\\/2025\\\/09\\\/80F38E51-B028-4AC3-AB83-B8BD393527BF.jpeg\",\"datePublished\":\"2025-09-12T19:36:30+00:00\",\"dateModified\":\"2025-09-25T14:25:47+00:00\",\"breadcrumb\":{\"@id\":\"https:\\\/\\\/erboristeria-artemisia.ch\\\/de\\\/produkt\\\/zitrone-grau-100g\\\/#breadcrumb\"},\"inLanguage\":\"de\",\"potentialAction\":[{\"@type\":\"ReadAction\",\"target\":[\"https:\\\/\\\/erboristeria-artemisia.ch\\\/de\\\/produkt\\\/zitrone-grau-100g\\\/\"]}]},{\"@type\":\"ImageObject\",\"inLanguage\":\"de\",\"@id\":\"https:\\\/\\\/erboristeria-artemisia.ch\\\/de\\\/produkt\\\/zitrone-grau-100g\\\/#primaryimage\",\"url\":\"https:\\\/\\\/erboristeria-artemisia.ch\\\/wp-content\\\/uploads\\\/2025\\\/09\\\/80F38E51-B028-4AC3-AB83-B8BD393527BF.jpeg\",\"contentUrl\":\"https:\\\/\\\/erboristeria-artemisia.ch\\\/wp-content\\\/uploads\\\/2025\\\/09\\\/80F38E51-B028-4AC3-AB83-B8BD393527BF.jpeg\",\"width\":2000,\"height\":2000},{\"@type\":\"BreadcrumbList\",\"@id\":\"https:\\\/\\\/erboristeria-artemisia.ch\\\/de\\\/produkt\\\/zitrone-grau-100g\\\/#breadcrumb\",\"itemListElement\":[{\"@type\":\"ListItem\",\"position\":1,\"name\":\"Home\",\"item\":\"https:\\\/\\\/erboristeria-artemisia.ch\\\/de\\\/startseite\\\/\"},{\"@type\":\"ListItem\",\"position\":2,\"name\":\"Shop4\",\"item\":\"https:\\\/\\\/erboristeria-artemisia.ch\\\/shop4\\\/\"},{\"@type\":\"ListItem\",\"position\":3,\"name\":\"Zitrone &#8211; Grau 100g\"}]},{\"@type\":\"WebSite\",\"@id\":\"https:\\\/\\\/erboristeria-artemisia.ch\\\/de\\\/#website\",\"url\":\"https:\\\/\\\/erboristeria-artemisia.ch\\\/de\\\/\",\"name\":\"Erboristeria Artemisia\",\"description\":\"Ogni sorso \u00e8 un momento per te\",\"potentialAction\":[{\"@type\":\"SearchAction\",\"target\":{\"@type\":\"EntryPoint\",\"urlTemplate\":\"https:\\\/\\\/erboristeria-artemisia.ch\\\/de\\\/?s={search_term_string}\"},\"query-input\":{\"@type\":\"PropertyValueSpecification\",\"valueRequired\":true,\"valueName\":\"search_term_string\"}}],\"inLanguage\":\"de\"}]}<\/script>\n<!-- \/ Yoast SEO plugin. -->","yoast_head_json":{"title":"Zitrone - Grau 100g - Erboristeria Artemisia","robots":{"index":"index","follow":"follow","max-snippet":"max-snippet:-1","max-image-preview":"max-image-preview:large","max-video-preview":"max-video-preview:-1"},"canonical":"https:\/\/erboristeria-artemisia.ch\/de\/produkt\/zitrone-grau-100g\/","og_locale":"de_DE","og_type":"article","og_title":"Zitrone - Grau 100g - Erboristeria Artemisia","og_description":"\ud83c\udf4b Zitrone Grau &#8211; 100g Klassischer Earl Grey mit einer frischen Note Ein raffinierter Earl Grey Schwarztee, angereichert mit dem nat\u00fcrlichen Aroma der Zitrone, f\u00fcr ein ausgewogenes und erfrischendes Getr\u00e4nk. Die Tradition der Bergamotte verbindet sich mit der Lebendigkeit von Zitrusfr\u00fcchten zu einem Aufguss mit einem harmonischen, leicht fruchtigen Geschmack. Hochwertiger schwarzer Tee mit nat\u00fcrlicher [&hellip;]","og_url":"https:\/\/erboristeria-artemisia.ch\/de\/produkt\/zitrone-grau-100g\/","og_site_name":"Erboristeria Artemisia","article_modified_time":"2025-09-25T14:25:47+00:00","og_image":[{"width":2000,"height":2000,"url":"https:\/\/erboristeria-artemisia.ch\/wp-content\/uploads\/2025\/09\/80F38E51-B028-4AC3-AB83-B8BD393527BF.jpeg","type":"image\/jpeg"}],"twitter_card":"summary_large_image","twitter_misc":{"Gesch\u00e4tzte Lesezeit":"1\u00a0Minute"},"schema":{"@context":"https:\/\/schema.org","@graph":[{"@type":"WebPage","@id":"https:\/\/erboristeria-artemisia.ch\/de\/produkt\/zitrone-grau-100g\/","url":"https:\/\/erboristeria-artemisia.ch\/de\/produkt\/zitrone-grau-100g\/","name":"Zitrone - Grau 100g - Erboristeria Artemisia","isPartOf":{"@id":"https:\/\/erboristeria-artemisia.ch\/de\/#website"},"primaryImageOfPage":{"@id":"https:\/\/erboristeria-artemisia.ch\/de\/produkt\/zitrone-grau-100g\/#primaryimage"},"image":{"@id":"https:\/\/erboristeria-artemisia.ch\/de\/produkt\/zitrone-grau-100g\/#primaryimage"},"thumbnailUrl":"https:\/\/erboristeria-artemisia.ch\/wp-content\/uploads\/2025\/09\/80F38E51-B028-4AC3-AB83-B8BD393527BF.jpeg","datePublished":"2025-09-12T19:36:30+00:00","dateModified":"2025-09-25T14:25:47+00:00","breadcrumb":{"@id":"https:\/\/erboristeria-artemisia.ch\/de\/produkt\/zitrone-grau-100g\/#breadcrumb"},"inLanguage":"de","potentialAction":[{"@type":"ReadAction","target":["https:\/\/erboristeria-artemisia.ch\/de\/produkt\/zitrone-grau-100g\/"]}]},{"@type":"ImageObject","inLanguage":"de","@id":"https:\/\/erboristeria-artemisia.ch\/de\/produkt\/zitrone-grau-100g\/#primaryimage","url":"https:\/\/erboristeria-artemisia.ch\/wp-content\/uploads\/2025\/09\/80F38E51-B028-4AC3-AB83-B8BD393527BF.jpeg","contentUrl":"https:\/\/erboristeria-artemisia.ch\/wp-content\/uploads\/2025\/09\/80F38E51-B028-4AC3-AB83-B8BD393527BF.jpeg","width":2000,"height":2000},{"@type":"BreadcrumbList","@id":"https:\/\/erboristeria-artemisia.ch\/de\/produkt\/zitrone-grau-100g\/#breadcrumb","itemListElement":[{"@type":"ListItem","position":1,"name":"Home","item":"https:\/\/erboristeria-artemisia.ch\/de\/startseite\/"},{"@type":"ListItem","position":2,"name":"Shop4","item":"https:\/\/erboristeria-artemisia.ch\/shop4\/"},{"@type":"ListItem","position":3,"name":"Zitrone &#8211; Grau 100g"}]},{"@type":"WebSite","@id":"https:\/\/erboristeria-artemisia.ch\/de\/#website","url":"https:\/\/erboristeria-artemisia.ch\/de\/","name":"Erboristeria Artemisia","description":"Ogni sorso \u00e8 un momento per te","potentialAction":[{"@type":"SearchAction","target":{"@type":"EntryPoint","urlTemplate":"https:\/\/erboristeria-artemisia.ch\/de\/?s={search_term_string}"},"query-input":{"@type":"PropertyValueSpecification","valueRequired":true,"valueName":"search_term_string"}}],"inLanguage":"de"}]}},"_links":{"self":[{"href":"https:\/\/erboristeria-artemisia.ch\/de\/wp-json\/wp\/v2\/product\/30822","targetHints":{"allow":["GET"]}}],"collection":[{"href":"https:\/\/erboristeria-artemisia.ch\/de\/wp-json\/wp\/v2\/product"}],"about":[{"href":"https:\/\/erboristeria-artemisia.ch\/de\/wp-json\/wp\/v2\/types\/product"}],"wp:featuredmedia":[{"embeddable":true,"href":"https:\/\/erboristeria-artemisia.ch\/de\/wp-json\/wp\/v2\/media\/30458"}],"wp:attachment":[{"href":"https:\/\/erboristeria-artemisia.ch\/de\/wp-json\/wp\/v2\/media?parent=30822"}],"wp:term":[{"taxonomy":"product_brand","embeddable":true,"href":"https:\/\/erboristeria-artemisia.ch\/de\/wp-json\/wp\/v2\/product_brand?post=30822"},{"taxonomy":"product_cat","embeddable":true,"href":"https:\/\/erboristeria-artemisia.ch\/de\/wp-json\/wp\/v2\/product_cat?post=30822"},{"taxonomy":"product_tag","embeddable":true,"href":"https:\/\/erboristeria-artemisia.ch\/de\/wp-json\/wp\/v2\/product_tag?post=30822"}],"curies":[{"name":"wp","href":"https:\/\/api.w.org\/{rel}","templated":true}]}}