{"id":30823,"date":"2025-09-17T20:24:15","date_gmt":"2025-09-17T18:24:15","guid":{"rendered":"https:\/\/erboristeria-artemisia.ch\/product\/pfingstrose-traene-dan-lei-80g\/"},"modified":"2025-09-25T16:25:47","modified_gmt":"2025-09-25T14:25:47","slug":"pfingstrose-traene-dan-lei-80g","status":"publish","type":"product","link":"https:\/\/erboristeria-artemisia.ch\/de\/produkt\/pfingstrose-traene-dan-lei-80g\/","title":{"rendered":"Pfingstrose Tr\u00e4ne Dan Lei 80g"},"content":{"rendered":"<h3 data-start=\"186\" data-end=\"235\">\ud83c\udf38 <strong data-start=\"193\" data-end=\"233\">Gr\u00fcner Tee &#8211; Pfingstrose Tear Dan Lei<\/strong><\/h3>\n<p data-start=\"236\" data-end=\"282\"><strong data-start=\"236\" data-end=\"282\">Raffiniert. Blumig. Inspiriert vom Orient.  <\/strong><\/p>\n<p data-start=\"284\" data-end=\"530\">Eine poetische Begegnung zwischen der Zartheit der <strong data-start=\"329\" data-end=\"348\">bl\u00fchenden Pfingstrose<\/strong> und der lebendigen Frische des <strong data-start=\"376\" data-end=\"395\">chinesischen Gr\u00fcntees<\/strong>.<br data-start=\"396\" data-end=\"399\">&#8218;Peony Tear Dan Lei&#8216; ist ein eleganter und harmonischer Aufguss, der f\u00fcr alle gedacht ist, die einen Moment der Stille, der Sch\u00f6nheit und der Introspektion suchen.<\/p>\n<p data-start=\"532\" data-end=\"730\">Die <strong data-start=\"535\" data-end=\"576\">blumigen, samtigen Noten der Pfingstrose<\/strong> verschmelzen mit dem krautigen, regenerierenden Profil des gr\u00fcnen Tees zu einer aromatischen Symphonie, die an orientalische G\u00e4rten im Morgengrauen erinnert, die noch taufeucht sind.<\/p>\n<p data-start=\"732\" data-end=\"911\">Dieser Tee mit seinem leichten, aber anhaltenden Geschmack eignet sich perfekt zur Begleitung Ihrer t\u00e4glichen Rituale. Er weckt die Sinne und streichelt die Seele, wie eine <strong data-start=\"876\" data-end=\"910\">Tr\u00e4ne von stiller Sch\u00f6nheit.<\/strong><\/p>\n<hr data-start=\"913\" data-end=\"916\">\n<h3 data-start=\"918\" data-end=\"950\">\ud83c\udf3f <strong data-start=\"925\" data-end=\"949\">Verkostungsnotizen<\/strong>:<\/h3>\n<ul data-start=\"951\" data-end=\"1245\">\n<li data-start=\"951\" data-end=\"996\">\n<p data-start=\"953\" data-end=\"996\"><strong data-start=\"953\" data-end=\"964\">Erscheinungsbild<\/strong>: Klarer, gold-gr\u00fcner Lik\u00f6r<\/p>\n<\/li>\n<li data-start=\"997\" data-end=\"1059\">\n<p data-start=\"999\" data-end=\"1059\"><strong data-start=\"999\" data-end=\"1010\">Aroma<\/strong>: Blumig, frisch, mit leicht s\u00fc\u00dfen Noten<\/p>\n<\/li>\n<li data-start=\"1060\" data-end=\"1147\">\n<p data-start=\"1062\" data-end=\"1147\"><strong data-start=\"1062\" data-end=\"1071\">Geschmack<\/strong>: Weich, zart aromatisch, mit einem sauberen, lang anhaltenden Nachgeschmack<\/p>\n<\/li>\n<li data-start=\"1148\" data-end=\"1245\">\n<p data-start=\"1150\" data-end=\"1245\"><strong data-start=\"1150\" data-end=\"1168\">Ideale Zeit<\/strong>: Morgens oder nachmittags &#8211; ideal zum Meditieren, Lesen oder f\u00fcr entspannende Momente<\/p>\n<\/li>\n<\/ul>\n","protected":false},"excerpt":{"rendered":"<p>\ud83c\udf38 Gr\u00fcner Tee &#8211; Pfingstrose Tear Dan Lei Raffiniert. Blumig. Inspiriert vom Orient. Eine poetische Begegnung zwischen der Zartheit der bl\u00fchenden Pfingstrose und der lebendigen Frische des chinesischen Gr\u00fcntees.&#8218;Peony Tear Dan Lei&#8216; ist ein eleganter und harmonischer Aufguss, der f\u00fcr alle gedacht ist, die einen Moment der Stille, der Sch\u00f6nheit und der Introspektion suchen. Die [&hellip;]<\/p>\n","protected":false},"featured_media":30463,"template":"","meta":{"_et_pb_use_builder":"","_et_pb_old_content":"","_et_gb_content_width":""},"product_brand":[],"product_cat":[91],"product_tag":[],"class_list":{"0":"post-30823","1":"product","2":"type-product","3":"status-publish","4":"has-post-thumbnail","6":"product_cat-weiser-tee","8":"first","9":"instock","10":"shipping-taxable","11":"purchasable","12":"product-type-simple"},"yoast_head":"<!-- This site is optimized with the Yoast SEO plugin v27.4 - https:\/\/yoast.com\/product\/yoast-seo-wordpress\/ -->\n<title>Pfingstrose Tr\u00e4ne Dan Lei 80g - Erboristeria Artemisia<\/title>\n<meta name=\"robots\" content=\"index, follow, max-snippet:-1, max-image-preview:large, max-video-preview:-1\" \/>\n<link rel=\"canonical\" href=\"https:\/\/erboristeria-artemisia.ch\/de\/produkt\/pfingstrose-traene-dan-lei-80g\/\" \/>\n<meta property=\"og:locale\" content=\"de_DE\" \/>\n<meta property=\"og:type\" content=\"article\" \/>\n<meta property=\"og:title\" content=\"Pfingstrose Tr\u00e4ne Dan Lei 80g - Erboristeria Artemisia\" \/>\n<meta property=\"og:description\" content=\"\ud83c\udf38 Gr\u00fcner Tee &#8211; Pfingstrose Tear Dan Lei Raffiniert. Blumig. Inspiriert vom Orient. Eine poetische Begegnung zwischen der Zartheit der bl\u00fchenden Pfingstrose und der lebendigen Frische des chinesischen Gr\u00fcntees.&#8218;Peony Tear Dan Lei&#8216; ist ein eleganter und harmonischer Aufguss, der f\u00fcr alle gedacht ist, die einen Moment der Stille, der Sch\u00f6nheit und der Introspektion suchen. Die [&hellip;]\" \/>\n<meta property=\"og:url\" content=\"https:\/\/erboristeria-artemisia.ch\/de\/produkt\/pfingstrose-traene-dan-lei-80g\/\" \/>\n<meta property=\"og:site_name\" content=\"Erboristeria Artemisia\" \/>\n<meta property=\"article:modified_time\" content=\"2025-09-25T14:25:47+00:00\" \/>\n<meta property=\"og:image\" content=\"https:\/\/erboristeria-artemisia.ch\/wp-content\/uploads\/2025\/09\/Lacrime-di-poenia-dan-lei.jpg\" \/>\n\t<meta property=\"og:image:width\" content=\"2000\" \/>\n\t<meta property=\"og:image:height\" content=\"2000\" \/>\n\t<meta property=\"og:image:type\" content=\"image\/jpeg\" \/>\n<meta name=\"twitter:card\" content=\"summary_large_image\" \/>\n<meta name=\"twitter:label1\" content=\"Gesch\u00e4tzte Lesezeit\" \/>\n\t<meta name=\"twitter:data1\" content=\"1\u00a0Minute\" \/>\n<script type=\"application\/ld+json\" class=\"yoast-schema-graph\">{\"@context\":\"https:\\\/\\\/schema.org\",\"@graph\":[{\"@type\":\"WebPage\",\"@id\":\"https:\\\/\\\/erboristeria-artemisia.ch\\\/de\\\/produkt\\\/pfingstrose-traene-dan-lei-80g\\\/\",\"url\":\"https:\\\/\\\/erboristeria-artemisia.ch\\\/de\\\/produkt\\\/pfingstrose-traene-dan-lei-80g\\\/\",\"name\":\"Pfingstrose Tr\u00e4ne Dan Lei 80g - Erboristeria Artemisia\",\"isPartOf\":{\"@id\":\"https:\\\/\\\/erboristeria-artemisia.ch\\\/de\\\/#website\"},\"primaryImageOfPage\":{\"@id\":\"https:\\\/\\\/erboristeria-artemisia.ch\\\/de\\\/produkt\\\/pfingstrose-traene-dan-lei-80g\\\/#primaryimage\"},\"image\":{\"@id\":\"https:\\\/\\\/erboristeria-artemisia.ch\\\/de\\\/produkt\\\/pfingstrose-traene-dan-lei-80g\\\/#primaryimage\"},\"thumbnailUrl\":\"https:\\\/\\\/erboristeria-artemisia.ch\\\/wp-content\\\/uploads\\\/2025\\\/09\\\/Lacrime-di-poenia-dan-lei.jpg\",\"datePublished\":\"2025-09-17T18:24:15+00:00\",\"dateModified\":\"2025-09-25T14:25:47+00:00\",\"breadcrumb\":{\"@id\":\"https:\\\/\\\/erboristeria-artemisia.ch\\\/de\\\/produkt\\\/pfingstrose-traene-dan-lei-80g\\\/#breadcrumb\"},\"inLanguage\":\"de\",\"potentialAction\":[{\"@type\":\"ReadAction\",\"target\":[\"https:\\\/\\\/erboristeria-artemisia.ch\\\/de\\\/produkt\\\/pfingstrose-traene-dan-lei-80g\\\/\"]}]},{\"@type\":\"ImageObject\",\"inLanguage\":\"de\",\"@id\":\"https:\\\/\\\/erboristeria-artemisia.ch\\\/de\\\/produkt\\\/pfingstrose-traene-dan-lei-80g\\\/#primaryimage\",\"url\":\"https:\\\/\\\/erboristeria-artemisia.ch\\\/wp-content\\\/uploads\\\/2025\\\/09\\\/Lacrime-di-poenia-dan-lei.jpg\",\"contentUrl\":\"https:\\\/\\\/erboristeria-artemisia.ch\\\/wp-content\\\/uploads\\\/2025\\\/09\\\/Lacrime-di-poenia-dan-lei.jpg\",\"width\":2000,\"height\":2000},{\"@type\":\"BreadcrumbList\",\"@id\":\"https:\\\/\\\/erboristeria-artemisia.ch\\\/de\\\/produkt\\\/pfingstrose-traene-dan-lei-80g\\\/#breadcrumb\",\"itemListElement\":[{\"@type\":\"ListItem\",\"position\":1,\"name\":\"Home\",\"item\":\"https:\\\/\\\/erboristeria-artemisia.ch\\\/de\\\/startseite\\\/\"},{\"@type\":\"ListItem\",\"position\":2,\"name\":\"Shop4\",\"item\":\"https:\\\/\\\/erboristeria-artemisia.ch\\\/shop4\\\/\"},{\"@type\":\"ListItem\",\"position\":3,\"name\":\"Pfingstrose Tr\u00e4ne Dan Lei 80g\"}]},{\"@type\":\"WebSite\",\"@id\":\"https:\\\/\\\/erboristeria-artemisia.ch\\\/de\\\/#website\",\"url\":\"https:\\\/\\\/erboristeria-artemisia.ch\\\/de\\\/\",\"name\":\"Erboristeria Artemisia\",\"description\":\"Ogni sorso \u00e8 un momento per te\",\"potentialAction\":[{\"@type\":\"SearchAction\",\"target\":{\"@type\":\"EntryPoint\",\"urlTemplate\":\"https:\\\/\\\/erboristeria-artemisia.ch\\\/de\\\/?s={search_term_string}\"},\"query-input\":{\"@type\":\"PropertyValueSpecification\",\"valueRequired\":true,\"valueName\":\"search_term_string\"}}],\"inLanguage\":\"de\"}]}<\/script>\n<!-- \/ Yoast SEO plugin. -->","yoast_head_json":{"title":"Pfingstrose Tr\u00e4ne Dan Lei 80g - Erboristeria Artemisia","robots":{"index":"index","follow":"follow","max-snippet":"max-snippet:-1","max-image-preview":"max-image-preview:large","max-video-preview":"max-video-preview:-1"},"canonical":"https:\/\/erboristeria-artemisia.ch\/de\/produkt\/pfingstrose-traene-dan-lei-80g\/","og_locale":"de_DE","og_type":"article","og_title":"Pfingstrose Tr\u00e4ne Dan Lei 80g - Erboristeria Artemisia","og_description":"\ud83c\udf38 Gr\u00fcner Tee &#8211; Pfingstrose Tear Dan Lei Raffiniert. Blumig. Inspiriert vom Orient. Eine poetische Begegnung zwischen der Zartheit der bl\u00fchenden Pfingstrose und der lebendigen Frische des chinesischen Gr\u00fcntees.&#8218;Peony Tear Dan Lei&#8216; ist ein eleganter und harmonischer Aufguss, der f\u00fcr alle gedacht ist, die einen Moment der Stille, der Sch\u00f6nheit und der Introspektion suchen. Die [&hellip;]","og_url":"https:\/\/erboristeria-artemisia.ch\/de\/produkt\/pfingstrose-traene-dan-lei-80g\/","og_site_name":"Erboristeria Artemisia","article_modified_time":"2025-09-25T14:25:47+00:00","og_image":[{"width":2000,"height":2000,"url":"https:\/\/erboristeria-artemisia.ch\/wp-content\/uploads\/2025\/09\/Lacrime-di-poenia-dan-lei.jpg","type":"image\/jpeg"}],"twitter_card":"summary_large_image","twitter_misc":{"Gesch\u00e4tzte Lesezeit":"1\u00a0Minute"},"schema":{"@context":"https:\/\/schema.org","@graph":[{"@type":"WebPage","@id":"https:\/\/erboristeria-artemisia.ch\/de\/produkt\/pfingstrose-traene-dan-lei-80g\/","url":"https:\/\/erboristeria-artemisia.ch\/de\/produkt\/pfingstrose-traene-dan-lei-80g\/","name":"Pfingstrose Tr\u00e4ne Dan Lei 80g - Erboristeria Artemisia","isPartOf":{"@id":"https:\/\/erboristeria-artemisia.ch\/de\/#website"},"primaryImageOfPage":{"@id":"https:\/\/erboristeria-artemisia.ch\/de\/produkt\/pfingstrose-traene-dan-lei-80g\/#primaryimage"},"image":{"@id":"https:\/\/erboristeria-artemisia.ch\/de\/produkt\/pfingstrose-traene-dan-lei-80g\/#primaryimage"},"thumbnailUrl":"https:\/\/erboristeria-artemisia.ch\/wp-content\/uploads\/2025\/09\/Lacrime-di-poenia-dan-lei.jpg","datePublished":"2025-09-17T18:24:15+00:00","dateModified":"2025-09-25T14:25:47+00:00","breadcrumb":{"@id":"https:\/\/erboristeria-artemisia.ch\/de\/produkt\/pfingstrose-traene-dan-lei-80g\/#breadcrumb"},"inLanguage":"de","potentialAction":[{"@type":"ReadAction","target":["https:\/\/erboristeria-artemisia.ch\/de\/produkt\/pfingstrose-traene-dan-lei-80g\/"]}]},{"@type":"ImageObject","inLanguage":"de","@id":"https:\/\/erboristeria-artemisia.ch\/de\/produkt\/pfingstrose-traene-dan-lei-80g\/#primaryimage","url":"https:\/\/erboristeria-artemisia.ch\/wp-content\/uploads\/2025\/09\/Lacrime-di-poenia-dan-lei.jpg","contentUrl":"https:\/\/erboristeria-artemisia.ch\/wp-content\/uploads\/2025\/09\/Lacrime-di-poenia-dan-lei.jpg","width":2000,"height":2000},{"@type":"BreadcrumbList","@id":"https:\/\/erboristeria-artemisia.ch\/de\/produkt\/pfingstrose-traene-dan-lei-80g\/#breadcrumb","itemListElement":[{"@type":"ListItem","position":1,"name":"Home","item":"https:\/\/erboristeria-artemisia.ch\/de\/startseite\/"},{"@type":"ListItem","position":2,"name":"Shop4","item":"https:\/\/erboristeria-artemisia.ch\/shop4\/"},{"@type":"ListItem","position":3,"name":"Pfingstrose Tr\u00e4ne Dan Lei 80g"}]},{"@type":"WebSite","@id":"https:\/\/erboristeria-artemisia.ch\/de\/#website","url":"https:\/\/erboristeria-artemisia.ch\/de\/","name":"Erboristeria Artemisia","description":"Ogni sorso \u00e8 un momento per te","potentialAction":[{"@type":"SearchAction","target":{"@type":"EntryPoint","urlTemplate":"https:\/\/erboristeria-artemisia.ch\/de\/?s={search_term_string}"},"query-input":{"@type":"PropertyValueSpecification","valueRequired":true,"valueName":"search_term_string"}}],"inLanguage":"de"}]}},"_links":{"self":[{"href":"https:\/\/erboristeria-artemisia.ch\/de\/wp-json\/wp\/v2\/product\/30823","targetHints":{"allow":["GET"]}}],"collection":[{"href":"https:\/\/erboristeria-artemisia.ch\/de\/wp-json\/wp\/v2\/product"}],"about":[{"href":"https:\/\/erboristeria-artemisia.ch\/de\/wp-json\/wp\/v2\/types\/product"}],"wp:featuredmedia":[{"embeddable":true,"href":"https:\/\/erboristeria-artemisia.ch\/de\/wp-json\/wp\/v2\/media\/30463"}],"wp:attachment":[{"href":"https:\/\/erboristeria-artemisia.ch\/de\/wp-json\/wp\/v2\/media?parent=30823"}],"wp:term":[{"taxonomy":"product_brand","embeddable":true,"href":"https:\/\/erboristeria-artemisia.ch\/de\/wp-json\/wp\/v2\/product_brand?post=30823"},{"taxonomy":"product_cat","embeddable":true,"href":"https:\/\/erboristeria-artemisia.ch\/de\/wp-json\/wp\/v2\/product_cat?post=30823"},{"taxonomy":"product_tag","embeddable":true,"href":"https:\/\/erboristeria-artemisia.ch\/de\/wp-json\/wp\/v2\/product_tag?post=30823"}],"curies":[{"name":"wp","href":"https:\/\/api.w.org\/{rel}","templated":true}]}}