{"id":30824,"date":"2025-09-17T20:28:20","date_gmt":"2025-09-17T18:28:20","guid":{"rendered":"https:\/\/erboristeria-artemisia.ch\/product\/natuerlicher-gruener-drache-80g\/"},"modified":"2025-09-25T16:25:48","modified_gmt":"2025-09-25T14:25:48","slug":"natuerlicher-gruener-drache-80g","status":"publish","type":"product","link":"https:\/\/erboristeria-artemisia.ch\/de\/produkt\/natuerlicher-gruener-drache-80g\/","title":{"rendered":"Nat\u00fcrlicher Gr\u00fcner Drache 80g"},"content":{"rendered":"<h2 data-start=\"104\" data-end=\"142\">\ud83d\udc09 <strong data-start=\"110\" data-end=\"140\">Nat\u00fcrlicher Gr\u00fcner Drache &#8211; 80g<\/strong><\/h2>\n<p data-start=\"143\" data-end=\"209\"><strong data-start=\"143\" data-end=\"209\">Reiner Gr\u00fcner Tee. Kraftvoll wie ein Drache, leicht wie ein Blatt. <\/strong><\/p>\n<p data-start=\"211\" data-end=\"429\">Direkt aus den gr\u00fcnsten H\u00f6hen des Fernen Ostens ist der <strong data-start=\"269\" data-end=\"293\">Drago Verde Naturale<\/strong> ein erstklassiger gr\u00fcner Tee, der von Hand gepfl\u00fcckt und nach traditionellen Methoden verarbeitet wird, um die ganze <strong data-start=\"397\" data-end=\"415\">nat\u00fcrliche Kraft<\/strong> des Blattes zu erhalten.<\/p>\n<p data-start=\"431\" data-end=\"744\">Ein Aufguss mit einem reinen, krautigen und anhaltenden Geschmack, der die Essenz des Gleichgewichts zwischen K\u00f6rper und Geist verk\u00f6rpert. Inspiriert vom Symbol des <strong data-start=\"565\" data-end=\"574\">Drachens<\/strong>, einem mythologischen Wesen, das St\u00e4rke, Weisheit und Wiedergeburt verk\u00f6rpert, ist dieser Tee f\u00fcr alle gedacht, die nach <strong data-start=\"671\" data-end=\"691\">nat\u00fcrlicher Energie<\/strong> und einem Moment der authentischen Verbindung mit sich selbst suchen. <\/p>\n<hr data-start=\"746\" data-end=\"749\">\n<h3 data-start=\"751\" data-end=\"783\">\ud83c\udf43 <strong data-start=\"758\" data-end=\"782\">Verkostungsnotizen<\/strong>:<\/h3>\n<ul data-start=\"784\" data-end=\"1055\">\n<li data-start=\"784\" data-end=\"850\">\n<p data-start=\"786\" data-end=\"850\"><strong data-start=\"786\" data-end=\"797\">Aussehen<\/strong>: Klarer, hellgr\u00fcner Lik\u00f6r mit goldenen Reflexen<\/p>\n<\/li>\n<li data-start=\"851\" data-end=\"903\">\n<p data-start=\"853\" data-end=\"903\"><strong data-start=\"853\" data-end=\"862\">Aroma<\/strong>: Frisch, pflanzlich, leicht ger\u00f6stet<\/p>\n<\/li>\n<li data-start=\"904\" data-end=\"975\">\n<p data-start=\"906\" data-end=\"975\"><strong data-start=\"906\" data-end=\"915\">Geschmack<\/strong>: Entscheidend, aber ausgewogen, mit einem sauberen, durstl\u00f6schenden Abgang<\/p>\n<\/li>\n<li data-start=\"976\" data-end=\"1055\">\n<p data-start=\"978\" data-end=\"1055\"><strong data-start=\"978\" data-end=\"992\">Gef\u00fchl<\/strong>: Regenerierend, ideal zur F\u00f6rderung von Konzentration und Vitalit\u00e4t<\/p>\n<\/li>\n<\/ul>\n<hr data-start=\"1057\" data-end=\"1060\">\n<h3 data-start=\"1062\" data-end=\"1084\">\ud83e\uded6 A <strong data-start=\"1069\" data-end=\"1083\">rt der Nutzung<\/strong>:<\/h3>\n<ul data-start=\"1085\" data-end=\"1265\">\n<li data-start=\"1085\" data-end=\"1115\">\n<p data-start=\"1087\" data-end=\"1115\"><strong data-start=\"1087\" data-end=\"1099\">Menge<\/strong>: 2g pro Tasse<\/p>\n<\/li>\n<li data-start=\"1116\" data-end=\"1157\">\n<p data-start=\"1118\" data-end=\"1157\"><strong data-start=\"1118\" data-end=\"1131\">Aufguss<\/strong>: 70-80\u00b0C f\u00fcr 2-3 Minuten<\/p>\n<\/li>\n<li data-start=\"1158\" data-end=\"1265\">\n<p data-start=\"1160\" data-end=\"1265\"><strong data-start=\"1160\" data-end=\"1178\">Ideale Zeit<\/strong>: Morgens oder am fr\u00fchen Nachmittag &#8211; perfekt, um den Tag mit nat\u00fcrlicher Energie zu beginnen<\/p>\n<\/li>\n<\/ul>\n","protected":false},"excerpt":{"rendered":"<p>\ud83d\udc09 Nat\u00fcrlicher Gr\u00fcner Drache &#8211; 80g Reiner Gr\u00fcner Tee. Kraftvoll wie ein Drache, leicht wie ein Blatt. Direkt aus den gr\u00fcnsten H\u00f6hen des Fernen Ostens ist der Drago Verde Naturale ein erstklassiger gr\u00fcner Tee, der von Hand gepfl\u00fcckt und nach traditionellen Methoden verarbeitet wird, um die ganze nat\u00fcrliche Kraft des Blattes zu erhalten. Ein Aufguss [&hellip;]<\/p>\n","protected":false},"featured_media":30468,"template":"","meta":{"_et_pb_use_builder":"","_et_pb_old_content":"","_et_gb_content_width":""},"product_brand":[],"product_cat":[92],"product_tag":[],"class_list":{"0":"post-30824","1":"product","2":"type-product","3":"status-publish","4":"has-post-thumbnail","6":"product_cat-chinesische-tees","8":"first","9":"instock","10":"shipping-taxable","11":"purchasable","12":"product-type-simple"},"yoast_head":"<!-- This site is optimized with the Yoast SEO plugin v27.4 - https:\/\/yoast.com\/product\/yoast-seo-wordpress\/ -->\n<title>Nat\u00fcrlicher Gr\u00fcner Drache 80g - Erboristeria Artemisia<\/title>\n<meta name=\"robots\" content=\"index, follow, max-snippet:-1, max-image-preview:large, max-video-preview:-1\" \/>\n<link rel=\"canonical\" href=\"https:\/\/erboristeria-artemisia.ch\/de\/produkt\/natuerlicher-gruener-drache-80g\/\" \/>\n<meta property=\"og:locale\" content=\"de_DE\" \/>\n<meta property=\"og:type\" content=\"article\" \/>\n<meta property=\"og:title\" content=\"Nat\u00fcrlicher Gr\u00fcner Drache 80g - Erboristeria Artemisia\" \/>\n<meta property=\"og:description\" content=\"\ud83d\udc09 Nat\u00fcrlicher Gr\u00fcner Drache &#8211; 80g Reiner Gr\u00fcner Tee. Kraftvoll wie ein Drache, leicht wie ein Blatt. Direkt aus den gr\u00fcnsten H\u00f6hen des Fernen Ostens ist der Drago Verde Naturale ein erstklassiger gr\u00fcner Tee, der von Hand gepfl\u00fcckt und nach traditionellen Methoden verarbeitet wird, um die ganze nat\u00fcrliche Kraft des Blattes zu erhalten. Ein Aufguss [&hellip;]\" \/>\n<meta property=\"og:url\" content=\"https:\/\/erboristeria-artemisia.ch\/de\/produkt\/natuerlicher-gruener-drache-80g\/\" \/>\n<meta property=\"og:site_name\" content=\"Erboristeria Artemisia\" \/>\n<meta property=\"article:modified_time\" content=\"2025-09-25T14:25:48+00:00\" \/>\n<meta property=\"og:image\" content=\"https:\/\/erboristeria-artemisia.ch\/wp-content\/uploads\/2025\/09\/Drago-verde.jpg\" \/>\n\t<meta property=\"og:image:width\" content=\"2000\" \/>\n\t<meta property=\"og:image:height\" content=\"2000\" \/>\n\t<meta property=\"og:image:type\" content=\"image\/jpeg\" \/>\n<meta name=\"twitter:card\" content=\"summary_large_image\" \/>\n<meta name=\"twitter:label1\" content=\"Gesch\u00e4tzte Lesezeit\" \/>\n\t<meta name=\"twitter:data1\" content=\"1\u00a0Minute\" \/>\n<script type=\"application\/ld+json\" class=\"yoast-schema-graph\">{\"@context\":\"https:\\\/\\\/schema.org\",\"@graph\":[{\"@type\":\"WebPage\",\"@id\":\"https:\\\/\\\/erboristeria-artemisia.ch\\\/de\\\/produkt\\\/natuerlicher-gruener-drache-80g\\\/\",\"url\":\"https:\\\/\\\/erboristeria-artemisia.ch\\\/de\\\/produkt\\\/natuerlicher-gruener-drache-80g\\\/\",\"name\":\"Nat\u00fcrlicher Gr\u00fcner Drache 80g - Erboristeria Artemisia\",\"isPartOf\":{\"@id\":\"https:\\\/\\\/erboristeria-artemisia.ch\\\/de\\\/#website\"},\"primaryImageOfPage\":{\"@id\":\"https:\\\/\\\/erboristeria-artemisia.ch\\\/de\\\/produkt\\\/natuerlicher-gruener-drache-80g\\\/#primaryimage\"},\"image\":{\"@id\":\"https:\\\/\\\/erboristeria-artemisia.ch\\\/de\\\/produkt\\\/natuerlicher-gruener-drache-80g\\\/#primaryimage\"},\"thumbnailUrl\":\"https:\\\/\\\/erboristeria-artemisia.ch\\\/wp-content\\\/uploads\\\/2025\\\/09\\\/Drago-verde.jpg\",\"datePublished\":\"2025-09-17T18:28:20+00:00\",\"dateModified\":\"2025-09-25T14:25:48+00:00\",\"breadcrumb\":{\"@id\":\"https:\\\/\\\/erboristeria-artemisia.ch\\\/de\\\/produkt\\\/natuerlicher-gruener-drache-80g\\\/#breadcrumb\"},\"inLanguage\":\"de\",\"potentialAction\":[{\"@type\":\"ReadAction\",\"target\":[\"https:\\\/\\\/erboristeria-artemisia.ch\\\/de\\\/produkt\\\/natuerlicher-gruener-drache-80g\\\/\"]}]},{\"@type\":\"ImageObject\",\"inLanguage\":\"de\",\"@id\":\"https:\\\/\\\/erboristeria-artemisia.ch\\\/de\\\/produkt\\\/natuerlicher-gruener-drache-80g\\\/#primaryimage\",\"url\":\"https:\\\/\\\/erboristeria-artemisia.ch\\\/wp-content\\\/uploads\\\/2025\\\/09\\\/Drago-verde.jpg\",\"contentUrl\":\"https:\\\/\\\/erboristeria-artemisia.ch\\\/wp-content\\\/uploads\\\/2025\\\/09\\\/Drago-verde.jpg\",\"width\":2000,\"height\":2000},{\"@type\":\"BreadcrumbList\",\"@id\":\"https:\\\/\\\/erboristeria-artemisia.ch\\\/de\\\/produkt\\\/natuerlicher-gruener-drache-80g\\\/#breadcrumb\",\"itemListElement\":[{\"@type\":\"ListItem\",\"position\":1,\"name\":\"Home\",\"item\":\"https:\\\/\\\/erboristeria-artemisia.ch\\\/de\\\/startseite\\\/\"},{\"@type\":\"ListItem\",\"position\":2,\"name\":\"Shop4\",\"item\":\"https:\\\/\\\/erboristeria-artemisia.ch\\\/shop4\\\/\"},{\"@type\":\"ListItem\",\"position\":3,\"name\":\"Nat\u00fcrlicher Gr\u00fcner Drache 80g\"}]},{\"@type\":\"WebSite\",\"@id\":\"https:\\\/\\\/erboristeria-artemisia.ch\\\/de\\\/#website\",\"url\":\"https:\\\/\\\/erboristeria-artemisia.ch\\\/de\\\/\",\"name\":\"Erboristeria Artemisia\",\"description\":\"Ogni sorso \u00e8 un momento per te\",\"potentialAction\":[{\"@type\":\"SearchAction\",\"target\":{\"@type\":\"EntryPoint\",\"urlTemplate\":\"https:\\\/\\\/erboristeria-artemisia.ch\\\/de\\\/?s={search_term_string}\"},\"query-input\":{\"@type\":\"PropertyValueSpecification\",\"valueRequired\":true,\"valueName\":\"search_term_string\"}}],\"inLanguage\":\"de\"}]}<\/script>\n<!-- \/ Yoast SEO plugin. -->","yoast_head_json":{"title":"Nat\u00fcrlicher Gr\u00fcner Drache 80g - Erboristeria Artemisia","robots":{"index":"index","follow":"follow","max-snippet":"max-snippet:-1","max-image-preview":"max-image-preview:large","max-video-preview":"max-video-preview:-1"},"canonical":"https:\/\/erboristeria-artemisia.ch\/de\/produkt\/natuerlicher-gruener-drache-80g\/","og_locale":"de_DE","og_type":"article","og_title":"Nat\u00fcrlicher Gr\u00fcner Drache 80g - Erboristeria Artemisia","og_description":"\ud83d\udc09 Nat\u00fcrlicher Gr\u00fcner Drache &#8211; 80g Reiner Gr\u00fcner Tee. Kraftvoll wie ein Drache, leicht wie ein Blatt. Direkt aus den gr\u00fcnsten H\u00f6hen des Fernen Ostens ist der Drago Verde Naturale ein erstklassiger gr\u00fcner Tee, der von Hand gepfl\u00fcckt und nach traditionellen Methoden verarbeitet wird, um die ganze nat\u00fcrliche Kraft des Blattes zu erhalten. Ein Aufguss [&hellip;]","og_url":"https:\/\/erboristeria-artemisia.ch\/de\/produkt\/natuerlicher-gruener-drache-80g\/","og_site_name":"Erboristeria Artemisia","article_modified_time":"2025-09-25T14:25:48+00:00","og_image":[{"width":2000,"height":2000,"url":"https:\/\/erboristeria-artemisia.ch\/wp-content\/uploads\/2025\/09\/Drago-verde.jpg","type":"image\/jpeg"}],"twitter_card":"summary_large_image","twitter_misc":{"Gesch\u00e4tzte Lesezeit":"1\u00a0Minute"},"schema":{"@context":"https:\/\/schema.org","@graph":[{"@type":"WebPage","@id":"https:\/\/erboristeria-artemisia.ch\/de\/produkt\/natuerlicher-gruener-drache-80g\/","url":"https:\/\/erboristeria-artemisia.ch\/de\/produkt\/natuerlicher-gruener-drache-80g\/","name":"Nat\u00fcrlicher Gr\u00fcner Drache 80g - Erboristeria Artemisia","isPartOf":{"@id":"https:\/\/erboristeria-artemisia.ch\/de\/#website"},"primaryImageOfPage":{"@id":"https:\/\/erboristeria-artemisia.ch\/de\/produkt\/natuerlicher-gruener-drache-80g\/#primaryimage"},"image":{"@id":"https:\/\/erboristeria-artemisia.ch\/de\/produkt\/natuerlicher-gruener-drache-80g\/#primaryimage"},"thumbnailUrl":"https:\/\/erboristeria-artemisia.ch\/wp-content\/uploads\/2025\/09\/Drago-verde.jpg","datePublished":"2025-09-17T18:28:20+00:00","dateModified":"2025-09-25T14:25:48+00:00","breadcrumb":{"@id":"https:\/\/erboristeria-artemisia.ch\/de\/produkt\/natuerlicher-gruener-drache-80g\/#breadcrumb"},"inLanguage":"de","potentialAction":[{"@type":"ReadAction","target":["https:\/\/erboristeria-artemisia.ch\/de\/produkt\/natuerlicher-gruener-drache-80g\/"]}]},{"@type":"ImageObject","inLanguage":"de","@id":"https:\/\/erboristeria-artemisia.ch\/de\/produkt\/natuerlicher-gruener-drache-80g\/#primaryimage","url":"https:\/\/erboristeria-artemisia.ch\/wp-content\/uploads\/2025\/09\/Drago-verde.jpg","contentUrl":"https:\/\/erboristeria-artemisia.ch\/wp-content\/uploads\/2025\/09\/Drago-verde.jpg","width":2000,"height":2000},{"@type":"BreadcrumbList","@id":"https:\/\/erboristeria-artemisia.ch\/de\/produkt\/natuerlicher-gruener-drache-80g\/#breadcrumb","itemListElement":[{"@type":"ListItem","position":1,"name":"Home","item":"https:\/\/erboristeria-artemisia.ch\/de\/startseite\/"},{"@type":"ListItem","position":2,"name":"Shop4","item":"https:\/\/erboristeria-artemisia.ch\/shop4\/"},{"@type":"ListItem","position":3,"name":"Nat\u00fcrlicher Gr\u00fcner Drache 80g"}]},{"@type":"WebSite","@id":"https:\/\/erboristeria-artemisia.ch\/de\/#website","url":"https:\/\/erboristeria-artemisia.ch\/de\/","name":"Erboristeria Artemisia","description":"Ogni sorso \u00e8 un momento per te","potentialAction":[{"@type":"SearchAction","target":{"@type":"EntryPoint","urlTemplate":"https:\/\/erboristeria-artemisia.ch\/de\/?s={search_term_string}"},"query-input":{"@type":"PropertyValueSpecification","valueRequired":true,"valueName":"search_term_string"}}],"inLanguage":"de"}]}},"_links":{"self":[{"href":"https:\/\/erboristeria-artemisia.ch\/de\/wp-json\/wp\/v2\/product\/30824","targetHints":{"allow":["GET"]}}],"collection":[{"href":"https:\/\/erboristeria-artemisia.ch\/de\/wp-json\/wp\/v2\/product"}],"about":[{"href":"https:\/\/erboristeria-artemisia.ch\/de\/wp-json\/wp\/v2\/types\/product"}],"wp:featuredmedia":[{"embeddable":true,"href":"https:\/\/erboristeria-artemisia.ch\/de\/wp-json\/wp\/v2\/media\/30468"}],"wp:attachment":[{"href":"https:\/\/erboristeria-artemisia.ch\/de\/wp-json\/wp\/v2\/media?parent=30824"}],"wp:term":[{"taxonomy":"product_brand","embeddable":true,"href":"https:\/\/erboristeria-artemisia.ch\/de\/wp-json\/wp\/v2\/product_brand?post=30824"},{"taxonomy":"product_cat","embeddable":true,"href":"https:\/\/erboristeria-artemisia.ch\/de\/wp-json\/wp\/v2\/product_cat?post=30824"},{"taxonomy":"product_tag","embeddable":true,"href":"https:\/\/erboristeria-artemisia.ch\/de\/wp-json\/wp\/v2\/product_tag?post=30824"}],"curies":[{"name":"wp","href":"https:\/\/api.w.org\/{rel}","templated":true}]}}