{"id":30825,"date":"2025-09-17T20:52:06","date_gmt":"2025-09-17T18:52:06","guid":{"rendered":"https:\/\/erboristeria-artemisia.ch\/product\/sencha-earl-grey-natuerlich-100g\/"},"modified":"2025-09-25T16:25:51","modified_gmt":"2025-09-25T14:25:51","slug":"sencha-earl-grey-natuerlich-100g","status":"publish","type":"product","link":"https:\/\/erboristeria-artemisia.ch\/de\/produkt\/sencha-earl-grey-natuerlich-100g\/","title":{"rendered":"Sencha Earl Grey (Nat\u00fcrlich) 100g"},"content":{"rendered":"<h2 data-start=\"98\" data-end=\"151\">\ud83c\udf43\ud83c\udf4b <strong data-start=\"106\" data-end=\"149\">Sencha Earl Grey Nat\u00fcrlich &#8211; 100g<\/strong><\/h2>\n<p data-start=\"152\" data-end=\"198\"><strong data-start=\"152\" data-end=\"198\">Eine einzigartige Kombination aus Ost und West.<\/strong><\/p>\n<p data-start=\"200\" data-end=\"394\">Diese feine Mischung verbindet die krautige Frische des <strong data-start=\"257\" data-end=\"283\">chinesischen Sencha-Gr\u00fcntees<\/strong> mit dem intensiven, nat\u00fcrlichen Aroma der <strong data-start=\"319\" data-end=\"333\">Bergamotte<\/strong> zu einem Earl Grey mit einem zarten und doch lebendigen Charakter.<\/p>\n<p data-start=\"396\" data-end=\"654\">Hergestellt aus <strong data-start=\"411\" data-end=\"449\">hochwertigen gr\u00fcnen Teebl\u00e4ttern<\/strong> aus China und <strong data-start=\"475\" data-end=\"517\">nat\u00fcrlichem \u00e4therischen Bergamotte\u00f6l<\/strong>, bietet dieser Tee einen leichten, duftenden und ausgewogenen Geschmack. Er ist perfekt f\u00fcr alle, die die Klassiker lieben, aber nach einem Hauch von Originalit\u00e4t suchen.<\/p>\n<hr data-start=\"656\" data-end=\"659\">\n<h3 data-start=\"661\" data-end=\"695\">\ud83c\udf75 <strong data-start=\"668\" data-end=\"692\">Verkostungsnotizen<\/strong>:<\/h3>\n<ul data-start=\"696\" data-end=\"919\">\n<li data-start=\"696\" data-end=\"744\">\n<p data-start=\"698\" data-end=\"744\"><strong data-start=\"698\" data-end=\"709\">Erscheinungsbild<\/strong>: Klarer, hellgr\u00fcner Lik\u00f6r<\/p>\n<\/li>\n<li data-start=\"745\" data-end=\"807\">\n<p data-start=\"747\" data-end=\"807\"><strong data-start=\"747\" data-end=\"756\">Aroma<\/strong>: Zitrusfruchtig, frisch, mit zarten pflanzlichen Noten<\/p>\n<\/li>\n<li data-start=\"808\" data-end=\"877\">\n<p data-start=\"810\" data-end=\"877\"><strong data-start=\"810\" data-end=\"819\">Geschmack<\/strong>: Leicht, weich, mit einer angenehmen Bergamotte-Note<\/p>\n<\/li>\n<li data-start=\"878\" data-end=\"919\">\n<p data-start=\"880\" data-end=\"919\"><strong data-start=\"880\" data-end=\"894\">Nachgeschmack<\/strong>: Sauber und erfrischend<\/p>\n<\/li>\n<\/ul>\n<hr data-start=\"921\" data-end=\"924\">\n<h3 data-start=\"926\" data-end=\"951\">\ud83c\udf3f <strong data-start=\"933\" data-end=\"948\">Zutaten<\/strong>:<\/h3>\n<ul data-start=\"952\" data-end=\"1049\">\n<li data-start=\"952\" data-end=\"978\">\n<p data-start=\"954\" data-end=\"978\">Chinesischer Sencha Gr\u00fcner Tee<\/p>\n<\/li>\n<li data-start=\"979\" data-end=\"1021\">\n<p data-start=\"981\" data-end=\"1021\">Nat\u00fcrliches \u00e4therisches Bergamotte\u00f6l<\/p>\n<\/li>\n<li data-start=\"1022\" data-end=\"1049\">\n<p data-start=\"1024\" data-end=\"1049\"><em data-start=\"1024\" data-end=\"1049\">Keine k\u00fcnstlichen Aromen<\/em><\/p>\n<\/li>\n<\/ul>\n<hr data-start=\"1051\" data-end=\"1054\">\n<h3 data-start=\"1056\" data-end=\"1094\">\ud83e\uded6 <strong data-start=\"1063\" data-end=\"1091\">Empfohlene Zubereitung<\/strong>:<\/h3>\n<ul data-start=\"1095\" data-end=\"1195\">\n<li data-start=\"1095\" data-end=\"1125\">\n<p data-start=\"1097\" data-end=\"1125\"><strong data-start=\"1097\" data-end=\"1109\">Menge<\/strong>: 2g pro Tasse<\/p>\n<\/li>\n<li data-start=\"1126\" data-end=\"1165\">\n<p data-start=\"1128\" data-end=\"1165\"><strong data-start=\"1128\" data-end=\"1154\">Wassertemperatur<\/strong>: 75-80\u00b0C<\/p>\n<\/li>\n<li data-start=\"1166\" data-end=\"1195\">\n<p data-start=\"1168\" data-end=\"1195\"><strong data-start=\"1168\" data-end=\"1181\">Infusion<\/strong>: 2-3 Minuten<\/p>\n<\/li>\n<\/ul>\n<hr data-start=\"1197\" data-end=\"1200\">\n","protected":false},"excerpt":{"rendered":"<p>\ud83c\udf43\ud83c\udf4b Sencha Earl Grey Nat\u00fcrlich &#8211; 100g Eine einzigartige Kombination aus Ost und West. Diese feine Mischung verbindet die krautige Frische des chinesischen Sencha-Gr\u00fcntees mit dem intensiven, nat\u00fcrlichen Aroma der Bergamotte zu einem Earl Grey mit einem zarten und doch lebendigen Charakter. Hergestellt aus hochwertigen gr\u00fcnen Teebl\u00e4ttern aus China und nat\u00fcrlichem \u00e4therischen Bergamotte\u00f6l, bietet dieser [&hellip;]<\/p>\n","protected":false},"featured_media":30486,"template":"","meta":{"_et_pb_use_builder":"","_et_pb_old_content":"","_et_gb_content_width":""},"product_brand":[],"product_cat":[92],"product_tag":[],"class_list":{"0":"post-30825","1":"product","2":"type-product","3":"status-publish","4":"has-post-thumbnail","6":"product_cat-chinesische-tees","8":"first","9":"instock","10":"shipping-taxable","11":"purchasable","12":"product-type-simple"},"yoast_head":"<!-- This site is optimized with the Yoast SEO plugin v27.4 - https:\/\/yoast.com\/product\/yoast-seo-wordpress\/ -->\n<title>Sencha Earl Grey (Nat\u00fcrlich) 100g - Erboristeria Artemisia<\/title>\n<meta name=\"robots\" content=\"index, follow, max-snippet:-1, max-image-preview:large, max-video-preview:-1\" \/>\n<link rel=\"canonical\" href=\"https:\/\/erboristeria-artemisia.ch\/de\/produkt\/sencha-earl-grey-natuerlich-100g\/\" \/>\n<meta property=\"og:locale\" content=\"de_DE\" \/>\n<meta property=\"og:type\" content=\"article\" \/>\n<meta property=\"og:title\" content=\"Sencha Earl Grey (Nat\u00fcrlich) 100g - Erboristeria Artemisia\" \/>\n<meta property=\"og:description\" content=\"\ud83c\udf43\ud83c\udf4b Sencha Earl Grey Nat\u00fcrlich &#8211; 100g Eine einzigartige Kombination aus Ost und West. Diese feine Mischung verbindet die krautige Frische des chinesischen Sencha-Gr\u00fcntees mit dem intensiven, nat\u00fcrlichen Aroma der Bergamotte zu einem Earl Grey mit einem zarten und doch lebendigen Charakter. Hergestellt aus hochwertigen gr\u00fcnen Teebl\u00e4ttern aus China und nat\u00fcrlichem \u00e4therischen Bergamotte\u00f6l, bietet dieser [&hellip;]\" \/>\n<meta property=\"og:url\" content=\"https:\/\/erboristeria-artemisia.ch\/de\/produkt\/sencha-earl-grey-natuerlich-100g\/\" \/>\n<meta property=\"og:site_name\" content=\"Erboristeria Artemisia\" \/>\n<meta property=\"article:modified_time\" content=\"2025-09-25T14:25:51+00:00\" \/>\n<meta property=\"og:image\" content=\"https:\/\/erboristeria-artemisia.ch\/wp-content\/uploads\/2025\/09\/Sencha-Earl-Grey.jpg\" \/>\n\t<meta property=\"og:image:width\" content=\"2000\" \/>\n\t<meta property=\"og:image:height\" content=\"2000\" \/>\n\t<meta property=\"og:image:type\" content=\"image\/jpeg\" \/>\n<meta name=\"twitter:card\" content=\"summary_large_image\" \/>\n<meta name=\"twitter:label1\" content=\"Gesch\u00e4tzte Lesezeit\" \/>\n\t<meta name=\"twitter:data1\" content=\"1\u00a0Minute\" \/>\n<script type=\"application\/ld+json\" class=\"yoast-schema-graph\">{\"@context\":\"https:\\\/\\\/schema.org\",\"@graph\":[{\"@type\":\"WebPage\",\"@id\":\"https:\\\/\\\/erboristeria-artemisia.ch\\\/de\\\/produkt\\\/sencha-earl-grey-natuerlich-100g\\\/\",\"url\":\"https:\\\/\\\/erboristeria-artemisia.ch\\\/de\\\/produkt\\\/sencha-earl-grey-natuerlich-100g\\\/\",\"name\":\"Sencha Earl Grey (Nat\u00fcrlich) 100g - Erboristeria Artemisia\",\"isPartOf\":{\"@id\":\"https:\\\/\\\/erboristeria-artemisia.ch\\\/de\\\/#website\"},\"primaryImageOfPage\":{\"@id\":\"https:\\\/\\\/erboristeria-artemisia.ch\\\/de\\\/produkt\\\/sencha-earl-grey-natuerlich-100g\\\/#primaryimage\"},\"image\":{\"@id\":\"https:\\\/\\\/erboristeria-artemisia.ch\\\/de\\\/produkt\\\/sencha-earl-grey-natuerlich-100g\\\/#primaryimage\"},\"thumbnailUrl\":\"https:\\\/\\\/erboristeria-artemisia.ch\\\/wp-content\\\/uploads\\\/2025\\\/09\\\/Sencha-Earl-Grey.jpg\",\"datePublished\":\"2025-09-17T18:52:06+00:00\",\"dateModified\":\"2025-09-25T14:25:51+00:00\",\"breadcrumb\":{\"@id\":\"https:\\\/\\\/erboristeria-artemisia.ch\\\/de\\\/produkt\\\/sencha-earl-grey-natuerlich-100g\\\/#breadcrumb\"},\"inLanguage\":\"de\",\"potentialAction\":[{\"@type\":\"ReadAction\",\"target\":[\"https:\\\/\\\/erboristeria-artemisia.ch\\\/de\\\/produkt\\\/sencha-earl-grey-natuerlich-100g\\\/\"]}]},{\"@type\":\"ImageObject\",\"inLanguage\":\"de\",\"@id\":\"https:\\\/\\\/erboristeria-artemisia.ch\\\/de\\\/produkt\\\/sencha-earl-grey-natuerlich-100g\\\/#primaryimage\",\"url\":\"https:\\\/\\\/erboristeria-artemisia.ch\\\/wp-content\\\/uploads\\\/2025\\\/09\\\/Sencha-Earl-Grey.jpg\",\"contentUrl\":\"https:\\\/\\\/erboristeria-artemisia.ch\\\/wp-content\\\/uploads\\\/2025\\\/09\\\/Sencha-Earl-Grey.jpg\",\"width\":2000,\"height\":2000},{\"@type\":\"BreadcrumbList\",\"@id\":\"https:\\\/\\\/erboristeria-artemisia.ch\\\/de\\\/produkt\\\/sencha-earl-grey-natuerlich-100g\\\/#breadcrumb\",\"itemListElement\":[{\"@type\":\"ListItem\",\"position\":1,\"name\":\"Home\",\"item\":\"https:\\\/\\\/erboristeria-artemisia.ch\\\/de\\\/startseite\\\/\"},{\"@type\":\"ListItem\",\"position\":2,\"name\":\"Shop4\",\"item\":\"https:\\\/\\\/erboristeria-artemisia.ch\\\/shop4\\\/\"},{\"@type\":\"ListItem\",\"position\":3,\"name\":\"Sencha Earl Grey (Nat\u00fcrlich) 100g\"}]},{\"@type\":\"WebSite\",\"@id\":\"https:\\\/\\\/erboristeria-artemisia.ch\\\/de\\\/#website\",\"url\":\"https:\\\/\\\/erboristeria-artemisia.ch\\\/de\\\/\",\"name\":\"Erboristeria Artemisia\",\"description\":\"Ogni sorso \u00e8 un momento per te\",\"potentialAction\":[{\"@type\":\"SearchAction\",\"target\":{\"@type\":\"EntryPoint\",\"urlTemplate\":\"https:\\\/\\\/erboristeria-artemisia.ch\\\/de\\\/?s={search_term_string}\"},\"query-input\":{\"@type\":\"PropertyValueSpecification\",\"valueRequired\":true,\"valueName\":\"search_term_string\"}}],\"inLanguage\":\"de\"}]}<\/script>\n<!-- \/ Yoast SEO plugin. -->","yoast_head_json":{"title":"Sencha Earl Grey (Nat\u00fcrlich) 100g - Erboristeria Artemisia","robots":{"index":"index","follow":"follow","max-snippet":"max-snippet:-1","max-image-preview":"max-image-preview:large","max-video-preview":"max-video-preview:-1"},"canonical":"https:\/\/erboristeria-artemisia.ch\/de\/produkt\/sencha-earl-grey-natuerlich-100g\/","og_locale":"de_DE","og_type":"article","og_title":"Sencha Earl Grey (Nat\u00fcrlich) 100g - Erboristeria Artemisia","og_description":"\ud83c\udf43\ud83c\udf4b Sencha Earl Grey Nat\u00fcrlich &#8211; 100g Eine einzigartige Kombination aus Ost und West. Diese feine Mischung verbindet die krautige Frische des chinesischen Sencha-Gr\u00fcntees mit dem intensiven, nat\u00fcrlichen Aroma der Bergamotte zu einem Earl Grey mit einem zarten und doch lebendigen Charakter. Hergestellt aus hochwertigen gr\u00fcnen Teebl\u00e4ttern aus China und nat\u00fcrlichem \u00e4therischen Bergamotte\u00f6l, bietet dieser [&hellip;]","og_url":"https:\/\/erboristeria-artemisia.ch\/de\/produkt\/sencha-earl-grey-natuerlich-100g\/","og_site_name":"Erboristeria Artemisia","article_modified_time":"2025-09-25T14:25:51+00:00","og_image":[{"width":2000,"height":2000,"url":"https:\/\/erboristeria-artemisia.ch\/wp-content\/uploads\/2025\/09\/Sencha-Earl-Grey.jpg","type":"image\/jpeg"}],"twitter_card":"summary_large_image","twitter_misc":{"Gesch\u00e4tzte Lesezeit":"1\u00a0Minute"},"schema":{"@context":"https:\/\/schema.org","@graph":[{"@type":"WebPage","@id":"https:\/\/erboristeria-artemisia.ch\/de\/produkt\/sencha-earl-grey-natuerlich-100g\/","url":"https:\/\/erboristeria-artemisia.ch\/de\/produkt\/sencha-earl-grey-natuerlich-100g\/","name":"Sencha Earl Grey (Nat\u00fcrlich) 100g - Erboristeria Artemisia","isPartOf":{"@id":"https:\/\/erboristeria-artemisia.ch\/de\/#website"},"primaryImageOfPage":{"@id":"https:\/\/erboristeria-artemisia.ch\/de\/produkt\/sencha-earl-grey-natuerlich-100g\/#primaryimage"},"image":{"@id":"https:\/\/erboristeria-artemisia.ch\/de\/produkt\/sencha-earl-grey-natuerlich-100g\/#primaryimage"},"thumbnailUrl":"https:\/\/erboristeria-artemisia.ch\/wp-content\/uploads\/2025\/09\/Sencha-Earl-Grey.jpg","datePublished":"2025-09-17T18:52:06+00:00","dateModified":"2025-09-25T14:25:51+00:00","breadcrumb":{"@id":"https:\/\/erboristeria-artemisia.ch\/de\/produkt\/sencha-earl-grey-natuerlich-100g\/#breadcrumb"},"inLanguage":"de","potentialAction":[{"@type":"ReadAction","target":["https:\/\/erboristeria-artemisia.ch\/de\/produkt\/sencha-earl-grey-natuerlich-100g\/"]}]},{"@type":"ImageObject","inLanguage":"de","@id":"https:\/\/erboristeria-artemisia.ch\/de\/produkt\/sencha-earl-grey-natuerlich-100g\/#primaryimage","url":"https:\/\/erboristeria-artemisia.ch\/wp-content\/uploads\/2025\/09\/Sencha-Earl-Grey.jpg","contentUrl":"https:\/\/erboristeria-artemisia.ch\/wp-content\/uploads\/2025\/09\/Sencha-Earl-Grey.jpg","width":2000,"height":2000},{"@type":"BreadcrumbList","@id":"https:\/\/erboristeria-artemisia.ch\/de\/produkt\/sencha-earl-grey-natuerlich-100g\/#breadcrumb","itemListElement":[{"@type":"ListItem","position":1,"name":"Home","item":"https:\/\/erboristeria-artemisia.ch\/de\/startseite\/"},{"@type":"ListItem","position":2,"name":"Shop4","item":"https:\/\/erboristeria-artemisia.ch\/shop4\/"},{"@type":"ListItem","position":3,"name":"Sencha Earl Grey (Nat\u00fcrlich) 100g"}]},{"@type":"WebSite","@id":"https:\/\/erboristeria-artemisia.ch\/de\/#website","url":"https:\/\/erboristeria-artemisia.ch\/de\/","name":"Erboristeria Artemisia","description":"Ogni sorso \u00e8 un momento per te","potentialAction":[{"@type":"SearchAction","target":{"@type":"EntryPoint","urlTemplate":"https:\/\/erboristeria-artemisia.ch\/de\/?s={search_term_string}"},"query-input":{"@type":"PropertyValueSpecification","valueRequired":true,"valueName":"search_term_string"}}],"inLanguage":"de"}]}},"_links":{"self":[{"href":"https:\/\/erboristeria-artemisia.ch\/de\/wp-json\/wp\/v2\/product\/30825","targetHints":{"allow":["GET"]}}],"collection":[{"href":"https:\/\/erboristeria-artemisia.ch\/de\/wp-json\/wp\/v2\/product"}],"about":[{"href":"https:\/\/erboristeria-artemisia.ch\/de\/wp-json\/wp\/v2\/types\/product"}],"wp:featuredmedia":[{"embeddable":true,"href":"https:\/\/erboristeria-artemisia.ch\/de\/wp-json\/wp\/v2\/media\/30486"}],"wp:attachment":[{"href":"https:\/\/erboristeria-artemisia.ch\/de\/wp-json\/wp\/v2\/media?parent=30825"}],"wp:term":[{"taxonomy":"product_brand","embeddable":true,"href":"https:\/\/erboristeria-artemisia.ch\/de\/wp-json\/wp\/v2\/product_brand?post=30825"},{"taxonomy":"product_cat","embeddable":true,"href":"https:\/\/erboristeria-artemisia.ch\/de\/wp-json\/wp\/v2\/product_cat?post=30825"},{"taxonomy":"product_tag","embeddable":true,"href":"https:\/\/erboristeria-artemisia.ch\/de\/wp-json\/wp\/v2\/product_tag?post=30825"}],"curies":[{"name":"wp","href":"https:\/\/api.w.org\/{rel}","templated":true}]}}