{"id":30826,"date":"2025-09-17T20:31:47","date_gmt":"2025-09-17T18:31:47","guid":{"rendered":"https:\/\/erboristeria-artemisia.ch\/product\/yin-zhen-jasmin-30g\/"},"modified":"2025-09-25T16:25:51","modified_gmt":"2025-09-25T14:25:51","slug":"yin-zhen-jasmin-30g","status":"publish","type":"product","link":"https:\/\/erboristeria-artemisia.ch\/de\/produkt\/yin-zhen-jasmin-30g\/","title":{"rendered":"Yin Zhen Jasmin 30g"},"content":{"rendered":"<h2 data-start=\"86\" data-end=\"120\">\ud83c\udf3c <strong data-start=\"92\" data-end=\"118\">Yin Zhen Jasmin &#8211; 30g<\/strong><\/h2>\n<p data-start=\"121\" data-end=\"175\"><strong data-start=\"121\" data-end=\"175\">Die Reinheit von Silber. Der Atem des Jasmins. <\/strong><\/p>\n<p data-start=\"177\" data-end=\"430\">Entdecken Sie die himmlische Harmonie zwischen einem der edelsten Tees der chinesischen Tradition und der Blume, die Anmut symbolisiert: <strong data-start=\"282\" data-end=\"294\">Yin Zhen<\/strong>, bekannt als &#8218;Silbernadel&#8216;, ist ein seltener wei\u00dfer Tee, der ausschlie\u00dflich aus <strong data-start=\"377\" data-end=\"402\">zarten, haarigen Knospen<\/strong> hergestellt wird, die im Morgengrauen von Hand geerntet werden.<\/p>\n<p data-start=\"432\" data-end=\"637\">Dieser nat\u00fcrlich nach frischen <strong data-start=\"476\" data-end=\"489\">Jasminbl\u00fcten<\/strong> duftende Tee ist das Ergebnis eines uralten Rituals, bei dem die Knospen Nacht f\u00fcr Nacht das zarte Aroma der Bl\u00fctenbl\u00e4tter aufnehmen, ohne k\u00fcnstliche Aromastoffe zu verwenden.<\/p>\n<p data-start=\"639\" data-end=\"759\">Das Ergebnis ist ein Aufguss von seltener Eleganz: <strong data-start=\"682\" data-end=\"715\">sanft, blumig, fast \u00e4therisch<\/strong>, ideal f\u00fcr Momente der Ruhe und Meditation.<\/p>\n<hr data-start=\"761\" data-end=\"764\">\n<h3 data-start=\"766\" data-end=\"798\">\ud83c\udf75 <strong data-start=\"773\" data-end=\"797\">Verkostungsnotizen<\/strong>:<\/h3>\n<ul data-start=\"799\" data-end=\"1040\">\n<li data-start=\"799\" data-end=\"845\">\n<p data-start=\"801\" data-end=\"845\"><strong data-start=\"801\" data-end=\"812\">Aussehen<\/strong>: blasser, perlgelber Lik\u00f6r<\/p>\n<\/li>\n<li data-start=\"846\" data-end=\"925\">\n<p data-start=\"848\" data-end=\"925\"><strong data-start=\"848\" data-end=\"857\">Aroma<\/strong>: Rein blumiger Duft, frischer Jasmin, mit Noten von s\u00fc\u00dfem Heu<\/p>\n<\/li>\n<li data-start=\"926\" data-end=\"1006\">\n<p data-start=\"928\" data-end=\"1006\"><strong data-start=\"928\" data-end=\"937\">Geschmack<\/strong>: Weich, leicht, mit einer nat\u00fcrlichen S\u00fc\u00dfe und einem samtigen Abgang<\/p>\n<\/li>\n<li data-start=\"1007\" data-end=\"1040\">\n<p data-start=\"1009\" data-end=\"1040\"><strong data-start=\"1009\" data-end=\"1018\">K\u00f6rper<\/strong>: Seidig und raffiniert<\/p>\n<\/li>\n<\/ul>\n<hr data-start=\"1042\" data-end=\"1045\">\n<h3 data-start=\"1047\" data-end=\"1072\">\ud83d\udd4a\ufe0f <strong data-start=\"1055\" data-end=\"1069\">Ideal f\u00fcr<\/strong>:<\/h3>\n<ul data-start=\"1073\" data-end=\"1166\">\n<li data-start=\"1073\" data-end=\"1122\">\n<p data-start=\"1075\" data-end=\"1122\">Meditation, Lesen, entspannende Momente am Abend<\/p>\n<\/li>\n<li data-start=\"1123\" data-end=\"1166\">\n<p data-start=\"1125\" data-end=\"1166\">Ein wertvolles Geschenk f\u00fcr echte Teeliebhaber<\/p>\n<\/li>\n<\/ul>\n<hr data-start=\"1168\" data-end=\"1171\">\n<h3 data-start=\"1173\" data-end=\"1209\">\ud83e\uded6 <strong data-start=\"1180\" data-end=\"1208\">Zubereitungsmethode<\/strong>:<\/h3>\n<ul data-start=\"1210\" data-end=\"1386\">\n<li data-start=\"1210\" data-end=\"1240\">\n<p data-start=\"1212\" data-end=\"1240\"><strong data-start=\"1212\" data-end=\"1224\">Menge<\/strong>: 2g pro Tasse<\/p>\n<\/li>\n<li data-start=\"1241\" data-end=\"1280\">\n<p data-start=\"1243\" data-end=\"1280\"><strong data-start=\"1243\" data-end=\"1269\">Wassertemperatur<\/strong>: 70-75\u00b0C<\/p>\n<\/li>\n<li data-start=\"1281\" data-end=\"1386\">\n<p data-start=\"1283\" data-end=\"1386\"><strong data-start=\"1283\" data-end=\"1296\">Aufguss<\/strong>: 3-5 Minuten<br data-start=\"1308\" data-end=\"1311\">(Kann bis zu 3 Mal aufgegossen werden, wobei sich die Aromen mit jeder Tasse weiterentwickeln)<\/p>\n<\/li>\n<\/ul>\n<hr data-start=\"1388\" data-end=\"1391\">\n","protected":false},"excerpt":{"rendered":"<p>\ud83c\udf3c Yin Zhen Jasmin &#8211; 30g Die Reinheit von Silber. Der Atem des Jasmins. Entdecken Sie die himmlische Harmonie zwischen einem der edelsten Tees der chinesischen Tradition und der Blume, die Anmut symbolisiert: Yin Zhen, bekannt als &#8218;Silbernadel&#8216;, ist ein seltener wei\u00dfer Tee, der ausschlie\u00dflich aus zarten, haarigen Knospen hergestellt wird, die im Morgengrauen von [&hellip;]<\/p>\n","protected":false},"featured_media":30471,"template":"","meta":{"_et_pb_use_builder":"","_et_pb_old_content":"","_et_gb_content_width":""},"product_brand":[],"product_cat":[91],"product_tag":[],"class_list":{"0":"post-30826","1":"product","2":"type-product","3":"status-publish","4":"has-post-thumbnail","6":"product_cat-weiser-tee","8":"first","9":"instock","10":"shipping-taxable","11":"purchasable","12":"product-type-simple"},"yoast_head":"<!-- This site is optimized with the Yoast SEO plugin v27.4 - https:\/\/yoast.com\/product\/yoast-seo-wordpress\/ -->\n<title>Yin Zhen Jasmin 30g - Erboristeria Artemisia<\/title>\n<meta name=\"robots\" content=\"index, follow, max-snippet:-1, max-image-preview:large, max-video-preview:-1\" \/>\n<link rel=\"canonical\" href=\"https:\/\/erboristeria-artemisia.ch\/de\/produkt\/yin-zhen-jasmin-30g\/\" \/>\n<meta property=\"og:locale\" content=\"de_DE\" \/>\n<meta property=\"og:type\" content=\"article\" \/>\n<meta property=\"og:title\" content=\"Yin Zhen Jasmin 30g - Erboristeria Artemisia\" \/>\n<meta property=\"og:description\" content=\"\ud83c\udf3c Yin Zhen Jasmin &#8211; 30g Die Reinheit von Silber. Der Atem des Jasmins. Entdecken Sie die himmlische Harmonie zwischen einem der edelsten Tees der chinesischen Tradition und der Blume, die Anmut symbolisiert: Yin Zhen, bekannt als &#8218;Silbernadel&#8216;, ist ein seltener wei\u00dfer Tee, der ausschlie\u00dflich aus zarten, haarigen Knospen hergestellt wird, die im Morgengrauen von [&hellip;]\" \/>\n<meta property=\"og:url\" content=\"https:\/\/erboristeria-artemisia.ch\/de\/produkt\/yin-zhen-jasmin-30g\/\" \/>\n<meta property=\"og:site_name\" content=\"Erboristeria Artemisia\" \/>\n<meta property=\"article:modified_time\" content=\"2025-09-25T14:25:51+00:00\" \/>\n<meta property=\"og:image\" content=\"https:\/\/erboristeria-artemisia.ch\/wp-content\/uploads\/2025\/09\/Yin-Zhen-Jasmin.jpg\" \/>\n\t<meta property=\"og:image:width\" content=\"2000\" \/>\n\t<meta property=\"og:image:height\" content=\"2000\" \/>\n\t<meta property=\"og:image:type\" content=\"image\/jpeg\" \/>\n<meta name=\"twitter:card\" content=\"summary_large_image\" \/>\n<meta name=\"twitter:label1\" content=\"Gesch\u00e4tzte Lesezeit\" \/>\n\t<meta name=\"twitter:data1\" content=\"1\u00a0Minute\" \/>\n<script type=\"application\/ld+json\" class=\"yoast-schema-graph\">{\"@context\":\"https:\\\/\\\/schema.org\",\"@graph\":[{\"@type\":\"WebPage\",\"@id\":\"https:\\\/\\\/erboristeria-artemisia.ch\\\/de\\\/produkt\\\/yin-zhen-jasmin-30g\\\/\",\"url\":\"https:\\\/\\\/erboristeria-artemisia.ch\\\/de\\\/produkt\\\/yin-zhen-jasmin-30g\\\/\",\"name\":\"Yin Zhen Jasmin 30g - Erboristeria Artemisia\",\"isPartOf\":{\"@id\":\"https:\\\/\\\/erboristeria-artemisia.ch\\\/de\\\/#website\"},\"primaryImageOfPage\":{\"@id\":\"https:\\\/\\\/erboristeria-artemisia.ch\\\/de\\\/produkt\\\/yin-zhen-jasmin-30g\\\/#primaryimage\"},\"image\":{\"@id\":\"https:\\\/\\\/erboristeria-artemisia.ch\\\/de\\\/produkt\\\/yin-zhen-jasmin-30g\\\/#primaryimage\"},\"thumbnailUrl\":\"https:\\\/\\\/erboristeria-artemisia.ch\\\/wp-content\\\/uploads\\\/2025\\\/09\\\/Yin-Zhen-Jasmin.jpg\",\"datePublished\":\"2025-09-17T18:31:47+00:00\",\"dateModified\":\"2025-09-25T14:25:51+00:00\",\"breadcrumb\":{\"@id\":\"https:\\\/\\\/erboristeria-artemisia.ch\\\/de\\\/produkt\\\/yin-zhen-jasmin-30g\\\/#breadcrumb\"},\"inLanguage\":\"de\",\"potentialAction\":[{\"@type\":\"ReadAction\",\"target\":[\"https:\\\/\\\/erboristeria-artemisia.ch\\\/de\\\/produkt\\\/yin-zhen-jasmin-30g\\\/\"]}]},{\"@type\":\"ImageObject\",\"inLanguage\":\"de\",\"@id\":\"https:\\\/\\\/erboristeria-artemisia.ch\\\/de\\\/produkt\\\/yin-zhen-jasmin-30g\\\/#primaryimage\",\"url\":\"https:\\\/\\\/erboristeria-artemisia.ch\\\/wp-content\\\/uploads\\\/2025\\\/09\\\/Yin-Zhen-Jasmin.jpg\",\"contentUrl\":\"https:\\\/\\\/erboristeria-artemisia.ch\\\/wp-content\\\/uploads\\\/2025\\\/09\\\/Yin-Zhen-Jasmin.jpg\",\"width\":2000,\"height\":2000},{\"@type\":\"BreadcrumbList\",\"@id\":\"https:\\\/\\\/erboristeria-artemisia.ch\\\/de\\\/produkt\\\/yin-zhen-jasmin-30g\\\/#breadcrumb\",\"itemListElement\":[{\"@type\":\"ListItem\",\"position\":1,\"name\":\"Home\",\"item\":\"https:\\\/\\\/erboristeria-artemisia.ch\\\/de\\\/startseite\\\/\"},{\"@type\":\"ListItem\",\"position\":2,\"name\":\"Shop4\",\"item\":\"https:\\\/\\\/erboristeria-artemisia.ch\\\/shop4\\\/\"},{\"@type\":\"ListItem\",\"position\":3,\"name\":\"Yin Zhen Jasmin 30g\"}]},{\"@type\":\"WebSite\",\"@id\":\"https:\\\/\\\/erboristeria-artemisia.ch\\\/de\\\/#website\",\"url\":\"https:\\\/\\\/erboristeria-artemisia.ch\\\/de\\\/\",\"name\":\"Erboristeria Artemisia\",\"description\":\"Ogni sorso \u00e8 un momento per te\",\"potentialAction\":[{\"@type\":\"SearchAction\",\"target\":{\"@type\":\"EntryPoint\",\"urlTemplate\":\"https:\\\/\\\/erboristeria-artemisia.ch\\\/de\\\/?s={search_term_string}\"},\"query-input\":{\"@type\":\"PropertyValueSpecification\",\"valueRequired\":true,\"valueName\":\"search_term_string\"}}],\"inLanguage\":\"de\"}]}<\/script>\n<!-- \/ Yoast SEO plugin. -->","yoast_head_json":{"title":"Yin Zhen Jasmin 30g - Erboristeria Artemisia","robots":{"index":"index","follow":"follow","max-snippet":"max-snippet:-1","max-image-preview":"max-image-preview:large","max-video-preview":"max-video-preview:-1"},"canonical":"https:\/\/erboristeria-artemisia.ch\/de\/produkt\/yin-zhen-jasmin-30g\/","og_locale":"de_DE","og_type":"article","og_title":"Yin Zhen Jasmin 30g - Erboristeria Artemisia","og_description":"\ud83c\udf3c Yin Zhen Jasmin &#8211; 30g Die Reinheit von Silber. Der Atem des Jasmins. Entdecken Sie die himmlische Harmonie zwischen einem der edelsten Tees der chinesischen Tradition und der Blume, die Anmut symbolisiert: Yin Zhen, bekannt als &#8218;Silbernadel&#8216;, ist ein seltener wei\u00dfer Tee, der ausschlie\u00dflich aus zarten, haarigen Knospen hergestellt wird, die im Morgengrauen von [&hellip;]","og_url":"https:\/\/erboristeria-artemisia.ch\/de\/produkt\/yin-zhen-jasmin-30g\/","og_site_name":"Erboristeria Artemisia","article_modified_time":"2025-09-25T14:25:51+00:00","og_image":[{"width":2000,"height":2000,"url":"https:\/\/erboristeria-artemisia.ch\/wp-content\/uploads\/2025\/09\/Yin-Zhen-Jasmin.jpg","type":"image\/jpeg"}],"twitter_card":"summary_large_image","twitter_misc":{"Gesch\u00e4tzte Lesezeit":"1\u00a0Minute"},"schema":{"@context":"https:\/\/schema.org","@graph":[{"@type":"WebPage","@id":"https:\/\/erboristeria-artemisia.ch\/de\/produkt\/yin-zhen-jasmin-30g\/","url":"https:\/\/erboristeria-artemisia.ch\/de\/produkt\/yin-zhen-jasmin-30g\/","name":"Yin Zhen Jasmin 30g - Erboristeria Artemisia","isPartOf":{"@id":"https:\/\/erboristeria-artemisia.ch\/de\/#website"},"primaryImageOfPage":{"@id":"https:\/\/erboristeria-artemisia.ch\/de\/produkt\/yin-zhen-jasmin-30g\/#primaryimage"},"image":{"@id":"https:\/\/erboristeria-artemisia.ch\/de\/produkt\/yin-zhen-jasmin-30g\/#primaryimage"},"thumbnailUrl":"https:\/\/erboristeria-artemisia.ch\/wp-content\/uploads\/2025\/09\/Yin-Zhen-Jasmin.jpg","datePublished":"2025-09-17T18:31:47+00:00","dateModified":"2025-09-25T14:25:51+00:00","breadcrumb":{"@id":"https:\/\/erboristeria-artemisia.ch\/de\/produkt\/yin-zhen-jasmin-30g\/#breadcrumb"},"inLanguage":"de","potentialAction":[{"@type":"ReadAction","target":["https:\/\/erboristeria-artemisia.ch\/de\/produkt\/yin-zhen-jasmin-30g\/"]}]},{"@type":"ImageObject","inLanguage":"de","@id":"https:\/\/erboristeria-artemisia.ch\/de\/produkt\/yin-zhen-jasmin-30g\/#primaryimage","url":"https:\/\/erboristeria-artemisia.ch\/wp-content\/uploads\/2025\/09\/Yin-Zhen-Jasmin.jpg","contentUrl":"https:\/\/erboristeria-artemisia.ch\/wp-content\/uploads\/2025\/09\/Yin-Zhen-Jasmin.jpg","width":2000,"height":2000},{"@type":"BreadcrumbList","@id":"https:\/\/erboristeria-artemisia.ch\/de\/produkt\/yin-zhen-jasmin-30g\/#breadcrumb","itemListElement":[{"@type":"ListItem","position":1,"name":"Home","item":"https:\/\/erboristeria-artemisia.ch\/de\/startseite\/"},{"@type":"ListItem","position":2,"name":"Shop4","item":"https:\/\/erboristeria-artemisia.ch\/shop4\/"},{"@type":"ListItem","position":3,"name":"Yin Zhen Jasmin 30g"}]},{"@type":"WebSite","@id":"https:\/\/erboristeria-artemisia.ch\/de\/#website","url":"https:\/\/erboristeria-artemisia.ch\/de\/","name":"Erboristeria Artemisia","description":"Ogni sorso \u00e8 un momento per te","potentialAction":[{"@type":"SearchAction","target":{"@type":"EntryPoint","urlTemplate":"https:\/\/erboristeria-artemisia.ch\/de\/?s={search_term_string}"},"query-input":{"@type":"PropertyValueSpecification","valueRequired":true,"valueName":"search_term_string"}}],"inLanguage":"de"}]}},"_links":{"self":[{"href":"https:\/\/erboristeria-artemisia.ch\/de\/wp-json\/wp\/v2\/product\/30826","targetHints":{"allow":["GET"]}}],"collection":[{"href":"https:\/\/erboristeria-artemisia.ch\/de\/wp-json\/wp\/v2\/product"}],"about":[{"href":"https:\/\/erboristeria-artemisia.ch\/de\/wp-json\/wp\/v2\/types\/product"}],"wp:featuredmedia":[{"embeddable":true,"href":"https:\/\/erboristeria-artemisia.ch\/de\/wp-json\/wp\/v2\/media\/30471"}],"wp:attachment":[{"href":"https:\/\/erboristeria-artemisia.ch\/de\/wp-json\/wp\/v2\/media?parent=30826"}],"wp:term":[{"taxonomy":"product_brand","embeddable":true,"href":"https:\/\/erboristeria-artemisia.ch\/de\/wp-json\/wp\/v2\/product_brand?post=30826"},{"taxonomy":"product_cat","embeddable":true,"href":"https:\/\/erboristeria-artemisia.ch\/de\/wp-json\/wp\/v2\/product_cat?post=30826"},{"taxonomy":"product_tag","embeddable":true,"href":"https:\/\/erboristeria-artemisia.ch\/de\/wp-json\/wp\/v2\/product_tag?post=30826"}],"curies":[{"name":"wp","href":"https:\/\/api.w.org\/{rel}","templated":true}]}}