{"id":30827,"date":"2025-09-17T20:36:54","date_gmt":"2025-09-17T18:36:54","guid":{"rendered":"https:\/\/erboristeria-artemisia.ch\/product\/yin-zhen-30g\/"},"modified":"2025-09-25T16:25:51","modified_gmt":"2025-09-25T14:25:51","slug":"yin-zhen-30g","status":"publish","type":"product","link":"https:\/\/erboristeria-artemisia.ch\/de\/produkt\/yin-zhen-30g\/","title":{"rendered":"Yin Zhen 30g"},"content":{"rendered":"<h2 data-start=\"134\" data-end=\"177\">\ud83e\uded6 <strong data-start=\"140\" data-end=\"175\">Yin Zhen &#8211; Reiner Wei\u00dfer Tee &#8211; 30g<\/strong><\/h2>\n<p data-start=\"178\" data-end=\"209\"><strong data-start=\"178\" data-end=\"209\">Die Eleganz des Wesentlichen.<\/strong><\/p>\n<p data-start=\"211\" data-end=\"415\">Der <strong data-start=\"257\" data-end=\"269\">Yin Zhen<\/strong> (Silver Needle) gilt als einer der besten Tees der Welt und wird ausschlie\u00dflich aus <strong data-start=\"315\" data-end=\"355\">jungen, unge\u00f6ffneten Knospen<\/strong> hergestellt, die in den fr\u00fchen Morgenstunden des Fr\u00fchjahrs von Hand gepfl\u00fcckt werden.<\/p>\n<p data-start=\"417\" data-end=\"631\">Dieser reine wei\u00dfe Tee repr\u00e4sentiert die perfekte Balance zwischen Raffinesse und Schlichtheit. Sein zartes, klares Profil macht ihn ideal f\u00fcr echte Genie\u00dfer, die eine meditative und sinnliche Erfahrung suchen. <\/p>\n<hr data-start=\"633\" data-end=\"636\">\n<h3 data-start=\"638\" data-end=\"670\">\ud83c\udf75 <strong data-start=\"645\" data-end=\"669\">Verkostungsnotizen<\/strong>:<\/h3>\n<ul data-start=\"671\" data-end=\"980\">\n<li data-start=\"671\" data-end=\"736\">\n<p data-start=\"673\" data-end=\"736\"><strong data-start=\"673\" data-end=\"684\">Aussehen<\/strong>: Klarer Lik\u00f6r mit blassgelben Reflexen<\/p>\n<\/li>\n<li data-start=\"737\" data-end=\"817\">\n<p data-start=\"739\" data-end=\"817\"><strong data-start=\"739\" data-end=\"748\">Aroma<\/strong>: Subtil, mit Noten von frischem Heu, leichtem Honig und Wildblumen<\/p>\n<\/li>\n<li data-start=\"818\" data-end=\"910\">\n<p data-start=\"820\" data-end=\"910\"><strong data-start=\"820\" data-end=\"829\">Geschmack<\/strong>: \u00c4u\u00dferst delikat, samtig, mit nat\u00fcrlicher S\u00fc\u00dfe und ohne Adstringenz<\/p>\n<\/li>\n<li data-start=\"911\" data-end=\"980\">\n<p data-start=\"913\" data-end=\"980\"><strong data-start=\"913\" data-end=\"927\">Nachgeschmack<\/strong>: Frisch und anhaltend, sauber und leicht blumig<\/p>\n<\/li>\n<\/ul>\n<hr data-start=\"982\" data-end=\"985\">\n<h3 data-start=\"987\" data-end=\"1008\"><strong data-start=\"994\" data-end=\"1005\">\ud83c\udf3f Herkunft<\/strong>:<\/h3>\n<p data-start=\"1009\" data-end=\"1136\">Bergige Provinzen Chinas (Fujian), wo die reine Luft und das k\u00fchle Klima ein langsames, n\u00e4hrstoffreiches Wachstum gew\u00e4hrleisten.<\/p>\n<hr data-start=\"1138\" data-end=\"1141\">\n<h3 data-start=\"1143\" data-end=\"1179\">\ud83e\uded6 <strong data-start=\"1150\" data-end=\"1178\">Empfohlene Zubereitung<\/strong>:<\/h3>\n<ul data-start=\"1180\" data-end=\"1359\">\n<li data-start=\"1180\" data-end=\"1210\">\n<p data-start=\"1182\" data-end=\"1210\"><strong data-start=\"1182\" data-end=\"1194\">Menge<\/strong>: 2g pro Tasse<\/p>\n<\/li>\n<li data-start=\"1211\" data-end=\"1250\">\n<p data-start=\"1213\" data-end=\"1250\"><strong data-start=\"1213\" data-end=\"1239\">Wassertemperatur<\/strong>: 70-75\u00b0C<\/p>\n<\/li>\n<li data-start=\"1251\" data-end=\"1280\">\n<p data-start=\"1253\" data-end=\"1280\"><strong data-start=\"1253\" data-end=\"1266\">Infusion<\/strong>: 3-5 Minuten<\/p>\n<\/li>\n<li data-start=\"1281\" data-end=\"1359\">\n<p data-start=\"1283\" data-end=\"1359\"><strong data-start=\"1283\" data-end=\"1297\">Reinfusion<\/strong>: bis zu 3 Mal, wobei sich die Nuancen mit jeder Extraktion \u00e4ndern<\/p>\n<\/li>\n<\/ul>\n<hr data-start=\"1361\" data-end=\"1364\">\n","protected":false},"excerpt":{"rendered":"<p>\ud83e\uded6 Yin Zhen &#8211; Reiner Wei\u00dfer Tee &#8211; 30g Die Eleganz des Wesentlichen. Der Yin Zhen (Silver Needle) gilt als einer der besten Tees der Welt und wird ausschlie\u00dflich aus jungen, unge\u00f6ffneten Knospen hergestellt, die in den fr\u00fchen Morgenstunden des Fr\u00fchjahrs von Hand gepfl\u00fcckt werden. Dieser reine wei\u00dfe Tee repr\u00e4sentiert die perfekte Balance zwischen Raffinesse [&hellip;]<\/p>\n","protected":false},"featured_media":30474,"template":"","meta":{"_et_pb_use_builder":"","_et_pb_old_content":"","_et_gb_content_width":""},"product_brand":[],"product_cat":[91],"product_tag":[],"class_list":{"0":"post-30827","1":"product","2":"type-product","3":"status-publish","4":"has-post-thumbnail","6":"product_cat-weiser-tee","8":"first","9":"instock","10":"shipping-taxable","11":"purchasable","12":"product-type-simple"},"yoast_head":"<!-- This site is optimized with the Yoast SEO plugin v27.4 - https:\/\/yoast.com\/product\/yoast-seo-wordpress\/ -->\n<title>Yin Zhen 30g - Erboristeria Artemisia<\/title>\n<meta name=\"robots\" content=\"index, follow, max-snippet:-1, max-image-preview:large, max-video-preview:-1\" \/>\n<link rel=\"canonical\" href=\"https:\/\/erboristeria-artemisia.ch\/de\/produkt\/yin-zhen-30g\/\" \/>\n<meta property=\"og:locale\" content=\"de_DE\" \/>\n<meta property=\"og:type\" content=\"article\" \/>\n<meta property=\"og:title\" content=\"Yin Zhen 30g - Erboristeria Artemisia\" \/>\n<meta property=\"og:description\" content=\"\ud83e\uded6 Yin Zhen &#8211; Reiner Wei\u00dfer Tee &#8211; 30g Die Eleganz des Wesentlichen. Der Yin Zhen (Silver Needle) gilt als einer der besten Tees der Welt und wird ausschlie\u00dflich aus jungen, unge\u00f6ffneten Knospen hergestellt, die in den fr\u00fchen Morgenstunden des Fr\u00fchjahrs von Hand gepfl\u00fcckt werden. Dieser reine wei\u00dfe Tee repr\u00e4sentiert die perfekte Balance zwischen Raffinesse [&hellip;]\" \/>\n<meta property=\"og:url\" content=\"https:\/\/erboristeria-artemisia.ch\/de\/produkt\/yin-zhen-30g\/\" \/>\n<meta property=\"og:site_name\" content=\"Erboristeria Artemisia\" \/>\n<meta property=\"article:modified_time\" content=\"2025-09-25T14:25:51+00:00\" \/>\n<meta property=\"og:image\" content=\"https:\/\/erboristeria-artemisia.ch\/wp-content\/uploads\/2025\/09\/Yin-Zhen.jpg\" \/>\n\t<meta property=\"og:image:width\" content=\"2000\" \/>\n\t<meta property=\"og:image:height\" content=\"2000\" \/>\n\t<meta property=\"og:image:type\" content=\"image\/jpeg\" \/>\n<meta name=\"twitter:card\" content=\"summary_large_image\" \/>\n<meta name=\"twitter:label1\" content=\"Gesch\u00e4tzte Lesezeit\" \/>\n\t<meta name=\"twitter:data1\" content=\"1\u00a0Minute\" \/>\n<script type=\"application\/ld+json\" class=\"yoast-schema-graph\">{\"@context\":\"https:\\\/\\\/schema.org\",\"@graph\":[{\"@type\":\"WebPage\",\"@id\":\"https:\\\/\\\/erboristeria-artemisia.ch\\\/de\\\/produkt\\\/yin-zhen-30g\\\/\",\"url\":\"https:\\\/\\\/erboristeria-artemisia.ch\\\/de\\\/produkt\\\/yin-zhen-30g\\\/\",\"name\":\"Yin Zhen 30g - Erboristeria Artemisia\",\"isPartOf\":{\"@id\":\"https:\\\/\\\/erboristeria-artemisia.ch\\\/de\\\/#website\"},\"primaryImageOfPage\":{\"@id\":\"https:\\\/\\\/erboristeria-artemisia.ch\\\/de\\\/produkt\\\/yin-zhen-30g\\\/#primaryimage\"},\"image\":{\"@id\":\"https:\\\/\\\/erboristeria-artemisia.ch\\\/de\\\/produkt\\\/yin-zhen-30g\\\/#primaryimage\"},\"thumbnailUrl\":\"https:\\\/\\\/erboristeria-artemisia.ch\\\/wp-content\\\/uploads\\\/2025\\\/09\\\/Yin-Zhen.jpg\",\"datePublished\":\"2025-09-17T18:36:54+00:00\",\"dateModified\":\"2025-09-25T14:25:51+00:00\",\"breadcrumb\":{\"@id\":\"https:\\\/\\\/erboristeria-artemisia.ch\\\/de\\\/produkt\\\/yin-zhen-30g\\\/#breadcrumb\"},\"inLanguage\":\"de\",\"potentialAction\":[{\"@type\":\"ReadAction\",\"target\":[\"https:\\\/\\\/erboristeria-artemisia.ch\\\/de\\\/produkt\\\/yin-zhen-30g\\\/\"]}]},{\"@type\":\"ImageObject\",\"inLanguage\":\"de\",\"@id\":\"https:\\\/\\\/erboristeria-artemisia.ch\\\/de\\\/produkt\\\/yin-zhen-30g\\\/#primaryimage\",\"url\":\"https:\\\/\\\/erboristeria-artemisia.ch\\\/wp-content\\\/uploads\\\/2025\\\/09\\\/Yin-Zhen.jpg\",\"contentUrl\":\"https:\\\/\\\/erboristeria-artemisia.ch\\\/wp-content\\\/uploads\\\/2025\\\/09\\\/Yin-Zhen.jpg\",\"width\":2000,\"height\":2000},{\"@type\":\"BreadcrumbList\",\"@id\":\"https:\\\/\\\/erboristeria-artemisia.ch\\\/de\\\/produkt\\\/yin-zhen-30g\\\/#breadcrumb\",\"itemListElement\":[{\"@type\":\"ListItem\",\"position\":1,\"name\":\"Home\",\"item\":\"https:\\\/\\\/erboristeria-artemisia.ch\\\/de\\\/startseite\\\/\"},{\"@type\":\"ListItem\",\"position\":2,\"name\":\"Shop4\",\"item\":\"https:\\\/\\\/erboristeria-artemisia.ch\\\/shop4\\\/\"},{\"@type\":\"ListItem\",\"position\":3,\"name\":\"Yin Zhen 30g\"}]},{\"@type\":\"WebSite\",\"@id\":\"https:\\\/\\\/erboristeria-artemisia.ch\\\/de\\\/#website\",\"url\":\"https:\\\/\\\/erboristeria-artemisia.ch\\\/de\\\/\",\"name\":\"Erboristeria Artemisia\",\"description\":\"Ogni sorso \u00e8 un momento per te\",\"potentialAction\":[{\"@type\":\"SearchAction\",\"target\":{\"@type\":\"EntryPoint\",\"urlTemplate\":\"https:\\\/\\\/erboristeria-artemisia.ch\\\/de\\\/?s={search_term_string}\"},\"query-input\":{\"@type\":\"PropertyValueSpecification\",\"valueRequired\":true,\"valueName\":\"search_term_string\"}}],\"inLanguage\":\"de\"}]}<\/script>\n<!-- \/ Yoast SEO plugin. -->","yoast_head_json":{"title":"Yin Zhen 30g - Erboristeria Artemisia","robots":{"index":"index","follow":"follow","max-snippet":"max-snippet:-1","max-image-preview":"max-image-preview:large","max-video-preview":"max-video-preview:-1"},"canonical":"https:\/\/erboristeria-artemisia.ch\/de\/produkt\/yin-zhen-30g\/","og_locale":"de_DE","og_type":"article","og_title":"Yin Zhen 30g - Erboristeria Artemisia","og_description":"\ud83e\uded6 Yin Zhen &#8211; Reiner Wei\u00dfer Tee &#8211; 30g Die Eleganz des Wesentlichen. Der Yin Zhen (Silver Needle) gilt als einer der besten Tees der Welt und wird ausschlie\u00dflich aus jungen, unge\u00f6ffneten Knospen hergestellt, die in den fr\u00fchen Morgenstunden des Fr\u00fchjahrs von Hand gepfl\u00fcckt werden. Dieser reine wei\u00dfe Tee repr\u00e4sentiert die perfekte Balance zwischen Raffinesse [&hellip;]","og_url":"https:\/\/erboristeria-artemisia.ch\/de\/produkt\/yin-zhen-30g\/","og_site_name":"Erboristeria Artemisia","article_modified_time":"2025-09-25T14:25:51+00:00","og_image":[{"width":2000,"height":2000,"url":"https:\/\/erboristeria-artemisia.ch\/wp-content\/uploads\/2025\/09\/Yin-Zhen.jpg","type":"image\/jpeg"}],"twitter_card":"summary_large_image","twitter_misc":{"Gesch\u00e4tzte Lesezeit":"1\u00a0Minute"},"schema":{"@context":"https:\/\/schema.org","@graph":[{"@type":"WebPage","@id":"https:\/\/erboristeria-artemisia.ch\/de\/produkt\/yin-zhen-30g\/","url":"https:\/\/erboristeria-artemisia.ch\/de\/produkt\/yin-zhen-30g\/","name":"Yin Zhen 30g - Erboristeria Artemisia","isPartOf":{"@id":"https:\/\/erboristeria-artemisia.ch\/de\/#website"},"primaryImageOfPage":{"@id":"https:\/\/erboristeria-artemisia.ch\/de\/produkt\/yin-zhen-30g\/#primaryimage"},"image":{"@id":"https:\/\/erboristeria-artemisia.ch\/de\/produkt\/yin-zhen-30g\/#primaryimage"},"thumbnailUrl":"https:\/\/erboristeria-artemisia.ch\/wp-content\/uploads\/2025\/09\/Yin-Zhen.jpg","datePublished":"2025-09-17T18:36:54+00:00","dateModified":"2025-09-25T14:25:51+00:00","breadcrumb":{"@id":"https:\/\/erboristeria-artemisia.ch\/de\/produkt\/yin-zhen-30g\/#breadcrumb"},"inLanguage":"de","potentialAction":[{"@type":"ReadAction","target":["https:\/\/erboristeria-artemisia.ch\/de\/produkt\/yin-zhen-30g\/"]}]},{"@type":"ImageObject","inLanguage":"de","@id":"https:\/\/erboristeria-artemisia.ch\/de\/produkt\/yin-zhen-30g\/#primaryimage","url":"https:\/\/erboristeria-artemisia.ch\/wp-content\/uploads\/2025\/09\/Yin-Zhen.jpg","contentUrl":"https:\/\/erboristeria-artemisia.ch\/wp-content\/uploads\/2025\/09\/Yin-Zhen.jpg","width":2000,"height":2000},{"@type":"BreadcrumbList","@id":"https:\/\/erboristeria-artemisia.ch\/de\/produkt\/yin-zhen-30g\/#breadcrumb","itemListElement":[{"@type":"ListItem","position":1,"name":"Home","item":"https:\/\/erboristeria-artemisia.ch\/de\/startseite\/"},{"@type":"ListItem","position":2,"name":"Shop4","item":"https:\/\/erboristeria-artemisia.ch\/shop4\/"},{"@type":"ListItem","position":3,"name":"Yin Zhen 30g"}]},{"@type":"WebSite","@id":"https:\/\/erboristeria-artemisia.ch\/de\/#website","url":"https:\/\/erboristeria-artemisia.ch\/de\/","name":"Erboristeria Artemisia","description":"Ogni sorso \u00e8 un momento per te","potentialAction":[{"@type":"SearchAction","target":{"@type":"EntryPoint","urlTemplate":"https:\/\/erboristeria-artemisia.ch\/de\/?s={search_term_string}"},"query-input":{"@type":"PropertyValueSpecification","valueRequired":true,"valueName":"search_term_string"}}],"inLanguage":"de"}]}},"_links":{"self":[{"href":"https:\/\/erboristeria-artemisia.ch\/de\/wp-json\/wp\/v2\/product\/30827","targetHints":{"allow":["GET"]}}],"collection":[{"href":"https:\/\/erboristeria-artemisia.ch\/de\/wp-json\/wp\/v2\/product"}],"about":[{"href":"https:\/\/erboristeria-artemisia.ch\/de\/wp-json\/wp\/v2\/types\/product"}],"wp:featuredmedia":[{"embeddable":true,"href":"https:\/\/erboristeria-artemisia.ch\/de\/wp-json\/wp\/v2\/media\/30474"}],"wp:attachment":[{"href":"https:\/\/erboristeria-artemisia.ch\/de\/wp-json\/wp\/v2\/media?parent=30827"}],"wp:term":[{"taxonomy":"product_brand","embeddable":true,"href":"https:\/\/erboristeria-artemisia.ch\/de\/wp-json\/wp\/v2\/product_brand?post=30827"},{"taxonomy":"product_cat","embeddable":true,"href":"https:\/\/erboristeria-artemisia.ch\/de\/wp-json\/wp\/v2\/product_cat?post=30827"},{"taxonomy":"product_tag","embeddable":true,"href":"https:\/\/erboristeria-artemisia.ch\/de\/wp-json\/wp\/v2\/product_tag?post=30827"}],"curies":[{"name":"wp","href":"https:\/\/api.w.org\/{rel}","templated":true}]}}