{"id":30828,"date":"2025-09-17T20:57:14","date_gmt":"2025-09-17T18:57:14","guid":{"rendered":"https:\/\/erboristeria-artemisia.ch\/product\/sencha-vanille-natuerlich-100g\/"},"modified":"2025-09-25T16:25:51","modified_gmt":"2025-09-25T14:25:51","slug":"sencha-vanille-natuerlich-100g","status":"publish","type":"product","link":"https:\/\/erboristeria-artemisia.ch\/de\/produkt\/sencha-vanille-natuerlich-100g\/","title":{"rendered":"Sencha Vanille (Nat\u00fcrlich) 100g"},"content":{"rendered":"<h2 data-start=\"80\" data-end=\"132\">\ud83c\udf3f\ud83c\udf66 <strong data-start=\"88\" data-end=\"130\">Sencha Natur Vanille &#8211; 100g<\/strong><\/h2>\n<p data-start=\"133\" data-end=\"197\"><strong data-start=\"133\" data-end=\"197\">Orientalische Delikatesse trifft auf die S\u00fc\u00dfe der Vanille.<\/strong><\/p>\n<p data-start=\"199\" data-end=\"478\">Entdecken Sie die perfekte Harmonie zwischen hochwertigem chinesischen Sencha-Gr\u00fcntee und der sanften nat\u00fcrlichen Essenz der <strong data-start=\"307\" data-end=\"319\">Vanille<\/strong>. Diese raffinierte Mischung ohne k\u00fcnstliche Aromastoffe bietet ein samtiges, leicht s\u00fc\u00dfes und aromatisches Gebr\u00e4u, ideal f\u00fcr alle, die elegante und nat\u00fcrliche Aromen lieben. <\/p>\n<hr data-start=\"480\" data-end=\"483\">\n<h3 data-start=\"485\" data-end=\"519\">\ud83c\udf75 <strong data-start=\"492\" data-end=\"516\">Verkostungsnotizen<\/strong>:<\/h3>\n<ul data-start=\"520\" data-end=\"760\">\n<li data-start=\"520\" data-end=\"569\">\n<p data-start=\"522\" data-end=\"569\"><strong data-start=\"522\" data-end=\"533\">Erscheinungsbild<\/strong>: Klarer, hellgr\u00fcner Lik\u00f6r<\/p>\n<\/li>\n<li data-start=\"570\" data-end=\"637\">\n<p data-start=\"572\" data-end=\"637\"><strong data-start=\"572\" data-end=\"581\">Aroma<\/strong>: S\u00fc\u00df und einh\u00fcllend, mit nat\u00fcrlichen Noten von Vanille<\/p>\n<\/li>\n<li data-start=\"638\" data-end=\"717\">\n<p data-start=\"640\" data-end=\"717\"><strong data-start=\"640\" data-end=\"649\">Geschmack<\/strong>: Weich, ausgewogen, mit einer angenehm cremigen Vanillenote<\/p>\n<\/li>\n<li data-start=\"718\" data-end=\"760\">\n<p data-start=\"720\" data-end=\"760\"><strong data-start=\"720\" data-end=\"734\">Nachgeschmack<\/strong>: Anhaltend und delikat<\/p>\n<\/li>\n<\/ul>\n<hr data-start=\"762\" data-end=\"765\">\n<h3 data-start=\"767\" data-end=\"792\">\ud83c\udf31 <strong data-start=\"774\" data-end=\"789\">Zutaten<\/strong>:<\/h3>\n<ul data-start=\"793\" data-end=\"881\">\n<li data-start=\"793\" data-end=\"819\">\n<p data-start=\"795\" data-end=\"819\">Chinesischer Sencha Gr\u00fcner Tee<\/p>\n<\/li>\n<li data-start=\"820\" data-end=\"853\">\n<p data-start=\"822\" data-end=\"853\">Nat\u00fcrlicher Vanilleextrakt<\/p>\n<\/li>\n<li data-start=\"854\" data-end=\"881\">\n<p data-start=\"856\" data-end=\"881\"><em data-start=\"856\" data-end=\"881\">Keine k\u00fcnstlichen Aromen<\/em><\/p>\n<\/li>\n<\/ul>\n<hr data-start=\"883\" data-end=\"886\">\n<h3 data-start=\"888\" data-end=\"926\">\ud83e\uded6 <strong data-start=\"895\" data-end=\"923\">Empfohlene Zubereitung<\/strong>:<\/h3>\n<ul data-start=\"927\" data-end=\"1027\">\n<li data-start=\"927\" data-end=\"957\">\n<p data-start=\"929\" data-end=\"957\"><strong data-start=\"929\" data-end=\"941\">Menge<\/strong>: 2g pro Tasse<\/p>\n<\/li>\n<li data-start=\"958\" data-end=\"997\">\n<p data-start=\"960\" data-end=\"997\"><strong data-start=\"960\" data-end=\"986\">Wassertemperatur<\/strong>: 75-80\u00b0C<\/p>\n<\/li>\n<li data-start=\"998\" data-end=\"1027\">\n<p data-start=\"1000\" data-end=\"1027\"><strong data-start=\"1000\" data-end=\"1013\">Infusion<\/strong>: 2-3 Minuten<\/p>\n<\/li>\n<\/ul>\n","protected":false},"excerpt":{"rendered":"<p>\ud83c\udf3f\ud83c\udf66 Sencha Natur Vanille &#8211; 100g Orientalische Delikatesse trifft auf die S\u00fc\u00dfe der Vanille. Entdecken Sie die perfekte Harmonie zwischen hochwertigem chinesischen Sencha-Gr\u00fcntee und der sanften nat\u00fcrlichen Essenz der Vanille. Diese raffinierte Mischung ohne k\u00fcnstliche Aromastoffe bietet ein samtiges, leicht s\u00fc\u00dfes und aromatisches Gebr\u00e4u, ideal f\u00fcr alle, die elegante und nat\u00fcrliche Aromen lieben. \ud83c\udf75 Verkostungsnotizen: [&hellip;]<\/p>\n","protected":false},"featured_media":30489,"template":"","meta":{"_et_pb_use_builder":"","_et_pb_old_content":"","_et_gb_content_width":""},"product_brand":[],"product_cat":[92],"product_tag":[],"class_list":{"0":"post-30828","1":"product","2":"type-product","3":"status-publish","4":"has-post-thumbnail","6":"product_cat-chinesische-tees","8":"first","9":"instock","10":"shipping-taxable","11":"purchasable","12":"product-type-simple"},"yoast_head":"<!-- This site is optimized with the Yoast SEO plugin v27.4 - https:\/\/yoast.com\/product\/yoast-seo-wordpress\/ -->\n<title>Sencha Vanille (Nat\u00fcrlich) 100g - Erboristeria Artemisia<\/title>\n<meta name=\"robots\" content=\"index, follow, max-snippet:-1, max-image-preview:large, max-video-preview:-1\" \/>\n<link rel=\"canonical\" href=\"https:\/\/erboristeria-artemisia.ch\/de\/produkt\/sencha-vanille-natuerlich-100g\/\" \/>\n<meta property=\"og:locale\" content=\"de_DE\" \/>\n<meta property=\"og:type\" content=\"article\" \/>\n<meta property=\"og:title\" content=\"Sencha Vanille (Nat\u00fcrlich) 100g - Erboristeria Artemisia\" \/>\n<meta property=\"og:description\" content=\"\ud83c\udf3f\ud83c\udf66 Sencha Natur Vanille &#8211; 100g Orientalische Delikatesse trifft auf die S\u00fc\u00dfe der Vanille. Entdecken Sie die perfekte Harmonie zwischen hochwertigem chinesischen Sencha-Gr\u00fcntee und der sanften nat\u00fcrlichen Essenz der Vanille. Diese raffinierte Mischung ohne k\u00fcnstliche Aromastoffe bietet ein samtiges, leicht s\u00fc\u00dfes und aromatisches Gebr\u00e4u, ideal f\u00fcr alle, die elegante und nat\u00fcrliche Aromen lieben. \ud83c\udf75 Verkostungsnotizen: [&hellip;]\" \/>\n<meta property=\"og:url\" content=\"https:\/\/erboristeria-artemisia.ch\/de\/produkt\/sencha-vanille-natuerlich-100g\/\" \/>\n<meta property=\"og:site_name\" content=\"Erboristeria Artemisia\" \/>\n<meta property=\"article:modified_time\" content=\"2025-09-25T14:25:51+00:00\" \/>\n<meta property=\"og:image\" content=\"https:\/\/erboristeria-artemisia.ch\/wp-content\/uploads\/2025\/09\/Sencha-Vaniglia-.jpg\" \/>\n\t<meta property=\"og:image:width\" content=\"2000\" \/>\n\t<meta property=\"og:image:height\" content=\"2000\" \/>\n\t<meta property=\"og:image:type\" content=\"image\/jpeg\" \/>\n<meta name=\"twitter:card\" content=\"summary_large_image\" \/>\n<meta name=\"twitter:label1\" content=\"Gesch\u00e4tzte Lesezeit\" \/>\n\t<meta name=\"twitter:data1\" content=\"1\u00a0Minute\" \/>\n<script type=\"application\/ld+json\" class=\"yoast-schema-graph\">{\"@context\":\"https:\\\/\\\/schema.org\",\"@graph\":[{\"@type\":\"WebPage\",\"@id\":\"https:\\\/\\\/erboristeria-artemisia.ch\\\/de\\\/produkt\\\/sencha-vanille-natuerlich-100g\\\/\",\"url\":\"https:\\\/\\\/erboristeria-artemisia.ch\\\/de\\\/produkt\\\/sencha-vanille-natuerlich-100g\\\/\",\"name\":\"Sencha Vanille (Nat\u00fcrlich) 100g - Erboristeria Artemisia\",\"isPartOf\":{\"@id\":\"https:\\\/\\\/erboristeria-artemisia.ch\\\/de\\\/#website\"},\"primaryImageOfPage\":{\"@id\":\"https:\\\/\\\/erboristeria-artemisia.ch\\\/de\\\/produkt\\\/sencha-vanille-natuerlich-100g\\\/#primaryimage\"},\"image\":{\"@id\":\"https:\\\/\\\/erboristeria-artemisia.ch\\\/de\\\/produkt\\\/sencha-vanille-natuerlich-100g\\\/#primaryimage\"},\"thumbnailUrl\":\"https:\\\/\\\/erboristeria-artemisia.ch\\\/wp-content\\\/uploads\\\/2025\\\/09\\\/Sencha-Vaniglia-.jpg\",\"datePublished\":\"2025-09-17T18:57:14+00:00\",\"dateModified\":\"2025-09-25T14:25:51+00:00\",\"breadcrumb\":{\"@id\":\"https:\\\/\\\/erboristeria-artemisia.ch\\\/de\\\/produkt\\\/sencha-vanille-natuerlich-100g\\\/#breadcrumb\"},\"inLanguage\":\"de\",\"potentialAction\":[{\"@type\":\"ReadAction\",\"target\":[\"https:\\\/\\\/erboristeria-artemisia.ch\\\/de\\\/produkt\\\/sencha-vanille-natuerlich-100g\\\/\"]}]},{\"@type\":\"ImageObject\",\"inLanguage\":\"de\",\"@id\":\"https:\\\/\\\/erboristeria-artemisia.ch\\\/de\\\/produkt\\\/sencha-vanille-natuerlich-100g\\\/#primaryimage\",\"url\":\"https:\\\/\\\/erboristeria-artemisia.ch\\\/wp-content\\\/uploads\\\/2025\\\/09\\\/Sencha-Vaniglia-.jpg\",\"contentUrl\":\"https:\\\/\\\/erboristeria-artemisia.ch\\\/wp-content\\\/uploads\\\/2025\\\/09\\\/Sencha-Vaniglia-.jpg\",\"width\":2000,\"height\":2000},{\"@type\":\"BreadcrumbList\",\"@id\":\"https:\\\/\\\/erboristeria-artemisia.ch\\\/de\\\/produkt\\\/sencha-vanille-natuerlich-100g\\\/#breadcrumb\",\"itemListElement\":[{\"@type\":\"ListItem\",\"position\":1,\"name\":\"Home\",\"item\":\"https:\\\/\\\/erboristeria-artemisia.ch\\\/de\\\/startseite\\\/\"},{\"@type\":\"ListItem\",\"position\":2,\"name\":\"Shop4\",\"item\":\"https:\\\/\\\/erboristeria-artemisia.ch\\\/shop4\\\/\"},{\"@type\":\"ListItem\",\"position\":3,\"name\":\"Sencha Vanille (Nat\u00fcrlich) 100g\"}]},{\"@type\":\"WebSite\",\"@id\":\"https:\\\/\\\/erboristeria-artemisia.ch\\\/de\\\/#website\",\"url\":\"https:\\\/\\\/erboristeria-artemisia.ch\\\/de\\\/\",\"name\":\"Erboristeria Artemisia\",\"description\":\"Ogni sorso \u00e8 un momento per te\",\"potentialAction\":[{\"@type\":\"SearchAction\",\"target\":{\"@type\":\"EntryPoint\",\"urlTemplate\":\"https:\\\/\\\/erboristeria-artemisia.ch\\\/de\\\/?s={search_term_string}\"},\"query-input\":{\"@type\":\"PropertyValueSpecification\",\"valueRequired\":true,\"valueName\":\"search_term_string\"}}],\"inLanguage\":\"de\"}]}<\/script>\n<!-- \/ Yoast SEO plugin. -->","yoast_head_json":{"title":"Sencha Vanille (Nat\u00fcrlich) 100g - Erboristeria Artemisia","robots":{"index":"index","follow":"follow","max-snippet":"max-snippet:-1","max-image-preview":"max-image-preview:large","max-video-preview":"max-video-preview:-1"},"canonical":"https:\/\/erboristeria-artemisia.ch\/de\/produkt\/sencha-vanille-natuerlich-100g\/","og_locale":"de_DE","og_type":"article","og_title":"Sencha Vanille (Nat\u00fcrlich) 100g - Erboristeria Artemisia","og_description":"\ud83c\udf3f\ud83c\udf66 Sencha Natur Vanille &#8211; 100g Orientalische Delikatesse trifft auf die S\u00fc\u00dfe der Vanille. Entdecken Sie die perfekte Harmonie zwischen hochwertigem chinesischen Sencha-Gr\u00fcntee und der sanften nat\u00fcrlichen Essenz der Vanille. Diese raffinierte Mischung ohne k\u00fcnstliche Aromastoffe bietet ein samtiges, leicht s\u00fc\u00dfes und aromatisches Gebr\u00e4u, ideal f\u00fcr alle, die elegante und nat\u00fcrliche Aromen lieben. \ud83c\udf75 Verkostungsnotizen: [&hellip;]","og_url":"https:\/\/erboristeria-artemisia.ch\/de\/produkt\/sencha-vanille-natuerlich-100g\/","og_site_name":"Erboristeria Artemisia","article_modified_time":"2025-09-25T14:25:51+00:00","og_image":[{"width":2000,"height":2000,"url":"https:\/\/erboristeria-artemisia.ch\/wp-content\/uploads\/2025\/09\/Sencha-Vaniglia-.jpg","type":"image\/jpeg"}],"twitter_card":"summary_large_image","twitter_misc":{"Gesch\u00e4tzte Lesezeit":"1\u00a0Minute"},"schema":{"@context":"https:\/\/schema.org","@graph":[{"@type":"WebPage","@id":"https:\/\/erboristeria-artemisia.ch\/de\/produkt\/sencha-vanille-natuerlich-100g\/","url":"https:\/\/erboristeria-artemisia.ch\/de\/produkt\/sencha-vanille-natuerlich-100g\/","name":"Sencha Vanille (Nat\u00fcrlich) 100g - Erboristeria Artemisia","isPartOf":{"@id":"https:\/\/erboristeria-artemisia.ch\/de\/#website"},"primaryImageOfPage":{"@id":"https:\/\/erboristeria-artemisia.ch\/de\/produkt\/sencha-vanille-natuerlich-100g\/#primaryimage"},"image":{"@id":"https:\/\/erboristeria-artemisia.ch\/de\/produkt\/sencha-vanille-natuerlich-100g\/#primaryimage"},"thumbnailUrl":"https:\/\/erboristeria-artemisia.ch\/wp-content\/uploads\/2025\/09\/Sencha-Vaniglia-.jpg","datePublished":"2025-09-17T18:57:14+00:00","dateModified":"2025-09-25T14:25:51+00:00","breadcrumb":{"@id":"https:\/\/erboristeria-artemisia.ch\/de\/produkt\/sencha-vanille-natuerlich-100g\/#breadcrumb"},"inLanguage":"de","potentialAction":[{"@type":"ReadAction","target":["https:\/\/erboristeria-artemisia.ch\/de\/produkt\/sencha-vanille-natuerlich-100g\/"]}]},{"@type":"ImageObject","inLanguage":"de","@id":"https:\/\/erboristeria-artemisia.ch\/de\/produkt\/sencha-vanille-natuerlich-100g\/#primaryimage","url":"https:\/\/erboristeria-artemisia.ch\/wp-content\/uploads\/2025\/09\/Sencha-Vaniglia-.jpg","contentUrl":"https:\/\/erboristeria-artemisia.ch\/wp-content\/uploads\/2025\/09\/Sencha-Vaniglia-.jpg","width":2000,"height":2000},{"@type":"BreadcrumbList","@id":"https:\/\/erboristeria-artemisia.ch\/de\/produkt\/sencha-vanille-natuerlich-100g\/#breadcrumb","itemListElement":[{"@type":"ListItem","position":1,"name":"Home","item":"https:\/\/erboristeria-artemisia.ch\/de\/startseite\/"},{"@type":"ListItem","position":2,"name":"Shop4","item":"https:\/\/erboristeria-artemisia.ch\/shop4\/"},{"@type":"ListItem","position":3,"name":"Sencha Vanille (Nat\u00fcrlich) 100g"}]},{"@type":"WebSite","@id":"https:\/\/erboristeria-artemisia.ch\/de\/#website","url":"https:\/\/erboristeria-artemisia.ch\/de\/","name":"Erboristeria Artemisia","description":"Ogni sorso \u00e8 un momento per te","potentialAction":[{"@type":"SearchAction","target":{"@type":"EntryPoint","urlTemplate":"https:\/\/erboristeria-artemisia.ch\/de\/?s={search_term_string}"},"query-input":{"@type":"PropertyValueSpecification","valueRequired":true,"valueName":"search_term_string"}}],"inLanguage":"de"}]}},"_links":{"self":[{"href":"https:\/\/erboristeria-artemisia.ch\/de\/wp-json\/wp\/v2\/product\/30828","targetHints":{"allow":["GET"]}}],"collection":[{"href":"https:\/\/erboristeria-artemisia.ch\/de\/wp-json\/wp\/v2\/product"}],"about":[{"href":"https:\/\/erboristeria-artemisia.ch\/de\/wp-json\/wp\/v2\/types\/product"}],"wp:featuredmedia":[{"embeddable":true,"href":"https:\/\/erboristeria-artemisia.ch\/de\/wp-json\/wp\/v2\/media\/30489"}],"wp:attachment":[{"href":"https:\/\/erboristeria-artemisia.ch\/de\/wp-json\/wp\/v2\/media?parent=30828"}],"wp:term":[{"taxonomy":"product_brand","embeddable":true,"href":"https:\/\/erboristeria-artemisia.ch\/de\/wp-json\/wp\/v2\/product_brand?post=30828"},{"taxonomy":"product_cat","embeddable":true,"href":"https:\/\/erboristeria-artemisia.ch\/de\/wp-json\/wp\/v2\/product_cat?post=30828"},{"taxonomy":"product_tag","embeddable":true,"href":"https:\/\/erboristeria-artemisia.ch\/de\/wp-json\/wp\/v2\/product_tag?post=30828"}],"curies":[{"name":"wp","href":"https:\/\/api.w.org\/{rel}","templated":true}]}}