{"id":30829,"date":"2025-09-17T20:39:19","date_gmt":"2025-09-17T18:39:19","guid":{"rendered":"https:\/\/erboristeria-artemisia.ch\/product\/weisser-drache-bai-long-50g\/"},"modified":"2025-09-25T16:25:52","modified_gmt":"2025-09-25T14:25:52","slug":"weisser-drache-bai-long-50g","status":"publish","type":"product","link":"https:\/\/erboristeria-artemisia.ch\/de\/produkt\/weisser-drache-bai-long-50g\/","title":{"rendered":"Wei\u00dfer Drache (Bai Long) 50g"},"content":{"rendered":"<h2 data-start=\"89\" data-end=\"130\">\ud83d\udc09 <strong data-start=\"95\" data-end=\"128\">Wei\u00dfer Drache &#8211; Bai Long &#8211; 50g<\/strong><\/h2>\n<p data-start=\"131\" data-end=\"189\"><strong data-start=\"131\" data-end=\"189\">Feiner Wei\u00dfer Tee &#8211; Die Balance zwischen Reinheit und St\u00e4rke.<\/strong><\/p>\n<p data-start=\"191\" data-end=\"383\">Der <strong data-start=\"227\" data-end=\"239\">Bai Long<\/strong><em data-start=\"241\" data-end=\"255\">(Wei\u00dfer Drache<\/em>) kommt direkt aus den chinesischen Bergen und ist ein seltener, handgefertigter wei\u00dfer Tee aus <strong data-start=\"304\" data-end=\"330\">Knospen und jungen Bl\u00e4ttern<\/strong>, die in den ersten Fr\u00fchlingstagen von Hand geerntet werden.<\/p>\n<p data-start=\"385\" data-end=\"664\">Der Name &#8218;Wei\u00dfer Drache&#8216; beschw\u00f6rt Legende und Anmut herauf: ein leichter und doch tiefgr\u00fcndiger Aufguss, der <strong data-start=\"484\" data-end=\"539\">zarte Noten von frischen Blumen, s\u00fc\u00dfem Heu und Honig<\/strong> freisetzt, mit einer weichen, eleganten Struktur.<br data-start=\"579\" data-end=\"582\">Ideal f\u00fcr alle, die einen <strong data-start=\"609\" data-end=\"622\">raffinierten<\/strong>, <strong data-start=\"624\" data-end=\"638\">meditativen<\/strong> Tee suchen, der dennoch reich an Pers\u00f6nlichkeit ist.<\/p>\n<hr data-start=\"666\" data-end=\"669\">\n<h3 data-start=\"671\" data-end=\"703\">\ud83c\udf43 <strong data-start=\"678\" data-end=\"702\">Verkostungsnotizen<\/strong>:<\/h3>\n<ul data-start=\"704\" data-end=\"943\">\n<li data-start=\"704\" data-end=\"757\">\n<p data-start=\"706\" data-end=\"757\"><strong data-start=\"706\" data-end=\"717\">Aussehen<\/strong>: Blass goldgelber Aufguss<\/p>\n<\/li>\n<li data-start=\"758\" data-end=\"829\">\n<p data-start=\"760\" data-end=\"829\"><strong data-start=\"760\" data-end=\"769\">Aroma<\/strong>: Blumig und frisch, mit einem Hauch von Gras und wei\u00dfem Honig<\/p>\n<\/li>\n<li data-start=\"830\" data-end=\"894\">\n<p data-start=\"832\" data-end=\"894\"><strong data-start=\"832\" data-end=\"841\">Geschmack<\/strong>: Samtig, rund, mit einer leichten pflanzlichen Note<\/p>\n<\/li>\n<li data-start=\"895\" data-end=\"943\">\n<p data-start=\"897\" data-end=\"943\"><strong data-start=\"897\" data-end=\"911\">Nachgeschmack<\/strong>: Sauber, anhaltend, harmonisch<\/p>\n<\/li>\n<\/ul>\n<hr data-start=\"945\" data-end=\"948\">\n<h3 data-start=\"950\" data-end=\"971\"><strong data-start=\"957\" data-end=\"968\">\ud83c\udf3f Herkunft<\/strong>:<\/h3>\n<p data-start=\"972\" data-end=\"1041\">Ausgew\u00e4hlte hochgelegene Plantagen in der Region Fujian in China.<\/p>\n<hr data-start=\"1043\" data-end=\"1046\">\n<h3 data-start=\"1048\" data-end=\"1084\">\ud83e\uded6 <strong data-start=\"1055\" data-end=\"1083\">Zubereitungsmethode<\/strong>:<\/h3>\n<ul data-start=\"1085\" data-end=\"1252\">\n<li data-start=\"1085\" data-end=\"1115\">\n<p data-start=\"1087\" data-end=\"1115\"><strong data-start=\"1087\" data-end=\"1099\">Menge<\/strong>: 2g pro 150ml<\/p>\n<\/li>\n<li data-start=\"1116\" data-end=\"1152\">\n<p data-start=\"1118\" data-end=\"1152\"><strong data-start=\"1118\" data-end=\"1144\">Wassertemperatur<\/strong>: 75\u00b0C<\/p>\n<\/li>\n<li data-start=\"1153\" data-end=\"1182\">\n<p data-start=\"1155\" data-end=\"1182\"><strong data-start=\"1155\" data-end=\"1168\">Infusion<\/strong>: 3-4 Minuten<\/p>\n<\/li>\n<li data-start=\"1183\" data-end=\"1252\">\n<p data-start=\"1185\" data-end=\"1252\"><strong data-start=\"1185\" data-end=\"1199\">Reinfusion<\/strong>: bis zu 3 Mal, mit subtilen Variationen bei jeder Tasse<\/p>\n<\/li>\n<\/ul>\n","protected":false},"excerpt":{"rendered":"<p>\ud83d\udc09 Wei\u00dfer Drache &#8211; Bai Long &#8211; 50g Feiner Wei\u00dfer Tee &#8211; Die Balance zwischen Reinheit und St\u00e4rke. Der Bai Long(Wei\u00dfer Drache) kommt direkt aus den chinesischen Bergen und ist ein seltener, handgefertigter wei\u00dfer Tee aus Knospen und jungen Bl\u00e4ttern, die in den ersten Fr\u00fchlingstagen von Hand geerntet werden. Der Name &#8218;Wei\u00dfer Drache&#8216; beschw\u00f6rt Legende [&hellip;]<\/p>\n","protected":false},"featured_media":30477,"template":"","meta":{"_et_pb_use_builder":"","_et_pb_old_content":"","_et_gb_content_width":""},"product_brand":[],"product_cat":[91],"product_tag":[],"class_list":{"0":"post-30829","1":"product","2":"type-product","3":"status-publish","4":"has-post-thumbnail","6":"product_cat-weiser-tee","8":"first","9":"instock","10":"shipping-taxable","11":"purchasable","12":"product-type-simple"},"yoast_head":"<!-- This site is optimized with the Yoast SEO plugin v27.4 - https:\/\/yoast.com\/product\/yoast-seo-wordpress\/ -->\n<title>Wei\u00dfer Drache (Bai Long) 50g - Erboristeria Artemisia<\/title>\n<meta name=\"robots\" content=\"index, follow, max-snippet:-1, max-image-preview:large, max-video-preview:-1\" \/>\n<link rel=\"canonical\" href=\"https:\/\/erboristeria-artemisia.ch\/de\/produkt\/weisser-drache-bai-long-50g\/\" \/>\n<meta property=\"og:locale\" content=\"de_DE\" \/>\n<meta property=\"og:type\" content=\"article\" \/>\n<meta property=\"og:title\" content=\"Wei\u00dfer Drache (Bai Long) 50g - Erboristeria Artemisia\" \/>\n<meta property=\"og:description\" content=\"\ud83d\udc09 Wei\u00dfer Drache &#8211; Bai Long &#8211; 50g Feiner Wei\u00dfer Tee &#8211; Die Balance zwischen Reinheit und St\u00e4rke. Der Bai Long(Wei\u00dfer Drache) kommt direkt aus den chinesischen Bergen und ist ein seltener, handgefertigter wei\u00dfer Tee aus Knospen und jungen Bl\u00e4ttern, die in den ersten Fr\u00fchlingstagen von Hand geerntet werden. Der Name &#8218;Wei\u00dfer Drache&#8216; beschw\u00f6rt Legende [&hellip;]\" \/>\n<meta property=\"og:url\" content=\"https:\/\/erboristeria-artemisia.ch\/de\/produkt\/weisser-drache-bai-long-50g\/\" \/>\n<meta property=\"og:site_name\" content=\"Erboristeria Artemisia\" \/>\n<meta property=\"article:modified_time\" content=\"2025-09-25T14:25:52+00:00\" \/>\n<meta property=\"og:image\" content=\"https:\/\/erboristeria-artemisia.ch\/wp-content\/uploads\/2025\/09\/Drago-Bianco.jpg\" \/>\n\t<meta property=\"og:image:width\" content=\"2000\" \/>\n\t<meta property=\"og:image:height\" content=\"2000\" \/>\n\t<meta property=\"og:image:type\" content=\"image\/jpeg\" \/>\n<meta name=\"twitter:card\" content=\"summary_large_image\" \/>\n<meta name=\"twitter:label1\" content=\"Gesch\u00e4tzte Lesezeit\" \/>\n\t<meta name=\"twitter:data1\" content=\"1\u00a0Minute\" \/>\n<script type=\"application\/ld+json\" class=\"yoast-schema-graph\">{\"@context\":\"https:\\\/\\\/schema.org\",\"@graph\":[{\"@type\":\"WebPage\",\"@id\":\"https:\\\/\\\/erboristeria-artemisia.ch\\\/de\\\/produkt\\\/weisser-drache-bai-long-50g\\\/\",\"url\":\"https:\\\/\\\/erboristeria-artemisia.ch\\\/de\\\/produkt\\\/weisser-drache-bai-long-50g\\\/\",\"name\":\"Wei\u00dfer Drache (Bai Long) 50g - Erboristeria Artemisia\",\"isPartOf\":{\"@id\":\"https:\\\/\\\/erboristeria-artemisia.ch\\\/de\\\/#website\"},\"primaryImageOfPage\":{\"@id\":\"https:\\\/\\\/erboristeria-artemisia.ch\\\/de\\\/produkt\\\/weisser-drache-bai-long-50g\\\/#primaryimage\"},\"image\":{\"@id\":\"https:\\\/\\\/erboristeria-artemisia.ch\\\/de\\\/produkt\\\/weisser-drache-bai-long-50g\\\/#primaryimage\"},\"thumbnailUrl\":\"https:\\\/\\\/erboristeria-artemisia.ch\\\/wp-content\\\/uploads\\\/2025\\\/09\\\/Drago-Bianco.jpg\",\"datePublished\":\"2025-09-17T18:39:19+00:00\",\"dateModified\":\"2025-09-25T14:25:52+00:00\",\"breadcrumb\":{\"@id\":\"https:\\\/\\\/erboristeria-artemisia.ch\\\/de\\\/produkt\\\/weisser-drache-bai-long-50g\\\/#breadcrumb\"},\"inLanguage\":\"de\",\"potentialAction\":[{\"@type\":\"ReadAction\",\"target\":[\"https:\\\/\\\/erboristeria-artemisia.ch\\\/de\\\/produkt\\\/weisser-drache-bai-long-50g\\\/\"]}]},{\"@type\":\"ImageObject\",\"inLanguage\":\"de\",\"@id\":\"https:\\\/\\\/erboristeria-artemisia.ch\\\/de\\\/produkt\\\/weisser-drache-bai-long-50g\\\/#primaryimage\",\"url\":\"https:\\\/\\\/erboristeria-artemisia.ch\\\/wp-content\\\/uploads\\\/2025\\\/09\\\/Drago-Bianco.jpg\",\"contentUrl\":\"https:\\\/\\\/erboristeria-artemisia.ch\\\/wp-content\\\/uploads\\\/2025\\\/09\\\/Drago-Bianco.jpg\",\"width\":2000,\"height\":2000},{\"@type\":\"BreadcrumbList\",\"@id\":\"https:\\\/\\\/erboristeria-artemisia.ch\\\/de\\\/produkt\\\/weisser-drache-bai-long-50g\\\/#breadcrumb\",\"itemListElement\":[{\"@type\":\"ListItem\",\"position\":1,\"name\":\"Home\",\"item\":\"https:\\\/\\\/erboristeria-artemisia.ch\\\/de\\\/startseite\\\/\"},{\"@type\":\"ListItem\",\"position\":2,\"name\":\"Shop4\",\"item\":\"https:\\\/\\\/erboristeria-artemisia.ch\\\/shop4\\\/\"},{\"@type\":\"ListItem\",\"position\":3,\"name\":\"Wei\u00dfer Drache (Bai Long) 50g\"}]},{\"@type\":\"WebSite\",\"@id\":\"https:\\\/\\\/erboristeria-artemisia.ch\\\/de\\\/#website\",\"url\":\"https:\\\/\\\/erboristeria-artemisia.ch\\\/de\\\/\",\"name\":\"Erboristeria Artemisia\",\"description\":\"Ogni sorso \u00e8 un momento per te\",\"potentialAction\":[{\"@type\":\"SearchAction\",\"target\":{\"@type\":\"EntryPoint\",\"urlTemplate\":\"https:\\\/\\\/erboristeria-artemisia.ch\\\/de\\\/?s={search_term_string}\"},\"query-input\":{\"@type\":\"PropertyValueSpecification\",\"valueRequired\":true,\"valueName\":\"search_term_string\"}}],\"inLanguage\":\"de\"}]}<\/script>\n<!-- \/ Yoast SEO plugin. -->","yoast_head_json":{"title":"Wei\u00dfer Drache (Bai Long) 50g - Erboristeria Artemisia","robots":{"index":"index","follow":"follow","max-snippet":"max-snippet:-1","max-image-preview":"max-image-preview:large","max-video-preview":"max-video-preview:-1"},"canonical":"https:\/\/erboristeria-artemisia.ch\/de\/produkt\/weisser-drache-bai-long-50g\/","og_locale":"de_DE","og_type":"article","og_title":"Wei\u00dfer Drache (Bai Long) 50g - Erboristeria Artemisia","og_description":"\ud83d\udc09 Wei\u00dfer Drache &#8211; Bai Long &#8211; 50g Feiner Wei\u00dfer Tee &#8211; Die Balance zwischen Reinheit und St\u00e4rke. Der Bai Long(Wei\u00dfer Drache) kommt direkt aus den chinesischen Bergen und ist ein seltener, handgefertigter wei\u00dfer Tee aus Knospen und jungen Bl\u00e4ttern, die in den ersten Fr\u00fchlingstagen von Hand geerntet werden. Der Name &#8218;Wei\u00dfer Drache&#8216; beschw\u00f6rt Legende [&hellip;]","og_url":"https:\/\/erboristeria-artemisia.ch\/de\/produkt\/weisser-drache-bai-long-50g\/","og_site_name":"Erboristeria Artemisia","article_modified_time":"2025-09-25T14:25:52+00:00","og_image":[{"width":2000,"height":2000,"url":"https:\/\/erboristeria-artemisia.ch\/wp-content\/uploads\/2025\/09\/Drago-Bianco.jpg","type":"image\/jpeg"}],"twitter_card":"summary_large_image","twitter_misc":{"Gesch\u00e4tzte Lesezeit":"1\u00a0Minute"},"schema":{"@context":"https:\/\/schema.org","@graph":[{"@type":"WebPage","@id":"https:\/\/erboristeria-artemisia.ch\/de\/produkt\/weisser-drache-bai-long-50g\/","url":"https:\/\/erboristeria-artemisia.ch\/de\/produkt\/weisser-drache-bai-long-50g\/","name":"Wei\u00dfer Drache (Bai Long) 50g - Erboristeria Artemisia","isPartOf":{"@id":"https:\/\/erboristeria-artemisia.ch\/de\/#website"},"primaryImageOfPage":{"@id":"https:\/\/erboristeria-artemisia.ch\/de\/produkt\/weisser-drache-bai-long-50g\/#primaryimage"},"image":{"@id":"https:\/\/erboristeria-artemisia.ch\/de\/produkt\/weisser-drache-bai-long-50g\/#primaryimage"},"thumbnailUrl":"https:\/\/erboristeria-artemisia.ch\/wp-content\/uploads\/2025\/09\/Drago-Bianco.jpg","datePublished":"2025-09-17T18:39:19+00:00","dateModified":"2025-09-25T14:25:52+00:00","breadcrumb":{"@id":"https:\/\/erboristeria-artemisia.ch\/de\/produkt\/weisser-drache-bai-long-50g\/#breadcrumb"},"inLanguage":"de","potentialAction":[{"@type":"ReadAction","target":["https:\/\/erboristeria-artemisia.ch\/de\/produkt\/weisser-drache-bai-long-50g\/"]}]},{"@type":"ImageObject","inLanguage":"de","@id":"https:\/\/erboristeria-artemisia.ch\/de\/produkt\/weisser-drache-bai-long-50g\/#primaryimage","url":"https:\/\/erboristeria-artemisia.ch\/wp-content\/uploads\/2025\/09\/Drago-Bianco.jpg","contentUrl":"https:\/\/erboristeria-artemisia.ch\/wp-content\/uploads\/2025\/09\/Drago-Bianco.jpg","width":2000,"height":2000},{"@type":"BreadcrumbList","@id":"https:\/\/erboristeria-artemisia.ch\/de\/produkt\/weisser-drache-bai-long-50g\/#breadcrumb","itemListElement":[{"@type":"ListItem","position":1,"name":"Home","item":"https:\/\/erboristeria-artemisia.ch\/de\/startseite\/"},{"@type":"ListItem","position":2,"name":"Shop4","item":"https:\/\/erboristeria-artemisia.ch\/shop4\/"},{"@type":"ListItem","position":3,"name":"Wei\u00dfer Drache (Bai Long) 50g"}]},{"@type":"WebSite","@id":"https:\/\/erboristeria-artemisia.ch\/de\/#website","url":"https:\/\/erboristeria-artemisia.ch\/de\/","name":"Erboristeria Artemisia","description":"Ogni sorso \u00e8 un momento per te","potentialAction":[{"@type":"SearchAction","target":{"@type":"EntryPoint","urlTemplate":"https:\/\/erboristeria-artemisia.ch\/de\/?s={search_term_string}"},"query-input":{"@type":"PropertyValueSpecification","valueRequired":true,"valueName":"search_term_string"}}],"inLanguage":"de"}]}},"_links":{"self":[{"href":"https:\/\/erboristeria-artemisia.ch\/de\/wp-json\/wp\/v2\/product\/30829","targetHints":{"allow":["GET"]}}],"collection":[{"href":"https:\/\/erboristeria-artemisia.ch\/de\/wp-json\/wp\/v2\/product"}],"about":[{"href":"https:\/\/erboristeria-artemisia.ch\/de\/wp-json\/wp\/v2\/types\/product"}],"wp:featuredmedia":[{"embeddable":true,"href":"https:\/\/erboristeria-artemisia.ch\/de\/wp-json\/wp\/v2\/media\/30477"}],"wp:attachment":[{"href":"https:\/\/erboristeria-artemisia.ch\/de\/wp-json\/wp\/v2\/media?parent=30829"}],"wp:term":[{"taxonomy":"product_brand","embeddable":true,"href":"https:\/\/erboristeria-artemisia.ch\/de\/wp-json\/wp\/v2\/product_brand?post=30829"},{"taxonomy":"product_cat","embeddable":true,"href":"https:\/\/erboristeria-artemisia.ch\/de\/wp-json\/wp\/v2\/product_cat?post=30829"},{"taxonomy":"product_tag","embeddable":true,"href":"https:\/\/erboristeria-artemisia.ch\/de\/wp-json\/wp\/v2\/product_tag?post=30829"}],"curies":[{"name":"wp","href":"https:\/\/api.w.org\/{rel}","templated":true}]}}